{"id":979,"date":"2023-10-18T06:29:25","date_gmt":"2023-10-18T06:29:25","guid":{"rendered":"https:\/\/mediumturquoise-pheasant-889000.hostingersite.com\/?post_type=product&#038;p=979"},"modified":"2023-10-18T06:35:41","modified_gmt":"2023-10-18T06:35:41","slug":"factory-price-semi-auto-spout-sealing-machine-%e5%a4%8d%e5%88%b6","status":"publish","type":"product","link":"https:\/\/higheasy.cn\/fr\/produit\/factory-price-semi-auto-spout-sealing-machine-%e5%a4%8d%e5%88%b6\/","title":{"rendered":"Machine de scellage \u00e0 insertion de bec enti\u00e8rement automatique"},"content":{"rendered":"<p><img fetchpriority=\"high\" decoding=\"async\" class=\"alignnone size-full wp-image-981\" src=\"http:\/\/higheasy.cn\/wp-content\/uploads\/2023\/10\/HTB1on8mQPDpK1RjSZFrq6y78VXan.jpg\" alt=\"\" width=\"1440\" height=\"1080\" srcset=\"https:\/\/higheasy.cn\/wp-content\/uploads\/2023\/10\/HTB1on8mQPDpK1RjSZFrq6y78VXan.jpg 1440w, https:\/\/higheasy.cn\/wp-content\/uploads\/2023\/10\/HTB1on8mQPDpK1RjSZFrq6y78VXan-300x225.jpg 300w, https:\/\/higheasy.cn\/wp-content\/uploads\/2023\/10\/HTB1on8mQPDpK1RjSZFrq6y78VXan-1024x768.jpg 1024w, https:\/\/higheasy.cn\/wp-content\/uploads\/2023\/10\/HTB1on8mQPDpK1RjSZFrq6y78VXan-768x576.jpg 768w\" sizes=\"(max-width: 1440px) 100vw, 1440px\" \/> <img decoding=\"async\" class=\"alignnone size-full wp-image-982\" src=\"http:\/\/higheasy.cn\/wp-content\/uploads\/2023\/10\/HTB1pS0RQOLaK1RjSZFxq6ymPFXam.jpg\" alt=\"\" width=\"1440\" height=\"1080\" srcset=\"https:\/\/higheasy.cn\/wp-content\/uploads\/2023\/10\/HTB1pS0RQOLaK1RjSZFxq6ymPFXam.jpg 1440w, https:\/\/higheasy.cn\/wp-content\/uploads\/2023\/10\/HTB1pS0RQOLaK1RjSZFxq6ymPFXam-300x225.jpg 300w, https:\/\/higheasy.cn\/wp-content\/uploads\/2023\/10\/HTB1pS0RQOLaK1RjSZFxq6ymPFXam-1024x768.jpg 1024w, https:\/\/higheasy.cn\/wp-content\/uploads\/2023\/10\/HTB1pS0RQOLaK1RjSZFxq6ymPFXam-768x576.jpg 768w\" sizes=\"(max-width: 1440px) 100vw, 1440px\" \/> <img decoding=\"async\" class=\"alignnone size-full wp-image-983\" src=\"http:\/\/higheasy.cn\/wp-content\/uploads\/2023\/10\/HTB1qbhvQMHqK1RjSZFgq6y7JXXaz.jpg\" alt=\"\" width=\"1440\" height=\"1080\" srcset=\"https:\/\/higheasy.cn\/wp-content\/uploads\/2023\/10\/HTB1qbhvQMHqK1RjSZFgq6y7JXXaz.jpg 1440w, https:\/\/higheasy.cn\/wp-content\/uploads\/2023\/10\/HTB1qbhvQMHqK1RjSZFgq6y7JXXaz-300x225.jpg 300w, https:\/\/higheasy.cn\/wp-content\/uploads\/2023\/10\/HTB1qbhvQMHqK1RjSZFgq6y7JXXaz-1024x768.jpg 1024w, https:\/\/higheasy.cn\/wp-content\/uploads\/2023\/10\/HTB1qbhvQMHqK1RjSZFgq6y7JXXaz-768x576.jpg 768w\" sizes=\"(max-width: 1440px) 100vw, 1440px\" \/><\/p>\n<p>JE.\u00a0<strong>Introduction<\/strong><\/p>\n<p>La machine de scellage automatique de bec verseur de pochette flexible est un type de dispositif automatique pour installer et sceller le bec en plastique avec une pochette. La pochette avec bec verseur est fabriqu\u00e9e par cette machine avec l&#039;avantage d&#039;une efficacit\u00e9 de production \u00e9lev\u00e9e, d&#039;une belle apparence, d&#039;une r\u00e9sistance d&#039;\u00e9tanch\u00e9it\u00e9 \u00e9lev\u00e9e, \u00e9vitant que l&#039;homme ne touche le bec et la pochette, s\u00fbre et hygi\u00e9nique.<\/p>\n<p>La machine de scellage automatique de bec verseur de pochette flexible FZJ-12-70 a une fonction de localisation automatique du bec et de transmission multi-stations, de chargement de pochette avec bec et de scellage. Convient pour bec long et bec court, bec d&#039;\u00e9tanch\u00e9it\u00e9 de type vertical.<\/p>\n<p><strong>II. Composant<\/strong><\/p>\n<p>1. Syst\u00e8me de chargement automatique du bec verseur \u00e0 plaque vibrante\u00a0: ce syst\u00e8me est compos\u00e9 d&#039;un stockage de contr\u00f4le photo\u00e9lectrique et d&#039;une plaque vibrante, peut transmettre automatiquement le bec en plastique au dispositif de chargement du bec. La plaque vibrante peut stocker 500 pi\u00e8ces de bec.<\/p>\n<p>2. Syst\u00e8me de chargement du bec : adopte un cylindre \u00e0 trois axes au lieu de l&#039;ancien cylindre \u00e0 un axe, pousse le bec dans la rainure du convoyeur, localisation automatique, aucun changement d&#039;angle, assure la pr\u00e9cision du produit.<\/p>\n<p>3. Syst\u00e8me de transfert\u00a0: Bec de transfert ou pochette selon la longueur fixe de la station, afin de charger le bec, le soudage par points, le scellage \u00e0 chaud, le fa\u00e7onnage \u00e0 froid et les fonctions de d\u00e9tection. Le syst\u00e8me de transfert est pilot\u00e9 par un servomoteur Mitsubishi.<\/p>\n<p>4. Le syst\u00e8me de chargement de pochettes est compos\u00e9 d&#039;un entrep\u00f4t de pochettes, d&#039;un dispositif de ramassage de pochettes et d&#039;un dispositif de chargement de pochettes. Utilis\u00e9 pour le ramassage depuis l&#039;entrep\u00f4t de sachets, le serrage du sachet, l&#039;ouverture du sachet, le chargement par bec verseur et le scellage ponctuel, puis le transfert \u00e0 l&#039;\u00e9tape suivante.<\/p>\n<p>5. Syst\u00e8me multi-scellage : compos\u00e9 de plusieurs groupes de cylindres de thermoscellage pour chaque processus, tels qu&#039;un pr\u00e9chauffage unique, un thermoscellage quatre fois et une mise en forme \u00e0 froid unique.<\/p>\n<p>6. Syst\u00e8me de d\u00e9tection optique\u00a0: d\u00e9tection automatique de la qualit\u00e9 d&#039;\u00e9tanch\u00e9it\u00e9 du bec, suppression du produit d\u00e9fectueux, pourcentage de d\u00e9fauts inf\u00e9rieur \u00e0 5\u00a0\u2030.<\/p>\n<p>7. Produit fini charg\u00e9 sur un syst\u00e8me de b\u00e2ton \u00e0 rainure et de rechargement automatique\u00a0: les produits finis seront charg\u00e9s dans un b\u00e2ton \u00e0 rainure apr\u00e8s avoir compt\u00e9 pour l&#039;utilisation de la machine de remplissage, d\u00e9chargement automatique du b\u00e2ton \u00e0 rainure apr\u00e8s une pleine charge.<\/p>\n<p>&nbsp;<\/p>\n<p><strong>III. Principales sp\u00e9cifications techniques<\/strong><\/p>\n<p>&nbsp;<\/p>\n<table border=\"1\" cellspacing=\"0\">\n<tbody>\n<tr>\n<td valign=\"center\" width=\"177\">Mod\u00e8le<\/td>\n<td valign=\"center\" width=\"299\">FZJ-12-70<\/td>\n<\/tr>\n<tr>\n<td valign=\"center\" width=\"177\">Dimension de la pochette<\/td>\n<td valign=\"center\" width=\"299\">L\u00d7L(70-230)\u00d7(60-120)mm<\/td>\n<\/tr>\n<tr>\n<td valign=\"center\" width=\"177\">Taille int\u00e9rieure du bec<\/td>\n<td valign=\"center\" width=\"299\">8,2 mm ou 8,6 mm ou 10 mm, 13 mm sur mesure<\/td>\n<\/tr>\n<tr>\n<td valign=\"center\" width=\"177\">Capacit\u00e9<\/td>\n<td valign=\"center\" width=\"299\">40-80 pi\u00e8ces\/min (70 pi\u00e8ces\/min peuvent \u00eatre tr\u00e8s stables)<\/td>\n<\/tr>\n<tr>\n<td valign=\"center\" width=\"177\">Source de courant<\/td>\n<td valign=\"center\" width=\"299\">AC380V, 50HZ, 3P, 8,0KW<\/td>\n<\/tr>\n<tr>\n<td valign=\"center\" width=\"177\">Arriv\u00e9e d&#039;air<\/td>\n<td valign=\"center\" width=\"299\">0,5-0,7MPa 180NL\/min<\/td>\n<\/tr>\n<tr>\n<td valign=\"center\" width=\"177\">Eau froide<\/td>\n<td valign=\"center\" width=\"299\">6L\/min<\/td>\n<\/tr>\n<tr>\n<td valign=\"center\" width=\"177\">Dimension de la machine<\/td>\n<td valign=\"center\" width=\"299\">(L \u00d7 L \u00d7 H)<\/p>\n<p>Machine principale : 2480\u00d72280\u00d71800mm<\/p>\n<p>Dispositif de d\u00e9chargement automatique de pochettes\u00a0: 1300*820*1700mm<\/td>\n<\/tr>\n<tr>\n<td valign=\"center\" width=\"177\">Poids<\/td>\n<td valign=\"center\" width=\"299\">2300KG<\/td>\n<\/tr>\n<\/tbody>\n<\/table>\n<p><img loading=\"lazy\" decoding=\"async\" class=\"alignnone wp-image-646\" src=\"http:\/\/higheasy.cn\/wp-content\/uploads\/2023\/07\/HTB1Lnd7QMHqK1RjSZFgq6y7JXXaU.jpg\" alt=\"higheasy\" width=\"1238\" height=\"1836\" srcset=\"https:\/\/higheasy.cn\/wp-content\/uploads\/2023\/07\/HTB1Lnd7QMHqK1RjSZFgq6y7JXXaU.jpg 750w, https:\/\/higheasy.cn\/wp-content\/uploads\/2023\/07\/HTB1Lnd7QMHqK1RjSZFgq6y7JXXaU-300x445.jpg 300w, https:\/\/higheasy.cn\/wp-content\/uploads\/2023\/07\/HTB1Lnd7QMHqK1RjSZFgq6y7JXXaU-202x300.jpg 202w, https:\/\/higheasy.cn\/wp-content\/uploads\/2023\/07\/HTB1Lnd7QMHqK1RjSZFgq6y7JXXaU-691x1024.jpg 691w\" sizes=\"(max-width: 1238px) 100vw, 1238px\" \/><\/p>\n<p>La soci\u00e9t\u00e9 dispose d&#039;un groupe d&#039;\u00e9quipes professionnelles de recherche et d\u00e9veloppement technologique, d&#039;\u00e9quipements de traitement avanc\u00e9s et d&#039;un certain nombre de brevets d&#039;invention. La soci\u00e9t\u00e9 produit une grande vari\u00e9t\u00e9 de machines d&#039;emballage, les principaux produits sont\u00a0: la machine de remplissage de forme verticale (VFFS), la machine d&#039;emballage en b\u00e2tonnets, la machine d&#039;emballage de poudre, la machine d&#039;emballage de liquides et les s\u00e9ries de peseuses associatives, qui sont largement utilis\u00e9es dans les aliments, les produits chimiques et les boissons. , produits agricoles, jouets et emballages dans les produits industriels et autres industries, les produits sont export\u00e9s dans le monde entier et ont obtenu des agents de marketing professionnels dans de nombreux pays et r\u00e9gions. Les produits et services ont \u00e9t\u00e9 unanimement reconnus et lou\u00e9s par les clients.<\/p>\n<p><img loading=\"lazy\" decoding=\"async\" class=\"alignnone size-full wp-image-662\" src=\"http:\/\/higheasy.cn\/wp-content\/uploads\/2023\/07\/5.jpg\" alt=\"small yogurt production line\" width=\"1200\" height=\"604\" srcset=\"https:\/\/higheasy.cn\/wp-content\/uploads\/2023\/07\/5.jpg 1200w, https:\/\/higheasy.cn\/wp-content\/uploads\/2023\/07\/5-300x151.jpg 300w, https:\/\/higheasy.cn\/wp-content\/uploads\/2023\/07\/5-1024x515.jpg 1024w, https:\/\/higheasy.cn\/wp-content\/uploads\/2023\/07\/5-768x387.jpg 768w\" sizes=\"(max-width: 1200px) 100vw, 1200px\" \/><\/p>","protected":false},"excerpt":{"rendered":"<p>I.\u00a0Introduction Flexible pouch auto spout sealing machine is one kind of automatic device to\u00a0install and seal plastic spout with pouch. Pouch with spout\u00a0is\u00a0manufactured\u00a0by this machine with advantage of high production efficiency, good looking, high sealing strength, avoiding\u00a0human\u00a0to\u00a0touch spout and pouch, safe and sanitary. FZJ-12-70 flexible pouch auto spout sealing machine\u00a0has function of\u00a0auto spout location and [&hellip;]<\/p>","protected":false},"featured_media":980,"template":"","meta":{"site-sidebar-layout":"default","site-content-layout":"default","ast-site-content-layout":"default","site-content-style":"default","site-sidebar-style":"default","ast-global-header-display":"","ast-banner-title-visibility":"","ast-main-header-display":"","ast-hfb-above-header-display":"","ast-hfb-below-header-display":"","ast-hfb-mobile-header-display":"","site-post-title":"","ast-breadcrumbs-content":"","ast-featured-img":"","footer-sml-layout":"","theme-transparent-header-meta":"default","adv-header-id-meta":"","stick-header-meta":"","header-above-stick-meta":"","header-main-stick-meta":"","header-below-stick-meta":"","astra-migrate-meta-layouts":"set","ast-page-background-enabled":"default","ast-page-background-meta":{"desktop":{"background-color":"","background-image":"","background-repeat":"repeat","background-position":"center center","background-size":"auto","background-attachment":"scroll","background-type":"","background-media":"","overlay-type":"","overlay-color":"","overlay-opacity":"","overlay-gradient":""},"tablet":{"background-color":"","background-image":"","background-repeat":"repeat","background-position":"center center","background-size":"auto","background-attachment":"scroll","background-type":"","background-media":"","overlay-type":"","overlay-color":"","overlay-opacity":"","overlay-gradient":""},"mobile":{"background-color":"","background-image":"","background-repeat":"repeat","background-position":"center center","background-size":"auto","background-attachment":"scroll","background-type":"","background-media":"","overlay-type":"","overlay-color":"","overlay-opacity":"","overlay-gradient":""}},"ast-content-background-meta":{"desktop":{"background-color":"var(--ast-global-color-5)","background-image":"","background-repeat":"repeat","background-position":"center center","background-size":"auto","background-attachment":"scroll","background-type":"","background-media":"","overlay-type":"","overlay-color":"","overlay-opacity":"","overlay-gradient":""},"tablet":{"background-color":"var(--ast-global-color-5)","background-image":"","background-repeat":"repeat","background-position":"center center","background-size":"auto","background-attachment":"scroll","background-type":"","background-media":"","overlay-type":"","overlay-color":"","overlay-opacity":"","overlay-gradient":""},"mobile":{"background-color":"var(--ast-global-color-5)","background-image":"","background-repeat":"repeat","background-position":"center center","background-size":"auto","background-attachment":"scroll","background-type":"","background-media":"","overlay-type":"","overlay-color":"","overlay-opacity":"","overlay-gradient":""}}},"product_brand":[],"product_cat":[30],"product_tag":[],"class_list":{"0":"post-979","1":"product","2":"type-product","3":"status-publish","4":"has-post-thumbnail","6":"product_cat-spout-inserting-sealing-machine","7":"desktop-align-left","8":"tablet-align-left","9":"mobile-align-left","11":"first","12":"instock","13":"shipping-taxable","14":"product-type-simple"},"_links":{"self":[{"href":"https:\/\/higheasy.cn\/fr\/wp-json\/wp\/v2\/product\/979","targetHints":{"allow":["GET"]}}],"collection":[{"href":"https:\/\/higheasy.cn\/fr\/wp-json\/wp\/v2\/product"}],"about":[{"href":"https:\/\/higheasy.cn\/fr\/wp-json\/wp\/v2\/types\/product"}],"wp:featuredmedia":[{"embeddable":true,"href":"https:\/\/higheasy.cn\/fr\/wp-json\/wp\/v2\/media\/980"}],"wp:attachment":[{"href":"https:\/\/higheasy.cn\/fr\/wp-json\/wp\/v2\/media?parent=979"}],"wp:term":[{"taxonomy":"product_brand","embeddable":true,"href":"https:\/\/higheasy.cn\/fr\/wp-json\/wp\/v2\/product_brand?post=979"},{"taxonomy":"product_cat","embeddable":true,"href":"https:\/\/higheasy.cn\/fr\/wp-json\/wp\/v2\/product_cat?post=979"},{"taxonomy":"product_tag","embeddable":true,"href":"https:\/\/higheasy.cn\/fr\/wp-json\/wp\/v2\/product_tag?post=979"}],"curies":[{"name":"wp","href":"https:\/\/api.w.org\/{rel}","templated":true}]}}