{"id":977,"date":"2023-10-18T06:26:18","date_gmt":"2023-10-18T06:26:18","guid":{"rendered":"https:\/\/mediumturquoise-pheasant-889000.hostingersite.com\/?post_type=product&#038;p=977"},"modified":"2023-10-18T06:29:13","modified_gmt":"2023-10-18T06:29:13","slug":"factory-price-semi-auto-spout-sealing-machine","status":"publish","type":"product","link":"https:\/\/higheasy.cn\/fr\/produit\/factory-price-semi-auto-spout-sealing-machine\/","title":{"rendered":"Machine de scellage de bec semi-automatique, prix d&#039;usine"},"content":{"rendered":"<h3 style=\"text-align: center;\" data-spm-anchor-id=\"a2700.details.0.i23.4b866500ZCQOBA\"><span data-spm-anchor-id=\"a2700.details.0.i20.4b866500ZCQOBA\">Machine de scellage de bec semi-automatique, prix d&#039;usine<\/span><\/h3>\n<p><img fetchpriority=\"high\" decoding=\"async\" class=\"aligncenter\" src=\"https:\/\/sc04.alicdn.com\/kf\/Hd621b478a951419d8fb7bd49ca5410a1l\/222958773\/Hd621b478a951419d8fb7bd49ca5410a1l.jpg\" alt=\"Factory Price Semi-auto Spout Sealing Machine\" width=\"750\" height=\"750\" data-src=\"\/\/sc04.alicdn.com\/kf\/Hd621b478a951419d8fb7bd49ca5410a1l\/222958773\/Hd621b478a951419d8fb7bd49ca5410a1l.jpg\" data-alt=\"Factory Price Semi-auto Spout Sealing Machine\" data-spm-anchor-id=\"a2700.details.0.i21.4b866500ZCQOBA\" \/><img decoding=\"async\" class=\"aligncenter\" src=\"https:\/\/sc04.alicdn.com\/kf\/Hd04f53cd16e14136a0a7e077dbf59a001\/222958773\/Hd04f53cd16e14136a0a7e077dbf59a001.jpg\" alt=\"Factory Price Semi-auto Spout Sealing Machine\" width=\"750\" height=\"750\" data-src=\"\/\/sc04.alicdn.com\/kf\/Hd04f53cd16e14136a0a7e077dbf59a001\/222958773\/Hd04f53cd16e14136a0a7e077dbf59a001.jpg\" data-alt=\"Factory Price Semi-auto Spout Sealing Machine\" \/><img decoding=\"async\" class=\"aligncenter\" src=\"https:\/\/sc04.alicdn.com\/kf\/H7cc5069fde98475db9fa2475f634cef8y\/222958773\/H7cc5069fde98475db9fa2475f634cef8y.jpg\" alt=\"Factory Price Semi-auto Spout Sealing Machine\" width=\"750\" height=\"750\" data-src=\"\/\/sc04.alicdn.com\/kf\/H7cc5069fde98475db9fa2475f634cef8y\/222958773\/H7cc5069fde98475db9fa2475f634cef8y.jpg\" data-alt=\"Factory Price Semi-auto Spout Sealing Machine\" \/><img loading=\"lazy\" decoding=\"async\" class=\"aligncenter\" src=\"https:\/\/sc04.alicdn.com\/kf\/H1191e9be66c7480d8d87d8ffe973bd99Y\/222958773\/H1191e9be66c7480d8d87d8ffe973bd99Y.jpg\" alt=\"Factory Price Semi-auto Spout Sealing Machine\" width=\"750\" height=\"750\" data-src=\"\/\/sc04.alicdn.com\/kf\/H1191e9be66c7480d8d87d8ffe973bd99Y\/222958773\/H1191e9be66c7480d8d87d8ffe973bd99Y.jpg\" data-alt=\"Factory Price Semi-auto Spout Sealing Machine\" \/><\/p>\n<p><img loading=\"lazy\" decoding=\"async\" class=\"aligncenter\" src=\"https:\/\/sc04.alicdn.com\/kf\/H36e496f220194e188b13918e8d7cfa54G\/222958773\/H36e496f220194e188b13918e8d7cfa54G.jpg\" alt=\"Factory Price Semi-auto Spout Sealing Machine\" width=\"750\" height=\"750\" data-src=\"\/\/sc04.alicdn.com\/kf\/H36e496f220194e188b13918e8d7cfa54G\/222958773\/H36e496f220194e188b13918e8d7cfa54G.jpg\" data-alt=\"Factory Price Semi-auto Spout Sealing Machine\" \/><\/p>\n<p>&nbsp;<\/p>\n<p><img loading=\"lazy\" decoding=\"async\" class=\"aligncenter\" src=\"https:\/\/sc04.alicdn.com\/kf\/Hc564c345243248c5b92d099ea6c8d0a2r\/222958773\/Hc564c345243248c5b92d099ea6c8d0a2r.jpg\" alt=\"Factory Price Semi-auto Spout Sealing Machine\" width=\"750\" height=\"750\" data-src=\"\/\/sc04.alicdn.com\/kf\/Hc564c345243248c5b92d099ea6c8d0a2r\/222958773\/Hc564c345243248c5b92d099ea6c8d0a2r.jpg\" data-alt=\"Factory Price Semi-auto Spout Sealing Machine\" \/><\/p>\n<p>&nbsp;<\/p>\n<p><img loading=\"lazy\" decoding=\"async\" class=\"aligncenter\" src=\"https:\/\/sc04.alicdn.com\/kf\/Ha207220654ec4e208647db2d06f62b8fz\/222958773\/Ha207220654ec4e208647db2d06f62b8fz.jpg\" alt=\"Factory Price Semi-auto Spout Sealing Machine\" width=\"750\" height=\"750\" data-src=\"\/\/sc04.alicdn.com\/kf\/Ha207220654ec4e208647db2d06f62b8fz\/222958773\/Ha207220654ec4e208647db2d06f62b8fz.jpg\" data-alt=\"Factory Price Semi-auto Spout Sealing Machine\" \/><\/p>\n<table border=\"1\">\n<tbody>\n<tr>\n<td><\/td>\n<\/tr>\n<\/tbody>\n<\/table>\n<div id=\"ali-anchor-AliPostDhMb-07eek\" class=\"mceSectionContainer\" data-section=\"AliPostDhMb-07eek\" data-section-title=\"Product Description\">\n<h3 id=\"ali-title-AliPostDhMb-07eek\">Description du produit:<\/h3>\n<div>\n<p>Machine de scellage de bec semi-automatique sp\u00e9cialis\u00e9e dans le scellage de sachets de bec de yaourt, de boissons, d&#039;eau, de sauce, etc. industrie.<\/p>\n<p><span data-spm-anchor-id=\"a2700.details.0.i24.4b866500ZCQOBA\">La machine se compose d&#039;un syst\u00e8me d&#039;exploitation de t\u00eate de fili\u00e8re, de chauffage, de cylindre et de PLC. Technologie avanc\u00e9e, fonction applicable, structure raisonnable, performances fiables, utilisation et maintenance faciles, fonctionnement stable.<\/span><\/p>\n<\/div>\n<\/div>\n<p><img loading=\"lazy\" decoding=\"async\" class=\"alignnone wp-image-646\" src=\"http:\/\/higheasy.cn\/wp-content\/uploads\/2023\/07\/HTB1Lnd7QMHqK1RjSZFgq6y7JXXaU.jpg\" alt=\"higheasy\" width=\"1238\" height=\"1836\" srcset=\"https:\/\/higheasy.cn\/wp-content\/uploads\/2023\/07\/HTB1Lnd7QMHqK1RjSZFgq6y7JXXaU.jpg 750w, https:\/\/higheasy.cn\/wp-content\/uploads\/2023\/07\/HTB1Lnd7QMHqK1RjSZFgq6y7JXXaU-300x445.jpg 300w, https:\/\/higheasy.cn\/wp-content\/uploads\/2023\/07\/HTB1Lnd7QMHqK1RjSZFgq6y7JXXaU-202x300.jpg 202w, https:\/\/higheasy.cn\/wp-content\/uploads\/2023\/07\/HTB1Lnd7QMHqK1RjSZFgq6y7JXXaU-691x1024.jpg 691w\" sizes=\"(max-width: 1238px) 100vw, 1238px\" \/><\/p>\n<p>La soci\u00e9t\u00e9 dispose d&#039;un groupe d&#039;\u00e9quipes professionnelles de recherche et d\u00e9veloppement technologique, d&#039;\u00e9quipements de traitement avanc\u00e9s et d&#039;un certain nombre de brevets d&#039;invention. La soci\u00e9t\u00e9 produit une grande vari\u00e9t\u00e9 de machines d&#039;emballage, les principaux produits sont\u00a0: la machine de remplissage de forme verticale (VFFS), la machine d&#039;emballage en b\u00e2tonnets, la machine d&#039;emballage de poudre, la machine d&#039;emballage de liquides et les s\u00e9ries de peseuses associatives, qui sont largement utilis\u00e9es dans les aliments, les produits chimiques et les boissons. , produits agricoles, jouets et emballages dans les produits industriels et autres industries, les produits sont export\u00e9s dans le monde entier et ont obtenu des agents de marketing professionnels dans de nombreux pays et r\u00e9gions. Les produits et services ont \u00e9t\u00e9 unanimement reconnus et lou\u00e9s par les clients.<\/p>\n<p><img loading=\"lazy\" decoding=\"async\" class=\"alignnone size-full wp-image-662\" src=\"http:\/\/higheasy.cn\/wp-content\/uploads\/2023\/07\/5.jpg\" alt=\"small yogurt production line\" width=\"1200\" height=\"604\" srcset=\"https:\/\/higheasy.cn\/wp-content\/uploads\/2023\/07\/5.jpg 1200w, https:\/\/higheasy.cn\/wp-content\/uploads\/2023\/07\/5-300x151.jpg 300w, https:\/\/higheasy.cn\/wp-content\/uploads\/2023\/07\/5-1024x515.jpg 1024w, https:\/\/higheasy.cn\/wp-content\/uploads\/2023\/07\/5-768x387.jpg 768w\" sizes=\"(max-width: 1200px) 100vw, 1200px\" \/><\/p>","protected":false},"excerpt":{"rendered":"<p>Factory Price Semi-auto Spout Sealing Machine &nbsp; &nbsp; Product Description: Semi-auto spout sealing machine specialized in sealing spout pouch of yoghourt, beverage, water, sauce ect. industry. The machine consist of die-head, heater, cylinder and PLC operation system. Advanced in technology, applicable function, reasonable structure, reliable performance, easy operation and maintenance, runing stable. The company has [&hellip;]<\/p>","protected":false},"featured_media":978,"template":"","meta":{"site-sidebar-layout":"default","site-content-layout":"default","ast-site-content-layout":"default","site-content-style":"default","site-sidebar-style":"default","ast-global-header-display":"","ast-banner-title-visibility":"","ast-main-header-display":"","ast-hfb-above-header-display":"","ast-hfb-below-header-display":"","ast-hfb-mobile-header-display":"","site-post-title":"","ast-breadcrumbs-content":"","ast-featured-img":"","footer-sml-layout":"","theme-transparent-header-meta":"default","adv-header-id-meta":"","stick-header-meta":"","header-above-stick-meta":"","header-main-stick-meta":"","header-below-stick-meta":"","astra-migrate-meta-layouts":"set","ast-page-background-enabled":"default","ast-page-background-meta":{"desktop":{"background-color":"","background-image":"","background-repeat":"repeat","background-position":"center center","background-size":"auto","background-attachment":"scroll","background-type":"","background-media":"","overlay-type":"","overlay-color":"","overlay-opacity":"","overlay-gradient":""},"tablet":{"background-color":"","background-image":"","background-repeat":"repeat","background-position":"center center","background-size":"auto","background-attachment":"scroll","background-type":"","background-media":"","overlay-type":"","overlay-color":"","overlay-opacity":"","overlay-gradient":""},"mobile":{"background-color":"","background-image":"","background-repeat":"repeat","background-position":"center center","background-size":"auto","background-attachment":"scroll","background-type":"","background-media":"","overlay-type":"","overlay-color":"","overlay-opacity":"","overlay-gradient":""}},"ast-content-background-meta":{"desktop":{"background-color":"var(--ast-global-color-5)","background-image":"","background-repeat":"repeat","background-position":"center center","background-size":"auto","background-attachment":"scroll","background-type":"","background-media":"","overlay-type":"","overlay-color":"","overlay-opacity":"","overlay-gradient":""},"tablet":{"background-color":"var(--ast-global-color-5)","background-image":"","background-repeat":"repeat","background-position":"center center","background-size":"auto","background-attachment":"scroll","background-type":"","background-media":"","overlay-type":"","overlay-color":"","overlay-opacity":"","overlay-gradient":""},"mobile":{"background-color":"var(--ast-global-color-5)","background-image":"","background-repeat":"repeat","background-position":"center center","background-size":"auto","background-attachment":"scroll","background-type":"","background-media":"","overlay-type":"","overlay-color":"","overlay-opacity":"","overlay-gradient":""}}},"product_brand":[],"product_cat":[30],"product_tag":[],"class_list":{"0":"post-977","1":"product","2":"type-product","3":"status-publish","4":"has-post-thumbnail","6":"product_cat-spout-inserting-sealing-machine","7":"desktop-align-left","8":"tablet-align-left","9":"mobile-align-left","11":"first","12":"instock","13":"shipping-taxable","14":"product-type-simple"},"_links":{"self":[{"href":"https:\/\/higheasy.cn\/fr\/wp-json\/wp\/v2\/product\/977","targetHints":{"allow":["GET"]}}],"collection":[{"href":"https:\/\/higheasy.cn\/fr\/wp-json\/wp\/v2\/product"}],"about":[{"href":"https:\/\/higheasy.cn\/fr\/wp-json\/wp\/v2\/types\/product"}],"wp:featuredmedia":[{"embeddable":true,"href":"https:\/\/higheasy.cn\/fr\/wp-json\/wp\/v2\/media\/978"}],"wp:attachment":[{"href":"https:\/\/higheasy.cn\/fr\/wp-json\/wp\/v2\/media?parent=977"}],"wp:term":[{"taxonomy":"product_brand","embeddable":true,"href":"https:\/\/higheasy.cn\/fr\/wp-json\/wp\/v2\/product_brand?post=977"},{"taxonomy":"product_cat","embeddable":true,"href":"https:\/\/higheasy.cn\/fr\/wp-json\/wp\/v2\/product_cat?post=977"},{"taxonomy":"product_tag","embeddable":true,"href":"https:\/\/higheasy.cn\/fr\/wp-json\/wp\/v2\/product_tag?post=977"}],"curies":[{"name":"wp","href":"https:\/\/api.w.org\/{rel}","templated":true}]}}