{"id":966,"date":"2023-10-18T06:03:18","date_gmt":"2023-10-18T06:03:18","guid":{"rendered":"https:\/\/mediumturquoise-pheasant-889000.hostingersite.com\/?post_type=product&#038;p=966"},"modified":"2023-10-18T06:07:36","modified_gmt":"2023-10-18T06:07:36","slug":"3-in-1-white-coffee-powder-sachet-packing-machine-coffee-powder-production-line","status":"publish","type":"product","link":"https:\/\/higheasy.cn\/fr\/produit\/3-in-1-white-coffee-powder-sachet-packing-machine-coffee-powder-production-line\/","title":{"rendered":"Machine d&#039;emballage de sachets de caf\u00e9 en poudre blanche 3 en 1, ligne de production de caf\u00e9 en poudre"},"content":{"rendered":"<h3 style=\"text-align: center;\">Machine d&#039;emballage de sachets de caf\u00e9 en poudre blanche 3 en 1, ligne de production de caf\u00e9 en poudre<\/h3>\n<p><img fetchpriority=\"high\" decoding=\"async\" class=\"aligncenter\" src=\"https:\/\/sc01.alicdn.com\/kf\/Hda9938748da54d2893aa6ce378af095fo\/222958773\/Hda9938748da54d2893aa6ce378af095fo.jpg\" alt=\"3 in 1  white coffee powder sachet packing machine coffee powder  production line\" width=\"393\" height=\"800\" data-src=\"\/\/sc01.alicdn.com\/kf\/Hda9938748da54d2893aa6ce378af095fo\/222958773\/Hda9938748da54d2893aa6ce378af095fo.jpg\" data-alt=\"3 in 1  white coffee powder sachet packing machine coffee powder  production line\" \/><\/p>\n<p>&nbsp;<\/p>\n<p style=\"text-align: center;\"><img decoding=\"async\" class=\"aligncenter\" src=\"https:\/\/sc02.alicdn.com\/kf\/Hd6a131c09dcf4ee880d3023f07ad5918E\/222958773\/Hd6a131c09dcf4ee880d3023f07ad5918E.jpg\" alt=\"3 in 1  white coffee powder sachet packing machine coffee powder  production line\" width=\"750\" height=\"562.5\" data-src=\"\/\/sc02.alicdn.com\/kf\/Hd6a131c09dcf4ee880d3023f07ad5918E\/222958773\/Hd6a131c09dcf4ee880d3023f07ad5918E.jpg\" data-alt=\"3 in 1  white coffee powder sachet packing machine coffee powder  production line\" \/>\u00a0<a>machine de ligne de production de lait en poudre de soja<\/a><\/p>\n<p><img decoding=\"async\" class=\"aligncenter\" src=\"https:\/\/sc02.alicdn.com\/kf\/H165d92bcc3eb4cc29d464f6990a42d34j\/222958773\/H165d92bcc3eb4cc29d464f6990a42d34j.jpg\" alt=\"3 in 1  white coffee powder sachet packing machine coffee powder  production line\" width=\"750\" height=\"413.4375\" data-src=\"\/\/sc02.alicdn.com\/kf\/H165d92bcc3eb4cc29d464f6990a42d34j\/222958773\/H165d92bcc3eb4cc29d464f6990a42d34j.jpg\" data-alt=\"3 in 1  white coffee powder sachet packing machine coffee powder  production line\" \/><\/p>\n<p style=\"text-align: center;\">\u00a0<a>mini machines de ligne de production<\/a><\/p>\n<p><img decoding=\"async\" class=\"aligncenter\" src=\"https:\/\/sc02.alicdn.com\/kf\/Hc8ea4c8cde3745a7b889460af9b8cfcan\/222958773\/Hc8ea4c8cde3745a7b889460af9b8cfcan.jpg\" alt=\"3 in 1  white coffee powder sachet packing machine coffee powder  production line\" width=\"750\" height=\"425.625\" data-src=\"\/\/sc02.alicdn.com\/kf\/Hc8ea4c8cde3745a7b889460af9b8cfcan\/222958773\/Hc8ea4c8cde3745a7b889460af9b8cfcan.jpg\" data-alt=\"3 in 1  white coffee powder sachet packing machine coffee powder  production line\" \/><\/p>\n<p style=\"text-align: center;\">\u00a0<a>ligne de production de frites de pommes de terre<\/a><\/p>\n<p style=\"text-align: center;\"><img decoding=\"async\" class=\"aligncenter\" src=\"https:\/\/sc01.alicdn.com\/kf\/Hb4b182732f484dc6bafaba8d0945bc8dw\/222958773\/Hb4b182732f484dc6bafaba8d0945bc8dw.png\" alt=\"3 in 1  white coffee powder sachet packing machine coffee powder  production line\" width=\"700\" height=\"700\" data-src=\"\/\/sc01.alicdn.com\/kf\/Hb4b182732f484dc6bafaba8d0945bc8dw\/222958773\/Hb4b182732f484dc6bafaba8d0945bc8dw.png\" data-alt=\"3 in 1  white coffee powder sachet packing machine coffee powder  production line\" \/><a>ligne de production de riz<\/a><\/p>\n<p style=\"text-align: center;\"><img decoding=\"async\" src=\"https:\/\/sc01.alicdn.com\/kf\/H600c2dee540d40c9b11bcb7be32844ael\/222958773\/H600c2dee540d40c9b11bcb7be32844ael.png\" alt=\"3 in 1  white coffee powder sachet packing machine coffee powder  production line\" width=\"647\" height=\"359\" data-src=\"\/\/sc01.alicdn.com\/kf\/H600c2dee540d40c9b11bcb7be32844ael\/222958773\/H600c2dee540d40c9b11bcb7be32844ael.png\" data-alt=\"3 in 1  white coffee powder sachet packing machine coffee powder  production line\" \/><\/p>\n<p style=\"text-align: center;\">\u00a0<a>ligne de production de corn flakes<\/a><\/p>\n<p style=\"text-align: center;\"><img loading=\"lazy\" decoding=\"async\" src=\"https:\/\/sc01.alicdn.com\/kf\/H35b9733c8f2d4397aa8e77bf26bec416u\/222958773\/H35b9733c8f2d4397aa8e77bf26bec416u.png\" alt=\"3 in 1  white coffee powder sachet packing machine coffee powder  production line\" width=\"641\" height=\"361\" data-src=\"\/\/sc01.alicdn.com\/kf\/H35b9733c8f2d4397aa8e77bf26bec416u\/222958773\/H35b9733c8f2d4397aa8e77bf26bec416u.png\" data-alt=\"3 in 1  white coffee powder sachet packing machine coffee powder  production line\" \/><\/p>\n<p style=\"text-align: center;\">\u00a0<a>correspond \u00e0 la ligne de production<\/a><\/p>\n<p style=\"text-align: center;\"><img loading=\"lazy\" decoding=\"async\" src=\"https:\/\/sc01.alicdn.com\/kf\/H00a1ed6c01dd4590b4f6f50da09273e8Q\/222958773\/H00a1ed6c01dd4590b4f6f50da09273e8Q.png\" alt=\"3 in 1  white coffee powder sachet packing machine coffee powder  production line\" width=\"723\" height=\"503\" data-src=\"\/\/sc01.alicdn.com\/kf\/H00a1ed6c01dd4590b4f6f50da09273e8Q\/222958773\/H00a1ed6c01dd4590b4f6f50da09273e8Q.png\" data-alt=\"3 in 1  white coffee powder sachet packing machine coffee powder  production line\" \/><\/p>\n<p style=\"text-align: center;\">\u00a0machine d&#039;emballage de caf\u00e9 en poudre<\/p>\n<p style=\"text-align: center;\"><img loading=\"lazy\" decoding=\"async\" src=\"https:\/\/sc01.alicdn.com\/kf\/H757eb78473a04ddcbfd7d9c7c03a92ceB\/222958773\/H757eb78473a04ddcbfd7d9c7c03a92ceB.png\" alt=\"3 in 1  white coffee powder sachet packing machine coffee powder  production line\" width=\"729\" height=\"505\" data-src=\"\/\/sc01.alicdn.com\/kf\/H757eb78473a04ddcbfd7d9c7c03a92ceB\/222958773\/H757eb78473a04ddcbfd7d9c7c03a92ceB.png\" data-alt=\"3 in 1  white coffee powder sachet packing machine coffee powder  production line\" \/><\/p>\n<p style=\"text-align: center;\">\u00a0<a>ligne de production de frites\u00a0;<\/a><a>ligne de production de sauces\u00a0;<\/a><a>ligne de production de p\u00e2tes courtes;<\/a><a>ligne de production de bonbons au caramel<\/a><\/p>\n<p><img loading=\"lazy\" decoding=\"async\" class=\"\" src=\"https:\/\/sc01.alicdn.com\/kf\/HTB1uMedP4TpK1RjSZFKq6y2wXXaY\/222958773\/HTB1uMedP4TpK1RjSZFKq6y2wXXaY.jpg\" alt=\"3 in 1  white coffee powder sachet packing machine coffee powder  production line\" width=\"1036\" height=\"87\" data-src=\"https:\/\/sc01.alicdn.com\/kf\/HTB1uMedP4TpK1RjSZFKq6y2wXXaY\/222958773\/HTB1uMedP4TpK1RjSZFKq6y2wXXaY.jpg\" data-alt=\"3 in 1  white coffee powder sachet packing machine coffee powder  production line\" \/><\/p>\n<p><strong>Op\u00e9ration de ligne de production de machine \u00e0 emballer de caf\u00e9 blanc 3 en 1\u00a0:<\/strong><\/p>\n<p>M\u00e9lange et agitation automatiques \u2192 Levage automatique vers le baril de stockage tampon \u2192 S\u00e9par\u00e9 de chaque machine verticale via un distributeur d&#039;alimentation \u00e0 vis \u2192 Machine d&#039;emballage verticale (d\u00e9coupe continue des emballages)<\/p>\n<p><strong>Caract\u00e9ristiques:<\/strong><\/p>\n<p>1. Le ch\u00e2ssis de la machine est recouvert d&#039;acier inoxydable 304# et les mat\u00e9riaux \u00e0 contact direct sont des raccords de tuyauterie en acier inoxydable 316 ou de qualit\u00e9 alimentaire.2. Adoptez le positionnement automatique du film de coupe et la technologie de correction de positionnement automatique de scellage pour garantir un bord de coupe correct. L&#039;\u00e9tanch\u00e9it\u00e9 adopte une correction photo\u00e9lectrique du suivi oculaire et le film d&#039;\u00e9tanch\u00e9it\u00e9 adopte un mod\u00e8le de correction photo\u00e9lectrique du suivi oculaire.3. Utilisez le contr\u00f4le de la temp\u00e9rature pour garantir la qualit\u00e9 de l&#039;\u00e9tanch\u00e9it\u00e9.<\/p>\n<p><img loading=\"lazy\" decoding=\"async\" class=\"alignnone wp-image-646\" src=\"http:\/\/higheasy.cn\/wp-content\/uploads\/2023\/07\/HTB1Lnd7QMHqK1RjSZFgq6y7JXXaU.jpg\" alt=\"higheasy\" width=\"1238\" height=\"1836\" srcset=\"https:\/\/higheasy.cn\/wp-content\/uploads\/2023\/07\/HTB1Lnd7QMHqK1RjSZFgq6y7JXXaU.jpg 750w, https:\/\/higheasy.cn\/wp-content\/uploads\/2023\/07\/HTB1Lnd7QMHqK1RjSZFgq6y7JXXaU-300x445.jpg 300w, https:\/\/higheasy.cn\/wp-content\/uploads\/2023\/07\/HTB1Lnd7QMHqK1RjSZFgq6y7JXXaU-202x300.jpg 202w, https:\/\/higheasy.cn\/wp-content\/uploads\/2023\/07\/HTB1Lnd7QMHqK1RjSZFgq6y7JXXaU-691x1024.jpg 691w\" sizes=\"(max-width: 1238px) 100vw, 1238px\" \/><\/p>\n<p>La soci\u00e9t\u00e9 dispose d&#039;un groupe d&#039;\u00e9quipes professionnelles de recherche et d\u00e9veloppement technologique, d&#039;\u00e9quipements de traitement avanc\u00e9s et d&#039;un certain nombre de brevets d&#039;invention. La soci\u00e9t\u00e9 produit une grande vari\u00e9t\u00e9 de machines d&#039;emballage, les principaux produits sont\u00a0: la machine de remplissage de forme verticale (VFFS), la machine d&#039;emballage en b\u00e2tonnets, la machine d&#039;emballage de poudre, la machine d&#039;emballage de liquides et les s\u00e9ries de peseuses associatives, qui sont largement utilis\u00e9es dans les aliments, les produits chimiques et les boissons. , produits agricoles, jouets et emballages dans les produits industriels et autres industries, les produits sont export\u00e9s dans le monde entier et ont obtenu des agents de marketing professionnels dans de nombreux pays et r\u00e9gions. Les produits et services ont \u00e9t\u00e9 unanimement reconnus et lou\u00e9s par les clients.<\/p>\n<p><img loading=\"lazy\" decoding=\"async\" class=\"alignnone size-full wp-image-662\" src=\"http:\/\/higheasy.cn\/wp-content\/uploads\/2023\/07\/5.jpg\" alt=\"small yogurt production line\" width=\"1200\" height=\"604\" srcset=\"https:\/\/higheasy.cn\/wp-content\/uploads\/2023\/07\/5.jpg 1200w, https:\/\/higheasy.cn\/wp-content\/uploads\/2023\/07\/5-300x151.jpg 300w, https:\/\/higheasy.cn\/wp-content\/uploads\/2023\/07\/5-1024x515.jpg 1024w, https:\/\/higheasy.cn\/wp-content\/uploads\/2023\/07\/5-768x387.jpg 768w\" sizes=\"(max-width: 1200px) 100vw, 1200px\" \/><\/p>","protected":false},"excerpt":{"rendered":"<p>3 in 1 white coffee powder sachet packing machine coffee powder production line &nbsp; \u00a0soy milk powder production line machine \u00a0mini production line machines \u00a0potato french fries production line rice production line \u00a0cornflakes production line \u00a0matches production line \u00a0coffee powder packing machine \u00a0fries production line;sauce production line;short cut pasta production line;toffee candy production line 3\u00a0in\u00a01 [&hellip;]<\/p>","protected":false},"featured_media":967,"template":"","meta":{"site-sidebar-layout":"default","site-content-layout":"default","ast-site-content-layout":"default","site-content-style":"default","site-sidebar-style":"default","ast-global-header-display":"","ast-banner-title-visibility":"","ast-main-header-display":"","ast-hfb-above-header-display":"","ast-hfb-below-header-display":"","ast-hfb-mobile-header-display":"","site-post-title":"","ast-breadcrumbs-content":"","ast-featured-img":"","footer-sml-layout":"","theme-transparent-header-meta":"default","adv-header-id-meta":"","stick-header-meta":"","header-above-stick-meta":"","header-main-stick-meta":"","header-below-stick-meta":"","astra-migrate-meta-layouts":"set","ast-page-background-enabled":"default","ast-page-background-meta":{"desktop":{"background-color":"","background-image":"","background-repeat":"repeat","background-position":"center center","background-size":"auto","background-attachment":"scroll","background-type":"","background-media":"","overlay-type":"","overlay-color":"","overlay-opacity":"","overlay-gradient":""},"tablet":{"background-color":"","background-image":"","background-repeat":"repeat","background-position":"center center","background-size":"auto","background-attachment":"scroll","background-type":"","background-media":"","overlay-type":"","overlay-color":"","overlay-opacity":"","overlay-gradient":""},"mobile":{"background-color":"","background-image":"","background-repeat":"repeat","background-position":"center center","background-size":"auto","background-attachment":"scroll","background-type":"","background-media":"","overlay-type":"","overlay-color":"","overlay-opacity":"","overlay-gradient":""}},"ast-content-background-meta":{"desktop":{"background-color":"var(--ast-global-color-5)","background-image":"","background-repeat":"repeat","background-position":"center center","background-size":"auto","background-attachment":"scroll","background-type":"","background-media":"","overlay-type":"","overlay-color":"","overlay-opacity":"","overlay-gradient":""},"tablet":{"background-color":"var(--ast-global-color-5)","background-image":"","background-repeat":"repeat","background-position":"center center","background-size":"auto","background-attachment":"scroll","background-type":"","background-media":"","overlay-type":"","overlay-color":"","overlay-opacity":"","overlay-gradient":""},"mobile":{"background-color":"var(--ast-global-color-5)","background-image":"","background-repeat":"repeat","background-position":"center center","background-size":"auto","background-attachment":"scroll","background-type":"","background-media":"","overlay-type":"","overlay-color":"","overlay-opacity":"","overlay-gradient":""}}},"product_brand":[],"product_cat":[36,27],"product_tag":[],"class_list":{"0":"post-966","1":"product","2":"type-product","3":"status-publish","4":"has-post-thumbnail","6":"product_cat-horizontal-packing-machine","7":"product_cat-production-line","8":"desktop-align-left","9":"tablet-align-left","10":"mobile-align-left","12":"first","13":"instock","14":"shipping-taxable","15":"product-type-simple"},"_links":{"self":[{"href":"https:\/\/higheasy.cn\/fr\/wp-json\/wp\/v2\/product\/966","targetHints":{"allow":["GET"]}}],"collection":[{"href":"https:\/\/higheasy.cn\/fr\/wp-json\/wp\/v2\/product"}],"about":[{"href":"https:\/\/higheasy.cn\/fr\/wp-json\/wp\/v2\/types\/product"}],"wp:featuredmedia":[{"embeddable":true,"href":"https:\/\/higheasy.cn\/fr\/wp-json\/wp\/v2\/media\/967"}],"wp:attachment":[{"href":"https:\/\/higheasy.cn\/fr\/wp-json\/wp\/v2\/media?parent=966"}],"wp:term":[{"taxonomy":"product_brand","embeddable":true,"href":"https:\/\/higheasy.cn\/fr\/wp-json\/wp\/v2\/product_brand?post=966"},{"taxonomy":"product_cat","embeddable":true,"href":"https:\/\/higheasy.cn\/fr\/wp-json\/wp\/v2\/product_cat?post=966"},{"taxonomy":"product_tag","embeddable":true,"href":"https:\/\/higheasy.cn\/fr\/wp-json\/wp\/v2\/product_tag?post=966"}],"curies":[{"name":"wp","href":"https:\/\/api.w.org\/{rel}","templated":true}]}}