{"id":803,"date":"2023-08-02T10:24:29","date_gmt":"2023-08-02T10:24:29","guid":{"rendered":"https:\/\/mediumturquoise-pheasant-889000.hostingersite.com\/?post_type=product&#038;p=803"},"modified":"2023-10-12T13:36:37","modified_gmt":"2023-10-12T13:36:37","slug":"factory-price-automatic-bottle-filling-machine-filling-line-for-detergent-honey-yogurt-juice-sauce","status":"publish","type":"product","link":"https:\/\/higheasy.cn\/fr\/produit\/factory-price-automatic-bottle-filling-machine-filling-line-for-detergent-honey-yogurt-juice-sauce\/","title":{"rendered":"Machine d&#039;emballage de remplissage de bouteilles automatique"},"content":{"rendered":"<p><img fetchpriority=\"high\" decoding=\"async\" class=\"\" style=\"font-style: inherit; font-weight: inherit;\" src=\"https:\/\/sc04.alicdn.com\/kf\/Hf51fb5a8e8714204b585043b0541f1caa\/222958773\/Hf51fb5a8e8714204b585043b0541f1caa.jpg\" alt=\"Factory  price automatic bottle filling machine filling  line for detergent honey yogurt juice sauce\" width=\"1603\" height=\"1203\" data-src=\"\/\/sc04.alicdn.com\/kf\/Hf51fb5a8e8714204b585043b0541f1caa\/222958773\/Hf51fb5a8e8714204b585043b0541f1caa.jpg\" data-alt=\"Factory  price automatic bottle filling machine filling  line for detergent honey yogurt juice sauce\" \/><img decoding=\"async\" class=\"\" style=\"font-style: inherit; font-weight: inherit;\" src=\"https:\/\/sc04.alicdn.com\/kf\/H6f877e5fea0b4c97bfbd145aadb29c46a\/222958773\/H6f877e5fea0b4c97bfbd145aadb29c46a.jpg\" alt=\"Factory  price automatic bottle filling machine filling  line for detergent honey yogurt juice sauce\" width=\"1330\" height=\"1773\" data-src=\"\/\/sc04.alicdn.com\/kf\/H6f877e5fea0b4c97bfbd145aadb29c46a\/222958773\/H6f877e5fea0b4c97bfbd145aadb29c46a.jpg\" data-alt=\"Factory  price automatic bottle filling machine filling  line for detergent honey yogurt juice sauce\" data-spm-anchor-id=\"a2700.details.0.i32.1e03ae6dqqCUFX\" \/><img decoding=\"async\" class=\"\" style=\"font-style: inherit; font-weight: inherit;\" src=\"https:\/\/sc04.alicdn.com\/kf\/H97e717064d4c43ed90f5978f7e853f30l\/222958773\/H97e717064d4c43ed90f5978f7e853f30l.jpg\" alt=\"Factory  price automatic bottle filling machine filling  line for detergent honey yogurt juice sauce\" width=\"1278\" height=\"959\" data-src=\"\/\/sc04.alicdn.com\/kf\/H97e717064d4c43ed90f5978f7e853f30l\/222958773\/H97e717064d4c43ed90f5978f7e853f30l.jpg\" data-alt=\"Factory  price automatic bottle filling machine filling  line for detergent honey yogurt juice sauce\" \/><img loading=\"lazy\" decoding=\"async\" class=\"\" style=\"font-style: inherit; font-weight: inherit;\" src=\"https:\/\/sc04.alicdn.com\/kf\/Hb00b6abcf9994cb1a52f226a921a9416S\/222958773\/Hb00b6abcf9994cb1a52f226a921a9416S.jpg\" alt=\"Factory  price automatic bottle filling machine filling  line for detergent honey yogurt juice sauce\" width=\"1270\" height=\"953\" data-src=\"\/\/sc04.alicdn.com\/kf\/Hb00b6abcf9994cb1a52f226a921a9416S\/222958773\/Hb00b6abcf9994cb1a52f226a921a9416S.jpg\" data-alt=\"Factory  price automatic bottle filling machine filling  line for detergent honey yogurt juice sauce\" \/><\/p>\n<p><img loading=\"lazy\" decoding=\"async\" class=\"alignnone  wp-image-804\" src=\"http:\/\/higheasy.cn\/wp-content\/uploads\/2023\/08\/H6f9dcde32ce84df4bb76de712a19faf6H.jpg\" alt=\"Factory price automatic bottle filling machine filling line\" width=\"1351\" height=\"1195\" srcset=\"https:\/\/higheasy.cn\/wp-content\/uploads\/2023\/08\/H6f9dcde32ce84df4bb76de712a19faf6H.jpg 808w, https:\/\/higheasy.cn\/wp-content\/uploads\/2023\/08\/H6f9dcde32ce84df4bb76de712a19faf6H-300x265.jpg 300w, https:\/\/higheasy.cn\/wp-content\/uploads\/2023\/08\/H6f9dcde32ce84df4bb76de712a19faf6H-768x680.jpg 768w\" sizes=\"(max-width: 1351px) 100vw, 1351px\" \/><\/p>\n<p><strong><span data-spm-anchor-id=\"a2700.details.0.i36.1e03ae6dqqCUFX\">Application:<\/span><\/strong><\/p>\n<p><span data-spm-anchor-id=\"a2700.details.0.i34.1e03ae6dqqCUFX\">Il est utilis\u00e9 pour le remplissage automatis\u00e9 de liquides\/p\u00e2tes tels que jus\/miel\/sauce\/huile\/shampoing\/d\u00e9tergent, etc. dans diverses formes de bouteilles en verre ou en plastique.\u00a0<\/span><\/p>\n<p><strong>Fonctionnalit\u00e9:\u00a0<\/strong><\/p>\n<p>L&#039;ensemble de la ligne a un haut niveau d&#039;automatisation, seules 2 \u00e0 3 personnes peuvent r\u00e9aliser une production quotidienne de 1,5 \u00e0 2 millions de bouteilles.<\/p>\n<p><strong>Le flux de processus que comprend l&#039;ensemble de la ligne de production\u00a0:\u00a0<\/strong><\/p>\n<p>Tri automatique des bouteilles \u2192 remplissage automatique \u2192 \u00e9tanch\u00e9it\u00e9\/bouchage automatique \u2192 \u00e9tiquetage automatique \u2192 film r\u00e9tractable automatique \u2192 codage automatique de la date \u2192 collecte automatique des bouteilles<\/p>\n<p><strong>Dispositif de remplissage flexible<\/strong><\/p>\n<p>En vous basant sur diff\u00e9rents mat\u00e9riaux, adoptez diff\u00e9rentes mani\u00e8res de dispositif d&#039;alimentation telles qu&#039;une pompe \u00e0 piston, une tasse volum\u00e9trique, une peseuse multi-t\u00eates, un seau \u00e0 pointes, un dispositif de comptage de comprim\u00e9s, une vis, etc.<\/p>\n<table border=\"0\" cellspacing=\"0\">\n<tbody>\n<tr>\n<td valign=\"center\" width=\"131\" data-spm-anchor-id=\"a2700.details.0.i37.1e03ae6dqqCUFX\">\n<p align=\"center\">Type de bouteille<\/p>\n<\/td>\n<td valign=\"center\" width=\"499\">\n<p align=\"justify\">\u00a0 Bouteille en verre, bouteille en plastique, bouteille en papier, etc.<\/p>\n<\/td>\n<\/tr>\n<tr>\n<td valign=\"center\" width=\"131\">\u00a0Plage de remplissage<\/td>\n<td valign=\"center\" width=\"499\">\n<p align=\"center\">10-50 ml, 100-500 ml, 500 ml-2L, 1L-10L (personnalis\u00e9)<\/p>\n<\/td>\n<\/tr>\n<tr>\n<td valign=\"center\" width=\"131\">\n<p align=\"center\">Pr\u00e9cision de remplissage<\/p>\n<\/td>\n<td valign=\"center\" width=\"499\">\n<p align=\"center\"><strong>\u00b1<\/strong>0,5%-1,5% (d\u00e9pend du mat\u00e9riau et du volume)<\/p>\n<\/td>\n<\/tr>\n<tr>\n<td valign=\"center\" width=\"131\">\n<p align=\"center\">Capacit\u00e9 de production<\/p>\n<\/td>\n<td valign=\"center\" width=\"499\">\n<p align=\"center\">600-10000bouteilles\/heure (personnalis\u00e9)<\/p>\n<\/td>\n<\/tr>\n<\/tbody>\n<\/table>\n<div id=\"ali-anchor-AliPostDhMb-b9pdk\" class=\"mceSectionContainer\" data-section=\"AliPostDhMb-b9pdk\" data-section-title=\"Production speed\"><\/div>\n<p><img loading=\"lazy\" decoding=\"async\" class=\"alignnone wp-image-646\" src=\"http:\/\/higheasy.cn\/wp-content\/uploads\/2023\/07\/HTB1Lnd7QMHqK1RjSZFgq6y7JXXaU.jpg\" alt=\"higheasy\" width=\"1238\" height=\"1836\" srcset=\"https:\/\/higheasy.cn\/wp-content\/uploads\/2023\/07\/HTB1Lnd7QMHqK1RjSZFgq6y7JXXaU.jpg 750w, https:\/\/higheasy.cn\/wp-content\/uploads\/2023\/07\/HTB1Lnd7QMHqK1RjSZFgq6y7JXXaU-300x445.jpg 300w, https:\/\/higheasy.cn\/wp-content\/uploads\/2023\/07\/HTB1Lnd7QMHqK1RjSZFgq6y7JXXaU-202x300.jpg 202w, https:\/\/higheasy.cn\/wp-content\/uploads\/2023\/07\/HTB1Lnd7QMHqK1RjSZFgq6y7JXXaU-691x1024.jpg 691w\" sizes=\"(max-width: 1238px) 100vw, 1238px\" \/><\/p>\n<p>La soci\u00e9t\u00e9 dispose d&#039;un groupe d&#039;\u00e9quipes professionnelles de recherche et d\u00e9veloppement technologique, d&#039;\u00e9quipements de traitement avanc\u00e9s et d&#039;un certain nombre de brevets d&#039;invention. La soci\u00e9t\u00e9 produit une grande vari\u00e9t\u00e9 de machines d&#039;emballage, les principaux produits sont\u00a0: la machine de remplissage de forme verticale (VFFS), la machine d&#039;emballage en b\u00e2tonnets, la machine d&#039;emballage de poudre, la machine d&#039;emballage de liquides et les s\u00e9ries de peseuses associatives, qui sont largement utilis\u00e9es dans les aliments, les produits chimiques et les boissons. , produits agricoles, jouets et emballages dans les produits industriels et autres industries, les produits sont export\u00e9s dans le monde entier et ont obtenu des agents de marketing professionnels dans de nombreux pays et r\u00e9gions. Les produits et services ont \u00e9t\u00e9 unanimement reconnus et lou\u00e9s par les clients.<\/p>\n<p><img loading=\"lazy\" decoding=\"async\" class=\"alignnone size-full wp-image-662\" src=\"http:\/\/higheasy.cn\/wp-content\/uploads\/2023\/07\/5.jpg\" alt=\"small yogurt production line\" width=\"1200\" height=\"604\" srcset=\"https:\/\/higheasy.cn\/wp-content\/uploads\/2023\/07\/5.jpg 1200w, https:\/\/higheasy.cn\/wp-content\/uploads\/2023\/07\/5-300x151.jpg 300w, https:\/\/higheasy.cn\/wp-content\/uploads\/2023\/07\/5-1024x515.jpg 1024w, https:\/\/higheasy.cn\/wp-content\/uploads\/2023\/07\/5-768x387.jpg 768w\" sizes=\"(max-width: 1200px) 100vw, 1200px\" \/><\/p>","protected":false},"excerpt":{"rendered":"<p>Application: It is used for the automated filling liquid\/ paste such as juice\/ honey\/sauce\/oil\/shampoo\/ detergent etc into\u00a0 various shapes of glass or plastic bottles.\u00a0 Feature:\u00a0 The entire line has high level of automation, only need 2-3 people can complete a daily production 1.5-2million bottles. The process flow that the entire production line includes:\u00a0 Auto bottle [&hellip;]<\/p>","protected":false},"featured_media":805,"template":"","meta":{"site-sidebar-layout":"default","site-content-layout":"default","ast-site-content-layout":"","site-content-style":"default","site-sidebar-style":"default","ast-global-header-display":"","ast-banner-title-visibility":"","ast-main-header-display":"","ast-hfb-above-header-display":"","ast-hfb-below-header-display":"","ast-hfb-mobile-header-display":"","site-post-title":"","ast-breadcrumbs-content":"","ast-featured-img":"","footer-sml-layout":"","theme-transparent-header-meta":"default","adv-header-id-meta":"","stick-header-meta":"","header-above-stick-meta":"","header-main-stick-meta":"","header-below-stick-meta":"","astra-migrate-meta-layouts":"default","ast-page-background-enabled":"default","ast-page-background-meta":{"desktop":{"background-color":"","background-image":"","background-repeat":"repeat","background-position":"center center","background-size":"auto","background-attachment":"scroll","background-type":"","background-media":"","overlay-type":"","overlay-color":"","overlay-opacity":"","overlay-gradient":""},"tablet":{"background-color":"","background-image":"","background-repeat":"repeat","background-position":"center center","background-size":"auto","background-attachment":"scroll","background-type":"","background-media":"","overlay-type":"","overlay-color":"","overlay-opacity":"","overlay-gradient":""},"mobile":{"background-color":"","background-image":"","background-repeat":"repeat","background-position":"center center","background-size":"auto","background-attachment":"scroll","background-type":"","background-media":"","overlay-type":"","overlay-color":"","overlay-opacity":"","overlay-gradient":""}},"ast-content-background-meta":{"desktop":{"background-color":"var(--ast-global-color-5)","background-image":"","background-repeat":"repeat","background-position":"center center","background-size":"auto","background-attachment":"scroll","background-type":"","background-media":"","overlay-type":"","overlay-color":"","overlay-opacity":"","overlay-gradient":""},"tablet":{"background-color":"var(--ast-global-color-5)","background-image":"","background-repeat":"repeat","background-position":"center center","background-size":"auto","background-attachment":"scroll","background-type":"","background-media":"","overlay-type":"","overlay-color":"","overlay-opacity":"","overlay-gradient":""},"mobile":{"background-color":"var(--ast-global-color-5)","background-image":"","background-repeat":"repeat","background-position":"center center","background-size":"auto","background-attachment":"scroll","background-type":"","background-media":"","overlay-type":"","overlay-color":"","overlay-opacity":"","overlay-gradient":""}}},"product_brand":[],"product_cat":[22,38],"product_tag":[],"class_list":{"0":"post-803","1":"product","2":"type-product","3":"status-publish","4":"has-post-thumbnail","6":"product_cat-hot-products","7":"product_cat-bottle-filling-sealing-machine","8":"desktop-align-left","9":"tablet-align-left","10":"mobile-align-left","12":"first","13":"instock","14":"shipping-taxable","15":"product-type-simple"},"_links":{"self":[{"href":"https:\/\/higheasy.cn\/fr\/wp-json\/wp\/v2\/product\/803","targetHints":{"allow":["GET"]}}],"collection":[{"href":"https:\/\/higheasy.cn\/fr\/wp-json\/wp\/v2\/product"}],"about":[{"href":"https:\/\/higheasy.cn\/fr\/wp-json\/wp\/v2\/types\/product"}],"wp:featuredmedia":[{"embeddable":true,"href":"https:\/\/higheasy.cn\/fr\/wp-json\/wp\/v2\/media\/805"}],"wp:attachment":[{"href":"https:\/\/higheasy.cn\/fr\/wp-json\/wp\/v2\/media?parent=803"}],"wp:term":[{"taxonomy":"product_brand","embeddable":true,"href":"https:\/\/higheasy.cn\/fr\/wp-json\/wp\/v2\/product_brand?post=803"},{"taxonomy":"product_cat","embeddable":true,"href":"https:\/\/higheasy.cn\/fr\/wp-json\/wp\/v2\/product_cat?post=803"},{"taxonomy":"product_tag","embeddable":true,"href":"https:\/\/higheasy.cn\/fr\/wp-json\/wp\/v2\/product_tag?post=803"}],"curies":[{"name":"wp","href":"https:\/\/api.w.org\/{rel}","templated":true}]}}