{"id":654,"date":"2023-07-25T03:41:57","date_gmt":"2023-07-25T03:41:57","guid":{"rendered":"https:\/\/mediumturquoise-pheasant-889000.hostingersite.com\/?post_type=product&#038;p=654"},"modified":"2023-10-12T13:40:42","modified_gmt":"2023-10-12T13:40:42","slug":"milk-honey-fruit-juice-fruit-puree-ketchup-pasteurization-machine","status":"publish","type":"product","link":"https:\/\/higheasy.cn\/fr\/produit\/milk-honey-fruit-juice-fruit-puree-ketchup-pasteurization-machine\/","title":{"rendered":"Machine de pasteurisation du lait et du miel"},"content":{"rendered":"<p><img fetchpriority=\"high\" decoding=\"async\" class=\"alignnone size-full wp-image-664\" src=\"http:\/\/higheasy.cn\/wp-content\/uploads\/2023\/07\/8.jpg\" alt=\"small yogurt production line\" width=\"1200\" height=\"735\" srcset=\"https:\/\/higheasy.cn\/wp-content\/uploads\/2023\/07\/8.jpg 1200w, https:\/\/higheasy.cn\/wp-content\/uploads\/2023\/07\/8-300x184.jpg 300w, https:\/\/higheasy.cn\/wp-content\/uploads\/2023\/07\/8-1024x627.jpg 1024w, https:\/\/higheasy.cn\/wp-content\/uploads\/2023\/07\/8-768x470.jpg 768w\" sizes=\"(max-width: 1200px) 100vw, 1200px\" \/><\/p>\n<p><img decoding=\"async\" class=\"\" src=\"https:\/\/sc02.alicdn.com\/kf\/HTB1XNWvQQvoK1RjSZFDq6xY3pXaH\/222958773\/HTB1XNWvQQvoK1RjSZFDq6xY3pXaH.jpg\" alt=\"Milk honey fruit juice fruit puree ketchup pasteurizing line pasteurizing cooling machine\" width=\"1304\" height=\"979\" data-src=\"\/\/sc02.alicdn.com\/kf\/HTB1XNWvQQvoK1RjSZFDq6xY3pXaH\/222958773\/HTB1XNWvQQvoK1RjSZFDq6xY3pXaH.jpg\" data-alt=\"Milk honey fruit juice fruit puree ketchup pasteurizing line pasteurizing cooling machine\" data-spm-anchor-id=\"a2700.details.0.i56.437253a7K2mdM6\" \/><\/p>\n<p><img decoding=\"async\" class=\"\" src=\"https:\/\/sc01.alicdn.com\/kf\/HTB1F31tQHvpK1RjSZPiq6zmwXXao\/222958773\/HTB1F31tQHvpK1RjSZPiq6zmwXXao.jpg\" alt=\"Milk honey fruit juice fruit puree ketchup pasteurizing line pasteurizing cooling machine\" width=\"1321\" height=\"992\" data-src=\"\/\/sc01.alicdn.com\/kf\/HTB1F31tQHvpK1RjSZPiq6zmwXXao\/222958773\/HTB1F31tQHvpK1RjSZPiq6zmwXXao.jpg\" data-alt=\"Milk honey fruit juice fruit puree ketchup pasteurizing line pasteurizing cooling machine\" \/><\/p>\n<p><img loading=\"lazy\" decoding=\"async\" class=\"\" src=\"https:\/\/sc01.alicdn.com\/kf\/HTB1F4KPQNnaK1RjSZFtq6zC2VXal\/222958773\/HTB1F4KPQNnaK1RjSZFtq6zC2VXal.jpg\" alt=\"Milk honey fruit juice fruit puree ketchup pasteurizing line pasteurizing cooling machine\" width=\"1317\" height=\"989\" data-src=\"\/\/sc01.alicdn.com\/kf\/HTB1F4KPQNnaK1RjSZFtq6zC2VXal\/222958773\/HTB1F4KPQNnaK1RjSZFtq6zC2VXal.jpg\" data-alt=\"Milk honey fruit juice fruit puree ketchup pasteurizing line pasteurizing cooling machine\" \/><\/p>\n<h3>Applications:<\/h3>\n<p>\u2666 convient \u00e0 la pasteurisation des aliments en sachet ou en gobelet apr\u00e8s remplissage.<\/p>\n<p>\u2666 Caract\u00e9ristique\u00a0:\u00a0Toutes les machines de pasteurisation, les machines de refroidissement et les machines de s\u00e9chage par soufflage fonctionnent automatiquement en permanence. contr\u00f4le automatique de la temp\u00e9rature.<\/p>\n<p>\u2666 Capacit\u00e9 de production\u00a0: configur\u00e9e en fonction de la quantit\u00e9 r\u00e9elle de produits passant.<\/p>\n<p>\u2666 Temps de pasteurisation\u00a0:\u00a015-20\u00a0minutes<\/p>\n<p>\u2666 Type de pasteurisation et s\u00e9chage : Vapeur ou Chauffage \u00e9lectrique<\/p>\n<p>\u2666 Temp\u00e9rature de pasteurisation : 80\u00b0C-95\u00b0C<\/p>\n<p>\u2666 Mat\u00e9riau\u00a0: Ch\u00e2ssis de la machine en acier inoxydable 304, convoyeur en plastique de qualit\u00e9 alimentaire ou SUS304<\/p>\n<p><img loading=\"lazy\" decoding=\"async\" class=\"alignnone wp-image-646\" style=\"font-style: inherit; font-weight: inherit;\" src=\"http:\/\/higheasy.cn\/wp-content\/uploads\/2023\/07\/HTB1Lnd7QMHqK1RjSZFgq6y7JXXaU.jpg\" alt=\"higheasy\" width=\"1216\" height=\"1803\" srcset=\"https:\/\/higheasy.cn\/wp-content\/uploads\/2023\/07\/HTB1Lnd7QMHqK1RjSZFgq6y7JXXaU.jpg 750w, https:\/\/higheasy.cn\/wp-content\/uploads\/2023\/07\/HTB1Lnd7QMHqK1RjSZFgq6y7JXXaU-300x445.jpg 300w, https:\/\/higheasy.cn\/wp-content\/uploads\/2023\/07\/HTB1Lnd7QMHqK1RjSZFgq6y7JXXaU-202x300.jpg 202w, https:\/\/higheasy.cn\/wp-content\/uploads\/2023\/07\/HTB1Lnd7QMHqK1RjSZFgq6y7JXXaU-691x1024.jpg 691w\" sizes=\"(max-width: 1216px) 100vw, 1216px\" \/><\/p>\n<p>La soci\u00e9t\u00e9 dispose d&#039;un groupe d&#039;\u00e9quipes professionnelles de recherche et d\u00e9veloppement technologique, d&#039;\u00e9quipements de traitement avanc\u00e9s et d&#039;un certain nombre de brevets d&#039;invention. La soci\u00e9t\u00e9 produit une grande vari\u00e9t\u00e9 de machines d&#039;emballage, les principaux produits sont\u00a0: la machine de remplissage de forme verticale (VFFS), la machine d&#039;emballage en b\u00e2tonnets, la machine d&#039;emballage de poudre, la machine d&#039;emballage de liquides et les s\u00e9ries de peseuses associatives, qui sont largement utilis\u00e9es dans les aliments, les produits chimiques et les boissons. , produits agricoles, jouets et emballages dans les produits industriels et autres industries, les produits sont export\u00e9s dans le monde entier et ont obtenu des agents de marketing professionnels dans de nombreux pays et r\u00e9gions. Les produits et services ont \u00e9t\u00e9 unanimement reconnus et lou\u00e9s par les clients.<\/p>","protected":false},"excerpt":{"rendered":"<p>Applications: &#x2666; suitable for\u00a0pasterurization of food in pouch or cup package after filling. &#x2666; Feature: All of pasteurization machine, cooling machine and blowing drying machine run automatically constantly.\u00a0 temperature control automatically. &#x2666; Productioin capacity: Configured according to acutal products amount passing through. &#x2666; Pasteurization time:15-20minutes &#x2666;\u00a0 Type of pasteurization and drying: Steam or Electrical heater [&hellip;]<\/p>","protected":false},"featured_media":655,"template":"","meta":{"site-sidebar-layout":"default","site-content-layout":"default","ast-site-content-layout":"","site-content-style":"default","site-sidebar-style":"default","ast-global-header-display":"","ast-banner-title-visibility":"","ast-main-header-display":"","ast-hfb-above-header-display":"","ast-hfb-below-header-display":"","ast-hfb-mobile-header-display":"","site-post-title":"","ast-breadcrumbs-content":"","ast-featured-img":"","footer-sml-layout":"","theme-transparent-header-meta":"default","adv-header-id-meta":"","stick-header-meta":"","header-above-stick-meta":"","header-main-stick-meta":"","header-below-stick-meta":"","astra-migrate-meta-layouts":"default","ast-page-background-enabled":"default","ast-page-background-meta":{"desktop":{"background-color":"","background-image":"","background-repeat":"repeat","background-position":"center center","background-size":"auto","background-attachment":"scroll","background-type":"","background-media":"","overlay-type":"","overlay-color":"","overlay-opacity":"","overlay-gradient":""},"tablet":{"background-color":"","background-image":"","background-repeat":"repeat","background-position":"center center","background-size":"auto","background-attachment":"scroll","background-type":"","background-media":"","overlay-type":"","overlay-color":"","overlay-opacity":"","overlay-gradient":""},"mobile":{"background-color":"","background-image":"","background-repeat":"repeat","background-position":"center center","background-size":"auto","background-attachment":"scroll","background-type":"","background-media":"","overlay-type":"","overlay-color":"","overlay-opacity":"","overlay-gradient":""}},"ast-content-background-meta":{"desktop":{"background-color":"var(--ast-global-color-5)","background-image":"","background-repeat":"repeat","background-position":"center center","background-size":"auto","background-attachment":"scroll","background-type":"","background-media":"","overlay-type":"","overlay-color":"","overlay-opacity":"","overlay-gradient":""},"tablet":{"background-color":"var(--ast-global-color-5)","background-image":"","background-repeat":"repeat","background-position":"center center","background-size":"auto","background-attachment":"scroll","background-type":"","background-media":"","overlay-type":"","overlay-color":"","overlay-opacity":"","overlay-gradient":""},"mobile":{"background-color":"var(--ast-global-color-5)","background-image":"","background-repeat":"repeat","background-position":"center center","background-size":"auto","background-attachment":"scroll","background-type":"","background-media":"","overlay-type":"","overlay-color":"","overlay-opacity":"","overlay-gradient":""}}},"product_brand":[],"product_cat":[22,28],"product_tag":[],"class_list":{"0":"post-654","1":"product","2":"type-product","3":"status-publish","4":"has-post-thumbnail","6":"product_cat-hot-products","7":"product_cat-pasteurization-line","8":"desktop-align-left","9":"tablet-align-left","10":"mobile-align-left","12":"first","13":"instock","14":"shipping-taxable","15":"product-type-simple"},"_links":{"self":[{"href":"https:\/\/higheasy.cn\/fr\/wp-json\/wp\/v2\/product\/654","targetHints":{"allow":["GET"]}}],"collection":[{"href":"https:\/\/higheasy.cn\/fr\/wp-json\/wp\/v2\/product"}],"about":[{"href":"https:\/\/higheasy.cn\/fr\/wp-json\/wp\/v2\/types\/product"}],"wp:featuredmedia":[{"embeddable":true,"href":"https:\/\/higheasy.cn\/fr\/wp-json\/wp\/v2\/media\/655"}],"wp:attachment":[{"href":"https:\/\/higheasy.cn\/fr\/wp-json\/wp\/v2\/media?parent=654"}],"wp:term":[{"taxonomy":"product_brand","embeddable":true,"href":"https:\/\/higheasy.cn\/fr\/wp-json\/wp\/v2\/product_brand?post=654"},{"taxonomy":"product_cat","embeddable":true,"href":"https:\/\/higheasy.cn\/fr\/wp-json\/wp\/v2\/product_cat?post=654"},{"taxonomy":"product_tag","embeddable":true,"href":"https:\/\/higheasy.cn\/fr\/wp-json\/wp\/v2\/product_tag?post=654"}],"curies":[{"name":"wp","href":"https:\/\/api.w.org\/{rel}","templated":true}]}}