{"id":648,"date":"2023-07-25T03:23:26","date_gmt":"2023-07-25T03:23:26","guid":{"rendered":"https:\/\/mediumturquoise-pheasant-889000.hostingersite.com\/?post_type=product&#038;p=648"},"modified":"2023-10-12T13:43:24","modified_gmt":"2023-10-12T13:43:24","slug":"hzf-series-automatic-filling-and-sealing-machine","status":"publish","type":"product","link":"https:\/\/higheasy.cn\/fr\/produit\/hzf-series-automatic-filling-and-sealing-machine\/","title":{"rendered":"Machine de remplissage et de scellage automatique HZF"},"content":{"rendered":"<p>&nbsp;<\/p>\n<p><img fetchpriority=\"high\" decoding=\"async\" class=\"alignnone size-full wp-image-665\" src=\"http:\/\/higheasy.cn\/wp-content\/uploads\/2023\/07\/11.jpg\" alt=\"small yogurt production line\" width=\"1200\" height=\"599\" srcset=\"https:\/\/higheasy.cn\/wp-content\/uploads\/2023\/07\/11.jpg 1200w, https:\/\/higheasy.cn\/wp-content\/uploads\/2023\/07\/11-300x150.jpg 300w, https:\/\/higheasy.cn\/wp-content\/uploads\/2023\/07\/11-1024x511.jpg 1024w, https:\/\/higheasy.cn\/wp-content\/uploads\/2023\/07\/11-768x383.jpg 768w\" sizes=\"(max-width: 1200px) 100vw, 1200px\" \/><\/p>\n<p><img decoding=\"async\" class=\"alignnone size-full wp-image-802\" src=\"http:\/\/higheasy.cn\/wp-content\/uploads\/2023\/07\/H9e17b4332cd6475089647418e51cca9b4-1.jpg\" alt=\"\" width=\"1800\" height=\"1333\" srcset=\"https:\/\/higheasy.cn\/wp-content\/uploads\/2023\/07\/H9e17b4332cd6475089647418e51cca9b4-1.jpg 1800w, https:\/\/higheasy.cn\/wp-content\/uploads\/2023\/07\/H9e17b4332cd6475089647418e51cca9b4-1-300x222.jpg 300w, https:\/\/higheasy.cn\/wp-content\/uploads\/2023\/07\/H9e17b4332cd6475089647418e51cca9b4-1-1024x758.jpg 1024w, https:\/\/higheasy.cn\/wp-content\/uploads\/2023\/07\/H9e17b4332cd6475089647418e51cca9b4-1-768x569.jpg 768w, https:\/\/higheasy.cn\/wp-content\/uploads\/2023\/07\/H9e17b4332cd6475089647418e51cca9b4-1-1536x1137.jpg 1536w\" sizes=\"(max-width: 1800px) 100vw, 1800px\" \/><\/p>\n<p><img decoding=\"async\" class=\"alignnone wp-image-647\" src=\"http:\/\/higheasy.cn\/wp-content\/uploads\/2023\/07\/HTB1y.laTFzqK1RjSZFoq6zfcXXan.jpg\" alt=\"packing machine\" width=\"1195\" height=\"928\" srcset=\"https:\/\/higheasy.cn\/wp-content\/uploads\/2023\/07\/HTB1y.laTFzqK1RjSZFoq6zfcXXan.jpg 1000w, https:\/\/higheasy.cn\/wp-content\/uploads\/2023\/07\/HTB1y.laTFzqK1RjSZFoq6zfcXXan-300x233.jpg 300w, https:\/\/higheasy.cn\/wp-content\/uploads\/2023\/07\/HTB1y.laTFzqK1RjSZFoq6zfcXXan-768x596.jpg 768w\" sizes=\"(max-width: 1195px) 100vw, 1195px\" \/> <img loading=\"lazy\" decoding=\"async\" class=\"alignnone wp-image-645\" src=\"http:\/\/higheasy.cn\/wp-content\/uploads\/2023\/07\/HTB1KYWZSgHqK1RjSZJn762NLpXal.png\" alt=\"packing machine\" width=\"1269\" height=\"800\" srcset=\"https:\/\/higheasy.cn\/wp-content\/uploads\/2023\/07\/HTB1KYWZSgHqK1RjSZJn762NLpXal.png 802w, https:\/\/higheasy.cn\/wp-content\/uploads\/2023\/07\/HTB1KYWZSgHqK1RjSZJn762NLpXal-300x189.png 300w, https:\/\/higheasy.cn\/wp-content\/uploads\/2023\/07\/HTB1KYWZSgHqK1RjSZJn762NLpXal-768x485.png 768w\" sizes=\"(max-width: 1269px) 100vw, 1269px\" \/><\/p>\n<div id=\"ali-anchor-AliPostDhMb-ul5f4\" class=\"mceSectionContainer\" data-section=\"AliPostDhMb-ul5f4\" data-section-title=\"Applications\">\n<h3>Applications:<\/h3>\n<\/div>\n<p>\u2666 La machine de remplissage et de scellage automatique de la s\u00e9rie HZF pour gobelets en plastique\/papier convient au remplissage et au scellage de divers mat\u00e9riaux liquides et solides, tels que la gel\u00e9e, le yaourt, le jus, le condiment, la sauce, le lait de soja, les nouilles instantan\u00e9es et les mat\u00e9riaux en poudre, etc.<\/p>\n<p>\u2666 Cette machine est enti\u00e8rement automatique avec des processus tels que le chargement automatique des gobelets, le remplissage, les yeux photo\u00e9lectriques pour la position correcte du film sur les gobelets, le thermoscellage, la d\u00e9coupe du film, la collecte des restes de film, le bouchage et la d\u00e9charge.<\/p>\n<p>\u2666 Nous pouvons \u00e9galement ajouter d&#039;autres fonctions selon les exigences des clients, telles que le remplissage de pulpe de fruit, le nettoyage CIP, le contr\u00f4le automatique du niveau de liquide du r\u00e9servoir de mat\u00e9riau, le soufflage d&#039;air et la collecte de poussi\u00e8re, l&#039;aspiration et le remplissage d&#039;azote, la purification de l&#039;air, l&#039;alimentation par couvercle de tasse. , purification de l&#039;air, imprimante de date \u00e0 bande ou imprimante \u00e0 jet d&#039;encre, d\u00e9chargement et transport de gobelets, syst\u00e8me de contr\u00f4le PLC.<\/p>\n<div id=\"ali-anchor-AliPostDhMb-b9pdk\" class=\"mceSectionContainer\" data-section=\"AliPostDhMb-b9pdk\" data-section-title=\"Production speed\">\n<h3><sub><strong>S\u00c9RIE HZF :<\/strong><\/sub><\/h3>\n<\/div>\n<p><strong>Capacit\u00e9 de versement\u00a0:\u00a010-350\u00a0ml<\/strong><\/p>\n<table border=\"3\">\n<tbody>\n<tr>\n<td><strong>Mod\u00e8le<\/strong><\/td>\n<td><strong>Capacit\u00e9 de production<\/strong><\/td>\n<\/tr>\n<tr>\n<td><strong>HZF-3<\/strong><\/td>\n<td><strong>2500-3600 pi\u00e8ces\/heure<\/strong><\/td>\n<\/tr>\n<tr>\n<td><strong>HZF-4<\/strong><\/td>\n<td><strong>3300-4800 pi\u00e8ces\/heure<\/strong><\/td>\n<\/tr>\n<tr>\n<td><strong>HZF-6<\/strong><\/td>\n<td><strong>5000-7200 pi\u00e8ces\/heure<\/strong><\/td>\n<\/tr>\n<tr>\n<td><strong>HZF-8<\/strong><\/td>\n<td><strong>6700-9600 pi\u00e8ces\/heure<\/strong><\/td>\n<\/tr>\n<tr>\n<td><strong>HZF-10<\/strong><\/td>\n<td><strong>8400-10800 pi\u00e8ces\/heure<\/strong><\/td>\n<\/tr>\n<tr>\n<td><strong>HZF-12<\/strong><\/td>\n<td><strong>10000-12900 pi\u00e8ces\/heure<\/strong><\/td>\n<\/tr>\n<tr>\n<td><strong>HZF-14<\/strong><\/td>\n<td><strong>11 500 \u00e0 16 300 pi\u00e8ces\/heure<\/strong><\/td>\n<\/tr>\n<tr>\n<td><strong>HZF-16<\/strong><\/td>\n<td><strong>16000-17200 pi\u00e8ces\/heure<\/strong><\/td>\n<\/tr>\n<tr>\n<td><strong>HZF-20<\/strong><\/td>\n<td><strong>20400-21600 pi\u00e8ces\/heure<\/strong><\/td>\n<\/tr>\n<tr>\n<td><strong>HZF-24<\/strong><\/td>\n<td><strong>28 000 \u00e0 30 000 pi\u00e8ces\/heure<\/strong><\/td>\n<\/tr>\n<tr>\n<td><strong>HZF-36<\/strong><\/td>\n<td><strong>40000-45000 pi\u00e8ces\/heure<\/strong><\/td>\n<\/tr>\n<tr>\n<td><strong>HZF-40<\/strong><\/td>\n<td><strong>45 000 \u00e0 50 000 pi\u00e8ces\/heure<\/strong><\/td>\n<\/tr>\n<tr>\n<td><strong>HZF-50<\/strong><\/td>\n<td><strong>50000-60000 pi\u00e8ces\/heure<\/strong><\/td>\n<\/tr>\n<\/tbody>\n<\/table>\n<p><img loading=\"lazy\" decoding=\"async\" class=\"alignnone wp-image-646\" src=\"http:\/\/higheasy.cn\/wp-content\/uploads\/2023\/07\/HTB1Lnd7QMHqK1RjSZFgq6y7JXXaU.jpg\" alt=\"higheasy\" width=\"1238\" height=\"1836\" srcset=\"https:\/\/higheasy.cn\/wp-content\/uploads\/2023\/07\/HTB1Lnd7QMHqK1RjSZFgq6y7JXXaU.jpg 750w, https:\/\/higheasy.cn\/wp-content\/uploads\/2023\/07\/HTB1Lnd7QMHqK1RjSZFgq6y7JXXaU-300x445.jpg 300w, https:\/\/higheasy.cn\/wp-content\/uploads\/2023\/07\/HTB1Lnd7QMHqK1RjSZFgq6y7JXXaU-202x300.jpg 202w, https:\/\/higheasy.cn\/wp-content\/uploads\/2023\/07\/HTB1Lnd7QMHqK1RjSZFgq6y7JXXaU-691x1024.jpg 691w\" sizes=\"(max-width: 1238px) 100vw, 1238px\" \/><\/p>\n<p>La soci\u00e9t\u00e9 dispose d&#039;un groupe d&#039;\u00e9quipes professionnelles de recherche et d\u00e9veloppement technologique, d&#039;\u00e9quipements de traitement avanc\u00e9s et d&#039;un certain nombre de brevets d&#039;invention. La soci\u00e9t\u00e9 produit une grande vari\u00e9t\u00e9 de machines d&#039;emballage, les principaux produits sont\u00a0: la machine de remplissage de forme verticale (VFFS), la machine d&#039;emballage en b\u00e2tonnets, la machine d&#039;emballage de poudre, la machine d&#039;emballage de liquides et les s\u00e9ries de peseuses associatives, qui sont largement utilis\u00e9es dans les aliments, les produits chimiques et les boissons. , produits agricoles, jouets et emballages dans les produits industriels et autres industries, les produits sont export\u00e9s dans le monde entier et ont obtenu des agents de marketing professionnels dans de nombreux pays et r\u00e9gions. Les produits et services ont \u00e9t\u00e9 unanimement reconnus et lou\u00e9s par les clients.<\/p>\n<p><img loading=\"lazy\" decoding=\"async\" class=\"alignnone size-full wp-image-662\" src=\"http:\/\/higheasy.cn\/wp-content\/uploads\/2023\/07\/5.jpg\" alt=\"small yogurt production line\" width=\"1200\" height=\"604\" srcset=\"https:\/\/higheasy.cn\/wp-content\/uploads\/2023\/07\/5.jpg 1200w, https:\/\/higheasy.cn\/wp-content\/uploads\/2023\/07\/5-300x151.jpg 300w, https:\/\/higheasy.cn\/wp-content\/uploads\/2023\/07\/5-1024x515.jpg 1024w, https:\/\/higheasy.cn\/wp-content\/uploads\/2023\/07\/5-768x387.jpg 768w\" sizes=\"(max-width: 1200px) 100vw, 1200px\" \/><\/p>","protected":false},"excerpt":{"rendered":"<p>&nbsp; Applications: &#x2666; HZF-series automatic filling and sealing machine for plastic\/paper cups is suitable for filling and sealing various liquid and solid material, such as Jelly, yoghurt, juice,condiment, sauce,soy milk, instant noodle and powdery material etc. &#x2666; This machine is fully automatic with such processes as automatic cup-loading, filling, photoelctric eyes for correct position of [&hellip;]<\/p>","protected":false},"featured_media":801,"template":"","meta":{"site-sidebar-layout":"default","site-content-layout":"default","ast-site-content-layout":"","site-content-style":"default","site-sidebar-style":"default","ast-global-header-display":"","ast-banner-title-visibility":"","ast-main-header-display":"","ast-hfb-above-header-display":"","ast-hfb-below-header-display":"","ast-hfb-mobile-header-display":"","site-post-title":"","ast-breadcrumbs-content":"","ast-featured-img":"","footer-sml-layout":"","theme-transparent-header-meta":"default","adv-header-id-meta":"","stick-header-meta":"","header-above-stick-meta":"","header-main-stick-meta":"","header-below-stick-meta":"","astra-migrate-meta-layouts":"default","ast-page-background-enabled":"default","ast-page-background-meta":{"desktop":{"background-color":"","background-image":"","background-repeat":"repeat","background-position":"center center","background-size":"auto","background-attachment":"scroll","background-type":"","background-media":"","overlay-type":"","overlay-color":"","overlay-opacity":"","overlay-gradient":""},"tablet":{"background-color":"","background-image":"","background-repeat":"repeat","background-position":"center center","background-size":"auto","background-attachment":"scroll","background-type":"","background-media":"","overlay-type":"","overlay-color":"","overlay-opacity":"","overlay-gradient":""},"mobile":{"background-color":"","background-image":"","background-repeat":"repeat","background-position":"center center","background-size":"auto","background-attachment":"scroll","background-type":"","background-media":"","overlay-type":"","overlay-color":"","overlay-opacity":"","overlay-gradient":""}},"ast-content-background-meta":{"desktop":{"background-color":"var(--ast-global-color-5)","background-image":"","background-repeat":"repeat","background-position":"center center","background-size":"auto","background-attachment":"scroll","background-type":"","background-media":"","overlay-type":"","overlay-color":"","overlay-opacity":"","overlay-gradient":""},"tablet":{"background-color":"var(--ast-global-color-5)","background-image":"","background-repeat":"repeat","background-position":"center center","background-size":"auto","background-attachment":"scroll","background-type":"","background-media":"","overlay-type":"","overlay-color":"","overlay-opacity":"","overlay-gradient":""},"mobile":{"background-color":"var(--ast-global-color-5)","background-image":"","background-repeat":"repeat","background-position":"center center","background-size":"auto","background-attachment":"scroll","background-type":"","background-media":"","overlay-type":"","overlay-color":"","overlay-opacity":"","overlay-gradient":""}}},"product_brand":[],"product_cat":[22,37,35],"product_tag":[],"class_list":{"0":"post-648","1":"product","2":"type-product","3":"status-publish","4":"has-post-thumbnail","6":"product_cat-hot-products","7":"product_cat-semi-auto-cup-tray-filling-sealing-machine","8":"product_cat-vffs-vertical-packing-machine","9":"desktop-align-left","10":"tablet-align-left","11":"mobile-align-left","13":"first","14":"instock","15":"shipping-taxable","16":"product-type-simple"},"_links":{"self":[{"href":"https:\/\/higheasy.cn\/fr\/wp-json\/wp\/v2\/product\/648","targetHints":{"allow":["GET"]}}],"collection":[{"href":"https:\/\/higheasy.cn\/fr\/wp-json\/wp\/v2\/product"}],"about":[{"href":"https:\/\/higheasy.cn\/fr\/wp-json\/wp\/v2\/types\/product"}],"wp:featuredmedia":[{"embeddable":true,"href":"https:\/\/higheasy.cn\/fr\/wp-json\/wp\/v2\/media\/801"}],"wp:attachment":[{"href":"https:\/\/higheasy.cn\/fr\/wp-json\/wp\/v2\/media?parent=648"}],"wp:term":[{"taxonomy":"product_brand","embeddable":true,"href":"https:\/\/higheasy.cn\/fr\/wp-json\/wp\/v2\/product_brand?post=648"},{"taxonomy":"product_cat","embeddable":true,"href":"https:\/\/higheasy.cn\/fr\/wp-json\/wp\/v2\/product_cat?post=648"},{"taxonomy":"product_tag","embeddable":true,"href":"https:\/\/higheasy.cn\/fr\/wp-json\/wp\/v2\/product_tag?post=648"}],"curies":[{"name":"wp","href":"https:\/\/api.w.org\/{rel}","templated":true}]}}