{"id":1250,"date":"2024-05-08T14:13:32","date_gmt":"2024-05-08T14:13:32","guid":{"rendered":"https:\/\/mediumturquoise-pheasant-889000.hostingersite.com\/?post_type=product&#038;p=1250"},"modified":"2024-05-08T14:16:44","modified_gmt":"2024-05-08T14:16:44","slug":"3rd-generation-gummy-depositor","status":"publish","type":"product","link":"https:\/\/higheasy.cn\/fr\/produit\/3rd-generation-gummy-depositor\/","title":{"rendered":"D\u00e9posant gommeux de 3e g\u00e9n\u00e9ration"},"content":{"rendered":"<p><strong><b>Description d\u00e9taill\u00e9e<\/b><\/strong><\/p>\n<p><img fetchpriority=\"high\" decoding=\"async\" class=\"alignnone size-full wp-image-1242\" src=\"http:\/\/higheasy.cn\/wp-content\/uploads\/2024\/05\/11.png\" alt=\"\" width=\"1200\" height=\"669\" srcset=\"https:\/\/higheasy.cn\/wp-content\/uploads\/2024\/05\/11.png 1200w, https:\/\/higheasy.cn\/wp-content\/uploads\/2024\/05\/11-300x167.png 300w, https:\/\/higheasy.cn\/wp-content\/uploads\/2024\/05\/11-1024x571.png 1024w, https:\/\/higheasy.cn\/wp-content\/uploads\/2024\/05\/11-768x428.png 768w, https:\/\/higheasy.cn\/wp-content\/uploads\/2024\/05\/11-18x10.png 18w\" sizes=\"(max-width: 1200px) 100vw, 1200px\" \/> <img decoding=\"async\" class=\"alignnone size-full wp-image-1243\" src=\"http:\/\/higheasy.cn\/wp-content\/uploads\/2024\/05\/22.png\" alt=\"\" width=\"1200\" height=\"648\" srcset=\"https:\/\/higheasy.cn\/wp-content\/uploads\/2024\/05\/22.png 1200w, https:\/\/higheasy.cn\/wp-content\/uploads\/2024\/05\/22-300x162.png 300w, https:\/\/higheasy.cn\/wp-content\/uploads\/2024\/05\/22-1024x553.png 1024w, https:\/\/higheasy.cn\/wp-content\/uploads\/2024\/05\/22-768x415.png 768w, https:\/\/higheasy.cn\/wp-content\/uploads\/2024\/05\/22-18x10.png 18w\" sizes=\"(max-width: 1200px) 100vw, 1200px\" \/> <img decoding=\"async\" class=\"alignnone size-full wp-image-1244\" src=\"http:\/\/higheasy.cn\/wp-content\/uploads\/2024\/05\/33.png\" alt=\"\" width=\"1200\" height=\"639\" srcset=\"https:\/\/higheasy.cn\/wp-content\/uploads\/2024\/05\/33.png 1200w, https:\/\/higheasy.cn\/wp-content\/uploads\/2024\/05\/33-300x160.png 300w, https:\/\/higheasy.cn\/wp-content\/uploads\/2024\/05\/33-1024x545.png 1024w, https:\/\/higheasy.cn\/wp-content\/uploads\/2024\/05\/33-768x409.png 768w, https:\/\/higheasy.cn\/wp-content\/uploads\/2024\/05\/33-18x10.png 18w\" sizes=\"(max-width: 1200px) 100vw, 1200px\" \/> <img loading=\"lazy\" decoding=\"async\" class=\"alignnone size-full wp-image-1245\" src=\"http:\/\/higheasy.cn\/wp-content\/uploads\/2024\/05\/44.png\" alt=\"\" width=\"1200\" height=\"656\" srcset=\"https:\/\/higheasy.cn\/wp-content\/uploads\/2024\/05\/44.png 1200w, https:\/\/higheasy.cn\/wp-content\/uploads\/2024\/05\/44-300x164.png 300w, https:\/\/higheasy.cn\/wp-content\/uploads\/2024\/05\/44-1024x560.png 1024w, https:\/\/higheasy.cn\/wp-content\/uploads\/2024\/05\/44-768x420.png 768w, https:\/\/higheasy.cn\/wp-content\/uploads\/2024\/05\/44-18x10.png 18w\" sizes=\"(max-width: 1200px) 100vw, 1200px\" \/><\/p>\n<p><img loading=\"lazy\" decoding=\"async\" class=\"alignnone size-full wp-image-1240\" src=\"http:\/\/higheasy.cn\/wp-content\/uploads\/2024\/05\/6-1.jpg\" alt=\"\" width=\"985\" height=\"1269\" srcset=\"https:\/\/higheasy.cn\/wp-content\/uploads\/2024\/05\/6-1.jpg 985w, https:\/\/higheasy.cn\/wp-content\/uploads\/2024\/05\/6-1-300x386.jpg 300w, https:\/\/higheasy.cn\/wp-content\/uploads\/2024\/05\/6-1-233x300.jpg 233w, https:\/\/higheasy.cn\/wp-content\/uploads\/2024\/05\/6-1-795x1024.jpg 795w, https:\/\/higheasy.cn\/wp-content\/uploads\/2024\/05\/6-1-768x989.jpg 768w, https:\/\/higheasy.cn\/wp-content\/uploads\/2024\/05\/6-1-9x12.jpg 9w\" sizes=\"(max-width: 985px) 100vw, 985px\" \/><\/p>\n<p><strong><b>N\u0153ud de production\u00a0:<\/b><\/strong><\/p>\n<p><img loading=\"lazy\" decoding=\"async\" class=\"alignnone size-full wp-image-1209\" src=\"http:\/\/higheasy.cn\/wp-content\/uploads\/2024\/05\/333.jpg\" alt=\"\" width=\"967\" height=\"243\" srcset=\"https:\/\/higheasy.cn\/wp-content\/uploads\/2024\/05\/333.jpg 967w, https:\/\/higheasy.cn\/wp-content\/uploads\/2024\/05\/333-300x75.jpg 300w, https:\/\/higheasy.cn\/wp-content\/uploads\/2024\/05\/333-768x193.jpg 768w, https:\/\/higheasy.cn\/wp-content\/uploads\/2024\/05\/333-18x5.jpg 18w\" sizes=\"(max-width: 967px) 100vw, 967px\" \/><\/p>\n<p><strong><b>Termes et conditions:<\/b><\/strong><\/p>\n<p>1.Paiement\u00a0:<strong><b>\u00a0<\/b><\/strong>L&#039;acheteur paiera la facture par T\/T ou par tout autre mode de paiement convenu par les deux parties.<\/p>\n<p>Acompte : 40%, soit USD<u>\u00a0\u00a0\u00a0\u00a0\u00a0<\/u><\/p>\n<p>Solde\u00a0: 60%, \u00e0 savoir USD<u>\u00a0\u00a0\u00a0\u00a0\u00a0<\/u>\u00a0doit \u00eatre pay\u00e9 au moins 3 jours ouvrables avant la livraison.<\/p>\n<p>2.Frais bancaires :Tous les frais bancaires en dehors de la Chine sont \u00e0 la charge de l&#039;acheteur.<\/p>\n<p>3.Termes importants<strong><b>\uff1a<\/b><\/strong>Une fois le contrat sign\u00e9, ni l&#039;acheteur ni le vendeur n&#039;ont le droit de modifier unilat\u00e9ralement le contenu du contrat. Une fois les marchandises vendues, sauf s&#039;il y a un probl\u00e8me de qualit\u00e9 avec l&#039;\u00e9quipement lui-m\u00eame, les retours ou les remboursements ne seront pas accept\u00e9s. Pour tous les produits personnalis\u00e9s, une fois le contrat sign\u00e9, l&#039;acheteur n&#039;est pas autoris\u00e9 \u00e0 demander un remboursement par quelque moyen que ce soit tant que le vendeur produit les produits conform\u00e9ment aux conditions convenues.<\/p>\n<p>4.Inspection avant la livraison\u00a0:<\/p>\n<p>Avant la livraison, le vendeur doit inspecter minutieusement les machines pour en v\u00e9rifier la qualit\u00e9, les sp\u00e9cifications, les performances et la quantit\u00e9. L&#039;acheteur est invit\u00e9 \u00e0 envoyer un ing\u00e9nieur \u00e0 l&#039;usine du vendeur pour une inspection personnelle et une formation sur le fonctionnement des machines. Si l&#039;acheteur souhaite effectuer des tests avec du chocolat ou d&#039;autres ingr\u00e9dients, il doit fournir et payer les ingr\u00e9dients n\u00e9cessaires. Des tests seront effectu\u00e9s en fonction des demandes sp\u00e9cifiques de l&#039;acheteur. Le premier test est exempt de frais de main d&#039;\u0153uvre, mais les tests suppl\u00e9mentaires entra\u00eeneront des frais de main d&#039;\u0153uvre. L&#039;acheteur doit prendre livraison dans un d\u00e9lai d&#039;un mois apr\u00e8s la notification par le vendeur de la disponibilit\u00e9 \u00e0 la livraison ; sinon, l&#039;acheteur sera responsable des frais tels que, sans toutefois s&#039;y limiter, les frais d&#039;entreposage.<\/p>\n<p>5.Installation et mise en service\u00a0:<\/p>\n<p>Les frais comprenant le visa, les billets aller-retour, le trafic int\u00e9rieur, l&#039;embarquement et l&#039;h\u00e9bergement sont \u00e0 la charge de l&#039;acheteur. Des frais de service de 200,00 USD\/jour par technicien s&#039;appliquent, y compris le temps de d\u00e9placement et de quarantaine dans les deux pays.<\/p>\n<p>6. Condition pr\u00e9alable \u00e0 l&#039;installation\u00a0:<\/p>\n<p>*L&#039;acheteur doit placer les machines selon les instructions du vendeur.<\/p>\n<p>*L&#039;acheteur doit pr\u00e9parer les ressources de base, notamment l&#039;eau, l&#039;\u00e9lectricit\u00e9, la vapeur, la source d&#039;air comprim\u00e9, le refroidissement<\/p>\n<p>tour, chariot \u00e9l\u00e9vateur, etc.<\/p>\n<p>*L&#039;acheteur doit pr\u00e9parer les ingr\u00e9dients pour les tests en machine.<\/p>\n<p>*L&#039;acheteur sera responsable de l&#039;installation du courant alternatif, y compris de l&#039;embauche d&#039;un sp\u00e9cialiste du courant alternatif et de la pr\u00e9paration du cuivre.<\/p>\n<p>tubes, tubes d&#039;eau, fil et fr\u00e9on, ch\u00e2teau d&#039;eau, etc.<\/p>\n<p>7.Garantie\u00a0:\u00a0En supposant que l&#039;\u00e9quipement est utilis\u00e9 et entretenu dans des conditions normales, les machines sont accompagn\u00e9es d&#039;une p\u00e9riode de garantie standard d&#039;un an, \u00e0 l&#039;exclusion des pi\u00e8ces \u00e0 usure rapide, qui commence \u00e0 compter de la date d&#039;installation r\u00e9ussie mais pas au-del\u00e0 de 14\u00a0mois apr\u00e8s la date d&#039;exp\u00e9dition. indiqu\u00e9 dans le connaissement. Tout dommage r\u00e9sultant d&#039;une mauvaise op\u00e9ration, d&#039;un accident, d&#039;une catastrophe naturelle ou de tout autre \u00e9v\u00e9nement de force majeure n&#039;est pas couvert par la p\u00e9riode de garantie. Dans les cas o\u00f9 le vendeur envoie un technicien chez l&#039;acheteur pour r\u00e9parer ou former l&#039;acheteur, tous les frais seront \u00e0 la charge de l&#039;acheteur. Le vendeur se r\u00e9serve le droit de refuser l&#039;envoi de techniciens dans des circonstances impr\u00e9visibles pouvant compromettre leur s\u00e9curit\u00e9, telles que guerre, catastrophes naturelles, conflits religieux et autres \u00e9v\u00e9nements de force majeure.<\/p>\n<p><strong><b>* Notre usine<\/b><\/strong><\/p>\n<p>Nous sommes un entrepreneur en partenariat priv\u00e9 sp\u00e9cialis\u00e9 dans la fabrication de machines \u00e0 chocolat de classe moyenne-haute, telles que le broyeur \u00e0 boulets de chocolat, la temp\u00e9reuse de chocolat, la machine de moulage de chocolat, la machine d&#039;enrobage de chocolat, la machine d&#039;enrobage de chocolat, la machine \u00e0 chocolat \u00e0 l&#039;avoine, etc. Nous avons une solide R&amp;D professionnelle. \u00e9quipe et \u00e9quipe de production. Notre entreprise suit toujours le principe selon lequel le service constitue la base des affaires et la qualit\u00e9 remporte le march\u00e9. Notre \u00e9quipement de chocolat est populaire dans l&#039;industrie alimentaire. Dans le m\u00eame temps, les produits fabriqu\u00e9s par nos \u00e9quipements sont \u00e9galement \u00e0 la pointe de l&#039;industrie des bonbons. \u00c0 l&#039;exception du march\u00e9 int\u00e9rieur, nos \u00e9quipements ont \u00e9t\u00e9 largement vendus aux \u00c9tats-Unis, au Canada, en Australie, en Russie et dans de nombreux autres pays du monde. Nous avons constamment innov\u00e9 et am\u00e9lior\u00e9 notre technologie et nous nous sommes consacr\u00e9s \u00e0 gagner la confiance et le soutien des clients en fournissant des machines \u00e0 chocolat de haute qualit\u00e9 et un excellent service. Nous sommes impatients de travailler avec vous pour un avenir meilleur pour nous deux.<\/p>\n<p><img loading=\"lazy\" decoding=\"async\" class=\"alignnone size-full wp-image-1210\" src=\"http:\/\/higheasy.cn\/wp-content\/uploads\/2024\/05\/444.jpg\" alt=\"\" width=\"1367\" height=\"905\" srcset=\"https:\/\/higheasy.cn\/wp-content\/uploads\/2024\/05\/444.jpg 1367w, https:\/\/higheasy.cn\/wp-content\/uploads\/2024\/05\/444-300x199.jpg 300w, https:\/\/higheasy.cn\/wp-content\/uploads\/2024\/05\/444-1024x678.jpg 1024w, https:\/\/higheasy.cn\/wp-content\/uploads\/2024\/05\/444-768x508.jpg 768w, https:\/\/higheasy.cn\/wp-content\/uploads\/2024\/05\/444-18x12.jpg 18w\" sizes=\"(max-width: 1367px) 100vw, 1367px\" \/><\/p>","protected":false},"excerpt":{"rendered":"<p>Detailed Description Production Node: Terms and Conditions: 1.Payment:\u00a0The buyer shall pay the invoice by T\/T or other payment method agreed by both parties. Down payment: 40%,namely USD\u00a0\u00a0\u00a0\u00a0\u00a0 Balance:60%,namely USD\u00a0\u00a0\u00a0\u00a0\u00a0\u00a0should be paid at least 3 working days before delivery. 2.Bank charges:All bank charges outside China are on the buyer\u2019s. 3.Important terms\uff1aOnce the contract is signed, neither [&hellip;]<\/p>","protected":false},"featured_media":1253,"template":"","meta":{"site-sidebar-layout":"default","site-content-layout":"","ast-site-content-layout":"default","site-content-style":"default","site-sidebar-style":"default","ast-global-header-display":"","ast-banner-title-visibility":"","ast-main-header-display":"","ast-hfb-above-header-display":"","ast-hfb-below-header-display":"","ast-hfb-mobile-header-display":"","site-post-title":"","ast-breadcrumbs-content":"","ast-featured-img":"","footer-sml-layout":"","theme-transparent-header-meta":"default","adv-header-id-meta":"","stick-header-meta":"","header-above-stick-meta":"","header-main-stick-meta":"","header-below-stick-meta":"","astra-migrate-meta-layouts":"set","ast-page-background-enabled":"default","ast-page-background-meta":{"desktop":{"background-color":"","background-image":"","background-repeat":"repeat","background-position":"center center","background-size":"auto","background-attachment":"scroll","background-type":"","background-media":"","overlay-type":"","overlay-color":"","overlay-opacity":"","overlay-gradient":""},"tablet":{"background-color":"","background-image":"","background-repeat":"repeat","background-position":"center center","background-size":"auto","background-attachment":"scroll","background-type":"","background-media":"","overlay-type":"","overlay-color":"","overlay-opacity":"","overlay-gradient":""},"mobile":{"background-color":"","background-image":"","background-repeat":"repeat","background-position":"center center","background-size":"auto","background-attachment":"scroll","background-type":"","background-media":"","overlay-type":"","overlay-color":"","overlay-opacity":"","overlay-gradient":""}},"ast-content-background-meta":{"desktop":{"background-color":"var(--ast-global-color-5)","background-image":"","background-repeat":"repeat","background-position":"center center","background-size":"auto","background-attachment":"scroll","background-type":"","background-media":"","overlay-type":"","overlay-color":"","overlay-opacity":"","overlay-gradient":""},"tablet":{"background-color":"var(--ast-global-color-5)","background-image":"","background-repeat":"repeat","background-position":"center center","background-size":"auto","background-attachment":"scroll","background-type":"","background-media":"","overlay-type":"","overlay-color":"","overlay-opacity":"","overlay-gradient":""},"mobile":{"background-color":"var(--ast-global-color-5)","background-image":"","background-repeat":"repeat","background-position":"center center","background-size":"auto","background-attachment":"scroll","background-type":"","background-media":"","overlay-type":"","overlay-color":"","overlay-opacity":"","overlay-gradient":""}}},"product_brand":[],"product_cat":[47],"product_tag":[],"class_list":{"0":"post-1250","1":"product","2":"type-product","3":"status-publish","4":"has-post-thumbnail","6":"product_cat-gummy-machine","7":"desktop-align-left","8":"tablet-align-left","9":"mobile-align-left","11":"first","12":"instock","13":"shipping-taxable","14":"product-type-simple"},"_links":{"self":[{"href":"https:\/\/higheasy.cn\/fr\/wp-json\/wp\/v2\/product\/1250","targetHints":{"allow":["GET"]}}],"collection":[{"href":"https:\/\/higheasy.cn\/fr\/wp-json\/wp\/v2\/product"}],"about":[{"href":"https:\/\/higheasy.cn\/fr\/wp-json\/wp\/v2\/types\/product"}],"wp:featuredmedia":[{"embeddable":true,"href":"https:\/\/higheasy.cn\/fr\/wp-json\/wp\/v2\/media\/1253"}],"wp:attachment":[{"href":"https:\/\/higheasy.cn\/fr\/wp-json\/wp\/v2\/media?parent=1250"}],"wp:term":[{"taxonomy":"product_brand","embeddable":true,"href":"https:\/\/higheasy.cn\/fr\/wp-json\/wp\/v2\/product_brand?post=1250"},{"taxonomy":"product_cat","embeddable":true,"href":"https:\/\/higheasy.cn\/fr\/wp-json\/wp\/v2\/product_cat?post=1250"},{"taxonomy":"product_tag","embeddable":true,"href":"https:\/\/higheasy.cn\/fr\/wp-json\/wp\/v2\/product_tag?post=1250"}],"curies":[{"name":"wp","href":"https:\/\/api.w.org\/{rel}","templated":true}]}}