{"id":1090,"date":"2023-10-18T15:08:35","date_gmt":"2023-10-18T15:08:35","guid":{"rendered":"https:\/\/mediumturquoise-pheasant-889000.hostingersite.com\/?post_type=product&#038;p=1090"},"modified":"2023-10-18T15:12:19","modified_gmt":"2023-10-18T15:12:19","slug":"automatic-jelly-cooking-tank-juice-cooking-tank-soy-milk-cooking-tank-2","status":"publish","type":"product","link":"https:\/\/higheasy.cn\/fr\/produit\/automatic-jelly-cooking-tank-juice-cooking-tank-soy-milk-cooking-tank-2\/","title":{"rendered":"R\u00e9servoir de cuisson automatique de gel\u00e9e, r\u00e9servoir de cuisson de jus, r\u00e9servoir de cuisson de lait de soja"},"content":{"rendered":"<div class=\"J_module\">\n<div class=\"icbu-pc-detailManyImage magic-1\">\n<div class=\"J_module\">\n<div id=\"ali-anchor-AliMagic-bdh592\" class=\"magic-0\" data-section=\"AliMagic-bdh592\" data-section-title=\"Product Description\" data-spm-anchor-id=\"a2700.details.0.i20.41685b0cQbevY3\"><img decoding=\"async\" class=\"magic-3\" style=\"font-style: inherit; font-weight: inherit;\" src=\"https:\/\/sc04.alicdn.com\/kf\/H8d69873d5b424d27bc14b4bac1169536C\/222958773\/H8d69873d5b424d27bc14b4bac1169536C.jpg\" data-src=\"\/\/sc04.alicdn.com\/kf\/H8d69873d5b424d27bc14b4bac1169536C\/222958773\/H8d69873d5b424d27bc14b4bac1169536C.jpg\" \/><\/div>\n<\/div>\n<div class=\"J_module\">\n<div class=\"icbu-pc-detailManyImage magic-1\">\n<div class=\"magic-2\"><img fetchpriority=\"high\" decoding=\"async\" class=\"magic-3\" src=\"https:\/\/sc04.alicdn.com\/kf\/Hd47a0f63a48f47048a8755f1cdaaf850H\/222958773\/Hd47a0f63a48f47048a8755f1cdaaf850H.jpg\" width=\"1024\" height=\"2276\" data-src=\"\/\/sc04.alicdn.com\/kf\/Hd47a0f63a48f47048a8755f1cdaaf850H\/222958773\/Hd47a0f63a48f47048a8755f1cdaaf850H.jpg\" \/><\/div>\n<div class=\"magic-2\"><img decoding=\"async\" class=\"magic-3\" src=\"https:\/\/sc04.alicdn.com\/kf\/Hd47a0f63a48f47048a8755f1cdaaf850H\/222958773\/Hd47a0f63a48f47048a8755f1cdaaf850H.jpg\" width=\"1135\" height=\"2522\" data-src=\"\/\/sc04.alicdn.com\/kf\/Hd47a0f63a48f47048a8755f1cdaaf850H\/222958773\/Hd47a0f63a48f47048a8755f1cdaaf850H.jpg\" \/><\/div>\n<div class=\"magic-2\"><img decoding=\"async\" class=\"magic-3\" src=\"https:\/\/sc04.alicdn.com\/kf\/H2fed12c274f04758a2dd7cd26e45f116e\/222958773\/H2fed12c274f04758a2dd7cd26e45f116e.jpg\" data-src=\"\/\/sc04.alicdn.com\/kf\/H2fed12c274f04758a2dd7cd26e45f116e\/222958773\/H2fed12c274f04758a2dd7cd26e45f116e.jpg\" \/><\/div>\n<div class=\"magic-2\"><img decoding=\"async\" class=\"magic-3\" src=\"https:\/\/sc04.alicdn.com\/kf\/H8d0ac5b3afd248d1b3163f32feae5949C\/222958773\/H8d0ac5b3afd248d1b3163f32feae5949C.jpg\" data-src=\"\/\/sc04.alicdn.com\/kf\/H8d0ac5b3afd248d1b3163f32feae5949C\/222958773\/H8d0ac5b3afd248d1b3163f32feae5949C.jpg\" \/><\/div>\n<\/div>\n<\/div>\n<div class=\"J_module\">\n<div id=\"ali-anchor-AliMagic-jsdlhr\" class=\"magic-0\" data-section=\"AliMagic-jsdlhr\" data-section-title=\"Specification\">sp\u00e9cification<\/div>\n<\/div>\n<div class=\"J_module\">\n<div class=\"ife-detail-decorate-table\">\n<table class=\"has-title all magic-4\">\n<tbody>\n<tr>\n<td colspan=\"1\" rowspan=\"1\">\n<div class=\"magic-5\">article<\/div>\n<\/td>\n<td colspan=\"1\" rowspan=\"1\">\n<div class=\"magic-6\">valeur<\/div>\n<\/td>\n<\/tr>\n<tr>\n<td colspan=\"1\" rowspan=\"1\">\n<div class=\"magic-5\">Condition<\/div>\n<\/td>\n<td colspan=\"1\" rowspan=\"1\">\n<div class=\"magic-6\">Nouveau<\/div>\n<\/td>\n<\/tr>\n<tr>\n<td colspan=\"1\" rowspan=\"1\">\n<div class=\"magic-5\">Taper<\/div>\n<\/td>\n<td colspan=\"1\" rowspan=\"1\">\n<div class=\"magic-6\">Machine de remplissage<\/div>\n<\/td>\n<\/tr>\n<tr>\n<td colspan=\"1\" rowspan=\"1\">\n<div class=\"magic-5\">Capacit\u00e9 des machines<\/div>\n<\/td>\n<td colspan=\"1\" rowspan=\"1\">\n<div class=\"magic-6\">0-19L\/heure<\/div>\n<\/td>\n<\/tr>\n<tr>\n<td colspan=\"1\" rowspan=\"1\">\n<div class=\"magic-5\">Industries applicables<\/div>\n<\/td>\n<td colspan=\"1\" rowspan=\"1\">\n<div class=\"magic-6\">Usine de fabrication, Usine d\u2019aliments et de boissons<\/div>\n<\/td>\n<\/tr>\n<tr>\n<td colspan=\"1\" rowspan=\"1\">\n<div class=\"magic-5\">Emplacement de la salle d&#039;exposition<\/div>\n<\/td>\n<td colspan=\"1\" rowspan=\"1\">\n<div class=\"magic-6\">Aucun<\/div>\n<\/td>\n<\/tr>\n<tr>\n<td colspan=\"1\" rowspan=\"1\">\n<div class=\"magic-5\">Application<\/div>\n<\/td>\n<td colspan=\"1\" rowspan=\"1\">\n<div class=\"magic-6\">Aliments, boissons, produits chimiques<\/div>\n<\/td>\n<\/tr>\n<tr>\n<td colspan=\"1\" rowspan=\"1\">\n<div class=\"magic-5\">Type d&#039;emballage<\/div>\n<\/td>\n<td colspan=\"1\" rowspan=\"1\">\n<div class=\"magic-6\">poudre<\/div>\n<\/td>\n<\/tr>\n<tr>\n<td colspan=\"1\" rowspan=\"1\">\n<div class=\"magic-5\">Mat\u00e9riel d&#039;emballage<\/div>\n<\/td>\n<td colspan=\"1\" rowspan=\"1\">\n<div class=\"magic-6\">Plastique, m\u00e9tal, verre<\/div>\n<\/td>\n<\/tr>\n<tr>\n<td colspan=\"1\" rowspan=\"1\">\n<div class=\"magic-5\">Niveau automatique<\/div>\n<\/td>\n<td colspan=\"1\" rowspan=\"1\">\n<div class=\"magic-6\">Semi-automatique<\/div>\n<\/td>\n<\/tr>\n<tr>\n<td colspan=\"1\" rowspan=\"1\">\n<div class=\"magic-5\">Type entra\u00een\u00e9<\/div>\n<\/td>\n<td colspan=\"1\" rowspan=\"1\">\n<div class=\"magic-6\">M\u00e9canique<\/div>\n<\/td>\n<\/tr>\n<tr>\n<td colspan=\"1\" rowspan=\"1\">\n<div class=\"magic-5\">Tension<\/div>\n<\/td>\n<td colspan=\"1\" rowspan=\"1\">\n<div class=\"magic-6\">220 V 50-60 Hz<\/div>\n<\/td>\n<\/tr>\n<tr>\n<td colspan=\"1\" rowspan=\"1\">\n<div class=\"magic-5\">Lieu d&#039;origine<\/div>\n<\/td>\n<td colspan=\"1\" rowspan=\"1\">\n<div class=\"magic-6\">Chine<\/div>\n<\/td>\n<\/tr>\n<tr>\n<td colspan=\"1\" rowspan=\"1\">\n<div class=\"magic-5\"><\/div>\n<\/td>\n<td colspan=\"1\" rowspan=\"1\">\n<div class=\"magic-6\">Guangdong<\/div>\n<\/td>\n<\/tr>\n<tr>\n<td colspan=\"1\" rowspan=\"1\">\n<div class=\"magic-5\">Marque<\/div>\n<\/td>\n<td colspan=\"1\" rowspan=\"1\">\n<div class=\"magic-6\"><\/div>\n<\/td>\n<\/tr>\n<tr>\n<td colspan=\"1\" rowspan=\"1\">\n<div class=\"magic-5\">Dimension(L*L*H)<\/div>\n<\/td>\n<td colspan=\"1\" rowspan=\"1\">\n<div class=\"magic-6\">885*790*2250mm<\/div>\n<\/td>\n<\/tr>\n<tr>\n<td colspan=\"1\" rowspan=\"1\">\n<div class=\"magic-5\">Poids<\/div>\n<\/td>\n<td colspan=\"1\" rowspan=\"1\">\n<div class=\"magic-6\">50KG<\/div>\n<\/td>\n<\/tr>\n<tr>\n<td colspan=\"1\" rowspan=\"1\">\n<div class=\"magic-5\">garantie<\/div>\n<\/td>\n<td colspan=\"1\" rowspan=\"1\">\n<div class=\"magic-6\">1 an<\/div>\n<\/td>\n<\/tr>\n<tr>\n<td colspan=\"1\" rowspan=\"1\">\n<div class=\"magic-5\">Points de vente cl\u00e9s<\/div>\n<\/td>\n<td colspan=\"1\" rowspan=\"1\">\n<div class=\"magic-6\">Facile \u00e0 utiliser<\/div>\n<\/td>\n<\/tr>\n<tr>\n<td colspan=\"1\" rowspan=\"1\">\n<div class=\"magic-5\">Un mat\u00e9riau de remplissage<\/div>\n<\/td>\n<td colspan=\"1\" rowspan=\"1\">\n<div class=\"magic-6\">Poudre, particules<\/div>\n<\/td>\n<\/tr>\n<tr>\n<td colspan=\"1\" rowspan=\"1\">\n<div class=\"magic-5\">Pr\u00e9cision de remplissage<\/div>\n<\/td>\n<td colspan=\"1\" rowspan=\"1\">\n<div class=\"magic-6\">99%<\/div>\n<\/td>\n<\/tr>\n<tr>\n<td colspan=\"1\" rowspan=\"1\">\n<div class=\"magic-5\">Rapport d&#039;essai de machines<\/div>\n<\/td>\n<td colspan=\"1\" rowspan=\"1\">\n<div class=\"magic-6\">Pas disponible<\/div>\n<\/td>\n<\/tr>\n<tr>\n<td colspan=\"1\" rowspan=\"1\">\n<div class=\"magic-5\">Inspection vid\u00e9o \u00e0 la sortie<\/div>\n<\/td>\n<td colspan=\"1\" rowspan=\"1\">\n<div class=\"magic-6\">Pas disponible<\/div>\n<\/td>\n<\/tr>\n<tr>\n<td colspan=\"1\" rowspan=\"1\">\n<div class=\"magic-5\">Garantie des composants principaux<\/div>\n<\/td>\n<td colspan=\"1\" rowspan=\"1\">\n<div class=\"magic-6\">1 an<\/div>\n<\/td>\n<\/tr>\n<tr>\n<td colspan=\"1\" rowspan=\"1\">\n<div class=\"magic-5\">Composants principaux<\/div>\n<\/td>\n<td colspan=\"1\" rowspan=\"1\">\n<div class=\"magic-6\">Moteur, roulement<\/div>\n<\/td>\n<\/tr>\n<tr>\n<td colspan=\"1\" rowspan=\"1\">\n<div class=\"magic-5\"><\/div>\n<\/td>\n<td colspan=\"1\" rowspan=\"1\">\n<div class=\"magic-6\"><\/div>\n<\/td>\n<\/tr>\n<\/tbody>\n<\/table>\n<\/div>\n<\/div>\n<div class=\"J_module\">\n<div id=\"ali-anchor-AliMagic-2c2vda\" class=\"magic-0\" data-section=\"AliMagic-2c2vda\" data-section-title=\"Company Profile\">Profil de l&#039;entreprise<\/div>\n<\/div>\n<div class=\"J_module\">\n<div class=\"detail-decorate-json-renderer-container\">\n<div class=\"magic-7\">\n<h3 class=\"magic-8\"><span class=\"magic-9\">Machine de remplissage automatique de machine de quantification de vis<\/span><\/h3>\n<div class=\"magic-10\">\n<div class=\"magic-11\">\n<div class=\"magic-12\">\n(Compl\u00e9tez principalement les travaux de remplissage et de mesure de haute pr\u00e9cision. Il peut former un ensemble complet de cha\u00eene d&#039;assemblage en conserve avec d&#039;autres<br \/>\n\u00c9quipement, adapt\u00e9 au lait en poudre en conserve, \u00e0 la poudre de prot\u00e9ines, \u00e0 la poudre de poulet, au glucose, \u00e0 la poudre de riz, \u00e0 la poudre de cacao, aux boissons solides,<br \/>\netc.<br \/>\n2. Param\u00e8tres techniques de la machine d&#039;emballage en conserve et enti\u00e8rement automatique<\/p>\n<p>M\u00e9thode de mesure\u00a0: type de remplissage en spirale<br \/>\nTension monophas\u00e9e 220v Vitesse de 30 \u00e0 50 canettes par minute<br \/>\nlongueur, largeur et hauteur 2000x800x1800mm<br \/>\nL&#039;ensemble du r\u00e9glage de la vitesse de conversion de fr\u00e9quence de la machine, l&#039;ensemble de la production d&#039;acier inoxydable 304 de la machine, la bande transporteuse utilisant<br \/>\nPlanche \u00e0 cha\u00eene en plastique POM longueur totale de 2 m\u00e8tres<br \/>\nPuissance totale : 1 500 W<br \/>\nPoids total de la machine : 500 KG<br \/>\nMoteur d&#039;entra\u00eenement \u00e0 vis quantitatif\u00a0: servomoteur 130\/1,5\u00a0KW-6N<br \/>\nLa consommation de gaz : 0,3\u33a5\/min<br \/>\nPr\u00e9cision de l&#039;emballage\u00a0: poids du colis (en fonction des propri\u00e9t\u00e9s du mat\u00e9riau)<br \/>\n&lt; 500 g d&#039;\u00e9cart \u2264 \u00b1 1,5 g<br \/>\n\u00c9cart de 500 g \u00e0 1 000 g \u2264 \u00b1 2,5 g<br \/>\n&gt;1000g d\u00e9viation\u22644g<\/p>\n<p><strong>Caract\u00e9ristiques principales:<\/strong><\/p>\n<p>Fonction d&#039;agitation + moteur d&#039;entra\u00eenement servo de station de produit de haute pr\u00e9cision pour garantir une pr\u00e9cision quantitative \u00e9lev\u00e9e. Vis de commande du servomoteur et du servomoteur, performances stables, haute pr\u00e9cision. Structure enti\u00e8rement en acier inoxydable\u00a0; bo\u00eete \u00e0 mat\u00e9riaux ouverte horizontale (\u00e0 l&#039;int\u00e9rieur<br \/>\net ext\u00e9rieur poli), tr\u00e8s facile \u00e0 nettoyer. La t\u00eate de remplissage est \u00e9quip\u00e9e d&#039;un volant de r\u00e9glage de la hauteur, facile \u00e0 r\u00e9aliser.<br \/>\nmise en conserve de type r\u00e9servoir externe. Equip\u00e9 d&#039;un sac en tissu pour d\u00e9poussi\u00e9rer, aucune pollution de l&#039;environnement par la poussi\u00e8re. Compact et raisonnable<br \/>\nstructure, petite surface, facile \u00e0 nettoyer. Structure d&#039;installation \u00e0 vis fixe, mise en conserve sans pollution m\u00e9tallique.<\/p><\/div>\n<div><\/div>\n<\/div>\n<\/div>\n<\/div>\n<\/div>\n<\/div>\n<div class=\"J_module\">\n<div class=\"detail-decorate-json-renderer-container\">\n<div class=\"magic-7\">\n<p class=\"magic-8\"><strong><span class=\"magic-9\">Caract\u00e9ristiques:<\/span><\/strong><\/p>\n<div class=\"magic-10\">\n<div class=\"magic-11\">\n<div class=\"magic-12\">\n<div>1. Vitesse d&#039;emballage rapide<\/div>\n<div>2. Utilisez le contr\u00f4le par \u00e9cran tactile PLC, facile \u00e0 utiliser<br \/>\n3. Couvercle de dosage et de remplissage automatique<br \/>\n4. Excellente qualit\u00e9 d&#039;\u00e9tanch\u00e9it\u00e9<br \/>\n5. Corps en acier inoxydable (non \u00e9tanche)<br \/>\n6. Syst\u00e8me de pr\u00e9vention parfait (garantir le rendement du produit fini)<\/p>\n<p><strong>Flux de travail et caract\u00e9ristiques de la machine de remplissage lin\u00e9aire<\/strong><br \/>\n1. Machine d&#039;emballage de bouteilles manuelle, la bouteille est envoy\u00e9e du tapis roulant \u00e0 la machine de remplissage\u00a0;<br \/>\n2. V\u00e9rifiez le biberon via le syst\u00e8me photo\u00e9lectrique. (Ne conservez pas l&#039;arr\u00eat du biberon).<br \/>\n3. R\u00e9servoir d&#039;interception de cylindre, remplissage<br \/>\n4. Transport par bande \u00e9troite, la poussi\u00e8re est facile \u00e0 collecter et \u00e0 g\u00e9rer.<br \/>\n5. La machine \u00e0 couvrir place automatiquement la couverture.<br \/>\n6. Couvercle suspendu automatique, couvercle \u00e0 pression et couvercle tournant.<br \/>\n7. Coller l&#039;\u00e9tiquette 8. Sortie des produits finis<\/p>\n<p><strong>Description du produit de la machine de capsulage enti\u00e8rement automatique<\/strong><br \/>\nCe produit convient \u00e0 toutes sortes de produits chimiques quotidiens, m\u00e9dicaments, buses de l&#039;industrie alimentaire, t\u00eates de pompe, t\u00eates de bouteilles, bouteilles rondes.<br \/>\nBouchon, bouchon de bouche de canard et autres machines de couvercle de verrouillage de bouchon de bouteille, utilisation de l&#039;\u00e9lectricit\u00e9, mouvement de contr\u00f4le de combinaison de gaz, \u00e9lev\u00e9<br \/>\nstabilit\u00e9, peut verrouiller diff\u00e9rentes formes et sp\u00e9cifications du bouchon de la bouteille, la vitesse du couvercle de verrouillage peut \u00eatre ajust\u00e9e, peut \u00eatre ajust\u00e9e<br \/>\nselon l&#039;\u00e9tanch\u00e9it\u00e9 diff\u00e9rente du bouchon de la bouteille. Cette machine est facile \u00e0 utiliser, facile \u00e0 utiliser, c&#039;est une bonne machine pour remplacer le<br \/>\ncouvercle rotatif \u00e0 main humaine.<br \/>\nmod\u00e8le de produit: TF-SGJ-001<br \/>\nTension\u00a0:\u00a0AC220V 50\/60Hz<br \/>\npuissance: 800W<br \/>\nPression atmosph\u00e9rique : 0,4-0,6 MPa.<br \/>\nplage de couverture\u00a0: \u03a6 18-65\u00a0mm (personnalis\u00e9e selon les exigences)<br \/>\nVitesse du couvercle d&#039;essorage\u00a0: 20 \u00e0 45 bouteilles\/min<br \/>\nS&#039;adapter \u00e0 la hauteur de la bouteille : 50-300 mm (il peut \u00eatre personnalis\u00e9 selon les besoins)<br \/>\nType de bouchon de bouteille : plastique, mat\u00e9riau m\u00e9tallique du couvercle rond, couvercle de la t\u00eate de pompe, couvercle de la bouche de canard, etc.<br \/>\nLe poids de la machine : 90 kg<br \/>\nTaille d&#039;apparence: 760X1450X2000mm<\/div>\n<\/div>\n<\/div>\n<\/div>\n<\/div>\n<\/div>\n<\/div>\n<\/div>\n<\/div>\n<p><img decoding=\"async\" class=\"alignnone wp-image-646\" src=\"http:\/\/higheasy.cn\/wp-content\/uploads\/2023\/07\/HTB1Lnd7QMHqK1RjSZFgq6y7JXXaU.jpg\" alt=\"higheasy\" width=\"1238\" height=\"1836\" srcset=\"https:\/\/higheasy.cn\/wp-content\/uploads\/2023\/07\/HTB1Lnd7QMHqK1RjSZFgq6y7JXXaU.jpg 750w, https:\/\/higheasy.cn\/wp-content\/uploads\/2023\/07\/HTB1Lnd7QMHqK1RjSZFgq6y7JXXaU-300x445.jpg 300w, https:\/\/higheasy.cn\/wp-content\/uploads\/2023\/07\/HTB1Lnd7QMHqK1RjSZFgq6y7JXXaU-202x300.jpg 202w, https:\/\/higheasy.cn\/wp-content\/uploads\/2023\/07\/HTB1Lnd7QMHqK1RjSZFgq6y7JXXaU-691x1024.jpg 691w\" sizes=\"(max-width: 1238px) 100vw, 1238px\" \/><\/p>\n<p>La soci\u00e9t\u00e9 dispose d&#039;un groupe d&#039;\u00e9quipes professionnelles de recherche et d\u00e9veloppement technologique, d&#039;\u00e9quipements de traitement avanc\u00e9s et d&#039;un certain nombre de brevets d&#039;invention. La soci\u00e9t\u00e9 produit une grande vari\u00e9t\u00e9 de machines d&#039;emballage, les principaux produits sont\u00a0: la machine de remplissage de forme verticale (VFFS), la machine d&#039;emballage en b\u00e2tonnets, la machine d&#039;emballage de poudre, la machine d&#039;emballage de liquides et les s\u00e9ries de peseuses associatives, qui sont largement utilis\u00e9es dans les aliments, les produits chimiques et les boissons. , produits agricoles, jouets et emballages dans les produits industriels et autres industries, les produits sont export\u00e9s dans le monde entier et ont obtenu des agents de marketing professionnels dans de nombreux pays et r\u00e9gions. Les produits et services ont \u00e9t\u00e9 unanimement reconnus et lou\u00e9s par les clients.<\/p>\n<p><img loading=\"lazy\" decoding=\"async\" class=\"alignnone size-full wp-image-662\" src=\"http:\/\/higheasy.cn\/wp-content\/uploads\/2023\/07\/5.jpg\" alt=\"small yogurt production line\" width=\"1200\" height=\"604\" srcset=\"https:\/\/higheasy.cn\/wp-content\/uploads\/2023\/07\/5.jpg 1200w, https:\/\/higheasy.cn\/wp-content\/uploads\/2023\/07\/5-300x151.jpg 300w, https:\/\/higheasy.cn\/wp-content\/uploads\/2023\/07\/5-1024x515.jpg 1024w, https:\/\/higheasy.cn\/wp-content\/uploads\/2023\/07\/5-768x387.jpg 768w\" sizes=\"(max-width: 1200px) 100vw, 1200px\" \/><\/p>","protected":false},"excerpt":{"rendered":"<p>Specification item value Condition New Type Filling Machine Machinery Capacity 0-19L\/H Applicable Industries Manufacturing Plant, Food &amp; Beverage Factory Showroom Location None Application Food, Beverage, Commodity, Chemical Packaging Type powder Packaging Material Plastic, Metal, Glass Automatic Grade Semi-automatic Driven Type Mechanical Voltage 220V 50-60HZ Place of Origin China Guangdong Brand Name Dimension(L*W*H) 885*790*2250mm Weight 50KG [&hellip;]<\/p>","protected":false},"featured_media":1091,"template":"","meta":{"site-sidebar-layout":"default","site-content-layout":"default","ast-site-content-layout":"default","site-content-style":"default","site-sidebar-style":"default","ast-global-header-display":"","ast-banner-title-visibility":"","ast-main-header-display":"","ast-hfb-above-header-display":"","ast-hfb-below-header-display":"","ast-hfb-mobile-header-display":"","site-post-title":"","ast-breadcrumbs-content":"","ast-featured-img":"","footer-sml-layout":"","theme-transparent-header-meta":"default","adv-header-id-meta":"","stick-header-meta":"","header-above-stick-meta":"","header-main-stick-meta":"","header-below-stick-meta":"","astra-migrate-meta-layouts":"set","ast-page-background-enabled":"default","ast-page-background-meta":{"desktop":{"background-color":"","background-image":"","background-repeat":"repeat","background-position":"center center","background-size":"auto","background-attachment":"scroll","background-type":"","background-media":"","overlay-type":"","overlay-color":"","overlay-opacity":"","overlay-gradient":""},"tablet":{"background-color":"","background-image":"","background-repeat":"repeat","background-position":"center center","background-size":"auto","background-attachment":"scroll","background-type":"","background-media":"","overlay-type":"","overlay-color":"","overlay-opacity":"","overlay-gradient":""},"mobile":{"background-color":"","background-image":"","background-repeat":"repeat","background-position":"center center","background-size":"auto","background-attachment":"scroll","background-type":"","background-media":"","overlay-type":"","overlay-color":"","overlay-opacity":"","overlay-gradient":""}},"ast-content-background-meta":{"desktop":{"background-color":"var(--ast-global-color-5)","background-image":"","background-repeat":"repeat","background-position":"center center","background-size":"auto","background-attachment":"scroll","background-type":"","background-media":"","overlay-type":"","overlay-color":"","overlay-opacity":"","overlay-gradient":""},"tablet":{"background-color":"var(--ast-global-color-5)","background-image":"","background-repeat":"repeat","background-position":"center center","background-size":"auto","background-attachment":"scroll","background-type":"","background-media":"","overlay-type":"","overlay-color":"","overlay-opacity":"","overlay-gradient":""},"mobile":{"background-color":"var(--ast-global-color-5)","background-image":"","background-repeat":"repeat","background-position":"center center","background-size":"auto","background-attachment":"scroll","background-type":"","background-media":"","overlay-type":"","overlay-color":"","overlay-opacity":"","overlay-gradient":""}}},"product_brand":[],"product_cat":[40],"product_tag":[],"class_list":{"0":"post-1090","1":"product","2":"type-product","3":"status-publish","4":"has-post-thumbnail","6":"product_cat-accessories","7":"desktop-align-left","8":"tablet-align-left","9":"mobile-align-left","11":"first","12":"instock","13":"shipping-taxable","14":"product-type-simple"},"_links":{"self":[{"href":"https:\/\/higheasy.cn\/fr\/wp-json\/wp\/v2\/product\/1090","targetHints":{"allow":["GET"]}}],"collection":[{"href":"https:\/\/higheasy.cn\/fr\/wp-json\/wp\/v2\/product"}],"about":[{"href":"https:\/\/higheasy.cn\/fr\/wp-json\/wp\/v2\/types\/product"}],"wp:featuredmedia":[{"embeddable":true,"href":"https:\/\/higheasy.cn\/fr\/wp-json\/wp\/v2\/media\/1091"}],"wp:attachment":[{"href":"https:\/\/higheasy.cn\/fr\/wp-json\/wp\/v2\/media?parent=1090"}],"wp:term":[{"taxonomy":"product_brand","embeddable":true,"href":"https:\/\/higheasy.cn\/fr\/wp-json\/wp\/v2\/product_brand?post=1090"},{"taxonomy":"product_cat","embeddable":true,"href":"https:\/\/higheasy.cn\/fr\/wp-json\/wp\/v2\/product_cat?post=1090"},{"taxonomy":"product_tag","embeddable":true,"href":"https:\/\/higheasy.cn\/fr\/wp-json\/wp\/v2\/product_tag?post=1090"}],"curies":[{"name":"wp","href":"https:\/\/api.w.org\/{rel}","templated":true}]}}