{"id":1077,"date":"2023-10-18T14:55:03","date_gmt":"2023-10-18T14:55:03","guid":{"rendered":"https:\/\/mediumturquoise-pheasant-889000.hostingersite.com\/?post_type=product&#038;p=1077"},"modified":"2023-10-18T15:12:51","modified_gmt":"2023-10-18T15:12:51","slug":"automatic-carton-box-case-sealer-opening-sealing-machine","status":"publish","type":"product","link":"https:\/\/higheasy.cn\/fr\/produit\/automatic-carton-box-case-sealer-opening-sealing-machine\/","title":{"rendered":"Machine automatique de cachetage d&#039;ouverture de scelleuse de bo\u00eete de carton"},"content":{"rendered":"<div class=\"J_module\">\n<div class=\"icbu-pc-detailManyImage magic-1\">\n<p><span data-spm-anchor-id=\"a2700.details.0.i19.7d4c58a4LXyZc3\">INTRODUCTION<\/span><\/p>\n<p>La vitesse d&#039;ouverture verticale peut atteindre 10 cartons en une minute.  La machine d&#039;ouverture a \u00e9t\u00e9 largement utilis\u00e9e dans les industries alimentaires, m\u00e9dicales, des boissons, du tabac, des produits chimiques quotidiens, de l&#039;\u00e9lectronique et d&#039;autres industries.<\/p>\n<p>&nbsp;<\/p>\n<p>CARACT\u00c9RISTIQUES<\/p>\n<ul>\n<li>Utiliser des pi\u00e8ces durables, des composants \u00e9lectriques et des composants pneumatiques\u00a0;<\/li>\n<li>Peut \u00eatre utilis\u00e9 avec une seule op\u00e9ration de machine, peut \u00e9galement \u00eatre utilis\u00e9 avec une ligne d&#039;emballage automatique\u00a0;<\/li>\n<li>Stockage vertical des cartons, r\u00e9approvisionnable \u00e0 tout moment sans arr\u00eat<\/li>\n<li>\u00c9conomisez sur les co\u00fbts de main-d&#039;\u0153uvre, emballage automatique par la machine au lieu d&#039;ach\u00e8vement manuel<\/li>\n<li>Am\u00e9liorer l&#039;efficacit\u00e9. la conception raisonnable de la machine de couverture inf\u00e9rieure, du fond pliant et du fond scell\u00e9 avec des op\u00e9rations synchrones<\/li>\n<li>Montage de cartons, vitesse de carton ouvert stable, efficacit\u00e9 sup\u00e9rieure.<\/li>\n<li>Plus s\u00fbr. Il est install\u00e9 avec un couvercle de protection en plexiglas transparent et arr\u00eate automatiquement la porte pour \u00e9viter les accidents de fonctionnement.<\/li>\n<\/ul>\n<p>&nbsp;<\/p>\n<p>PARAM\u00c8TRES<\/p>\n<table border=\"1\" cellspacing=\"0\">\n<tbody>\n<tr>\n<td colspan=\"2\" valign=\"top\" width=\"653\">Param\u00e8tres du mod\u00e8le<\/td>\n<\/tr>\n<tr>\n<td valign=\"top\" width=\"247\">Vitesse d&#039;ouverture du carton<\/td>\n<td valign=\"top\" width=\"406\">8-10 cartons\/min<\/td>\n<\/tr>\n<tr>\n<td valign=\"top\" width=\"247\">Taille du carton<\/td>\n<td valign=\"top\" width=\"406\">L320-650xL200-500xH150-500mm<\/td>\n<\/tr>\n<tr>\n<td valign=\"top\" width=\"247\">Source de courant<\/td>\n<td valign=\"top\" width=\"406\">220 V 50\/60 Hz monophas\u00e9<\/td>\n<\/tr>\n<tr>\n<td valign=\"top\" width=\"247\">Pouvoir<\/td>\n<td valign=\"top\" width=\"406\">240W<\/td>\n<\/tr>\n<tr>\n<td valign=\"top\" width=\"247\">Largeur du ruban adh\u00e9sif<\/td>\n<td valign=\"top\" width=\"406\">48\/65-72 mm (choisissez un type)<\/td>\n<\/tr>\n<tr>\n<td valign=\"top\" width=\"247\">Quantit\u00e9 de stockage de cartons<\/td>\n<td valign=\"top\" width=\"406\">80-100 pi\u00e8ces (1000 mm)<\/td>\n<\/tr>\n<tr>\n<td valign=\"top\" width=\"247\">Consommation d&#039;air<\/td>\n<td valign=\"top\" width=\"406\">500NL\/min<\/td>\n<\/tr>\n<tr>\n<td valign=\"top\" width=\"247\">Compression d&#039;air<\/td>\n<td valign=\"top\" width=\"406\">6kg\/cm\u00b3<\/td>\n<\/tr>\n<tr>\n<td valign=\"top\" width=\"247\">Hauteur de la table<\/td>\n<td valign=\"top\" width=\"406\">620+30mm<\/td>\n<\/tr>\n<tr>\n<td valign=\"top\" width=\"247\">Dimension de la machine<\/td>\n<td valign=\"top\" width=\"406\">L2350\u00d7L2100\u00d7H1650mm<\/td>\n<\/tr>\n<tr>\n<td valign=\"top\" width=\"247\">Poids de la machine<\/td>\n<td valign=\"top\" width=\"406\">500Kg<\/td>\n<\/tr>\n<\/tbody>\n<\/table>\n<\/div>\n<\/div>\n<p><img fetchpriority=\"high\" decoding=\"async\" class=\"alignnone wp-image-646\" src=\"http:\/\/higheasy.cn\/wp-content\/uploads\/2023\/07\/HTB1Lnd7QMHqK1RjSZFgq6y7JXXaU.jpg\" alt=\"higheasy\" width=\"1238\" height=\"1836\" srcset=\"https:\/\/higheasy.cn\/wp-content\/uploads\/2023\/07\/HTB1Lnd7QMHqK1RjSZFgq6y7JXXaU.jpg 750w, https:\/\/higheasy.cn\/wp-content\/uploads\/2023\/07\/HTB1Lnd7QMHqK1RjSZFgq6y7JXXaU-300x445.jpg 300w, https:\/\/higheasy.cn\/wp-content\/uploads\/2023\/07\/HTB1Lnd7QMHqK1RjSZFgq6y7JXXaU-202x300.jpg 202w, https:\/\/higheasy.cn\/wp-content\/uploads\/2023\/07\/HTB1Lnd7QMHqK1RjSZFgq6y7JXXaU-691x1024.jpg 691w\" sizes=\"(max-width: 1238px) 100vw, 1238px\" \/><\/p>\n<p>La soci\u00e9t\u00e9 dispose d&#039;un groupe d&#039;\u00e9quipes professionnelles de recherche et d\u00e9veloppement technologique, d&#039;\u00e9quipements de traitement avanc\u00e9s et d&#039;un certain nombre de brevets d&#039;invention. La soci\u00e9t\u00e9 produit une grande vari\u00e9t\u00e9 de machines d&#039;emballage, les principaux produits sont\u00a0: la machine de remplissage de forme verticale (VFFS), la machine d&#039;emballage en b\u00e2tonnets, la machine d&#039;emballage de poudre, la machine d&#039;emballage de liquides et les s\u00e9ries de peseuses associatives, qui sont largement utilis\u00e9es dans les aliments, les produits chimiques et les boissons. , produits agricoles, jouets et emballages dans les produits industriels et autres industries, les produits sont export\u00e9s dans le monde entier et ont obtenu des agents de marketing professionnels dans de nombreux pays et r\u00e9gions. Les produits et services ont \u00e9t\u00e9 unanimement reconnus et lou\u00e9s par les clients.<\/p>\n<p><img decoding=\"async\" class=\"alignnone size-full wp-image-662\" src=\"http:\/\/higheasy.cn\/wp-content\/uploads\/2023\/07\/5.jpg\" alt=\"small yogurt production line\" width=\"1200\" height=\"604\" srcset=\"https:\/\/higheasy.cn\/wp-content\/uploads\/2023\/07\/5.jpg 1200w, https:\/\/higheasy.cn\/wp-content\/uploads\/2023\/07\/5-300x151.jpg 300w, https:\/\/higheasy.cn\/wp-content\/uploads\/2023\/07\/5-1024x515.jpg 1024w, https:\/\/higheasy.cn\/wp-content\/uploads\/2023\/07\/5-768x387.jpg 768w\" sizes=\"(max-width: 1200px) 100vw, 1200px\" \/><\/p>","protected":false},"excerpt":{"rendered":"<p>INTRODUCTION The vertical\u00a0opening\u00a0speed can reach 10cartons in one minute. \u00a0The\u00a0opening\u00a0machine has been widely used in food, medicine, beverage, tobacco, daily chemicals, electronics and other industries. &nbsp; CHARACTERISTICS Use durable parts, electrical components and pneumatic components; Can be used with single machine operation also can be used with automatic packaging line; Vertical \u00a0cardboard storage , and [&hellip;]<\/p>","protected":false},"featured_media":1078,"template":"","meta":{"site-sidebar-layout":"default","site-content-layout":"default","ast-site-content-layout":"default","site-content-style":"default","site-sidebar-style":"default","ast-global-header-display":"","ast-banner-title-visibility":"","ast-main-header-display":"","ast-hfb-above-header-display":"","ast-hfb-below-header-display":"","ast-hfb-mobile-header-display":"","site-post-title":"","ast-breadcrumbs-content":"","ast-featured-img":"","footer-sml-layout":"","theme-transparent-header-meta":"default","adv-header-id-meta":"","stick-header-meta":"","header-above-stick-meta":"","header-main-stick-meta":"","header-below-stick-meta":"","astra-migrate-meta-layouts":"set","ast-page-background-enabled":"default","ast-page-background-meta":{"desktop":{"background-color":"","background-image":"","background-repeat":"repeat","background-position":"center center","background-size":"auto","background-attachment":"scroll","background-type":"","background-media":"","overlay-type":"","overlay-color":"","overlay-opacity":"","overlay-gradient":""},"tablet":{"background-color":"","background-image":"","background-repeat":"repeat","background-position":"center center","background-size":"auto","background-attachment":"scroll","background-type":"","background-media":"","overlay-type":"","overlay-color":"","overlay-opacity":"","overlay-gradient":""},"mobile":{"background-color":"","background-image":"","background-repeat":"repeat","background-position":"center center","background-size":"auto","background-attachment":"scroll","background-type":"","background-media":"","overlay-type":"","overlay-color":"","overlay-opacity":"","overlay-gradient":""}},"ast-content-background-meta":{"desktop":{"background-color":"var(--ast-global-color-5)","background-image":"","background-repeat":"repeat","background-position":"center center","background-size":"auto","background-attachment":"scroll","background-type":"","background-media":"","overlay-type":"","overlay-color":"","overlay-opacity":"","overlay-gradient":""},"tablet":{"background-color":"var(--ast-global-color-5)","background-image":"","background-repeat":"repeat","background-position":"center center","background-size":"auto","background-attachment":"scroll","background-type":"","background-media":"","overlay-type":"","overlay-color":"","overlay-opacity":"","overlay-gradient":""},"mobile":{"background-color":"var(--ast-global-color-5)","background-image":"","background-repeat":"repeat","background-position":"center center","background-size":"auto","background-attachment":"scroll","background-type":"","background-media":"","overlay-type":"","overlay-color":"","overlay-opacity":"","overlay-gradient":""}}},"product_brand":[],"product_cat":[22,41],"product_tag":[],"class_list":{"0":"post-1077","1":"product","2":"type-product","3":"status-publish","4":"has-post-thumbnail","6":"product_cat-hot-products","7":"product_cat-carton-box-sealer-sealing-machine","8":"desktop-align-left","9":"tablet-align-left","10":"mobile-align-left","12":"first","13":"instock","14":"shipping-taxable","15":"product-type-simple"},"_links":{"self":[{"href":"https:\/\/higheasy.cn\/fr\/wp-json\/wp\/v2\/product\/1077","targetHints":{"allow":["GET"]}}],"collection":[{"href":"https:\/\/higheasy.cn\/fr\/wp-json\/wp\/v2\/product"}],"about":[{"href":"https:\/\/higheasy.cn\/fr\/wp-json\/wp\/v2\/types\/product"}],"wp:featuredmedia":[{"embeddable":true,"href":"https:\/\/higheasy.cn\/fr\/wp-json\/wp\/v2\/media\/1078"}],"wp:attachment":[{"href":"https:\/\/higheasy.cn\/fr\/wp-json\/wp\/v2\/media?parent=1077"}],"wp:term":[{"taxonomy":"product_brand","embeddable":true,"href":"https:\/\/higheasy.cn\/fr\/wp-json\/wp\/v2\/product_brand?post=1077"},{"taxonomy":"product_cat","embeddable":true,"href":"https:\/\/higheasy.cn\/fr\/wp-json\/wp\/v2\/product_cat?post=1077"},{"taxonomy":"product_tag","embeddable":true,"href":"https:\/\/higheasy.cn\/fr\/wp-json\/wp\/v2\/product_tag?post=1077"}],"curies":[{"name":"wp","href":"https:\/\/api.w.org\/{rel}","templated":true}]}}