{"id":1075,"date":"2023-10-18T14:51:46","date_gmt":"2023-10-18T14:51:46","guid":{"rendered":"https:\/\/mediumturquoise-pheasant-889000.hostingersite.com\/?post_type=product&#038;p=1075"},"modified":"2023-10-18T14:54:48","modified_gmt":"2023-10-18T14:54:48","slug":"curved-offset-plastic-paper-cup-bowl-digital-printing-machine-cup","status":"publish","type":"product","link":"https:\/\/higheasy.cn\/fr\/produit\/curved-offset-plastic-paper-cup-bowl-digital-printing-machine-cup\/","title":{"rendered":"Tasse de machine d&#039;impression num\u00e9rique de bol de tasse de papier en plastique offset incurv\u00e9"},"content":{"rendered":"<div class=\"J_module\"><\/div>\n<div class=\"J_module\">\n<div class=\"icbu-pc-detailManyImage magic-1\">\n<h3 style=\"text-align: center;\"><span style=\"color: #000000;\"><strong><a style=\"color: #000000;\">Bol et tasse en papier plastique d\u00e9cal\u00e9 incurv\u00e9<\/a><\/strong><\/span><\/h3>\n<h3 style=\"text-align: center;\"><span style=\"color: #000000;\"><strong><a style=\"color: #000000;\">Imprimante<\/a><\/strong><\/span><\/h3>\n<p style=\"text-align: center;\"><img fetchpriority=\"high\" decoding=\"async\" class=\"\" src=\"https:\/\/sc01.alicdn.com\/kf\/H355527d8eca44fef8c041acd7c9b7ef6W\/222958773\/H355527d8eca44fef8c041acd7c9b7ef6W.jpg\" alt=\"Curved offset plastic paper cup bowl digital printing machine cup\" width=\"1035\" height=\"777\" data-src=\"\/\/sc01.alicdn.com\/kf\/H355527d8eca44fef8c041acd7c9b7ef6W\/222958773\/H355527d8eca44fef8c041acd7c9b7ef6W.jpg\" data-alt=\"Curved offset plastic paper cup bowl digital printing machine cup\" \/><\/p>\n<p style=\"text-align: center;\"><a>machine d&#039;impression de tasse<\/a><\/p>\n<p style=\"text-align: center;\"><strong>\u00c9chantillons<\/strong><\/p>\n<p style=\"text-align: center;\"><img decoding=\"async\" src=\"https:\/\/sc01.alicdn.com\/kf\/H9178c97a5a6a46aabdb761d4f1d250faB\/222958773\/H9178c97a5a6a46aabdb761d4f1d250faB.jpg\" alt=\"Curved offset plastic paper cup bowl digital printing machine cup\" width=\"500\" height=\"375\" data-src=\"\/\/sc01.alicdn.com\/kf\/H9178c97a5a6a46aabdb761d4f1d250faB\/222958773\/H9178c97a5a6a46aabdb761d4f1d250faB.jpg\" data-alt=\"Curved offset plastic paper cup bowl digital printing machine cup\" \/><\/p>\n<p style=\"text-align: center;\"><a>machine d&#039;impression de gobelets en plastique<\/a><\/p>\n<p style=\"text-align: center;\"><img decoding=\"async\" src=\"https:\/\/sc01.alicdn.com\/kf\/H51b23a57cda14bcc82afe7daee1c9676g\/222958773\/H51b23a57cda14bcc82afe7daee1c9676g.jpg\" alt=\"Curved offset plastic paper cup bowl digital printing machine cup\" width=\"500\" height=\"375\" data-src=\"\/\/sc01.alicdn.com\/kf\/H51b23a57cda14bcc82afe7daee1c9676g\/222958773\/H51b23a57cda14bcc82afe7daee1c9676g.jpg\" data-alt=\"Curved offset plastic paper cup bowl digital printing machine cup\" \/><\/p>\n<p style=\"text-align: center;\"><a>machine d&#039;impression de gobelets pour animaux de compagnie<\/a><\/p>\n<p style=\"text-align: center;\"><img loading=\"lazy\" decoding=\"async\" src=\"https:\/\/sc02.alicdn.com\/kf\/H3b5d8d85d9194df893f418546d87b171l\/222958773\/H3b5d8d85d9194df893f418546d87b171l.jpg\" alt=\"Curved offset plastic paper cup bowl digital printing machine cup\" width=\"500\" height=\"375\" data-src=\"\/\/sc02.alicdn.com\/kf\/H3b5d8d85d9194df893f418546d87b171l\/222958773\/H3b5d8d85d9194df893f418546d87b171l.jpg\" data-alt=\"Curved offset plastic paper cup bowl digital printing machine cup\" \/><\/p>\n<p style=\"text-align: center;\"><a>machines d&#039;impression offset web<\/a><\/p>\n<p style=\"text-align: center;\"><img loading=\"lazy\" decoding=\"async\" src=\"https:\/\/sc02.alicdn.com\/kf\/H67858c8badfe4bc3a03ea5dbb768ef11c\/222958773\/H67858c8badfe4bc3a03ea5dbb768ef11c.jpg\" alt=\"Curved offset plastic paper cup bowl digital printing machine cup\" width=\"500\" height=\"375\" data-src=\"\/\/sc02.alicdn.com\/kf\/H67858c8badfe4bc3a03ea5dbb768ef11c\/222958773\/H67858c8badfe4bc3a03ea5dbb768ef11c.jpg\" data-alt=\"Curved offset plastic paper cup bowl digital printing machine cup\" \/><\/p>\n<p style=\"text-align: center;\"><a>machine \u00e0 gobelets d&#039;impression<\/a><\/p>\n<p style=\"text-align: center;\"><img loading=\"lazy\" decoding=\"async\" src=\"https:\/\/sc02.alicdn.com\/kf\/H9cdf24bdbb2747c7954caf102c938b7c6\/222958773\/H9cdf24bdbb2747c7954caf102c938b7c6.jpg\" alt=\"Curved offset plastic paper cup bowl digital printing machine cup\" width=\"500\" height=\"375\" data-src=\"\/\/sc02.alicdn.com\/kf\/H9cdf24bdbb2747c7954caf102c938b7c6\/222958773\/H9cdf24bdbb2747c7954caf102c938b7c6.jpg\" data-alt=\"Curved offset plastic paper cup bowl digital printing machine cup\" \/><\/p>\n<p style=\"text-align: center;\"><a>machine d&#039;impression de gobelets en papier<\/a><\/p>\n<p><img loading=\"lazy\" decoding=\"async\" class=\"\" src=\"https:\/\/sc01.alicdn.com\/kf\/HTB1uMedP4TpK1RjSZFKq6y2wXXaY\/222958773\/HTB1uMedP4TpK1RjSZFKq6y2wXXaY.jpg\" alt=\"Curved offset plastic paper cup bowl digital printing machine cup\" width=\"1071\" height=\"90\" data-src=\"https:\/\/sc01.alicdn.com\/kf\/HTB1uMedP4TpK1RjSZFKq6y2wXXaY\/222958773\/HTB1uMedP4TpK1RjSZFKq6y2wXXaY.jpg\" data-alt=\"Curved offset plastic paper cup bowl digital printing machine cup\" \/><\/p>\n<p>* Structure de station de couleur mature et fiable, bas\u00e9e sur des d\u00e9cennies d&#039;exp\u00e9rience en fabrication.<\/p>\n<p>* Effet d&#039;impression fin, chaque station couleur utilise un seul rouleau en caoutchouc d&#039;impression.<\/p>\n<p>* Syst\u00e8me d&#039;installation de plaque d&#039;impression \u00ab\u00a0L&#039;installation rapide de la plaque d&#039;impression peut \u00eatre imprim\u00e9e\u00a0\u00bb.<\/p>\n<p>* Il existe 6 stations couleur, chacune avec 8 rouleaux encreurs.<\/p>\n<p>* Espace pratique de r\u00e9glage de l&#039;impression et du fonctionnement.<\/p>\n<p>* Le m\u00e9canisme d&#039;alimentation ind\u00e9pendant du gobelet \u00e0 vis, entra\u00een\u00e9 par moteur, assure une livraison plus pr\u00e9cise du produit.<\/p>\n<p>* La vitesse d&#039;impression la plus rapide peut atteindre 380 tasses par minute.<\/p>\n<p>* L&#039;\u00e9cran de fonctionnement graphique facilite le contr\u00f4le de la machine.<\/p>\n<p>* Le gobelet d&#039;alimentation \u00e0 courroie est \u00e9quip\u00e9 d&#039;un m\u00e9canisme de r\u00e9gulation de pression.<\/p>\n<p>* Le syst\u00e8me de pr\u00e9traitement corona est \u00e9galement \u00e9quip\u00e9 d&#039;un m\u00e9canisme d&#039;\u00e9lectrode facilement r\u00e9glable.<\/p>\n<p>* La m\u00e9thode d&#039;assemblage de remplacement rapide du disque central peut \u00eatre utilis\u00e9e sur toutes les machines d&#039;impression de gobelets Liming.<\/p>\n<p>* Le contr\u00f4le de la rotation du noyau d&#039;impression est utilis\u00e9 dans tous les processus de pr\u00e9traitement et de durcissement.<\/p>\n<p>* Diagnostic \u00e0 distance via modem.<\/p>\n<p>* Syst\u00e8me de retrait de type ceinture.<\/p>\n<p>* Table d&#039;emballage avec empilement de technologie de pr\u00e9cision de distribution de lumi\u00e8re servo.<\/p>\n<p><img loading=\"lazy\" decoding=\"async\" class=\"\" src=\"https:\/\/sc02.alicdn.com\/kf\/HTB1YzZ5Q7voK1RjSZPfq6xPKFXaY\/222958773\/HTB1YzZ5Q7voK1RjSZPfq6xPKFXaY.jpg\" alt=\"Curved offset plastic paper cup bowl digital printing machine cup\" width=\"1095\" height=\"92\" data-src=\"https:\/\/sc02.alicdn.com\/kf\/HTB1YzZ5Q7voK1RjSZPfq6xPKFXaY\/222958773\/HTB1YzZ5Q7voK1RjSZPfq6xPKFXaY.jpg\" data-alt=\"Curved offset plastic paper cup bowl digital printing machine cup\" \/><\/p>\n<table border=\"3\">\n<tbody>\n<tr>\n<td><strong>Type de produit imprim\u00e9<\/strong><\/td>\n<td><strong>Tasse ronde (bol, pot de fleur, etc.)<\/strong><\/td>\n<\/tr>\n<tr>\n<td><strong>Mat\u00e9riau applicable pour les gobelets d&#039;impression<\/strong><\/td>\n<td><strong>PP, PET, PS, ENV, etc.<\/strong><\/td>\n<\/tr>\n<tr>\n<td><strong>Vitesse d&#039;impression<\/strong><\/td>\n<td><strong>16000 pi\u00e8ces\/heures<\/strong><\/td>\n<\/tr>\n<tr>\n<td><strong>Hauteur de la tasse d&#039;impression<\/strong><\/td>\n<td><strong>30-180mm<\/strong><\/td>\n<\/tr>\n<tr>\n<td><strong>Diam\u00e8tre de la tasse\u00a0<\/strong><\/td>\n<td><strong>40-160mm<\/strong><\/td>\n<\/tr>\n<tr>\n<td><strong>Diam\u00e8tre maximum du bord de la tasse\/du bol<\/strong><\/td>\n<td><strong>\u03c6180mm<\/strong><\/td>\n<\/tr>\n<tr>\n<td><strong>Angle d&#039;impression<\/strong><\/td>\n<td><strong>0-15\u00b0<\/strong><\/td>\n<\/tr>\n<tr>\n<td><strong>Hauteur d&#039;impression maximale<\/strong><\/td>\n<td><strong>160mm<\/strong><\/td>\n<\/tr>\n<tr>\n<td><strong>Longueur d&#039;impression maximale<\/strong><\/td>\n<td><strong>150\u00b0\u00a0: 368\u00a0mm<\/strong><\/p>\n<p><strong>120\u00b0:420mm<\/strong><\/p>\n<p><strong>90\u00b0\u00a0: 474\u00a0mm<\/strong><\/td>\n<\/tr>\n<tr>\n<td><strong>Longueur d&#039;impression maximale<\/strong><\/p>\n<p><strong>(Trois mod\u00e8les de couvertures)<\/strong><\/td>\n<td><strong>540mm<\/strong><\/td>\n<\/tr>\n<tr>\n<td><strong>Possibilit\u00e9s<\/strong><\/td>\n<td><strong>1. Dispositif de tasse sup\u00e9rieure<\/strong><\/p>\n<p><strong>2. Le plateau d&#039;alimentation en gobelets est \u00e9quip\u00e9 d&#039;une zone tampon pour gobelets.<\/strong><\/p>\n<p><strong>3. Table d&#039;emballage avec empilement automatique avec comptage de pr\u00e9cision laser.<\/strong><\/td>\n<\/tr>\n<\/tbody>\n<\/table>\n<\/div>\n<\/div>\n<div class=\"J_module\">\n<div class=\"icbu-pc-images magic-7\">\n<div class=\"flex-layout-v\">\n<div class=\"flex-layout-h magic-7\">\n<div class=\"magic-10\"><\/div>\n<\/div>\n<\/div>\n<\/div>\n<\/div>\n<p><img loading=\"lazy\" decoding=\"async\" class=\"alignnone wp-image-646\" src=\"http:\/\/higheasy.cn\/wp-content\/uploads\/2023\/07\/HTB1Lnd7QMHqK1RjSZFgq6y7JXXaU.jpg\" alt=\"higheasy\" width=\"1238\" height=\"1836\" srcset=\"https:\/\/higheasy.cn\/wp-content\/uploads\/2023\/07\/HTB1Lnd7QMHqK1RjSZFgq6y7JXXaU.jpg 750w, https:\/\/higheasy.cn\/wp-content\/uploads\/2023\/07\/HTB1Lnd7QMHqK1RjSZFgq6y7JXXaU-300x445.jpg 300w, https:\/\/higheasy.cn\/wp-content\/uploads\/2023\/07\/HTB1Lnd7QMHqK1RjSZFgq6y7JXXaU-202x300.jpg 202w, https:\/\/higheasy.cn\/wp-content\/uploads\/2023\/07\/HTB1Lnd7QMHqK1RjSZFgq6y7JXXaU-691x1024.jpg 691w\" sizes=\"(max-width: 1238px) 100vw, 1238px\" \/><\/p>\n<p>La soci\u00e9t\u00e9 dispose d&#039;un groupe d&#039;\u00e9quipes professionnelles de recherche et d\u00e9veloppement technologique, d&#039;\u00e9quipements de traitement avanc\u00e9s et d&#039;un certain nombre de brevets d&#039;invention. La soci\u00e9t\u00e9 produit une grande vari\u00e9t\u00e9 de machines d&#039;emballage, les principaux produits sont\u00a0: la machine de remplissage de forme verticale (VFFS), la machine d&#039;emballage en b\u00e2tonnets, la machine d&#039;emballage de poudre, la machine d&#039;emballage de liquides et les s\u00e9ries de peseuses associatives, qui sont largement utilis\u00e9es dans les aliments, les produits chimiques et les boissons. , produits agricoles, jouets et emballages dans les produits industriels et autres industries, les produits sont export\u00e9s dans le monde entier et ont obtenu des agents de marketing professionnels dans de nombreux pays et r\u00e9gions. Les produits et services ont \u00e9t\u00e9 unanimement reconnus et lou\u00e9s par les clients.<\/p>\n<p><img loading=\"lazy\" decoding=\"async\" class=\"alignnone size-full wp-image-662\" src=\"http:\/\/higheasy.cn\/wp-content\/uploads\/2023\/07\/5.jpg\" alt=\"small yogurt production line\" width=\"1200\" height=\"604\" srcset=\"https:\/\/higheasy.cn\/wp-content\/uploads\/2023\/07\/5.jpg 1200w, https:\/\/higheasy.cn\/wp-content\/uploads\/2023\/07\/5-300x151.jpg 300w, https:\/\/higheasy.cn\/wp-content\/uploads\/2023\/07\/5-1024x515.jpg 1024w, https:\/\/higheasy.cn\/wp-content\/uploads\/2023\/07\/5-768x387.jpg 768w\" sizes=\"(max-width: 1200px) 100vw, 1200px\" \/><\/p>","protected":false},"excerpt":{"rendered":"<p>Curved Offset\u00a0 Plastic Paper Bowl and Cup Printing Machine cup printing machine Samples plastic cup printing machine pet cup printing machine web offset printing machines print cup machine paper cup printing machine * Mature and reliable color station structure, based on decades of manufacturing experience. * Fine printing effect, each color station uses a single [&hellip;]<\/p>","protected":false},"featured_media":1076,"template":"","meta":{"site-sidebar-layout":"default","site-content-layout":"default","ast-site-content-layout":"default","site-content-style":"default","site-sidebar-style":"default","ast-global-header-display":"","ast-banner-title-visibility":"","ast-main-header-display":"","ast-hfb-above-header-display":"","ast-hfb-below-header-display":"","ast-hfb-mobile-header-display":"","site-post-title":"","ast-breadcrumbs-content":"","ast-featured-img":"","footer-sml-layout":"","theme-transparent-header-meta":"default","adv-header-id-meta":"","stick-header-meta":"","header-above-stick-meta":"","header-main-stick-meta":"","header-below-stick-meta":"","astra-migrate-meta-layouts":"set","ast-page-background-enabled":"default","ast-page-background-meta":{"desktop":{"background-color":"","background-image":"","background-repeat":"repeat","background-position":"center center","background-size":"auto","background-attachment":"scroll","background-type":"","background-media":"","overlay-type":"","overlay-color":"","overlay-opacity":"","overlay-gradient":""},"tablet":{"background-color":"","background-image":"","background-repeat":"repeat","background-position":"center center","background-size":"auto","background-attachment":"scroll","background-type":"","background-media":"","overlay-type":"","overlay-color":"","overlay-opacity":"","overlay-gradient":""},"mobile":{"background-color":"","background-image":"","background-repeat":"repeat","background-position":"center center","background-size":"auto","background-attachment":"scroll","background-type":"","background-media":"","overlay-type":"","overlay-color":"","overlay-opacity":"","overlay-gradient":""}},"ast-content-background-meta":{"desktop":{"background-color":"var(--ast-global-color-5)","background-image":"","background-repeat":"repeat","background-position":"center center","background-size":"auto","background-attachment":"scroll","background-type":"","background-media":"","overlay-type":"","overlay-color":"","overlay-opacity":"","overlay-gradient":""},"tablet":{"background-color":"var(--ast-global-color-5)","background-image":"","background-repeat":"repeat","background-position":"center center","background-size":"auto","background-attachment":"scroll","background-type":"","background-media":"","overlay-type":"","overlay-color":"","overlay-opacity":"","overlay-gradient":""},"mobile":{"background-color":"var(--ast-global-color-5)","background-image":"","background-repeat":"repeat","background-position":"center center","background-size":"auto","background-attachment":"scroll","background-type":"","background-media":"","overlay-type":"","overlay-color":"","overlay-opacity":"","overlay-gradient":""}}},"product_brand":[],"product_cat":[39],"product_tag":[],"class_list":{"0":"post-1075","1":"product","2":"type-product","3":"status-publish","4":"has-post-thumbnail","6":"product_cat-plastic-cup-making-machine","7":"desktop-align-left","8":"tablet-align-left","9":"mobile-align-left","11":"first","12":"instock","13":"shipping-taxable","14":"product-type-simple"},"_links":{"self":[{"href":"https:\/\/higheasy.cn\/fr\/wp-json\/wp\/v2\/product\/1075","targetHints":{"allow":["GET"]}}],"collection":[{"href":"https:\/\/higheasy.cn\/fr\/wp-json\/wp\/v2\/product"}],"about":[{"href":"https:\/\/higheasy.cn\/fr\/wp-json\/wp\/v2\/types\/product"}],"wp:featuredmedia":[{"embeddable":true,"href":"https:\/\/higheasy.cn\/fr\/wp-json\/wp\/v2\/media\/1076"}],"wp:attachment":[{"href":"https:\/\/higheasy.cn\/fr\/wp-json\/wp\/v2\/media?parent=1075"}],"wp:term":[{"taxonomy":"product_brand","embeddable":true,"href":"https:\/\/higheasy.cn\/fr\/wp-json\/wp\/v2\/product_brand?post=1075"},{"taxonomy":"product_cat","embeddable":true,"href":"https:\/\/higheasy.cn\/fr\/wp-json\/wp\/v2\/product_cat?post=1075"},{"taxonomy":"product_tag","embeddable":true,"href":"https:\/\/higheasy.cn\/fr\/wp-json\/wp\/v2\/product_tag?post=1075"}],"curies":[{"name":"wp","href":"https:\/\/api.w.org\/{rel}","templated":true}]}}