{"id":1064,"date":"2023-10-18T14:32:10","date_gmt":"2023-10-18T14:32:10","guid":{"rendered":"https:\/\/mediumturquoise-pheasant-889000.hostingersite.com\/?post_type=product&#038;p=1064"},"modified":"2023-10-18T14:39:41","modified_gmt":"2023-10-18T14:39:41","slug":"semi-auto-ready-to-eat-meal-fast-food-tray-lunch-box-sealing-machine","status":"publish","type":"product","link":"https:\/\/higheasy.cn\/fr\/produit\/semi-auto-ready-to-eat-meal-fast-food-tray-lunch-box-sealing-machine\/","title":{"rendered":"Machine de scellage semi-automatique pour bo\u00eetes \u00e0 lunch, plateaux de restauration rapide, repas pr\u00eats \u00e0 manger"},"content":{"rendered":"<p><img decoding=\"async\" src=\"https:\/\/sc04.alicdn.com\/kf\/H910e819344154db091c47e58fad0ee9eX\/222958773\/H910e819344154db091c47e58fad0ee9eX.jpg\" alt=\"Automatic ready to eat meal machine for vegetable fish meal food tray lunch Box\" \/><\/p>\n<p><img fetchpriority=\"high\" decoding=\"async\" class=\"aligncenter\" src=\"https:\/\/sc04.alicdn.com\/kf\/Hb5ab9392b35a440d90c184d98fed93d1H\/222958773\/Hb5ab9392b35a440d90c184d98fed93d1H.jpg\" alt=\"Semi-auto ready to eat meal fast food tray lunch box sealing machine\" width=\"970\" height=\"808\" data-src=\"\/\/sc04.alicdn.com\/kf\/Hb5ab9392b35a440d90c184d98fed93d1H\/222958773\/Hb5ab9392b35a440d90c184d98fed93d1H.jpg\" data-alt=\"Semi-auto ready to eat meal fast food tray lunch box sealing machine\" data-spm-anchor-id=\"a2700.details.0.i22.514a3e17uf2d3r\" \/><\/p>\n<p style=\"text-align: center;\"><img decoding=\"async\" class=\"\" src=\"https:\/\/sc04.alicdn.com\/kf\/H484ef23ff2a44084a9b627e6d3ecafb1K\/222958773\/H484ef23ff2a44084a9b627e6d3ecafb1K.jpg\" alt=\"Semi-auto ready to eat meal fast food tray lunch box sealing machine\" width=\"959\" height=\"959\" data-src=\"\/\/sc04.alicdn.com\/kf\/H484ef23ff2a44084a9b627e6d3ecafb1K\/222958773\/H484ef23ff2a44084a9b627e6d3ecafb1K.jpg\" data-alt=\"Semi-auto ready to eat meal fast food tray lunch box sealing machine\" \/><\/p>\n<p style=\"text-align: center;\"><a><img decoding=\"async\" class=\"\" src=\"https:\/\/sc04.alicdn.com\/kf\/H54498a7c45904ad19ed6d3a43666a061P\/222958773\/H54498a7c45904ad19ed6d3a43666a061P.jpg\" alt=\"Semi-auto ready to eat meal fast food tray lunch box sealing machine\" width=\"943\" height=\"943\" data-src=\"\/\/sc04.alicdn.com\/kf\/H54498a7c45904ad19ed6d3a43666a061P\/222958773\/H54498a7c45904ad19ed6d3a43666a061P.jpg\" data-alt=\"Semi-auto ready to eat meal fast food tray lunch box sealing machine\" \/><\/a><\/p>\n<p style=\"text-align: center;\"><a><img loading=\"lazy\" decoding=\"async\" class=\"\" src=\"https:\/\/sc04.alicdn.com\/kf\/Hdba1c4e4a43a47ac865dcd51452a5d9dc\/222958773\/Hdba1c4e4a43a47ac865dcd51452a5d9dc.jpg\" alt=\"Semi-auto ready to eat meal fast food tray lunch box sealing machine\" width=\"1156\" height=\"1156\" data-src=\"\/\/sc04.alicdn.com\/kf\/Hdba1c4e4a43a47ac865dcd51452a5d9dc\/222958773\/Hdba1c4e4a43a47ac865dcd51452a5d9dc.jpg\" data-alt=\"Semi-auto ready to eat meal fast food tray lunch box sealing machine\" \/><\/a><img loading=\"lazy\" decoding=\"async\" class=\"\" src=\"https:\/\/sc04.alicdn.com\/kf\/Hdd8c361791be431189b7a92974ad7c66O\/222958773\/Hdd8c361791be431189b7a92974ad7c66O.jpg\" alt=\"Semi-auto ready to eat meal fast food tray lunch box sealing machine\" width=\"1109\" height=\"1109\" data-src=\"\/\/sc04.alicdn.com\/kf\/Hdd8c361791be431189b7a92974ad7c66O\/222958773\/Hdd8c361791be431189b7a92974ad7c66O.jpg\" data-alt=\"Semi-auto ready to eat meal fast food tray lunch box sealing machine\" \/><img loading=\"lazy\" decoding=\"async\" class=\"\" src=\"https:\/\/sc04.alicdn.com\/kf\/Hd38658ffcd5c4fbfbfa63a8c1fca3a07Z\/222958773\/Hd38658ffcd5c4fbfbfa63a8c1fca3a07Z.jpg\" alt=\"Semi-auto ready to eat meal fast food tray lunch box sealing machine\" width=\"1132\" height=\"1132\" data-src=\"\/\/sc04.alicdn.com\/kf\/Hd38658ffcd5c4fbfbfa63a8c1fca3a07Z\/222958773\/Hd38658ffcd5c4fbfbfa63a8c1fca3a07Z.jpg\" data-alt=\"Semi-auto ready to eat meal fast food tray lunch box sealing machine\" \/><\/p>\n<p style=\"text-align: center;\"><a><img loading=\"lazy\" decoding=\"async\" class=\"\" src=\"https:\/\/sc04.alicdn.com\/kf\/H07702cbb1dae462bbc8c0c00182736efn\/222958773\/H07702cbb1dae462bbc8c0c00182736efn.jpg\" alt=\"Semi-auto ready to eat meal fast food tray lunch box sealing machine\" width=\"1160\" height=\"1160\" data-src=\"\/\/sc04.alicdn.com\/kf\/H07702cbb1dae462bbc8c0c00182736efn\/222958773\/H07702cbb1dae462bbc8c0c00182736efn.jpg\" data-alt=\"Semi-auto ready to eat meal fast food tray lunch box sealing machine\" \/><\/a>machine \u00e0 sceller les rayons;<a>machine de scellage de barquettes en plastique<\/a><\/p>\n<p style=\"text-align: center;\"><img loading=\"lazy\" decoding=\"async\" class=\"\" src=\"https:\/\/sc04.alicdn.com\/kf\/H7962da82b0e44770ac54fddac3921131k\/222958773\/H7962da82b0e44770ac54fddac3921131k.jpg\" alt=\"Semi-auto ready to eat meal fast food tray lunch box sealing machine\" width=\"1012\" height=\"1012\" data-src=\"\/\/sc04.alicdn.com\/kf\/H7962da82b0e44770ac54fddac3921131k\/222958773\/H7962da82b0e44770ac54fddac3921131k.jpg\" data-alt=\"Semi-auto ready to eat meal fast food tray lunch box sealing machine\" \/><\/p>\n<p><img loading=\"lazy\" decoding=\"async\" class=\"aligncenter\" src=\"https:\/\/sc04.alicdn.com\/kf\/H7a60a574e9284c238c34e6c2f1694682b\/222958773\/H7a60a574e9284c238c34e6c2f1694682b.jpg\" alt=\"Semi-auto ready to eat meal fast food tray lunch box sealing machine\" width=\"1127\" height=\"1127\" data-src=\"\/\/sc04.alicdn.com\/kf\/H7a60a574e9284c238c34e6c2f1694682b\/222958773\/H7a60a574e9284c238c34e6c2f1694682b.jpg\" data-alt=\"Semi-auto ready to eat meal fast food tray lunch box sealing machine\" \/><\/p>\n<p>Le plateau charg\u00e9 va \u00e0 la machine de scellage via le tapis roulant \u2192 le manipulateur alimente les plateaux dans le gabarit \u2192 alimentation automatique du film \u2192 scellage automatique \u2192 d\u00e9coupe automatique du film \u2192 le manipulateur alimente la bo\u00eete dans l&#039;\u00e9tiqueteuse et le tapis roulant \u00e0 jet d&#039;encre.<\/p>\n<p>&nbsp;<\/p>\n<p><strong>Caract\u00e9ristiques:<\/strong><\/p>\n<p>1. \u00c9quip\u00e9 d&#039;un gabarit solide \u00e9paissi en aluminium antirouille (fabriqu\u00e9 dans le Guangdong),<\/p>\n<p>aluminium antirouille en alliage alcalin r\u00e9sistant aux acides;<\/p>\n<p>2. Un r\u00e9servoir de stockage d&#039;air est \u00e9quip\u00e9 sur la machine pour am\u00e9liorer la stabilit\u00e9 de la pression atmosph\u00e9rique\u00a0;<\/p>\n<p>3. Adoptez une technologie de protection basse pression pour emp\u00eacher la basse pression d\u2019air de d\u00e9marrer la machine et am\u00e9liorer la fiabilit\u00e9 et la stabilit\u00e9 de la machine\u00a0;<\/p>\n<p>4. Utiliser une technologie d\u2019\u00e9chappement centralis\u00e9e pour r\u00e9duire la pollution\u00a0;<\/p>\n<p data-spm-anchor-id=\"a2700.details.0.i20.514a3e17uf2d3r\">5. La technologie d&#039;augmentation de la force d&#039;\u00e9tanch\u00e9it\u00e9 est adopt\u00e9e pour garantir la qualit\u00e9 de l&#039;\u00e9tanch\u00e9it\u00e9.<\/p>\n<p>&nbsp;<\/p>\n<p><img loading=\"lazy\" decoding=\"async\" class=\"alignnone wp-image-646\" src=\"http:\/\/higheasy.cn\/wp-content\/uploads\/2023\/07\/HTB1Lnd7QMHqK1RjSZFgq6y7JXXaU.jpg\" alt=\"higheasy\" width=\"1238\" height=\"1836\" srcset=\"https:\/\/higheasy.cn\/wp-content\/uploads\/2023\/07\/HTB1Lnd7QMHqK1RjSZFgq6y7JXXaU.jpg 750w, https:\/\/higheasy.cn\/wp-content\/uploads\/2023\/07\/HTB1Lnd7QMHqK1RjSZFgq6y7JXXaU-300x445.jpg 300w, https:\/\/higheasy.cn\/wp-content\/uploads\/2023\/07\/HTB1Lnd7QMHqK1RjSZFgq6y7JXXaU-202x300.jpg 202w, https:\/\/higheasy.cn\/wp-content\/uploads\/2023\/07\/HTB1Lnd7QMHqK1RjSZFgq6y7JXXaU-691x1024.jpg 691w\" sizes=\"(max-width: 1238px) 100vw, 1238px\" \/><\/p>\n<p>La soci\u00e9t\u00e9 dispose d&#039;un groupe d&#039;\u00e9quipes professionnelles de recherche et d\u00e9veloppement technologique, d&#039;\u00e9quipements de traitement avanc\u00e9s et d&#039;un certain nombre de brevets d&#039;invention. La soci\u00e9t\u00e9 produit une grande vari\u00e9t\u00e9 de machines d&#039;emballage, les principaux produits sont\u00a0: la machine de remplissage de forme verticale (VFFS), la machine d&#039;emballage en b\u00e2tonnets, la machine d&#039;emballage de poudre, la machine d&#039;emballage de liquides et les s\u00e9ries de peseuses associatives, qui sont largement utilis\u00e9es dans les aliments, les produits chimiques et les boissons. , produits agricoles, jouets et emballages dans les produits industriels et autres industries, les produits sont export\u00e9s dans le monde entier et ont obtenu des agents de marketing professionnels dans de nombreux pays et r\u00e9gions. Les produits et services ont \u00e9t\u00e9 unanimement reconnus et lou\u00e9s par les clients.<\/p>\n<p><img loading=\"lazy\" decoding=\"async\" class=\"alignnone size-full wp-image-662\" src=\"http:\/\/higheasy.cn\/wp-content\/uploads\/2023\/07\/5.jpg\" alt=\"small yogurt production line\" width=\"1200\" height=\"604\" srcset=\"https:\/\/higheasy.cn\/wp-content\/uploads\/2023\/07\/5.jpg 1200w, https:\/\/higheasy.cn\/wp-content\/uploads\/2023\/07\/5-300x151.jpg 300w, https:\/\/higheasy.cn\/wp-content\/uploads\/2023\/07\/5-1024x515.jpg 1024w, https:\/\/higheasy.cn\/wp-content\/uploads\/2023\/07\/5-768x387.jpg 768w\" sizes=\"(max-width: 1200px) 100vw, 1200px\" \/><\/p>","protected":false},"excerpt":{"rendered":"<p>ray sealing machine;tray sealing machine plastic The loaded tray goes to the sealing machine through the conveyor belt \u2192 the manipulator feeds the trays into the template \u2192 automatic film feeding \u2192 automatic sealing \u2192 automatic film cutting \u2192 the manipulator feeds the box into the labeling machine and inkjet conveyor belt. &nbsp; Features: 1. [&hellip;]<\/p>","protected":false},"featured_media":1066,"template":"","meta":{"site-sidebar-layout":"default","site-content-layout":"default","ast-site-content-layout":"default","site-content-style":"default","site-sidebar-style":"default","ast-global-header-display":"","ast-banner-title-visibility":"","ast-main-header-display":"","ast-hfb-above-header-display":"","ast-hfb-below-header-display":"","ast-hfb-mobile-header-display":"","site-post-title":"","ast-breadcrumbs-content":"","ast-featured-img":"","footer-sml-layout":"","theme-transparent-header-meta":"default","adv-header-id-meta":"","stick-header-meta":"","header-above-stick-meta":"","header-main-stick-meta":"","header-below-stick-meta":"","astra-migrate-meta-layouts":"set","ast-page-background-enabled":"default","ast-page-background-meta":{"desktop":{"background-color":"","background-image":"","background-repeat":"repeat","background-position":"center center","background-size":"auto","background-attachment":"scroll","background-type":"","background-media":"","overlay-type":"","overlay-color":"","overlay-opacity":"","overlay-gradient":""},"tablet":{"background-color":"","background-image":"","background-repeat":"repeat","background-position":"center center","background-size":"auto","background-attachment":"scroll","background-type":"","background-media":"","overlay-type":"","overlay-color":"","overlay-opacity":"","overlay-gradient":""},"mobile":{"background-color":"","background-image":"","background-repeat":"repeat","background-position":"center center","background-size":"auto","background-attachment":"scroll","background-type":"","background-media":"","overlay-type":"","overlay-color":"","overlay-opacity":"","overlay-gradient":""}},"ast-content-background-meta":{"desktop":{"background-color":"var(--ast-global-color-5)","background-image":"","background-repeat":"repeat","background-position":"center center","background-size":"auto","background-attachment":"scroll","background-type":"","background-media":"","overlay-type":"","overlay-color":"","overlay-opacity":"","overlay-gradient":""},"tablet":{"background-color":"var(--ast-global-color-5)","background-image":"","background-repeat":"repeat","background-position":"center center","background-size":"auto","background-attachment":"scroll","background-type":"","background-media":"","overlay-type":"","overlay-color":"","overlay-opacity":"","overlay-gradient":""},"mobile":{"background-color":"var(--ast-global-color-5)","background-image":"","background-repeat":"repeat","background-position":"center center","background-size":"auto","background-attachment":"scroll","background-type":"","background-media":"","overlay-type":"","overlay-color":"","overlay-opacity":"","overlay-gradient":""}}},"product_brand":[],"product_cat":[37],"product_tag":[],"class_list":{"0":"post-1064","1":"product","2":"type-product","3":"status-publish","4":"has-post-thumbnail","6":"product_cat-semi-auto-cup-tray-filling-sealing-machine","7":"desktop-align-left","8":"tablet-align-left","9":"mobile-align-left","11":"first","12":"instock","13":"shipping-taxable","14":"product-type-simple"},"_links":{"self":[{"href":"https:\/\/higheasy.cn\/fr\/wp-json\/wp\/v2\/product\/1064","targetHints":{"allow":["GET"]}}],"collection":[{"href":"https:\/\/higheasy.cn\/fr\/wp-json\/wp\/v2\/product"}],"about":[{"href":"https:\/\/higheasy.cn\/fr\/wp-json\/wp\/v2\/types\/product"}],"wp:featuredmedia":[{"embeddable":true,"href":"https:\/\/higheasy.cn\/fr\/wp-json\/wp\/v2\/media\/1066"}],"wp:attachment":[{"href":"https:\/\/higheasy.cn\/fr\/wp-json\/wp\/v2\/media?parent=1064"}],"wp:term":[{"taxonomy":"product_brand","embeddable":true,"href":"https:\/\/higheasy.cn\/fr\/wp-json\/wp\/v2\/product_brand?post=1064"},{"taxonomy":"product_cat","embeddable":true,"href":"https:\/\/higheasy.cn\/fr\/wp-json\/wp\/v2\/product_cat?post=1064"},{"taxonomy":"product_tag","embeddable":true,"href":"https:\/\/higheasy.cn\/fr\/wp-json\/wp\/v2\/product_tag?post=1064"}],"curies":[{"name":"wp","href":"https:\/\/api.w.org\/{rel}","templated":true}]}}