{"id":1062,"date":"2023-10-18T14:23:36","date_gmt":"2023-10-18T14:23:36","guid":{"rendered":"https:\/\/mediumturquoise-pheasant-889000.hostingersite.com\/?post_type=product&#038;p=1062"},"modified":"2023-10-18T15:13:07","modified_gmt":"2023-10-18T15:13:07","slug":"automatic-ready-to-eat-meal-machine-for-vegetable-fish-meal-food-tray-lunch-box","status":"publish","type":"product","link":"https:\/\/higheasy.cn\/fr\/produit\/automatic-ready-to-eat-meal-machine-for-vegetable-fish-meal-food-tray-lunch-box\/","title":{"rendered":"Machine automatique de repas pr\u00eat \u00e0 manger, pour l\u00e9gumes, poissons, plateau alimentaire, bo\u00eete \u00e0 d\u00e9jeuner"},"content":{"rendered":"<p><img decoding=\"async\" src=\"https:\/\/sc04.alicdn.com\/kf\/H910e819344154db091c47e58fad0ee9eX\/222958773\/H910e819344154db091c47e58fad0ee9eX.jpg\" alt=\"Automatic ready to eat meal machine for vegetable fish meal food tray lunch Box\" \/><\/p>\n<p><img decoding=\"async\" src=\"https:\/\/sc04.alicdn.com\/kf\/H8a69a0431d9f440aaf6374e93b025af79\/222958773\/H8a69a0431d9f440aaf6374e93b025af79.jpg\" alt=\"Automatic ready to eat meal machine for vegetable fish meal food tray lunch Box\" \/><\/p>\n<p><img decoding=\"async\" src=\"https:\/\/sc04.alicdn.com\/kf\/H27293f65131544e6a8ae55ec109d03c7Z\/222958773\/H27293f65131544e6a8ae55ec109d03c7Z.jpg\" alt=\"Automatic ready to eat meal machine for vegetable fish meal food tray lunch Box\" \/><\/p>\n<p><strong>Application:\u00a0<\/strong><\/p>\n<p>Convient pour remplir le repas\/l\u00e9gume dans une bo\u00eete en plastique\/m\u00e9tal et mettre sous vide et sceller avec un film aluminium\/plastique<\/p>\n<p>&nbsp;<\/p>\n<p><strong>Processus de travail\u00a0:\u00a0\u00a0<\/strong><\/p>\n<p>Alimentation automatique des plateaux \u2192 remplissage automatique des aliments ou classement manuel \u2192 v\u00e9rificateur de poids (en option) \u2192 plateau transf\u00e9r\u00e9 via le convoyeur \u2192 plateaux transf\u00e9r\u00e9s dans le moule par le manipulateur \u2192 alimentation automatique du film \u2192 vide automatique (en option) \u2192 \u00e9tanch\u00e9it\u00e9 automatique \u2192 d\u00e9coupe automatique du film \u2192 d\u00e9charge \u2192 \u00e9tiqueteuse \u2192 impression jet d&#039;encre de code<\/p>\n<p>&nbsp;<\/p>\n<p><strong>Caract\u00e9ristiques:<\/strong><\/p>\n<p>1. \u00c9quip\u00e9 d&#039;un gabarit solide \u00e9paissi en aluminium antirouille (fabriqu\u00e9 dans le Guangdong),<\/p>\n<p>aluminium antirouille en alliage alcalin r\u00e9sistant aux acides;<\/p>\n<p>2. Un r\u00e9servoir de stockage d&#039;air est \u00e9quip\u00e9 sur la machine pour am\u00e9liorer la stabilit\u00e9 de la pression atmosph\u00e9rique\u00a0;<\/p>\n<p>3. Adoptez une technologie de protection basse pression pour emp\u00eacher la basse pression d\u2019air de d\u00e9marrer la machine et am\u00e9liorer la fiabilit\u00e9 et la stabilit\u00e9 de la machine\u00a0;<\/p>\n<p>4. Utiliser une technologie d\u2019\u00e9chappement centralis\u00e9e pour r\u00e9duire la pollution\u00a0;<\/p>\n<p>5. La technologie d&#039;augmentation de la force d&#039;\u00e9tanch\u00e9it\u00e9 est adopt\u00e9e pour garantir la qualit\u00e9 de l&#039;\u00e9tanch\u00e9it\u00e9.<\/p>\n<p>&nbsp;<\/p>\n<p><strong>Vitesse d&#039;emballage\u00a0:\u00a0<\/strong>1000-10000 bo\u00eete\/heure (personnalis\u00e9)<\/p>\n<p><img fetchpriority=\"high\" decoding=\"async\" class=\"alignnone wp-image-646\" src=\"http:\/\/higheasy.cn\/wp-content\/uploads\/2023\/07\/HTB1Lnd7QMHqK1RjSZFgq6y7JXXaU.jpg\" alt=\"higheasy\" width=\"1238\" height=\"1836\" srcset=\"https:\/\/higheasy.cn\/wp-content\/uploads\/2023\/07\/HTB1Lnd7QMHqK1RjSZFgq6y7JXXaU.jpg 750w, https:\/\/higheasy.cn\/wp-content\/uploads\/2023\/07\/HTB1Lnd7QMHqK1RjSZFgq6y7JXXaU-300x445.jpg 300w, https:\/\/higheasy.cn\/wp-content\/uploads\/2023\/07\/HTB1Lnd7QMHqK1RjSZFgq6y7JXXaU-202x300.jpg 202w, https:\/\/higheasy.cn\/wp-content\/uploads\/2023\/07\/HTB1Lnd7QMHqK1RjSZFgq6y7JXXaU-691x1024.jpg 691w\" sizes=\"(max-width: 1238px) 100vw, 1238px\" \/><\/p>\n<p>La soci\u00e9t\u00e9 dispose d&#039;un groupe d&#039;\u00e9quipes professionnelles de recherche et d\u00e9veloppement technologique, d&#039;\u00e9quipements de traitement avanc\u00e9s et d&#039;un certain nombre de brevets d&#039;invention. La soci\u00e9t\u00e9 produit une grande vari\u00e9t\u00e9 de machines d&#039;emballage, les principaux produits sont\u00a0: la machine de remplissage de forme verticale (VFFS), la machine d&#039;emballage en b\u00e2tonnets, la machine d&#039;emballage de poudre, la machine d&#039;emballage de liquides et les s\u00e9ries de peseuses associatives, qui sont largement utilis\u00e9es dans les aliments, les produits chimiques et les boissons. , produits agricoles, jouets et emballages dans les produits industriels et autres industries, les produits sont export\u00e9s dans le monde entier et ont obtenu des agents de marketing professionnels dans de nombreux pays et r\u00e9gions. Les produits et services ont \u00e9t\u00e9 unanimement reconnus et lou\u00e9s par les clients.<\/p>\n<p><img decoding=\"async\" class=\"alignnone size-full wp-image-662\" src=\"http:\/\/higheasy.cn\/wp-content\/uploads\/2023\/07\/5.jpg\" alt=\"small yogurt production line\" width=\"1200\" height=\"604\" srcset=\"https:\/\/higheasy.cn\/wp-content\/uploads\/2023\/07\/5.jpg 1200w, https:\/\/higheasy.cn\/wp-content\/uploads\/2023\/07\/5-300x151.jpg 300w, https:\/\/higheasy.cn\/wp-content\/uploads\/2023\/07\/5-1024x515.jpg 1024w, https:\/\/higheasy.cn\/wp-content\/uploads\/2023\/07\/5-768x387.jpg 768w\" sizes=\"(max-width: 1200px) 100vw, 1200px\" \/><\/p>","protected":false},"excerpt":{"rendered":"<p>Application:\u00a0 Suitable to fill the meal \/vegetable into plastic\/ metal box and vacuum and seal with aluminium\/plastic film &nbsp; Working process:\u00a0\u00a0 Auto tray\u00a0 feeding\u00a0\u2192auto food filling or manual filing\u00a0\u2192 weight checker(optional) \u2192\u00a0tray transferred through conveyor\u00a0\u2192\u00a0 trays tranfered into mould by manipulator \u2192 auto film feeding \u2192 auto vacuum(optional)\u2192\u00a0auto sealing \u2192 auto film cutting \u2192 discharge\u2192labelling [&hellip;]<\/p>","protected":false},"featured_media":1063,"template":"","meta":{"site-sidebar-layout":"default","site-content-layout":"default","ast-site-content-layout":"default","site-content-style":"default","site-sidebar-style":"default","ast-global-header-display":"","ast-banner-title-visibility":"","ast-main-header-display":"","ast-hfb-above-header-display":"","ast-hfb-below-header-display":"","ast-hfb-mobile-header-display":"","site-post-title":"","ast-breadcrumbs-content":"","ast-featured-img":"","footer-sml-layout":"","theme-transparent-header-meta":"default","adv-header-id-meta":"","stick-header-meta":"","header-above-stick-meta":"","header-main-stick-meta":"","header-below-stick-meta":"","astra-migrate-meta-layouts":"set","ast-page-background-enabled":"default","ast-page-background-meta":{"desktop":{"background-color":"","background-image":"","background-repeat":"repeat","background-position":"center center","background-size":"auto","background-attachment":"scroll","background-type":"","background-media":"","overlay-type":"","overlay-color":"","overlay-opacity":"","overlay-gradient":""},"tablet":{"background-color":"","background-image":"","background-repeat":"repeat","background-position":"center center","background-size":"auto","background-attachment":"scroll","background-type":"","background-media":"","overlay-type":"","overlay-color":"","overlay-opacity":"","overlay-gradient":""},"mobile":{"background-color":"","background-image":"","background-repeat":"repeat","background-position":"center center","background-size":"auto","background-attachment":"scroll","background-type":"","background-media":"","overlay-type":"","overlay-color":"","overlay-opacity":"","overlay-gradient":""}},"ast-content-background-meta":{"desktop":{"background-color":"var(--ast-global-color-5)","background-image":"","background-repeat":"repeat","background-position":"center center","background-size":"auto","background-attachment":"scroll","background-type":"","background-media":"","overlay-type":"","overlay-color":"","overlay-opacity":"","overlay-gradient":""},"tablet":{"background-color":"var(--ast-global-color-5)","background-image":"","background-repeat":"repeat","background-position":"center center","background-size":"auto","background-attachment":"scroll","background-type":"","background-media":"","overlay-type":"","overlay-color":"","overlay-opacity":"","overlay-gradient":""},"mobile":{"background-color":"var(--ast-global-color-5)","background-image":"","background-repeat":"repeat","background-position":"center center","background-size":"auto","background-attachment":"scroll","background-type":"","background-media":"","overlay-type":"","overlay-color":"","overlay-opacity":"","overlay-gradient":""}}},"product_brand":[],"product_cat":[22,37],"product_tag":[],"class_list":{"0":"post-1062","1":"product","2":"type-product","3":"status-publish","4":"has-post-thumbnail","6":"product_cat-hot-products","7":"product_cat-semi-auto-cup-tray-filling-sealing-machine","8":"desktop-align-left","9":"tablet-align-left","10":"mobile-align-left","12":"first","13":"instock","14":"shipping-taxable","15":"product-type-simple"},"_links":{"self":[{"href":"https:\/\/higheasy.cn\/fr\/wp-json\/wp\/v2\/product\/1062","targetHints":{"allow":["GET"]}}],"collection":[{"href":"https:\/\/higheasy.cn\/fr\/wp-json\/wp\/v2\/product"}],"about":[{"href":"https:\/\/higheasy.cn\/fr\/wp-json\/wp\/v2\/types\/product"}],"wp:featuredmedia":[{"embeddable":true,"href":"https:\/\/higheasy.cn\/fr\/wp-json\/wp\/v2\/media\/1063"}],"wp:attachment":[{"href":"https:\/\/higheasy.cn\/fr\/wp-json\/wp\/v2\/media?parent=1062"}],"wp:term":[{"taxonomy":"product_brand","embeddable":true,"href":"https:\/\/higheasy.cn\/fr\/wp-json\/wp\/v2\/product_brand?post=1062"},{"taxonomy":"product_cat","embeddable":true,"href":"https:\/\/higheasy.cn\/fr\/wp-json\/wp\/v2\/product_cat?post=1062"},{"taxonomy":"product_tag","embeddable":true,"href":"https:\/\/higheasy.cn\/fr\/wp-json\/wp\/v2\/product_tag?post=1062"}],"curies":[{"name":"wp","href":"https:\/\/api.w.org\/{rel}","templated":true}]}}