{"id":1060,"date":"2023-10-18T14:14:09","date_gmt":"2023-10-18T14:14:09","guid":{"rendered":"https:\/\/mediumturquoise-pheasant-889000.hostingersite.com\/?post_type=product&#038;p=1060"},"modified":"2023-10-18T14:23:28","modified_gmt":"2023-10-18T14:23:28","slug":"semi-auto-vegetables-food-tray-lunch-box-sealing-machine","status":"publish","type":"product","link":"https:\/\/higheasy.cn\/fr\/produit\/semi-auto-vegetables-food-tray-lunch-box-sealing-machine\/","title":{"rendered":"Machine \u00e0 sceller semi-automatique les bo\u00eetes \u00e0 lunch et les plateaux alimentaires pour l\u00e9gumes"},"content":{"rendered":"<h3 style=\"text-align: center;\"><span data-spm-anchor-id=\"a2700.details.0.i22.6bee4bffkpiYP8\">Plateau de l\u00e9gumes semi-automatique<\/span><\/h3>\n<h3 style=\"text-align: center;\">machine \u00e0 sceller les bo\u00eetes \u00e0 lunch<\/h3>\n<p>&nbsp;<\/p>\n<p><img decoding=\"async\" class=\"aligncenter\" src=\"https:\/\/sc02.alicdn.com\/kf\/H6d322f0ec7b24ad385cfdac2737497d0O\/222958773\/H6d322f0ec7b24ad385cfdac2737497d0O.jpg\" alt=\"Semi-auto vegetables food tray lunch box sealing machine\" width=\"750\" height=\"421.875\" data-src=\"\/\/sc02.alicdn.com\/kf\/H6d322f0ec7b24ad385cfdac2737497d0O\/222958773\/H6d322f0ec7b24ad385cfdac2737497d0O.jpg\" data-alt=\"Semi-auto vegetables food tray lunch box sealing machine\" \/><\/p>\n<p style=\"text-align: center;\">\u00a0<a>machine \u00e0 sceller les bo\u00eetes \u00e0 lunch<\/a><\/p>\n<p style=\"text-align: center;\"><img decoding=\"async\" src=\"https:\/\/sc01.alicdn.com\/kf\/Ha10dfee6c2234812a74ad3c15f595638c\/222958773\/Ha10dfee6c2234812a74ad3c15f595638c.jpg\" alt=\"Semi-auto vegetables food tray lunch box sealing machine\" width=\"750\" height=\"421.875\" data-src=\"\/\/sc01.alicdn.com\/kf\/Ha10dfee6c2234812a74ad3c15f595638c\/222958773\/Ha10dfee6c2234812a74ad3c15f595638c.jpg\" data-alt=\"Semi-auto vegetables food tray lunch box sealing machine\" \/><\/p>\n<p style=\"text-align: center;\">\u00a0<a>machine \u00e0 sceller les bo\u00eetes<\/a><\/p>\n<p style=\"text-align: center;\"><img decoding=\"async\" src=\"https:\/\/sc02.alicdn.com\/kf\/H46213a34e9cb41d2970f3e9e8a9fa5b5I\/222958773\/H46213a34e9cb41d2970f3e9e8a9fa5b5I.jpg\" alt=\"Semi-auto vegetables food tray lunch box sealing machine\" width=\"750\" height=\"421.875\" data-src=\"\/\/sc02.alicdn.com\/kf\/H46213a34e9cb41d2970f3e9e8a9fa5b5I\/222958773\/H46213a34e9cb41d2970f3e9e8a9fa5b5I.jpg\" data-alt=\"Semi-auto vegetables food tray lunch box sealing machine\" \/><\/p>\n<p style=\"text-align: center;\">\u00a0<a>machine \u00e0 sceller les bo\u00eetes de restauration rapide<\/a><\/p>\n<p style=\"text-align: center;\"><img decoding=\"async\" src=\"https:\/\/sc02.alicdn.com\/kf\/H1bafc04d4ff14d35ae5b92336c0b021bH\/222958773\/H1bafc04d4ff14d35ae5b92336c0b021bH.jpg\" alt=\"Semi-auto vegetables food tray lunch box sealing machine\" width=\"750\" height=\"421.875\" data-src=\"\/\/sc02.alicdn.com\/kf\/H1bafc04d4ff14d35ae5b92336c0b021bH\/222958773\/H1bafc04d4ff14d35ae5b92336c0b021bH.jpg\" data-alt=\"Semi-auto vegetables food tray lunch box sealing machine\" \/><\/p>\n<p style=\"text-align: center;\">\u00a0<a>machine \u00e0 sceller les bo\u00eetes avec du ruban adh\u00e9sif<\/a><\/p>\n<p style=\"text-align: center;\"><img decoding=\"async\" src=\"https:\/\/sc01.alicdn.com\/kf\/H0e3e26603acc4914aa77abab7b9a68a3y\/222958773\/H0e3e26603acc4914aa77abab7b9a68a3y.jpg\" alt=\"Semi-auto vegetables food tray lunch box sealing machine\" width=\"750\" height=\"421.875\" data-src=\"\/\/sc01.alicdn.com\/kf\/H0e3e26603acc4914aa77abab7b9a68a3y\/222958773\/H0e3e26603acc4914aa77abab7b9a68a3y.jpg\" data-alt=\"Semi-auto vegetables food tray lunch box sealing machine\" \/><\/p>\n<p style=\"text-align: center;\">\u00a0<a>machine \u00e0 sceller les cartons<\/a><\/p>\n<p style=\"text-align: center;\"><img decoding=\"async\" src=\"https:\/\/sc02.alicdn.com\/kf\/Hcae0868f088b4b53b0de3cfd50b23955O\/222958773\/Hcae0868f088b4b53b0de3cfd50b23955O.jpg\" alt=\"Semi-auto vegetables food tray lunch box sealing machine\" width=\"750\" height=\"421.875\" data-src=\"\/\/sc02.alicdn.com\/kf\/Hcae0868f088b4b53b0de3cfd50b23955O\/222958773\/Hcae0868f088b4b53b0de3cfd50b23955O.jpg\" data-alt=\"Semi-auto vegetables food tray lunch box sealing machine\" \/><\/p>\n<p style=\"text-align: center;\">\u00a0<a>machine automatique de scellage de bo\u00eetes de restauration rapide<\/a><\/p>\n<p style=\"text-align: center;\"><img decoding=\"async\" src=\"https:\/\/sc01.alicdn.com\/kf\/H3c687b457eed4b588090e7f316ac07190\/222958773\/H3c687b457eed4b588090e7f316ac07190.jpg\" alt=\"Semi-auto vegetables food tray lunch box sealing machine\" width=\"750\" height=\"421.875\" data-src=\"\/\/sc01.alicdn.com\/kf\/H3c687b457eed4b588090e7f316ac07190\/222958773\/H3c687b457eed4b588090e7f316ac07190.jpg\" data-alt=\"Semi-auto vegetables food tray lunch box sealing machine\" \/><\/p>\n<p style=\"text-align: center;\">\u00a0<a>machine \u00e0 sceller les bo\u00eetes \u00e0 lunch avec film<\/a><\/p>\n<p style=\"text-align: center;\"><img decoding=\"async\" src=\"https:\/\/sc02.alicdn.com\/kf\/He8d8477847d344a88e78840b3d63d6fbf\/222958773\/He8d8477847d344a88e78840b3d63d6fbf.jpg\" alt=\"Semi-auto vegetables food tray lunch box sealing machine\" width=\"750\" height=\"421.875\" data-src=\"\/\/sc02.alicdn.com\/kf\/He8d8477847d344a88e78840b3d63d6fbf\/222958773\/He8d8477847d344a88e78840b3d63d6fbf.jpg\" data-alt=\"Semi-auto vegetables food tray lunch box sealing machine\" \/><\/p>\n<p style=\"text-align: center;\">\u00a0<a>machine \u00e0 sceller les barquettes en plastique;<\/a><a>barquette en plastique pour machine \u00e0 sceller<\/a><\/p>\n<p style=\"text-align: center;\"><img decoding=\"async\" src=\"https:\/\/sc02.alicdn.com\/kf\/Hfa23573b7ec84cafa933130096a4bd3e6\/222958773\/Hfa23573b7ec84cafa933130096a4bd3e6.jpg\" alt=\"Semi-auto vegetables food tray lunch box sealing machine\" width=\"750\" height=\"421.875\" data-src=\"\/\/sc02.alicdn.com\/kf\/Hfa23573b7ec84cafa933130096a4bd3e6\/222958773\/Hfa23573b7ec84cafa933130096a4bd3e6.jpg\" data-alt=\"Semi-auto vegetables food tray lunch box sealing machine\" \/><\/p>\n<p style=\"text-align: center;\">\n<p style=\"text-align: center;\"><img decoding=\"async\" src=\"https:\/\/sc02.alicdn.com\/kf\/Hcd7b9801e2a840029f8d6441590f853f3\/222958773\/Hcd7b9801e2a840029f8d6441590f853f3.jpg\" alt=\"Semi-auto vegetables food tray lunch box sealing machine\" width=\"750\" height=\"421.875\" data-src=\"\/\/sc02.alicdn.com\/kf\/Hcd7b9801e2a840029f8d6441590f853f3\/222958773\/Hcd7b9801e2a840029f8d6441590f853f3.jpg\" data-alt=\"Semi-auto vegetables food tray lunch box sealing machine\" \/><\/p>\n<p style=\"text-align: center;\">\n<p style=\"text-align: center;\"><img decoding=\"async\" src=\"https:\/\/sc02.alicdn.com\/kf\/H8fc0d49a6c2949cca9bfde061307c91fZ\/222958773\/H8fc0d49a6c2949cca9bfde061307c91fZ.jpg\" alt=\"Semi-auto vegetables food tray lunch box sealing machine\" width=\"750\" height=\"421.875\" data-src=\"\/\/sc02.alicdn.com\/kf\/H8fc0d49a6c2949cca9bfde061307c91fZ\/222958773\/H8fc0d49a6c2949cca9bfde061307c91fZ.jpg\" data-alt=\"Semi-auto vegetables food tray lunch box sealing machine\" \/><\/p>\n<p style=\"text-align: center;\">\u00a0<a>machine \u00e0 sceller les barquettes alimentaires<\/a><\/p>\n<p><img fetchpriority=\"high\" decoding=\"async\" class=\"aligncenter\" src=\"https:\/\/sc02.alicdn.com\/kf\/Hb4f089d7f8e84db8b4f4e7eddba9715as\/222958773\/Hb4f089d7f8e84db8b4f4e7eddba9715as.png\" alt=\"Semi-auto vegetables food tray lunch box sealing machine\" width=\"680\" height=\"680\" data-src=\"\/\/sc02.alicdn.com\/kf\/Hb4f089d7f8e84db8b4f4e7eddba9715as\/222958773\/Hb4f089d7f8e84db8b4f4e7eddba9715as.png\" data-alt=\"Semi-auto vegetables food tray lunch box sealing machine\" \/><\/p>\n<p><a>machine manuelle de scellage de barquettes;<\/a><a>machine \u00e0 sceller les barquettes alimentaires;<\/a><a>machine de thermoscellage de barquettes alimentaires;<\/a><a>machine \u00e0 sceller les barquettes;<\/a><a>machine \u00e0 sceller les barquettes;<\/a><\/p>\n<p><a>machine automatique de scellage de barquettes;<\/a><a>machine de scellage de barquettes sous vide;<\/a><a>machine \u00e0 sceller les plateaux de fruits;<\/a><a>machine de scellage de barquettes en plastique<\/a><\/p>\n<p><img decoding=\"async\" class=\"\" src=\"https:\/\/sc01.alicdn.com\/kf\/HTB1uMedP4TpK1RjSZFKq6y2wXXaY\/222958773\/HTB1uMedP4TpK1RjSZFKq6y2wXXaY.jpg\" alt=\"Semi-auto vegetables food tray lunch box sealing machine\" width=\"1036\" height=\"87\" data-src=\"https:\/\/sc01.alicdn.com\/kf\/HTB1uMedP4TpK1RjSZFKq6y2wXXaY\/222958773\/HTB1uMedP4TpK1RjSZFKq6y2wXXaY.jpg\" data-alt=\"Semi-auto vegetables food tray lunch box sealing machine\" \/><\/p>\n<p>Le plateau charg\u00e9 va \u00e0 la machine de scellage via le tapis roulant \u2192 le manipulateur alimente la bo\u00eete dans le gabarit \u2192 alimentation automatique du film \u2192 scellage automatique \u2192 d\u00e9coupe automatique du film \u2192 le manipulateur alimente la bo\u00eete dans l&#039;\u00e9tiqueteuse et le tapis roulant \u00e0 jet d&#039;encre.<\/p>\n<p>&nbsp;<\/p>\n<p><strong>Caract\u00e9ristiques:<\/strong><\/p>\n<p>1. \u00c9quip\u00e9 d&#039;un gabarit solide \u00e9paissi en aluminium antirouille (fabriqu\u00e9 dans le Guangdong),<\/p>\n<p>aluminium antirouille en alliage alcalin r\u00e9sistant aux acides;<\/p>\n<p>2. Un r\u00e9servoir de stockage d&#039;air est \u00e9quip\u00e9 sur la machine pour am\u00e9liorer la stabilit\u00e9 de la pression atmosph\u00e9rique\u00a0;<\/p>\n<p>3. Adoptez une technologie de protection basse pression pour emp\u00eacher la basse pression d\u2019air de d\u00e9marrer la machine et am\u00e9liorer la fiabilit\u00e9 et la stabilit\u00e9 de la machine\u00a0;<\/p>\n<p>4. Utiliser une technologie d\u2019\u00e9chappement centralis\u00e9e pour r\u00e9duire la pollution\u00a0;<\/p>\n<p>5. La technologie d&#039;augmentation de la force d&#039;\u00e9tanch\u00e9it\u00e9 est adopt\u00e9e pour garantir la qualit\u00e9 de l&#039;\u00e9tanch\u00e9it\u00e9.<\/p>\n<p><img decoding=\"async\" class=\"alignnone wp-image-646\" src=\"http:\/\/higheasy.cn\/wp-content\/uploads\/2023\/07\/HTB1Lnd7QMHqK1RjSZFgq6y7JXXaU.jpg\" alt=\"higheasy\" width=\"1238\" height=\"1836\" srcset=\"https:\/\/higheasy.cn\/wp-content\/uploads\/2023\/07\/HTB1Lnd7QMHqK1RjSZFgq6y7JXXaU.jpg 750w, https:\/\/higheasy.cn\/wp-content\/uploads\/2023\/07\/HTB1Lnd7QMHqK1RjSZFgq6y7JXXaU-300x445.jpg 300w, https:\/\/higheasy.cn\/wp-content\/uploads\/2023\/07\/HTB1Lnd7QMHqK1RjSZFgq6y7JXXaU-202x300.jpg 202w, https:\/\/higheasy.cn\/wp-content\/uploads\/2023\/07\/HTB1Lnd7QMHqK1RjSZFgq6y7JXXaU-691x1024.jpg 691w\" sizes=\"(max-width: 1238px) 100vw, 1238px\" \/><\/p>\n<p>La soci\u00e9t\u00e9 dispose d&#039;un groupe d&#039;\u00e9quipes professionnelles de recherche et d\u00e9veloppement technologique, d&#039;\u00e9quipements de traitement avanc\u00e9s et d&#039;un certain nombre de brevets d&#039;invention. La soci\u00e9t\u00e9 produit une grande vari\u00e9t\u00e9 de machines d&#039;emballage, les principaux produits sont\u00a0: la machine de remplissage de forme verticale (VFFS), la machine d&#039;emballage en b\u00e2tonnets, la machine d&#039;emballage de poudre, la machine d&#039;emballage de liquides et les s\u00e9ries de peseuses associatives, qui sont largement utilis\u00e9es dans les aliments, les produits chimiques et les boissons. , produits agricoles, jouets et emballages dans les produits industriels et autres industries, les produits sont export\u00e9s dans le monde entier et ont obtenu des agents de marketing professionnels dans de nombreux pays et r\u00e9gions. Les produits et services ont \u00e9t\u00e9 unanimement reconnus et lou\u00e9s par les clients.<\/p>\n<p><img loading=\"lazy\" decoding=\"async\" class=\"alignnone size-full wp-image-662\" src=\"http:\/\/higheasy.cn\/wp-content\/uploads\/2023\/07\/5.jpg\" alt=\"small yogurt production line\" width=\"1200\" height=\"604\" srcset=\"https:\/\/higheasy.cn\/wp-content\/uploads\/2023\/07\/5.jpg 1200w, https:\/\/higheasy.cn\/wp-content\/uploads\/2023\/07\/5-300x151.jpg 300w, https:\/\/higheasy.cn\/wp-content\/uploads\/2023\/07\/5-1024x515.jpg 1024w, https:\/\/higheasy.cn\/wp-content\/uploads\/2023\/07\/5-768x387.jpg 768w\" sizes=\"(max-width: 1200px) 100vw, 1200px\" \/><\/p>","protected":false},"excerpt":{"rendered":"<p>Semi-auto vegetables food\u00a0tray lunch box sealing machine &nbsp; \u00a0lunch box sealing machine \u00a0box sealing machine \u00a0fast food box sealing machine \u00a0box sealing tape machine \u00a0carton sealing machine box \u00a0automatic fast food box sealing machine \u00a0lunch box sealing foil machine \u00a0tray sealing machine plastic;plastic food tray for sealing machine \u00a0food sealing tray machine manual tray sealing [&hellip;]<\/p>","protected":false},"featured_media":1061,"template":"","meta":{"site-sidebar-layout":"default","site-content-layout":"default","ast-site-content-layout":"default","site-content-style":"default","site-sidebar-style":"default","ast-global-header-display":"","ast-banner-title-visibility":"","ast-main-header-display":"","ast-hfb-above-header-display":"","ast-hfb-below-header-display":"","ast-hfb-mobile-header-display":"","site-post-title":"","ast-breadcrumbs-content":"","ast-featured-img":"","footer-sml-layout":"","theme-transparent-header-meta":"default","adv-header-id-meta":"","stick-header-meta":"","header-above-stick-meta":"","header-main-stick-meta":"","header-below-stick-meta":"","astra-migrate-meta-layouts":"set","ast-page-background-enabled":"default","ast-page-background-meta":{"desktop":{"background-color":"","background-image":"","background-repeat":"repeat","background-position":"center center","background-size":"auto","background-attachment":"scroll","background-type":"","background-media":"","overlay-type":"","overlay-color":"","overlay-opacity":"","overlay-gradient":""},"tablet":{"background-color":"","background-image":"","background-repeat":"repeat","background-position":"center center","background-size":"auto","background-attachment":"scroll","background-type":"","background-media":"","overlay-type":"","overlay-color":"","overlay-opacity":"","overlay-gradient":""},"mobile":{"background-color":"","background-image":"","background-repeat":"repeat","background-position":"center center","background-size":"auto","background-attachment":"scroll","background-type":"","background-media":"","overlay-type":"","overlay-color":"","overlay-opacity":"","overlay-gradient":""}},"ast-content-background-meta":{"desktop":{"background-color":"var(--ast-global-color-5)","background-image":"","background-repeat":"repeat","background-position":"center center","background-size":"auto","background-attachment":"scroll","background-type":"","background-media":"","overlay-type":"","overlay-color":"","overlay-opacity":"","overlay-gradient":""},"tablet":{"background-color":"var(--ast-global-color-5)","background-image":"","background-repeat":"repeat","background-position":"center center","background-size":"auto","background-attachment":"scroll","background-type":"","background-media":"","overlay-type":"","overlay-color":"","overlay-opacity":"","overlay-gradient":""},"mobile":{"background-color":"var(--ast-global-color-5)","background-image":"","background-repeat":"repeat","background-position":"center center","background-size":"auto","background-attachment":"scroll","background-type":"","background-media":"","overlay-type":"","overlay-color":"","overlay-opacity":"","overlay-gradient":""}}},"product_brand":[],"product_cat":[37],"product_tag":[],"class_list":{"0":"post-1060","1":"product","2":"type-product","3":"status-publish","4":"has-post-thumbnail","6":"product_cat-semi-auto-cup-tray-filling-sealing-machine","7":"desktop-align-left","8":"tablet-align-left","9":"mobile-align-left","11":"first","12":"instock","13":"shipping-taxable","14":"product-type-simple"},"_links":{"self":[{"href":"https:\/\/higheasy.cn\/fr\/wp-json\/wp\/v2\/product\/1060","targetHints":{"allow":["GET"]}}],"collection":[{"href":"https:\/\/higheasy.cn\/fr\/wp-json\/wp\/v2\/product"}],"about":[{"href":"https:\/\/higheasy.cn\/fr\/wp-json\/wp\/v2\/types\/product"}],"wp:featuredmedia":[{"embeddable":true,"href":"https:\/\/higheasy.cn\/fr\/wp-json\/wp\/v2\/media\/1061"}],"wp:attachment":[{"href":"https:\/\/higheasy.cn\/fr\/wp-json\/wp\/v2\/media?parent=1060"}],"wp:term":[{"taxonomy":"product_brand","embeddable":true,"href":"https:\/\/higheasy.cn\/fr\/wp-json\/wp\/v2\/product_brand?post=1060"},{"taxonomy":"product_cat","embeddable":true,"href":"https:\/\/higheasy.cn\/fr\/wp-json\/wp\/v2\/product_cat?post=1060"},{"taxonomy":"product_tag","embeddable":true,"href":"https:\/\/higheasy.cn\/fr\/wp-json\/wp\/v2\/product_tag?post=1060"}],"curies":[{"name":"wp","href":"https:\/\/api.w.org\/{rel}","templated":true}]}}