{"id":1058,"date":"2023-10-18T14:10:22","date_gmt":"2023-10-18T14:10:22","guid":{"rendered":"https:\/\/mediumturquoise-pheasant-889000.hostingersite.com\/?post_type=product&#038;p=1058"},"modified":"2023-10-18T14:12:46","modified_gmt":"2023-10-18T14:12:46","slug":"automatic-horizontal-packing-machine","status":"publish","type":"product","link":"https:\/\/higheasy.cn\/fr\/produit\/automatic-horizontal-packing-machine\/","title":{"rendered":"Machine d&#039;emballage horizontale automatique"},"content":{"rendered":"<p><img fetchpriority=\"high\" decoding=\"async\" class=\"\" src=\"https:\/\/sc01.alicdn.com\/kf\/HTB1uMedP4TpK1RjSZFKq6y2wXXaY\/222958773\/HTB1uMedP4TpK1RjSZFKq6y2wXXaY.jpg\" alt=\"Automatic flow packer horizontal packing machine for biscuit dish wash tablet soap toy vegetable bread tissue\" width=\"1071\" height=\"90\" data-src=\"https:\/\/sc01.alicdn.com\/kf\/HTB1uMedP4TpK1RjSZFKq6y2wXXaY\/222958773\/HTB1uMedP4TpK1RjSZFKq6y2wXXaY.jpg\" data-alt=\"Automatic flow packer horizontal packing machine for biscuit dish wash tablet soap toy vegetable bread tissue\" \/><\/p>\n<p><strong>Application:\u00a0<\/strong><\/p>\n<p><strong>Il convient \u00e0 l&#039;emballage de biscuits, de chocolat, de g\u00e2teaux de lune, de pain, de glaces, de tarte au jaune d&#039;\u0153uf, de s\u00e8ve de toilette, de tablettes pour lave-vaisselle, de mouchoirs et de cartes, etc.<\/strong><\/p>\n<p><strong>Caract\u00e9ristiques:<\/strong><\/p>\n<p><strong>* Programmation informatique et orientation photo\u00e9lectrique rapide<\/strong><\/p>\n<p><strong>* Excellentes performances, op\u00e9ration simple et emballage \u00e0 grande vitesse\u00a0<\/strong><\/p>\n<p>&nbsp;<\/p>\n<p><strong>Option:\u00a0<\/strong><\/p>\n<p><strong>1. Imprimante de date 2. Capable d&#039;\u00eatre \u00e9quip\u00e9 d&#039;un syst\u00e8me d&#039;alimentation automatique 3. Dispositif de chargement d&#039;azote<\/strong><\/p>\n<p><img decoding=\"async\" class=\"\" src=\"https:\/\/sc04.alicdn.com\/kf\/HTB1iXmEPIbpK1RjSZFyq6x_qFXaD\/222958773\/HTB1iXmEPIbpK1RjSZFyq6x_qFXaD.jpg\" alt=\"Automatic flow packer horizontal packing machine for biscuit dish wash tablet soap toy vegetable bread tissue\" width=\"1095\" height=\"92\" data-src=\"\/\/sc04.alicdn.com\/kf\/HTB1iXmEPIbpK1RjSZFyq6x_qFXaD\/222958773\/HTB1iXmEPIbpK1RjSZFyq6x_qFXaD.jpg\" data-alt=\"Automatic flow packer horizontal packing machine for biscuit dish wash tablet soap toy vegetable bread tissue\" \/><\/p>\n<table border=\"1\">\n<tbody>\n<tr>\n<td><strong>\u00a0 \u00a0 Forme du sac\u00a0 \u00a0<\/strong><\/td>\n<td><strong>\u00a0 Sac d&#039;oreiller \u00e0 joint arri\u00e8re<\/strong><\/td>\n<\/tr>\n<tr>\n<td><strong>Sp\u00e9cification d&#039;emballage\u00a0<\/strong><\/td>\n<td><strong>L:70-260mm, L:50-260mm H\u226450mm<\/strong><\/td>\n<\/tr>\n<tr>\n<td><strong>Vitesse d&#039;emballage\u00a0<\/strong><\/td>\n<td><strong>80-200 sacs\/min\u00a0<\/strong><\/td>\n<\/tr>\n<tr>\n<td><strong>Pouvoir total\u00a0<\/strong><\/td>\n<td><strong>\u00a02,2 kW<\/strong><\/td>\n<\/tr>\n<tr>\n<td><strong>Source de courant\u00a0<\/strong><\/td>\n<td><strong>220 V\/50 Hz<\/strong><\/td>\n<\/tr>\n<tr>\n<td><strong>Taille de la machine\u00a0<\/strong><\/td>\n<td><strong>4000*950*1450mm(L*L*H)<\/strong><\/td>\n<\/tr>\n<tr>\n<td><strong>Poids de la machine\u00a0<\/strong><\/td>\n<td data-spm-anchor-id=\"a2700.details.0.i21.17254d2drQrNuH\"><strong>500 kg\u00a0<\/strong><\/td>\n<\/tr>\n<\/tbody>\n<\/table>\n<p><img decoding=\"async\" class=\"alignnone wp-image-646\" src=\"http:\/\/higheasy.cn\/wp-content\/uploads\/2023\/07\/HTB1Lnd7QMHqK1RjSZFgq6y7JXXaU.jpg\" alt=\"higheasy\" width=\"1238\" height=\"1836\" srcset=\"https:\/\/higheasy.cn\/wp-content\/uploads\/2023\/07\/HTB1Lnd7QMHqK1RjSZFgq6y7JXXaU.jpg 750w, https:\/\/higheasy.cn\/wp-content\/uploads\/2023\/07\/HTB1Lnd7QMHqK1RjSZFgq6y7JXXaU-300x445.jpg 300w, https:\/\/higheasy.cn\/wp-content\/uploads\/2023\/07\/HTB1Lnd7QMHqK1RjSZFgq6y7JXXaU-202x300.jpg 202w, https:\/\/higheasy.cn\/wp-content\/uploads\/2023\/07\/HTB1Lnd7QMHqK1RjSZFgq6y7JXXaU-691x1024.jpg 691w\" sizes=\"(max-width: 1238px) 100vw, 1238px\" \/><\/p>\n<p>La soci\u00e9t\u00e9 dispose d&#039;un groupe d&#039;\u00e9quipes professionnelles de recherche et d\u00e9veloppement technologique, d&#039;\u00e9quipements de traitement avanc\u00e9s et d&#039;un certain nombre de brevets d&#039;invention. La soci\u00e9t\u00e9 produit une grande vari\u00e9t\u00e9 de machines d&#039;emballage, les principaux produits sont\u00a0: la machine de remplissage de forme verticale (VFFS), la machine d&#039;emballage en b\u00e2tonnets, la machine d&#039;emballage de poudre, la machine d&#039;emballage de liquides et les s\u00e9ries de peseuses associatives, qui sont largement utilis\u00e9es dans les aliments, les produits chimiques et les boissons. , produits agricoles, jouets et emballages dans les produits industriels et autres industries, les produits sont export\u00e9s dans le monde entier et ont obtenu des agents de marketing professionnels dans de nombreux pays et r\u00e9gions. Les produits et services ont \u00e9t\u00e9 unanimement reconnus et lou\u00e9s par les clients.<\/p>\n<p><img loading=\"lazy\" decoding=\"async\" class=\"alignnone size-full wp-image-662\" src=\"http:\/\/higheasy.cn\/wp-content\/uploads\/2023\/07\/5.jpg\" alt=\"small yogurt production line\" width=\"1200\" height=\"604\" srcset=\"https:\/\/higheasy.cn\/wp-content\/uploads\/2023\/07\/5.jpg 1200w, https:\/\/higheasy.cn\/wp-content\/uploads\/2023\/07\/5-300x151.jpg 300w, https:\/\/higheasy.cn\/wp-content\/uploads\/2023\/07\/5-1024x515.jpg 1024w, https:\/\/higheasy.cn\/wp-content\/uploads\/2023\/07\/5-768x387.jpg 768w\" sizes=\"(max-width: 1200px) 100vw, 1200px\" \/><\/p>","protected":false},"excerpt":{"rendered":"<p>Application : Convient pour l&#039;emballage de biscuits, chocolats, g\u00e2teaux de lune, pain, cr\u00e8mes glac\u00e9es, tartes aux jaunes d&#039;\u0153ufs, savon pour toilettes, pastilles pour lave-vaisselle, mouchoirs en papier, cartes, etc. Caract\u00e9ristiques : * Programmation informatique et orientation photo\u00e9lectrique rapide * Excellentes performances, utilisation simple et emballage \u00e0 grande vitesse Options : 1. Imprimante de date 2. Possibilit\u00e9 d&#039;ajouter un syst\u00e8me d&#039;alimentation automatique 3. Dispositif de remplissage \u00e0 l&#039;azote Forme du sachet [\u2026]<\/p>","protected":false},"featured_media":1059,"template":"","meta":{"site-sidebar-layout":"default","site-content-layout":"default","ast-site-content-layout":"default","site-content-style":"default","site-sidebar-style":"default","ast-global-header-display":"","ast-banner-title-visibility":"","ast-main-header-display":"","ast-hfb-above-header-display":"","ast-hfb-below-header-display":"","ast-hfb-mobile-header-display":"","site-post-title":"","ast-breadcrumbs-content":"","ast-featured-img":"","footer-sml-layout":"","theme-transparent-header-meta":"default","adv-header-id-meta":"","stick-header-meta":"","header-above-stick-meta":"","header-main-stick-meta":"","header-below-stick-meta":"","astra-migrate-meta-layouts":"set","ast-page-background-enabled":"default","ast-page-background-meta":{"desktop":{"background-color":"","background-image":"","background-repeat":"repeat","background-position":"center center","background-size":"auto","background-attachment":"scroll","background-type":"","background-media":"","overlay-type":"","overlay-color":"","overlay-opacity":"","overlay-gradient":""},"tablet":{"background-color":"","background-image":"","background-repeat":"repeat","background-position":"center center","background-size":"auto","background-attachment":"scroll","background-type":"","background-media":"","overlay-type":"","overlay-color":"","overlay-opacity":"","overlay-gradient":""},"mobile":{"background-color":"","background-image":"","background-repeat":"repeat","background-position":"center center","background-size":"auto","background-attachment":"scroll","background-type":"","background-media":"","overlay-type":"","overlay-color":"","overlay-opacity":"","overlay-gradient":""}},"ast-content-background-meta":{"desktop":{"background-color":"var(--ast-global-color-5)","background-image":"","background-repeat":"repeat","background-position":"center center","background-size":"auto","background-attachment":"scroll","background-type":"","background-media":"","overlay-type":"","overlay-color":"","overlay-opacity":"","overlay-gradient":""},"tablet":{"background-color":"var(--ast-global-color-5)","background-image":"","background-repeat":"repeat","background-position":"center center","background-size":"auto","background-attachment":"scroll","background-type":"","background-media":"","overlay-type":"","overlay-color":"","overlay-opacity":"","overlay-gradient":""},"mobile":{"background-color":"var(--ast-global-color-5)","background-image":"","background-repeat":"repeat","background-position":"center center","background-size":"auto","background-attachment":"scroll","background-type":"","background-media":"","overlay-type":"","overlay-color":"","overlay-opacity":"","overlay-gradient":""}}},"product_brand":[],"product_cat":[36],"product_tag":[],"class_list":{"0":"post-1058","1":"product","2":"type-product","3":"status-publish","4":"has-post-thumbnail","6":"product_cat-horizontal-packing-machine","7":"desktop-align-left","8":"tablet-align-left","9":"mobile-align-left","11":"first","12":"instock","13":"shipping-taxable","14":"product-type-simple"},"_links":{"self":[{"href":"https:\/\/higheasy.cn\/fr\/wp-json\/wp\/v2\/product\/1058","targetHints":{"allow":["GET"]}}],"collection":[{"href":"https:\/\/higheasy.cn\/fr\/wp-json\/wp\/v2\/product"}],"about":[{"href":"https:\/\/higheasy.cn\/fr\/wp-json\/wp\/v2\/types\/product"}],"wp:featuredmedia":[{"embeddable":true,"href":"https:\/\/higheasy.cn\/fr\/wp-json\/wp\/v2\/media\/1059"}],"wp:attachment":[{"href":"https:\/\/higheasy.cn\/fr\/wp-json\/wp\/v2\/media?parent=1058"}],"wp:term":[{"taxonomy":"product_brand","embeddable":true,"href":"https:\/\/higheasy.cn\/fr\/wp-json\/wp\/v2\/product_brand?post=1058"},{"taxonomy":"product_cat","embeddable":true,"href":"https:\/\/higheasy.cn\/fr\/wp-json\/wp\/v2\/product_cat?post=1058"},{"taxonomy":"product_tag","embeddable":true,"href":"https:\/\/higheasy.cn\/fr\/wp-json\/wp\/v2\/product_tag?post=1058"}],"curies":[{"name":"wp","href":"https:\/\/api.w.org\/{rel}","templated":true}]}}