{"id":1054,"date":"2023-10-18T14:02:23","date_gmt":"2023-10-18T14:02:23","guid":{"rendered":"https:\/\/mediumturquoise-pheasant-889000.hostingersite.com\/?post_type=product&#038;p=1054"},"modified":"2023-10-18T15:13:16","modified_gmt":"2023-10-18T15:13:16","slug":"fully-automatic-l-type-box-tray-bag-sealer-heat-shrink-sealing-packing-machine","status":"publish","type":"product","link":"https:\/\/higheasy.cn\/fr\/produit\/fully-automatic-l-type-box-tray-bag-sealer-heat-shrink-sealing-packing-machine\/","title":{"rendered":"Machine d&#039;emballage de scellage thermor\u00e9tractable, enti\u00e8rement automatique, type L, pour bo\u00eetes\/plateaux\/sacs"},"content":{"rendered":"<h3 style=\"text-align: center;\"><span style=\"font-style: inherit; font-weight: inherit;\" data-spm-anchor-id=\"a2700.details.0.i18.6dbc61df089Gjo\">Scelleuse de plateaux\/sacs de type L enti\u00e8rement automatique<\/span><\/h3>\n<h3 style=\"text-align: center;\">Machine d&#039;emballage\/emballage\/emballage de scellage<\/h3>\n<p>&nbsp;<\/p>\n<p style=\"font-style: inherit; font-weight: inherit;\" data-id=\"paragraph0\">La machine permet un contr\u00f4le simple et pr\u00e9cis de toutes les op\u00e9rations de la machine, telles que\u00a0:<br \/>\n\u2013 Possibilit\u00e9 de stocker jusqu&#039;\u00e0 10 programmes de fonctionnement diff\u00e9rents<\/p>\n<p>\u2013 Contr\u00f4le automatique de la hauteur de la barre de soudure \u2013 double r\u00e9glage de la temp\u00e9rature de la lame de soudure, en longueur et en largeur<\/p>\n<p>\u2013 Possibilit\u00e9 de conditionner des packs individuels ou multipacks<\/p>\n<p>\u2013 Vitesse des convoyeurs r\u00e9glable \u00e9lectroniquement depuis le panneau de commande<\/p>\n<p>Caract\u00e9ristiques<br \/>\n\u2013 Syst\u00e8me de joint central motoris\u00e9 en standard<\/p>\n<p>\u2013 Compteur de pi\u00e8ces, r\u00e9glage de production par lots possible<\/p>\n<p>\u2013 Mesure de la longueur du paquet<\/p>\n<p>-Sortie en temps r\u00e9el<\/p>\n<p>\u2013 Contr\u00f4le des packs irr\u00e9guliers<\/p>\n<p>\u2013 Consommation d\u2019\u00e9nergie r\u00e9duite<br \/>\n\u2013 Exigence du film d\u2019emballage : Polyol\u00e9fine, film poly\u00e9thyl\u00e8ne microperfor\u00e9, \u00e9paisseur de 10 \u00e0 50 \u03bc<br \/>\n\u2013 Conformit\u00e9 \u00e0 la r\u00e9glementation CE<\/p>\n<p><span style=\"font-style: inherit; font-weight: inherit;\">Options disponibles:<br \/>\n1. Ceinture de baiser<br \/>\n2. Dispositif de lecture de marques pour film imprim\u00e9<br \/>\n3. Bo\u00eetier en acier inoxydable<br \/>\n4. Photocellules d&#039;entr\u00e9e et de sortie<br \/>\n5. Convoyeurs d&#039;alimentation d&#039;entr\u00e9e et de sortie<\/span><\/p>\n<p style=\"font-weight: inherit;\" data-section=\"AliMagic-lneyrf\" data-section-title=\"FEATURES AT A GLANCE\">CARACT\u00c9RISTIQUES EN UN COUP D&#039;OEIL<\/p>\n<p style=\"font-style: inherit; font-weight: inherit;\" data-id=\"left-content\">\u2013 Syst\u00e8me de joint central motoris\u00e9 en standard<br \/>\n\u2013 Compteur de pi\u00e8ces, r\u00e9glage de production par lots possible<br \/>\n\u2013 Mesure de la longueur du paquet<br \/>\n-Sortie en temps r\u00e9el<br \/>\n\u2013 Contr\u00f4le des packs irr\u00e9guliers<br \/>\n\u2013 Consommation d\u2019\u00e9nergie r\u00e9duite<br \/>\n\u2013 Exigence du film d\u2019emballage : Polyol\u00e9fine, film poly\u00e9thyl\u00e8ne microperfor\u00e9, \u00e9paisseur de 10 \u00e0 50 \u03bc<br \/>\n\u2013 Conformit\u00e9 \u00e0 la r\u00e9glementation CE<\/p>\n<p data-id=\"left-content\"><img fetchpriority=\"high\" decoding=\"async\" class=\"aligncenter\" src=\"https:\/\/sc01.alicdn.com\/kf\/H2f18511af25d480d9c15d0b493d5cb4aS\/222958773\/H2f18511af25d480d9c15d0b493d5cb4aS.png\" width=\"559\" height=\"510\" \/><img decoding=\"async\" class=\"aligncenter\" src=\"https:\/\/sc01.alicdn.com\/kf\/H8c706bea2dcc4095aa08dbed7b2ea36dZ\/222958773\/H8c706bea2dcc4095aa08dbed7b2ea36dZ.png\" width=\"593\" height=\"566\" \/><\/p>\n<p data-id=\"left-content\"><img decoding=\"async\" class=\"aligncenter\" src=\"https:\/\/sc02.alicdn.com\/kf\/H9e1ad8658e814091834eb654cc2a598a0\/222958773\/H9e1ad8658e814091834eb654cc2a598a0.png\" width=\"549\" height=\"534\" \/><img loading=\"lazy\" decoding=\"async\" class=\"aligncenter\" src=\"https:\/\/sc01.alicdn.com\/kf\/H2f18511af25d480d9c15d0b493d5cb4aS\/222958773\/H2f18511af25d480d9c15d0b493d5cb4aS.png\" width=\"607\" height=\"555\" \/><\/p>\n<div class=\"J_module\">\n<div id=\"ali-anchor-AliMagic-tcqr6a\" class=\"magic-0\" data-section=\"AliMagic-tcqr6a\" data-section-title=\"PRODUCT SPECIFICATIONS\" data-spm-anchor-id=\"a2700.details.0.i29.6dbc61df089Gjo\">SP\u00c9CIFICATIONS DU PRODUIT<\/div>\n<\/div>\n<div class=\"J_module\">\n<div class=\"ife-detail-decorate-table\">\n<table class=\"all magic-23\">\n<tbody>\n<tr>\n<td colspan=\"1\" rowspan=\"1\">\n<div class=\"magic-24\">\n<div class=\"magic-3\" data-spm-anchor-id=\"a2700.pc-decorate.0.i130.609a3333Cx9nfs\">Article<\/div>\n<\/div>\n<\/td>\n<td colspan=\"1\" rowspan=\"1\">\n<div class=\"magic-25\">HYLA-6000\/ HYLA-6000CS<\/div>\n<\/td>\n<td colspan=\"1\" rowspan=\"1\">\n<div class=\"magic-26\">\n<div class=\"magic-3\" data-spm-anchor-id=\"a2700.pc-decorate.0.i44.325d3333t5xzQD\">HYLA-8000\/HYLA-8000CS<\/div>\n<\/div>\n<\/td>\n<\/tr>\n<tr>\n<td colspan=\"1\" rowspan=\"1\">\n<div class=\"magic-24\">\n<div class=\"magic-3\" data-spm-anchor-id=\"a2700.pc-decorate.0.i55.325d3333t5xzQD\">Alimentation\/Puissance install\u00e9e<\/div>\n<\/div>\n<\/td>\n<td colspan=\"2\" rowspan=\"1\">\n<div class=\"magic-27\">\n<div class=\"magic-3\" data-spm-anchor-id=\"a2700.pc-decorate.0.i41.325d3333t5xzQD\">220 \u2013 240 V, 1PH \u2013 N \u2013 PE, 50\/60 Hz\/ 3 200 W<\/div>\n<\/div>\n<\/td>\n<\/tr>\n<tr>\n<td colspan=\"1\" rowspan=\"1\">\n<div class=\"magic-24\">\n<div class=\"magic-3\" data-spm-anchor-id=\"a2700.pc-decorate.0.i60.325d3333t5xzQD\">Pression d&#039;air comprim\u00e9\/Consommation d&#039;air comprim\u00e9<\/div>\n<\/div>\n<\/td>\n<td colspan=\"2\" rowspan=\"1\">\n<div class=\"magic-27\">\n<div class=\"magic-3\">5 bars\/ 6 Nl\/p<\/div>\n<\/div>\n<\/td>\n<\/tr>\n<tr>\n<td colspan=\"1\" rowspan=\"1\">\n<div class=\"magic-24\">\n<div class=\"magic-3\" data-spm-anchor-id=\"a2700.pc-decorate.0.i70.325d3333t5xzQD\">Dimension de la barre de soudure<\/div>\n<\/div>\n<\/td>\n<td colspan=\"1\" rowspan=\"1\">\n<div class=\"magic-25\">\n<div class=\"magic-3\">610x480mm<\/div>\n<\/div>\n<\/td>\n<td colspan=\"1\" rowspan=\"1\">\n<div class=\"magic-26\">\n<div class=\"magic-3\">860x670mm<\/div>\n<\/div>\n<\/td>\n<\/tr>\n<tr>\n<td colspan=\"1\" rowspan=\"1\">\n<div class=\"magic-24\">\n<div class=\"magic-3\" data-spm-anchor-id=\"a2700.pc-decorate.0.i78.325d3333t5xzQD\">Hauteur maximale du paquet<\/div>\n<\/div>\n<\/td>\n<td colspan=\"1\" rowspan=\"1\">\n<div class=\"magic-25\">\n<div class=\"magic-3\" data-spm-anchor-id=\"a2700.pc-decorate.0.i75.325d3333t5xzQD\">200 mmpour joint central<\/div>\n<\/div>\n<\/td>\n<td colspan=\"1\" rowspan=\"1\">\n<div class=\"magic-26\">\n<div class=\"magic-3\" data-spm-anchor-id=\"a2700.pc-decorate.0.i67.325d3333t5xzQD\">250 mmpour joint central<\/div>\n<\/div>\n<\/td>\n<\/tr>\n<tr>\n<td colspan=\"1\" rowspan=\"1\">\n<div class=\"magic-24\">\n<div class=\"magic-3\" data-spm-anchor-id=\"a2700.pc-decorate.0.i79.325d3333t5xzQD\">Vitesse des convoyeurs<\/div>\n<\/div>\n<\/td>\n<td colspan=\"2\" rowspan=\"1\">\n<div class=\"magic-27\">\n<div class=\"magic-3\">10 \u2013 30 M\/min<\/div>\n<\/div>\n<\/td>\n<\/tr>\n<tr>\n<td colspan=\"1\" rowspan=\"1\">\n<div class=\"magic-24\">\n<div class=\"magic-3\" data-spm-anchor-id=\"a2700.pc-decorate.0.i86.325d3333t5xzQD\">Rendement moyen par heure<\/div>\n<\/div>\n<\/td>\n<td colspan=\"1\" rowspan=\"1\">\n<div class=\"magic-25\">\n<div class=\"magic-3\">600 &#8211; 2400<\/div>\n<\/div>\n<\/td>\n<td colspan=\"1\" rowspan=\"1\">\n<div class=\"magic-26\">\n<div class=\"magic-3\">600 &#8211; 1800<\/div>\n<\/div>\n<\/td>\n<\/tr>\n<tr>\n<td colspan=\"1\" rowspan=\"1\">\n<div class=\"magic-24\">\n<div class=\"magic-3\">Taille maximale de la bobine de film<\/div>\n<\/div>\n<\/td>\n<td colspan=\"2\" rowspan=\"1\">\n<div class=\"magic-27\">\n<div class=\"magic-3\">600 \u2013 \u00f8 300 mm<\/div>\n<\/div>\n<\/td>\n<\/tr>\n<tr>\n<td colspan=\"1\" rowspan=\"1\">\n<div class=\"magic-24\">\n<div class=\"magic-3\">Taille de la machine<\/div>\n<\/div>\n<\/td>\n<td colspan=\"1\" rowspan=\"1\">\n<div class=\"magic-25\">\n<div class=\"magic-3\">L2040 \u00d7 L1550 \u00d7 H1340 mm<\/div>\n<\/div>\n<\/td>\n<td colspan=\"1\" rowspan=\"1\">\n<div class=\"magic-26\">\n<div class=\"magic-3\">L2580 \u00d7 L1840 \u00d7 H1620 mm<\/div>\n<\/div>\n<\/td>\n<\/tr>\n<tr>\n<td colspan=\"1\" rowspan=\"1\">\n<div class=\"magic-24\">\n<div class=\"magic-3\">Taille de la machine emball\u00e9e<\/div>\n<\/div>\n<\/td>\n<td colspan=\"1\" rowspan=\"1\">\n<div class=\"magic-25\">\n<div class=\"magic-3\">L2160 \u00d7 L1730 \u00d7 H1620 mm<\/div>\n<\/div>\n<\/td>\n<td colspan=\"1\" rowspan=\"1\">\n<div class=\"magic-26\">\n<div class=\"magic-3\">L2469 \u00d7 L1740 \u00d7 H1340 mm<\/div>\n<\/div>\n<\/td>\n<\/tr>\n<tr>\n<td colspan=\"1\" rowspan=\"1\">\n<div class=\"magic-24\">\n<div class=\"magic-3\">Poids de la machine<\/div>\n<\/div>\n<\/td>\n<td colspan=\"1\" rowspan=\"1\">\n<div class=\"magic-25\">\n<div class=\"magic-3\">NW : 610 Kg GW : 850 Kg<\/div>\n<\/div>\n<\/td>\n<td colspan=\"1\" rowspan=\"1\">\n<div class=\"magic-26\">\n<div class=\"magic-3\" data-spm-anchor-id=\"a2700.details.0.i28.6dbc61df089Gjo\">NW : 750 Kg GW : 930 Kg<\/div>\n<\/div>\n<\/td>\n<\/tr>\n<\/tbody>\n<\/table>\n<\/div>\n<\/div>\n<p><img loading=\"lazy\" decoding=\"async\" class=\"alignnone wp-image-646\" src=\"http:\/\/higheasy.cn\/wp-content\/uploads\/2023\/07\/HTB1Lnd7QMHqK1RjSZFgq6y7JXXaU.jpg\" alt=\"higheasy\" width=\"1238\" height=\"1836\" srcset=\"https:\/\/higheasy.cn\/wp-content\/uploads\/2023\/07\/HTB1Lnd7QMHqK1RjSZFgq6y7JXXaU.jpg 750w, https:\/\/higheasy.cn\/wp-content\/uploads\/2023\/07\/HTB1Lnd7QMHqK1RjSZFgq6y7JXXaU-300x445.jpg 300w, https:\/\/higheasy.cn\/wp-content\/uploads\/2023\/07\/HTB1Lnd7QMHqK1RjSZFgq6y7JXXaU-202x300.jpg 202w, https:\/\/higheasy.cn\/wp-content\/uploads\/2023\/07\/HTB1Lnd7QMHqK1RjSZFgq6y7JXXaU-691x1024.jpg 691w\" sizes=\"(max-width: 1238px) 100vw, 1238px\" \/><\/p>\n<p>La soci\u00e9t\u00e9 dispose d&#039;un groupe d&#039;\u00e9quipes professionnelles de recherche et d\u00e9veloppement technologique, d&#039;\u00e9quipements de traitement avanc\u00e9s et d&#039;un certain nombre de brevets d&#039;invention. La soci\u00e9t\u00e9 produit une grande vari\u00e9t\u00e9 de machines d&#039;emballage, les principaux produits sont\u00a0: la machine de remplissage de forme verticale (VFFS), la machine d&#039;emballage en b\u00e2tonnets, la machine d&#039;emballage de poudre, la machine d&#039;emballage de liquides et les s\u00e9ries de peseuses associatives, qui sont largement utilis\u00e9es dans les aliments, les produits chimiques et les boissons. , produits agricoles, jouets et emballages dans les produits industriels et autres industries, les produits sont export\u00e9s dans le monde entier et ont obtenu des agents de marketing professionnels dans de nombreux pays et r\u00e9gions. Les produits et services ont \u00e9t\u00e9 unanimement reconnus et lou\u00e9s par les clients.<\/p>\n<p><img loading=\"lazy\" decoding=\"async\" class=\"alignnone size-full wp-image-662\" src=\"http:\/\/higheasy.cn\/wp-content\/uploads\/2023\/07\/5.jpg\" alt=\"small yogurt production line\" width=\"1200\" height=\"604\" srcset=\"https:\/\/higheasy.cn\/wp-content\/uploads\/2023\/07\/5.jpg 1200w, https:\/\/higheasy.cn\/wp-content\/uploads\/2023\/07\/5-300x151.jpg 300w, https:\/\/higheasy.cn\/wp-content\/uploads\/2023\/07\/5-1024x515.jpg 1024w, https:\/\/higheasy.cn\/wp-content\/uploads\/2023\/07\/5-768x387.jpg 768w\" sizes=\"(max-width: 1200px) 100vw, 1200px\" \/><\/p>","protected":false},"excerpt":{"rendered":"<p>Fully Automatic L Type Tray\/Bag Sealer Sealing Packing\/Packaging\/Package Machine &nbsp; Machine allows a simple and precise control of all the machine operations, such as: &#8211; Possibility of storing up to 10 different operation programs &#8211; Automatic control of the sealing bar height &#8211; double adjustment of the sealing blade temperature, both lengthways and broadways &#8211; [&hellip;]<\/p>","protected":false},"featured_media":1055,"template":"","meta":{"site-sidebar-layout":"default","site-content-layout":"default","ast-site-content-layout":"default","site-content-style":"default","site-sidebar-style":"default","ast-global-header-display":"","ast-banner-title-visibility":"","ast-main-header-display":"","ast-hfb-above-header-display":"","ast-hfb-below-header-display":"","ast-hfb-mobile-header-display":"","site-post-title":"","ast-breadcrumbs-content":"","ast-featured-img":"","footer-sml-layout":"","theme-transparent-header-meta":"default","adv-header-id-meta":"","stick-header-meta":"","header-above-stick-meta":"","header-main-stick-meta":"","header-below-stick-meta":"","astra-migrate-meta-layouts":"set","ast-page-background-enabled":"default","ast-page-background-meta":{"desktop":{"background-color":"","background-image":"","background-repeat":"repeat","background-position":"center center","background-size":"auto","background-attachment":"scroll","background-type":"","background-media":"","overlay-type":"","overlay-color":"","overlay-opacity":"","overlay-gradient":""},"tablet":{"background-color":"","background-image":"","background-repeat":"repeat","background-position":"center center","background-size":"auto","background-attachment":"scroll","background-type":"","background-media":"","overlay-type":"","overlay-color":"","overlay-opacity":"","overlay-gradient":""},"mobile":{"background-color":"","background-image":"","background-repeat":"repeat","background-position":"center center","background-size":"auto","background-attachment":"scroll","background-type":"","background-media":"","overlay-type":"","overlay-color":"","overlay-opacity":"","overlay-gradient":""}},"ast-content-background-meta":{"desktop":{"background-color":"var(--ast-global-color-5)","background-image":"","background-repeat":"repeat","background-position":"center center","background-size":"auto","background-attachment":"scroll","background-type":"","background-media":"","overlay-type":"","overlay-color":"","overlay-opacity":"","overlay-gradient":""},"tablet":{"background-color":"var(--ast-global-color-5)","background-image":"","background-repeat":"repeat","background-position":"center center","background-size":"auto","background-attachment":"scroll","background-type":"","background-media":"","overlay-type":"","overlay-color":"","overlay-opacity":"","overlay-gradient":""},"mobile":{"background-color":"var(--ast-global-color-5)","background-image":"","background-repeat":"repeat","background-position":"center center","background-size":"auto","background-attachment":"scroll","background-type":"","background-media":"","overlay-type":"","overlay-color":"","overlay-opacity":"","overlay-gradient":""}}},"product_brand":[],"product_cat":[22,35],"product_tag":[],"class_list":{"0":"post-1054","1":"product","2":"type-product","3":"status-publish","4":"has-post-thumbnail","6":"product_cat-hot-products","7":"product_cat-vffs-vertical-packing-machine","8":"desktop-align-left","9":"tablet-align-left","10":"mobile-align-left","12":"first","13":"instock","14":"shipping-taxable","15":"product-type-simple"},"_links":{"self":[{"href":"https:\/\/higheasy.cn\/fr\/wp-json\/wp\/v2\/product\/1054","targetHints":{"allow":["GET"]}}],"collection":[{"href":"https:\/\/higheasy.cn\/fr\/wp-json\/wp\/v2\/product"}],"about":[{"href":"https:\/\/higheasy.cn\/fr\/wp-json\/wp\/v2\/types\/product"}],"wp:featuredmedia":[{"embeddable":true,"href":"https:\/\/higheasy.cn\/fr\/wp-json\/wp\/v2\/media\/1055"}],"wp:attachment":[{"href":"https:\/\/higheasy.cn\/fr\/wp-json\/wp\/v2\/media?parent=1054"}],"wp:term":[{"taxonomy":"product_brand","embeddable":true,"href":"https:\/\/higheasy.cn\/fr\/wp-json\/wp\/v2\/product_brand?post=1054"},{"taxonomy":"product_cat","embeddable":true,"href":"https:\/\/higheasy.cn\/fr\/wp-json\/wp\/v2\/product_cat?post=1054"},{"taxonomy":"product_tag","embeddable":true,"href":"https:\/\/higheasy.cn\/fr\/wp-json\/wp\/v2\/product_tag?post=1054"}],"curies":[{"name":"wp","href":"https:\/\/api.w.org\/{rel}","templated":true}]}}