{"id":1017,"date":"2023-10-18T08:11:20","date_gmt":"2023-10-18T08:11:20","guid":{"rendered":"https:\/\/mediumturquoise-pheasant-889000.hostingersite.com\/?post_type=product&#038;p=1017"},"modified":"2023-10-18T08:12:26","modified_gmt":"2023-10-18T08:12:26","slug":"factory-price-sugar-tea-salt-coffee-seed-peanut-puffed-food-sachet-packing-machine","status":"publish","type":"product","link":"https:\/\/higheasy.cn\/fr\/produit\/factory-price-sugar-tea-salt-coffee-seed-peanut-puffed-food-sachet-packing-machine\/","title":{"rendered":"Machine d&#039;emballage de sachets alimentaires souffl\u00e9s, sucre, th\u00e9, sel, graines de caf\u00e9, cacahu\u00e8tes, prix d&#039;usine"},"content":{"rendered":"<p><img fetchpriority=\"high\" decoding=\"async\" class=\"\" src=\"https:\/\/sc01.alicdn.com\/kf\/HTB1uMedP4TpK1RjSZFKq6y2wXXaY\/222958773\/HTB1uMedP4TpK1RjSZFKq6y2wXXaY.jpg\" alt=\"Factory price sugar tea salt coffee seed peanut puffed food sachet packing machine\" width=\"1179\" height=\"99\" data-src=\"\/\/sc01.alicdn.com\/kf\/HTB1uMedP4TpK1RjSZFKq6y2wXXaY\/222958773\/HTB1uMedP4TpK1RjSZFKq6y2wXXaY.jpg\" data-alt=\"Factory price sugar tea salt coffee seed peanut puffed food sachet packing machine\" \/><\/p>\n<p>\u2666 Cette machine se base sur diff\u00e9rents mat\u00e9riaux et s&#039;adapte aux diff\u00e9rentes mani\u00e8res d&#039;alimentation.<\/p>\n<p>\u2666 l&#039;emballeur convient \u00e0 l&#039;emballage de divers types de poudre, troche, granul\u00e9s, mat\u00e9riaux fluides, tels que la semoule de ma\u00efs, la poudre de soja, les granul\u00e9s m\u00e9dicinaux, les fruits pr\u00e9serv\u00e9s, les chips de tortilla frites, les bonbons QQ, la boisson en gel\u00e9e, l&#039;huile, le yaourt, la pulpe , assaisonnement et ainsi de suite.<\/p>\n<p><img decoding=\"async\" class=\"\" src=\"https:\/\/sc02.alicdn.com\/kf\/HTB1iXmEPIbpK1RjSZFyq6x_qFXaD\/222958773\/HTB1iXmEPIbpK1RjSZFyq6x_qFXaD.jpg\" alt=\"Factory price sugar tea salt coffee seed peanut puffed food sachet packing machine\" width=\"1107\" height=\"93\" data-src=\"\/\/sc02.alicdn.com\/kf\/HTB1iXmEPIbpK1RjSZFyq6x_qFXaD\/222958773\/HTB1iXmEPIbpK1RjSZFyq6x_qFXaD.jpg\" data-alt=\"Factory price sugar tea salt coffee seed peanut puffed food sachet packing machine\" \/><\/p>\n<table border=\"2\">\n<tbody>\n<tr>\n<td>Vitesse d&#039;emballage (sac\/minute)<\/td>\n<td><strong>20\/50<\/strong><\/td>\n<\/tr>\n<tr>\n<td>M\u00e9thode de scellement<\/td>\n<td>\u00a0Joint arri\u00e8re, joint sur 3 c\u00f4t\u00e9s, joint sur 4 c\u00f4t\u00e9s<\/td>\n<\/tr>\n<tr>\n<td>Taille du sac (mm)<\/td>\n<td>\u00a0 Longueur : 20-200 Largeur : 20-100<\/td>\n<\/tr>\n<tr>\n<td>Diam\u00e8tre ext\u00e9rieur maximum du rouleau de film (mm)<\/td>\n<td>\u00a0\u2264\u2205450<\/td>\n<\/tr>\n<tr>\n<td>Largeur maximale du film (mm)<\/td>\n<td>\u00a0200<\/td>\n<\/tr>\n<tr>\n<td>\u00c9paisseur du film d&#039;emballage (mm)<\/td>\n<td>\u00a00.05-0.10<\/td>\n<\/tr>\n<tr>\n<td>Puissance totale (KW)<\/td>\n<td>\u00a03.5<\/td>\n<\/tr>\n<tr>\n<td>Tension (V)<\/td>\n<td>\u00a0220 V\/50 Hz<\/td>\n<\/tr>\n<tr>\n<td>Plage de remplissage (gramme)<\/td>\n<td>\u00a01-10, 10-50g, 50g-100g, 100-500g, 500g-1000g<\/td>\n<\/tr>\n<tr>\n<td>Consommation d&#039;air (m3\/min)<\/td>\n<td>\u00a00.23<\/td>\n<\/tr>\n<tr>\n<td>\u00a0Taille de la machine (mm)<\/td>\n<td>\u00a0970*900*2250<\/td>\n<\/tr>\n<tr>\n<td>\u00a0Poids de la machine (kg)<\/td>\n<td>\u00a0350<\/td>\n<\/tr>\n<\/tbody>\n<\/table>\n<p><img decoding=\"async\" class=\"alignnone wp-image-646\" src=\"http:\/\/higheasy.cn\/wp-content\/uploads\/2023\/07\/HTB1Lnd7QMHqK1RjSZFgq6y7JXXaU.jpg\" alt=\"higheasy\" width=\"1238\" height=\"1836\" srcset=\"https:\/\/higheasy.cn\/wp-content\/uploads\/2023\/07\/HTB1Lnd7QMHqK1RjSZFgq6y7JXXaU.jpg 750w, https:\/\/higheasy.cn\/wp-content\/uploads\/2023\/07\/HTB1Lnd7QMHqK1RjSZFgq6y7JXXaU-300x445.jpg 300w, https:\/\/higheasy.cn\/wp-content\/uploads\/2023\/07\/HTB1Lnd7QMHqK1RjSZFgq6y7JXXaU-202x300.jpg 202w, https:\/\/higheasy.cn\/wp-content\/uploads\/2023\/07\/HTB1Lnd7QMHqK1RjSZFgq6y7JXXaU-691x1024.jpg 691w\" sizes=\"(max-width: 1238px) 100vw, 1238px\" \/><\/p>\n<p>La soci\u00e9t\u00e9 dispose d&#039;un groupe d&#039;\u00e9quipes professionnelles de recherche et d\u00e9veloppement technologique, d&#039;\u00e9quipements de traitement avanc\u00e9s et d&#039;un certain nombre de brevets d&#039;invention. La soci\u00e9t\u00e9 produit une grande vari\u00e9t\u00e9 de machines d&#039;emballage, les principaux produits sont\u00a0: la machine de remplissage de forme verticale (VFFS), la machine d&#039;emballage en b\u00e2tonnets, la machine d&#039;emballage de poudre, la machine d&#039;emballage de liquides et les s\u00e9ries de peseuses associatives, qui sont largement utilis\u00e9es dans les aliments, les produits chimiques et les boissons. , produits agricoles, jouets et emballages dans les produits industriels et autres industries, les produits sont export\u00e9s dans le monde entier et ont obtenu des agents de marketing professionnels dans de nombreux pays et r\u00e9gions. Les produits et services ont \u00e9t\u00e9 unanimement reconnus et lou\u00e9s par les clients.<\/p>\n<p><img loading=\"lazy\" decoding=\"async\" class=\"alignnone size-full wp-image-662\" src=\"http:\/\/higheasy.cn\/wp-content\/uploads\/2023\/07\/5.jpg\" alt=\"small yogurt production line\" width=\"1200\" height=\"604\" srcset=\"https:\/\/higheasy.cn\/wp-content\/uploads\/2023\/07\/5.jpg 1200w, https:\/\/higheasy.cn\/wp-content\/uploads\/2023\/07\/5-300x151.jpg 300w, https:\/\/higheasy.cn\/wp-content\/uploads\/2023\/07\/5-1024x515.jpg 1024w, https:\/\/higheasy.cn\/wp-content\/uploads\/2023\/07\/5-768x387.jpg 768w\" sizes=\"(max-width: 1200px) 100vw, 1200px\" \/><\/p>","protected":false},"excerpt":{"rendered":"<p>&#x2666; This machine bases on the different material, and match the different ways of feeding. &#x2666;\u00a0 the packer is suitable for packing of various kinds of powder, troche,granule, fluid material, such as cornmeal food, soy bean powder, medicinal granules, preverved fruit, fried tortilla chips, QQ candy, jelly drink, oil , yoghurt, pulp, seasong and so [&hellip;]<\/p>","protected":false},"featured_media":1018,"template":"","meta":{"site-sidebar-layout":"default","site-content-layout":"default","ast-site-content-layout":"default","site-content-style":"default","site-sidebar-style":"default","ast-global-header-display":"","ast-banner-title-visibility":"","ast-main-header-display":"","ast-hfb-above-header-display":"","ast-hfb-below-header-display":"","ast-hfb-mobile-header-display":"","site-post-title":"","ast-breadcrumbs-content":"","ast-featured-img":"","footer-sml-layout":"","theme-transparent-header-meta":"default","adv-header-id-meta":"","stick-header-meta":"","header-above-stick-meta":"","header-main-stick-meta":"","header-below-stick-meta":"","astra-migrate-meta-layouts":"set","ast-page-background-enabled":"default","ast-page-background-meta":{"desktop":{"background-color":"","background-image":"","background-repeat":"repeat","background-position":"center center","background-size":"auto","background-attachment":"scroll","background-type":"","background-media":"","overlay-type":"","overlay-color":"","overlay-opacity":"","overlay-gradient":""},"tablet":{"background-color":"","background-image":"","background-repeat":"repeat","background-position":"center center","background-size":"auto","background-attachment":"scroll","background-type":"","background-media":"","overlay-type":"","overlay-color":"","overlay-opacity":"","overlay-gradient":""},"mobile":{"background-color":"","background-image":"","background-repeat":"repeat","background-position":"center center","background-size":"auto","background-attachment":"scroll","background-type":"","background-media":"","overlay-type":"","overlay-color":"","overlay-opacity":"","overlay-gradient":""}},"ast-content-background-meta":{"desktop":{"background-color":"var(--ast-global-color-5)","background-image":"","background-repeat":"repeat","background-position":"center center","background-size":"auto","background-attachment":"scroll","background-type":"","background-media":"","overlay-type":"","overlay-color":"","overlay-opacity":"","overlay-gradient":""},"tablet":{"background-color":"var(--ast-global-color-5)","background-image":"","background-repeat":"repeat","background-position":"center center","background-size":"auto","background-attachment":"scroll","background-type":"","background-media":"","overlay-type":"","overlay-color":"","overlay-opacity":"","overlay-gradient":""},"mobile":{"background-color":"var(--ast-global-color-5)","background-image":"","background-repeat":"repeat","background-position":"center center","background-size":"auto","background-attachment":"scroll","background-type":"","background-media":"","overlay-type":"","overlay-color":"","overlay-opacity":"","overlay-gradient":""}}},"product_brand":[],"product_cat":[35],"product_tag":[],"class_list":{"0":"post-1017","1":"product","2":"type-product","3":"status-publish","4":"has-post-thumbnail","6":"product_cat-vffs-vertical-packing-machine","7":"desktop-align-left","8":"tablet-align-left","9":"mobile-align-left","11":"first","12":"instock","13":"shipping-taxable","14":"product-type-simple"},"_links":{"self":[{"href":"https:\/\/higheasy.cn\/fr\/wp-json\/wp\/v2\/product\/1017","targetHints":{"allow":["GET"]}}],"collection":[{"href":"https:\/\/higheasy.cn\/fr\/wp-json\/wp\/v2\/product"}],"about":[{"href":"https:\/\/higheasy.cn\/fr\/wp-json\/wp\/v2\/types\/product"}],"wp:featuredmedia":[{"embeddable":true,"href":"https:\/\/higheasy.cn\/fr\/wp-json\/wp\/v2\/media\/1018"}],"wp:attachment":[{"href":"https:\/\/higheasy.cn\/fr\/wp-json\/wp\/v2\/media?parent=1017"}],"wp:term":[{"taxonomy":"product_brand","embeddable":true,"href":"https:\/\/higheasy.cn\/fr\/wp-json\/wp\/v2\/product_brand?post=1017"},{"taxonomy":"product_cat","embeddable":true,"href":"https:\/\/higheasy.cn\/fr\/wp-json\/wp\/v2\/product_cat?post=1017"},{"taxonomy":"product_tag","embeddable":true,"href":"https:\/\/higheasy.cn\/fr\/wp-json\/wp\/v2\/product_tag?post=1017"}],"curies":[{"name":"wp","href":"https:\/\/api.w.org\/{rel}","templated":true}]}}