{"id":1011,"date":"2023-10-18T07:06:33","date_gmt":"2023-10-18T07:06:33","guid":{"rendered":"https:\/\/mediumturquoise-pheasant-889000.hostingersite.com\/?post_type=product&#038;p=1011"},"modified":"2023-10-18T07:08:53","modified_gmt":"2023-10-18T07:08:53","slug":"automatic-tin-can-filling-seaming-machine-tincan-sealing-machine","status":"publish","type":"product","link":"https:\/\/higheasy.cn\/fr\/produit\/automatic-tin-can-filling-seaming-machine-tincan-sealing-machine\/","title":{"rendered":"Machine de remplissage automatique de bo\u00eetes de conserve, machine \u00e0 sceller les bo\u00eetes de conserve"},"content":{"rendered":"<h3 style=\"text-align: center;\"><span data-spm-anchor-id=\"a2700.details.0.i21.5b4a60e7VVowgH\">Machine de remplissage automatique de bo\u00eetes de conserve, machine \u00e0 sceller les bo\u00eetes de conserve<\/span><\/h3>\n<p><img fetchpriority=\"high\" decoding=\"async\" class=\"\" src=\"https:\/\/sc02.alicdn.com\/kf\/H1c6a26424faa42ab8448e21aac78e650P\/222958773\/H1c6a26424faa42ab8448e21aac78e650P.png\" width=\"1059\" height=\"596\" data-src=\"https:\/\/sc02.alicdn.com\/kf\/H1c6a26424faa42ab8448e21aac78e650P\/222958773\/H1c6a26424faa42ab8448e21aac78e650P.png\" data-width=\"925\" data-height=\"521\" \/><\/p>\n<p><img decoding=\"async\" class=\"alignnone  wp-image-1012\" src=\"http:\/\/higheasy.cn\/wp-content\/uploads\/2023\/10\/H2571426a475c4d2a80aa8050f2027a20r.jpg_960x960.webp\" alt=\"\" width=\"1059\" height=\"794\" srcset=\"https:\/\/higheasy.cn\/wp-content\/uploads\/2023\/10\/H2571426a475c4d2a80aa8050f2027a20r.jpg_960x960.webp 960w, https:\/\/higheasy.cn\/wp-content\/uploads\/2023\/10\/H2571426a475c4d2a80aa8050f2027a20r.jpg_960x960-300x225.webp 300w, https:\/\/higheasy.cn\/wp-content\/uploads\/2023\/10\/H2571426a475c4d2a80aa8050f2027a20r.jpg_960x960-768x576.webp 768w\" sizes=\"(max-width: 1059px) 100vw, 1059px\" \/><\/p>\n<p>&nbsp;<\/p>\n<p><img decoding=\"async\" class=\"\" src=\"https:\/\/sc01.alicdn.com\/kf\/HTB1uMedP4TpK1RjSZFKq6y2wXXaY\/222958773\/HTB1uMedP4TpK1RjSZFKq6y2wXXaY.jpg\" alt=\"Automatic tin can filling seaming machine tincan sealing machine auto tin can seamer\" width=\"1179\" height=\"99\" data-src=\"https:\/\/sc01.alicdn.com\/kf\/HTB1uMedP4TpK1RjSZFKq6y2wXXaY\/222958773\/HTB1uMedP4TpK1RjSZFKq6y2wXXaY.jpg\" data-alt=\"Automatic tin can filling seaming machine tincan sealing machine auto tin can seamer\" \/><\/p>\n<p>&nbsp;<\/p>\n<p>1. Ach\u00e8vement automatique du chargement du mat\u00e9riau, du pesage, de la mise en conserve, du placement du couvercle, du sertissage des bo\u00eetes, de l&#039;\u00e9tiquetage et du jet d&#039;encre\u00a0;<\/p>\n<p>2. Assemblage s\u00e9lectif d&#039;\u00e9quipements enti\u00e8rement automatiques avec diff\u00e9rentes configurations en fonction de demandes vari\u00e9es ;<\/p>\n<p>3. Adoption de marques de renomm\u00e9e internationale ou nationale pour les dispositifs ou modules de contr\u00f4le inductif avec des performances stables et fiables et un taux de d\u00e9faillance assez faible\u00a0;<\/p>\n<p>4. Convient pour l&#039;\u00e9tanch\u00e9it\u00e9 et le recouvrement arri\u00e8re de diverses bo\u00eetes en plastique, bo\u00eetes en papier et bo\u00eetes en fer avec diff\u00e9rentes sp\u00e9cifications. Le fonctionnement est facile \u00e0 apprendre, ce qui en fait des appareils id\u00e9aux pour les industries alimentaires, des boissons et pharmaceutiques.<\/p>\n<p>&nbsp;<\/p>\n<p><img loading=\"lazy\" decoding=\"async\" class=\"\" src=\"https:\/\/sc02.alicdn.com\/kf\/HTB1YzZ5Q7voK1RjSZPfq6xPKFXaY\/222958773\/HTB1YzZ5Q7voK1RjSZPfq6xPKFXaY.jpg\" alt=\"Automatic tin can filling seaming machine tincan sealing machine auto tin can seamer\" width=\"1333\" height=\"112\" data-src=\"https:\/\/sc02.alicdn.com\/kf\/HTB1YzZ5Q7voK1RjSZPfq6xPKFXaY\/222958773\/HTB1YzZ5Q7voK1RjSZPfq6xPKFXaY.jpg\" data-alt=\"Automatic tin can filling seaming machine tincan sealing machine auto tin can seamer\" \/><\/p>\n<table border=\"3\">\n<tbody>\n<tr>\n<td><strong>Volume de remplissage :\u00a0<\/strong><\/td>\n<td><strong>\u00a05-5000g\u00a0<\/strong><\/td>\n<\/tr>\n<tr>\n<td><strong>Num\u00e9ro de couture<\/strong><\/td>\n<td>\u00a0 1<\/td>\n<\/tr>\n<tr>\n<td><strong>Vitesse de production<\/strong><\/td>\n<td><strong>30-35 canettes\/min sans vide, 6-8 canettes\/min avec vide<\/strong><\/td>\n<\/tr>\n<tr>\n<td><strong>Hauteur d&#039;\u00e9tanch\u00e9it\u00e9<\/strong><\/td>\n<td><strong>\u00a050-200 mm (r\u00e9glable)<\/strong><\/td>\n<\/tr>\n<tr>\n<td><strong>Diam\u00e8tre de canette applicable<\/strong><\/td>\n<td><strong>\u00a0<\/strong><strong>35-130 mm<\/strong><\/td>\n<\/tr>\n<tr>\n<td><strong>Tension (V)<\/strong><\/td>\n<td><strong>\u00a0220 V\/50 Hz<\/strong><\/td>\n<\/tr>\n<tr>\n<td><strong>Pression atmosph\u00e9rique<\/strong><\/td>\n<td><strong>\u00a00,6-0,8 Mpa<\/strong><\/td>\n<\/tr>\n<tr>\n<td><strong>\u00a0Taille de la machine (mm)<\/strong><\/td>\n<td><strong>\u00a09340*6000*1800mm\u00a0<\/strong><\/td>\n<\/tr>\n<\/tbody>\n<\/table>\n<p><img loading=\"lazy\" decoding=\"async\" class=\"alignnone wp-image-646\" src=\"http:\/\/higheasy.cn\/wp-content\/uploads\/2023\/07\/HTB1Lnd7QMHqK1RjSZFgq6y7JXXaU.jpg\" alt=\"higheasy\" width=\"1238\" height=\"1836\" srcset=\"https:\/\/higheasy.cn\/wp-content\/uploads\/2023\/07\/HTB1Lnd7QMHqK1RjSZFgq6y7JXXaU.jpg 750w, https:\/\/higheasy.cn\/wp-content\/uploads\/2023\/07\/HTB1Lnd7QMHqK1RjSZFgq6y7JXXaU-300x445.jpg 300w, https:\/\/higheasy.cn\/wp-content\/uploads\/2023\/07\/HTB1Lnd7QMHqK1RjSZFgq6y7JXXaU-202x300.jpg 202w, https:\/\/higheasy.cn\/wp-content\/uploads\/2023\/07\/HTB1Lnd7QMHqK1RjSZFgq6y7JXXaU-691x1024.jpg 691w\" sizes=\"(max-width: 1238px) 100vw, 1238px\" \/><\/p>\n<p>La soci\u00e9t\u00e9 dispose d&#039;un groupe d&#039;\u00e9quipes professionnelles de recherche et d\u00e9veloppement technologique, d&#039;\u00e9quipements de traitement avanc\u00e9s et d&#039;un certain nombre de brevets d&#039;invention. La soci\u00e9t\u00e9 produit une grande vari\u00e9t\u00e9 de machines d&#039;emballage, les principaux produits sont\u00a0: la machine de remplissage de forme verticale (VFFS), la machine d&#039;emballage en b\u00e2tonnets, la machine d&#039;emballage de poudre, la machine d&#039;emballage de liquides et les s\u00e9ries de peseuses associatives, qui sont largement utilis\u00e9es dans les aliments, les produits chimiques et les boissons. , produits agricoles, jouets et emballages dans les produits industriels et autres industries, les produits sont export\u00e9s dans le monde entier et ont obtenu des agents de marketing professionnels dans de nombreux pays et r\u00e9gions. Les produits et services ont \u00e9t\u00e9 unanimement reconnus et lou\u00e9s par les clients.<\/p>\n<p><img loading=\"lazy\" decoding=\"async\" class=\"alignnone size-full wp-image-662\" src=\"http:\/\/higheasy.cn\/wp-content\/uploads\/2023\/07\/5.jpg\" alt=\"small yogurt production line\" width=\"1200\" height=\"604\" srcset=\"https:\/\/higheasy.cn\/wp-content\/uploads\/2023\/07\/5.jpg 1200w, https:\/\/higheasy.cn\/wp-content\/uploads\/2023\/07\/5-300x151.jpg 300w, https:\/\/higheasy.cn\/wp-content\/uploads\/2023\/07\/5-1024x515.jpg 1024w, https:\/\/higheasy.cn\/wp-content\/uploads\/2023\/07\/5-768x387.jpg 768w\" sizes=\"(max-width: 1200px) 100vw, 1200px\" \/><\/p>","protected":false},"excerpt":{"rendered":"<p>Automatic tin can filling seaming machine tincan sealing machine &nbsp; &nbsp; 1. Automatic completion of material loading, weighting, canning, lid placing, can seaming, labeling and ink jet; 2. Selective assembly of full-automatic equipments with different configurations based on varied demands; 3. Adoption of internationally or domestically famous brands for the inductive control devices or modules [&hellip;]<\/p>","protected":false},"featured_media":1013,"template":"","meta":{"site-sidebar-layout":"default","site-content-layout":"default","ast-site-content-layout":"default","site-content-style":"default","site-sidebar-style":"default","ast-global-header-display":"","ast-banner-title-visibility":"","ast-main-header-display":"","ast-hfb-above-header-display":"","ast-hfb-below-header-display":"","ast-hfb-mobile-header-display":"","site-post-title":"","ast-breadcrumbs-content":"","ast-featured-img":"","footer-sml-layout":"","theme-transparent-header-meta":"default","adv-header-id-meta":"","stick-header-meta":"","header-above-stick-meta":"","header-main-stick-meta":"","header-below-stick-meta":"","astra-migrate-meta-layouts":"set","ast-page-background-enabled":"default","ast-page-background-meta":{"desktop":{"background-color":"","background-image":"","background-repeat":"repeat","background-position":"center center","background-size":"auto","background-attachment":"scroll","background-type":"","background-media":"","overlay-type":"","overlay-color":"","overlay-opacity":"","overlay-gradient":""},"tablet":{"background-color":"","background-image":"","background-repeat":"repeat","background-position":"center center","background-size":"auto","background-attachment":"scroll","background-type":"","background-media":"","overlay-type":"","overlay-color":"","overlay-opacity":"","overlay-gradient":""},"mobile":{"background-color":"","background-image":"","background-repeat":"repeat","background-position":"center center","background-size":"auto","background-attachment":"scroll","background-type":"","background-media":"","overlay-type":"","overlay-color":"","overlay-opacity":"","overlay-gradient":""}},"ast-content-background-meta":{"desktop":{"background-color":"var(--ast-global-color-5)","background-image":"","background-repeat":"repeat","background-position":"center center","background-size":"auto","background-attachment":"scroll","background-type":"","background-media":"","overlay-type":"","overlay-color":"","overlay-opacity":"","overlay-gradient":""},"tablet":{"background-color":"var(--ast-global-color-5)","background-image":"","background-repeat":"repeat","background-position":"center center","background-size":"auto","background-attachment":"scroll","background-type":"","background-media":"","overlay-type":"","overlay-color":"","overlay-opacity":"","overlay-gradient":""},"mobile":{"background-color":"var(--ast-global-color-5)","background-image":"","background-repeat":"repeat","background-position":"center center","background-size":"auto","background-attachment":"scroll","background-type":"","background-media":"","overlay-type":"","overlay-color":"","overlay-opacity":"","overlay-gradient":""}}},"product_brand":[],"product_cat":[33],"product_tag":[],"class_list":{"0":"post-1011","1":"product","2":"type-product","3":"status-publish","4":"has-post-thumbnail","6":"product_cat-can-tin-box-filling-seaming-labelling-machine","7":"desktop-align-left","8":"tablet-align-left","9":"mobile-align-left","11":"first","12":"instock","13":"shipping-taxable","14":"product-type-simple"},"_links":{"self":[{"href":"https:\/\/higheasy.cn\/fr\/wp-json\/wp\/v2\/product\/1011","targetHints":{"allow":["GET"]}}],"collection":[{"href":"https:\/\/higheasy.cn\/fr\/wp-json\/wp\/v2\/product"}],"about":[{"href":"https:\/\/higheasy.cn\/fr\/wp-json\/wp\/v2\/types\/product"}],"wp:featuredmedia":[{"embeddable":true,"href":"https:\/\/higheasy.cn\/fr\/wp-json\/wp\/v2\/media\/1013"}],"wp:attachment":[{"href":"https:\/\/higheasy.cn\/fr\/wp-json\/wp\/v2\/media?parent=1011"}],"wp:term":[{"taxonomy":"product_brand","embeddable":true,"href":"https:\/\/higheasy.cn\/fr\/wp-json\/wp\/v2\/product_brand?post=1011"},{"taxonomy":"product_cat","embeddable":true,"href":"https:\/\/higheasy.cn\/fr\/wp-json\/wp\/v2\/product_cat?post=1011"},{"taxonomy":"product_tag","embeddable":true,"href":"https:\/\/higheasy.cn\/fr\/wp-json\/wp\/v2\/product_tag?post=1011"}],"curies":[{"name":"wp","href":"https:\/\/api.w.org\/{rel}","templated":true}]}}