{"id":1010,"date":"2023-10-18T07:04:38","date_gmt":"2023-10-18T07:04:38","guid":{"rendered":"https:\/\/mediumturquoise-pheasant-889000.hostingersite.com\/?post_type=product&#038;p=1010"},"modified":"2023-10-18T07:05:20","modified_gmt":"2023-10-18T07:05:20","slug":"factory-price-juice-ice-pop-ice-lolly-pouch-filling-and-sealing-machine","status":"publish","type":"product","link":"https:\/\/higheasy.cn\/fr\/produit\/factory-price-juice-ice-pop-ice-lolly-pouch-filling-and-sealing-machine\/","title":{"rendered":"Machine de remplissage et de scellage de sachets de sucettes glac\u00e9es, prix d&#039;usine"},"content":{"rendered":"<p><img fetchpriority=\"high\" decoding=\"async\" class=\"alignnone size-full wp-image-1009\" src=\"http:\/\/higheasy.cn\/wp-content\/uploads\/2023\/10\/HTB1FF4SUbPpK1RjSZFFq6y5PpXa9-1.jpg\" alt=\"\" width=\"2410\" height=\"1263\" srcset=\"https:\/\/higheasy.cn\/wp-content\/uploads\/2023\/10\/HTB1FF4SUbPpK1RjSZFFq6y5PpXa9-1.jpg 2410w, https:\/\/higheasy.cn\/wp-content\/uploads\/2023\/10\/HTB1FF4SUbPpK1RjSZFFq6y5PpXa9-1-300x157.jpg 300w, https:\/\/higheasy.cn\/wp-content\/uploads\/2023\/10\/HTB1FF4SUbPpK1RjSZFFq6y5PpXa9-1-1024x537.jpg 1024w, https:\/\/higheasy.cn\/wp-content\/uploads\/2023\/10\/HTB1FF4SUbPpK1RjSZFFq6y5PpXa9-1-768x402.jpg 768w, https:\/\/higheasy.cn\/wp-content\/uploads\/2023\/10\/HTB1FF4SUbPpK1RjSZFFq6y5PpXa9-1-1536x805.jpg 1536w, https:\/\/higheasy.cn\/wp-content\/uploads\/2023\/10\/HTB1FF4SUbPpK1RjSZFFq6y5PpXa9-1-2048x1073.jpg 2048w\" sizes=\"(max-width: 2410px) 100vw, 2410px\" \/><\/p>\n<p><strong data-spm-anchor-id=\"a2700.details.0.i22.36a4567d0Dpuli\">Aper\u00e7u<\/strong><\/p>\n<p>1) La machine remplace l&#039;emballage manuel traditionnel, rend la production d&#039;emballage automatique, am\u00e9liore l&#039;efficacit\u00e9 de la production et r\u00e9duit consid\u00e9rablement les co\u00fbts de production. L&#039;ensemble de l&#039;appareil peut \u00eatre utilis\u00e9 par une seule personne, ce qui r\u00e9duit consid\u00e9rablement les co\u00fbts de main-d&#039;\u0153uvre.<\/p>\n<p data-spm-anchor-id=\"a2700.details.0.i21.36a4567d0Dpuli\">2) Cette machine est \u00e9quip\u00e9e en standard d&#039;un syst\u00e8me de surveillance automatique. Elle peut juger l&#039;\u00e9tat de la machine en surveillant la pression d&#039;air, la panne du contr\u00f4leur de temp\u00e9rature et l&#039;ouverture ou non du sac. Elle peut contr\u00f4ler les actions du dispositif de remplissage de mat\u00e9riau et du dispositif de scellage \u00e0 chaud. Cela permet d&#039;\u00e9viter le gaspillage de mat\u00e9riaux d&#039;emballage et de mati\u00e8res premi\u00e8res pour \u00e9conomiser les co\u00fbts de production.<\/p>\n<p><strong>NOTE:<\/strong><\/p>\n<p>Il y a un dispositif d&#039;inspection de remplissage. Pas de sac, pas de remplissage, pas de scellage pour vider le sac. Ce dispositif est utile pour r\u00e9duire les d\u00e9chets de mat\u00e9riaux et d&#039;emballages et la pollution de la machine. Il peut \u00eatre lav\u00e9 \u00e0 l&#039;eau. La machine d&#039;emballage est dot\u00e9e de portes doubles en plaque de verre organique.<\/p>\n<p><strong>MAT\u00c9RIEL:<\/strong><\/p>\n<p>1) La came du syst\u00e8me d&#039;entra\u00eenement est fabriqu\u00e9e en acier forg\u00e9 45#. Sa duret\u00e9 n&#039;est pas inf\u00e9rieure \u00e0 HR50 apr\u00e8s traitement thermique.<\/p>\n<p>2) Le levier de vitesse est fabriqu\u00e9 en acier 45#. La surface est meul\u00e9e et lisse. Il est durable et r\u00e9sistant \u00e0 l&#039;usure ;<\/p>\n<p>3) Les plaques lat\u00e9rales et la tige de guidage sont des pi\u00e8ces moul\u00e9es sous pression qui ont une intensit\u00e9 \u00e9lev\u00e9e et une longue dur\u00e9e de vie.<\/p>\n<p>Toute la surface est trait\u00e9e anti-corrosion.<\/p>\n<p>4) La plate-forme de la machine est constitu\u00e9e d&#039;une plaque SS304 de qualit\u00e9 alimentaire d&#039;une \u00e9paisseur de 2 mm, ce qui la rend facile \u00e0 nettoyer\u00a0;<\/p>\n<p>5) Les dispositifs de placement, d&#039;ouverture, de fermeture, de pr\u00e9hension et de pr\u00e9hension des sacs sont fabriqu\u00e9s en SS304 de qualit\u00e9 alimentaire.<\/p>\n<p>6) Le bo\u00eetier \u00e9lectrique est fabriqu\u00e9 en SS304 de qualit\u00e9 alimentaire d&#039;une \u00e9paisseur de 2 mm. Il est \u00e9tanche. Toute la surface de la plate-forme peut \u00eatre lav\u00e9e \u00e0 l&#039;eau.<\/p>\n<p>&nbsp;<\/p>\n<p><strong>E<\/strong><strong>marque d&#039;appareil \u00e9lectrique :<\/strong><\/p>\n<div align=\"center\">\n<table border=\"0\" cellspacing=\"0\">\n<tbody>\n<tr>\n<td valign=\"center\" width=\"250\">\n<p align=\"center\"><strong>nom<\/strong><\/p>\n<\/td>\n<td valign=\"center\" width=\"382\">\n<p align=\"center\"><strong>\u00a0<\/strong><strong>\u00a0marque<\/strong><\/p>\n<\/td>\n<\/tr>\n<tr>\n<td valign=\"center\" width=\"250\">\u00c9cran tactile<\/td>\n<td valign=\"center\" width=\"382\">Allemagne Siemens 10 pouces<\/td>\n<\/tr>\n<tr>\n<td valign=\"center\" width=\"250\">Convertisseur de fr\u00e9quence<\/td>\n<td valign=\"center\" width=\"382\">Allemagne\u00a0<a>Siemens<\/a><\/td>\n<\/tr>\n<tr>\n<td valign=\"center\" width=\"250\">Automate programmable<\/td>\n<td valign=\"center\" width=\"382\">Allemagne Siemens<\/td>\n<\/tr>\n<tr>\n<td valign=\"center\" width=\"250\">Vanne magn\u00e9tique<\/td>\n<td valign=\"center\" width=\"382\">Allemagne Festo<\/td>\n<\/tr>\n<tr>\n<td valign=\"center\" width=\"250\">Cylindre<\/td>\n<td valign=\"center\" width=\"382\">Allemagne Festo<\/td>\n<\/tr>\n<tr>\n<td valign=\"center\" width=\"250\">bouton, contacteur<\/td>\n<td valign=\"center\" width=\"382\">Siemens<\/td>\n<\/tr>\n<tr>\n<td valign=\"center\" width=\"250\">Relais interm\u00e9diaire<\/td>\n<td valign=\"center\" width=\"382\">IDEC Japon<\/td>\n<\/tr>\n<tr>\n<td valign=\"center\" width=\"250\">Relais statique<\/td>\n<td valign=\"center\" width=\"382\">Allemagne MAGER<\/td>\n<\/tr>\n<tr>\n<td valign=\"center\" width=\"250\">Pompe \u00e0 vide<\/td>\n<td valign=\"center\" width=\"382\">Japon ORTON<\/td>\n<\/tr>\n<\/tbody>\n<\/table>\n<p><strong style=\"font-size: 16px;\">\u00a0<\/strong><\/p>\n<div align=\"center\">\n<table border=\"0\" cellspacing=\"0\">\n<tbody>\n<tr>\n<td valign=\"center\" width=\"131\">\n<p align=\"center\">mod\u00e8le<\/p>\n<\/td>\n<td valign=\"center\" width=\"499\">\n<p align=\"justify\">HY-8PC<\/p>\n<\/td>\n<\/tr>\n<tr>\n<td valign=\"center\" width=\"131\">\n<p align=\"center\">poids<\/p>\n<\/td>\n<td valign=\"center\" width=\"499\">\n<p align=\"center\">1200kg<\/p>\n<\/td>\n<\/tr>\n<tr>\n<td valign=\"center\" width=\"131\">\n<p align=\"center\">Sp\u00e9cifications d&#039;emballage<\/p>\n<\/td>\n<td valign=\"center\" width=\"499\">\n<p align=\"center\">Largeur du sac : 100-220 mm Longueur du sac : 100-300 mm<\/p>\n<\/td>\n<\/tr>\n<tr>\n<td valign=\"center\" width=\"131\">\n<p align=\"center\">Pouvoir total<\/p>\n<\/td>\n<td valign=\"center\" width=\"499\">\n<p align=\"center\">3\u00a0kW<\/p>\n<\/td>\n<\/tr>\n<tr>\n<td valign=\"center\" width=\"131\">\n<p align=\"center\">Formulaire de placement de sac<\/p>\n<\/td>\n<td valign=\"center\" width=\"499\">\n<p align=\"center\">prise du sac du bas<\/p>\n<\/td>\n<\/tr>\n<tr>\n<td valign=\"center\" width=\"131\">\n<p align=\"center\">Type de sac<\/p>\n<\/td>\n<td valign=\"center\" width=\"499\">\n<p align=\"center\">sac plat<\/p>\n<\/td>\n<\/tr>\n<tr>\n<td valign=\"center\" width=\"131\">\n<p align=\"center\">Type d&#039;\u00e9tanch\u00e9it\u00e9<\/p>\n<\/td>\n<td valign=\"center\" width=\"499\">\n<p align=\"center\">double joint<\/p>\n<\/td>\n<\/tr>\n<tr>\n<td valign=\"center\" width=\"131\">\n<p align=\"center\">taille<\/p>\n<\/td>\n<td valign=\"center\" width=\"499\">\n<p align=\"center\">1550mm*1350mm*1400mm (H)<\/p>\n<\/td>\n<\/tr>\n<tr>\n<td valign=\"center\" width=\"131\">\n<p align=\"center\">Description de l&#039;emploi<\/p>\n<\/td>\n<td valign=\"center\" width=\"499\">1. sac 2. transition 3. ouverture du sac 4. remplissage 5. transition 6. joint 7. joint 8. sortie<\/td>\n<\/tr>\n<\/tbody>\n<\/table>\n<\/div>\n<\/div>\n<p><strong>Dispositif de remplissage<\/strong><\/p>\n<p>En fonction des diff\u00e9rents mat\u00e9riaux, adoptez diff\u00e9rentes m\u00e9thodes de dispositif d&#039;alimentation telles que la table tournante, la peseuse multi-t\u00eates, le godet \u00e0 bascule, le dispositif de comptage de comprim\u00e9s, la vis, la pompe \u00e0 piston, etc.<\/p>\n<p><img decoding=\"async\" class=\"alignnone wp-image-646\" src=\"http:\/\/higheasy.cn\/wp-content\/uploads\/2023\/07\/HTB1Lnd7QMHqK1RjSZFgq6y7JXXaU.jpg\" alt=\"higheasy\" width=\"1238\" height=\"1836\" srcset=\"https:\/\/higheasy.cn\/wp-content\/uploads\/2023\/07\/HTB1Lnd7QMHqK1RjSZFgq6y7JXXaU.jpg 750w, https:\/\/higheasy.cn\/wp-content\/uploads\/2023\/07\/HTB1Lnd7QMHqK1RjSZFgq6y7JXXaU-300x445.jpg 300w, https:\/\/higheasy.cn\/wp-content\/uploads\/2023\/07\/HTB1Lnd7QMHqK1RjSZFgq6y7JXXaU-202x300.jpg 202w, https:\/\/higheasy.cn\/wp-content\/uploads\/2023\/07\/HTB1Lnd7QMHqK1RjSZFgq6y7JXXaU-691x1024.jpg 691w\" sizes=\"(max-width: 1238px) 100vw, 1238px\" \/><\/p>\n<p>La soci\u00e9t\u00e9 dispose d&#039;un groupe d&#039;\u00e9quipes professionnelles de recherche et d\u00e9veloppement technologique, d&#039;\u00e9quipements de traitement avanc\u00e9s et d&#039;un certain nombre de brevets d&#039;invention. La soci\u00e9t\u00e9 produit une grande vari\u00e9t\u00e9 de machines d&#039;emballage, les principaux produits sont\u00a0: la machine de remplissage de forme verticale (VFFS), la machine d&#039;emballage en b\u00e2tonnets, la machine d&#039;emballage de poudre, la machine d&#039;emballage de liquides et les s\u00e9ries de peseuses associatives, qui sont largement utilis\u00e9es dans les aliments, les produits chimiques et les boissons. , produits agricoles, jouets et emballages dans les produits industriels et autres industries, les produits sont export\u00e9s dans le monde entier et ont obtenu des agents de marketing professionnels dans de nombreux pays et r\u00e9gions. Les produits et services ont \u00e9t\u00e9 unanimement reconnus et lou\u00e9s par les clients.<\/p>\n<p><img decoding=\"async\" class=\"alignnone size-full wp-image-662\" src=\"http:\/\/higheasy.cn\/wp-content\/uploads\/2023\/07\/5.jpg\" alt=\"small yogurt production line\" width=\"1200\" height=\"604\" srcset=\"https:\/\/higheasy.cn\/wp-content\/uploads\/2023\/07\/5.jpg 1200w, https:\/\/higheasy.cn\/wp-content\/uploads\/2023\/07\/5-300x151.jpg 300w, https:\/\/higheasy.cn\/wp-content\/uploads\/2023\/07\/5-1024x515.jpg 1024w, https:\/\/higheasy.cn\/wp-content\/uploads\/2023\/07\/5-768x387.jpg 768w\" sizes=\"(max-width: 1200px) 100vw, 1200px\" \/><\/p>","protected":false},"excerpt":{"rendered":"<p>Overview 1)\u00a0The machine replaces the traditional manual packaging, makes the packing production automatically,\u00a0improves production efficiency, reduces production cost by a large margin. The whole device can be operated by one person,\u00a0which reduced labor cost greatly. 2)\u00a0This machine standard equipped with automatic monitoring system. It can judge machine state by monitoring air pressure, temperature controller breakdown [&hellip;]<\/p>","protected":false},"featured_media":1008,"template":"","meta":{"site-sidebar-layout":"default","site-content-layout":"default","ast-site-content-layout":"default","site-content-style":"default","site-sidebar-style":"default","ast-global-header-display":"","ast-banner-title-visibility":"","ast-main-header-display":"","ast-hfb-above-header-display":"","ast-hfb-below-header-display":"","ast-hfb-mobile-header-display":"","site-post-title":"","ast-breadcrumbs-content":"","ast-featured-img":"","footer-sml-layout":"","theme-transparent-header-meta":"default","adv-header-id-meta":"","stick-header-meta":"","header-above-stick-meta":"","header-main-stick-meta":"","header-below-stick-meta":"","astra-migrate-meta-layouts":"set","ast-page-background-enabled":"default","ast-page-background-meta":{"desktop":{"background-color":"","background-image":"","background-repeat":"repeat","background-position":"center center","background-size":"auto","background-attachment":"scroll","background-type":"","background-media":"","overlay-type":"","overlay-color":"","overlay-opacity":"","overlay-gradient":""},"tablet":{"background-color":"","background-image":"","background-repeat":"repeat","background-position":"center center","background-size":"auto","background-attachment":"scroll","background-type":"","background-media":"","overlay-type":"","overlay-color":"","overlay-opacity":"","overlay-gradient":""},"mobile":{"background-color":"","background-image":"","background-repeat":"repeat","background-position":"center center","background-size":"auto","background-attachment":"scroll","background-type":"","background-media":"","overlay-type":"","overlay-color":"","overlay-opacity":"","overlay-gradient":""}},"ast-content-background-meta":{"desktop":{"background-color":"var(--ast-global-color-5)","background-image":"","background-repeat":"repeat","background-position":"center center","background-size":"auto","background-attachment":"scroll","background-type":"","background-media":"","overlay-type":"","overlay-color":"","overlay-opacity":"","overlay-gradient":""},"tablet":{"background-color":"var(--ast-global-color-5)","background-image":"","background-repeat":"repeat","background-position":"center center","background-size":"auto","background-attachment":"scroll","background-type":"","background-media":"","overlay-type":"","overlay-color":"","overlay-opacity":"","overlay-gradient":""},"mobile":{"background-color":"var(--ast-global-color-5)","background-image":"","background-repeat":"repeat","background-position":"center center","background-size":"auto","background-attachment":"scroll","background-type":"","background-media":"","overlay-type":"","overlay-color":"","overlay-opacity":"","overlay-gradient":""}}},"product_brand":[],"product_cat":[32],"product_tag":[],"class_list":{"0":"post-1010","1":"product","2":"type-product","3":"status-publish","4":"has-post-thumbnail","6":"product_cat-premade-pouch-filling-sealing-machine","7":"desktop-align-left","8":"tablet-align-left","9":"mobile-align-left","11":"first","12":"instock","13":"shipping-taxable","14":"product-type-simple"},"_links":{"self":[{"href":"https:\/\/higheasy.cn\/fr\/wp-json\/wp\/v2\/product\/1010","targetHints":{"allow":["GET"]}}],"collection":[{"href":"https:\/\/higheasy.cn\/fr\/wp-json\/wp\/v2\/product"}],"about":[{"href":"https:\/\/higheasy.cn\/fr\/wp-json\/wp\/v2\/types\/product"}],"wp:featuredmedia":[{"embeddable":true,"href":"https:\/\/higheasy.cn\/fr\/wp-json\/wp\/v2\/media\/1008"}],"wp:attachment":[{"href":"https:\/\/higheasy.cn\/fr\/wp-json\/wp\/v2\/media?parent=1010"}],"wp:term":[{"taxonomy":"product_brand","embeddable":true,"href":"https:\/\/higheasy.cn\/fr\/wp-json\/wp\/v2\/product_brand?post=1010"},{"taxonomy":"product_cat","embeddable":true,"href":"https:\/\/higheasy.cn\/fr\/wp-json\/wp\/v2\/product_cat?post=1010"},{"taxonomy":"product_tag","embeddable":true,"href":"https:\/\/higheasy.cn\/fr\/wp-json\/wp\/v2\/product_tag?post=1010"}],"curies":[{"name":"wp","href":"https:\/\/api.w.org\/{rel}","templated":true}]}}