{"id":1003,"date":"2023-10-18T06:57:32","date_gmt":"2023-10-18T06:57:32","guid":{"rendered":"https:\/\/mediumturquoise-pheasant-889000.hostingersite.com\/?post_type=product&#038;p=1003"},"modified":"2023-10-18T06:57:40","modified_gmt":"2023-10-18T06:57:40","slug":"automatic-rotary-type-cup-filling-machine-for-sauce-chili-honey","status":"publish","type":"product","link":"https:\/\/higheasy.cn\/fr\/produit\/automatic-rotary-type-cup-filling-machine-for-sauce-chili-honey\/","title":{"rendered":"Machine de remplissage de gobelets de type rotatif automatique, pour sauce chili et miel"},"content":{"rendered":"<p><img fetchpriority=\"high\" decoding=\"async\" class=\"wp-image-995 aligncenter\" src=\"http:\/\/higheasy.cn\/wp-content\/uploads\/2023\/10\/HTB1Qh.N3DqK1RjSZSyq6yxEVXa1.jpg\" alt=\"\" width=\"1050\" height=\"1050\" srcset=\"https:\/\/higheasy.cn\/wp-content\/uploads\/2023\/10\/HTB1Qh.N3DqK1RjSZSyq6yxEVXa1.jpg 750w, https:\/\/higheasy.cn\/wp-content\/uploads\/2023\/10\/HTB1Qh.N3DqK1RjSZSyq6yxEVXa1-300x300.jpg 300w, https:\/\/higheasy.cn\/wp-content\/uploads\/2023\/10\/HTB1Qh.N3DqK1RjSZSyq6yxEVXa1-100x100.jpg 100w, https:\/\/higheasy.cn\/wp-content\/uploads\/2023\/10\/HTB1Qh.N3DqK1RjSZSyq6yxEVXa1-150x150.jpg 150w\" sizes=\"(max-width: 1050px) 100vw, 1050px\" \/><\/p>\n<p><img decoding=\"async\" class=\"alignnone size-full wp-image-991\" src=\"http:\/\/higheasy.cn\/wp-content\/uploads\/2023\/10\/HTB1e.C3QAPoK1RjSZKbq6x1IXXan.jpg\" alt=\"\" width=\"1440\" height=\"1080\" srcset=\"https:\/\/higheasy.cn\/wp-content\/uploads\/2023\/10\/HTB1e.C3QAPoK1RjSZKbq6x1IXXan.jpg 1440w, https:\/\/higheasy.cn\/wp-content\/uploads\/2023\/10\/HTB1e.C3QAPoK1RjSZKbq6x1IXXan-300x225.jpg 300w, https:\/\/higheasy.cn\/wp-content\/uploads\/2023\/10\/HTB1e.C3QAPoK1RjSZKbq6x1IXXan-1024x768.jpg 1024w, https:\/\/higheasy.cn\/wp-content\/uploads\/2023\/10\/HTB1e.C3QAPoK1RjSZKbq6x1IXXan-768x576.jpg 768w\" sizes=\"(max-width: 1440px) 100vw, 1440px\" \/> <img decoding=\"async\" class=\"alignnone size-full wp-image-992\" src=\"http:\/\/higheasy.cn\/wp-content\/uploads\/2023\/10\/HTB1JYp5QMTqK1RjSZPhq6xfOFXaW.jpg\" alt=\"\" width=\"2000\" height=\"1125\" srcset=\"https:\/\/higheasy.cn\/wp-content\/uploads\/2023\/10\/HTB1JYp5QMTqK1RjSZPhq6xfOFXaW.jpg 2000w, https:\/\/higheasy.cn\/wp-content\/uploads\/2023\/10\/HTB1JYp5QMTqK1RjSZPhq6xfOFXaW-300x169.jpg 300w, https:\/\/higheasy.cn\/wp-content\/uploads\/2023\/10\/HTB1JYp5QMTqK1RjSZPhq6xfOFXaW-1024x576.jpg 1024w, https:\/\/higheasy.cn\/wp-content\/uploads\/2023\/10\/HTB1JYp5QMTqK1RjSZPhq6xfOFXaW-768x432.jpg 768w, https:\/\/higheasy.cn\/wp-content\/uploads\/2023\/10\/HTB1JYp5QMTqK1RjSZPhq6xfOFXaW-1536x864.jpg 1536w\" sizes=\"(max-width: 2000px) 100vw, 2000px\" \/> <img loading=\"lazy\" decoding=\"async\" class=\"alignnone wp-image-993\" src=\"http:\/\/higheasy.cn\/wp-content\/uploads\/2023\/10\/HTB1pSfmOAvoK1RjSZPfq6xPKFXa6.jpg\" alt=\"\" width=\"1014\" height=\"1014\" srcset=\"https:\/\/higheasy.cn\/wp-content\/uploads\/2023\/10\/HTB1pSfmOAvoK1RjSZPfq6xPKFXa6.jpg 750w, https:\/\/higheasy.cn\/wp-content\/uploads\/2023\/10\/HTB1pSfmOAvoK1RjSZPfq6xPKFXa6-300x300.jpg 300w, https:\/\/higheasy.cn\/wp-content\/uploads\/2023\/10\/HTB1pSfmOAvoK1RjSZPfq6xPKFXa6-100x100.jpg 100w, https:\/\/higheasy.cn\/wp-content\/uploads\/2023\/10\/HTB1pSfmOAvoK1RjSZPfq6xPKFXa6-150x150.jpg 150w\" sizes=\"(max-width: 1014px) 100vw, 1014px\" \/><\/p>\n<p><img loading=\"lazy\" decoding=\"async\" class=\"\" src=\"https:\/\/sc04.alicdn.com\/kf\/H3328cbf0999a467a9d1023b268b5a71fC\/222958773\/H3328cbf0999a467a9d1023b268b5a71fC.png\" alt=\"Automatic juice wine beverage liquid carton brick packing filling machines\" width=\"1047\" height=\"948\" \/><\/p>\n<p><img decoding=\"async\" src=\"https:\/\/sc01.alicdn.com\/kf\/HTB1esacTpzqK1RjSZFCq6zbxVXau\/222958773\/HTB1esacTpzqK1RjSZFCq6zbxVXau.jpg\" alt=\"Factory Price Automatic Jelly ketchup honey sauce Yogurt paper plastic cup filling sealing machine\" \/><\/p>\n<p><img loading=\"lazy\" decoding=\"async\" class=\"\" src=\"https:\/\/sc01.alicdn.com\/kf\/HTB1uMedP4TpK1RjSZFKq6y2wXXaY\/222958773\/HTB1uMedP4TpK1RjSZFKq6y2wXXaY.jpg\" alt=\"Factory Price Automatic Jelly ketchup honey sauce Yogurt paper plastic cup filling sealing machine\" width=\"1071\" height=\"90\" data-src=\"\/\/sc01.alicdn.com\/kf\/HTB1uMedP4TpK1RjSZFKq6y2wXXaY\/222958773\/HTB1uMedP4TpK1RjSZFKq6y2wXXaY.jpg\" data-alt=\"Factory Price Automatic Jelly ketchup honey sauce Yogurt paper plastic cup filling sealing machine\" \/><\/p>\n<p>\u2666\u00a0<strong>La machine de remplissage et de scellage automatique de la s\u00e9rie HZF pour gobelets en plastique\/papier convient au remplissage et au scellage de divers mat\u00e9riaux liquides et solides, tels que la gel\u00e9e, le yaourt, le jus, le condiment, la sauce, le lait de soja, les nouilles instantan\u00e9es et le muesli, les noix, le riz, en poudre mat\u00e9riel etc\u00a0<\/strong><\/p>\n<p data-spm-anchor-id=\"a2700.details.0.i26.222c478fA7ZGtO\"><strong>\u00a0\u2666 Cette machine est enti\u00e8rement automatique avec des processus tels que le chargement automatique des gobelets, le remplissage, l&#039;aspiration et la localisation d&#039;un seul couvercle ou les yeux photo\u00e9lectriques pour la position correcte du film sur les gobelets, le thermoscellage, la d\u00e9coupe du film, la collecte des restes de film, la d\u00e9charge des gobelets.<\/strong><\/p>\n<p><strong>\u00a0\u2666 Nous pouvons \u00e9galement ajouter d&#039;autres fonctions selon les exigences des clients, telles que le remplissage de pulpe de fruit, le nettoyage CIP, le contr\u00f4le automatique du niveau de liquide du r\u00e9servoir de mat\u00e9riau, le soufflage d&#039;air et la collecte de poussi\u00e8re, l&#039;aspiration et le remplissage d&#039;azote, la purification de l&#039;air, l&#039;alimentation par couvercle de tasse. , purification de l&#039;air, imprimante de date \u00e0 bande ou imprimante \u00e0 jet d&#039;encre, transport de sortie de tasse, syst\u00e8me de contr\u00f4le PLC.\u00a0\u00a0<\/strong><\/p>\n<p><img loading=\"lazy\" decoding=\"async\" class=\"\" src=\"https:\/\/sc02.alicdn.com\/kf\/HTB1iXmEPIbpK1RjSZFyq6x_qFXaD\/222958773\/HTB1iXmEPIbpK1RjSZFyq6x_qFXaD.jpg\" alt=\"Factory Price Automatic Jelly ketchup honey sauce Yogurt paper plastic cup filling sealing machine\" width=\"1119\" height=\"94\" data-src=\"\/\/sc02.alicdn.com\/kf\/HTB1iXmEPIbpK1RjSZFyq6x_qFXaD\/222958773\/HTB1iXmEPIbpK1RjSZFyq6x_qFXaD.jpg\" data-alt=\"Factory Price Automatic Jelly ketchup honey sauce Yogurt paper plastic cup filling sealing machine\" \/><\/p>\n<p><strong>S\u00c9RIE HZF<\/strong><\/p>\n<p><strong>Capacit\u00e9 de versement\u00a0:\u00a010-350\u00a0ml<\/strong><\/p>\n<table border=\"3\">\n<tbody>\n<tr>\n<td><strong>Mod\u00e8le<\/strong><\/td>\n<td><strong>Capacit\u00e9 de production<\/strong><\/td>\n<\/tr>\n<tr>\n<td><strong>HZF-3<\/strong><\/td>\n<td><strong>2500-3600 pi\u00e8ces\/heure<\/strong><\/td>\n<\/tr>\n<tr>\n<td><strong>HZF-4<\/strong><\/td>\n<td><strong>3300-4800 pi\u00e8ces\/heure<\/strong><\/td>\n<\/tr>\n<tr>\n<td><strong>HZF-6<\/strong><\/td>\n<td><strong>5000-7200 pi\u00e8ces\/heure<\/strong><\/td>\n<\/tr>\n<tr>\n<td><strong>HZF-8<\/strong><\/td>\n<td><strong>6700-9600 pi\u00e8ces\/heure<\/strong><\/td>\n<\/tr>\n<tr>\n<td><strong>HZF-10<\/strong><\/td>\n<td><strong>8400-10800 pi\u00e8ces\/heure<\/strong><\/td>\n<\/tr>\n<tr>\n<td><strong>HZF-12<\/strong><\/td>\n<td><strong>10000-12900 pi\u00e8ces\/heure<\/strong><\/td>\n<\/tr>\n<tr>\n<td><strong>HZF-14<\/strong><\/td>\n<td><strong>11 500 \u00e0 16 300 pi\u00e8ces\/heure<\/strong><\/td>\n<\/tr>\n<tr>\n<td><strong>HZF-16<\/strong><\/td>\n<td><strong>16000-17200 pi\u00e8ces\/heure<\/strong><\/td>\n<\/tr>\n<tr>\n<td><strong>HZF-20<\/strong><\/td>\n<td><strong>20400-21600 pi\u00e8ces\/heure<\/strong><\/td>\n<\/tr>\n<tr>\n<td><strong>HZF-24<\/strong><\/td>\n<td><strong>28 000 \u00e0 30 000 pi\u00e8ces\/heure<\/strong><\/td>\n<\/tr>\n<tr>\n<td><strong>HZF-36<\/strong><\/td>\n<td><strong>40000-45000 pi\u00e8ces\/heure<\/strong><\/td>\n<\/tr>\n<tr>\n<td><strong>HZF-40<\/strong><\/td>\n<td><strong>45 000 \u00e0 50 000 pi\u00e8ces\/heure<\/strong><\/td>\n<\/tr>\n<tr>\n<td><strong>HZF-50<\/strong><\/td>\n<td><strong>50000-60000 pi\u00e8ces\/heure<\/strong><\/td>\n<\/tr>\n<\/tbody>\n<\/table>\n<p><img loading=\"lazy\" decoding=\"async\" class=\"alignnone wp-image-646\" src=\"http:\/\/higheasy.cn\/wp-content\/uploads\/2023\/07\/HTB1Lnd7QMHqK1RjSZFgq6y7JXXaU.jpg\" alt=\"higheasy\" width=\"1238\" height=\"1836\" srcset=\"https:\/\/higheasy.cn\/wp-content\/uploads\/2023\/07\/HTB1Lnd7QMHqK1RjSZFgq6y7JXXaU.jpg 750w, https:\/\/higheasy.cn\/wp-content\/uploads\/2023\/07\/HTB1Lnd7QMHqK1RjSZFgq6y7JXXaU-300x445.jpg 300w, https:\/\/higheasy.cn\/wp-content\/uploads\/2023\/07\/HTB1Lnd7QMHqK1RjSZFgq6y7JXXaU-202x300.jpg 202w, https:\/\/higheasy.cn\/wp-content\/uploads\/2023\/07\/HTB1Lnd7QMHqK1RjSZFgq6y7JXXaU-691x1024.jpg 691w\" sizes=\"(max-width: 1238px) 100vw, 1238px\" \/><\/p>\n<p>La soci\u00e9t\u00e9 dispose d&#039;un groupe d&#039;\u00e9quipes professionnelles de recherche et d\u00e9veloppement technologique, d&#039;\u00e9quipements de traitement avanc\u00e9s et d&#039;un certain nombre de brevets d&#039;invention. La soci\u00e9t\u00e9 produit une grande vari\u00e9t\u00e9 de machines d&#039;emballage, les principaux produits sont\u00a0: la machine de remplissage de forme verticale (VFFS), la machine d&#039;emballage en b\u00e2tonnets, la machine d&#039;emballage de poudre, la machine d&#039;emballage de liquides et les s\u00e9ries de peseuses associatives, qui sont largement utilis\u00e9es dans les aliments, les produits chimiques et les boissons. , produits agricoles, jouets et emballages dans les produits industriels et autres industries, les produits sont export\u00e9s dans le monde entier et ont obtenu des agents de marketing professionnels dans de nombreux pays et r\u00e9gions. Les produits et services ont \u00e9t\u00e9 unanimement reconnus et lou\u00e9s par les clients.<\/p>\n<p><img loading=\"lazy\" decoding=\"async\" class=\"alignnone size-full wp-image-662\" src=\"http:\/\/higheasy.cn\/wp-content\/uploads\/2023\/07\/5.jpg\" alt=\"small yogurt production line\" width=\"1200\" height=\"604\" srcset=\"https:\/\/higheasy.cn\/wp-content\/uploads\/2023\/07\/5.jpg 1200w, https:\/\/higheasy.cn\/wp-content\/uploads\/2023\/07\/5-300x151.jpg 300w, https:\/\/higheasy.cn\/wp-content\/uploads\/2023\/07\/5-1024x515.jpg 1024w, https:\/\/higheasy.cn\/wp-content\/uploads\/2023\/07\/5-768x387.jpg 768w\" sizes=\"(max-width: 1200px) 100vw, 1200px\" \/><\/p>","protected":false},"excerpt":{"rendered":"<p>\u2666 La machine de remplissage et de scellage automatique de la s\u00e9rie HZF pour gobelets en plastique\/papier convient au remplissage et au scellage de divers produits liquides et solides, tels que gel\u00e9e, yaourt, jus, condiments, sauces, lait de soja, nouilles instantan\u00e9es, muesli, noix, riz, poudres, etc. \u2666 Cette machine est enti\u00e8rement automatis\u00e9e et int\u00e8gre des processus tels que le chargement automatique des gobelets, le remplissage, l&#039;aspiration et le positionnement individuels des couvercles, ou encore un syst\u00e8me photo\u00e9lectrique.<\/p>","protected":false},"featured_media":1002,"template":"","meta":{"site-sidebar-layout":"default","site-content-layout":"default","ast-site-content-layout":"default","site-content-style":"default","site-sidebar-style":"default","ast-global-header-display":"","ast-banner-title-visibility":"","ast-main-header-display":"","ast-hfb-above-header-display":"","ast-hfb-below-header-display":"","ast-hfb-mobile-header-display":"","site-post-title":"","ast-breadcrumbs-content":"","ast-featured-img":"","footer-sml-layout":"","theme-transparent-header-meta":"default","adv-header-id-meta":"","stick-header-meta":"","header-above-stick-meta":"","header-main-stick-meta":"","header-below-stick-meta":"","astra-migrate-meta-layouts":"set","ast-page-background-enabled":"default","ast-page-background-meta":{"desktop":{"background-color":"","background-image":"","background-repeat":"repeat","background-position":"center center","background-size":"auto","background-attachment":"scroll","background-type":"","background-media":"","overlay-type":"","overlay-color":"","overlay-opacity":"","overlay-gradient":""},"tablet":{"background-color":"","background-image":"","background-repeat":"repeat","background-position":"center center","background-size":"auto","background-attachment":"scroll","background-type":"","background-media":"","overlay-type":"","overlay-color":"","overlay-opacity":"","overlay-gradient":""},"mobile":{"background-color":"","background-image":"","background-repeat":"repeat","background-position":"center center","background-size":"auto","background-attachment":"scroll","background-type":"","background-media":"","overlay-type":"","overlay-color":"","overlay-opacity":"","overlay-gradient":""}},"ast-content-background-meta":{"desktop":{"background-color":"var(--ast-global-color-5)","background-image":"","background-repeat":"repeat","background-position":"center center","background-size":"auto","background-attachment":"scroll","background-type":"","background-media":"","overlay-type":"","overlay-color":"","overlay-opacity":"","overlay-gradient":""},"tablet":{"background-color":"var(--ast-global-color-5)","background-image":"","background-repeat":"repeat","background-position":"center center","background-size":"auto","background-attachment":"scroll","background-type":"","background-media":"","overlay-type":"","overlay-color":"","overlay-opacity":"","overlay-gradient":""},"mobile":{"background-color":"var(--ast-global-color-5)","background-image":"","background-repeat":"repeat","background-position":"center center","background-size":"auto","background-attachment":"scroll","background-type":"","background-media":"","overlay-type":"","overlay-color":"","overlay-opacity":"","overlay-gradient":""}}},"product_brand":[],"product_cat":[31],"product_tag":[],"class_list":{"0":"post-1003","1":"product","2":"type-product","3":"status-publish","4":"has-post-thumbnail","6":"product_cat-cup-filling-sealing-machine","7":"desktop-align-left","8":"tablet-align-left","9":"mobile-align-left","11":"first","12":"instock","13":"shipping-taxable","14":"product-type-simple"},"_links":{"self":[{"href":"https:\/\/higheasy.cn\/fr\/wp-json\/wp\/v2\/product\/1003","targetHints":{"allow":["GET"]}}],"collection":[{"href":"https:\/\/higheasy.cn\/fr\/wp-json\/wp\/v2\/product"}],"about":[{"href":"https:\/\/higheasy.cn\/fr\/wp-json\/wp\/v2\/types\/product"}],"wp:featuredmedia":[{"embeddable":true,"href":"https:\/\/higheasy.cn\/fr\/wp-json\/wp\/v2\/media\/1002"}],"wp:attachment":[{"href":"https:\/\/higheasy.cn\/fr\/wp-json\/wp\/v2\/media?parent=1003"}],"wp:term":[{"taxonomy":"product_brand","embeddable":true,"href":"https:\/\/higheasy.cn\/fr\/wp-json\/wp\/v2\/product_brand?post=1003"},{"taxonomy":"product_cat","embeddable":true,"href":"https:\/\/higheasy.cn\/fr\/wp-json\/wp\/v2\/product_cat?post=1003"},{"taxonomy":"product_tag","embeddable":true,"href":"https:\/\/higheasy.cn\/fr\/wp-json\/wp\/v2\/product_tag?post=1003"}],"curies":[{"name":"wp","href":"https:\/\/api.w.org\/{rel}","templated":true}]}}