{"id":989,"date":"2023-10-18T06:42:30","date_gmt":"2023-10-18T06:42:30","guid":{"rendered":"https:\/\/mediumturquoise-pheasant-889000.hostingersite.com\/?post_type=product&#038;p=989"},"modified":"2023-10-18T06:42:49","modified_gmt":"2023-10-18T06:42:49","slug":"spout-nozzle-sealing-machine-for-flexible-pouch-automatically-2","status":"publish","type":"product","link":"https:\/\/higheasy.cn\/es\/producto\/spout-nozzle-sealing-machine-for-flexible-pouch-automatically-2\/","title":{"rendered":"M\u00e1quina selladora de boquillas para bolsas flexibles autom\u00e1ticamente"},"content":{"rendered":"<p><img fetchpriority=\"high\" decoding=\"async\" class=\"alignnone size-full wp-image-988\" src=\"http:\/\/higheasy.cn\/wp-content\/uploads\/2023\/10\/Hbb9187179d8e4bbc8317049ea61af6bcD.jpg\" alt=\"Fully automatic spout sealing machine for flexible pouch\" width=\"1890\" height=\"1417\" srcset=\"https:\/\/higheasy.cn\/wp-content\/uploads\/2023\/10\/Hbb9187179d8e4bbc8317049ea61af6bcD.jpg 1890w, https:\/\/higheasy.cn\/wp-content\/uploads\/2023\/10\/Hbb9187179d8e4bbc8317049ea61af6bcD-300x225.jpg 300w, https:\/\/higheasy.cn\/wp-content\/uploads\/2023\/10\/Hbb9187179d8e4bbc8317049ea61af6bcD-1024x768.jpg 1024w, https:\/\/higheasy.cn\/wp-content\/uploads\/2023\/10\/Hbb9187179d8e4bbc8317049ea61af6bcD-768x576.jpg 768w, https:\/\/higheasy.cn\/wp-content\/uploads\/2023\/10\/Hbb9187179d8e4bbc8317049ea61af6bcD-1536x1152.jpg 1536w\" sizes=\"(max-width: 1890px) 100vw, 1890px\" \/><\/p>\n<p><img decoding=\"async\" class=\"alignnone size-full wp-image-981\" src=\"http:\/\/higheasy.cn\/wp-content\/uploads\/2023\/10\/HTB1on8mQPDpK1RjSZFrq6y78VXan.jpg\" alt=\"\" width=\"1440\" height=\"1080\" srcset=\"https:\/\/higheasy.cn\/wp-content\/uploads\/2023\/10\/HTB1on8mQPDpK1RjSZFrq6y78VXan.jpg 1440w, https:\/\/higheasy.cn\/wp-content\/uploads\/2023\/10\/HTB1on8mQPDpK1RjSZFrq6y78VXan-300x225.jpg 300w, https:\/\/higheasy.cn\/wp-content\/uploads\/2023\/10\/HTB1on8mQPDpK1RjSZFrq6y78VXan-1024x768.jpg 1024w, https:\/\/higheasy.cn\/wp-content\/uploads\/2023\/10\/HTB1on8mQPDpK1RjSZFrq6y78VXan-768x576.jpg 768w\" sizes=\"(max-width: 1440px) 100vw, 1440px\" \/> <img decoding=\"async\" class=\"alignnone size-full wp-image-982\" src=\"http:\/\/higheasy.cn\/wp-content\/uploads\/2023\/10\/HTB1pS0RQOLaK1RjSZFxq6ymPFXam.jpg\" alt=\"\" width=\"1440\" height=\"1080\" srcset=\"https:\/\/higheasy.cn\/wp-content\/uploads\/2023\/10\/HTB1pS0RQOLaK1RjSZFxq6ymPFXam.jpg 1440w, https:\/\/higheasy.cn\/wp-content\/uploads\/2023\/10\/HTB1pS0RQOLaK1RjSZFxq6ymPFXam-300x225.jpg 300w, https:\/\/higheasy.cn\/wp-content\/uploads\/2023\/10\/HTB1pS0RQOLaK1RjSZFxq6ymPFXam-1024x768.jpg 1024w, https:\/\/higheasy.cn\/wp-content\/uploads\/2023\/10\/HTB1pS0RQOLaK1RjSZFxq6ymPFXam-768x576.jpg 768w\" sizes=\"(max-width: 1440px) 100vw, 1440px\" \/> <img loading=\"lazy\" decoding=\"async\" class=\"alignnone size-full wp-image-983\" src=\"http:\/\/higheasy.cn\/wp-content\/uploads\/2023\/10\/HTB1qbhvQMHqK1RjSZFgq6y7JXXaz.jpg\" alt=\"\" width=\"1440\" height=\"1080\" srcset=\"https:\/\/higheasy.cn\/wp-content\/uploads\/2023\/10\/HTB1qbhvQMHqK1RjSZFgq6y7JXXaz.jpg 1440w, https:\/\/higheasy.cn\/wp-content\/uploads\/2023\/10\/HTB1qbhvQMHqK1RjSZFgq6y7JXXaz-300x225.jpg 300w, https:\/\/higheasy.cn\/wp-content\/uploads\/2023\/10\/HTB1qbhvQMHqK1RjSZFgq6y7JXXaz-1024x768.jpg 1024w, https:\/\/higheasy.cn\/wp-content\/uploads\/2023\/10\/HTB1qbhvQMHqK1RjSZFgq6y7JXXaz-768x576.jpg 768w\" sizes=\"(max-width: 1440px) 100vw, 1440px\" \/><\/p>\n<p><img loading=\"lazy\" decoding=\"async\" class=\"\" src=\"https:\/\/sc01.alicdn.com\/kf\/HTB1uMedP4TpK1RjSZFKq6y2wXXaY\/222958773\/HTB1uMedP4TpK1RjSZFKq6y2wXXaY.jpg\" alt=\"spout nozzle sealing machine for flexible pouch automatically\" width=\"1107\" height=\"93\" \/><\/p>\n<p><strong>La m\u00e1quina se utiliza para soldar autom\u00e1ticamente una boquilla de pl\u00e1stico a una bolsa flexible. Es adecuada para envasar bebidas, gelatina, salsa de soja, saborizantes y cosm\u00e9ticos (leche, mascarillas), etc.\u00a0<\/strong><\/p>\n<p><img loading=\"lazy\" decoding=\"async\" class=\"\" src=\"https:\/\/sc02.alicdn.com\/kf\/HTB1iXmEPIbpK1RjSZFyq6x_qFXaD\/222958773\/HTB1iXmEPIbpK1RjSZFyq6x_qFXaD.jpg\" alt=\"spout nozzle sealing machine for flexible pouch automatically\" width=\"1143\" height=\"96\" \/><\/p>\n<table border=\"1\">\n<tbody>\n<tr>\n<td data-spm-anchor-id=\"a2700.details.0.i27.277418f3WnJ3Be\">\u00a0Modelo Nro.<\/td>\n<td>\u00a0 \u00a0Velocidad<\/td>\n<\/tr>\n<tr>\n<td><span data-spm-anchor-id=\"a2700.details.0.i26.277418f3WnJ3Be\">FZ-12-70<\/span><\/td>\n<td>3000-4000 bolsas\/hora<\/td>\n<\/tr>\n<tr>\n<td>HYFZ-90<\/td>\n<td>4800-5400 bolsas\/hora<\/td>\n<\/tr>\n<\/tbody>\n<\/table>\n<p><img loading=\"lazy\" decoding=\"async\" class=\"alignnone wp-image-646\" src=\"http:\/\/higheasy.cn\/wp-content\/uploads\/2023\/07\/HTB1Lnd7QMHqK1RjSZFgq6y7JXXaU.jpg\" alt=\"higheasy\" width=\"1238\" height=\"1836\" srcset=\"https:\/\/higheasy.cn\/wp-content\/uploads\/2023\/07\/HTB1Lnd7QMHqK1RjSZFgq6y7JXXaU.jpg 750w, https:\/\/higheasy.cn\/wp-content\/uploads\/2023\/07\/HTB1Lnd7QMHqK1RjSZFgq6y7JXXaU-300x445.jpg 300w, https:\/\/higheasy.cn\/wp-content\/uploads\/2023\/07\/HTB1Lnd7QMHqK1RjSZFgq6y7JXXaU-202x300.jpg 202w, https:\/\/higheasy.cn\/wp-content\/uploads\/2023\/07\/HTB1Lnd7QMHqK1RjSZFgq6y7JXXaU-691x1024.jpg 691w\" sizes=\"(max-width: 1238px) 100vw, 1238px\" \/><\/p>\n<p>La empresa cuenta con un grupo de equipos profesionales de investigaci\u00f3n y desarrollo de tecnolog\u00eda y equipos de procesamiento avanzados, y una serie de patentes de invenci\u00f3n. La compa\u00f1\u00eda produce una amplia variedad de maquinaria de embalaje, los principales productos son: m\u00e1quina de formado, llenado y sellado vertical (VFFS), m\u00e1quina de envasado tipo barra, m\u00e1quina de envasado de polvo, m\u00e1quina de envasado de l\u00edquidos y serie de pesadoras multicabezal, que se utilizan ampliamente en alimentos, productos qu\u00edmicos y bebidas. , productos agr\u00edcolas, juguetes y embalaje en productos industriales y otras industrias, los productos se exportan a todo el mundo y han obtenido agentes de marketing profesionales en muchos pa\u00edses y regiones. Los productos y servicios han sido reconocidos y elogiados un\u00e1nimemente por los clientes.<\/p>\n<p><img loading=\"lazy\" decoding=\"async\" class=\"alignnone size-full wp-image-662\" src=\"http:\/\/higheasy.cn\/wp-content\/uploads\/2023\/07\/5.jpg\" alt=\"small yogurt production line\" width=\"1200\" height=\"604\" srcset=\"https:\/\/higheasy.cn\/wp-content\/uploads\/2023\/07\/5.jpg 1200w, https:\/\/higheasy.cn\/wp-content\/uploads\/2023\/07\/5-300x151.jpg 300w, https:\/\/higheasy.cn\/wp-content\/uploads\/2023\/07\/5-1024x515.jpg 1024w, https:\/\/higheasy.cn\/wp-content\/uploads\/2023\/07\/5-768x387.jpg 768w\" sizes=\"(max-width: 1200px) 100vw, 1200px\" \/><\/p>","protected":false},"excerpt":{"rendered":"<p>The machine is used to weld a plastic spout to a flexible pouch automatically.\u00a0 It is suitable for packaging drinks, jelly, soy sauce, flavoring and cosmetics(milk, face mask) etc.\u00a0 \u00a0Model No. \u00a0 \u00a0Speed FZ-12-70 3000-4000pouch\/hour HYFZ-90 4800-5400pouch\/hour The company has a group of professional technology research and development teams and advanced processing equipment, and a [&hellip;]<\/p>","protected":false},"featured_media":986,"template":"","meta":{"site-sidebar-layout":"default","site-content-layout":"default","ast-site-content-layout":"default","site-content-style":"default","site-sidebar-style":"default","ast-global-header-display":"","ast-banner-title-visibility":"","ast-main-header-display":"","ast-hfb-above-header-display":"","ast-hfb-below-header-display":"","ast-hfb-mobile-header-display":"","site-post-title":"","ast-breadcrumbs-content":"","ast-featured-img":"","footer-sml-layout":"","theme-transparent-header-meta":"default","adv-header-id-meta":"","stick-header-meta":"","header-above-stick-meta":"","header-main-stick-meta":"","header-below-stick-meta":"","astra-migrate-meta-layouts":"set","ast-page-background-enabled":"default","ast-page-background-meta":{"desktop":{"background-color":"","background-image":"","background-repeat":"repeat","background-position":"center center","background-size":"auto","background-attachment":"scroll","background-type":"","background-media":"","overlay-type":"","overlay-color":"","overlay-opacity":"","overlay-gradient":""},"tablet":{"background-color":"","background-image":"","background-repeat":"repeat","background-position":"center center","background-size":"auto","background-attachment":"scroll","background-type":"","background-media":"","overlay-type":"","overlay-color":"","overlay-opacity":"","overlay-gradient":""},"mobile":{"background-color":"","background-image":"","background-repeat":"repeat","background-position":"center center","background-size":"auto","background-attachment":"scroll","background-type":"","background-media":"","overlay-type":"","overlay-color":"","overlay-opacity":"","overlay-gradient":""}},"ast-content-background-meta":{"desktop":{"background-color":"var(--ast-global-color-5)","background-image":"","background-repeat":"repeat","background-position":"center center","background-size":"auto","background-attachment":"scroll","background-type":"","background-media":"","overlay-type":"","overlay-color":"","overlay-opacity":"","overlay-gradient":""},"tablet":{"background-color":"var(--ast-global-color-5)","background-image":"","background-repeat":"repeat","background-position":"center center","background-size":"auto","background-attachment":"scroll","background-type":"","background-media":"","overlay-type":"","overlay-color":"","overlay-opacity":"","overlay-gradient":""},"mobile":{"background-color":"var(--ast-global-color-5)","background-image":"","background-repeat":"repeat","background-position":"center center","background-size":"auto","background-attachment":"scroll","background-type":"","background-media":"","overlay-type":"","overlay-color":"","overlay-opacity":"","overlay-gradient":""}}},"product_brand":[],"product_cat":[30],"product_tag":[],"class_list":{"0":"post-989","1":"product","2":"type-product","3":"status-publish","4":"has-post-thumbnail","6":"product_cat-spout-inserting-sealing-machine","7":"desktop-align-left","8":"tablet-align-left","9":"mobile-align-left","11":"first","12":"instock","13":"shipping-taxable","14":"product-type-simple"},"_links":{"self":[{"href":"https:\/\/higheasy.cn\/es\/wp-json\/wp\/v2\/product\/989","targetHints":{"allow":["GET"]}}],"collection":[{"href":"https:\/\/higheasy.cn\/es\/wp-json\/wp\/v2\/product"}],"about":[{"href":"https:\/\/higheasy.cn\/es\/wp-json\/wp\/v2\/types\/product"}],"wp:featuredmedia":[{"embeddable":true,"href":"https:\/\/higheasy.cn\/es\/wp-json\/wp\/v2\/media\/986"}],"wp:attachment":[{"href":"https:\/\/higheasy.cn\/es\/wp-json\/wp\/v2\/media?parent=989"}],"wp:term":[{"taxonomy":"product_brand","embeddable":true,"href":"https:\/\/higheasy.cn\/es\/wp-json\/wp\/v2\/product_brand?post=989"},{"taxonomy":"product_cat","embeddable":true,"href":"https:\/\/higheasy.cn\/es\/wp-json\/wp\/v2\/product_cat?post=989"},{"taxonomy":"product_tag","embeddable":true,"href":"https:\/\/higheasy.cn\/es\/wp-json\/wp\/v2\/product_tag?post=989"}],"curies":[{"name":"wp","href":"https:\/\/api.w.org\/{rel}","templated":true}]}}