{"id":979,"date":"2023-10-18T06:29:25","date_gmt":"2023-10-18T06:29:25","guid":{"rendered":"https:\/\/mediumturquoise-pheasant-889000.hostingersite.com\/?post_type=product&#038;p=979"},"modified":"2023-10-18T06:35:41","modified_gmt":"2023-10-18T06:35:41","slug":"factory-price-semi-auto-spout-sealing-machine-%e5%a4%8d%e5%88%b6","status":"publish","type":"product","link":"https:\/\/higheasy.cn\/es\/producto\/factory-price-semi-auto-spout-sealing-machine-%e5%a4%8d%e5%88%b6\/","title":{"rendered":"M\u00e1quina selladora de inserci\u00f3n de boquilla completamente autom\u00e1tica"},"content":{"rendered":"<p><img fetchpriority=\"high\" decoding=\"async\" class=\"alignnone size-full wp-image-981\" src=\"http:\/\/higheasy.cn\/wp-content\/uploads\/2023\/10\/HTB1on8mQPDpK1RjSZFrq6y78VXan.jpg\" alt=\"\" width=\"1440\" height=\"1080\" srcset=\"https:\/\/higheasy.cn\/wp-content\/uploads\/2023\/10\/HTB1on8mQPDpK1RjSZFrq6y78VXan.jpg 1440w, https:\/\/higheasy.cn\/wp-content\/uploads\/2023\/10\/HTB1on8mQPDpK1RjSZFrq6y78VXan-300x225.jpg 300w, https:\/\/higheasy.cn\/wp-content\/uploads\/2023\/10\/HTB1on8mQPDpK1RjSZFrq6y78VXan-1024x768.jpg 1024w, https:\/\/higheasy.cn\/wp-content\/uploads\/2023\/10\/HTB1on8mQPDpK1RjSZFrq6y78VXan-768x576.jpg 768w\" sizes=\"(max-width: 1440px) 100vw, 1440px\" \/> <img decoding=\"async\" class=\"alignnone size-full wp-image-982\" src=\"http:\/\/higheasy.cn\/wp-content\/uploads\/2023\/10\/HTB1pS0RQOLaK1RjSZFxq6ymPFXam.jpg\" alt=\"\" width=\"1440\" height=\"1080\" srcset=\"https:\/\/higheasy.cn\/wp-content\/uploads\/2023\/10\/HTB1pS0RQOLaK1RjSZFxq6ymPFXam.jpg 1440w, https:\/\/higheasy.cn\/wp-content\/uploads\/2023\/10\/HTB1pS0RQOLaK1RjSZFxq6ymPFXam-300x225.jpg 300w, https:\/\/higheasy.cn\/wp-content\/uploads\/2023\/10\/HTB1pS0RQOLaK1RjSZFxq6ymPFXam-1024x768.jpg 1024w, https:\/\/higheasy.cn\/wp-content\/uploads\/2023\/10\/HTB1pS0RQOLaK1RjSZFxq6ymPFXam-768x576.jpg 768w\" sizes=\"(max-width: 1440px) 100vw, 1440px\" \/> <img decoding=\"async\" class=\"alignnone size-full wp-image-983\" src=\"http:\/\/higheasy.cn\/wp-content\/uploads\/2023\/10\/HTB1qbhvQMHqK1RjSZFgq6y7JXXaz.jpg\" alt=\"\" width=\"1440\" height=\"1080\" srcset=\"https:\/\/higheasy.cn\/wp-content\/uploads\/2023\/10\/HTB1qbhvQMHqK1RjSZFgq6y7JXXaz.jpg 1440w, https:\/\/higheasy.cn\/wp-content\/uploads\/2023\/10\/HTB1qbhvQMHqK1RjSZFgq6y7JXXaz-300x225.jpg 300w, https:\/\/higheasy.cn\/wp-content\/uploads\/2023\/10\/HTB1qbhvQMHqK1RjSZFgq6y7JXXaz-1024x768.jpg 1024w, https:\/\/higheasy.cn\/wp-content\/uploads\/2023\/10\/HTB1qbhvQMHqK1RjSZFgq6y7JXXaz-768x576.jpg 768w\" sizes=\"(max-width: 1440px) 100vw, 1440px\" \/><\/p>\n<p>I.\u00a0<strong>Introducci\u00f3n<\/strong><\/p>\n<p>La m\u00e1quina selladora autom\u00e1tica de picos de bolsa flexible es un tipo de dispositivo autom\u00e1tico para instalar y sellar picos de pl\u00e1stico con bolsa. La bolsa con pico es fabricada por esta m\u00e1quina con la ventaja de una alta eficiencia de producci\u00f3n, buena apariencia, alta resistencia de sellado, evitando que el ser humano toque el pico y la bolsa, segura e higi\u00e9nica.<\/p>\n<p>La m\u00e1quina selladora de boquilla autom\u00e1tica para bolsas flexibles FZJ-12-70 tiene la funci\u00f3n de ubicaci\u00f3n de boquilla autom\u00e1tica y transmisi\u00f3n de estaciones m\u00faltiples, carga de bolsas con boquilla y sellado. Adecuado para pico largo y pico corto, pico de sellado de tipo vertical.<\/p>\n<p><strong>II. Componente<\/strong><\/p>\n<p>1. Sistema de carga de boquilla autom\u00e1tica con placa vibratoria: este sistema se compone de almacenamiento de control fotoel\u00e9ctrico y placa vibratoria, puede transmitir autom\u00e1ticamente la boquilla de pl\u00e1stico al dispositivo de carga de boquilla. La placa vibratoria puede almacenar 500 unidades de boquilla.<\/p>\n<p>2. Sistema de carga del pico: adopta un cilindro de tres ejes en lugar del anterior cilindro de un eje, empuja el pico en la ranura del transportador, ubicaci\u00f3n autom\u00e1tica, sin cambio de \u00e1ngulo, garantiza la precisi\u00f3n del producto.<\/p>\n<p>3. Sistema de transferencia: Transfiera el pico o la bolsa seg\u00fan la longitud fija de la estaci\u00f3n, para las funciones de carga del pico, soldadura por puntos, sellado en caliente, conformado en fr\u00edo y detecci\u00f3n. El sistema de transferencia es impulsado por un servomotor Mitsubishi.<\/p>\n<p>4. El sistema de carga de bolsas se compone de un almac\u00e9n de bolsas, un dispositivo de recogida de bolsas y un dispositivo de carga de bolsas. Se utiliza para recoger bolsas del almac\u00e9n, sujetar bolsas, abrir bolsas, cargar por pico y sellar puntos, y luego transferir al siguiente paso.<\/p>\n<p>5. Sistema de sellado m\u00faltiple: compuesto por m\u00faltiples grupos de cilindros de termosellado para cada proceso, como precalentamiento \u00fanico, termosellado cuatro veces y conformado en fr\u00edo una sola vez.<\/p>\n<p>6. Sistema de detecci\u00f3n \u00f3ptica: detecta autom\u00e1ticamente la calidad del sellado del pico, elimina el producto defectuoso, porcentaje defectuoso inferior al 5\u2030.<\/p>\n<p>7. Producto terminado cargado en el sistema de recarga autom\u00e1tica y ranura-stick: los productos terminados se cargar\u00e1n en el groove-stick despu\u00e9s de contarlos para el uso de la m\u00e1quina de llenado, la ranura-stick se descargar\u00e1 autom\u00e1ticamente despu\u00e9s de la carga completa.<\/p>\n<p>&nbsp;<\/p>\n<p><strong>III. Principales especificaciones t\u00e9cnicas<\/strong><\/p>\n<p>&nbsp;<\/p>\n<table border=\"1\" cellspacing=\"0\">\n<tbody>\n<tr>\n<td valign=\"center\" width=\"177\">Modelo<\/td>\n<td valign=\"center\" width=\"299\">FZJ-12-70<\/td>\n<\/tr>\n<tr>\n<td valign=\"center\" width=\"177\">Dimensi\u00f3n de la bolsa<\/td>\n<td valign=\"center\" width=\"299\">Largo\u00d7Ancho(70-230)\u00d7(60-120)mm<\/td>\n<\/tr>\n<tr>\n<td valign=\"center\" width=\"177\">Tama\u00f1o interior del pico<\/td>\n<td valign=\"center\" width=\"299\">8,2 mm o 8,6 mm o 10 mm, 13 mm hecho a medida<\/td>\n<\/tr>\n<tr>\n<td valign=\"center\" width=\"177\">Capacidad<\/td>\n<td valign=\"center\" width=\"299\">40-80 unidades\/min (70 unidades\/min pueden ser muy estables)<\/td>\n<\/tr>\n<tr>\n<td valign=\"center\" width=\"177\">Fuente de alimentaci\u00f3n<\/td>\n<td valign=\"center\" width=\"299\">AC380V, 50HZ, 3P, 8.0KW<\/td>\n<\/tr>\n<tr>\n<td valign=\"center\" width=\"177\">Suministro de aire<\/td>\n<td valign=\"center\" width=\"299\">0,5-0,7 MPa 180NL\/min<\/td>\n<\/tr>\n<tr>\n<td valign=\"center\" width=\"177\">agua helada<\/td>\n<td valign=\"center\" width=\"299\">6L\/minuto<\/td>\n<\/tr>\n<tr>\n<td valign=\"center\" width=\"177\">Dimensi\u00f3n de la m\u00e1quina<\/td>\n<td valign=\"center\" width=\"299\">(largo x ancho x alto)<\/p>\n<p>M\u00e1quina principal: 2480\u00d72280\u00d71800mm<\/p>\n<p>Dispositivo de descarga autom\u00e1tica de bolsas: 1300*820*1700 mm<\/td>\n<\/tr>\n<tr>\n<td valign=\"center\" width=\"177\">Peso<\/td>\n<td valign=\"center\" width=\"299\">2300KG<\/td>\n<\/tr>\n<\/tbody>\n<\/table>\n<p><img loading=\"lazy\" decoding=\"async\" class=\"alignnone wp-image-646\" src=\"http:\/\/higheasy.cn\/wp-content\/uploads\/2023\/07\/HTB1Lnd7QMHqK1RjSZFgq6y7JXXaU.jpg\" alt=\"higheasy\" width=\"1238\" height=\"1836\" srcset=\"https:\/\/higheasy.cn\/wp-content\/uploads\/2023\/07\/HTB1Lnd7QMHqK1RjSZFgq6y7JXXaU.jpg 750w, https:\/\/higheasy.cn\/wp-content\/uploads\/2023\/07\/HTB1Lnd7QMHqK1RjSZFgq6y7JXXaU-300x445.jpg 300w, https:\/\/higheasy.cn\/wp-content\/uploads\/2023\/07\/HTB1Lnd7QMHqK1RjSZFgq6y7JXXaU-202x300.jpg 202w, https:\/\/higheasy.cn\/wp-content\/uploads\/2023\/07\/HTB1Lnd7QMHqK1RjSZFgq6y7JXXaU-691x1024.jpg 691w\" sizes=\"(max-width: 1238px) 100vw, 1238px\" \/><\/p>\n<p>La empresa cuenta con un grupo de equipos profesionales de investigaci\u00f3n y desarrollo de tecnolog\u00eda y equipos de procesamiento avanzados, y una serie de patentes de invenci\u00f3n. La compa\u00f1\u00eda produce una amplia variedad de maquinaria de embalaje, los principales productos son: m\u00e1quina de formado, llenado y sellado vertical (VFFS), m\u00e1quina de envasado tipo barra, m\u00e1quina de envasado de polvo, m\u00e1quina de envasado de l\u00edquidos y serie de pesadoras multicabezal, que se utilizan ampliamente en alimentos, productos qu\u00edmicos y bebidas. , productos agr\u00edcolas, juguetes y embalaje en productos industriales y otras industrias, los productos se exportan a todo el mundo y han obtenido agentes de marketing profesionales en muchos pa\u00edses y regiones. Los productos y servicios han sido reconocidos y elogiados un\u00e1nimemente por los clientes.<\/p>\n<p><img loading=\"lazy\" decoding=\"async\" class=\"alignnone size-full wp-image-662\" src=\"http:\/\/higheasy.cn\/wp-content\/uploads\/2023\/07\/5.jpg\" alt=\"small yogurt production line\" width=\"1200\" height=\"604\" srcset=\"https:\/\/higheasy.cn\/wp-content\/uploads\/2023\/07\/5.jpg 1200w, https:\/\/higheasy.cn\/wp-content\/uploads\/2023\/07\/5-300x151.jpg 300w, https:\/\/higheasy.cn\/wp-content\/uploads\/2023\/07\/5-1024x515.jpg 1024w, https:\/\/higheasy.cn\/wp-content\/uploads\/2023\/07\/5-768x387.jpg 768w\" sizes=\"(max-width: 1200px) 100vw, 1200px\" \/><\/p>","protected":false},"excerpt":{"rendered":"<p>I.\u00a0Introduction Flexible pouch auto spout sealing machine is one kind of automatic device to\u00a0install and seal plastic spout with pouch. Pouch with spout\u00a0is\u00a0manufactured\u00a0by this machine with advantage of high production efficiency, good looking, high sealing strength, avoiding\u00a0human\u00a0to\u00a0touch spout and pouch, safe and sanitary. FZJ-12-70 flexible pouch auto spout sealing machine\u00a0has function of\u00a0auto spout location and [&hellip;]<\/p>","protected":false},"featured_media":980,"template":"","meta":{"site-sidebar-layout":"default","site-content-layout":"default","ast-site-content-layout":"default","site-content-style":"default","site-sidebar-style":"default","ast-global-header-display":"","ast-banner-title-visibility":"","ast-main-header-display":"","ast-hfb-above-header-display":"","ast-hfb-below-header-display":"","ast-hfb-mobile-header-display":"","site-post-title":"","ast-breadcrumbs-content":"","ast-featured-img":"","footer-sml-layout":"","theme-transparent-header-meta":"default","adv-header-id-meta":"","stick-header-meta":"","header-above-stick-meta":"","header-main-stick-meta":"","header-below-stick-meta":"","astra-migrate-meta-layouts":"set","ast-page-background-enabled":"default","ast-page-background-meta":{"desktop":{"background-color":"","background-image":"","background-repeat":"repeat","background-position":"center center","background-size":"auto","background-attachment":"scroll","background-type":"","background-media":"","overlay-type":"","overlay-color":"","overlay-opacity":"","overlay-gradient":""},"tablet":{"background-color":"","background-image":"","background-repeat":"repeat","background-position":"center center","background-size":"auto","background-attachment":"scroll","background-type":"","background-media":"","overlay-type":"","overlay-color":"","overlay-opacity":"","overlay-gradient":""},"mobile":{"background-color":"","background-image":"","background-repeat":"repeat","background-position":"center center","background-size":"auto","background-attachment":"scroll","background-type":"","background-media":"","overlay-type":"","overlay-color":"","overlay-opacity":"","overlay-gradient":""}},"ast-content-background-meta":{"desktop":{"background-color":"var(--ast-global-color-5)","background-image":"","background-repeat":"repeat","background-position":"center center","background-size":"auto","background-attachment":"scroll","background-type":"","background-media":"","overlay-type":"","overlay-color":"","overlay-opacity":"","overlay-gradient":""},"tablet":{"background-color":"var(--ast-global-color-5)","background-image":"","background-repeat":"repeat","background-position":"center center","background-size":"auto","background-attachment":"scroll","background-type":"","background-media":"","overlay-type":"","overlay-color":"","overlay-opacity":"","overlay-gradient":""},"mobile":{"background-color":"var(--ast-global-color-5)","background-image":"","background-repeat":"repeat","background-position":"center center","background-size":"auto","background-attachment":"scroll","background-type":"","background-media":"","overlay-type":"","overlay-color":"","overlay-opacity":"","overlay-gradient":""}}},"product_brand":[],"product_cat":[30],"product_tag":[],"class_list":{"0":"post-979","1":"product","2":"type-product","3":"status-publish","4":"has-post-thumbnail","6":"product_cat-spout-inserting-sealing-machine","7":"desktop-align-left","8":"tablet-align-left","9":"mobile-align-left","11":"first","12":"instock","13":"shipping-taxable","14":"product-type-simple"},"_links":{"self":[{"href":"https:\/\/higheasy.cn\/es\/wp-json\/wp\/v2\/product\/979","targetHints":{"allow":["GET"]}}],"collection":[{"href":"https:\/\/higheasy.cn\/es\/wp-json\/wp\/v2\/product"}],"about":[{"href":"https:\/\/higheasy.cn\/es\/wp-json\/wp\/v2\/types\/product"}],"wp:featuredmedia":[{"embeddable":true,"href":"https:\/\/higheasy.cn\/es\/wp-json\/wp\/v2\/media\/980"}],"wp:attachment":[{"href":"https:\/\/higheasy.cn\/es\/wp-json\/wp\/v2\/media?parent=979"}],"wp:term":[{"taxonomy":"product_brand","embeddable":true,"href":"https:\/\/higheasy.cn\/es\/wp-json\/wp\/v2\/product_brand?post=979"},{"taxonomy":"product_cat","embeddable":true,"href":"https:\/\/higheasy.cn\/es\/wp-json\/wp\/v2\/product_cat?post=979"},{"taxonomy":"product_tag","embeddable":true,"href":"https:\/\/higheasy.cn\/es\/wp-json\/wp\/v2\/product_tag?post=979"}],"curies":[{"name":"wp","href":"https:\/\/api.w.org\/{rel}","templated":true}]}}