{"id":977,"date":"2023-10-18T06:26:18","date_gmt":"2023-10-18T06:26:18","guid":{"rendered":"https:\/\/mediumturquoise-pheasant-889000.hostingersite.com\/?post_type=product&#038;p=977"},"modified":"2023-10-18T06:29:13","modified_gmt":"2023-10-18T06:29:13","slug":"factory-price-semi-auto-spout-sealing-machine","status":"publish","type":"product","link":"https:\/\/higheasy.cn\/es\/producto\/factory-price-semi-auto-spout-sealing-machine\/","title":{"rendered":"M\u00e1quina de sellado de boquilla semiautom\u00e1tica a precio de f\u00e1brica"},"content":{"rendered":"<h3 style=\"text-align: center;\" data-spm-anchor-id=\"a2700.details.0.i23.4b866500ZCQOBA\"><span data-spm-anchor-id=\"a2700.details.0.i20.4b866500ZCQOBA\">M\u00e1quina de sellado de boquilla semiautom\u00e1tica a precio de f\u00e1brica<\/span><\/h3>\n<p><img fetchpriority=\"high\" decoding=\"async\" class=\"aligncenter\" src=\"https:\/\/sc04.alicdn.com\/kf\/Hd621b478a951419d8fb7bd49ca5410a1l\/222958773\/Hd621b478a951419d8fb7bd49ca5410a1l.jpg\" alt=\"Factory Price Semi-auto Spout Sealing Machine\" width=\"750\" height=\"750\" data-src=\"\/\/sc04.alicdn.com\/kf\/Hd621b478a951419d8fb7bd49ca5410a1l\/222958773\/Hd621b478a951419d8fb7bd49ca5410a1l.jpg\" data-alt=\"Factory Price Semi-auto Spout Sealing Machine\" data-spm-anchor-id=\"a2700.details.0.i21.4b866500ZCQOBA\" \/><img decoding=\"async\" class=\"aligncenter\" src=\"https:\/\/sc04.alicdn.com\/kf\/Hd04f53cd16e14136a0a7e077dbf59a001\/222958773\/Hd04f53cd16e14136a0a7e077dbf59a001.jpg\" alt=\"Factory Price Semi-auto Spout Sealing Machine\" width=\"750\" height=\"750\" data-src=\"\/\/sc04.alicdn.com\/kf\/Hd04f53cd16e14136a0a7e077dbf59a001\/222958773\/Hd04f53cd16e14136a0a7e077dbf59a001.jpg\" data-alt=\"Factory Price Semi-auto Spout Sealing Machine\" \/><img decoding=\"async\" class=\"aligncenter\" src=\"https:\/\/sc04.alicdn.com\/kf\/H7cc5069fde98475db9fa2475f634cef8y\/222958773\/H7cc5069fde98475db9fa2475f634cef8y.jpg\" alt=\"Factory Price Semi-auto Spout Sealing Machine\" width=\"750\" height=\"750\" data-src=\"\/\/sc04.alicdn.com\/kf\/H7cc5069fde98475db9fa2475f634cef8y\/222958773\/H7cc5069fde98475db9fa2475f634cef8y.jpg\" data-alt=\"Factory Price Semi-auto Spout Sealing Machine\" \/><img loading=\"lazy\" decoding=\"async\" class=\"aligncenter\" src=\"https:\/\/sc04.alicdn.com\/kf\/H1191e9be66c7480d8d87d8ffe973bd99Y\/222958773\/H1191e9be66c7480d8d87d8ffe973bd99Y.jpg\" alt=\"Factory Price Semi-auto Spout Sealing Machine\" width=\"750\" height=\"750\" data-src=\"\/\/sc04.alicdn.com\/kf\/H1191e9be66c7480d8d87d8ffe973bd99Y\/222958773\/H1191e9be66c7480d8d87d8ffe973bd99Y.jpg\" data-alt=\"Factory Price Semi-auto Spout Sealing Machine\" \/><\/p>\n<p><img loading=\"lazy\" decoding=\"async\" class=\"aligncenter\" src=\"https:\/\/sc04.alicdn.com\/kf\/H36e496f220194e188b13918e8d7cfa54G\/222958773\/H36e496f220194e188b13918e8d7cfa54G.jpg\" alt=\"Factory Price Semi-auto Spout Sealing Machine\" width=\"750\" height=\"750\" data-src=\"\/\/sc04.alicdn.com\/kf\/H36e496f220194e188b13918e8d7cfa54G\/222958773\/H36e496f220194e188b13918e8d7cfa54G.jpg\" data-alt=\"Factory Price Semi-auto Spout Sealing Machine\" \/><\/p>\n<p>&nbsp;<\/p>\n<p><img loading=\"lazy\" decoding=\"async\" class=\"aligncenter\" src=\"https:\/\/sc04.alicdn.com\/kf\/Hc564c345243248c5b92d099ea6c8d0a2r\/222958773\/Hc564c345243248c5b92d099ea6c8d0a2r.jpg\" alt=\"Factory Price Semi-auto Spout Sealing Machine\" width=\"750\" height=\"750\" data-src=\"\/\/sc04.alicdn.com\/kf\/Hc564c345243248c5b92d099ea6c8d0a2r\/222958773\/Hc564c345243248c5b92d099ea6c8d0a2r.jpg\" data-alt=\"Factory Price Semi-auto Spout Sealing Machine\" \/><\/p>\n<p>&nbsp;<\/p>\n<p><img loading=\"lazy\" decoding=\"async\" class=\"aligncenter\" src=\"https:\/\/sc04.alicdn.com\/kf\/Ha207220654ec4e208647db2d06f62b8fz\/222958773\/Ha207220654ec4e208647db2d06f62b8fz.jpg\" alt=\"Factory Price Semi-auto Spout Sealing Machine\" width=\"750\" height=\"750\" data-src=\"\/\/sc04.alicdn.com\/kf\/Ha207220654ec4e208647db2d06f62b8fz\/222958773\/Ha207220654ec4e208647db2d06f62b8fz.jpg\" data-alt=\"Factory Price Semi-auto Spout Sealing Machine\" \/><\/p>\n<table border=\"1\">\n<tbody>\n<tr>\n<td><\/td>\n<\/tr>\n<\/tbody>\n<\/table>\n<div id=\"ali-anchor-AliPostDhMb-07eek\" class=\"mceSectionContainer\" data-section=\"AliPostDhMb-07eek\" data-section-title=\"Product Description\">\n<h3 id=\"ali-title-AliPostDhMb-07eek\">Descripci\u00f3n del Producto:<\/h3>\n<div>\n<p>M\u00e1quina selladora de boquilla semiautom\u00e1tica especializada en sellar bolsas con boquilla de yogur, bebidas, agua, salsa, etc. industria.<\/p>\n<p><span data-spm-anchor-id=\"a2700.details.0.i24.4b866500ZCQOBA\">La m\u00e1quina consta de cabezal de troquel, calentador, cilindro y sistema operativo PLC. Avanzado en tecnolog\u00eda, funci\u00f3n aplicable, estructura razonable, rendimiento confiable, f\u00e1cil operaci\u00f3n y mantenimiento, funcionamiento estable.<\/span><\/p>\n<\/div>\n<\/div>\n<p><img loading=\"lazy\" decoding=\"async\" class=\"alignnone wp-image-646\" src=\"http:\/\/higheasy.cn\/wp-content\/uploads\/2023\/07\/HTB1Lnd7QMHqK1RjSZFgq6y7JXXaU.jpg\" alt=\"higheasy\" width=\"1238\" height=\"1836\" srcset=\"https:\/\/higheasy.cn\/wp-content\/uploads\/2023\/07\/HTB1Lnd7QMHqK1RjSZFgq6y7JXXaU.jpg 750w, https:\/\/higheasy.cn\/wp-content\/uploads\/2023\/07\/HTB1Lnd7QMHqK1RjSZFgq6y7JXXaU-300x445.jpg 300w, https:\/\/higheasy.cn\/wp-content\/uploads\/2023\/07\/HTB1Lnd7QMHqK1RjSZFgq6y7JXXaU-202x300.jpg 202w, https:\/\/higheasy.cn\/wp-content\/uploads\/2023\/07\/HTB1Lnd7QMHqK1RjSZFgq6y7JXXaU-691x1024.jpg 691w\" sizes=\"(max-width: 1238px) 100vw, 1238px\" \/><\/p>\n<p>La empresa cuenta con un grupo de equipos profesionales de investigaci\u00f3n y desarrollo de tecnolog\u00eda y equipos de procesamiento avanzados, y una serie de patentes de invenci\u00f3n. La compa\u00f1\u00eda produce una amplia variedad de maquinaria de embalaje, los principales productos son: m\u00e1quina de formado, llenado y sellado vertical (VFFS), m\u00e1quina de envasado tipo barra, m\u00e1quina de envasado de polvo, m\u00e1quina de envasado de l\u00edquidos y serie de pesadoras multicabezal, que se utilizan ampliamente en alimentos, productos qu\u00edmicos y bebidas. , productos agr\u00edcolas, juguetes y embalaje en productos industriales y otras industrias, los productos se exportan a todo el mundo y han obtenido agentes de marketing profesionales en muchos pa\u00edses y regiones. Los productos y servicios han sido reconocidos y elogiados un\u00e1nimemente por los clientes.<\/p>\n<p><img loading=\"lazy\" decoding=\"async\" class=\"alignnone size-full wp-image-662\" src=\"http:\/\/higheasy.cn\/wp-content\/uploads\/2023\/07\/5.jpg\" alt=\"small yogurt production line\" width=\"1200\" height=\"604\" srcset=\"https:\/\/higheasy.cn\/wp-content\/uploads\/2023\/07\/5.jpg 1200w, https:\/\/higheasy.cn\/wp-content\/uploads\/2023\/07\/5-300x151.jpg 300w, https:\/\/higheasy.cn\/wp-content\/uploads\/2023\/07\/5-1024x515.jpg 1024w, https:\/\/higheasy.cn\/wp-content\/uploads\/2023\/07\/5-768x387.jpg 768w\" sizes=\"(max-width: 1200px) 100vw, 1200px\" \/><\/p>","protected":false},"excerpt":{"rendered":"<p>Factory Price Semi-auto Spout Sealing Machine &nbsp; &nbsp; Product Description: Semi-auto spout sealing machine specialized in sealing spout pouch of yoghourt, beverage, water, sauce ect. industry. The machine consist of die-head, heater, cylinder and PLC operation system. Advanced in technology, applicable function, reasonable structure, reliable performance, easy operation and maintenance, runing stable. The company has [&hellip;]<\/p>","protected":false},"featured_media":978,"template":"","meta":{"site-sidebar-layout":"default","site-content-layout":"default","ast-site-content-layout":"default","site-content-style":"default","site-sidebar-style":"default","ast-global-header-display":"","ast-banner-title-visibility":"","ast-main-header-display":"","ast-hfb-above-header-display":"","ast-hfb-below-header-display":"","ast-hfb-mobile-header-display":"","site-post-title":"","ast-breadcrumbs-content":"","ast-featured-img":"","footer-sml-layout":"","theme-transparent-header-meta":"default","adv-header-id-meta":"","stick-header-meta":"","header-above-stick-meta":"","header-main-stick-meta":"","header-below-stick-meta":"","astra-migrate-meta-layouts":"set","ast-page-background-enabled":"default","ast-page-background-meta":{"desktop":{"background-color":"","background-image":"","background-repeat":"repeat","background-position":"center center","background-size":"auto","background-attachment":"scroll","background-type":"","background-media":"","overlay-type":"","overlay-color":"","overlay-opacity":"","overlay-gradient":""},"tablet":{"background-color":"","background-image":"","background-repeat":"repeat","background-position":"center center","background-size":"auto","background-attachment":"scroll","background-type":"","background-media":"","overlay-type":"","overlay-color":"","overlay-opacity":"","overlay-gradient":""},"mobile":{"background-color":"","background-image":"","background-repeat":"repeat","background-position":"center center","background-size":"auto","background-attachment":"scroll","background-type":"","background-media":"","overlay-type":"","overlay-color":"","overlay-opacity":"","overlay-gradient":""}},"ast-content-background-meta":{"desktop":{"background-color":"var(--ast-global-color-5)","background-image":"","background-repeat":"repeat","background-position":"center center","background-size":"auto","background-attachment":"scroll","background-type":"","background-media":"","overlay-type":"","overlay-color":"","overlay-opacity":"","overlay-gradient":""},"tablet":{"background-color":"var(--ast-global-color-5)","background-image":"","background-repeat":"repeat","background-position":"center center","background-size":"auto","background-attachment":"scroll","background-type":"","background-media":"","overlay-type":"","overlay-color":"","overlay-opacity":"","overlay-gradient":""},"mobile":{"background-color":"var(--ast-global-color-5)","background-image":"","background-repeat":"repeat","background-position":"center center","background-size":"auto","background-attachment":"scroll","background-type":"","background-media":"","overlay-type":"","overlay-color":"","overlay-opacity":"","overlay-gradient":""}}},"product_brand":[],"product_cat":[30],"product_tag":[],"class_list":{"0":"post-977","1":"product","2":"type-product","3":"status-publish","4":"has-post-thumbnail","6":"product_cat-spout-inserting-sealing-machine","7":"desktop-align-left","8":"tablet-align-left","9":"mobile-align-left","11":"first","12":"instock","13":"shipping-taxable","14":"product-type-simple"},"_links":{"self":[{"href":"https:\/\/higheasy.cn\/es\/wp-json\/wp\/v2\/product\/977","targetHints":{"allow":["GET"]}}],"collection":[{"href":"https:\/\/higheasy.cn\/es\/wp-json\/wp\/v2\/product"}],"about":[{"href":"https:\/\/higheasy.cn\/es\/wp-json\/wp\/v2\/types\/product"}],"wp:featuredmedia":[{"embeddable":true,"href":"https:\/\/higheasy.cn\/es\/wp-json\/wp\/v2\/media\/978"}],"wp:attachment":[{"href":"https:\/\/higheasy.cn\/es\/wp-json\/wp\/v2\/media?parent=977"}],"wp:term":[{"taxonomy":"product_brand","embeddable":true,"href":"https:\/\/higheasy.cn\/es\/wp-json\/wp\/v2\/product_brand?post=977"},{"taxonomy":"product_cat","embeddable":true,"href":"https:\/\/higheasy.cn\/es\/wp-json\/wp\/v2\/product_cat?post=977"},{"taxonomy":"product_tag","embeddable":true,"href":"https:\/\/higheasy.cn\/es\/wp-json\/wp\/v2\/product_tag?post=977"}],"curies":[{"name":"wp","href":"https:\/\/api.w.org\/{rel}","templated":true}]}}