{"id":968,"date":"2023-10-18T06:08:00","date_gmt":"2023-10-18T06:08:00","guid":{"rendered":"https:\/\/mediumturquoise-pheasant-889000.hostingersite.com\/?post_type=product&#038;p=968"},"modified":"2023-10-18T06:11:14","modified_gmt":"2023-10-18T06:11:14","slug":"small-yogurt-production-line","status":"publish","type":"product","link":"https:\/\/higheasy.cn\/es\/producto\/small-yogurt-production-line\/","title":{"rendered":"peque\u00f1a l\u00ednea de producci\u00f3n de yogur"},"content":{"rendered":"<h3 style=\"text-align: center;\"><span data-spm-anchor-id=\"a2700.details.0.i20.12303428zc66F4\"><strong>\u00a0Peque\u00f1a l\u00ednea de producci\u00f3n de yogur<\/strong><br \/>\n<img fetchpriority=\"high\" decoding=\"async\" class=\"\" src=\"https:\/\/sc04.alicdn.com\/kf\/H62d1b737a5394a7f8f6789dbc69a12baa\/222958773\/H62d1b737a5394a7f8f6789dbc69a12baa.png\" alt=\"small yogurt production line\" width=\"1063\" height=\"425\" data-src=\"\/\/sc04.alicdn.com\/kf\/H62d1b737a5394a7f8f6789dbc69a12baa\/222958773\/H62d1b737a5394a7f8f6789dbc69a12baa.png\" data-alt=\"small yogurt production line\" \/><br \/>\n<\/span><\/h3>\n<p>&nbsp;<\/p>\n<p><strong>Proceso b\u00e1sico<\/strong><\/p>\n<p>El proceso de producci\u00f3n est\u00e1ndar de leche pasteurizada: leche cruda \u2192 tanque de almacenamiento \u2192 filtraci\u00f3n \u2192 precalentamiento \u2192 homogeneizaci\u00f3n \u2192 esterilizaci\u00f3n \u2192 preenfriamiento \u2192 fermentaci\u00f3n \u2192 llenado \u2192 limpieza CIP.<\/p>\n<p>Proceso de producci\u00f3n simplificado de leche pasteurizada: leche cruda \u2192 almacenamiento \u2192 esterilizaci\u00f3n \u2192 enfriamiento \u2192 fermentaci\u00f3n \u2192 llenado<\/p>\n<p>&nbsp;<\/p>\n<p><strong>C<\/strong><strong>equipo orolar<\/strong><\/p>\n<p>El equipo de proceso est\u00e1ndar para la leche pasteurizada es: leche cruda \u2192 bomba \u2192 tanque de almacenamiento \u2192 bomba \u2192 filtro d\u00faplex \u2192 bomba \u2192 tanque de precalentamiento \u2192 bomba \u2192 homogeneizador \u2192 bomba \u2192 tanque de esterilizaci\u00f3n con agitaci\u00f3n \u2192 bomba \u2192 tanque de preenfriamiento \u2192 bomba \u2192 Tanque de fermentaci\u00f3n \u2192 bomba \u2192 m\u00e1quina llenadora \u2192 sistema de limpieza CIP<\/p>\n<p>&nbsp;<\/p>\n<p><strong>Introducci\u00f3n al proceso<\/strong><\/p>\n<p>Guarde la leche entera en el tanque de leche cruda y luego bombee la leche cruda al tanque de precalentamiento a trav\u00e9s de una bomba de leche especial de acero inoxidable y un filtro d\u00faplex para precalentar. Generalmente, la temperatura de precalentamiento rondar\u00e1 los 45\u00b0C.<\/p>\n<p>Despu\u00e9s del precalentamiento, la leche cruda se vierte en el tanque de homogeneizaci\u00f3n para su homogeneizaci\u00f3n y se agregan los materiales auxiliares correspondientes para suavizar la leche cruda despu\u00e9s de la homogeneizaci\u00f3n.<\/p>\n<p>Despu\u00e9s de la homogeneizaci\u00f3n, encienda la bomba centr\u00edfuga de leche y la leche cruda se bombea al tanque de pasteurizaci\u00f3n para su esterilizaci\u00f3n y agitaci\u00f3n.<\/p>\n<p>Cuando se requiera esterilizaci\u00f3n, encienda la bomba centr\u00edfuga de leche que conecta el tanque de leche original y el tanque de pasteurizaci\u00f3n, y pasteur\u00edcela con aceite de transferencia de calor 350# o agua caliente\/vapor. Seg\u00fan las diferentes fuentes de calor y producci\u00f3n, el tiempo de esterilizaci\u00f3n es generalmente de 0,5 a 1,5 horas y la temperatura de pasteurizaci\u00f3n es de 85 \u2103.<\/p>\n<p>Despu\u00e9s de la esterilizaci\u00f3n, la leche fresca se bombea al tanque de preenfriamiento a trav\u00e9s de la bomba de leche. El tanque de preenfriamiento utiliza agua fr\u00eda para el preenfriamiento y luego la bombea al tanque de fermentaci\u00f3n, agregando las cepas e iniciadores correspondientes y el iniciador para la fermentaci\u00f3n del yogur.<\/p>\n<p>El sistema CIP no descompone el equipo de producci\u00f3n, pero tambi\u00e9n puede utilizar m\u00e9todos operativos simples para limpiar el sistema. De forma segura y autom\u00e1tica se ha introducido en casi todas las f\u00e1bricas de alimentos, bebidas y productos farmac\u00e9uticos. El sistema CIP no s\u00f3lo puede limpiar la m\u00e1quina, sino tambi\u00e9n controlar los microorganismos.<\/p>\n<p data-spm-anchor-id=\"a2700.details.0.i21.12303428zc66F4\">El sistema de limpieza CIP se compone de tres tanques de almacenamiento con agua \u00e1cida d\u00e9bil, agua alcalina d\u00e9bil y agua limpia, as\u00ed como bombas, tuber\u00edas, v\u00e1lvulas, etc. El equipo se limpia mediante la circulaci\u00f3n de tres l\u00edquidos, de modo que el equipo sea limpio y sin rincones sanitarios muertos. En principio, se recomienda que los clientes utilicen el sistema de limpieza CIP, pero el costo del sistema de limpieza CIP es mayor. Si el rendimiento es bajo, el cliente tambi\u00e9n puede optar por la limpieza manual.<\/p>\n<p><img decoding=\"async\" class=\"alignnone wp-image-646\" src=\"http:\/\/higheasy.cn\/wp-content\/uploads\/2023\/07\/HTB1Lnd7QMHqK1RjSZFgq6y7JXXaU.jpg\" alt=\"higheasy\" width=\"1238\" height=\"1836\" srcset=\"https:\/\/higheasy.cn\/wp-content\/uploads\/2023\/07\/HTB1Lnd7QMHqK1RjSZFgq6y7JXXaU.jpg 750w, https:\/\/higheasy.cn\/wp-content\/uploads\/2023\/07\/HTB1Lnd7QMHqK1RjSZFgq6y7JXXaU-300x445.jpg 300w, https:\/\/higheasy.cn\/wp-content\/uploads\/2023\/07\/HTB1Lnd7QMHqK1RjSZFgq6y7JXXaU-202x300.jpg 202w, https:\/\/higheasy.cn\/wp-content\/uploads\/2023\/07\/HTB1Lnd7QMHqK1RjSZFgq6y7JXXaU-691x1024.jpg 691w\" sizes=\"(max-width: 1238px) 100vw, 1238px\" \/><\/p>\n<p>La empresa cuenta con un grupo de equipos profesionales de investigaci\u00f3n y desarrollo de tecnolog\u00eda y equipos de procesamiento avanzados, y una serie de patentes de invenci\u00f3n. La compa\u00f1\u00eda produce una amplia variedad de maquinaria de embalaje, los principales productos son: m\u00e1quina de formado, llenado y sellado vertical (VFFS), m\u00e1quina de envasado tipo barra, m\u00e1quina de envasado de polvo, m\u00e1quina de envasado de l\u00edquidos y serie de pesadoras multicabezal, que se utilizan ampliamente en alimentos, productos qu\u00edmicos y bebidas. , productos agr\u00edcolas, juguetes y embalaje en productos industriales y otras industrias, los productos se exportan a todo el mundo y han obtenido agentes de marketing profesionales en muchos pa\u00edses y regiones. Los productos y servicios han sido reconocidos y elogiados un\u00e1nimemente por los clientes.<\/p>\n<p><img decoding=\"async\" class=\"alignnone size-full wp-image-662\" src=\"http:\/\/higheasy.cn\/wp-content\/uploads\/2023\/07\/5.jpg\" alt=\"small yogurt production line\" width=\"1200\" height=\"604\" srcset=\"https:\/\/higheasy.cn\/wp-content\/uploads\/2023\/07\/5.jpg 1200w, https:\/\/higheasy.cn\/wp-content\/uploads\/2023\/07\/5-300x151.jpg 300w, https:\/\/higheasy.cn\/wp-content\/uploads\/2023\/07\/5-1024x515.jpg 1024w, https:\/\/higheasy.cn\/wp-content\/uploads\/2023\/07\/5-768x387.jpg 768w\" sizes=\"(max-width: 1200px) 100vw, 1200px\" \/><\/p>","protected":false},"excerpt":{"rendered":"<p>\u00a0Small Yogurt Production Line &nbsp; Basic process The standard production process of pasteurized milk: raw milk \u2192 storage tank \u2192 filtration \u2192 preheating \u2192 homogenization \u2192 sterilization \u2192 pre-cooling \u2192 fermentation \u2192 filling \u2192 CIP cleaning. Simplified production process of pasteurized milk: raw milk \u2192 storage \u2192 sterilization \u2192 cooling \u2192 fermentation \u2192 filling &nbsp; [&hellip;]<\/p>","protected":false},"featured_media":886,"template":"","meta":{"site-sidebar-layout":"default","site-content-layout":"default","ast-site-content-layout":"default","site-content-style":"default","site-sidebar-style":"default","ast-global-header-display":"","ast-banner-title-visibility":"","ast-main-header-display":"","ast-hfb-above-header-display":"","ast-hfb-below-header-display":"","ast-hfb-mobile-header-display":"","site-post-title":"","ast-breadcrumbs-content":"","ast-featured-img":"","footer-sml-layout":"","theme-transparent-header-meta":"default","adv-header-id-meta":"","stick-header-meta":"","header-above-stick-meta":"","header-main-stick-meta":"","header-below-stick-meta":"","astra-migrate-meta-layouts":"set","ast-page-background-enabled":"default","ast-page-background-meta":{"desktop":{"background-color":"","background-image":"","background-repeat":"repeat","background-position":"center center","background-size":"auto","background-attachment":"scroll","background-type":"","background-media":"","overlay-type":"","overlay-color":"","overlay-opacity":"","overlay-gradient":""},"tablet":{"background-color":"","background-image":"","background-repeat":"repeat","background-position":"center center","background-size":"auto","background-attachment":"scroll","background-type":"","background-media":"","overlay-type":"","overlay-color":"","overlay-opacity":"","overlay-gradient":""},"mobile":{"background-color":"","background-image":"","background-repeat":"repeat","background-position":"center center","background-size":"auto","background-attachment":"scroll","background-type":"","background-media":"","overlay-type":"","overlay-color":"","overlay-opacity":"","overlay-gradient":""}},"ast-content-background-meta":{"desktop":{"background-color":"var(--ast-global-color-5)","background-image":"","background-repeat":"repeat","background-position":"center center","background-size":"auto","background-attachment":"scroll","background-type":"","background-media":"","overlay-type":"","overlay-color":"","overlay-opacity":"","overlay-gradient":""},"tablet":{"background-color":"var(--ast-global-color-5)","background-image":"","background-repeat":"repeat","background-position":"center center","background-size":"auto","background-attachment":"scroll","background-type":"","background-media":"","overlay-type":"","overlay-color":"","overlay-opacity":"","overlay-gradient":""},"mobile":{"background-color":"var(--ast-global-color-5)","background-image":"","background-repeat":"repeat","background-position":"center center","background-size":"auto","background-attachment":"scroll","background-type":"","background-media":"","overlay-type":"","overlay-color":"","overlay-opacity":"","overlay-gradient":""}}},"product_brand":[],"product_cat":[27],"product_tag":[],"class_list":{"0":"post-968","1":"product","2":"type-product","3":"status-publish","4":"has-post-thumbnail","6":"product_cat-production-line","7":"desktop-align-left","8":"tablet-align-left","9":"mobile-align-left","11":"first","12":"instock","13":"shipping-taxable","14":"product-type-simple"},"_links":{"self":[{"href":"https:\/\/higheasy.cn\/es\/wp-json\/wp\/v2\/product\/968","targetHints":{"allow":["GET"]}}],"collection":[{"href":"https:\/\/higheasy.cn\/es\/wp-json\/wp\/v2\/product"}],"about":[{"href":"https:\/\/higheasy.cn\/es\/wp-json\/wp\/v2\/types\/product"}],"wp:featuredmedia":[{"embeddable":true,"href":"https:\/\/higheasy.cn\/es\/wp-json\/wp\/v2\/media\/886"}],"wp:attachment":[{"href":"https:\/\/higheasy.cn\/es\/wp-json\/wp\/v2\/media?parent=968"}],"wp:term":[{"taxonomy":"product_brand","embeddable":true,"href":"https:\/\/higheasy.cn\/es\/wp-json\/wp\/v2\/product_brand?post=968"},{"taxonomy":"product_cat","embeddable":true,"href":"https:\/\/higheasy.cn\/es\/wp-json\/wp\/v2\/product_cat?post=968"},{"taxonomy":"product_tag","embeddable":true,"href":"https:\/\/higheasy.cn\/es\/wp-json\/wp\/v2\/product_tag?post=968"}],"curies":[{"name":"wp","href":"https:\/\/api.w.org\/{rel}","templated":true}]}}