{"id":966,"date":"2023-10-18T06:03:18","date_gmt":"2023-10-18T06:03:18","guid":{"rendered":"https:\/\/mediumturquoise-pheasant-889000.hostingersite.com\/?post_type=product&#038;p=966"},"modified":"2023-10-18T06:07:36","modified_gmt":"2023-10-18T06:07:36","slug":"3-in-1-white-coffee-powder-sachet-packing-machine-coffee-powder-production-line","status":"publish","type":"product","link":"https:\/\/higheasy.cn\/es\/producto\/3-in-1-white-coffee-powder-sachet-packing-machine-coffee-powder-production-line\/","title":{"rendered":"M\u00e1quina envasadora de bolsitas de caf\u00e9 en polvo con leche 3 en 1, l\u00ednea de producci\u00f3n de caf\u00e9 en polvo"},"content":{"rendered":"<h3 style=\"text-align: center;\">M\u00e1quina envasadora de bolsitas de caf\u00e9 en polvo con leche 3 en 1, l\u00ednea de producci\u00f3n de caf\u00e9 en polvo<\/h3>\n<p><img fetchpriority=\"high\" decoding=\"async\" class=\"aligncenter\" src=\"https:\/\/sc01.alicdn.com\/kf\/Hda9938748da54d2893aa6ce378af095fo\/222958773\/Hda9938748da54d2893aa6ce378af095fo.jpg\" alt=\"3 in 1  white coffee powder sachet packing machine coffee powder  production line\" width=\"393\" height=\"800\" data-src=\"\/\/sc01.alicdn.com\/kf\/Hda9938748da54d2893aa6ce378af095fo\/222958773\/Hda9938748da54d2893aa6ce378af095fo.jpg\" data-alt=\"3 in 1  white coffee powder sachet packing machine coffee powder  production line\" \/><\/p>\n<p>&nbsp;<\/p>\n<p style=\"text-align: center;\"><img decoding=\"async\" class=\"aligncenter\" src=\"https:\/\/sc02.alicdn.com\/kf\/Hd6a131c09dcf4ee880d3023f07ad5918E\/222958773\/Hd6a131c09dcf4ee880d3023f07ad5918E.jpg\" alt=\"3 in 1  white coffee powder sachet packing machine coffee powder  production line\" width=\"750\" height=\"562.5\" data-src=\"\/\/sc02.alicdn.com\/kf\/Hd6a131c09dcf4ee880d3023f07ad5918E\/222958773\/Hd6a131c09dcf4ee880d3023f07ad5918E.jpg\" data-alt=\"3 in 1  white coffee powder sachet packing machine coffee powder  production line\" \/>\u00a0<a>L\u00ednea de producci\u00f3n de leche de soja en polvo.<\/a><\/p>\n<p><img decoding=\"async\" class=\"aligncenter\" src=\"https:\/\/sc02.alicdn.com\/kf\/H165d92bcc3eb4cc29d464f6990a42d34j\/222958773\/H165d92bcc3eb4cc29d464f6990a42d34j.jpg\" alt=\"3 in 1  white coffee powder sachet packing machine coffee powder  production line\" width=\"750\" height=\"413.4375\" data-src=\"\/\/sc02.alicdn.com\/kf\/H165d92bcc3eb4cc29d464f6990a42d34j\/222958773\/H165d92bcc3eb4cc29d464f6990a42d34j.jpg\" data-alt=\"3 in 1  white coffee powder sachet packing machine coffee powder  production line\" \/><\/p>\n<p style=\"text-align: center;\">\u00a0<a>mini m\u00e1quinas de l\u00ednea de producci\u00f3n<\/a><\/p>\n<p><img decoding=\"async\" class=\"aligncenter\" src=\"https:\/\/sc02.alicdn.com\/kf\/Hc8ea4c8cde3745a7b889460af9b8cfcan\/222958773\/Hc8ea4c8cde3745a7b889460af9b8cfcan.jpg\" alt=\"3 in 1  white coffee powder sachet packing machine coffee powder  production line\" width=\"750\" height=\"425.625\" data-src=\"\/\/sc02.alicdn.com\/kf\/Hc8ea4c8cde3745a7b889460af9b8cfcan\/222958773\/Hc8ea4c8cde3745a7b889460af9b8cfcan.jpg\" data-alt=\"3 in 1  white coffee powder sachet packing machine coffee powder  production line\" \/><\/p>\n<p style=\"text-align: center;\">\u00a0<a>L\u00ednea de producci\u00f3n de patatas fritas.<\/a><\/p>\n<p style=\"text-align: center;\"><img decoding=\"async\" class=\"aligncenter\" src=\"https:\/\/sc01.alicdn.com\/kf\/Hb4b182732f484dc6bafaba8d0945bc8dw\/222958773\/Hb4b182732f484dc6bafaba8d0945bc8dw.png\" alt=\"3 in 1  white coffee powder sachet packing machine coffee powder  production line\" width=\"700\" height=\"700\" data-src=\"\/\/sc01.alicdn.com\/kf\/Hb4b182732f484dc6bafaba8d0945bc8dw\/222958773\/Hb4b182732f484dc6bafaba8d0945bc8dw.png\" data-alt=\"3 in 1  white coffee powder sachet packing machine coffee powder  production line\" \/><a>l\u00ednea de producci\u00f3n de arroz<\/a><\/p>\n<p style=\"text-align: center;\"><img decoding=\"async\" src=\"https:\/\/sc01.alicdn.com\/kf\/H600c2dee540d40c9b11bcb7be32844ael\/222958773\/H600c2dee540d40c9b11bcb7be32844ael.png\" alt=\"3 in 1  white coffee powder sachet packing machine coffee powder  production line\" width=\"647\" height=\"359\" data-src=\"\/\/sc01.alicdn.com\/kf\/H600c2dee540d40c9b11bcb7be32844ael\/222958773\/H600c2dee540d40c9b11bcb7be32844ael.png\" data-alt=\"3 in 1  white coffee powder sachet packing machine coffee powder  production line\" \/><\/p>\n<p style=\"text-align: center;\">\u00a0<a>l\u00ednea de producci\u00f3n de copos de ma\u00edz<\/a><\/p>\n<p style=\"text-align: center;\"><img loading=\"lazy\" decoding=\"async\" src=\"https:\/\/sc01.alicdn.com\/kf\/H35b9733c8f2d4397aa8e77bf26bec416u\/222958773\/H35b9733c8f2d4397aa8e77bf26bec416u.png\" alt=\"3 in 1  white coffee powder sachet packing machine coffee powder  production line\" width=\"641\" height=\"361\" data-src=\"\/\/sc01.alicdn.com\/kf\/H35b9733c8f2d4397aa8e77bf26bec416u\/222958773\/H35b9733c8f2d4397aa8e77bf26bec416u.png\" data-alt=\"3 in 1  white coffee powder sachet packing machine coffee powder  production line\" \/><\/p>\n<p style=\"text-align: center;\">\u00a0<a>coincide con la l\u00ednea de producci\u00f3n<\/a><\/p>\n<p style=\"text-align: center;\"><img loading=\"lazy\" decoding=\"async\" src=\"https:\/\/sc01.alicdn.com\/kf\/H00a1ed6c01dd4590b4f6f50da09273e8Q\/222958773\/H00a1ed6c01dd4590b4f6f50da09273e8Q.png\" alt=\"3 in 1  white coffee powder sachet packing machine coffee powder  production line\" width=\"723\" height=\"503\" data-src=\"\/\/sc01.alicdn.com\/kf\/H00a1ed6c01dd4590b4f6f50da09273e8Q\/222958773\/H00a1ed6c01dd4590b4f6f50da09273e8Q.png\" data-alt=\"3 in 1  white coffee powder sachet packing machine coffee powder  production line\" \/><\/p>\n<p style=\"text-align: center;\">\u00a0empaquetadora de caf\u00e9 en polvo<\/p>\n<p style=\"text-align: center;\"><img loading=\"lazy\" decoding=\"async\" src=\"https:\/\/sc01.alicdn.com\/kf\/H757eb78473a04ddcbfd7d9c7c03a92ceB\/222958773\/H757eb78473a04ddcbfd7d9c7c03a92ceB.png\" alt=\"3 in 1  white coffee powder sachet packing machine coffee powder  production line\" width=\"729\" height=\"505\" data-src=\"\/\/sc01.alicdn.com\/kf\/H757eb78473a04ddcbfd7d9c7c03a92ceB\/222958773\/H757eb78473a04ddcbfd7d9c7c03a92ceB.png\" data-alt=\"3 in 1  white coffee powder sachet packing machine coffee powder  production line\" \/><\/p>\n<p style=\"text-align: center;\">\u00a0<a>l\u00ednea de producci\u00f3n de patatas fritas;<\/a><a>l\u00ednea de producci\u00f3n de salsa;<\/a><a>l\u00ednea de producci\u00f3n de pasta corta;<\/a><a>l\u00ednea de producci\u00f3n de caramelos de toffee<\/a><\/p>\n<p><img loading=\"lazy\" decoding=\"async\" class=\"\" src=\"https:\/\/sc01.alicdn.com\/kf\/HTB1uMedP4TpK1RjSZFKq6y2wXXaY\/222958773\/HTB1uMedP4TpK1RjSZFKq6y2wXXaY.jpg\" alt=\"3 in 1  white coffee powder sachet packing machine coffee powder  production line\" width=\"1036\" height=\"87\" data-src=\"https:\/\/sc01.alicdn.com\/kf\/HTB1uMedP4TpK1RjSZFKq6y2wXXaY\/222958773\/HTB1uMedP4TpK1RjSZFKq6y2wXXaY.jpg\" data-alt=\"3 in 1  white coffee powder sachet packing machine coffee powder  production line\" \/><\/p>\n<p><strong>Operaci\u00f3n de la l\u00ednea de producci\u00f3n de m\u00e1quinas empacadoras de caf\u00e9 con leche 3 en 1:<\/strong><\/p>\n<p>Mezclado y agitaci\u00f3n autom\u00e1ticos \u2192 Elevaci\u00f3n autom\u00e1tica al barril de almacenamiento intermedio \u2192 Separado de cada m\u00e1quina vertical a trav\u00e9s del distribuidor de alimentaci\u00f3n de tornillo \u2192 M\u00e1quina envasadora vertical (corte continuo de paquetes)<\/p>\n<p><strong>Caracter\u00edsticas:<\/strong><\/p>\n<p>1. El bastidor de la m\u00e1quina est\u00e1 cubierto de acero inoxidable 304# y los materiales de contacto directo son acero inoxidable 316 o accesorios de tuber\u00eda de calidad alimentaria.2. Adopte tecnolog\u00eda de correcci\u00f3n de posicionamiento autom\u00e1tico de sellado y posicionamiento de pel\u00edcula de corte autom\u00e1tico para garantizar el borde de corte correcto. El sellado adopta una correcci\u00f3n de seguimiento ocular fotoel\u00e9ctrico y la pel\u00edcula de sellado adopta un patr\u00f3n de correcci\u00f3n de seguimiento ocular fotoel\u00e9ctrico. 3. Utilice control de temperatura para garantizar la calidad del sellado.<\/p>\n<p><img loading=\"lazy\" decoding=\"async\" class=\"alignnone wp-image-646\" src=\"http:\/\/higheasy.cn\/wp-content\/uploads\/2023\/07\/HTB1Lnd7QMHqK1RjSZFgq6y7JXXaU.jpg\" alt=\"higheasy\" width=\"1238\" height=\"1836\" srcset=\"https:\/\/higheasy.cn\/wp-content\/uploads\/2023\/07\/HTB1Lnd7QMHqK1RjSZFgq6y7JXXaU.jpg 750w, https:\/\/higheasy.cn\/wp-content\/uploads\/2023\/07\/HTB1Lnd7QMHqK1RjSZFgq6y7JXXaU-300x445.jpg 300w, https:\/\/higheasy.cn\/wp-content\/uploads\/2023\/07\/HTB1Lnd7QMHqK1RjSZFgq6y7JXXaU-202x300.jpg 202w, https:\/\/higheasy.cn\/wp-content\/uploads\/2023\/07\/HTB1Lnd7QMHqK1RjSZFgq6y7JXXaU-691x1024.jpg 691w\" sizes=\"(max-width: 1238px) 100vw, 1238px\" \/><\/p>\n<p>La empresa cuenta con un grupo de equipos profesionales de investigaci\u00f3n y desarrollo de tecnolog\u00eda y equipos de procesamiento avanzados, y una serie de patentes de invenci\u00f3n. La compa\u00f1\u00eda produce una amplia variedad de maquinaria de embalaje, los principales productos son: m\u00e1quina de formado, llenado y sellado vertical (VFFS), m\u00e1quina de envasado tipo barra, m\u00e1quina de envasado de polvo, m\u00e1quina de envasado de l\u00edquidos y serie de pesadoras multicabezal, que se utilizan ampliamente en alimentos, productos qu\u00edmicos y bebidas. , productos agr\u00edcolas, juguetes y embalaje en productos industriales y otras industrias, los productos se exportan a todo el mundo y han obtenido agentes de marketing profesionales en muchos pa\u00edses y regiones. Los productos y servicios han sido reconocidos y elogiados un\u00e1nimemente por los clientes.<\/p>\n<p><img loading=\"lazy\" decoding=\"async\" class=\"alignnone size-full wp-image-662\" src=\"http:\/\/higheasy.cn\/wp-content\/uploads\/2023\/07\/5.jpg\" alt=\"small yogurt production line\" width=\"1200\" height=\"604\" srcset=\"https:\/\/higheasy.cn\/wp-content\/uploads\/2023\/07\/5.jpg 1200w, https:\/\/higheasy.cn\/wp-content\/uploads\/2023\/07\/5-300x151.jpg 300w, https:\/\/higheasy.cn\/wp-content\/uploads\/2023\/07\/5-1024x515.jpg 1024w, https:\/\/higheasy.cn\/wp-content\/uploads\/2023\/07\/5-768x387.jpg 768w\" sizes=\"(max-width: 1200px) 100vw, 1200px\" \/><\/p>","protected":false},"excerpt":{"rendered":"<p>M\u00e1quina envasadora de bolsitas de caf\u00e9 en polvo blanco 3 en 1, l\u00ednea de producci\u00f3n de caf\u00e9 en polvo, l\u00ednea de producci\u00f3n de leche de soja en polvo, mini m\u00e1quinas de l\u00ednea de producci\u00f3n, l\u00ednea de producci\u00f3n de patatas fritas, l\u00ednea de producci\u00f3n de arroz, l\u00ednea de producci\u00f3n de copos de ma\u00edz, l\u00ednea de producci\u00f3n de cerillas, m\u00e1quina envasadora de caf\u00e9 en polvo, l\u00ednea de producci\u00f3n de patatas fritas, l\u00ednea de producci\u00f3n de salsas, l\u00ednea de producci\u00f3n de pasta corta, l\u00ednea de producci\u00f3n de caramelos de toffee 3 en 1 [\u2026]<\/p>","protected":false},"featured_media":967,"template":"","meta":{"site-sidebar-layout":"default","site-content-layout":"default","ast-site-content-layout":"default","site-content-style":"default","site-sidebar-style":"default","ast-global-header-display":"","ast-banner-title-visibility":"","ast-main-header-display":"","ast-hfb-above-header-display":"","ast-hfb-below-header-display":"","ast-hfb-mobile-header-display":"","site-post-title":"","ast-breadcrumbs-content":"","ast-featured-img":"","footer-sml-layout":"","theme-transparent-header-meta":"default","adv-header-id-meta":"","stick-header-meta":"","header-above-stick-meta":"","header-main-stick-meta":"","header-below-stick-meta":"","astra-migrate-meta-layouts":"set","ast-page-background-enabled":"default","ast-page-background-meta":{"desktop":{"background-color":"","background-image":"","background-repeat":"repeat","background-position":"center center","background-size":"auto","background-attachment":"scroll","background-type":"","background-media":"","overlay-type":"","overlay-color":"","overlay-opacity":"","overlay-gradient":""},"tablet":{"background-color":"","background-image":"","background-repeat":"repeat","background-position":"center center","background-size":"auto","background-attachment":"scroll","background-type":"","background-media":"","overlay-type":"","overlay-color":"","overlay-opacity":"","overlay-gradient":""},"mobile":{"background-color":"","background-image":"","background-repeat":"repeat","background-position":"center center","background-size":"auto","background-attachment":"scroll","background-type":"","background-media":"","overlay-type":"","overlay-color":"","overlay-opacity":"","overlay-gradient":""}},"ast-content-background-meta":{"desktop":{"background-color":"var(--ast-global-color-5)","background-image":"","background-repeat":"repeat","background-position":"center center","background-size":"auto","background-attachment":"scroll","background-type":"","background-media":"","overlay-type":"","overlay-color":"","overlay-opacity":"","overlay-gradient":""},"tablet":{"background-color":"var(--ast-global-color-5)","background-image":"","background-repeat":"repeat","background-position":"center center","background-size":"auto","background-attachment":"scroll","background-type":"","background-media":"","overlay-type":"","overlay-color":"","overlay-opacity":"","overlay-gradient":""},"mobile":{"background-color":"var(--ast-global-color-5)","background-image":"","background-repeat":"repeat","background-position":"center center","background-size":"auto","background-attachment":"scroll","background-type":"","background-media":"","overlay-type":"","overlay-color":"","overlay-opacity":"","overlay-gradient":""}}},"product_brand":[],"product_cat":[36,27],"product_tag":[],"class_list":{"0":"post-966","1":"product","2":"type-product","3":"status-publish","4":"has-post-thumbnail","6":"product_cat-horizontal-packing-machine","7":"product_cat-production-line","8":"desktop-align-left","9":"tablet-align-left","10":"mobile-align-left","12":"first","13":"instock","14":"shipping-taxable","15":"product-type-simple"},"_links":{"self":[{"href":"https:\/\/higheasy.cn\/es\/wp-json\/wp\/v2\/product\/966","targetHints":{"allow":["GET"]}}],"collection":[{"href":"https:\/\/higheasy.cn\/es\/wp-json\/wp\/v2\/product"}],"about":[{"href":"https:\/\/higheasy.cn\/es\/wp-json\/wp\/v2\/types\/product"}],"wp:featuredmedia":[{"embeddable":true,"href":"https:\/\/higheasy.cn\/es\/wp-json\/wp\/v2\/media\/967"}],"wp:attachment":[{"href":"https:\/\/higheasy.cn\/es\/wp-json\/wp\/v2\/media?parent=966"}],"wp:term":[{"taxonomy":"product_brand","embeddable":true,"href":"https:\/\/higheasy.cn\/es\/wp-json\/wp\/v2\/product_brand?post=966"},{"taxonomy":"product_cat","embeddable":true,"href":"https:\/\/higheasy.cn\/es\/wp-json\/wp\/v2\/product_cat?post=966"},{"taxonomy":"product_tag","embeddable":true,"href":"https:\/\/higheasy.cn\/es\/wp-json\/wp\/v2\/product_tag?post=966"}],"curies":[{"name":"wp","href":"https:\/\/api.w.org\/{rel}","templated":true}]}}