{"id":803,"date":"2023-08-02T10:24:29","date_gmt":"2023-08-02T10:24:29","guid":{"rendered":"https:\/\/mediumturquoise-pheasant-889000.hostingersite.com\/?post_type=product&#038;p=803"},"modified":"2023-10-12T13:36:37","modified_gmt":"2023-10-12T13:36:37","slug":"factory-price-automatic-bottle-filling-machine-filling-line-for-detergent-honey-yogurt-juice-sauce","status":"publish","type":"product","link":"https:\/\/higheasy.cn\/es\/producto\/factory-price-automatic-bottle-filling-machine-filling-line-for-detergent-honey-yogurt-juice-sauce\/","title":{"rendered":"M\u00e1quina envasadora autom\u00e1tica de llenado de botellas"},"content":{"rendered":"<p><img fetchpriority=\"high\" decoding=\"async\" class=\"\" style=\"font-style: inherit; font-weight: inherit;\" src=\"https:\/\/sc04.alicdn.com\/kf\/Hf51fb5a8e8714204b585043b0541f1caa\/222958773\/Hf51fb5a8e8714204b585043b0541f1caa.jpg\" alt=\"Factory  price automatic bottle filling machine filling  line for detergent honey yogurt juice sauce\" width=\"1603\" height=\"1203\" data-src=\"\/\/sc04.alicdn.com\/kf\/Hf51fb5a8e8714204b585043b0541f1caa\/222958773\/Hf51fb5a8e8714204b585043b0541f1caa.jpg\" data-alt=\"Factory  price automatic bottle filling machine filling  line for detergent honey yogurt juice sauce\" \/><img decoding=\"async\" class=\"\" style=\"font-style: inherit; font-weight: inherit;\" src=\"https:\/\/sc04.alicdn.com\/kf\/H6f877e5fea0b4c97bfbd145aadb29c46a\/222958773\/H6f877e5fea0b4c97bfbd145aadb29c46a.jpg\" alt=\"Factory  price automatic bottle filling machine filling  line for detergent honey yogurt juice sauce\" width=\"1330\" height=\"1773\" data-src=\"\/\/sc04.alicdn.com\/kf\/H6f877e5fea0b4c97bfbd145aadb29c46a\/222958773\/H6f877e5fea0b4c97bfbd145aadb29c46a.jpg\" data-alt=\"Factory  price automatic bottle filling machine filling  line for detergent honey yogurt juice sauce\" data-spm-anchor-id=\"a2700.details.0.i32.1e03ae6dqqCUFX\" \/><img decoding=\"async\" class=\"\" style=\"font-style: inherit; font-weight: inherit;\" src=\"https:\/\/sc04.alicdn.com\/kf\/H97e717064d4c43ed90f5978f7e853f30l\/222958773\/H97e717064d4c43ed90f5978f7e853f30l.jpg\" alt=\"Factory  price automatic bottle filling machine filling  line for detergent honey yogurt juice sauce\" width=\"1278\" height=\"959\" data-src=\"\/\/sc04.alicdn.com\/kf\/H97e717064d4c43ed90f5978f7e853f30l\/222958773\/H97e717064d4c43ed90f5978f7e853f30l.jpg\" data-alt=\"Factory  price automatic bottle filling machine filling  line for detergent honey yogurt juice sauce\" \/><img loading=\"lazy\" decoding=\"async\" class=\"\" style=\"font-style: inherit; font-weight: inherit;\" src=\"https:\/\/sc04.alicdn.com\/kf\/Hb00b6abcf9994cb1a52f226a921a9416S\/222958773\/Hb00b6abcf9994cb1a52f226a921a9416S.jpg\" alt=\"Factory  price automatic bottle filling machine filling  line for detergent honey yogurt juice sauce\" width=\"1270\" height=\"953\" data-src=\"\/\/sc04.alicdn.com\/kf\/Hb00b6abcf9994cb1a52f226a921a9416S\/222958773\/Hb00b6abcf9994cb1a52f226a921a9416S.jpg\" data-alt=\"Factory  price automatic bottle filling machine filling  line for detergent honey yogurt juice sauce\" \/><\/p>\n<p><img loading=\"lazy\" decoding=\"async\" class=\"alignnone  wp-image-804\" src=\"http:\/\/higheasy.cn\/wp-content\/uploads\/2023\/08\/H6f9dcde32ce84df4bb76de712a19faf6H.jpg\" alt=\"Factory price automatic bottle filling machine filling line\" width=\"1351\" height=\"1195\" srcset=\"https:\/\/higheasy.cn\/wp-content\/uploads\/2023\/08\/H6f9dcde32ce84df4bb76de712a19faf6H.jpg 808w, https:\/\/higheasy.cn\/wp-content\/uploads\/2023\/08\/H6f9dcde32ce84df4bb76de712a19faf6H-300x265.jpg 300w, https:\/\/higheasy.cn\/wp-content\/uploads\/2023\/08\/H6f9dcde32ce84df4bb76de712a19faf6H-768x680.jpg 768w\" sizes=\"(max-width: 1351px) 100vw, 1351px\" \/><\/p>\n<p><strong><span data-spm-anchor-id=\"a2700.details.0.i36.1e03ae6dqqCUFX\">Solicitud:<\/span><\/strong><\/p>\n<p><span data-spm-anchor-id=\"a2700.details.0.i34.1e03ae6dqqCUFX\">Se utiliza para el llenado automatizado de l\u00edquido\/pasta como jugo\/miel\/salsa\/aceite\/champ\u00fa\/detergente, etc. en varias formas de botellas de vidrio o pl\u00e1stico.\u00a0<\/span><\/p>\n<p><strong>Caracter\u00edstica:\u00a0<\/strong><\/p>\n<p>Toda la l\u00ednea tiene un alto nivel de automatizaci\u00f3n, solo se necesitan de 2 a 3 personas para completar una producci\u00f3n diaria de 1,5 a 2 millones de botellas.<\/p>\n<p><strong>El flujo de proceso que incluye toda la l\u00ednea de producci\u00f3n:\u00a0<\/strong><\/p>\n<p>Clasificaci\u00f3n autom\u00e1tica de botellas \u2192 llenado autom\u00e1tico \u2192 sellado\/tapado autom\u00e1tico \u2192 etiquetado autom\u00e1tico \u2192 pel\u00edcula retr\u00e1ctil autom\u00e1tica \u2192 codificaci\u00f3n autom\u00e1tica de fecha \u2192 recolecci\u00f3n autom\u00e1tica de botellas<\/p>\n<p><strong>Dispositivo de llenado flexible<\/strong><\/p>\n<p>Bas\u00e1ndose en diferentes materiales, adopte diferentes formas de dispositivo de alimentaci\u00f3n, como bomba de pist\u00f3n, vaso volum\u00e9trico, pesadora de cabezales m\u00faltiples, cuchar\u00f3n con puntas, dispositivo de conteo de tabletas, tornillo, etc.<\/p>\n<table border=\"0\" cellspacing=\"0\">\n<tbody>\n<tr>\n<td valign=\"center\" width=\"131\" data-spm-anchor-id=\"a2700.details.0.i37.1e03ae6dqqCUFX\">\n<p align=\"center\">Tipo de botella<\/p>\n<\/td>\n<td valign=\"center\" width=\"499\">\n<p align=\"justify\">\u00a0 Botella de vidrio, botella de pl\u00e1stico, botella de papel, etc.<\/p>\n<\/td>\n<\/tr>\n<tr>\n<td valign=\"center\" width=\"131\">\u00a0rango de llenado<\/td>\n<td valign=\"center\" width=\"499\">\n<p align=\"center\">10-50ml, 100-500ml, 500ml-2L, 1L-10L (personalizado)<\/p>\n<\/td>\n<\/tr>\n<tr>\n<td valign=\"center\" width=\"131\">\n<p align=\"center\">Precisi\u00f3n de llenado<\/p>\n<\/td>\n<td valign=\"center\" width=\"499\">\n<p align=\"center\"><strong>\u00b1<\/strong>0.5%-1.5% (depende del material y el volumen)<\/p>\n<\/td>\n<\/tr>\n<tr>\n<td valign=\"center\" width=\"131\">\n<p align=\"center\">Capacidad de producci\u00f3n<\/p>\n<\/td>\n<td valign=\"center\" width=\"499\">\n<p align=\"center\">600-10000 botellas\/hora (personalizado)<\/p>\n<\/td>\n<\/tr>\n<\/tbody>\n<\/table>\n<div id=\"ali-anchor-AliPostDhMb-b9pdk\" class=\"mceSectionContainer\" data-section=\"AliPostDhMb-b9pdk\" data-section-title=\"Production speed\"><\/div>\n<p><img loading=\"lazy\" decoding=\"async\" class=\"alignnone wp-image-646\" src=\"http:\/\/higheasy.cn\/wp-content\/uploads\/2023\/07\/HTB1Lnd7QMHqK1RjSZFgq6y7JXXaU.jpg\" alt=\"higheasy\" width=\"1238\" height=\"1836\" srcset=\"https:\/\/higheasy.cn\/wp-content\/uploads\/2023\/07\/HTB1Lnd7QMHqK1RjSZFgq6y7JXXaU.jpg 750w, https:\/\/higheasy.cn\/wp-content\/uploads\/2023\/07\/HTB1Lnd7QMHqK1RjSZFgq6y7JXXaU-300x445.jpg 300w, https:\/\/higheasy.cn\/wp-content\/uploads\/2023\/07\/HTB1Lnd7QMHqK1RjSZFgq6y7JXXaU-202x300.jpg 202w, https:\/\/higheasy.cn\/wp-content\/uploads\/2023\/07\/HTB1Lnd7QMHqK1RjSZFgq6y7JXXaU-691x1024.jpg 691w\" sizes=\"(max-width: 1238px) 100vw, 1238px\" \/><\/p>\n<p>La empresa cuenta con un grupo de equipos profesionales de investigaci\u00f3n y desarrollo de tecnolog\u00eda y equipos de procesamiento avanzados, y una serie de patentes de invenci\u00f3n. La compa\u00f1\u00eda produce una amplia variedad de maquinaria de embalaje, los principales productos son: m\u00e1quina de formado, llenado y sellado vertical (VFFS), m\u00e1quina de envasado tipo barra, m\u00e1quina de envasado de polvo, m\u00e1quina de envasado de l\u00edquidos y serie de pesadoras multicabezal, que se utilizan ampliamente en alimentos, productos qu\u00edmicos y bebidas. , productos agr\u00edcolas, juguetes y embalaje en productos industriales y otras industrias, los productos se exportan a todo el mundo y han obtenido agentes de marketing profesionales en muchos pa\u00edses y regiones. Los productos y servicios han sido reconocidos y elogiados un\u00e1nimemente por los clientes.<\/p>\n<p><img loading=\"lazy\" decoding=\"async\" class=\"alignnone size-full wp-image-662\" src=\"http:\/\/higheasy.cn\/wp-content\/uploads\/2023\/07\/5.jpg\" alt=\"small yogurt production line\" width=\"1200\" height=\"604\" srcset=\"https:\/\/higheasy.cn\/wp-content\/uploads\/2023\/07\/5.jpg 1200w, https:\/\/higheasy.cn\/wp-content\/uploads\/2023\/07\/5-300x151.jpg 300w, https:\/\/higheasy.cn\/wp-content\/uploads\/2023\/07\/5-1024x515.jpg 1024w, https:\/\/higheasy.cn\/wp-content\/uploads\/2023\/07\/5-768x387.jpg 768w\" sizes=\"(max-width: 1200px) 100vw, 1200px\" \/><\/p>","protected":false},"excerpt":{"rendered":"<p>Application: It is used for the automated filling liquid\/ paste such as juice\/ honey\/sauce\/oil\/shampoo\/ detergent etc into\u00a0 various shapes of glass or plastic bottles.\u00a0 Feature:\u00a0 The entire line has high level of automation, only need 2-3 people can complete a daily production 1.5-2million bottles. The process flow that the entire production line includes:\u00a0 Auto bottle [&hellip;]<\/p>","protected":false},"featured_media":805,"template":"","meta":{"site-sidebar-layout":"default","site-content-layout":"default","ast-site-content-layout":"","site-content-style":"default","site-sidebar-style":"default","ast-global-header-display":"","ast-banner-title-visibility":"","ast-main-header-display":"","ast-hfb-above-header-display":"","ast-hfb-below-header-display":"","ast-hfb-mobile-header-display":"","site-post-title":"","ast-breadcrumbs-content":"","ast-featured-img":"","footer-sml-layout":"","theme-transparent-header-meta":"default","adv-header-id-meta":"","stick-header-meta":"","header-above-stick-meta":"","header-main-stick-meta":"","header-below-stick-meta":"","astra-migrate-meta-layouts":"default","ast-page-background-enabled":"default","ast-page-background-meta":{"desktop":{"background-color":"","background-image":"","background-repeat":"repeat","background-position":"center center","background-size":"auto","background-attachment":"scroll","background-type":"","background-media":"","overlay-type":"","overlay-color":"","overlay-opacity":"","overlay-gradient":""},"tablet":{"background-color":"","background-image":"","background-repeat":"repeat","background-position":"center center","background-size":"auto","background-attachment":"scroll","background-type":"","background-media":"","overlay-type":"","overlay-color":"","overlay-opacity":"","overlay-gradient":""},"mobile":{"background-color":"","background-image":"","background-repeat":"repeat","background-position":"center center","background-size":"auto","background-attachment":"scroll","background-type":"","background-media":"","overlay-type":"","overlay-color":"","overlay-opacity":"","overlay-gradient":""}},"ast-content-background-meta":{"desktop":{"background-color":"var(--ast-global-color-5)","background-image":"","background-repeat":"repeat","background-position":"center center","background-size":"auto","background-attachment":"scroll","background-type":"","background-media":"","overlay-type":"","overlay-color":"","overlay-opacity":"","overlay-gradient":""},"tablet":{"background-color":"var(--ast-global-color-5)","background-image":"","background-repeat":"repeat","background-position":"center center","background-size":"auto","background-attachment":"scroll","background-type":"","background-media":"","overlay-type":"","overlay-color":"","overlay-opacity":"","overlay-gradient":""},"mobile":{"background-color":"var(--ast-global-color-5)","background-image":"","background-repeat":"repeat","background-position":"center center","background-size":"auto","background-attachment":"scroll","background-type":"","background-media":"","overlay-type":"","overlay-color":"","overlay-opacity":"","overlay-gradient":""}}},"product_brand":[],"product_cat":[22,38],"product_tag":[],"class_list":{"0":"post-803","1":"product","2":"type-product","3":"status-publish","4":"has-post-thumbnail","6":"product_cat-hot-products","7":"product_cat-bottle-filling-sealing-machine","8":"desktop-align-left","9":"tablet-align-left","10":"mobile-align-left","12":"first","13":"instock","14":"shipping-taxable","15":"product-type-simple"},"_links":{"self":[{"href":"https:\/\/higheasy.cn\/es\/wp-json\/wp\/v2\/product\/803","targetHints":{"allow":["GET"]}}],"collection":[{"href":"https:\/\/higheasy.cn\/es\/wp-json\/wp\/v2\/product"}],"about":[{"href":"https:\/\/higheasy.cn\/es\/wp-json\/wp\/v2\/types\/product"}],"wp:featuredmedia":[{"embeddable":true,"href":"https:\/\/higheasy.cn\/es\/wp-json\/wp\/v2\/media\/805"}],"wp:attachment":[{"href":"https:\/\/higheasy.cn\/es\/wp-json\/wp\/v2\/media?parent=803"}],"wp:term":[{"taxonomy":"product_brand","embeddable":true,"href":"https:\/\/higheasy.cn\/es\/wp-json\/wp\/v2\/product_brand?post=803"},{"taxonomy":"product_cat","embeddable":true,"href":"https:\/\/higheasy.cn\/es\/wp-json\/wp\/v2\/product_cat?post=803"},{"taxonomy":"product_tag","embeddable":true,"href":"https:\/\/higheasy.cn\/es\/wp-json\/wp\/v2\/product_tag?post=803"}],"curies":[{"name":"wp","href":"https:\/\/api.w.org\/{rel}","templated":true}]}}