{"id":671,"date":"2023-07-25T04:34:13","date_gmt":"2023-07-25T04:34:13","guid":{"rendered":"https:\/\/mediumturquoise-pheasant-889000.hostingersite.com\/?post_type=product&#038;p=671"},"modified":"2023-10-12T13:41:31","modified_gmt":"2023-10-12T13:41:31","slug":"automatic-metal-box-aluminium-container-single-foil-lid-filling-sealing-machine-map-machine","status":"publish","type":"product","link":"https:\/\/higheasy.cn\/es\/producto\/automatic-metal-box-aluminium-container-single-foil-lid-filling-sealing-machine-map-machine\/","title":{"rendered":"M\u00e1quina autom\u00e1tica de llenado y sellado de cajas de metal"},"content":{"rendered":"<p>&nbsp;<\/p>\n<p><img fetchpriority=\"high\" decoding=\"async\" class=\"alignnone size-full wp-image-675\" src=\"http:\/\/higheasy.cn\/wp-content\/uploads\/2023\/07\/H21e1be8d36a04ea7a690e402e69bb9c26.jpg\" alt=\"Automatic metal box aluminium container single foil lid filling sealing machine MAP machine\" width=\"1706\" height=\"1280\" srcset=\"https:\/\/higheasy.cn\/wp-content\/uploads\/2023\/07\/H21e1be8d36a04ea7a690e402e69bb9c26.jpg 1706w, https:\/\/higheasy.cn\/wp-content\/uploads\/2023\/07\/H21e1be8d36a04ea7a690e402e69bb9c26-300x225.jpg 300w, https:\/\/higheasy.cn\/wp-content\/uploads\/2023\/07\/H21e1be8d36a04ea7a690e402e69bb9c26-1024x768.jpg 1024w, https:\/\/higheasy.cn\/wp-content\/uploads\/2023\/07\/H21e1be8d36a04ea7a690e402e69bb9c26-768x576.jpg 768w, https:\/\/higheasy.cn\/wp-content\/uploads\/2023\/07\/H21e1be8d36a04ea7a690e402e69bb9c26-1536x1152.jpg 1536w\" sizes=\"(max-width: 1706px) 100vw, 1706px\" \/> <img decoding=\"async\" class=\"alignnone size-full wp-image-674\" src=\"http:\/\/higheasy.cn\/wp-content\/uploads\/2023\/07\/H17fc1ba1675a49a7882ebe6d4e0afc14C.jpg\" alt=\"Automatic metal box aluminium container single foil lid filling sealing machine MAP machine\" width=\"1706\" height=\"1280\" srcset=\"https:\/\/higheasy.cn\/wp-content\/uploads\/2023\/07\/H17fc1ba1675a49a7882ebe6d4e0afc14C.jpg 1706w, https:\/\/higheasy.cn\/wp-content\/uploads\/2023\/07\/H17fc1ba1675a49a7882ebe6d4e0afc14C-300x225.jpg 300w, https:\/\/higheasy.cn\/wp-content\/uploads\/2023\/07\/H17fc1ba1675a49a7882ebe6d4e0afc14C-1024x768.jpg 1024w, https:\/\/higheasy.cn\/wp-content\/uploads\/2023\/07\/H17fc1ba1675a49a7882ebe6d4e0afc14C-768x576.jpg 768w, https:\/\/higheasy.cn\/wp-content\/uploads\/2023\/07\/H17fc1ba1675a49a7882ebe6d4e0afc14C-1536x1152.jpg 1536w\" sizes=\"(max-width: 1706px) 100vw, 1706px\" \/> <img decoding=\"async\" class=\"alignnone size-full wp-image-673\" src=\"http:\/\/higheasy.cn\/wp-content\/uploads\/2023\/07\/H0e4c17316a1943b3b99891a343dfb46cp.jpg\" alt=\"Automatic metal box aluminium container single foil lid filling sealing machine MAP machine\" width=\"1706\" height=\"1280\" srcset=\"https:\/\/higheasy.cn\/wp-content\/uploads\/2023\/07\/H0e4c17316a1943b3b99891a343dfb46cp.jpg 1706w, https:\/\/higheasy.cn\/wp-content\/uploads\/2023\/07\/H0e4c17316a1943b3b99891a343dfb46cp-300x225.jpg 300w, https:\/\/higheasy.cn\/wp-content\/uploads\/2023\/07\/H0e4c17316a1943b3b99891a343dfb46cp-1024x768.jpg 1024w, https:\/\/higheasy.cn\/wp-content\/uploads\/2023\/07\/H0e4c17316a1943b3b99891a343dfb46cp-768x576.jpg 768w, https:\/\/higheasy.cn\/wp-content\/uploads\/2023\/07\/H0e4c17316a1943b3b99891a343dfb46cp-1536x1152.jpg 1536w\" sizes=\"(max-width: 1706px) 100vw, 1706px\" \/> <img loading=\"lazy\" decoding=\"async\" class=\"alignnone wp-image-672\" src=\"http:\/\/higheasy.cn\/wp-content\/uploads\/2023\/07\/H0dd1c3abe8f148b1ae9f7d167c7971a1W.jpg\" alt=\"Automatic metal box aluminium container single foil lid filling sealing machine MAP machine\" width=\"1385\" height=\"1385\" srcset=\"https:\/\/higheasy.cn\/wp-content\/uploads\/2023\/07\/H0dd1c3abe8f148b1ae9f7d167c7971a1W.jpg 960w, https:\/\/higheasy.cn\/wp-content\/uploads\/2023\/07\/H0dd1c3abe8f148b1ae9f7d167c7971a1W-300x300.jpg 300w, https:\/\/higheasy.cn\/wp-content\/uploads\/2023\/07\/H0dd1c3abe8f148b1ae9f7d167c7971a1W-100x100.jpg 100w, https:\/\/higheasy.cn\/wp-content\/uploads\/2023\/07\/H0dd1c3abe8f148b1ae9f7d167c7971a1W-150x150.jpg 150w, https:\/\/higheasy.cn\/wp-content\/uploads\/2023\/07\/H0dd1c3abe8f148b1ae9f7d167c7971a1W-768x768.jpg 768w\" sizes=\"(max-width: 1385px) 100vw, 1385px\" \/><\/p>\n<div id=\"ali-anchor-AliPostDhMb-ul5f4\" class=\"mceSectionContainer\" data-section=\"AliPostDhMb-ul5f4\" data-section-title=\"Applications\">\n<h3>Aplicaciones:<\/h3>\n<\/div>\n<p>Esta m\u00e1quina es adecuada para llenar y sellar cajas de hojalata, cajas de alimentos de aluminio o pl\u00e1stico con tapa de l\u00e1mina simple.<\/p>\n<div id=\"ali-anchor-AliPostDhMb-b9pdk\" class=\"mceSectionContainer\" data-section=\"AliPostDhMb-b9pdk\" data-section-title=\"Production speed\"><\/div>\n<h3><span data-spm-anchor-id=\"a2700.details.0.i55.5efa722ejggCcN\">Caracter\u00edstica funcional:\u00a0<\/span><\/h3>\n<p>* Servomotor Adpot para transmisi\u00f3n de la m\u00e1quina y inmersi\u00f3n y sellado de una sola tapa, la m\u00e1quina funciona de manera m\u00e1s estable<\/p>\n<p>* Se reforz\u00f3 la resistencia del sellado de las cajas met\u00e1licas para alimentos para soportar una esterilizaci\u00f3n a alta temperatura de 121 \u00b0C.<\/p>\n<p>* Adoptar vac\u00edo y rendimiento de intercambio de aire modificado<\/p>\n<h3><strong>Velocidad de embalaje:\u00a0<\/strong><\/h3>\n<p>Con vac\u00edo: 2000 cajas\/hora<\/p>\n<p>sin vac\u00edo: 3000-4000box\/hora<\/p>\n<p><img loading=\"lazy\" decoding=\"async\" class=\"alignnone wp-image-646\" src=\"http:\/\/higheasy.cn\/wp-content\/uploads\/2023\/07\/HTB1Lnd7QMHqK1RjSZFgq6y7JXXaU.jpg\" alt=\"higheasy\" width=\"1238\" height=\"1836\" srcset=\"https:\/\/higheasy.cn\/wp-content\/uploads\/2023\/07\/HTB1Lnd7QMHqK1RjSZFgq6y7JXXaU.jpg 750w, https:\/\/higheasy.cn\/wp-content\/uploads\/2023\/07\/HTB1Lnd7QMHqK1RjSZFgq6y7JXXaU-300x445.jpg 300w, https:\/\/higheasy.cn\/wp-content\/uploads\/2023\/07\/HTB1Lnd7QMHqK1RjSZFgq6y7JXXaU-202x300.jpg 202w, https:\/\/higheasy.cn\/wp-content\/uploads\/2023\/07\/HTB1Lnd7QMHqK1RjSZFgq6y7JXXaU-691x1024.jpg 691w\" sizes=\"(max-width: 1238px) 100vw, 1238px\" \/><\/p>\n<p>La empresa cuenta con un grupo de equipos profesionales de investigaci\u00f3n y desarrollo de tecnolog\u00eda y equipos de procesamiento avanzados, y una serie de patentes de invenci\u00f3n. La compa\u00f1\u00eda produce una amplia variedad de maquinaria de embalaje, los principales productos son: m\u00e1quina de formado, llenado y sellado vertical (VFFS), m\u00e1quina de envasado tipo barra, m\u00e1quina de envasado de polvo, m\u00e1quina de envasado de l\u00edquidos y serie de pesadoras multicabezal, que se utilizan ampliamente en alimentos, productos qu\u00edmicos y bebidas. , productos agr\u00edcolas, juguetes y embalaje en productos industriales y otras industrias, los productos se exportan a todo el mundo y han obtenido agentes de marketing profesionales en muchos pa\u00edses y regiones. Los productos y servicios han sido reconocidos y elogiados un\u00e1nimemente por los clientes.<\/p>\n<p><img loading=\"lazy\" decoding=\"async\" class=\"alignnone size-full wp-image-662\" src=\"http:\/\/higheasy.cn\/wp-content\/uploads\/2023\/07\/5.jpg\" alt=\"small yogurt production line\" width=\"1200\" height=\"604\" srcset=\"https:\/\/higheasy.cn\/wp-content\/uploads\/2023\/07\/5.jpg 1200w, https:\/\/higheasy.cn\/wp-content\/uploads\/2023\/07\/5-300x151.jpg 300w, https:\/\/higheasy.cn\/wp-content\/uploads\/2023\/07\/5-1024x515.jpg 1024w, https:\/\/higheasy.cn\/wp-content\/uploads\/2023\/07\/5-768x387.jpg 768w\" sizes=\"(max-width: 1200px) 100vw, 1200px\" \/><\/p>","protected":false},"excerpt":{"rendered":"<p>&nbsp; Applications: This machine It is suitable to fill and seal tin box, aluminium or plastic food box with single foil lid Functional feature:\u00a0 *Adpot servo motor for machine transimission and single lid dipense and sealing, the machine runs more stable * Reinforced the sealing strength for metal food box to bear 121\u00b0c high temperature [&hellip;]<\/p>","protected":false},"featured_media":678,"template":"","meta":{"site-sidebar-layout":"default","site-content-layout":"default","ast-site-content-layout":"","site-content-style":"default","site-sidebar-style":"default","ast-global-header-display":"","ast-banner-title-visibility":"","ast-main-header-display":"","ast-hfb-above-header-display":"","ast-hfb-below-header-display":"","ast-hfb-mobile-header-display":"","site-post-title":"","ast-breadcrumbs-content":"","ast-featured-img":"","footer-sml-layout":"","theme-transparent-header-meta":"default","adv-header-id-meta":"","stick-header-meta":"","header-above-stick-meta":"","header-main-stick-meta":"","header-below-stick-meta":"","astra-migrate-meta-layouts":"default","ast-page-background-enabled":"default","ast-page-background-meta":{"desktop":{"background-color":"","background-image":"","background-repeat":"repeat","background-position":"center center","background-size":"auto","background-attachment":"scroll","background-type":"","background-media":"","overlay-type":"","overlay-color":"","overlay-opacity":"","overlay-gradient":""},"tablet":{"background-color":"","background-image":"","background-repeat":"repeat","background-position":"center center","background-size":"auto","background-attachment":"scroll","background-type":"","background-media":"","overlay-type":"","overlay-color":"","overlay-opacity":"","overlay-gradient":""},"mobile":{"background-color":"","background-image":"","background-repeat":"repeat","background-position":"center center","background-size":"auto","background-attachment":"scroll","background-type":"","background-media":"","overlay-type":"","overlay-color":"","overlay-opacity":"","overlay-gradient":""}},"ast-content-background-meta":{"desktop":{"background-color":"var(--ast-global-color-5)","background-image":"","background-repeat":"repeat","background-position":"center center","background-size":"auto","background-attachment":"scroll","background-type":"","background-media":"","overlay-type":"","overlay-color":"","overlay-opacity":"","overlay-gradient":""},"tablet":{"background-color":"var(--ast-global-color-5)","background-image":"","background-repeat":"repeat","background-position":"center center","background-size":"auto","background-attachment":"scroll","background-type":"","background-media":"","overlay-type":"","overlay-color":"","overlay-opacity":"","overlay-gradient":""},"mobile":{"background-color":"var(--ast-global-color-5)","background-image":"","background-repeat":"repeat","background-position":"center center","background-size":"auto","background-attachment":"scroll","background-type":"","background-media":"","overlay-type":"","overlay-color":"","overlay-opacity":"","overlay-gradient":""}}},"product_brand":[],"product_cat":[22,37],"product_tag":[],"class_list":{"0":"post-671","1":"product","2":"type-product","3":"status-publish","4":"has-post-thumbnail","6":"product_cat-hot-products","7":"product_cat-semi-auto-cup-tray-filling-sealing-machine","8":"desktop-align-left","9":"tablet-align-left","10":"mobile-align-left","12":"first","13":"instock","14":"shipping-taxable","15":"product-type-simple"},"_links":{"self":[{"href":"https:\/\/higheasy.cn\/es\/wp-json\/wp\/v2\/product\/671","targetHints":{"allow":["GET"]}}],"collection":[{"href":"https:\/\/higheasy.cn\/es\/wp-json\/wp\/v2\/product"}],"about":[{"href":"https:\/\/higheasy.cn\/es\/wp-json\/wp\/v2\/types\/product"}],"wp:featuredmedia":[{"embeddable":true,"href":"https:\/\/higheasy.cn\/es\/wp-json\/wp\/v2\/media\/678"}],"wp:attachment":[{"href":"https:\/\/higheasy.cn\/es\/wp-json\/wp\/v2\/media?parent=671"}],"wp:term":[{"taxonomy":"product_brand","embeddable":true,"href":"https:\/\/higheasy.cn\/es\/wp-json\/wp\/v2\/product_brand?post=671"},{"taxonomy":"product_cat","embeddable":true,"href":"https:\/\/higheasy.cn\/es\/wp-json\/wp\/v2\/product_cat?post=671"},{"taxonomy":"product_tag","embeddable":true,"href":"https:\/\/higheasy.cn\/es\/wp-json\/wp\/v2\/product_tag?post=671"}],"curies":[{"name":"wp","href":"https:\/\/api.w.org\/{rel}","templated":true}]}}