{"id":639,"date":"2023-07-25T02:59:41","date_gmt":"2023-07-25T02:59:41","guid":{"rendered":"https:\/\/mediumturquoise-pheasant-889000.hostingersite.com\/?post_type=product&#038;p=639"},"modified":"2023-10-12T13:44:00","modified_gmt":"2023-10-12T13:44:00","slug":"hsd-filling-and-cap-screwing-machine","status":"publish","type":"product","link":"https:\/\/higheasy.cn\/es\/producto\/hsd-filling-and-cap-screwing-machine\/","title":{"rendered":"M\u00e1quina llenadora y atornilladora HSD"},"content":{"rendered":"<p><img fetchpriority=\"high\" decoding=\"async\" class=\"alignnone size-full wp-image-659\" src=\"http:\/\/higheasy.cn\/wp-content\/uploads\/2023\/07\/2.jpg\" alt=\"small yogurt production line\" width=\"1200\" height=\"1216\" srcset=\"https:\/\/higheasy.cn\/wp-content\/uploads\/2023\/07\/2.jpg 1200w, https:\/\/higheasy.cn\/wp-content\/uploads\/2023\/07\/2-100x100.jpg 100w, https:\/\/higheasy.cn\/wp-content\/uploads\/2023\/07\/2-300x304.jpg 300w, https:\/\/higheasy.cn\/wp-content\/uploads\/2023\/07\/2-296x300.jpg 296w, https:\/\/higheasy.cn\/wp-content\/uploads\/2023\/07\/2-1011x1024.jpg 1011w, https:\/\/higheasy.cn\/wp-content\/uploads\/2023\/07\/2-768x778.jpg 768w\" sizes=\"(max-width: 1200px) 100vw, 1200px\" \/> <img decoding=\"async\" class=\"alignnone size-full wp-image-663\" src=\"http:\/\/higheasy.cn\/wp-content\/uploads\/2023\/07\/6.jpg\" alt=\"small yogurt production line\" width=\"1200\" height=\"606\" srcset=\"https:\/\/higheasy.cn\/wp-content\/uploads\/2023\/07\/6.jpg 1200w, https:\/\/higheasy.cn\/wp-content\/uploads\/2023\/07\/6-300x152.jpg 300w, https:\/\/higheasy.cn\/wp-content\/uploads\/2023\/07\/6-1024x517.jpg 1024w, https:\/\/higheasy.cn\/wp-content\/uploads\/2023\/07\/6-768x388.jpg 768w\" sizes=\"(max-width: 1200px) 100vw, 1200px\" \/><\/p>\n<p><img decoding=\"async\" class=\"aligncenter\" src=\"https:\/\/sc04.alicdn.com\/kf\/Hfa1a94aede2f4e69968647da795874d8M\/222958773\/Hfa1a94aede2f4e69968647da795874d8M.jpg\" alt=\"Factory price automatic mayonnaise vinegar fruit juice ketchup spout pouch filling capping machine\" width=\"1041\" height=\"1041\" data-src=\"\/\/sc04.alicdn.com\/kf\/Hfa1a94aede2f4e69968647da795874d8M\/222958773\/Hfa1a94aede2f4e69968647da795874d8M.jpg\" data-alt=\"Factory price automatic mayonnaise vinegar fruit juice ketchup spout pouch filling capping machine\" data-spm-anchor-id=\"a2700.details.0.i32.47a463c3KbBtbh\" \/><img loading=\"lazy\" decoding=\"async\" class=\"aligncenter\" src=\"https:\/\/sc04.alicdn.com\/kf\/H45bbc0cfcef042a5b41f82bc4dbc2238O\/222958773\/H45bbc0cfcef042a5b41f82bc4dbc2238O.png\" alt=\"Factory price automatic mayonnaise vinegar fruit juice ketchup spout pouch filling capping machine\" width=\"1013\" height=\"1013\" data-src=\"\/\/sc04.alicdn.com\/kf\/H45bbc0cfcef042a5b41f82bc4dbc2238O\/222958773\/H45bbc0cfcef042a5b41f82bc4dbc2238O.png\" data-alt=\"Factory price automatic mayonnaise vinegar fruit juice ketchup spout pouch filling capping machine\" \/><\/p>\n<p><img loading=\"lazy\" decoding=\"async\" class=\"aligncenter\" src=\"https:\/\/sc04.alicdn.com\/kf\/H92859315dbbb41ca81a61cf9d7ebd73bK\/222958773\/H92859315dbbb41ca81a61cf9d7ebd73bK.png\" alt=\"Factory price automatic mayonnaise vinegar fruit juice ketchup spout pouch filling capping machine\" width=\"1094\" height=\"1075\" data-src=\"\/\/sc04.alicdn.com\/kf\/H92859315dbbb41ca81a61cf9d7ebd73bK\/222958773\/H92859315dbbb41ca81a61cf9d7ebd73bK.png\" data-alt=\"Factory price automatic mayonnaise vinegar fruit juice ketchup spout pouch filling capping machine\" \/><img loading=\"lazy\" decoding=\"async\" class=\"aligncenter\" src=\"https:\/\/sc04.alicdn.com\/kf\/H577298aa61b24179b0f26c038087f4709\/222958773\/H577298aa61b24179b0f26c038087f4709.png\" alt=\"Factory price automatic mayonnaise vinegar fruit juice ketchup spout pouch filling capping machine\" width=\"1153\" height=\"1153\" data-src=\"\/\/sc04.alicdn.com\/kf\/H577298aa61b24179b0f26c038087f4709\/222958773\/H577298aa61b24179b0f26c038087f4709.png\" data-alt=\"Factory price automatic mayonnaise vinegar fruit juice ketchup spout pouch filling capping machine\" \/><img loading=\"lazy\" decoding=\"async\" class=\"aligncenter\" src=\"https:\/\/sc04.alicdn.com\/kf\/Ha1535477bf794a1aa417c0382769935ei\/222958773\/Ha1535477bf794a1aa417c0382769935ei.png\" alt=\"Factory price automatic mayonnaise vinegar fruit juice ketchup spout pouch filling capping machine\" width=\"1121\" height=\"773\" data-src=\"\/\/sc04.alicdn.com\/kf\/Ha1535477bf794a1aa417c0382769935ei\/222958773\/Ha1535477bf794a1aa417c0382769935ei.png\" data-alt=\"Factory price automatic mayonnaise vinegar fruit juice ketchup spout pouch filling capping machine\" \/><\/p>\n<div id=\"ali-anchor-AliPostDhMb-ul5f4\" class=\"mceSectionContainer\" data-section=\"AliPostDhMb-ul5f4\" data-section-title=\"Applications\">\n<h3>Aplicaciones:<\/h3>\n<p><span data-spm-anchor-id=\"a2700.details.0.i48.47a463c3KbBtbh\">\u2666 La m\u00e1quina llenadora y atornilladora de tapas HSD es una m\u00e1quina empacadora completamente autom\u00e1tica con procesos tales como carga autom\u00e1tica de bolsas, soplado y aspirado de bolsas (si es necesario), llenado y dosificaci\u00f3n de bolsas, llenado de nitr\u00f3geno, limpieza de boquillas, alimentaci\u00f3n e inserci\u00f3n de tapas, tapar, descargar.\u00a0<\/span><\/p>\n<p>\u2666 El convertidor de frecuencia controla la velocidad del motor. No solo se puede conectar con el sistema de limpieza CIP y el interruptor de protecci\u00f3n, sino que tambi\u00e9n se pueden agregar o quitar algunas funciones seg\u00fan los requisitos del cliente.<\/p>\n<p>\u2666 Esta m\u00e1quina es adecuada para envasar gelatina, leche de soja, yogur, agua mineral, jugo, helado, aceite comestible, condimentos, detergentes y otros productos qu\u00edmicos, etc.<\/p>\n<\/div>\n<div id=\"ali-anchor-AliPostDhMb-b9pdk\" class=\"mceSectionContainer\" data-section=\"AliPostDhMb-b9pdk\" data-section-title=\"Production speed\">\n<h3><sub><strong>SERIE HSD:<\/strong><\/sub><\/h3>\n<p><sub><strong>Capacidad de producci\u00f3n: 50-450 ml (personalizada)<\/strong><\/sub><\/p>\n<table border=\"3\">\n<tbody>\n<tr>\n<td><strong>Modelo<\/strong><\/td>\n<td><strong>Velocidad de producci\u00f3n<\/strong><\/td>\n<\/tr>\n<tr>\n<td><strong>HSD-4<\/strong><\/td>\n<td><strong>3600-4800 bolsas\/hora<\/strong><\/td>\n<\/tr>\n<tr>\n<td><strong>HSD-5<\/strong><\/td>\n<td><strong>4500-6000 bolsas\/hora<\/strong><\/td>\n<\/tr>\n<tr>\n<td><strong>HSD-6<\/strong><\/td>\n<td><strong>\u00a05400-7200\u00a0<\/strong><strong>bolsas\/hora<\/strong><\/td>\n<\/tr>\n<tr>\n<td><strong>HSD-8<\/strong><\/td>\n<td><strong>7200-9600 bolsas\/hora<\/strong><\/td>\n<\/tr>\n<\/tbody>\n<\/table>\n<\/div>\n<p>&nbsp;<\/p>\n<p><img loading=\"lazy\" decoding=\"async\" class=\"alignnone wp-image-646\" src=\"http:\/\/higheasy.cn\/wp-content\/uploads\/2023\/07\/HTB1Lnd7QMHqK1RjSZFgq6y7JXXaU.jpg\" alt=\"higheasy\" width=\"1216\" height=\"1803\" srcset=\"https:\/\/higheasy.cn\/wp-content\/uploads\/2023\/07\/HTB1Lnd7QMHqK1RjSZFgq6y7JXXaU.jpg 750w, https:\/\/higheasy.cn\/wp-content\/uploads\/2023\/07\/HTB1Lnd7QMHqK1RjSZFgq6y7JXXaU-300x445.jpg 300w, https:\/\/higheasy.cn\/wp-content\/uploads\/2023\/07\/HTB1Lnd7QMHqK1RjSZFgq6y7JXXaU-202x300.jpg 202w, https:\/\/higheasy.cn\/wp-content\/uploads\/2023\/07\/HTB1Lnd7QMHqK1RjSZFgq6y7JXXaU-691x1024.jpg 691w\" sizes=\"(max-width: 1216px) 100vw, 1216px\" \/><\/p>\n<p>La empresa cuenta con un grupo de equipos profesionales de investigaci\u00f3n y desarrollo de tecnolog\u00eda y equipos de procesamiento avanzados, y una serie de patentes de invenci\u00f3n. La compa\u00f1\u00eda produce una amplia variedad de maquinaria de embalaje, los principales productos son: m\u00e1quina de formado, llenado y sellado vertical (VFFS), m\u00e1quina de envasado tipo barra, m\u00e1quina de envasado de polvo, m\u00e1quina de envasado de l\u00edquidos y serie de pesadoras multicabezal, que se utilizan ampliamente en alimentos, productos qu\u00edmicos y bebidas. , productos agr\u00edcolas, juguetes y embalaje en productos industriales y otras industrias, los productos se exportan a todo el mundo y han obtenido agentes de marketing profesionales en muchos pa\u00edses y regiones. Los productos y servicios han sido reconocidos y elogiados un\u00e1nimemente por los clientes.<\/p>\n<p><img loading=\"lazy\" decoding=\"async\" class=\"alignnone size-full wp-image-662\" src=\"http:\/\/higheasy.cn\/wp-content\/uploads\/2023\/07\/5.jpg\" alt=\"small yogurt production line\" width=\"1200\" height=\"604\" srcset=\"https:\/\/higheasy.cn\/wp-content\/uploads\/2023\/07\/5.jpg 1200w, https:\/\/higheasy.cn\/wp-content\/uploads\/2023\/07\/5-300x151.jpg 300w, https:\/\/higheasy.cn\/wp-content\/uploads\/2023\/07\/5-1024x515.jpg 1024w, https:\/\/higheasy.cn\/wp-content\/uploads\/2023\/07\/5-768x387.jpg 768w\" sizes=\"(max-width: 1200px) 100vw, 1200px\" \/><\/p>","protected":false},"excerpt":{"rendered":"<p>Applications: &#x2666; HSD filling and cap-screwing machine is a full automatic package machine with such processes as automatic pouch-loading, pouch blowing &amp; vacuuming(if needed), pouch-locating and dosing filling, nitrogen filling,\u00a0 spout cleaning, cap feeding and inserting, capping, discharging.\u00a0 &#x2666; Frequency converter controls motor speed. Not only it can be connected with CIP cleaning system and [&hellip;]<\/p>","protected":false},"featured_media":640,"template":"","meta":{"site-sidebar-layout":"default","site-content-layout":"default","ast-site-content-layout":"","site-content-style":"default","site-sidebar-style":"default","ast-global-header-display":"","ast-banner-title-visibility":"","ast-main-header-display":"","ast-hfb-above-header-display":"","ast-hfb-below-header-display":"","ast-hfb-mobile-header-display":"","site-post-title":"","ast-breadcrumbs-content":"","ast-featured-img":"","footer-sml-layout":"","theme-transparent-header-meta":"default","adv-header-id-meta":"","stick-header-meta":"","header-above-stick-meta":"","header-main-stick-meta":"","header-below-stick-meta":"","astra-migrate-meta-layouts":"default","ast-page-background-enabled":"default","ast-page-background-meta":{"desktop":{"background-color":"","background-image":"","background-repeat":"repeat","background-position":"center center","background-size":"auto","background-attachment":"scroll","background-type":"","background-media":"","overlay-type":"","overlay-color":"","overlay-opacity":"","overlay-gradient":""},"tablet":{"background-color":"","background-image":"","background-repeat":"repeat","background-position":"center center","background-size":"auto","background-attachment":"scroll","background-type":"","background-media":"","overlay-type":"","overlay-color":"","overlay-opacity":"","overlay-gradient":""},"mobile":{"background-color":"","background-image":"","background-repeat":"repeat","background-position":"center center","background-size":"auto","background-attachment":"scroll","background-type":"","background-media":"","overlay-type":"","overlay-color":"","overlay-opacity":"","overlay-gradient":""}},"ast-content-background-meta":{"desktop":{"background-color":"var(--ast-global-color-5)","background-image":"","background-repeat":"repeat","background-position":"center center","background-size":"auto","background-attachment":"scroll","background-type":"","background-media":"","overlay-type":"","overlay-color":"","overlay-opacity":"","overlay-gradient":""},"tablet":{"background-color":"var(--ast-global-color-5)","background-image":"","background-repeat":"repeat","background-position":"center center","background-size":"auto","background-attachment":"scroll","background-type":"","background-media":"","overlay-type":"","overlay-color":"","overlay-opacity":"","overlay-gradient":""},"mobile":{"background-color":"var(--ast-global-color-5)","background-image":"","background-repeat":"repeat","background-position":"center center","background-size":"auto","background-attachment":"scroll","background-type":"","background-media":"","overlay-type":"","overlay-color":"","overlay-opacity":"","overlay-gradient":""}}},"product_brand":[],"product_cat":[22,31],"product_tag":[],"class_list":{"0":"post-639","1":"product","2":"type-product","3":"status-publish","4":"has-post-thumbnail","6":"product_cat-hot-products","7":"product_cat-cup-filling-sealing-machine","8":"desktop-align-left","9":"tablet-align-left","10":"mobile-align-left","12":"first","13":"instock","14":"shipping-taxable","15":"product-type-simple"},"_links":{"self":[{"href":"https:\/\/higheasy.cn\/es\/wp-json\/wp\/v2\/product\/639","targetHints":{"allow":["GET"]}}],"collection":[{"href":"https:\/\/higheasy.cn\/es\/wp-json\/wp\/v2\/product"}],"about":[{"href":"https:\/\/higheasy.cn\/es\/wp-json\/wp\/v2\/types\/product"}],"wp:featuredmedia":[{"embeddable":true,"href":"https:\/\/higheasy.cn\/es\/wp-json\/wp\/v2\/media\/640"}],"wp:attachment":[{"href":"https:\/\/higheasy.cn\/es\/wp-json\/wp\/v2\/media?parent=639"}],"wp:term":[{"taxonomy":"product_brand","embeddable":true,"href":"https:\/\/higheasy.cn\/es\/wp-json\/wp\/v2\/product_brand?post=639"},{"taxonomy":"product_cat","embeddable":true,"href":"https:\/\/higheasy.cn\/es\/wp-json\/wp\/v2\/product_cat?post=639"},{"taxonomy":"product_tag","embeddable":true,"href":"https:\/\/higheasy.cn\/es\/wp-json\/wp\/v2\/product_tag?post=639"}],"curies":[{"name":"wp","href":"https:\/\/api.w.org\/{rel}","templated":true}]}}