{"id":1262,"date":"2024-05-08T14:21:34","date_gmt":"2024-05-08T14:21:34","guid":{"rendered":"https:\/\/mediumturquoise-pheasant-889000.hostingersite.com\/?post_type=product&#038;p=1262"},"modified":"2025-10-10T13:13:56","modified_gmt":"2025-10-10T13:13:56","slug":"manual-demoulder-for-gummy-depositor-2","status":"publish","type":"product","link":"https:\/\/higheasy.cn\/es\/producto\/manual-demoulder-for-gummy-depositor-2\/","title":{"rendered":"Desmoldeador manual para depositante de gomitas"},"content":{"rendered":"<p><strong><b>Descripci\u00f3n detallada<\/b><\/strong>\u00a0<img fetchpriority=\"high\" decoding=\"async\" class=\"alignnone wp-image-1263\" src=\"http:\/\/higheasy.cn\/wp-content\/uploads\/2024\/05\/gummy-machine-1-2.jpg\" alt=\"\" width=\"1244\" height=\"1244\" srcset=\"https:\/\/higheasy.cn\/wp-content\/uploads\/2024\/05\/gummy-machine-1-2.jpg 800w, https:\/\/higheasy.cn\/wp-content\/uploads\/2024\/05\/gummy-machine-1-2-300x300.jpg 300w, https:\/\/higheasy.cn\/wp-content\/uploads\/2024\/05\/gummy-machine-1-2-100x100.jpg 100w, https:\/\/higheasy.cn\/wp-content\/uploads\/2024\/05\/gummy-machine-1-2-150x150.jpg 150w, https:\/\/higheasy.cn\/wp-content\/uploads\/2024\/05\/gummy-machine-1-2-768x768.jpg 768w, https:\/\/higheasy.cn\/wp-content\/uploads\/2024\/05\/gummy-machine-1-2-12x12.jpg 12w\" sizes=\"(max-width: 1244px) 100vw, 1244px\" \/><\/p>\n<p><img decoding=\"async\" class=\"alignnone size-full wp-image-1240\" src=\"http:\/\/higheasy.cn\/wp-content\/uploads\/2024\/05\/6-1.jpg\" alt=\"\" width=\"985\" height=\"1269\" srcset=\"https:\/\/higheasy.cn\/wp-content\/uploads\/2024\/05\/6-1.jpg 985w, https:\/\/higheasy.cn\/wp-content\/uploads\/2024\/05\/6-1-300x386.jpg 300w, https:\/\/higheasy.cn\/wp-content\/uploads\/2024\/05\/6-1-233x300.jpg 233w, https:\/\/higheasy.cn\/wp-content\/uploads\/2024\/05\/6-1-795x1024.jpg 795w, https:\/\/higheasy.cn\/wp-content\/uploads\/2024\/05\/6-1-768x989.jpg 768w, https:\/\/higheasy.cn\/wp-content\/uploads\/2024\/05\/6-1-9x12.jpg 9w\" sizes=\"(max-width: 985px) 100vw, 985px\" \/><\/p>\n<p><strong><b>Nodo de Producci\u00f3n:<\/b><\/strong><\/p>\n<p><img decoding=\"async\" class=\"alignnone size-full wp-image-1209\" src=\"http:\/\/higheasy.cn\/wp-content\/uploads\/2024\/05\/333.jpg\" alt=\"\" width=\"967\" height=\"243\" srcset=\"https:\/\/higheasy.cn\/wp-content\/uploads\/2024\/05\/333.jpg 967w, https:\/\/higheasy.cn\/wp-content\/uploads\/2024\/05\/333-300x75.jpg 300w, https:\/\/higheasy.cn\/wp-content\/uploads\/2024\/05\/333-768x193.jpg 768w, https:\/\/higheasy.cn\/wp-content\/uploads\/2024\/05\/333-18x5.jpg 18w\" sizes=\"(max-width: 967px) 100vw, 967px\" \/><\/p>\n<p><strong><b>T\u00e9rminos y condiciones:<\/b><\/strong><\/p>\n<p>1.Pago:<strong><b>\u00a0<\/b><\/strong>El comprador deber\u00e1 pagar la factura mediante T\/T u otro m\u00e9todo de pago acordado por ambas partes.<\/p>\n<p>Pago inicial: 40%, es decir, USD<u>\u00a0\u00a0\u00a0\u00a0\u00a0<\/u><\/p>\n<p>Saldo: 60%, es decir, USD<u>\u00a0\u00a0\u00a0\u00a0\u00a0<\/u>\u00a0Debe pagarse al menos 3 d\u00edas h\u00e1biles antes de la entrega.<\/p>\n<p>2. Gastos bancarios: todos los gastos bancarios fuera de China corren a cargo del comprador.<\/p>\n<p>3.T\u00e9rminos importantes<strong><b>:<\/b><\/strong>Una vez firmado el contrato, ni el comprador ni el vendedor tienen derecho a modificar unilateralmente el contenido del contrato. Una vez vendida la mercanc\u00eda, a menos que exista un problema de calidad con el propio equipo, no se aceptar\u00e1n devoluciones ni reembolsos. Para todos los productos personalizados, una vez firmado el contrato, el comprador no puede solicitar un reembolso por ning\u00fan medio siempre que el vendedor produzca los productos de acuerdo con los t\u00e9rminos acordados.<\/p>\n<p>4.Inspecci\u00f3n antes de la entrega:<\/p>\n<p>Antes de la entrega, el vendedor deber\u00e1 inspeccionar minuciosamente las m\u00e1quinas en cuanto a calidad, especificaciones, rendimiento y cantidad. El comprador puede enviar un ingeniero a la f\u00e1brica del vendedor para una inspecci\u00f3n personal y capacitaci\u00f3n sobre el funcionamiento de las m\u00e1quinas. Si el comprador desea realizar pruebas con chocolate u otros ingredientes, deber\u00e1 proporcionar y pagar los ingredientes necesarios. Las pruebas se realizar\u00e1n seg\u00fan las solicitudes espec\u00edficas del comprador. La primera prueba no tiene costos de mano de obra, pero las pruebas adicionales generar\u00e1n costos de mano de obra. El comprador debe recibir la entrega dentro de un mes despu\u00e9s de la notificaci\u00f3n del vendedor de que est\u00e1 listo para la entrega; de lo contrario, el comprador ser\u00e1 responsable de tarifas tales como, entre otras, gastos de almacenamiento.<\/p>\n<p>5.Instalaci\u00f3n y puesta en marcha:<\/p>\n<p>Los gastos incluidos el visado, los billetes de ida y vuelta, el tr\u00e1fico interior, el embarque y el alojamiento corren por cuenta del Comprador. Se aplica un cargo por servicio de USD200.00\/d\u00eda por t\u00e9cnico, incluyendo el tiempo de viaje y cuarentena en ambos pa\u00edses.<\/p>\n<p>6.Condici\u00f3n previa de instalaci\u00f3n:<\/p>\n<p>*El comprador deber\u00e1 colocar las m\u00e1quinas seg\u00fan las instrucciones del vendedor.<\/p>\n<p>*El comprador preparar\u00e1 recursos b\u00e1sicos que incluyen agua, electricidad, vapor, fuente de aire comprimido y refrigeraci\u00f3n.<\/p>\n<p>torre, carretilla elevadora, etc.<\/p>\n<p>*El comprador preparar\u00e1 los ingredientes para las pruebas mec\u00e1nicas.<\/p>\n<p>*El comprador ser\u00e1 responsable de la instalaci\u00f3n del aire acondicionado, incluida la contrataci\u00f3n de un especialista en aire acondicionado y la preparaci\u00f3n del cobre.<\/p>\n<p>Tubos, tubos de agua, alambre y fre\u00f3n, torres de agua, etc.<\/p>\n<p>7.Garant\u00eda: Suponiendo que el equipo se opere y mantenga en condiciones normales, las m\u00e1quinas vienen con un per\u00edodo de garant\u00eda est\u00e1ndar de un a\u00f1o, excluidas las piezas de desgaste r\u00e1pido, que comienza a partir de la fecha de instalaci\u00f3n exitosa pero no m\u00e1s de 14 meses despu\u00e9s de la fecha de env\u00edo. indicado en el conocimiento de embarque. Cualquier da\u00f1o resultante de operaciones inadecuadas, accidentes, desastres naturales o cualquier otro evento de fuerza mayor no est\u00e1 cubierto por el per\u00edodo de garant\u00eda. En los casos en que el vendedor env\u00ede un t\u00e9cnico a las instalaciones del comprador para reparar o capacitar al comprador, todos los gastos correr\u00e1n a cargo del comprador. El vendedor se reserva el derecho de rechazar el env\u00edo de t\u00e9cnicos en circunstancias imprevisibles que puedan comprometer su seguridad, como guerras, desastres naturales, conflictos religiosos y otros acontecimientos de fuerza mayor.<\/p>\n<p><strong><b>* Nuestra f\u00e1brica<\/b><\/strong><\/p>\n<p>Somos una sociedad empresarial privada que se especializa en la fabricaci\u00f3n de m\u00e1quinas de chocolate de clase media-alta, como molino de bolas para chocolate, m\u00e1quina templadora de chocolate, m\u00e1quina moldeadora de chocolate, m\u00e1quina recubridora de chocolate, m\u00e1quina para ba\u00f1ar chocolate, m\u00e1quina para chocolate con avena, etc. Contamos con una s\u00f3lida I+D profesional. Equipo y equipo de producci\u00f3n. Nuestra empresa siempre sigue el principio de que el servicio sienta las bases del negocio y la calidad gana el mercado. Nuestro equipo para chocolate ha sido popular en la industria alimentaria. Al mismo tiempo, los productos producidos por nuestros equipos tambi\u00e9n est\u00e1n a la vanguardia de la industria de dulces. Excepto en el mercado interno, nuestros equipos se han vendido ampliamente en EE. UU., Canad\u00e1, Australia, Rusia y muchos otros pa\u00edses del mundo. Hemos estado innovando y mejorando constantemente nuestra tecnolog\u00eda y dedic\u00e1ndonos a ganarnos la confianza y el apoyo de los clientes brind\u00e1ndoles m\u00e1quinas de chocolate de alta calidad y un servicio excelente. Esperamos trabajar con usted para lograr un futuro mejor para ambos.<\/p>\n<p><img loading=\"lazy\" decoding=\"async\" class=\"alignnone size-full wp-image-1210\" src=\"http:\/\/higheasy.cn\/wp-content\/uploads\/2024\/05\/444.jpg\" alt=\"\" width=\"1367\" height=\"905\" srcset=\"https:\/\/higheasy.cn\/wp-content\/uploads\/2024\/05\/444.jpg 1367w, https:\/\/higheasy.cn\/wp-content\/uploads\/2024\/05\/444-300x199.jpg 300w, https:\/\/higheasy.cn\/wp-content\/uploads\/2024\/05\/444-1024x678.jpg 1024w, https:\/\/higheasy.cn\/wp-content\/uploads\/2024\/05\/444-768x508.jpg 768w, https:\/\/higheasy.cn\/wp-content\/uploads\/2024\/05\/444-18x12.jpg 18w\" sizes=\"(max-width: 1367px) 100vw, 1367px\" \/><\/p>","protected":false},"excerpt":{"rendered":"<p>Detailed Description\u00a0 Production Node: Terms and Conditions: 1.Payment:\u00a0The buyer shall pay the invoice by T\/T or other payment method agreed by both parties. Down payment: 40%,namely USD\u00a0\u00a0\u00a0\u00a0\u00a0 Balance:60%,namely USD\u00a0\u00a0\u00a0\u00a0\u00a0\u00a0should be paid at least 3 working days before delivery. 2.Bank charges:All bank charges outside China are on the buyer\u2019s. 3.Important terms\uff1aOnce the contract is signed, neither [&hellip;]<\/p>","protected":false},"featured_media":1265,"template":"","meta":{"site-sidebar-layout":"default","site-content-layout":"","ast-site-content-layout":"default","site-content-style":"default","site-sidebar-style":"default","ast-global-header-display":"","ast-banner-title-visibility":"","ast-main-header-display":"","ast-hfb-above-header-display":"","ast-hfb-below-header-display":"","ast-hfb-mobile-header-display":"","site-post-title":"","ast-breadcrumbs-content":"","ast-featured-img":"","footer-sml-layout":"","theme-transparent-header-meta":"default","adv-header-id-meta":"","stick-header-meta":"","header-above-stick-meta":"","header-main-stick-meta":"","header-below-stick-meta":"","astra-migrate-meta-layouts":"set","ast-page-background-enabled":"default","ast-page-background-meta":{"desktop":{"background-color":"","background-image":"","background-repeat":"repeat","background-position":"center center","background-size":"auto","background-attachment":"scroll","background-type":"","background-media":"","overlay-type":"","overlay-color":"","overlay-opacity":"","overlay-gradient":""},"tablet":{"background-color":"","background-image":"","background-repeat":"repeat","background-position":"center center","background-size":"auto","background-attachment":"scroll","background-type":"","background-media":"","overlay-type":"","overlay-color":"","overlay-opacity":"","overlay-gradient":""},"mobile":{"background-color":"","background-image":"","background-repeat":"repeat","background-position":"center center","background-size":"auto","background-attachment":"scroll","background-type":"","background-media":"","overlay-type":"","overlay-color":"","overlay-opacity":"","overlay-gradient":""}},"ast-content-background-meta":{"desktop":{"background-color":"var(--ast-global-color-5)","background-image":"","background-repeat":"repeat","background-position":"center center","background-size":"auto","background-attachment":"scroll","background-type":"","background-media":"","overlay-type":"","overlay-color":"","overlay-opacity":"","overlay-gradient":""},"tablet":{"background-color":"var(--ast-global-color-5)","background-image":"","background-repeat":"repeat","background-position":"center center","background-size":"auto","background-attachment":"scroll","background-type":"","background-media":"","overlay-type":"","overlay-color":"","overlay-opacity":"","overlay-gradient":""},"mobile":{"background-color":"var(--ast-global-color-5)","background-image":"","background-repeat":"repeat","background-position":"center center","background-size":"auto","background-attachment":"scroll","background-type":"","background-media":"","overlay-type":"","overlay-color":"","overlay-opacity":"","overlay-gradient":""}}},"product_brand":[],"product_cat":[47],"product_tag":[],"class_list":{"0":"post-1262","1":"product","2":"type-product","3":"status-publish","4":"has-post-thumbnail","6":"product_cat-gummy-machine","7":"desktop-align-left","8":"tablet-align-left","9":"mobile-align-left","11":"first","12":"instock","13":"shipping-taxable","14":"product-type-simple"},"_links":{"self":[{"href":"https:\/\/higheasy.cn\/es\/wp-json\/wp\/v2\/product\/1262","targetHints":{"allow":["GET"]}}],"collection":[{"href":"https:\/\/higheasy.cn\/es\/wp-json\/wp\/v2\/product"}],"about":[{"href":"https:\/\/higheasy.cn\/es\/wp-json\/wp\/v2\/types\/product"}],"wp:featuredmedia":[{"embeddable":true,"href":"https:\/\/higheasy.cn\/es\/wp-json\/wp\/v2\/media\/1265"}],"wp:attachment":[{"href":"https:\/\/higheasy.cn\/es\/wp-json\/wp\/v2\/media?parent=1262"}],"wp:term":[{"taxonomy":"product_brand","embeddable":true,"href":"https:\/\/higheasy.cn\/es\/wp-json\/wp\/v2\/product_brand?post=1262"},{"taxonomy":"product_cat","embeddable":true,"href":"https:\/\/higheasy.cn\/es\/wp-json\/wp\/v2\/product_cat?post=1262"},{"taxonomy":"product_tag","embeddable":true,"href":"https:\/\/higheasy.cn\/es\/wp-json\/wp\/v2\/product_tag?post=1262"}],"curies":[{"name":"wp","href":"https:\/\/api.w.org\/{rel}","templated":true}]}}