{"id":1166,"date":"2024-03-04T03:06:58","date_gmt":"2024-03-04T03:06:58","guid":{"rendered":"https:\/\/mediumturquoise-pheasant-889000.hostingersite.com\/?post_type=product&#038;p=1166"},"modified":"2024-03-04T03:06:59","modified_gmt":"2024-03-04T03:06:59","slug":"reverse-osmosis-pure-water-equipment","status":"publish","type":"product","link":"https:\/\/higheasy.cn\/es\/producto\/reverse-osmosis-pure-water-equipment\/","title":{"rendered":"Equipos de agua pura por osmosis inversa"},"content":{"rendered":"<h2 style=\"text-align: center;\"><strong><b>Equipo de agua pura por \u00f3smosis inversa, equipo de agua potable directa, m\u00e1quina de agua pura por \u00f3smosis inversa<\/b><\/strong><\/h2>\n<p>&nbsp;<\/p>\n<p><img fetchpriority=\"high\" decoding=\"async\" class=\"alignnone wp-image-1167\" src=\"http:\/\/higheasy.cn\/wp-content\/uploads\/2024\/03\/Reverse-osmosis-pure-water-equipment-direct-drinking-water-equipment-RO-pure-water-machine-1.png\" alt=\"Reverse osmosis pure water equipment\" width=\"1000\" height=\"750\" srcset=\"https:\/\/higheasy.cn\/wp-content\/uploads\/2024\/03\/Reverse-osmosis-pure-water-equipment-direct-drinking-water-equipment-RO-pure-water-machine-1.png 800w, https:\/\/higheasy.cn\/wp-content\/uploads\/2024\/03\/Reverse-osmosis-pure-water-equipment-direct-drinking-water-equipment-RO-pure-water-machine-1-300x225.png 300w, https:\/\/higheasy.cn\/wp-content\/uploads\/2024\/03\/Reverse-osmosis-pure-water-equipment-direct-drinking-water-equipment-RO-pure-water-machine-1-768x576.png 768w, https:\/\/higheasy.cn\/wp-content\/uploads\/2024\/03\/Reverse-osmosis-pure-water-equipment-direct-drinking-water-equipment-RO-pure-water-machine-1-16x12.png 16w\" sizes=\"(max-width: 1000px) 100vw, 1000px\" \/><\/p>\n<p>1.Palabras clave: Equipo de agua pura por \u00f3smosis inversa, equipo de agua potable a gran escala, equipo de agua pura por \u00f3smosis inversa RO, equipo de agua potable directa RO,<\/p>\n<p>Modelo y especificaci\u00f3n: Producci\u00f3n de agua 0,5-10 T\/h<\/p>\n<p>Fuente de alimentaci\u00f3n 380 V\/50 Hz (est\u00e1ndar), se pueden personalizar otros voltajes de fuente de alimentaci\u00f3n.<\/p>\n<p>Material: fibra de vidrio FRP + tuber\u00eda UPVC, o tanque SS304 + accesorios de tuber\u00eda SS304<\/p>\n<p>Fuentes de agua cruda: agua del grifo, agua subterr\u00e1nea, agua de pozo (conductividad del agua cruda \u2264 500 us\/cm)<\/p>\n<p>Calidad del agua de producci\u00f3n: agua pura, agua potable directa por \u00f3smosis inversa, conductividad \u2264 10us\/cm<\/p>\n<p>Industrias aplicables: agua potable, agua mineral, agua purificada, agua potable directa, agua purificada.<\/p>\n<p><img decoding=\"async\" class=\"alignnone wp-image-1168\" src=\"http:\/\/higheasy.cn\/wp-content\/uploads\/2024\/03\/Reverse-osmosis-pure-water-equipment-direct-drinking-water-equipment-RO-pure-water-machine-2.png\" alt=\"\" width=\"1000\" height=\"555\" srcset=\"https:\/\/higheasy.cn\/wp-content\/uploads\/2024\/03\/Reverse-osmosis-pure-water-equipment-direct-drinking-water-equipment-RO-pure-water-machine-2.png 735w, https:\/\/higheasy.cn\/wp-content\/uploads\/2024\/03\/Reverse-osmosis-pure-water-equipment-direct-drinking-water-equipment-RO-pure-water-machine-2-300x167.png 300w, https:\/\/higheasy.cn\/wp-content\/uploads\/2024\/03\/Reverse-osmosis-pure-water-equipment-direct-drinking-water-equipment-RO-pure-water-machine-2-18x10.png 18w\" sizes=\"(max-width: 1000px) 100vw, 1000px\" \/><\/p>\n<p>2.Palabras clave: equipo de agua pura por \u00f3smosis inversa, equipo industrial de agua ultrapura, equipo de agua desionizada, equipo de agua de alta pureza,<\/p>\n<p>Modelo y especificaci\u00f3n: Capacidad de producci\u00f3n de agua 1-100T\/H<\/p>\n<p>Fuente de alimentaci\u00f3n 380 V\/50 Hz (est\u00e1ndar), se pueden personalizar otros voltajes de fuente de alimentaci\u00f3n.<\/p>\n<p>Material: fibra de vidrio FRP + tuber\u00eda UPVC, o tanque SS304 + accesorios de tuber\u00eda SS304<\/p>\n<p>Fuentes de agua cruda: agua corriente municipal, agua subterr\u00e1nea, agua de pozo (conductividad del agua cruda \u2264 500 us\/cm)<\/p>\n<p>Calidad del agua de producci\u00f3n: Agua ultrapura, conductividad \u2264 0,1 us\/cm,<\/p>\n<p>Industrias aplicables:<\/p>\n<p>La industria farmac\u00e9utica utiliza agua para infusiones, inyecciones, comprimidos, productos bioqu\u00edmicos, limpieza de equipos, etc.<\/p>\n<p>Agua de proceso de la industria qu\u00edmica, agua de circulaci\u00f3n de productos qu\u00edmicos, fabricaci\u00f3n de productos qu\u00edmicos, etc.<\/p>\n<p>Sistema de potencia para calderas de la industria energ\u00e9tica, calderas de generaci\u00f3n de energ\u00eda t\u00e9rmica con agua de alimentaci\u00f3n y calderas de media y baja presi\u00f3n en f\u00e1bricas y minas.<\/p>\n<p>Agua para la industria alimentaria Agua potable purificada, bebidas, cerveza, Baijiu, productos de salud, etc.<\/p>\n<p>Desalinizaci\u00f3n de agua de mar y agua salobre en islas, barcos, plataformas de perforaci\u00f3n marinas y zonas de agua salobre<\/p>\n<p>Agua potable purificada para propiedades, comunidades, empresas e instituciones, etc.<\/p>\n<p>Agua de limpieza por ultrasonidos, materiales especiales, maquinaria de precisi\u00f3n, etc. requieren l\u00edneas de limpieza por ultrasonidos de alta limpieza.<\/p>\n<p>Agua para limpieza de piezas y soluci\u00f3n de tanques en la industria de galvanoplastia<\/p>\n<p>Otros veh\u00edculos de agua de proceso, recubrimientos de electrodom\u00e9sticos, vidrio revestido, cosm\u00e9ticos, productos qu\u00edmicos finos, etc.<\/p>\n<p><img decoding=\"async\" class=\"alignnone wp-image-1169\" src=\"http:\/\/higheasy.cn\/wp-content\/uploads\/2024\/03\/Reverse-osmosis-pure-water-equipment-direct-drinking-water-equipment-RO-pure-water-machine-3.png\" alt=\"Reverse osmosis pure water equipment, direct drinking water equipment, RO pure water machine\" width=\"1000\" height=\"873\" srcset=\"https:\/\/higheasy.cn\/wp-content\/uploads\/2024\/03\/Reverse-osmosis-pure-water-equipment-direct-drinking-water-equipment-RO-pure-water-machine-3.png 781w, https:\/\/higheasy.cn\/wp-content\/uploads\/2024\/03\/Reverse-osmosis-pure-water-equipment-direct-drinking-water-equipment-RO-pure-water-machine-3-300x262.png 300w, https:\/\/higheasy.cn\/wp-content\/uploads\/2024\/03\/Reverse-osmosis-pure-water-equipment-direct-drinking-water-equipment-RO-pure-water-machine-3-768x671.png 768w, https:\/\/higheasy.cn\/wp-content\/uploads\/2024\/03\/Reverse-osmosis-pure-water-equipment-direct-drinking-water-equipment-RO-pure-water-machine-3-14x12.png 14w\" sizes=\"(max-width: 1000px) 100vw, 1000px\" \/> <img loading=\"lazy\" decoding=\"async\" class=\"alignnone wp-image-1170\" src=\"http:\/\/higheasy.cn\/wp-content\/uploads\/2024\/03\/Reverse-osmosis-pure-water-equipment-direct-drinking-water-equipment-RO-pure-water-machine-4.png\" alt=\"Reverse osmosis pure water equipment, direct drinking water equipment, RO pure water machine\" width=\"1000\" height=\"1000\" srcset=\"https:\/\/higheasy.cn\/wp-content\/uploads\/2024\/03\/Reverse-osmosis-pure-water-equipment-direct-drinking-water-equipment-RO-pure-water-machine-4.png 750w, https:\/\/higheasy.cn\/wp-content\/uploads\/2024\/03\/Reverse-osmosis-pure-water-equipment-direct-drinking-water-equipment-RO-pure-water-machine-4-300x300.png 300w, https:\/\/higheasy.cn\/wp-content\/uploads\/2024\/03\/Reverse-osmosis-pure-water-equipment-direct-drinking-water-equipment-RO-pure-water-machine-4-100x100.png 100w, https:\/\/higheasy.cn\/wp-content\/uploads\/2024\/03\/Reverse-osmosis-pure-water-equipment-direct-drinking-water-equipment-RO-pure-water-machine-4-150x150.png 150w, https:\/\/higheasy.cn\/wp-content\/uploads\/2024\/03\/Reverse-osmosis-pure-water-equipment-direct-drinking-water-equipment-RO-pure-water-machine-4-12x12.png 12w\" sizes=\"(max-width: 1000px) 100vw, 1000px\" \/><\/p>\n<p><img loading=\"lazy\" decoding=\"async\" class=\"alignnone wp-image-1171\" src=\"http:\/\/higheasy.cn\/wp-content\/uploads\/2024\/03\/Reverse-osmosis-pure-water-equipment-direct-drinking-water-equipment-RO-pure-water-machine-5.png\" alt=\"\" width=\"1000\" height=\"500\" srcset=\"https:\/\/higheasy.cn\/wp-content\/uploads\/2024\/03\/Reverse-osmosis-pure-water-equipment-direct-drinking-water-equipment-RO-pure-water-machine-5.png 800w, https:\/\/higheasy.cn\/wp-content\/uploads\/2024\/03\/Reverse-osmosis-pure-water-equipment-direct-drinking-water-equipment-RO-pure-water-machine-5-300x150.png 300w, https:\/\/higheasy.cn\/wp-content\/uploads\/2024\/03\/Reverse-osmosis-pure-water-equipment-direct-drinking-water-equipment-RO-pure-water-machine-5-768x384.png 768w, https:\/\/higheasy.cn\/wp-content\/uploads\/2024\/03\/Reverse-osmosis-pure-water-equipment-direct-drinking-water-equipment-RO-pure-water-machine-5-18x9.png 18w\" sizes=\"(max-width: 1000px) 100vw, 1000px\" \/><\/p>\n<p>3. Equipos de desalinizaci\u00f3n de agua de mar<\/p>\n<p>Palabras clave: equipos de desalinizaci\u00f3n de agua de mar, equipos de desalinizaci\u00f3n de agua de mar, equipos de desalinizaci\u00f3n de agua de mar para agua potable,<\/p>\n<p>Modelo y especificaci\u00f3n: Capacidad de producci\u00f3n de agua: 1. -500T\/D<\/p>\n<p>Fuente de alimentaci\u00f3n 380 V\/50 Hz (est\u00e1ndar), se pueden personalizar otros voltajes de fuente de alimentaci\u00f3n.<\/p>\n<p>Material: fibra de vidrio FRP + tuber\u00eda UPVC, o tanque SSSA6L + accesorios de tuber\u00eda SS316L + accesorios de tuber\u00eda de alta presi\u00f3n de 6,5 MPA<\/p>\n<p>Fuente de agua cruda: agua de mar, agua salobre, agua subterr\u00e1nea, agua salina (conductividad del agua cruda \u2264 45000us\/cm)<\/p>\n<p>Calidad del agua de producci\u00f3n: agua potable, agua dom\u00e9stica, agua potable directa, agua purificada, conductividad \u2264 10-500us\/cm<\/p>\n<p>Industrias aplicables: agua para islas, agua potable para ciudades costeras, agua potable para barcos y plantas de desalinizaci\u00f3n de agua de mar.<\/p>\n<p>Agua de riego.<\/p>\n<p><img loading=\"lazy\" decoding=\"async\" class=\"alignnone wp-image-1172\" src=\"http:\/\/higheasy.cn\/wp-content\/uploads\/2024\/03\/Reverse-osmosis-pure-water-equipment-direct-drinking-water-equipment-RO-pure-water-machine-6.png\" alt=\"\" width=\"1000\" height=\"1101\" srcset=\"https:\/\/higheasy.cn\/wp-content\/uploads\/2024\/03\/Reverse-osmosis-pure-water-equipment-direct-drinking-water-equipment-RO-pure-water-machine-6.png 746w, https:\/\/higheasy.cn\/wp-content\/uploads\/2024\/03\/Reverse-osmosis-pure-water-equipment-direct-drinking-water-equipment-RO-pure-water-machine-6-300x330.png 300w, https:\/\/higheasy.cn\/wp-content\/uploads\/2024\/03\/Reverse-osmosis-pure-water-equipment-direct-drinking-water-equipment-RO-pure-water-machine-6-273x300.png 273w, https:\/\/higheasy.cn\/wp-content\/uploads\/2024\/03\/Reverse-osmosis-pure-water-equipment-direct-drinking-water-equipment-RO-pure-water-machine-6-11x12.png 11w\" sizes=\"(max-width: 1000px) 100vw, 1000px\" \/> <img loading=\"lazy\" decoding=\"async\" class=\"alignnone wp-image-1173\" src=\"http:\/\/higheasy.cn\/wp-content\/uploads\/2024\/03\/Reverse-osmosis-pure-water-equipment-direct-drinking-water-equipment-RO-pure-water-machine-7.png\" alt=\"\" width=\"1000\" height=\"707\" srcset=\"https:\/\/higheasy.cn\/wp-content\/uploads\/2024\/03\/Reverse-osmosis-pure-water-equipment-direct-drinking-water-equipment-RO-pure-water-machine-7.png 941w, https:\/\/higheasy.cn\/wp-content\/uploads\/2024\/03\/Reverse-osmosis-pure-water-equipment-direct-drinking-water-equipment-RO-pure-water-machine-7-300x212.png 300w, https:\/\/higheasy.cn\/wp-content\/uploads\/2024\/03\/Reverse-osmosis-pure-water-equipment-direct-drinking-water-equipment-RO-pure-water-machine-7-768x543.png 768w, https:\/\/higheasy.cn\/wp-content\/uploads\/2024\/03\/Reverse-osmosis-pure-water-equipment-direct-drinking-water-equipment-RO-pure-water-machine-7-18x12.png 18w\" sizes=\"(max-width: 1000px) 100vw, 1000px\" \/> <img loading=\"lazy\" decoding=\"async\" class=\"alignnone wp-image-1174\" src=\"http:\/\/higheasy.cn\/wp-content\/uploads\/2024\/03\/Reverse-osmosis-pure-water-equipment-direct-drinking-water-equipment-RO-pure-water-machine-8.png\" alt=\"\" width=\"1000\" height=\"538\" srcset=\"https:\/\/higheasy.cn\/wp-content\/uploads\/2024\/03\/Reverse-osmosis-pure-water-equipment-direct-drinking-water-equipment-RO-pure-water-machine-8.png 930w, https:\/\/higheasy.cn\/wp-content\/uploads\/2024\/03\/Reverse-osmosis-pure-water-equipment-direct-drinking-water-equipment-RO-pure-water-machine-8-300x161.png 300w, https:\/\/higheasy.cn\/wp-content\/uploads\/2024\/03\/Reverse-osmosis-pure-water-equipment-direct-drinking-water-equipment-RO-pure-water-machine-8-768x413.png 768w, https:\/\/higheasy.cn\/wp-content\/uploads\/2024\/03\/Reverse-osmosis-pure-water-equipment-direct-drinking-water-equipment-RO-pure-water-machine-8-18x10.png 18w\" sizes=\"(max-width: 1000px) 100vw, 1000px\" \/> <img loading=\"lazy\" decoding=\"async\" class=\"alignnone wp-image-1175\" src=\"http:\/\/higheasy.cn\/wp-content\/uploads\/2024\/03\/Reverse-osmosis-pure-water-equipment-direct-drinking-water-equipment-RO-pure-water-machine-9.png\" alt=\"Reverse osmosis pure water equipment, direct drinking water equipment, RO pure water machine\" width=\"1000\" height=\"783\" srcset=\"https:\/\/higheasy.cn\/wp-content\/uploads\/2024\/03\/Reverse-osmosis-pure-water-equipment-direct-drinking-water-equipment-RO-pure-water-machine-9.png 745w, https:\/\/higheasy.cn\/wp-content\/uploads\/2024\/03\/Reverse-osmosis-pure-water-equipment-direct-drinking-water-equipment-RO-pure-water-machine-9-300x235.png 300w, https:\/\/higheasy.cn\/wp-content\/uploads\/2024\/03\/Reverse-osmosis-pure-water-equipment-direct-drinking-water-equipment-RO-pure-water-machine-9-15x12.png 15w\" sizes=\"(max-width: 1000px) 100vw, 1000px\" \/><\/p>\n<p>&nbsp;<\/p>\n<p>&nbsp;<\/p>","protected":false},"excerpt":{"rendered":"<p>Reverse osmosis pure water equipment, direct drinking water equipment, RO pure water machine &nbsp; 1.Key word\uff1aReverse osmosis pure water equipment, large-scale drinking water equipment, RO reverse osmosis pure water equipment, RO direct drinking water equipment,\uff0c Model and Specification: Water Production 0.5-10T\/H Power supply 380V\/50HZ (standard), other power supply voltages can be customized. Material: FRP fiberglass+UPVC [&hellip;]<\/p>","protected":false},"featured_media":1176,"template":"","meta":{"site-sidebar-layout":"default","site-content-layout":"","ast-site-content-layout":"default","site-content-style":"default","site-sidebar-style":"default","ast-global-header-display":"","ast-banner-title-visibility":"","ast-main-header-display":"","ast-hfb-above-header-display":"","ast-hfb-below-header-display":"","ast-hfb-mobile-header-display":"","site-post-title":"","ast-breadcrumbs-content":"","ast-featured-img":"","footer-sml-layout":"","theme-transparent-header-meta":"default","adv-header-id-meta":"","stick-header-meta":"","header-above-stick-meta":"","header-main-stick-meta":"","header-below-stick-meta":"","astra-migrate-meta-layouts":"set","ast-page-background-enabled":"default","ast-page-background-meta":{"desktop":{"background-color":"","background-image":"","background-repeat":"repeat","background-position":"center center","background-size":"auto","background-attachment":"scroll","background-type":"","background-media":"","overlay-type":"","overlay-color":"","overlay-opacity":"","overlay-gradient":""},"tablet":{"background-color":"","background-image":"","background-repeat":"repeat","background-position":"center center","background-size":"auto","background-attachment":"scroll","background-type":"","background-media":"","overlay-type":"","overlay-color":"","overlay-opacity":"","overlay-gradient":""},"mobile":{"background-color":"","background-image":"","background-repeat":"repeat","background-position":"center center","background-size":"auto","background-attachment":"scroll","background-type":"","background-media":"","overlay-type":"","overlay-color":"","overlay-opacity":"","overlay-gradient":""}},"ast-content-background-meta":{"desktop":{"background-color":"var(--ast-global-color-5)","background-image":"","background-repeat":"repeat","background-position":"center center","background-size":"auto","background-attachment":"scroll","background-type":"","background-media":"","overlay-type":"","overlay-color":"","overlay-opacity":"","overlay-gradient":""},"tablet":{"background-color":"var(--ast-global-color-5)","background-image":"","background-repeat":"repeat","background-position":"center center","background-size":"auto","background-attachment":"scroll","background-type":"","background-media":"","overlay-type":"","overlay-color":"","overlay-opacity":"","overlay-gradient":""},"mobile":{"background-color":"var(--ast-global-color-5)","background-image":"","background-repeat":"repeat","background-position":"center center","background-size":"auto","background-attachment":"scroll","background-type":"","background-media":"","overlay-type":"","overlay-color":"","overlay-opacity":"","overlay-gradient":""}}},"product_brand":[],"product_cat":[44],"product_tag":[],"class_list":{"0":"post-1166","1":"product","2":"type-product","3":"status-publish","4":"has-post-thumbnail","6":"product_cat-reverse-osmosis-pure-water-equipment","7":"desktop-align-left","8":"tablet-align-left","9":"mobile-align-left","11":"first","12":"instock","13":"shipping-taxable","14":"product-type-simple"},"_links":{"self":[{"href":"https:\/\/higheasy.cn\/es\/wp-json\/wp\/v2\/product\/1166","targetHints":{"allow":["GET"]}}],"collection":[{"href":"https:\/\/higheasy.cn\/es\/wp-json\/wp\/v2\/product"}],"about":[{"href":"https:\/\/higheasy.cn\/es\/wp-json\/wp\/v2\/types\/product"}],"wp:featuredmedia":[{"embeddable":true,"href":"https:\/\/higheasy.cn\/es\/wp-json\/wp\/v2\/media\/1176"}],"wp:attachment":[{"href":"https:\/\/higheasy.cn\/es\/wp-json\/wp\/v2\/media?parent=1166"}],"wp:term":[{"taxonomy":"product_brand","embeddable":true,"href":"https:\/\/higheasy.cn\/es\/wp-json\/wp\/v2\/product_brand?post=1166"},{"taxonomy":"product_cat","embeddable":true,"href":"https:\/\/higheasy.cn\/es\/wp-json\/wp\/v2\/product_cat?post=1166"},{"taxonomy":"product_tag","embeddable":true,"href":"https:\/\/higheasy.cn\/es\/wp-json\/wp\/v2\/product_tag?post=1166"}],"curies":[{"name":"wp","href":"https:\/\/api.w.org\/{rel}","templated":true}]}}