{"id":1121,"date":"2023-10-19T07:42:39","date_gmt":"2023-10-19T07:42:39","guid":{"rendered":"https:\/\/mediumturquoise-pheasant-889000.hostingersite.com\/?post_type=product&#038;p=1121"},"modified":"2023-10-19T07:42:58","modified_gmt":"2023-10-19T07:42:58","slug":"packaging-bag-list-3","status":"publish","type":"product","link":"https:\/\/higheasy.cn\/es\/producto\/packaging-bag-list-3\/","title":{"rendered":"Lista de bolsas de embalaje"},"content":{"rendered":"<div class=\"J_module\">\n<div class=\"icbu-pc-detailManyImage magic-1\">\n<div class=\"J_module\">\n<div id=\"ali-anchor-AliMagic-bdh592\" class=\"magic-0\" data-section=\"AliMagic-bdh592\" data-section-title=\"Product Description\" data-spm-anchor-id=\"a2700.details.0.i20.41685b0cQbevY3\"><img fetchpriority=\"high\" decoding=\"async\" class=\"alignnone wp-image-1107\" style=\"font-style: inherit; font-weight: inherit;\" src=\"http:\/\/higheasy.cn\/wp-content\/uploads\/2023\/10\/\u56fe\u72471.png\" alt=\"\" width=\"1069\" height=\"836\" srcset=\"https:\/\/higheasy.cn\/wp-content\/uploads\/2023\/10\/\u56fe\u72471.png 946w, https:\/\/higheasy.cn\/wp-content\/uploads\/2023\/10\/\u56fe\u72471-300x235.png 300w, https:\/\/higheasy.cn\/wp-content\/uploads\/2023\/10\/\u56fe\u72471-768x601.png 768w\" sizes=\"(max-width: 1069px) 100vw, 1069px\" \/> <img decoding=\"async\" class=\"alignnone wp-image-1108\" style=\"font-style: inherit; font-weight: inherit;\" src=\"http:\/\/higheasy.cn\/wp-content\/uploads\/2023\/10\/\u56fe\u72472.png\" alt=\"\" width=\"1107\" height=\"942\" srcset=\"https:\/\/higheasy.cn\/wp-content\/uploads\/2023\/10\/\u56fe\u72472.png 894w, https:\/\/higheasy.cn\/wp-content\/uploads\/2023\/10\/\u56fe\u72472-300x255.png 300w, https:\/\/higheasy.cn\/wp-content\/uploads\/2023\/10\/\u56fe\u72472-768x654.png 768w\" sizes=\"(max-width: 1107px) 100vw, 1107px\" \/> <img decoding=\"async\" class=\"alignnone wp-image-1109\" style=\"font-style: inherit; font-weight: inherit;\" src=\"http:\/\/higheasy.cn\/wp-content\/uploads\/2023\/10\/\u56fe\u72473.png\" alt=\"\" width=\"1061\" height=\"1414\" srcset=\"https:\/\/higheasy.cn\/wp-content\/uploads\/2023\/10\/\u56fe\u72473.png 1080w, https:\/\/higheasy.cn\/wp-content\/uploads\/2023\/10\/\u56fe\u72473-300x400.png 300w, https:\/\/higheasy.cn\/wp-content\/uploads\/2023\/10\/\u56fe\u72473-225x300.png 225w, https:\/\/higheasy.cn\/wp-content\/uploads\/2023\/10\/\u56fe\u72473-768x1024.png 768w\" sizes=\"(max-width: 1061px) 100vw, 1061px\" \/> <img loading=\"lazy\" decoding=\"async\" class=\"alignnone size-full wp-image-1110\" style=\"font-style: inherit; font-weight: inherit;\" src=\"http:\/\/higheasy.cn\/wp-content\/uploads\/2023\/10\/\u56fe\u72474.png\" alt=\"\" width=\"1440\" height=\"754\" srcset=\"https:\/\/higheasy.cn\/wp-content\/uploads\/2023\/10\/\u56fe\u72474.png 1440w, https:\/\/higheasy.cn\/wp-content\/uploads\/2023\/10\/\u56fe\u72474-300x157.png 300w, https:\/\/higheasy.cn\/wp-content\/uploads\/2023\/10\/\u56fe\u72474-1024x536.png 1024w, https:\/\/higheasy.cn\/wp-content\/uploads\/2023\/10\/\u56fe\u72474-768x402.png 768w\" sizes=\"(max-width: 1440px) 100vw, 1440px\" \/> <img loading=\"lazy\" decoding=\"async\" class=\"alignnone wp-image-1111\" style=\"font-style: inherit; font-weight: inherit;\" src=\"http:\/\/higheasy.cn\/wp-content\/uploads\/2023\/10\/\u56fe\u72475.png\" alt=\"\" width=\"1061\" height=\"731\" srcset=\"https:\/\/higheasy.cn\/wp-content\/uploads\/2023\/10\/\u56fe\u72475.png 681w, https:\/\/higheasy.cn\/wp-content\/uploads\/2023\/10\/\u56fe\u72475-300x207.png 300w\" sizes=\"(max-width: 1061px) 100vw, 1061px\" \/> <img loading=\"lazy\" decoding=\"async\" class=\"alignnone wp-image-1112\" style=\"font-style: inherit; font-weight: inherit;\" src=\"http:\/\/higheasy.cn\/wp-content\/uploads\/2023\/10\/\u56fe\u72476.png\" alt=\"\" width=\"1160\" height=\"713\" srcset=\"https:\/\/higheasy.cn\/wp-content\/uploads\/2023\/10\/\u56fe\u72476.png 740w, https:\/\/higheasy.cn\/wp-content\/uploads\/2023\/10\/\u56fe\u72476-300x184.png 300w\" sizes=\"(max-width: 1160px) 100vw, 1160px\" \/><\/div>\n<\/div>\n<\/div>\n<\/div>\n<p><img loading=\"lazy\" decoding=\"async\" class=\"alignnone wp-image-646\" src=\"http:\/\/higheasy.cn\/wp-content\/uploads\/2023\/07\/HTB1Lnd7QMHqK1RjSZFgq6y7JXXaU.jpg\" alt=\"higheasy\" width=\"1238\" height=\"1836\" srcset=\"https:\/\/higheasy.cn\/wp-content\/uploads\/2023\/07\/HTB1Lnd7QMHqK1RjSZFgq6y7JXXaU.jpg 750w, https:\/\/higheasy.cn\/wp-content\/uploads\/2023\/07\/HTB1Lnd7QMHqK1RjSZFgq6y7JXXaU-300x445.jpg 300w, https:\/\/higheasy.cn\/wp-content\/uploads\/2023\/07\/HTB1Lnd7QMHqK1RjSZFgq6y7JXXaU-202x300.jpg 202w, https:\/\/higheasy.cn\/wp-content\/uploads\/2023\/07\/HTB1Lnd7QMHqK1RjSZFgq6y7JXXaU-691x1024.jpg 691w\" sizes=\"(max-width: 1238px) 100vw, 1238px\" \/><\/p>\n<p>La empresa cuenta con un grupo de equipos profesionales de investigaci\u00f3n y desarrollo de tecnolog\u00eda y equipos de procesamiento avanzados, y una serie de patentes de invenci\u00f3n. La compa\u00f1\u00eda produce una amplia variedad de maquinaria de embalaje, los principales productos son: m\u00e1quina de formado, llenado y sellado vertical (VFFS), m\u00e1quina de envasado tipo barra, m\u00e1quina de envasado de polvo, m\u00e1quina de envasado de l\u00edquidos y serie de pesadoras multicabezal, que se utilizan ampliamente en alimentos, productos qu\u00edmicos y bebidas. , productos agr\u00edcolas, juguetes y embalaje en productos industriales y otras industrias, los productos se exportan a todo el mundo y han obtenido agentes de marketing profesionales en muchos pa\u00edses y regiones. Los productos y servicios han sido reconocidos y elogiados un\u00e1nimemente por los clientes.<\/p>\n<p><img loading=\"lazy\" decoding=\"async\" class=\"alignnone size-full wp-image-662\" src=\"http:\/\/higheasy.cn\/wp-content\/uploads\/2023\/07\/5.jpg\" alt=\"small yogurt production line\" width=\"1200\" height=\"604\" srcset=\"https:\/\/higheasy.cn\/wp-content\/uploads\/2023\/07\/5.jpg 1200w, https:\/\/higheasy.cn\/wp-content\/uploads\/2023\/07\/5-300x151.jpg 300w, https:\/\/higheasy.cn\/wp-content\/uploads\/2023\/07\/5-1024x515.jpg 1024w, https:\/\/higheasy.cn\/wp-content\/uploads\/2023\/07\/5-768x387.jpg 768w\" sizes=\"(max-width: 1200px) 100vw, 1200px\" \/><\/p>","protected":false},"excerpt":{"rendered":"<p>The company has a group of professional technology research and development teams and advanced processing equipment, and a number of invention patents.\u00a0 The company produces a wide variety of packing machinery, the main products are: vertical form fill seal (VFFS) machine, stick pack machine, powder packing machine, liquid packing machine and multihead weigher series, which [&hellip;]<\/p>","protected":false},"featured_media":1113,"template":"","meta":{"site-sidebar-layout":"default","site-content-layout":"default","ast-site-content-layout":"default","site-content-style":"default","site-sidebar-style":"default","ast-global-header-display":"","ast-banner-title-visibility":"","ast-main-header-display":"","ast-hfb-above-header-display":"","ast-hfb-below-header-display":"","ast-hfb-mobile-header-display":"","site-post-title":"","ast-breadcrumbs-content":"","ast-featured-img":"","footer-sml-layout":"","theme-transparent-header-meta":"default","adv-header-id-meta":"","stick-header-meta":"","header-above-stick-meta":"","header-main-stick-meta":"","header-below-stick-meta":"","astra-migrate-meta-layouts":"set","ast-page-background-enabled":"default","ast-page-background-meta":{"desktop":{"background-color":"","background-image":"","background-repeat":"repeat","background-position":"center center","background-size":"auto","background-attachment":"scroll","background-type":"","background-media":"","overlay-type":"","overlay-color":"","overlay-opacity":"","overlay-gradient":""},"tablet":{"background-color":"","background-image":"","background-repeat":"repeat","background-position":"center center","background-size":"auto","background-attachment":"scroll","background-type":"","background-media":"","overlay-type":"","overlay-color":"","overlay-opacity":"","overlay-gradient":""},"mobile":{"background-color":"","background-image":"","background-repeat":"repeat","background-position":"center center","background-size":"auto","background-attachment":"scroll","background-type":"","background-media":"","overlay-type":"","overlay-color":"","overlay-opacity":"","overlay-gradient":""}},"ast-content-background-meta":{"desktop":{"background-color":"var(--ast-global-color-5)","background-image":"","background-repeat":"repeat","background-position":"center center","background-size":"auto","background-attachment":"scroll","background-type":"","background-media":"","overlay-type":"","overlay-color":"","overlay-opacity":"","overlay-gradient":""},"tablet":{"background-color":"var(--ast-global-color-5)","background-image":"","background-repeat":"repeat","background-position":"center center","background-size":"auto","background-attachment":"scroll","background-type":"","background-media":"","overlay-type":"","overlay-color":"","overlay-opacity":"","overlay-gradient":""},"mobile":{"background-color":"var(--ast-global-color-5)","background-image":"","background-repeat":"repeat","background-position":"center center","background-size":"auto","background-attachment":"scroll","background-type":"","background-media":"","overlay-type":"","overlay-color":"","overlay-opacity":"","overlay-gradient":""}}},"product_brand":[],"product_cat":[42],"product_tag":[],"class_list":{"0":"post-1121","1":"product","2":"type-product","3":"status-publish","4":"has-post-thumbnail","6":"product_cat-packaging-bag","7":"desktop-align-left","8":"tablet-align-left","9":"mobile-align-left","11":"first","12":"instock","13":"shipping-taxable","14":"product-type-simple"},"_links":{"self":[{"href":"https:\/\/higheasy.cn\/es\/wp-json\/wp\/v2\/product\/1121","targetHints":{"allow":["GET"]}}],"collection":[{"href":"https:\/\/higheasy.cn\/es\/wp-json\/wp\/v2\/product"}],"about":[{"href":"https:\/\/higheasy.cn\/es\/wp-json\/wp\/v2\/types\/product"}],"wp:featuredmedia":[{"embeddable":true,"href":"https:\/\/higheasy.cn\/es\/wp-json\/wp\/v2\/media\/1113"}],"wp:attachment":[{"href":"https:\/\/higheasy.cn\/es\/wp-json\/wp\/v2\/media?parent=1121"}],"wp:term":[{"taxonomy":"product_brand","embeddable":true,"href":"https:\/\/higheasy.cn\/es\/wp-json\/wp\/v2\/product_brand?post=1121"},{"taxonomy":"product_cat","embeddable":true,"href":"https:\/\/higheasy.cn\/es\/wp-json\/wp\/v2\/product_cat?post=1121"},{"taxonomy":"product_tag","embeddable":true,"href":"https:\/\/higheasy.cn\/es\/wp-json\/wp\/v2\/product_tag?post=1121"}],"curies":[{"name":"wp","href":"https:\/\/api.w.org\/{rel}","templated":true}]}}