{"id":1090,"date":"2023-10-18T15:08:35","date_gmt":"2023-10-18T15:08:35","guid":{"rendered":"https:\/\/mediumturquoise-pheasant-889000.hostingersite.com\/?post_type=product&#038;p=1090"},"modified":"2023-10-18T15:12:19","modified_gmt":"2023-10-18T15:12:19","slug":"automatic-jelly-cooking-tank-juice-cooking-tank-soy-milk-cooking-tank-2","status":"publish","type":"product","link":"https:\/\/higheasy.cn\/es\/producto\/automatic-jelly-cooking-tank-juice-cooking-tank-soy-milk-cooking-tank-2\/","title":{"rendered":"Tanque de cocci\u00f3n autom\u00e1tico de gelatina, tanque de cocci\u00f3n de jugo, tanque de cocci\u00f3n de leche de soja"},"content":{"rendered":"<div class=\"J_module\">\n<div class=\"icbu-pc-detailManyImage magic-1\">\n<div class=\"J_module\">\n<div id=\"ali-anchor-AliMagic-bdh592\" class=\"magic-0\" data-section=\"AliMagic-bdh592\" data-section-title=\"Product Description\" data-spm-anchor-id=\"a2700.details.0.i20.41685b0cQbevY3\"><img decoding=\"async\" class=\"magic-3\" style=\"font-style: inherit; font-weight: inherit;\" src=\"https:\/\/sc04.alicdn.com\/kf\/H8d69873d5b424d27bc14b4bac1169536C\/222958773\/H8d69873d5b424d27bc14b4bac1169536C.jpg\" data-src=\"\/\/sc04.alicdn.com\/kf\/H8d69873d5b424d27bc14b4bac1169536C\/222958773\/H8d69873d5b424d27bc14b4bac1169536C.jpg\" \/><\/div>\n<\/div>\n<div class=\"J_module\">\n<div class=\"icbu-pc-detailManyImage magic-1\">\n<div class=\"magic-2\"><img fetchpriority=\"high\" decoding=\"async\" class=\"magic-3\" src=\"https:\/\/sc04.alicdn.com\/kf\/Hd47a0f63a48f47048a8755f1cdaaf850H\/222958773\/Hd47a0f63a48f47048a8755f1cdaaf850H.jpg\" width=\"1024\" height=\"2276\" data-src=\"\/\/sc04.alicdn.com\/kf\/Hd47a0f63a48f47048a8755f1cdaaf850H\/222958773\/Hd47a0f63a48f47048a8755f1cdaaf850H.jpg\" \/><\/div>\n<div class=\"magic-2\"><img decoding=\"async\" class=\"magic-3\" src=\"https:\/\/sc04.alicdn.com\/kf\/Hd47a0f63a48f47048a8755f1cdaaf850H\/222958773\/Hd47a0f63a48f47048a8755f1cdaaf850H.jpg\" width=\"1135\" height=\"2522\" data-src=\"\/\/sc04.alicdn.com\/kf\/Hd47a0f63a48f47048a8755f1cdaaf850H\/222958773\/Hd47a0f63a48f47048a8755f1cdaaf850H.jpg\" \/><\/div>\n<div class=\"magic-2\"><img decoding=\"async\" class=\"magic-3\" src=\"https:\/\/sc04.alicdn.com\/kf\/H2fed12c274f04758a2dd7cd26e45f116e\/222958773\/H2fed12c274f04758a2dd7cd26e45f116e.jpg\" data-src=\"\/\/sc04.alicdn.com\/kf\/H2fed12c274f04758a2dd7cd26e45f116e\/222958773\/H2fed12c274f04758a2dd7cd26e45f116e.jpg\" \/><\/div>\n<div class=\"magic-2\"><img decoding=\"async\" class=\"magic-3\" src=\"https:\/\/sc04.alicdn.com\/kf\/H8d0ac5b3afd248d1b3163f32feae5949C\/222958773\/H8d0ac5b3afd248d1b3163f32feae5949C.jpg\" data-src=\"\/\/sc04.alicdn.com\/kf\/H8d0ac5b3afd248d1b3163f32feae5949C\/222958773\/H8d0ac5b3afd248d1b3163f32feae5949C.jpg\" \/><\/div>\n<\/div>\n<\/div>\n<div class=\"J_module\">\n<div id=\"ali-anchor-AliMagic-jsdlhr\" class=\"magic-0\" data-section=\"AliMagic-jsdlhr\" data-section-title=\"Specification\">Especificaci\u00f3n<\/div>\n<\/div>\n<div class=\"J_module\">\n<div class=\"ife-detail-decorate-table\">\n<table class=\"has-title all magic-4\">\n<tbody>\n<tr>\n<td colspan=\"1\" rowspan=\"1\">\n<div class=\"magic-5\">art\u00edculo<\/div>\n<\/td>\n<td colspan=\"1\" rowspan=\"1\">\n<div class=\"magic-6\">valor<\/div>\n<\/td>\n<\/tr>\n<tr>\n<td colspan=\"1\" rowspan=\"1\">\n<div class=\"magic-5\">Condici\u00f3n<\/div>\n<\/td>\n<td colspan=\"1\" rowspan=\"1\">\n<div class=\"magic-6\">Nuevo<\/div>\n<\/td>\n<\/tr>\n<tr>\n<td colspan=\"1\" rowspan=\"1\">\n<div class=\"magic-5\">Tipo<\/div>\n<\/td>\n<td colspan=\"1\" rowspan=\"1\">\n<div class=\"magic-6\">Maquina de llenado<\/div>\n<\/td>\n<\/tr>\n<tr>\n<td colspan=\"1\" rowspan=\"1\">\n<div class=\"magic-5\">Capacidad de maquinaria<\/div>\n<\/td>\n<td colspan=\"1\" rowspan=\"1\">\n<div class=\"magic-6\">0-19 l\/h<\/div>\n<\/td>\n<\/tr>\n<tr>\n<td colspan=\"1\" rowspan=\"1\">\n<div class=\"magic-5\">Industrias aplicables<\/div>\n<\/td>\n<td colspan=\"1\" rowspan=\"1\">\n<div class=\"magic-6\">Planta de fabricaci\u00f3n, f\u00e1brica de alimentos y bebidas<\/div>\n<\/td>\n<\/tr>\n<tr>\n<td colspan=\"1\" rowspan=\"1\">\n<div class=\"magic-5\">Ubicaci\u00f3n de la sala de exposici\u00f3n<\/div>\n<\/td>\n<td colspan=\"1\" rowspan=\"1\">\n<div class=\"magic-6\">Ninguno<\/div>\n<\/td>\n<\/tr>\n<tr>\n<td colspan=\"1\" rowspan=\"1\">\n<div class=\"magic-5\">Solicitud<\/div>\n<\/td>\n<td colspan=\"1\" rowspan=\"1\">\n<div class=\"magic-6\">Alimentos, bebidas, productos b\u00e1sicos, productos qu\u00edmicos<\/div>\n<\/td>\n<\/tr>\n<tr>\n<td colspan=\"1\" rowspan=\"1\">\n<div class=\"magic-5\">Tipo de embalaje<\/div>\n<\/td>\n<td colspan=\"1\" rowspan=\"1\">\n<div class=\"magic-6\">polvo<\/div>\n<\/td>\n<\/tr>\n<tr>\n<td colspan=\"1\" rowspan=\"1\">\n<div class=\"magic-5\">Material de embalaje<\/div>\n<\/td>\n<td colspan=\"1\" rowspan=\"1\">\n<div class=\"magic-6\">Pl\u00e1stico, metal, vidrio<\/div>\n<\/td>\n<\/tr>\n<tr>\n<td colspan=\"1\" rowspan=\"1\">\n<div class=\"magic-5\">Calificaci\u00f3n autom\u00e1tica<\/div>\n<\/td>\n<td colspan=\"1\" rowspan=\"1\">\n<div class=\"magic-6\">Semiautom\u00e1tico<\/div>\n<\/td>\n<\/tr>\n<tr>\n<td colspan=\"1\" rowspan=\"1\">\n<div class=\"magic-5\">Tipo impulsado<\/div>\n<\/td>\n<td colspan=\"1\" rowspan=\"1\">\n<div class=\"magic-6\">Mec\u00e1nico<\/div>\n<\/td>\n<\/tr>\n<tr>\n<td colspan=\"1\" rowspan=\"1\">\n<div class=\"magic-5\">Voltaje<\/div>\n<\/td>\n<td colspan=\"1\" rowspan=\"1\">\n<div class=\"magic-6\">220 V 50-60 Hz<\/div>\n<\/td>\n<\/tr>\n<tr>\n<td colspan=\"1\" rowspan=\"1\">\n<div class=\"magic-5\">Lugar de origen<\/div>\n<\/td>\n<td colspan=\"1\" rowspan=\"1\">\n<div class=\"magic-6\">Porcelana<\/div>\n<\/td>\n<\/tr>\n<tr>\n<td colspan=\"1\" rowspan=\"1\">\n<div class=\"magic-5\"><\/div>\n<\/td>\n<td colspan=\"1\" rowspan=\"1\">\n<div class=\"magic-6\">Guangdong<\/div>\n<\/td>\n<\/tr>\n<tr>\n<td colspan=\"1\" rowspan=\"1\">\n<div class=\"magic-5\">Nombre de marca<\/div>\n<\/td>\n<td colspan=\"1\" rowspan=\"1\">\n<div class=\"magic-6\"><\/div>\n<\/td>\n<\/tr>\n<tr>\n<td colspan=\"1\" rowspan=\"1\">\n<div class=\"magic-5\">Dimensiones (L*An*Al)<\/div>\n<\/td>\n<td colspan=\"1\" rowspan=\"1\">\n<div class=\"magic-6\">885*790*2250mm<\/div>\n<\/td>\n<\/tr>\n<tr>\n<td colspan=\"1\" rowspan=\"1\">\n<div class=\"magic-5\">Peso<\/div>\n<\/td>\n<td colspan=\"1\" rowspan=\"1\">\n<div class=\"magic-6\">50 kg<\/div>\n<\/td>\n<\/tr>\n<tr>\n<td colspan=\"1\" rowspan=\"1\">\n<div class=\"magic-5\">Garant\u00eda<\/div>\n<\/td>\n<td colspan=\"1\" rowspan=\"1\">\n<div class=\"magic-6\">1 a\u00f1o<\/div>\n<\/td>\n<\/tr>\n<tr>\n<td colspan=\"1\" rowspan=\"1\">\n<div class=\"magic-5\">Puntos de venta clave<\/div>\n<\/td>\n<td colspan=\"1\" rowspan=\"1\">\n<div class=\"magic-6\">F\u00e1cil de operar<\/div>\n<\/td>\n<\/tr>\n<tr>\n<td colspan=\"1\" rowspan=\"1\">\n<div class=\"magic-5\">Material de relleno<\/div>\n<\/td>\n<td colspan=\"1\" rowspan=\"1\">\n<div class=\"magic-6\">Polvo, part\u00edculas<\/div>\n<\/td>\n<\/tr>\n<tr>\n<td colspan=\"1\" rowspan=\"1\">\n<div class=\"magic-5\">Precisi\u00f3n de llenado<\/div>\n<\/td>\n<td colspan=\"1\" rowspan=\"1\">\n<div class=\"magic-6\">99%<\/div>\n<\/td>\n<\/tr>\n<tr>\n<td colspan=\"1\" rowspan=\"1\">\n<div class=\"magic-5\">Informe de prueba de maquinaria<\/div>\n<\/td>\n<td colspan=\"1\" rowspan=\"1\">\n<div class=\"magic-6\">No disponible<\/div>\n<\/td>\n<\/tr>\n<tr>\n<td colspan=\"1\" rowspan=\"1\">\n<div class=\"magic-5\">V\u00eddeo de inspecci\u00f3n de salida<\/div>\n<\/td>\n<td colspan=\"1\" rowspan=\"1\">\n<div class=\"magic-6\">No disponible<\/div>\n<\/td>\n<\/tr>\n<tr>\n<td colspan=\"1\" rowspan=\"1\">\n<div class=\"magic-5\">Garant\u00eda de los componentes principales<\/div>\n<\/td>\n<td colspan=\"1\" rowspan=\"1\">\n<div class=\"magic-6\">1 a\u00f1o<\/div>\n<\/td>\n<\/tr>\n<tr>\n<td colspan=\"1\" rowspan=\"1\">\n<div class=\"magic-5\">Componentes principales<\/div>\n<\/td>\n<td colspan=\"1\" rowspan=\"1\">\n<div class=\"magic-6\">Motor, Cojinete<\/div>\n<\/td>\n<\/tr>\n<tr>\n<td colspan=\"1\" rowspan=\"1\">\n<div class=\"magic-5\"><\/div>\n<\/td>\n<td colspan=\"1\" rowspan=\"1\">\n<div class=\"magic-6\"><\/div>\n<\/td>\n<\/tr>\n<\/tbody>\n<\/table>\n<\/div>\n<\/div>\n<div class=\"J_module\">\n<div id=\"ali-anchor-AliMagic-2c2vda\" class=\"magic-0\" data-section=\"AliMagic-2c2vda\" data-section-title=\"Company Profile\">Perfil de la empresa<\/div>\n<\/div>\n<div class=\"J_module\">\n<div class=\"detail-decorate-json-renderer-container\">\n<div class=\"magic-7\">\n<h3 class=\"magic-8\"><span class=\"magic-9\">M\u00e1quina llenadora cuantificadora de tornillos autom\u00e1tica<\/span><\/h3>\n<div class=\"magic-10\">\n<div class=\"magic-11\">\n<div class=\"magic-12\">\n(Principalmente, completa el trabajo de llenado y medici\u00f3n de alta precisi\u00f3n. Puede formar un conjunto completo de l\u00ednea de ensamblaje enlatado con otros<br \/>\nEquipo adecuado para leche en polvo enlatada, prote\u00edna en polvo, pollo en polvo, glucosa, arroz en polvo, cacao en polvo, bebidas s\u00f3lidas,<br \/>\netc.<br \/>\n2. Par\u00e1metros t\u00e9cnicos de la envasadora autom\u00e1tica de conservas<\/p>\n<p>M\u00e9todo de medici\u00f3n: tipo de llenado en espiral<br \/>\nVoltaje monof\u00e1sico 220v Velocidad de 30 a 50 latas por minuto<br \/>\nLargo, ancho y alto 2000x800x1800mm<br \/>\nAjuste de velocidad de conversi\u00f3n de frecuencia de toda la m\u00e1quina, producci\u00f3n de acero inoxidable 304 de toda la m\u00e1quina, uso de la cinta transportadora<br \/>\nTablero de cadena de pl\u00e1stico POM con longitud total de 2 metros<br \/>\nPotencia total: 1.500 w<br \/>\nPeso total de la m\u00e1quina: 500 KG<br \/>\nMotor de accionamiento de tornillo cuantitativo: servomotor 130\/1,5KW-6N<br \/>\nConsumo de gas: 0,3 \u33a5\/min<br \/>\nPrecisi\u00f3n del embalaje: peso del paquete (dependiendo de las propiedades del material)<br \/>\n&lt; 500 g desviaci\u00f3n \u2264 \u00b1 1,5 g<br \/>\nDesviaci\u00f3n de 500 g a 1000 g \u2264 \u00b1 2,5 g<br \/>\n&gt;1000 g de desviaci\u00f3n \u2264 4 g<\/p>\n<p><strong>Caracter\u00edsticas principales:<\/strong><\/p>\n<p>Funci\u00f3n de agitaci\u00f3n + motor servoaccionado de estaci\u00f3n de producto de alta precisi\u00f3n para garantizar una alta precisi\u00f3n cuantitativa. Tornillo de control del servomotor y del servoaccionamiento, rendimiento estable, alta precisi\u00f3n. Estructura totalmente de acero inoxidable; caja de material abierta horizontal (interior<br \/>\ny exterior pulido), muy f\u00e1cil de limpiar. El cabezal de llenado est\u00e1 equipado con un volante de ajuste de altura, f\u00e1cil de realizar.<br \/>\nEnvasado con tanque externo. Equipado con una bolsa de tela para eliminar el polvo, sin contaminaci\u00f3n del medio ambiente por polvo. Razonablemente compacto.<br \/>\nEstructura de tama\u00f1o reducido, f\u00e1cil de limpiar. Estructura de instalaci\u00f3n con tornillos fijos, enlatado sin contaminaci\u00f3n por metales.<\/p><\/div>\n<div><\/div>\n<\/div>\n<\/div>\n<\/div>\n<\/div>\n<\/div>\n<div class=\"J_module\">\n<div class=\"detail-decorate-json-renderer-container\">\n<div class=\"magic-7\">\n<p class=\"magic-8\"><strong><span class=\"magic-9\">Caracter\u00edsticas:<\/span><\/strong><\/p>\n<div class=\"magic-10\">\n<div class=\"magic-11\">\n<div class=\"magic-12\">\n<div>1. R\u00e1pida velocidad de embalaje.<\/div>\n<div>2. Utilice el control de pantalla t\u00e1ctil PLC, f\u00e1cil de operar.<br \/>\n3. Tapa de llenado y dosificaci\u00f3n autom\u00e1tica<br \/>\n4. Excelente calidad de sellado.<br \/>\n5. Cuerpo de acero inoxidable (no impermeable)<br \/>\n6. Sistema de prevenci\u00f3n perfecto (garantiza el rendimiento del producto terminado)<\/p>\n<p><strong>Flujo de trabajo y caracter\u00edsticas de la m\u00e1quina llenadora lineal<\/strong><br \/>\n1. M\u00e1quina envasadora manual de botellas, la botella se env\u00eda desde la cinta transportadora a la m\u00e1quina llenadora;<br \/>\n2. Verifique el biber\u00f3n a trav\u00e9s del sistema fotoel\u00e9ctrico. (No retenga el biber\u00f3n, detenga la alimentaci\u00f3n)<br \/>\n3. Tanque de intercepci\u00f3n de cilindros, llenado<br \/>\n4. Transporte por cinta estrecha, el polvo es f\u00e1cil de recoger y gestionar.<br \/>\n5. La m\u00e1quina de tapar coloca la tapa autom\u00e1ticamente.<br \/>\n6. Tapa colgante autom\u00e1tica, tapa a presi\u00f3n y tapa giratoria.<br \/>\n7. Pegar la etiqueta 8. Salida de productos terminados<\/p>\n<p><strong>Descripci\u00f3n del producto de la m\u00e1quina tapadora completamente autom\u00e1tica<\/strong><br \/>\nEste producto es adecuado para todo tipo de productos qu\u00edmicos diarios, medicamentos, boquillas de la industria alimentaria, cabezales de bombas, cabezales de botellas y botellas redondas.<br \/>\nTapa, tapa de boca de pato y otras m\u00e1quinas de tapa de bloqueo de tapa de botella, el uso de electricidad, movimiento de control de combinaci\u00f3n de gas, alto<br \/>\nestabilidad, puede bloquear diferentes formas y especificaciones de la tapa de la botella, la velocidad de bloqueo de la tapa se puede ajustar, se puede ajustar<br \/>\nSeg\u00fan la hermeticidad de las tapas de las botellas. Esta m\u00e1quina es f\u00e1cil de operar y usar, y es una buena m\u00e1quina para reemplazar las tapas de las botellas.<br \/>\nCubierta giratoria de mano humana.<br \/>\nModelo del producto: TF-SGJ-001<br \/>\nVoltaje: CA 220 V 50\/60 Hz<br \/>\nPotencia: 800 W<br \/>\nPresi\u00f3n de aire: 0,4-0,6 MPa<br \/>\nRango de cobertura: \u03a6 18-65 mm (personalizado seg\u00fan los requisitos)<br \/>\nVelocidad de centrifugado: 20-45 botellas\/min<br \/>\nAdaptable a la altura de la botella: 50-300 mm (se puede personalizar seg\u00fan sea necesario)<br \/>\nTipo de tapa de botella: pl\u00e1stico, material met\u00e1lico de tapa redonda, tapa de cabezal de bomba, tapa de boca de pato, etc.<br \/>\nEl peso de la m\u00e1quina: 90 kg.<br \/>\nTama\u00f1o de apariencia: 760X1450X2000mm<\/div>\n<\/div>\n<\/div>\n<\/div>\n<\/div>\n<\/div>\n<\/div>\n<\/div>\n<\/div>\n<p><img decoding=\"async\" class=\"alignnone wp-image-646\" src=\"http:\/\/higheasy.cn\/wp-content\/uploads\/2023\/07\/HTB1Lnd7QMHqK1RjSZFgq6y7JXXaU.jpg\" alt=\"higheasy\" width=\"1238\" height=\"1836\" srcset=\"https:\/\/higheasy.cn\/wp-content\/uploads\/2023\/07\/HTB1Lnd7QMHqK1RjSZFgq6y7JXXaU.jpg 750w, https:\/\/higheasy.cn\/wp-content\/uploads\/2023\/07\/HTB1Lnd7QMHqK1RjSZFgq6y7JXXaU-300x445.jpg 300w, https:\/\/higheasy.cn\/wp-content\/uploads\/2023\/07\/HTB1Lnd7QMHqK1RjSZFgq6y7JXXaU-202x300.jpg 202w, https:\/\/higheasy.cn\/wp-content\/uploads\/2023\/07\/HTB1Lnd7QMHqK1RjSZFgq6y7JXXaU-691x1024.jpg 691w\" sizes=\"(max-width: 1238px) 100vw, 1238px\" \/><\/p>\n<p>La empresa cuenta con un grupo de equipos profesionales de investigaci\u00f3n y desarrollo de tecnolog\u00eda y equipos de procesamiento avanzados, y una serie de patentes de invenci\u00f3n. La compa\u00f1\u00eda produce una amplia variedad de maquinaria de embalaje, los principales productos son: m\u00e1quina de formado, llenado y sellado vertical (VFFS), m\u00e1quina de envasado tipo barra, m\u00e1quina de envasado de polvo, m\u00e1quina de envasado de l\u00edquidos y serie de pesadoras multicabezal, que se utilizan ampliamente en alimentos, productos qu\u00edmicos y bebidas. , productos agr\u00edcolas, juguetes y embalaje en productos industriales y otras industrias, los productos se exportan a todo el mundo y han obtenido agentes de marketing profesionales en muchos pa\u00edses y regiones. Los productos y servicios han sido reconocidos y elogiados un\u00e1nimemente por los clientes.<\/p>\n<p><img loading=\"lazy\" decoding=\"async\" class=\"alignnone size-full wp-image-662\" src=\"http:\/\/higheasy.cn\/wp-content\/uploads\/2023\/07\/5.jpg\" alt=\"small yogurt production line\" width=\"1200\" height=\"604\" srcset=\"https:\/\/higheasy.cn\/wp-content\/uploads\/2023\/07\/5.jpg 1200w, https:\/\/higheasy.cn\/wp-content\/uploads\/2023\/07\/5-300x151.jpg 300w, https:\/\/higheasy.cn\/wp-content\/uploads\/2023\/07\/5-1024x515.jpg 1024w, https:\/\/higheasy.cn\/wp-content\/uploads\/2023\/07\/5-768x387.jpg 768w\" sizes=\"(max-width: 1200px) 100vw, 1200px\" \/><\/p>","protected":false},"excerpt":{"rendered":"<p>Specification item value Condition New Type Filling Machine Machinery Capacity 0-19L\/H Applicable Industries Manufacturing Plant, Food &amp; Beverage Factory Showroom Location None Application Food, Beverage, Commodity, Chemical Packaging Type powder Packaging Material Plastic, Metal, Glass Automatic Grade Semi-automatic Driven Type Mechanical Voltage 220V 50-60HZ Place of Origin China Guangdong Brand Name Dimension(L*W*H) 885*790*2250mm Weight 50KG [&hellip;]<\/p>","protected":false},"featured_media":1091,"template":"","meta":{"site-sidebar-layout":"default","site-content-layout":"default","ast-site-content-layout":"default","site-content-style":"default","site-sidebar-style":"default","ast-global-header-display":"","ast-banner-title-visibility":"","ast-main-header-display":"","ast-hfb-above-header-display":"","ast-hfb-below-header-display":"","ast-hfb-mobile-header-display":"","site-post-title":"","ast-breadcrumbs-content":"","ast-featured-img":"","footer-sml-layout":"","theme-transparent-header-meta":"default","adv-header-id-meta":"","stick-header-meta":"","header-above-stick-meta":"","header-main-stick-meta":"","header-below-stick-meta":"","astra-migrate-meta-layouts":"set","ast-page-background-enabled":"default","ast-page-background-meta":{"desktop":{"background-color":"","background-image":"","background-repeat":"repeat","background-position":"center center","background-size":"auto","background-attachment":"scroll","background-type":"","background-media":"","overlay-type":"","overlay-color":"","overlay-opacity":"","overlay-gradient":""},"tablet":{"background-color":"","background-image":"","background-repeat":"repeat","background-position":"center center","background-size":"auto","background-attachment":"scroll","background-type":"","background-media":"","overlay-type":"","overlay-color":"","overlay-opacity":"","overlay-gradient":""},"mobile":{"background-color":"","background-image":"","background-repeat":"repeat","background-position":"center center","background-size":"auto","background-attachment":"scroll","background-type":"","background-media":"","overlay-type":"","overlay-color":"","overlay-opacity":"","overlay-gradient":""}},"ast-content-background-meta":{"desktop":{"background-color":"var(--ast-global-color-5)","background-image":"","background-repeat":"repeat","background-position":"center center","background-size":"auto","background-attachment":"scroll","background-type":"","background-media":"","overlay-type":"","overlay-color":"","overlay-opacity":"","overlay-gradient":""},"tablet":{"background-color":"var(--ast-global-color-5)","background-image":"","background-repeat":"repeat","background-position":"center center","background-size":"auto","background-attachment":"scroll","background-type":"","background-media":"","overlay-type":"","overlay-color":"","overlay-opacity":"","overlay-gradient":""},"mobile":{"background-color":"var(--ast-global-color-5)","background-image":"","background-repeat":"repeat","background-position":"center center","background-size":"auto","background-attachment":"scroll","background-type":"","background-media":"","overlay-type":"","overlay-color":"","overlay-opacity":"","overlay-gradient":""}}},"product_brand":[],"product_cat":[40],"product_tag":[],"class_list":{"0":"post-1090","1":"product","2":"type-product","3":"status-publish","4":"has-post-thumbnail","6":"product_cat-accessories","7":"desktop-align-left","8":"tablet-align-left","9":"mobile-align-left","11":"first","12":"instock","13":"shipping-taxable","14":"product-type-simple"},"_links":{"self":[{"href":"https:\/\/higheasy.cn\/es\/wp-json\/wp\/v2\/product\/1090","targetHints":{"allow":["GET"]}}],"collection":[{"href":"https:\/\/higheasy.cn\/es\/wp-json\/wp\/v2\/product"}],"about":[{"href":"https:\/\/higheasy.cn\/es\/wp-json\/wp\/v2\/types\/product"}],"wp:featuredmedia":[{"embeddable":true,"href":"https:\/\/higheasy.cn\/es\/wp-json\/wp\/v2\/media\/1091"}],"wp:attachment":[{"href":"https:\/\/higheasy.cn\/es\/wp-json\/wp\/v2\/media?parent=1090"}],"wp:term":[{"taxonomy":"product_brand","embeddable":true,"href":"https:\/\/higheasy.cn\/es\/wp-json\/wp\/v2\/product_brand?post=1090"},{"taxonomy":"product_cat","embeddable":true,"href":"https:\/\/higheasy.cn\/es\/wp-json\/wp\/v2\/product_cat?post=1090"},{"taxonomy":"product_tag","embeddable":true,"href":"https:\/\/higheasy.cn\/es\/wp-json\/wp\/v2\/product_tag?post=1090"}],"curies":[{"name":"wp","href":"https:\/\/api.w.org\/{rel}","templated":true}]}}