{"id":1077,"date":"2023-10-18T14:55:03","date_gmt":"2023-10-18T14:55:03","guid":{"rendered":"https:\/\/mediumturquoise-pheasant-889000.hostingersite.com\/?post_type=product&#038;p=1077"},"modified":"2023-10-18T15:12:51","modified_gmt":"2023-10-18T15:12:51","slug":"automatic-carton-box-case-sealer-opening-sealing-machine","status":"publish","type":"product","link":"https:\/\/higheasy.cn\/es\/producto\/automatic-carton-box-case-sealer-opening-sealing-machine\/","title":{"rendered":"M\u00e1quina autom\u00e1tica de sellado de apertura de cajas de cart\u00f3n"},"content":{"rendered":"<div class=\"J_module\">\n<div class=\"icbu-pc-detailManyImage magic-1\">\n<p><span data-spm-anchor-id=\"a2700.details.0.i19.7d4c58a4LXyZc3\">INTRODUCCI\u00d3N<\/span><\/p>\n<p>La velocidad de apertura vertical puede alcanzar 10 cajas en un minuto.  La m\u00e1quina abridora ha sido ampliamente utilizada en alimentos, medicinas, bebidas, tabaco, productos qu\u00edmicos diarios, electr\u00f3nica y otras industrias.<\/p>\n<p>&nbsp;<\/p>\n<p>CARACTER\u00cdSTICAS<\/p>\n<ul>\n<li>Utilice piezas duraderas, componentes el\u00e9ctricos y componentes neum\u00e1ticos;<\/li>\n<li>Se puede utilizar con una sola m\u00e1quina y tambi\u00e9n se puede utilizar con una l\u00ednea de envasado autom\u00e1tica;<\/li>\n<li>Almacenamiento de cart\u00f3n vertical, pudiendo reponerse en cualquier momento sin parada<\/li>\n<li>Ahorre costos de mano de obra, empaquete autom\u00e1ticamente con la m\u00e1quina en lugar de completarlo manualmente<\/li>\n<li>Mejorar la eficiencia. El dise\u00f1o razonable de la m\u00e1quina de cubierta inferior, fondo plegable y fondo sellado con operaciones sincr\u00f3nicas.<\/li>\n<li>Montaje de cajas de cart\u00f3n, velocidad de apertura estable de las cajas, mayor eficiencia.<\/li>\n<li>M\u00e1s seguro. Se instala con una cubierta protectora de plexigl\u00e1s transparente y detiene la puerta autom\u00e1ticamente para evitar accidentes de operaci\u00f3n.<\/li>\n<\/ul>\n<p>&nbsp;<\/p>\n<p>PAR\u00c1METROS<\/p>\n<table border=\"1\" cellspacing=\"0\">\n<tbody>\n<tr>\n<td colspan=\"2\" valign=\"top\" width=\"653\">Par\u00e1metros del modelo<\/td>\n<\/tr>\n<tr>\n<td valign=\"top\" width=\"247\">Velocidad de apertura de cajas<\/td>\n<td valign=\"top\" width=\"406\">8-10 cajas\/minuto<\/td>\n<\/tr>\n<tr>\n<td valign=\"top\" width=\"247\">Tama\u00f1o del cart\u00f3n<\/td>\n<td valign=\"top\" width=\"406\">L320-650xAn200-500xAl150-500mm<\/td>\n<\/tr>\n<tr>\n<td valign=\"top\" width=\"247\">Fuente de alimentaci\u00f3n<\/td>\n<td valign=\"top\" width=\"406\">220V 50\/60Hz 1 Fase<\/td>\n<\/tr>\n<tr>\n<td valign=\"top\" width=\"247\">Fuerza<\/td>\n<td valign=\"top\" width=\"406\">240W<\/td>\n<\/tr>\n<tr>\n<td valign=\"top\" width=\"247\">Ancho de la cinta adhesiva<\/td>\n<td valign=\"top\" width=\"406\">48\/65-72 mm (elija un tipo)<\/td>\n<\/tr>\n<tr>\n<td valign=\"top\" width=\"247\">Cantidad de almacenamiento de cart\u00f3n<\/td>\n<td valign=\"top\" width=\"406\">80-100 piezas (1000 mm)<\/td>\n<\/tr>\n<tr>\n<td valign=\"top\" width=\"247\">Consumo de aire<\/td>\n<td valign=\"top\" width=\"406\">500NL\/minuto<\/td>\n<\/tr>\n<tr>\n<td valign=\"top\" width=\"247\">Compresi\u00f3n de aire<\/td>\n<td valign=\"top\" width=\"406\">6 kg\/cm\u00b3<\/td>\n<\/tr>\n<tr>\n<td valign=\"top\" width=\"247\">Altura de la mesa<\/td>\n<td valign=\"top\" width=\"406\">620+30mm<\/td>\n<\/tr>\n<tr>\n<td valign=\"top\" width=\"247\">Dimensi\u00f3n de la m\u00e1quina<\/td>\n<td valign=\"top\" width=\"406\">L2350\u00d7W2100\u00d7H1650mm<\/td>\n<\/tr>\n<tr>\n<td valign=\"top\" width=\"247\">Peso de la m\u00e1quina<\/td>\n<td valign=\"top\" width=\"406\">500 kilos<\/td>\n<\/tr>\n<\/tbody>\n<\/table>\n<\/div>\n<\/div>\n<p><img fetchpriority=\"high\" decoding=\"async\" class=\"alignnone wp-image-646\" src=\"http:\/\/higheasy.cn\/wp-content\/uploads\/2023\/07\/HTB1Lnd7QMHqK1RjSZFgq6y7JXXaU.jpg\" alt=\"higheasy\" width=\"1238\" height=\"1836\" srcset=\"https:\/\/higheasy.cn\/wp-content\/uploads\/2023\/07\/HTB1Lnd7QMHqK1RjSZFgq6y7JXXaU.jpg 750w, https:\/\/higheasy.cn\/wp-content\/uploads\/2023\/07\/HTB1Lnd7QMHqK1RjSZFgq6y7JXXaU-300x445.jpg 300w, https:\/\/higheasy.cn\/wp-content\/uploads\/2023\/07\/HTB1Lnd7QMHqK1RjSZFgq6y7JXXaU-202x300.jpg 202w, https:\/\/higheasy.cn\/wp-content\/uploads\/2023\/07\/HTB1Lnd7QMHqK1RjSZFgq6y7JXXaU-691x1024.jpg 691w\" sizes=\"(max-width: 1238px) 100vw, 1238px\" \/><\/p>\n<p>La empresa cuenta con un grupo de equipos profesionales de investigaci\u00f3n y desarrollo de tecnolog\u00eda y equipos de procesamiento avanzados, y una serie de patentes de invenci\u00f3n. La compa\u00f1\u00eda produce una amplia variedad de maquinaria de embalaje, los principales productos son: m\u00e1quina de formado, llenado y sellado vertical (VFFS), m\u00e1quina de envasado tipo barra, m\u00e1quina de envasado de polvo, m\u00e1quina de envasado de l\u00edquidos y serie de pesadoras multicabezal, que se utilizan ampliamente en alimentos, productos qu\u00edmicos y bebidas. , productos agr\u00edcolas, juguetes y embalaje en productos industriales y otras industrias, los productos se exportan a todo el mundo y han obtenido agentes de marketing profesionales en muchos pa\u00edses y regiones. Los productos y servicios han sido reconocidos y elogiados un\u00e1nimemente por los clientes.<\/p>\n<p><img decoding=\"async\" class=\"alignnone size-full wp-image-662\" src=\"http:\/\/higheasy.cn\/wp-content\/uploads\/2023\/07\/5.jpg\" alt=\"small yogurt production line\" width=\"1200\" height=\"604\" srcset=\"https:\/\/higheasy.cn\/wp-content\/uploads\/2023\/07\/5.jpg 1200w, https:\/\/higheasy.cn\/wp-content\/uploads\/2023\/07\/5-300x151.jpg 300w, https:\/\/higheasy.cn\/wp-content\/uploads\/2023\/07\/5-1024x515.jpg 1024w, https:\/\/higheasy.cn\/wp-content\/uploads\/2023\/07\/5-768x387.jpg 768w\" sizes=\"(max-width: 1200px) 100vw, 1200px\" \/><\/p>","protected":false},"excerpt":{"rendered":"<p>INTRODUCTION The vertical\u00a0opening\u00a0speed can reach 10cartons in one minute. \u00a0The\u00a0opening\u00a0machine has been widely used in food, medicine, beverage, tobacco, daily chemicals, electronics and other industries. &nbsp; CHARACTERISTICS Use durable parts, electrical components and pneumatic components; Can be used with single machine operation also can be used with automatic packaging line; Vertical \u00a0cardboard storage , and [&hellip;]<\/p>","protected":false},"featured_media":1078,"template":"","meta":{"site-sidebar-layout":"default","site-content-layout":"default","ast-site-content-layout":"default","site-content-style":"default","site-sidebar-style":"default","ast-global-header-display":"","ast-banner-title-visibility":"","ast-main-header-display":"","ast-hfb-above-header-display":"","ast-hfb-below-header-display":"","ast-hfb-mobile-header-display":"","site-post-title":"","ast-breadcrumbs-content":"","ast-featured-img":"","footer-sml-layout":"","theme-transparent-header-meta":"default","adv-header-id-meta":"","stick-header-meta":"","header-above-stick-meta":"","header-main-stick-meta":"","header-below-stick-meta":"","astra-migrate-meta-layouts":"set","ast-page-background-enabled":"default","ast-page-background-meta":{"desktop":{"background-color":"","background-image":"","background-repeat":"repeat","background-position":"center center","background-size":"auto","background-attachment":"scroll","background-type":"","background-media":"","overlay-type":"","overlay-color":"","overlay-opacity":"","overlay-gradient":""},"tablet":{"background-color":"","background-image":"","background-repeat":"repeat","background-position":"center center","background-size":"auto","background-attachment":"scroll","background-type":"","background-media":"","overlay-type":"","overlay-color":"","overlay-opacity":"","overlay-gradient":""},"mobile":{"background-color":"","background-image":"","background-repeat":"repeat","background-position":"center center","background-size":"auto","background-attachment":"scroll","background-type":"","background-media":"","overlay-type":"","overlay-color":"","overlay-opacity":"","overlay-gradient":""}},"ast-content-background-meta":{"desktop":{"background-color":"var(--ast-global-color-5)","background-image":"","background-repeat":"repeat","background-position":"center center","background-size":"auto","background-attachment":"scroll","background-type":"","background-media":"","overlay-type":"","overlay-color":"","overlay-opacity":"","overlay-gradient":""},"tablet":{"background-color":"var(--ast-global-color-5)","background-image":"","background-repeat":"repeat","background-position":"center center","background-size":"auto","background-attachment":"scroll","background-type":"","background-media":"","overlay-type":"","overlay-color":"","overlay-opacity":"","overlay-gradient":""},"mobile":{"background-color":"var(--ast-global-color-5)","background-image":"","background-repeat":"repeat","background-position":"center center","background-size":"auto","background-attachment":"scroll","background-type":"","background-media":"","overlay-type":"","overlay-color":"","overlay-opacity":"","overlay-gradient":""}}},"product_brand":[],"product_cat":[22,41],"product_tag":[],"class_list":{"0":"post-1077","1":"product","2":"type-product","3":"status-publish","4":"has-post-thumbnail","6":"product_cat-hot-products","7":"product_cat-carton-box-sealer-sealing-machine","8":"desktop-align-left","9":"tablet-align-left","10":"mobile-align-left","12":"first","13":"instock","14":"shipping-taxable","15":"product-type-simple"},"_links":{"self":[{"href":"https:\/\/higheasy.cn\/es\/wp-json\/wp\/v2\/product\/1077","targetHints":{"allow":["GET"]}}],"collection":[{"href":"https:\/\/higheasy.cn\/es\/wp-json\/wp\/v2\/product"}],"about":[{"href":"https:\/\/higheasy.cn\/es\/wp-json\/wp\/v2\/types\/product"}],"wp:featuredmedia":[{"embeddable":true,"href":"https:\/\/higheasy.cn\/es\/wp-json\/wp\/v2\/media\/1078"}],"wp:attachment":[{"href":"https:\/\/higheasy.cn\/es\/wp-json\/wp\/v2\/media?parent=1077"}],"wp:term":[{"taxonomy":"product_brand","embeddable":true,"href":"https:\/\/higheasy.cn\/es\/wp-json\/wp\/v2\/product_brand?post=1077"},{"taxonomy":"product_cat","embeddable":true,"href":"https:\/\/higheasy.cn\/es\/wp-json\/wp\/v2\/product_cat?post=1077"},{"taxonomy":"product_tag","embeddable":true,"href":"https:\/\/higheasy.cn\/es\/wp-json\/wp\/v2\/product_tag?post=1077"}],"curies":[{"name":"wp","href":"https:\/\/api.w.org\/{rel}","templated":true}]}}