{"id":1075,"date":"2023-10-18T14:51:46","date_gmt":"2023-10-18T14:51:46","guid":{"rendered":"https:\/\/mediumturquoise-pheasant-889000.hostingersite.com\/?post_type=product&#038;p=1075"},"modified":"2023-10-18T14:54:48","modified_gmt":"2023-10-18T14:54:48","slug":"curved-offset-plastic-paper-cup-bowl-digital-printing-machine-cup","status":"publish","type":"product","link":"https:\/\/higheasy.cn\/es\/producto\/curved-offset-plastic-paper-cup-bowl-digital-printing-machine-cup\/","title":{"rendered":"Taza de papel pl\u00e1stica compensada curvada de la m\u00e1quina de impresi\u00f3n digital del cuenco"},"content":{"rendered":"<div class=\"J_module\"><\/div>\n<div class=\"J_module\">\n<div class=\"icbu-pc-detailManyImage magic-1\">\n<h3 style=\"text-align: center;\"><span style=\"color: #000000;\"><strong><a style=\"color: #000000;\">Cuenco y vaso de papel de pl\u00e1stico curvado y descentrado<\/a><\/strong><\/span><\/h3>\n<h3 style=\"text-align: center;\"><span style=\"color: #000000;\"><strong><a style=\"color: #000000;\">Maquina de impresi\u00f3n<\/a><\/strong><\/span><\/h3>\n<p style=\"text-align: center;\"><img fetchpriority=\"high\" decoding=\"async\" class=\"\" src=\"https:\/\/sc01.alicdn.com\/kf\/H355527d8eca44fef8c041acd7c9b7ef6W\/222958773\/H355527d8eca44fef8c041acd7c9b7ef6W.jpg\" alt=\"Curved offset plastic paper cup bowl digital printing machine cup\" width=\"1035\" height=\"777\" data-src=\"\/\/sc01.alicdn.com\/kf\/H355527d8eca44fef8c041acd7c9b7ef6W\/222958773\/H355527d8eca44fef8c041acd7c9b7ef6W.jpg\" data-alt=\"Curved offset plastic paper cup bowl digital printing machine cup\" \/><\/p>\n<p style=\"text-align: center;\"><a>m\u00e1quina de impresi\u00f3n de tazas<\/a><\/p>\n<p style=\"text-align: center;\"><strong>Muestras<\/strong><\/p>\n<p style=\"text-align: center;\"><img decoding=\"async\" src=\"https:\/\/sc01.alicdn.com\/kf\/H9178c97a5a6a46aabdb761d4f1d250faB\/222958773\/H9178c97a5a6a46aabdb761d4f1d250faB.jpg\" alt=\"Curved offset plastic paper cup bowl digital printing machine cup\" width=\"500\" height=\"375\" data-src=\"\/\/sc01.alicdn.com\/kf\/H9178c97a5a6a46aabdb761d4f1d250faB\/222958773\/H9178c97a5a6a46aabdb761d4f1d250faB.jpg\" data-alt=\"Curved offset plastic paper cup bowl digital printing machine cup\" \/><\/p>\n<p style=\"text-align: center;\"><a>M\u00e1quina de impresi\u00f3n de vasos de pl\u00e1stico<\/a><\/p>\n<p style=\"text-align: center;\"><img decoding=\"async\" src=\"https:\/\/sc01.alicdn.com\/kf\/H51b23a57cda14bcc82afe7daee1c9676g\/222958773\/H51b23a57cda14bcc82afe7daee1c9676g.jpg\" alt=\"Curved offset plastic paper cup bowl digital printing machine cup\" width=\"500\" height=\"375\" data-src=\"\/\/sc01.alicdn.com\/kf\/H51b23a57cda14bcc82afe7daee1c9676g\/222958773\/H51b23a57cda14bcc82afe7daee1c9676g.jpg\" data-alt=\"Curved offset plastic paper cup bowl digital printing machine cup\" \/><\/p>\n<p style=\"text-align: center;\"><a>M\u00e1quina de impresi\u00f3n de vasos para mascotas<\/a><\/p>\n<p style=\"text-align: center;\"><img loading=\"lazy\" decoding=\"async\" src=\"https:\/\/sc02.alicdn.com\/kf\/H3b5d8d85d9194df893f418546d87b171l\/222958773\/H3b5d8d85d9194df893f418546d87b171l.jpg\" alt=\"Curved offset plastic paper cup bowl digital printing machine cup\" width=\"500\" height=\"375\" data-src=\"\/\/sc02.alicdn.com\/kf\/H3b5d8d85d9194df893f418546d87b171l\/222958773\/H3b5d8d85d9194df893f418546d87b171l.jpg\" data-alt=\"Curved offset plastic paper cup bowl digital printing machine cup\" \/><\/p>\n<p style=\"text-align: center;\"><a>m\u00e1quinas de impresi\u00f3n offset web<\/a><\/p>\n<p style=\"text-align: center;\"><img loading=\"lazy\" decoding=\"async\" src=\"https:\/\/sc02.alicdn.com\/kf\/H67858c8badfe4bc3a03ea5dbb768ef11c\/222958773\/H67858c8badfe4bc3a03ea5dbb768ef11c.jpg\" alt=\"Curved offset plastic paper cup bowl digital printing machine cup\" width=\"500\" height=\"375\" data-src=\"\/\/sc02.alicdn.com\/kf\/H67858c8badfe4bc3a03ea5dbb768ef11c\/222958773\/H67858c8badfe4bc3a03ea5dbb768ef11c.jpg\" data-alt=\"Curved offset plastic paper cup bowl digital printing machine cup\" \/><\/p>\n<p style=\"text-align: center;\"><a>m\u00e1quina de impresi\u00f3n de tazas<\/a><\/p>\n<p style=\"text-align: center;\"><img loading=\"lazy\" decoding=\"async\" src=\"https:\/\/sc02.alicdn.com\/kf\/H9cdf24bdbb2747c7954caf102c938b7c6\/222958773\/H9cdf24bdbb2747c7954caf102c938b7c6.jpg\" alt=\"Curved offset plastic paper cup bowl digital printing machine cup\" width=\"500\" height=\"375\" data-src=\"\/\/sc02.alicdn.com\/kf\/H9cdf24bdbb2747c7954caf102c938b7c6\/222958773\/H9cdf24bdbb2747c7954caf102c938b7c6.jpg\" data-alt=\"Curved offset plastic paper cup bowl digital printing machine cup\" \/><\/p>\n<p style=\"text-align: center;\"><a>M\u00e1quina de impresi\u00f3n de vasos de papel<\/a><\/p>\n<p><img loading=\"lazy\" decoding=\"async\" class=\"\" src=\"https:\/\/sc01.alicdn.com\/kf\/HTB1uMedP4TpK1RjSZFKq6y2wXXaY\/222958773\/HTB1uMedP4TpK1RjSZFKq6y2wXXaY.jpg\" alt=\"Curved offset plastic paper cup bowl digital printing machine cup\" width=\"1071\" height=\"90\" data-src=\"https:\/\/sc01.alicdn.com\/kf\/HTB1uMedP4TpK1RjSZFKq6y2wXXaY\/222958773\/HTB1uMedP4TpK1RjSZFKq6y2wXXaY.jpg\" data-alt=\"Curved offset plastic paper cup bowl digital printing machine cup\" \/><\/p>\n<p>* Estructura de estaci\u00f3n de color madura y confiable, basada en d\u00e9cadas de experiencia en fabricaci\u00f3n.<\/p>\n<p>* Efecto de impresi\u00f3n fina, cada estaci\u00f3n de color utiliza un solo rodillo de goma de impresi\u00f3n.<\/p>\n<p>* Sistema de instalaci\u00f3n de placa de impresi\u00f3n \u201cSe puede imprimir la instalaci\u00f3n r\u00e1pida de la placa de impresi\u00f3n\u201d.<\/p>\n<p>* Hay 6 estaciones de color, cada una con 8 rodillos de tinta.<\/p>\n<p>* C\u00f3modo espacio de ajuste de impresi\u00f3n y operaci\u00f3n.<\/p>\n<p>* El mecanismo de alimentaci\u00f3n de tornillo accionado por motor independiente garantiza una entrega m\u00e1s precisa del producto.<\/p>\n<p>*La velocidad de impresi\u00f3n m\u00e1s r\u00e1pida puede alcanzar 380 tazas por minuto.<\/p>\n<p>* La pantalla de operaci\u00f3n gr\u00e1fica hace que controlar la m\u00e1quina sea m\u00e1s c\u00f3modo.<\/p>\n<p>* El recipiente de alimentaci\u00f3n por correa est\u00e1 equipado con un mecanismo de regulaci\u00f3n de presi\u00f3n.<\/p>\n<p>* El sistema de pretratamiento de corona tambi\u00e9n est\u00e1 equipado con un mecanismo de electrodos f\u00e1cilmente ajustable.<\/p>\n<p>* El m\u00e9todo de montaje de reemplazo r\u00e1pido del disco central se puede utilizar en todas las m\u00e1quinas de impresi\u00f3n de copa Liming.<\/p>\n<p>* El control de rotaci\u00f3n del n\u00facleo de impresi\u00f3n se utiliza en todos los procesos de pretratamiento y curado.<\/p>\n<p>* Diagn\u00f3stico remoto v\u00eda m\u00f3dem.<\/p>\n<p>* Sistema de extracci\u00f3n de copa tipo cintur\u00f3n.<\/p>\n<p>* Mesa de embalaje con tecnolog\u00eda de apilamiento de precisi\u00f3n con distribuci\u00f3n de luz servo.<\/p>\n<p><img loading=\"lazy\" decoding=\"async\" class=\"\" src=\"https:\/\/sc02.alicdn.com\/kf\/HTB1YzZ5Q7voK1RjSZPfq6xPKFXaY\/222958773\/HTB1YzZ5Q7voK1RjSZPfq6xPKFXaY.jpg\" alt=\"Curved offset plastic paper cup bowl digital printing machine cup\" width=\"1095\" height=\"92\" data-src=\"https:\/\/sc02.alicdn.com\/kf\/HTB1YzZ5Q7voK1RjSZPfq6xPKFXaY\/222958773\/HTB1YzZ5Q7voK1RjSZPfq6xPKFXaY.jpg\" data-alt=\"Curved offset plastic paper cup bowl digital printing machine cup\" \/><\/p>\n<table border=\"3\">\n<tbody>\n<tr>\n<td><strong>Tipo de producto impreso<\/strong><\/td>\n<td><strong>Taza redonda (cuenco, maceta, etc.)<\/strong><\/td>\n<\/tr>\n<tr>\n<td><strong>Material aplicable para tazas de impresi\u00f3n<\/strong><\/td>\n<td><strong>Pl\u00e1stico, PVC, PVC y otros materiales.<\/strong><\/td>\n<\/tr>\n<tr>\n<td><strong>Velocidad de impresi\u00f3n<\/strong><\/td>\n<td><strong>16000 piezas\/hora<\/strong><\/td>\n<\/tr>\n<tr>\n<td><strong>Altura de la taza de impresi\u00f3n<\/strong><\/td>\n<td><strong>30-180 mm<\/strong><\/td>\n<\/tr>\n<tr>\n<td><strong>Di\u00e1metro de la copa\u00a0<\/strong><\/td>\n<td><strong>40-160 mm<\/strong><\/td>\n<\/tr>\n<tr>\n<td><strong>Di\u00e1metro m\u00e1ximo del borde de la taza\/cuenco<\/strong><\/td>\n<td><strong>\u03c6180 mm<\/strong><\/td>\n<\/tr>\n<tr>\n<td><strong>\u00c1ngulo de impresi\u00f3n<\/strong><\/td>\n<td><strong>0-15\u00b0<\/strong><\/td>\n<\/tr>\n<tr>\n<td><strong>Altura m\u00e1xima de impresi\u00f3n<\/strong><\/td>\n<td><strong>160 mm<\/strong><\/td>\n<\/tr>\n<tr>\n<td><strong>Longitud m\u00e1xima de impresi\u00f3n<\/strong><\/td>\n<td><strong>150\u00b0:368 mm<\/strong><\/p>\n<p><strong>120\u00b0: 420 mm<\/strong><\/p>\n<p><strong>90\u00b0: 474 mm<\/strong><\/td>\n<\/tr>\n<tr>\n<td><strong>Longitud m\u00e1xima de impresi\u00f3n<\/strong><\/p>\n<p><strong>(Tres patrones de mantas)<\/strong><\/td>\n<td><strong>540 mm<\/strong><\/td>\n<\/tr>\n<tr>\n<td><strong>Opciones<\/strong><\/td>\n<td><strong>1. Dispositivo de copa superior<\/strong><\/p>\n<p><strong>2. El alimentador de vasos de bandeja est\u00e1 equipado con un \u00e1rea de amortiguaci\u00f3n de vasos.<\/strong><\/p>\n<p><strong>3.Mesa de embalaje con apilado autom\u00e1tico con conteo de precisi\u00f3n l\u00e1ser.<\/strong><\/td>\n<\/tr>\n<\/tbody>\n<\/table>\n<\/div>\n<\/div>\n<div class=\"J_module\">\n<div class=\"icbu-pc-images magic-7\">\n<div class=\"flex-layout-v\">\n<div class=\"flex-layout-h magic-7\">\n<div class=\"magic-10\"><\/div>\n<\/div>\n<\/div>\n<\/div>\n<\/div>\n<p><img loading=\"lazy\" decoding=\"async\" class=\"alignnone wp-image-646\" src=\"http:\/\/higheasy.cn\/wp-content\/uploads\/2023\/07\/HTB1Lnd7QMHqK1RjSZFgq6y7JXXaU.jpg\" alt=\"higheasy\" width=\"1238\" height=\"1836\" srcset=\"https:\/\/higheasy.cn\/wp-content\/uploads\/2023\/07\/HTB1Lnd7QMHqK1RjSZFgq6y7JXXaU.jpg 750w, https:\/\/higheasy.cn\/wp-content\/uploads\/2023\/07\/HTB1Lnd7QMHqK1RjSZFgq6y7JXXaU-300x445.jpg 300w, https:\/\/higheasy.cn\/wp-content\/uploads\/2023\/07\/HTB1Lnd7QMHqK1RjSZFgq6y7JXXaU-202x300.jpg 202w, https:\/\/higheasy.cn\/wp-content\/uploads\/2023\/07\/HTB1Lnd7QMHqK1RjSZFgq6y7JXXaU-691x1024.jpg 691w\" sizes=\"(max-width: 1238px) 100vw, 1238px\" \/><\/p>\n<p>La empresa cuenta con un grupo de equipos profesionales de investigaci\u00f3n y desarrollo de tecnolog\u00eda y equipos de procesamiento avanzados, y una serie de patentes de invenci\u00f3n. La compa\u00f1\u00eda produce una amplia variedad de maquinaria de embalaje, los principales productos son: m\u00e1quina de formado, llenado y sellado vertical (VFFS), m\u00e1quina de envasado tipo barra, m\u00e1quina de envasado de polvo, m\u00e1quina de envasado de l\u00edquidos y serie de pesadoras multicabezal, que se utilizan ampliamente en alimentos, productos qu\u00edmicos y bebidas. , productos agr\u00edcolas, juguetes y embalaje en productos industriales y otras industrias, los productos se exportan a todo el mundo y han obtenido agentes de marketing profesionales en muchos pa\u00edses y regiones. Los productos y servicios han sido reconocidos y elogiados un\u00e1nimemente por los clientes.<\/p>\n<p><img loading=\"lazy\" decoding=\"async\" class=\"alignnone size-full wp-image-662\" src=\"http:\/\/higheasy.cn\/wp-content\/uploads\/2023\/07\/5.jpg\" alt=\"small yogurt production line\" width=\"1200\" height=\"604\" srcset=\"https:\/\/higheasy.cn\/wp-content\/uploads\/2023\/07\/5.jpg 1200w, https:\/\/higheasy.cn\/wp-content\/uploads\/2023\/07\/5-300x151.jpg 300w, https:\/\/higheasy.cn\/wp-content\/uploads\/2023\/07\/5-1024x515.jpg 1024w, https:\/\/higheasy.cn\/wp-content\/uploads\/2023\/07\/5-768x387.jpg 768w\" sizes=\"(max-width: 1200px) 100vw, 1200px\" \/><\/p>","protected":false},"excerpt":{"rendered":"<p>Curved Offset\u00a0 Plastic Paper Bowl and Cup Printing Machine cup printing machine Samples plastic cup printing machine pet cup printing machine web offset printing machines print cup machine paper cup printing machine * Mature and reliable color station structure, based on decades of manufacturing experience. * Fine printing effect, each color station uses a single [&hellip;]<\/p>","protected":false},"featured_media":1076,"template":"","meta":{"site-sidebar-layout":"default","site-content-layout":"default","ast-site-content-layout":"default","site-content-style":"default","site-sidebar-style":"default","ast-global-header-display":"","ast-banner-title-visibility":"","ast-main-header-display":"","ast-hfb-above-header-display":"","ast-hfb-below-header-display":"","ast-hfb-mobile-header-display":"","site-post-title":"","ast-breadcrumbs-content":"","ast-featured-img":"","footer-sml-layout":"","theme-transparent-header-meta":"default","adv-header-id-meta":"","stick-header-meta":"","header-above-stick-meta":"","header-main-stick-meta":"","header-below-stick-meta":"","astra-migrate-meta-layouts":"set","ast-page-background-enabled":"default","ast-page-background-meta":{"desktop":{"background-color":"","background-image":"","background-repeat":"repeat","background-position":"center center","background-size":"auto","background-attachment":"scroll","background-type":"","background-media":"","overlay-type":"","overlay-color":"","overlay-opacity":"","overlay-gradient":""},"tablet":{"background-color":"","background-image":"","background-repeat":"repeat","background-position":"center center","background-size":"auto","background-attachment":"scroll","background-type":"","background-media":"","overlay-type":"","overlay-color":"","overlay-opacity":"","overlay-gradient":""},"mobile":{"background-color":"","background-image":"","background-repeat":"repeat","background-position":"center center","background-size":"auto","background-attachment":"scroll","background-type":"","background-media":"","overlay-type":"","overlay-color":"","overlay-opacity":"","overlay-gradient":""}},"ast-content-background-meta":{"desktop":{"background-color":"var(--ast-global-color-5)","background-image":"","background-repeat":"repeat","background-position":"center center","background-size":"auto","background-attachment":"scroll","background-type":"","background-media":"","overlay-type":"","overlay-color":"","overlay-opacity":"","overlay-gradient":""},"tablet":{"background-color":"var(--ast-global-color-5)","background-image":"","background-repeat":"repeat","background-position":"center center","background-size":"auto","background-attachment":"scroll","background-type":"","background-media":"","overlay-type":"","overlay-color":"","overlay-opacity":"","overlay-gradient":""},"mobile":{"background-color":"var(--ast-global-color-5)","background-image":"","background-repeat":"repeat","background-position":"center center","background-size":"auto","background-attachment":"scroll","background-type":"","background-media":"","overlay-type":"","overlay-color":"","overlay-opacity":"","overlay-gradient":""}}},"product_brand":[],"product_cat":[39],"product_tag":[],"class_list":{"0":"post-1075","1":"product","2":"type-product","3":"status-publish","4":"has-post-thumbnail","6":"product_cat-plastic-cup-making-machine","7":"desktop-align-left","8":"tablet-align-left","9":"mobile-align-left","11":"first","12":"instock","13":"shipping-taxable","14":"product-type-simple"},"_links":{"self":[{"href":"https:\/\/higheasy.cn\/es\/wp-json\/wp\/v2\/product\/1075","targetHints":{"allow":["GET"]}}],"collection":[{"href":"https:\/\/higheasy.cn\/es\/wp-json\/wp\/v2\/product"}],"about":[{"href":"https:\/\/higheasy.cn\/es\/wp-json\/wp\/v2\/types\/product"}],"wp:featuredmedia":[{"embeddable":true,"href":"https:\/\/higheasy.cn\/es\/wp-json\/wp\/v2\/media\/1076"}],"wp:attachment":[{"href":"https:\/\/higheasy.cn\/es\/wp-json\/wp\/v2\/media?parent=1075"}],"wp:term":[{"taxonomy":"product_brand","embeddable":true,"href":"https:\/\/higheasy.cn\/es\/wp-json\/wp\/v2\/product_brand?post=1075"},{"taxonomy":"product_cat","embeddable":true,"href":"https:\/\/higheasy.cn\/es\/wp-json\/wp\/v2\/product_cat?post=1075"},{"taxonomy":"product_tag","embeddable":true,"href":"https:\/\/higheasy.cn\/es\/wp-json\/wp\/v2\/product_tag?post=1075"}],"curies":[{"name":"wp","href":"https:\/\/api.w.org\/{rel}","templated":true}]}}