{"id":1069,"date":"2023-10-18T14:41:33","date_gmt":"2023-10-18T14:41:33","guid":{"rendered":"https:\/\/mediumturquoise-pheasant-889000.hostingersite.com\/?post_type=product&#038;p=1069"},"modified":"2023-10-18T14:45:13","modified_gmt":"2023-10-18T14:45:13","slug":"factory-price-automatic-syrup-essential-oil-sauce-cosmetic-bottle-filling-capping-labeling-machine","status":"publish","type":"product","link":"https:\/\/higheasy.cn\/es\/producto\/factory-price-automatic-syrup-essential-oil-sauce-cosmetic-bottle-filling-capping-labeling-machine\/","title":{"rendered":"M\u00e1quina etiquetadora tapadora de llenado de botellas cosm\u00e9ticas de salsa de aceite esencial de jarabe autom\u00e1tico a precio de f\u00e1brica"},"content":{"rendered":"<div class=\"J_module\">\n<div id=\"ali-anchor-AliMagic-i5q62d\" class=\"magic-0\" data-section=\"AliMagic-i5q62d\" data-section-title=\"Product Description\" data-spm-anchor-id=\"a2700.details.0.i19.35936b07UgXP4V\">\n<p><img fetchpriority=\"high\" decoding=\"async\" class=\"\" src=\"https:\/\/sc04.alicdn.com\/kf\/Hf51fb5a8e8714204b585043b0541f1caa\/222958773\/Hf51fb5a8e8714204b585043b0541f1caa.jpg\" alt=\"Factory price automatic syrup essential oil sauce cosmetic  bottle filling capping labeling machine\" width=\"1174\" height=\"881\" data-src=\"https:\/\/sc04.alicdn.com\/kf\/Hf51fb5a8e8714204b585043b0541f1caa\/222958773\/Hf51fb5a8e8714204b585043b0541f1caa.jpg\" data-alt=\"Factory price automatic syrup essential oil sauce cosmetic  bottle filling capping labeling machine\" data-spm-anchor-id=\"a2700.details.0.i22.41c66d5b35JxMy\" \/><img decoding=\"async\" class=\"\" src=\"https:\/\/sc04.alicdn.com\/kf\/H97e717064d4c43ed90f5978f7e853f30l\/222958773\/H97e717064d4c43ed90f5978f7e853f30l.jpg\" alt=\"Factory price automatic syrup essential oil sauce cosmetic  bottle filling capping labeling machine\" width=\"1087\" height=\"815\" data-src=\"https:\/\/sc04.alicdn.com\/kf\/H97e717064d4c43ed90f5978f7e853f30l\/222958773\/H97e717064d4c43ed90f5978f7e853f30l.jpg\" data-alt=\"Factory price automatic syrup essential oil sauce cosmetic  bottle filling capping labeling machine\" data-spm-anchor-id=\"a2700.details.0.i24.41c66d5b35JxMy\" \/><img decoding=\"async\" class=\"\" style=\"font-style: inherit; font-weight: inherit;\" src=\"https:\/\/sc04.alicdn.com\/kf\/H6f877e5fea0b4c97bfbd145aadb29c46a\/222958773\/H6f877e5fea0b4c97bfbd145aadb29c46a.jpg\" alt=\"Factory price automatic syrup essential oil sauce cosmetic  bottle filling capping labeling machine\" width=\"1116\" height=\"1488\" data-src=\"https:\/\/sc04.alicdn.com\/kf\/H6f877e5fea0b4c97bfbd145aadb29c46a\/222958773\/H6f877e5fea0b4c97bfbd145aadb29c46a.jpg\" data-alt=\"Factory price automatic syrup essential oil sauce cosmetic  bottle filling capping labeling machine\" \/><img loading=\"lazy\" decoding=\"async\" class=\"\" style=\"font-style: inherit; font-weight: inherit;\" src=\"https:\/\/sc04.alicdn.com\/kf\/Hb00b6abcf9994cb1a52f226a921a9416S\/222958773\/Hb00b6abcf9994cb1a52f226a921a9416S.jpg\" alt=\"Factory price automatic syrup essential oil sauce cosmetic  bottle filling capping labeling machine\" width=\"1112\" height=\"835\" data-src=\"https:\/\/sc04.alicdn.com\/kf\/Hb00b6abcf9994cb1a52f226a921a9416S\/222958773\/Hb00b6abcf9994cb1a52f226a921a9416S.jpg\" data-alt=\"Factory price automatic syrup essential oil sauce cosmetic  bottle filling capping labeling machine\" \/><\/p>\n<table border=\"0\" cellspacing=\"0\">\n<tbody>\n<tr>\n<td valign=\"center\" width=\"131\">\n<p align=\"center\">Tipo de botella<\/p>\n<\/td>\n<td valign=\"center\" width=\"499\">\n<p align=\"justify\">\u00a0 Botella de vidrio, botella de pl\u00e1stico, botella de papel, etc.<\/p>\n<\/td>\n<\/tr>\n<tr>\n<td valign=\"center\" width=\"131\">\u00a0rango de llenado<\/td>\n<td valign=\"center\" width=\"499\">\n<p align=\"center\">10-50ml, 100-500ml, 500ml-2L, 1L-10L (personalizado)<\/p>\n<\/td>\n<\/tr>\n<tr>\n<td valign=\"center\" width=\"131\">\n<p align=\"center\">Precisi\u00f3n de llenado<\/p>\n<\/td>\n<td valign=\"center\" width=\"499\">\n<p align=\"center\"><strong>\u00b1<\/strong>0.5%-1.5% (depende del material y el volumen)<\/p>\n<\/td>\n<\/tr>\n<tr>\n<td valign=\"center\" width=\"131\">\n<p align=\"center\">Capacidad de producci\u00f3n<\/p>\n<\/td>\n<td valign=\"center\" width=\"499\">\n<p align=\"center\">600-10000 botellas\/hora (personalizado)<\/p>\n<\/td>\n<\/tr>\n<\/tbody>\n<\/table>\n<p><strong><span data-spm-anchor-id=\"a2700.details.0.i20.41c66d5b35JxMy\">Solicitud:<\/span><\/strong><\/p>\n<p>Se utiliza para el llenado automatizado de l\u00edquido\/pasta como jugo\/miel\/salsa\/aceite\/champ\u00fa\/detergente, etc. en varias formas de botellas de vidrio o pl\u00e1stico.<\/p>\n<p>&nbsp;<\/p>\n<p><strong>Caracter\u00edstica:\u00a0<\/strong><\/p>\n<p>Toda la l\u00ednea tiene un alto nivel de automatizaci\u00f3n, solo se necesitan de 2 a 3 personas para completar una producci\u00f3n diaria de 1,5 a 2 millones de botellas.<\/p>\n<p>&nbsp;<\/p>\n<p><strong>El flujo de proceso que incluye toda la l\u00ednea de producci\u00f3n:\u00a0<\/strong><\/p>\n<p>Clasificaci\u00f3n autom\u00e1tica de botellas \u2192 llenado autom\u00e1tico \u2192 sellado\/tapado autom\u00e1tico \u2192 etiquetado autom\u00e1tico \u2192 pel\u00edcula retr\u00e1ctil autom\u00e1tica \u2192 codificaci\u00f3n autom\u00e1tica de fecha \u2192 recolecci\u00f3n autom\u00e1tica de botellas<\/p>\n<p><strong>\u00a0<\/strong><\/p>\n<p><strong>Dispositivo de llenado flexible<\/strong><\/p>\n<p>Bas\u00e1ndose en diferentes materiales, adopte diferentes formas de dispositivo de alimentaci\u00f3n, como bomba de pist\u00f3n, vaso volum\u00e9trico, pesadora de cabezales m\u00faltiples, cuchar\u00f3n con puntas, dispositivo de conteo de tabletas, tornillo, etc.<\/p>\n<\/div>\n<\/div>\n<div class=\"J_module\">\n<div class=\"icbu-pc-detailManyImage magic-1\"><\/div>\n<\/div>\n<div class=\"J_module\">\n<div class=\"icbu-pc-images magic-7\">\n<div class=\"flex-layout-v\">\n<div class=\"flex-layout-h magic-7\">\n<div class=\"magic-10\"><\/div>\n<\/div>\n<\/div>\n<\/div>\n<\/div>\n<p><img loading=\"lazy\" decoding=\"async\" class=\"alignnone wp-image-646\" src=\"http:\/\/higheasy.cn\/wp-content\/uploads\/2023\/07\/HTB1Lnd7QMHqK1RjSZFgq6y7JXXaU.jpg\" alt=\"higheasy\" width=\"1238\" height=\"1836\" srcset=\"https:\/\/higheasy.cn\/wp-content\/uploads\/2023\/07\/HTB1Lnd7QMHqK1RjSZFgq6y7JXXaU.jpg 750w, https:\/\/higheasy.cn\/wp-content\/uploads\/2023\/07\/HTB1Lnd7QMHqK1RjSZFgq6y7JXXaU-300x445.jpg 300w, https:\/\/higheasy.cn\/wp-content\/uploads\/2023\/07\/HTB1Lnd7QMHqK1RjSZFgq6y7JXXaU-202x300.jpg 202w, https:\/\/higheasy.cn\/wp-content\/uploads\/2023\/07\/HTB1Lnd7QMHqK1RjSZFgq6y7JXXaU-691x1024.jpg 691w\" sizes=\"(max-width: 1238px) 100vw, 1238px\" \/><\/p>\n<p>La empresa cuenta con un grupo de equipos profesionales de investigaci\u00f3n y desarrollo de tecnolog\u00eda y equipos de procesamiento avanzados, y una serie de patentes de invenci\u00f3n. La compa\u00f1\u00eda produce una amplia variedad de maquinaria de embalaje, los principales productos son: m\u00e1quina de formado, llenado y sellado vertical (VFFS), m\u00e1quina de envasado tipo barra, m\u00e1quina de envasado de polvo, m\u00e1quina de envasado de l\u00edquidos y serie de pesadoras multicabezal, que se utilizan ampliamente en alimentos, productos qu\u00edmicos y bebidas. , productos agr\u00edcolas, juguetes y embalaje en productos industriales y otras industrias, los productos se exportan a todo el mundo y han obtenido agentes de marketing profesionales en muchos pa\u00edses y regiones. Los productos y servicios han sido reconocidos y elogiados un\u00e1nimemente por los clientes.<\/p>\n<p><img loading=\"lazy\" decoding=\"async\" class=\"alignnone size-full wp-image-662\" src=\"http:\/\/higheasy.cn\/wp-content\/uploads\/2023\/07\/5.jpg\" alt=\"small yogurt production line\" width=\"1200\" height=\"604\" srcset=\"https:\/\/higheasy.cn\/wp-content\/uploads\/2023\/07\/5.jpg 1200w, https:\/\/higheasy.cn\/wp-content\/uploads\/2023\/07\/5-300x151.jpg 300w, https:\/\/higheasy.cn\/wp-content\/uploads\/2023\/07\/5-1024x515.jpg 1024w, https:\/\/higheasy.cn\/wp-content\/uploads\/2023\/07\/5-768x387.jpg 768w\" sizes=\"(max-width: 1200px) 100vw, 1200px\" \/><\/p>","protected":false},"excerpt":{"rendered":"<p>Bottle type \u00a0 Glass bottle, plastic bottle, paper bottle etc. \u00a0Filling range 10-50ml,\u00a0 100-500ml,500ml-2L, 1L-10L (customized ) Filling accuracy \u00b10.5%-1.5%(depend on material and volume) Production capacity 600-10000bottles\/hour (customizied) Application: It is used for the automated filling liquid\/ paste such as juice\/ honey\/sauce\/oil\/shampoo\/ detergent etc into\u00a0 various shapes of glass or plastic bottles. &nbsp; Feature:\u00a0 The [&hellip;]<\/p>","protected":false},"featured_media":1070,"template":"","meta":{"site-sidebar-layout":"default","site-content-layout":"default","ast-site-content-layout":"default","site-content-style":"default","site-sidebar-style":"default","ast-global-header-display":"","ast-banner-title-visibility":"","ast-main-header-display":"","ast-hfb-above-header-display":"","ast-hfb-below-header-display":"","ast-hfb-mobile-header-display":"","site-post-title":"","ast-breadcrumbs-content":"","ast-featured-img":"","footer-sml-layout":"","theme-transparent-header-meta":"default","adv-header-id-meta":"","stick-header-meta":"","header-above-stick-meta":"","header-main-stick-meta":"","header-below-stick-meta":"","astra-migrate-meta-layouts":"set","ast-page-background-enabled":"default","ast-page-background-meta":{"desktop":{"background-color":"","background-image":"","background-repeat":"repeat","background-position":"center center","background-size":"auto","background-attachment":"scroll","background-type":"","background-media":"","overlay-type":"","overlay-color":"","overlay-opacity":"","overlay-gradient":""},"tablet":{"background-color":"","background-image":"","background-repeat":"repeat","background-position":"center center","background-size":"auto","background-attachment":"scroll","background-type":"","background-media":"","overlay-type":"","overlay-color":"","overlay-opacity":"","overlay-gradient":""},"mobile":{"background-color":"","background-image":"","background-repeat":"repeat","background-position":"center center","background-size":"auto","background-attachment":"scroll","background-type":"","background-media":"","overlay-type":"","overlay-color":"","overlay-opacity":"","overlay-gradient":""}},"ast-content-background-meta":{"desktop":{"background-color":"var(--ast-global-color-5)","background-image":"","background-repeat":"repeat","background-position":"center center","background-size":"auto","background-attachment":"scroll","background-type":"","background-media":"","overlay-type":"","overlay-color":"","overlay-opacity":"","overlay-gradient":""},"tablet":{"background-color":"var(--ast-global-color-5)","background-image":"","background-repeat":"repeat","background-position":"center center","background-size":"auto","background-attachment":"scroll","background-type":"","background-media":"","overlay-type":"","overlay-color":"","overlay-opacity":"","overlay-gradient":""},"mobile":{"background-color":"var(--ast-global-color-5)","background-image":"","background-repeat":"repeat","background-position":"center center","background-size":"auto","background-attachment":"scroll","background-type":"","background-media":"","overlay-type":"","overlay-color":"","overlay-opacity":"","overlay-gradient":""}}},"product_brand":[],"product_cat":[38],"product_tag":[],"class_list":{"0":"post-1069","1":"product","2":"type-product","3":"status-publish","4":"has-post-thumbnail","6":"product_cat-bottle-filling-sealing-machine","7":"desktop-align-left","8":"tablet-align-left","9":"mobile-align-left","11":"first","12":"instock","13":"shipping-taxable","14":"product-type-simple"},"_links":{"self":[{"href":"https:\/\/higheasy.cn\/es\/wp-json\/wp\/v2\/product\/1069","targetHints":{"allow":["GET"]}}],"collection":[{"href":"https:\/\/higheasy.cn\/es\/wp-json\/wp\/v2\/product"}],"about":[{"href":"https:\/\/higheasy.cn\/es\/wp-json\/wp\/v2\/types\/product"}],"wp:featuredmedia":[{"embeddable":true,"href":"https:\/\/higheasy.cn\/es\/wp-json\/wp\/v2\/media\/1070"}],"wp:attachment":[{"href":"https:\/\/higheasy.cn\/es\/wp-json\/wp\/v2\/media?parent=1069"}],"wp:term":[{"taxonomy":"product_brand","embeddable":true,"href":"https:\/\/higheasy.cn\/es\/wp-json\/wp\/v2\/product_brand?post=1069"},{"taxonomy":"product_cat","embeddable":true,"href":"https:\/\/higheasy.cn\/es\/wp-json\/wp\/v2\/product_cat?post=1069"},{"taxonomy":"product_tag","embeddable":true,"href":"https:\/\/higheasy.cn\/es\/wp-json\/wp\/v2\/product_tag?post=1069"}],"curies":[{"name":"wp","href":"https:\/\/api.w.org\/{rel}","templated":true}]}}