{"id":1064,"date":"2023-10-18T14:32:10","date_gmt":"2023-10-18T14:32:10","guid":{"rendered":"https:\/\/mediumturquoise-pheasant-889000.hostingersite.com\/?post_type=product&#038;p=1064"},"modified":"2023-10-18T14:39:41","modified_gmt":"2023-10-18T14:39:41","slug":"semi-auto-ready-to-eat-meal-fast-food-tray-lunch-box-sealing-machine","status":"publish","type":"product","link":"https:\/\/higheasy.cn\/es\/producto\/semi-auto-ready-to-eat-meal-fast-food-tray-lunch-box-sealing-machine\/","title":{"rendered":"M\u00e1quina semiautom\u00e1tica de sellado de fiambreras con bandeja de comida r\u00e1pida lista para comer"},"content":{"rendered":"<p><img decoding=\"async\" src=\"https:\/\/sc04.alicdn.com\/kf\/H910e819344154db091c47e58fad0ee9eX\/222958773\/H910e819344154db091c47e58fad0ee9eX.jpg\" alt=\"Automatic ready to eat meal machine for vegetable fish meal food tray lunch Box\" \/><\/p>\n<p><img fetchpriority=\"high\" decoding=\"async\" class=\"aligncenter\" src=\"https:\/\/sc04.alicdn.com\/kf\/Hb5ab9392b35a440d90c184d98fed93d1H\/222958773\/Hb5ab9392b35a440d90c184d98fed93d1H.jpg\" alt=\"Semi-auto ready to eat meal fast food tray lunch box sealing machine\" width=\"970\" height=\"808\" data-src=\"\/\/sc04.alicdn.com\/kf\/Hb5ab9392b35a440d90c184d98fed93d1H\/222958773\/Hb5ab9392b35a440d90c184d98fed93d1H.jpg\" data-alt=\"Semi-auto ready to eat meal fast food tray lunch box sealing machine\" data-spm-anchor-id=\"a2700.details.0.i22.514a3e17uf2d3r\" \/><\/p>\n<p style=\"text-align: center;\"><img decoding=\"async\" class=\"\" src=\"https:\/\/sc04.alicdn.com\/kf\/H484ef23ff2a44084a9b627e6d3ecafb1K\/222958773\/H484ef23ff2a44084a9b627e6d3ecafb1K.jpg\" alt=\"Semi-auto ready to eat meal fast food tray lunch box sealing machine\" width=\"959\" height=\"959\" data-src=\"\/\/sc04.alicdn.com\/kf\/H484ef23ff2a44084a9b627e6d3ecafb1K\/222958773\/H484ef23ff2a44084a9b627e6d3ecafb1K.jpg\" data-alt=\"Semi-auto ready to eat meal fast food tray lunch box sealing machine\" \/><\/p>\n<p style=\"text-align: center;\"><a><img decoding=\"async\" class=\"\" src=\"https:\/\/sc04.alicdn.com\/kf\/H54498a7c45904ad19ed6d3a43666a061P\/222958773\/H54498a7c45904ad19ed6d3a43666a061P.jpg\" alt=\"Semi-auto ready to eat meal fast food tray lunch box sealing machine\" width=\"943\" height=\"943\" data-src=\"\/\/sc04.alicdn.com\/kf\/H54498a7c45904ad19ed6d3a43666a061P\/222958773\/H54498a7c45904ad19ed6d3a43666a061P.jpg\" data-alt=\"Semi-auto ready to eat meal fast food tray lunch box sealing machine\" \/><\/a><\/p>\n<p style=\"text-align: center;\"><a><img loading=\"lazy\" decoding=\"async\" class=\"\" src=\"https:\/\/sc04.alicdn.com\/kf\/Hdba1c4e4a43a47ac865dcd51452a5d9dc\/222958773\/Hdba1c4e4a43a47ac865dcd51452a5d9dc.jpg\" alt=\"Semi-auto ready to eat meal fast food tray lunch box sealing machine\" width=\"1156\" height=\"1156\" data-src=\"\/\/sc04.alicdn.com\/kf\/Hdba1c4e4a43a47ac865dcd51452a5d9dc\/222958773\/Hdba1c4e4a43a47ac865dcd51452a5d9dc.jpg\" data-alt=\"Semi-auto ready to eat meal fast food tray lunch box sealing machine\" \/><\/a><img loading=\"lazy\" decoding=\"async\" class=\"\" src=\"https:\/\/sc04.alicdn.com\/kf\/Hdd8c361791be431189b7a92974ad7c66O\/222958773\/Hdd8c361791be431189b7a92974ad7c66O.jpg\" alt=\"Semi-auto ready to eat meal fast food tray lunch box sealing machine\" width=\"1109\" height=\"1109\" data-src=\"\/\/sc04.alicdn.com\/kf\/Hdd8c361791be431189b7a92974ad7c66O\/222958773\/Hdd8c361791be431189b7a92974ad7c66O.jpg\" data-alt=\"Semi-auto ready to eat meal fast food tray lunch box sealing machine\" \/><img loading=\"lazy\" decoding=\"async\" class=\"\" src=\"https:\/\/sc04.alicdn.com\/kf\/Hd38658ffcd5c4fbfbfa63a8c1fca3a07Z\/222958773\/Hd38658ffcd5c4fbfbfa63a8c1fca3a07Z.jpg\" alt=\"Semi-auto ready to eat meal fast food tray lunch box sealing machine\" width=\"1132\" height=\"1132\" data-src=\"\/\/sc04.alicdn.com\/kf\/Hd38658ffcd5c4fbfbfa63a8c1fca3a07Z\/222958773\/Hd38658ffcd5c4fbfbfa63a8c1fca3a07Z.jpg\" data-alt=\"Semi-auto ready to eat meal fast food tray lunch box sealing machine\" \/><\/p>\n<p style=\"text-align: center;\"><a><img loading=\"lazy\" decoding=\"async\" class=\"\" src=\"https:\/\/sc04.alicdn.com\/kf\/H07702cbb1dae462bbc8c0c00182736efn\/222958773\/H07702cbb1dae462bbc8c0c00182736efn.jpg\" alt=\"Semi-auto ready to eat meal fast food tray lunch box sealing machine\" width=\"1160\" height=\"1160\" data-src=\"\/\/sc04.alicdn.com\/kf\/H07702cbb1dae462bbc8c0c00182736efn\/222958773\/H07702cbb1dae462bbc8c0c00182736efn.jpg\" data-alt=\"Semi-auto ready to eat meal fast food tray lunch box sealing machine\" \/><\/a>m\u00e1quina de sellado de rayos;<a>m\u00e1quina selladora de bandejas de pl\u00e1stico<\/a><\/p>\n<p style=\"text-align: center;\"><img loading=\"lazy\" decoding=\"async\" class=\"\" src=\"https:\/\/sc04.alicdn.com\/kf\/H7962da82b0e44770ac54fddac3921131k\/222958773\/H7962da82b0e44770ac54fddac3921131k.jpg\" alt=\"Semi-auto ready to eat meal fast food tray lunch box sealing machine\" width=\"1012\" height=\"1012\" data-src=\"\/\/sc04.alicdn.com\/kf\/H7962da82b0e44770ac54fddac3921131k\/222958773\/H7962da82b0e44770ac54fddac3921131k.jpg\" data-alt=\"Semi-auto ready to eat meal fast food tray lunch box sealing machine\" \/><\/p>\n<p><img loading=\"lazy\" decoding=\"async\" class=\"aligncenter\" src=\"https:\/\/sc04.alicdn.com\/kf\/H7a60a574e9284c238c34e6c2f1694682b\/222958773\/H7a60a574e9284c238c34e6c2f1694682b.jpg\" alt=\"Semi-auto ready to eat meal fast food tray lunch box sealing machine\" width=\"1127\" height=\"1127\" data-src=\"\/\/sc04.alicdn.com\/kf\/H7a60a574e9284c238c34e6c2f1694682b\/222958773\/H7a60a574e9284c238c34e6c2f1694682b.jpg\" data-alt=\"Semi-auto ready to eat meal fast food tray lunch box sealing machine\" \/><\/p>\n<p>La bandeja cargada va a la m\u00e1quina selladora a trav\u00e9s de la cinta transportadora \u2192 el manipulador introduce las bandejas en la plantilla \u2192 alimentaci\u00f3n autom\u00e1tica de pel\u00edcula \u2192 sellado autom\u00e1tico \u2192 corte autom\u00e1tico de pel\u00edcula \u2192 el manipulador introduce la caja en la m\u00e1quina etiquetadora y la cinta transportadora de inyecci\u00f3n de tinta.<\/p>\n<p>&nbsp;<\/p>\n<p><strong>Caracter\u00edsticas:<\/strong><\/p>\n<p>1. Equipado con una plantilla s\u00f3lida engrosada de aluminio antioxidante (fabricada en Guangdong),<\/p>\n<p>aluminio antioxidante de aleaci\u00f3n alcalina resistente a los \u00e1cidos;<\/p>\n<p>2. La m\u00e1quina cuenta con un tanque de almacenamiento de aire para mejorar la estabilidad de la presi\u00f3n del aire;<\/p>\n<p>3. Adoptar tecnolog\u00eda de protecci\u00f3n de baja presi\u00f3n para evitar que la baja presi\u00f3n de aire arranque la m\u00e1quina y mejorar la confiabilidad y estabilidad de la m\u00e1quina;<\/p>\n<p>4. Utilizar tecnolog\u00eda de escape centralizado para reducir la contaminaci\u00f3n;<\/p>\n<p data-spm-anchor-id=\"a2700.details.0.i20.514a3e17uf2d3r\">5. Se adopta la tecnolog\u00eda de aumento de la fuerza de sellado para garantizar la calidad del sellado.<\/p>\n<p>&nbsp;<\/p>\n<p><img loading=\"lazy\" decoding=\"async\" class=\"alignnone wp-image-646\" src=\"http:\/\/higheasy.cn\/wp-content\/uploads\/2023\/07\/HTB1Lnd7QMHqK1RjSZFgq6y7JXXaU.jpg\" alt=\"higheasy\" width=\"1238\" height=\"1836\" srcset=\"https:\/\/higheasy.cn\/wp-content\/uploads\/2023\/07\/HTB1Lnd7QMHqK1RjSZFgq6y7JXXaU.jpg 750w, https:\/\/higheasy.cn\/wp-content\/uploads\/2023\/07\/HTB1Lnd7QMHqK1RjSZFgq6y7JXXaU-300x445.jpg 300w, https:\/\/higheasy.cn\/wp-content\/uploads\/2023\/07\/HTB1Lnd7QMHqK1RjSZFgq6y7JXXaU-202x300.jpg 202w, https:\/\/higheasy.cn\/wp-content\/uploads\/2023\/07\/HTB1Lnd7QMHqK1RjSZFgq6y7JXXaU-691x1024.jpg 691w\" sizes=\"(max-width: 1238px) 100vw, 1238px\" \/><\/p>\n<p>La empresa cuenta con un grupo de equipos profesionales de investigaci\u00f3n y desarrollo de tecnolog\u00eda y equipos de procesamiento avanzados, y una serie de patentes de invenci\u00f3n. La compa\u00f1\u00eda produce una amplia variedad de maquinaria de embalaje, los principales productos son: m\u00e1quina de formado, llenado y sellado vertical (VFFS), m\u00e1quina de envasado tipo barra, m\u00e1quina de envasado de polvo, m\u00e1quina de envasado de l\u00edquidos y serie de pesadoras multicabezal, que se utilizan ampliamente en alimentos, productos qu\u00edmicos y bebidas. , productos agr\u00edcolas, juguetes y embalaje en productos industriales y otras industrias, los productos se exportan a todo el mundo y han obtenido agentes de marketing profesionales en muchos pa\u00edses y regiones. Los productos y servicios han sido reconocidos y elogiados un\u00e1nimemente por los clientes.<\/p>\n<p><img loading=\"lazy\" decoding=\"async\" class=\"alignnone size-full wp-image-662\" src=\"http:\/\/higheasy.cn\/wp-content\/uploads\/2023\/07\/5.jpg\" alt=\"small yogurt production line\" width=\"1200\" height=\"604\" srcset=\"https:\/\/higheasy.cn\/wp-content\/uploads\/2023\/07\/5.jpg 1200w, https:\/\/higheasy.cn\/wp-content\/uploads\/2023\/07\/5-300x151.jpg 300w, https:\/\/higheasy.cn\/wp-content\/uploads\/2023\/07\/5-1024x515.jpg 1024w, https:\/\/higheasy.cn\/wp-content\/uploads\/2023\/07\/5-768x387.jpg 768w\" sizes=\"(max-width: 1200px) 100vw, 1200px\" \/><\/p>","protected":false},"excerpt":{"rendered":"<p>ray sealing machine;tray sealing machine plastic The loaded tray goes to the sealing machine through the conveyor belt \u2192 the manipulator feeds the trays into the template \u2192 automatic film feeding \u2192 automatic sealing \u2192 automatic film cutting \u2192 the manipulator feeds the box into the labeling machine and inkjet conveyor belt. &nbsp; Features: 1. [&hellip;]<\/p>","protected":false},"featured_media":1066,"template":"","meta":{"site-sidebar-layout":"default","site-content-layout":"default","ast-site-content-layout":"default","site-content-style":"default","site-sidebar-style":"default","ast-global-header-display":"","ast-banner-title-visibility":"","ast-main-header-display":"","ast-hfb-above-header-display":"","ast-hfb-below-header-display":"","ast-hfb-mobile-header-display":"","site-post-title":"","ast-breadcrumbs-content":"","ast-featured-img":"","footer-sml-layout":"","theme-transparent-header-meta":"default","adv-header-id-meta":"","stick-header-meta":"","header-above-stick-meta":"","header-main-stick-meta":"","header-below-stick-meta":"","astra-migrate-meta-layouts":"set","ast-page-background-enabled":"default","ast-page-background-meta":{"desktop":{"background-color":"","background-image":"","background-repeat":"repeat","background-position":"center center","background-size":"auto","background-attachment":"scroll","background-type":"","background-media":"","overlay-type":"","overlay-color":"","overlay-opacity":"","overlay-gradient":""},"tablet":{"background-color":"","background-image":"","background-repeat":"repeat","background-position":"center center","background-size":"auto","background-attachment":"scroll","background-type":"","background-media":"","overlay-type":"","overlay-color":"","overlay-opacity":"","overlay-gradient":""},"mobile":{"background-color":"","background-image":"","background-repeat":"repeat","background-position":"center center","background-size":"auto","background-attachment":"scroll","background-type":"","background-media":"","overlay-type":"","overlay-color":"","overlay-opacity":"","overlay-gradient":""}},"ast-content-background-meta":{"desktop":{"background-color":"var(--ast-global-color-5)","background-image":"","background-repeat":"repeat","background-position":"center center","background-size":"auto","background-attachment":"scroll","background-type":"","background-media":"","overlay-type":"","overlay-color":"","overlay-opacity":"","overlay-gradient":""},"tablet":{"background-color":"var(--ast-global-color-5)","background-image":"","background-repeat":"repeat","background-position":"center center","background-size":"auto","background-attachment":"scroll","background-type":"","background-media":"","overlay-type":"","overlay-color":"","overlay-opacity":"","overlay-gradient":""},"mobile":{"background-color":"var(--ast-global-color-5)","background-image":"","background-repeat":"repeat","background-position":"center center","background-size":"auto","background-attachment":"scroll","background-type":"","background-media":"","overlay-type":"","overlay-color":"","overlay-opacity":"","overlay-gradient":""}}},"product_brand":[],"product_cat":[37],"product_tag":[],"class_list":{"0":"post-1064","1":"product","2":"type-product","3":"status-publish","4":"has-post-thumbnail","6":"product_cat-semi-auto-cup-tray-filling-sealing-machine","7":"desktop-align-left","8":"tablet-align-left","9":"mobile-align-left","11":"first","12":"instock","13":"shipping-taxable","14":"product-type-simple"},"_links":{"self":[{"href":"https:\/\/higheasy.cn\/es\/wp-json\/wp\/v2\/product\/1064","targetHints":{"allow":["GET"]}}],"collection":[{"href":"https:\/\/higheasy.cn\/es\/wp-json\/wp\/v2\/product"}],"about":[{"href":"https:\/\/higheasy.cn\/es\/wp-json\/wp\/v2\/types\/product"}],"wp:featuredmedia":[{"embeddable":true,"href":"https:\/\/higheasy.cn\/es\/wp-json\/wp\/v2\/media\/1066"}],"wp:attachment":[{"href":"https:\/\/higheasy.cn\/es\/wp-json\/wp\/v2\/media?parent=1064"}],"wp:term":[{"taxonomy":"product_brand","embeddable":true,"href":"https:\/\/higheasy.cn\/es\/wp-json\/wp\/v2\/product_brand?post=1064"},{"taxonomy":"product_cat","embeddable":true,"href":"https:\/\/higheasy.cn\/es\/wp-json\/wp\/v2\/product_cat?post=1064"},{"taxonomy":"product_tag","embeddable":true,"href":"https:\/\/higheasy.cn\/es\/wp-json\/wp\/v2\/product_tag?post=1064"}],"curies":[{"name":"wp","href":"https:\/\/api.w.org\/{rel}","templated":true}]}}