{"id":1062,"date":"2023-10-18T14:23:36","date_gmt":"2023-10-18T14:23:36","guid":{"rendered":"https:\/\/mediumturquoise-pheasant-889000.hostingersite.com\/?post_type=product&#038;p=1062"},"modified":"2023-10-18T15:13:07","modified_gmt":"2023-10-18T15:13:07","slug":"automatic-ready-to-eat-meal-machine-for-vegetable-fish-meal-food-tray-lunch-box","status":"publish","type":"product","link":"https:\/\/higheasy.cn\/es\/producto\/automatic-ready-to-eat-meal-machine-for-vegetable-fish-meal-food-tray-lunch-box\/","title":{"rendered":"M\u00e1quina autom\u00e1tica de comida lista para comer para fiambrera con bandeja de comida de harina de pescado vegetal"},"content":{"rendered":"<p><img decoding=\"async\" src=\"https:\/\/sc04.alicdn.com\/kf\/H910e819344154db091c47e58fad0ee9eX\/222958773\/H910e819344154db091c47e58fad0ee9eX.jpg\" alt=\"Automatic ready to eat meal machine for vegetable fish meal food tray lunch Box\" \/><\/p>\n<p><img decoding=\"async\" src=\"https:\/\/sc04.alicdn.com\/kf\/H8a69a0431d9f440aaf6374e93b025af79\/222958773\/H8a69a0431d9f440aaf6374e93b025af79.jpg\" alt=\"Automatic ready to eat meal machine for vegetable fish meal food tray lunch Box\" \/><\/p>\n<p><img decoding=\"async\" src=\"https:\/\/sc04.alicdn.com\/kf\/H27293f65131544e6a8ae55ec109d03c7Z\/222958773\/H27293f65131544e6a8ae55ec109d03c7Z.jpg\" alt=\"Automatic ready to eat meal machine for vegetable fish meal food tray lunch Box\" \/><\/p>\n<p><strong>Solicitud:\u00a0<\/strong><\/p>\n<p>Adecuado para llenar la comida\/verdura en una caja de pl\u00e1stico\/metal y aspirarla y sellarla con una pel\u00edcula de aluminio\/pl\u00e1stico.<\/p>\n<p>&nbsp;<\/p>\n<p><strong>Proceso de trabajo:\u00a0\u00a0<\/strong><\/p>\n<p>Alimentaci\u00f3n autom\u00e1tica de bandejas \u2192 llenado autom\u00e1tico de alimentos o archivo manual \u2192 verificador de peso (opcional) \u2192 bandeja transferida a trav\u00e9s del transportador \u2192 bandejas transferidas al molde mediante manipulador \u2192 alimentaci\u00f3n autom\u00e1tica de pel\u00edcula \u2192 vac\u00edo autom\u00e1tico (opcional) \u2192 sellado autom\u00e1tico \u2192 corte autom\u00e1tico de pel\u00edcula \u2192 descarga \u2192 m\u00e1quina etiquetadora \u2192 impresi\u00f3n de c\u00f3digo de inyecci\u00f3n de tinta<\/p>\n<p>&nbsp;<\/p>\n<p><strong>Caracter\u00edsticas:<\/strong><\/p>\n<p>1. Equipado con una plantilla s\u00f3lida engrosada de aluminio antioxidante (fabricada en Guangdong),<\/p>\n<p>aluminio antioxidante de aleaci\u00f3n alcalina resistente a los \u00e1cidos;<\/p>\n<p>2. La m\u00e1quina cuenta con un tanque de almacenamiento de aire para mejorar la estabilidad de la presi\u00f3n del aire;<\/p>\n<p>3. Adoptar tecnolog\u00eda de protecci\u00f3n de baja presi\u00f3n para evitar que la baja presi\u00f3n de aire arranque la m\u00e1quina y mejorar la confiabilidad y estabilidad de la m\u00e1quina;<\/p>\n<p>4. Utilizar tecnolog\u00eda de escape centralizado para reducir la contaminaci\u00f3n;<\/p>\n<p>5. Se adopta la tecnolog\u00eda de aumento de la fuerza de sellado para garantizar la calidad del sellado.<\/p>\n<p>&nbsp;<\/p>\n<p><strong>Velocidad de embalaje:\u00a0<\/strong>1000-10000 caja\/hora (Personalizado)<\/p>\n<p><img fetchpriority=\"high\" decoding=\"async\" class=\"alignnone wp-image-646\" src=\"http:\/\/higheasy.cn\/wp-content\/uploads\/2023\/07\/HTB1Lnd7QMHqK1RjSZFgq6y7JXXaU.jpg\" alt=\"higheasy\" width=\"1238\" height=\"1836\" srcset=\"https:\/\/higheasy.cn\/wp-content\/uploads\/2023\/07\/HTB1Lnd7QMHqK1RjSZFgq6y7JXXaU.jpg 750w, https:\/\/higheasy.cn\/wp-content\/uploads\/2023\/07\/HTB1Lnd7QMHqK1RjSZFgq6y7JXXaU-300x445.jpg 300w, https:\/\/higheasy.cn\/wp-content\/uploads\/2023\/07\/HTB1Lnd7QMHqK1RjSZFgq6y7JXXaU-202x300.jpg 202w, https:\/\/higheasy.cn\/wp-content\/uploads\/2023\/07\/HTB1Lnd7QMHqK1RjSZFgq6y7JXXaU-691x1024.jpg 691w\" sizes=\"(max-width: 1238px) 100vw, 1238px\" \/><\/p>\n<p>La empresa cuenta con un grupo de equipos profesionales de investigaci\u00f3n y desarrollo de tecnolog\u00eda y equipos de procesamiento avanzados, y una serie de patentes de invenci\u00f3n. La compa\u00f1\u00eda produce una amplia variedad de maquinaria de embalaje, los principales productos son: m\u00e1quina de formado, llenado y sellado vertical (VFFS), m\u00e1quina de envasado tipo barra, m\u00e1quina de envasado de polvo, m\u00e1quina de envasado de l\u00edquidos y serie de pesadoras multicabezal, que se utilizan ampliamente en alimentos, productos qu\u00edmicos y bebidas. , productos agr\u00edcolas, juguetes y embalaje en productos industriales y otras industrias, los productos se exportan a todo el mundo y han obtenido agentes de marketing profesionales en muchos pa\u00edses y regiones. Los productos y servicios han sido reconocidos y elogiados un\u00e1nimemente por los clientes.<\/p>\n<p><img decoding=\"async\" class=\"alignnone size-full wp-image-662\" src=\"http:\/\/higheasy.cn\/wp-content\/uploads\/2023\/07\/5.jpg\" alt=\"small yogurt production line\" width=\"1200\" height=\"604\" srcset=\"https:\/\/higheasy.cn\/wp-content\/uploads\/2023\/07\/5.jpg 1200w, https:\/\/higheasy.cn\/wp-content\/uploads\/2023\/07\/5-300x151.jpg 300w, https:\/\/higheasy.cn\/wp-content\/uploads\/2023\/07\/5-1024x515.jpg 1024w, https:\/\/higheasy.cn\/wp-content\/uploads\/2023\/07\/5-768x387.jpg 768w\" sizes=\"(max-width: 1200px) 100vw, 1200px\" \/><\/p>","protected":false},"excerpt":{"rendered":"<p>Aplicaci\u00f3n: Adecuado para llenar la comida \/ verdura en una caja de pl\u00e1stico \/ metal y vaciar y sellar con pel\u00edcula de aluminio \/ pl\u00e1stico Proceso de trabajo: Alimentaci\u00f3n autom\u00e1tica de bandejas \u2192 llenado autom\u00e1tico de alimentos o llenado manual \u2192 verificador de peso (opcional) \u2192 bandeja transferida a trav\u00e9s del transportador \u2192 bandejas transferidas al molde por manipulador \u2192 alimentaci\u00f3n autom\u00e1tica de pel\u00edcula \u2192 vac\u00edo autom\u00e1tico (opcional) \u2192 sellado autom\u00e1tico \u2192 corte autom\u00e1tico de pel\u00edcula \u2192 descarga \u2192 etiquetado [\u2026]<\/p>","protected":false},"featured_media":1063,"template":"","meta":{"site-sidebar-layout":"default","site-content-layout":"default","ast-site-content-layout":"default","site-content-style":"default","site-sidebar-style":"default","ast-global-header-display":"","ast-banner-title-visibility":"","ast-main-header-display":"","ast-hfb-above-header-display":"","ast-hfb-below-header-display":"","ast-hfb-mobile-header-display":"","site-post-title":"","ast-breadcrumbs-content":"","ast-featured-img":"","footer-sml-layout":"","theme-transparent-header-meta":"default","adv-header-id-meta":"","stick-header-meta":"","header-above-stick-meta":"","header-main-stick-meta":"","header-below-stick-meta":"","astra-migrate-meta-layouts":"set","ast-page-background-enabled":"default","ast-page-background-meta":{"desktop":{"background-color":"","background-image":"","background-repeat":"repeat","background-position":"center center","background-size":"auto","background-attachment":"scroll","background-type":"","background-media":"","overlay-type":"","overlay-color":"","overlay-opacity":"","overlay-gradient":""},"tablet":{"background-color":"","background-image":"","background-repeat":"repeat","background-position":"center center","background-size":"auto","background-attachment":"scroll","background-type":"","background-media":"","overlay-type":"","overlay-color":"","overlay-opacity":"","overlay-gradient":""},"mobile":{"background-color":"","background-image":"","background-repeat":"repeat","background-position":"center center","background-size":"auto","background-attachment":"scroll","background-type":"","background-media":"","overlay-type":"","overlay-color":"","overlay-opacity":"","overlay-gradient":""}},"ast-content-background-meta":{"desktop":{"background-color":"var(--ast-global-color-5)","background-image":"","background-repeat":"repeat","background-position":"center center","background-size":"auto","background-attachment":"scroll","background-type":"","background-media":"","overlay-type":"","overlay-color":"","overlay-opacity":"","overlay-gradient":""},"tablet":{"background-color":"var(--ast-global-color-5)","background-image":"","background-repeat":"repeat","background-position":"center center","background-size":"auto","background-attachment":"scroll","background-type":"","background-media":"","overlay-type":"","overlay-color":"","overlay-opacity":"","overlay-gradient":""},"mobile":{"background-color":"var(--ast-global-color-5)","background-image":"","background-repeat":"repeat","background-position":"center center","background-size":"auto","background-attachment":"scroll","background-type":"","background-media":"","overlay-type":"","overlay-color":"","overlay-opacity":"","overlay-gradient":""}}},"product_brand":[],"product_cat":[22,37],"product_tag":[],"class_list":{"0":"post-1062","1":"product","2":"type-product","3":"status-publish","4":"has-post-thumbnail","6":"product_cat-hot-products","7":"product_cat-semi-auto-cup-tray-filling-sealing-machine","8":"desktop-align-left","9":"tablet-align-left","10":"mobile-align-left","12":"first","13":"instock","14":"shipping-taxable","15":"product-type-simple"},"_links":{"self":[{"href":"https:\/\/higheasy.cn\/es\/wp-json\/wp\/v2\/product\/1062","targetHints":{"allow":["GET"]}}],"collection":[{"href":"https:\/\/higheasy.cn\/es\/wp-json\/wp\/v2\/product"}],"about":[{"href":"https:\/\/higheasy.cn\/es\/wp-json\/wp\/v2\/types\/product"}],"wp:featuredmedia":[{"embeddable":true,"href":"https:\/\/higheasy.cn\/es\/wp-json\/wp\/v2\/media\/1063"}],"wp:attachment":[{"href":"https:\/\/higheasy.cn\/es\/wp-json\/wp\/v2\/media?parent=1062"}],"wp:term":[{"taxonomy":"product_brand","embeddable":true,"href":"https:\/\/higheasy.cn\/es\/wp-json\/wp\/v2\/product_brand?post=1062"},{"taxonomy":"product_cat","embeddable":true,"href":"https:\/\/higheasy.cn\/es\/wp-json\/wp\/v2\/product_cat?post=1062"},{"taxonomy":"product_tag","embeddable":true,"href":"https:\/\/higheasy.cn\/es\/wp-json\/wp\/v2\/product_tag?post=1062"}],"curies":[{"name":"wp","href":"https:\/\/api.w.org\/{rel}","templated":true}]}}