{"id":1060,"date":"2023-10-18T14:14:09","date_gmt":"2023-10-18T14:14:09","guid":{"rendered":"https:\/\/mediumturquoise-pheasant-889000.hostingersite.com\/?post_type=product&#038;p=1060"},"modified":"2023-10-18T14:23:28","modified_gmt":"2023-10-18T14:23:28","slug":"semi-auto-vegetables-food-tray-lunch-box-sealing-machine","status":"publish","type":"product","link":"https:\/\/higheasy.cn\/es\/producto\/semi-auto-vegetables-food-tray-lunch-box-sealing-machine\/","title":{"rendered":"M\u00e1quina semiautom\u00e1tica de sellado de fiambreras con bandeja de comida y verduras"},"content":{"rendered":"<h3 style=\"text-align: center;\"><span data-spm-anchor-id=\"a2700.details.0.i22.6bee4bffkpiYP8\">Bandeja de comida semiautom\u00e1tica para verduras<\/span><\/h3>\n<h3 style=\"text-align: center;\">M\u00e1quina selladora de loncheras<\/h3>\n<p>&nbsp;<\/p>\n<p><img decoding=\"async\" class=\"aligncenter\" src=\"https:\/\/sc02.alicdn.com\/kf\/H6d322f0ec7b24ad385cfdac2737497d0O\/222958773\/H6d322f0ec7b24ad385cfdac2737497d0O.jpg\" alt=\"Semi-auto vegetables food tray lunch box sealing machine\" width=\"750\" height=\"421.875\" data-src=\"\/\/sc02.alicdn.com\/kf\/H6d322f0ec7b24ad385cfdac2737497d0O\/222958773\/H6d322f0ec7b24ad385cfdac2737497d0O.jpg\" data-alt=\"Semi-auto vegetables food tray lunch box sealing machine\" \/><\/p>\n<p style=\"text-align: center;\">\u00a0<a>M\u00e1quina selladora de loncheras<\/a><\/p>\n<p style=\"text-align: center;\"><img decoding=\"async\" src=\"https:\/\/sc01.alicdn.com\/kf\/Ha10dfee6c2234812a74ad3c15f595638c\/222958773\/Ha10dfee6c2234812a74ad3c15f595638c.jpg\" alt=\"Semi-auto vegetables food tray lunch box sealing machine\" width=\"750\" height=\"421.875\" data-src=\"\/\/sc01.alicdn.com\/kf\/Ha10dfee6c2234812a74ad3c15f595638c\/222958773\/Ha10dfee6c2234812a74ad3c15f595638c.jpg\" data-alt=\"Semi-auto vegetables food tray lunch box sealing machine\" \/><\/p>\n<p style=\"text-align: center;\">\u00a0<a>m\u00e1quina selladora de cajas<\/a><\/p>\n<p style=\"text-align: center;\"><img decoding=\"async\" src=\"https:\/\/sc02.alicdn.com\/kf\/H46213a34e9cb41d2970f3e9e8a9fa5b5I\/222958773\/H46213a34e9cb41d2970f3e9e8a9fa5b5I.jpg\" alt=\"Semi-auto vegetables food tray lunch box sealing machine\" width=\"750\" height=\"421.875\" data-src=\"\/\/sc02.alicdn.com\/kf\/H46213a34e9cb41d2970f3e9e8a9fa5b5I\/222958773\/H46213a34e9cb41d2970f3e9e8a9fa5b5I.jpg\" data-alt=\"Semi-auto vegetables food tray lunch box sealing machine\" \/><\/p>\n<p style=\"text-align: center;\">\u00a0<a>M\u00e1quina selladora de cajas de comida r\u00e1pida<\/a><\/p>\n<p style=\"text-align: center;\"><img decoding=\"async\" src=\"https:\/\/sc02.alicdn.com\/kf\/H1bafc04d4ff14d35ae5b92336c0b021bH\/222958773\/H1bafc04d4ff14d35ae5b92336c0b021bH.jpg\" alt=\"Semi-auto vegetables food tray lunch box sealing machine\" width=\"750\" height=\"421.875\" data-src=\"\/\/sc02.alicdn.com\/kf\/H1bafc04d4ff14d35ae5b92336c0b021bH\/222958773\/H1bafc04d4ff14d35ae5b92336c0b021bH.jpg\" data-alt=\"Semi-auto vegetables food tray lunch box sealing machine\" \/><\/p>\n<p style=\"text-align: center;\">\u00a0<a>M\u00e1quina de cinta para sellar cajas<\/a><\/p>\n<p style=\"text-align: center;\"><img decoding=\"async\" src=\"https:\/\/sc01.alicdn.com\/kf\/H0e3e26603acc4914aa77abab7b9a68a3y\/222958773\/H0e3e26603acc4914aa77abab7b9a68a3y.jpg\" alt=\"Semi-auto vegetables food tray lunch box sealing machine\" width=\"750\" height=\"421.875\" data-src=\"\/\/sc01.alicdn.com\/kf\/H0e3e26603acc4914aa77abab7b9a68a3y\/222958773\/H0e3e26603acc4914aa77abab7b9a68a3y.jpg\" data-alt=\"Semi-auto vegetables food tray lunch box sealing machine\" \/><\/p>\n<p style=\"text-align: center;\">\u00a0<a>M\u00e1quina selladora de cajas de cart\u00f3n<\/a><\/p>\n<p style=\"text-align: center;\"><img decoding=\"async\" src=\"https:\/\/sc02.alicdn.com\/kf\/Hcae0868f088b4b53b0de3cfd50b23955O\/222958773\/Hcae0868f088b4b53b0de3cfd50b23955O.jpg\" alt=\"Semi-auto vegetables food tray lunch box sealing machine\" width=\"750\" height=\"421.875\" data-src=\"\/\/sc02.alicdn.com\/kf\/Hcae0868f088b4b53b0de3cfd50b23955O\/222958773\/Hcae0868f088b4b53b0de3cfd50b23955O.jpg\" data-alt=\"Semi-auto vegetables food tray lunch box sealing machine\" \/><\/p>\n<p style=\"text-align: center;\">\u00a0<a>M\u00e1quina autom\u00e1tica de sellado de cajas de comida r\u00e1pida<\/a><\/p>\n<p style=\"text-align: center;\"><img decoding=\"async\" src=\"https:\/\/sc01.alicdn.com\/kf\/H3c687b457eed4b588090e7f316ac07190\/222958773\/H3c687b457eed4b588090e7f316ac07190.jpg\" alt=\"Semi-auto vegetables food tray lunch box sealing machine\" width=\"750\" height=\"421.875\" data-src=\"\/\/sc01.alicdn.com\/kf\/H3c687b457eed4b588090e7f316ac07190\/222958773\/H3c687b457eed4b588090e7f316ac07190.jpg\" data-alt=\"Semi-auto vegetables food tray lunch box sealing machine\" \/><\/p>\n<p style=\"text-align: center;\">\u00a0<a>M\u00e1quina para sellar cajas de almuerzo<\/a><\/p>\n<p style=\"text-align: center;\"><img decoding=\"async\" src=\"https:\/\/sc02.alicdn.com\/kf\/He8d8477847d344a88e78840b3d63d6fbf\/222958773\/He8d8477847d344a88e78840b3d63d6fbf.jpg\" alt=\"Semi-auto vegetables food tray lunch box sealing machine\" width=\"750\" height=\"421.875\" data-src=\"\/\/sc02.alicdn.com\/kf\/He8d8477847d344a88e78840b3d63d6fbf\/222958773\/He8d8477847d344a88e78840b3d63d6fbf.jpg\" data-alt=\"Semi-auto vegetables food tray lunch box sealing machine\" \/><\/p>\n<p style=\"text-align: center;\">\u00a0<a>m\u00e1quina selladora de bandejas de pl\u00e1stico;<\/a><a>Bandeja de pl\u00e1stico para alimentos para m\u00e1quina selladora<\/a><\/p>\n<p style=\"text-align: center;\"><img decoding=\"async\" src=\"https:\/\/sc02.alicdn.com\/kf\/Hfa23573b7ec84cafa933130096a4bd3e6\/222958773\/Hfa23573b7ec84cafa933130096a4bd3e6.jpg\" alt=\"Semi-auto vegetables food tray lunch box sealing machine\" width=\"750\" height=\"421.875\" data-src=\"\/\/sc02.alicdn.com\/kf\/Hfa23573b7ec84cafa933130096a4bd3e6\/222958773\/Hfa23573b7ec84cafa933130096a4bd3e6.jpg\" data-alt=\"Semi-auto vegetables food tray lunch box sealing machine\" \/><\/p>\n<p style=\"text-align: center;\">\n<p style=\"text-align: center;\"><img decoding=\"async\" src=\"https:\/\/sc02.alicdn.com\/kf\/Hcd7b9801e2a840029f8d6441590f853f3\/222958773\/Hcd7b9801e2a840029f8d6441590f853f3.jpg\" alt=\"Semi-auto vegetables food tray lunch box sealing machine\" width=\"750\" height=\"421.875\" data-src=\"\/\/sc02.alicdn.com\/kf\/Hcd7b9801e2a840029f8d6441590f853f3\/222958773\/Hcd7b9801e2a840029f8d6441590f853f3.jpg\" data-alt=\"Semi-auto vegetables food tray lunch box sealing machine\" \/><\/p>\n<p style=\"text-align: center;\">\n<p style=\"text-align: center;\"><img decoding=\"async\" src=\"https:\/\/sc02.alicdn.com\/kf\/H8fc0d49a6c2949cca9bfde061307c91fZ\/222958773\/H8fc0d49a6c2949cca9bfde061307c91fZ.jpg\" alt=\"Semi-auto vegetables food tray lunch box sealing machine\" width=\"750\" height=\"421.875\" data-src=\"\/\/sc02.alicdn.com\/kf\/H8fc0d49a6c2949cca9bfde061307c91fZ\/222958773\/H8fc0d49a6c2949cca9bfde061307c91fZ.jpg\" data-alt=\"Semi-auto vegetables food tray lunch box sealing machine\" \/><\/p>\n<p style=\"text-align: center;\">\u00a0<a>M\u00e1quina para sellar bandejas de alimentos<\/a><\/p>\n<p><img fetchpriority=\"high\" decoding=\"async\" class=\"aligncenter\" src=\"https:\/\/sc02.alicdn.com\/kf\/Hb4f089d7f8e84db8b4f4e7eddba9715as\/222958773\/Hb4f089d7f8e84db8b4f4e7eddba9715as.png\" alt=\"Semi-auto vegetables food tray lunch box sealing machine\" width=\"680\" height=\"680\" data-src=\"\/\/sc02.alicdn.com\/kf\/Hb4f089d7f8e84db8b4f4e7eddba9715as\/222958773\/Hb4f089d7f8e84db8b4f4e7eddba9715as.png\" data-alt=\"Semi-auto vegetables food tray lunch box sealing machine\" \/><\/p>\n<p><a>m\u00e1quina selladora de bandejas manual;<\/a><a>m\u00e1quina selladora de bandejas de alimentos;<\/a><a>M\u00e1quina de sellado t\u00e9rmico de bandejas de alimentos;<\/a><a>m\u00e1quina selladora de bandejas;<\/a><a>Maquina selladora para bandejas;<\/a><\/p>\n<p><a>M\u00e1quina autom\u00e1tica de sellado de bandejas;<\/a><a>m\u00e1quina selladora de bandejas al vac\u00edo;<\/a><a>m\u00e1quina selladora de bandejas de frutas;<\/a><a>m\u00e1quina selladora de bandejas de pl\u00e1stico<\/a><\/p>\n<p><img decoding=\"async\" class=\"\" src=\"https:\/\/sc01.alicdn.com\/kf\/HTB1uMedP4TpK1RjSZFKq6y2wXXaY\/222958773\/HTB1uMedP4TpK1RjSZFKq6y2wXXaY.jpg\" alt=\"Semi-auto vegetables food tray lunch box sealing machine\" width=\"1036\" height=\"87\" data-src=\"https:\/\/sc01.alicdn.com\/kf\/HTB1uMedP4TpK1RjSZFKq6y2wXXaY\/222958773\/HTB1uMedP4TpK1RjSZFKq6y2wXXaY.jpg\" data-alt=\"Semi-auto vegetables food tray lunch box sealing machine\" \/><\/p>\n<p>La bandeja cargada pasa a la m\u00e1quina selladora a trav\u00e9s de la cinta transportadora \u2192 el manipulador alimenta la caja a la plantilla \u2192 alimentaci\u00f3n autom\u00e1tica de pel\u00edcula \u2192 sellado autom\u00e1tico \u2192 corte autom\u00e1tico de pel\u00edcula \u2192 el manipulador alimenta la caja a la m\u00e1quina etiquetadora y a la cinta transportadora de inyecci\u00f3n de tinta.<\/p>\n<p>&nbsp;<\/p>\n<p><strong>Caracter\u00edsticas:<\/strong><\/p>\n<p>1. Equipado con una plantilla s\u00f3lida engrosada de aluminio antioxidante (fabricada en Guangdong),<\/p>\n<p>aluminio antioxidante de aleaci\u00f3n alcalina resistente a los \u00e1cidos;<\/p>\n<p>2. La m\u00e1quina cuenta con un tanque de almacenamiento de aire para mejorar la estabilidad de la presi\u00f3n del aire;<\/p>\n<p>3. Adoptar tecnolog\u00eda de protecci\u00f3n de baja presi\u00f3n para evitar que la baja presi\u00f3n de aire arranque la m\u00e1quina y mejorar la confiabilidad y estabilidad de la m\u00e1quina;<\/p>\n<p>4. Utilizar tecnolog\u00eda de escape centralizado para reducir la contaminaci\u00f3n;<\/p>\n<p>5. Se adopta la tecnolog\u00eda de aumento de la fuerza de sellado para garantizar la calidad del sellado.<\/p>\n<p><img decoding=\"async\" class=\"alignnone wp-image-646\" src=\"http:\/\/higheasy.cn\/wp-content\/uploads\/2023\/07\/HTB1Lnd7QMHqK1RjSZFgq6y7JXXaU.jpg\" alt=\"higheasy\" width=\"1238\" height=\"1836\" srcset=\"https:\/\/higheasy.cn\/wp-content\/uploads\/2023\/07\/HTB1Lnd7QMHqK1RjSZFgq6y7JXXaU.jpg 750w, https:\/\/higheasy.cn\/wp-content\/uploads\/2023\/07\/HTB1Lnd7QMHqK1RjSZFgq6y7JXXaU-300x445.jpg 300w, https:\/\/higheasy.cn\/wp-content\/uploads\/2023\/07\/HTB1Lnd7QMHqK1RjSZFgq6y7JXXaU-202x300.jpg 202w, https:\/\/higheasy.cn\/wp-content\/uploads\/2023\/07\/HTB1Lnd7QMHqK1RjSZFgq6y7JXXaU-691x1024.jpg 691w\" sizes=\"(max-width: 1238px) 100vw, 1238px\" \/><\/p>\n<p>La empresa cuenta con un grupo de equipos profesionales de investigaci\u00f3n y desarrollo de tecnolog\u00eda y equipos de procesamiento avanzados, y una serie de patentes de invenci\u00f3n. La compa\u00f1\u00eda produce una amplia variedad de maquinaria de embalaje, los principales productos son: m\u00e1quina de formado, llenado y sellado vertical (VFFS), m\u00e1quina de envasado tipo barra, m\u00e1quina de envasado de polvo, m\u00e1quina de envasado de l\u00edquidos y serie de pesadoras multicabezal, que se utilizan ampliamente en alimentos, productos qu\u00edmicos y bebidas. , productos agr\u00edcolas, juguetes y embalaje en productos industriales y otras industrias, los productos se exportan a todo el mundo y han obtenido agentes de marketing profesionales en muchos pa\u00edses y regiones. Los productos y servicios han sido reconocidos y elogiados un\u00e1nimemente por los clientes.<\/p>\n<p><img loading=\"lazy\" decoding=\"async\" class=\"alignnone size-full wp-image-662\" src=\"http:\/\/higheasy.cn\/wp-content\/uploads\/2023\/07\/5.jpg\" alt=\"small yogurt production line\" width=\"1200\" height=\"604\" srcset=\"https:\/\/higheasy.cn\/wp-content\/uploads\/2023\/07\/5.jpg 1200w, https:\/\/higheasy.cn\/wp-content\/uploads\/2023\/07\/5-300x151.jpg 300w, https:\/\/higheasy.cn\/wp-content\/uploads\/2023\/07\/5-1024x515.jpg 1024w, https:\/\/higheasy.cn\/wp-content\/uploads\/2023\/07\/5-768x387.jpg 768w\" sizes=\"(max-width: 1200px) 100vw, 1200px\" \/><\/p>","protected":false},"excerpt":{"rendered":"<p>Semi-auto vegetables food\u00a0tray lunch box sealing machine &nbsp; \u00a0lunch box sealing machine \u00a0box sealing machine \u00a0fast food box sealing machine \u00a0box sealing tape machine \u00a0carton sealing machine box \u00a0automatic fast food box sealing machine \u00a0lunch box sealing foil machine \u00a0tray sealing machine plastic;plastic food tray for sealing machine \u00a0food sealing tray machine manual tray sealing [&hellip;]<\/p>","protected":false},"featured_media":1061,"template":"","meta":{"site-sidebar-layout":"default","site-content-layout":"default","ast-site-content-layout":"default","site-content-style":"default","site-sidebar-style":"default","ast-global-header-display":"","ast-banner-title-visibility":"","ast-main-header-display":"","ast-hfb-above-header-display":"","ast-hfb-below-header-display":"","ast-hfb-mobile-header-display":"","site-post-title":"","ast-breadcrumbs-content":"","ast-featured-img":"","footer-sml-layout":"","theme-transparent-header-meta":"default","adv-header-id-meta":"","stick-header-meta":"","header-above-stick-meta":"","header-main-stick-meta":"","header-below-stick-meta":"","astra-migrate-meta-layouts":"set","ast-page-background-enabled":"default","ast-page-background-meta":{"desktop":{"background-color":"","background-image":"","background-repeat":"repeat","background-position":"center center","background-size":"auto","background-attachment":"scroll","background-type":"","background-media":"","overlay-type":"","overlay-color":"","overlay-opacity":"","overlay-gradient":""},"tablet":{"background-color":"","background-image":"","background-repeat":"repeat","background-position":"center center","background-size":"auto","background-attachment":"scroll","background-type":"","background-media":"","overlay-type":"","overlay-color":"","overlay-opacity":"","overlay-gradient":""},"mobile":{"background-color":"","background-image":"","background-repeat":"repeat","background-position":"center center","background-size":"auto","background-attachment":"scroll","background-type":"","background-media":"","overlay-type":"","overlay-color":"","overlay-opacity":"","overlay-gradient":""}},"ast-content-background-meta":{"desktop":{"background-color":"var(--ast-global-color-5)","background-image":"","background-repeat":"repeat","background-position":"center center","background-size":"auto","background-attachment":"scroll","background-type":"","background-media":"","overlay-type":"","overlay-color":"","overlay-opacity":"","overlay-gradient":""},"tablet":{"background-color":"var(--ast-global-color-5)","background-image":"","background-repeat":"repeat","background-position":"center center","background-size":"auto","background-attachment":"scroll","background-type":"","background-media":"","overlay-type":"","overlay-color":"","overlay-opacity":"","overlay-gradient":""},"mobile":{"background-color":"var(--ast-global-color-5)","background-image":"","background-repeat":"repeat","background-position":"center center","background-size":"auto","background-attachment":"scroll","background-type":"","background-media":"","overlay-type":"","overlay-color":"","overlay-opacity":"","overlay-gradient":""}}},"product_brand":[],"product_cat":[37],"product_tag":[],"class_list":{"0":"post-1060","1":"product","2":"type-product","3":"status-publish","4":"has-post-thumbnail","6":"product_cat-semi-auto-cup-tray-filling-sealing-machine","7":"desktop-align-left","8":"tablet-align-left","9":"mobile-align-left","11":"first","12":"instock","13":"shipping-taxable","14":"product-type-simple"},"_links":{"self":[{"href":"https:\/\/higheasy.cn\/es\/wp-json\/wp\/v2\/product\/1060","targetHints":{"allow":["GET"]}}],"collection":[{"href":"https:\/\/higheasy.cn\/es\/wp-json\/wp\/v2\/product"}],"about":[{"href":"https:\/\/higheasy.cn\/es\/wp-json\/wp\/v2\/types\/product"}],"wp:featuredmedia":[{"embeddable":true,"href":"https:\/\/higheasy.cn\/es\/wp-json\/wp\/v2\/media\/1061"}],"wp:attachment":[{"href":"https:\/\/higheasy.cn\/es\/wp-json\/wp\/v2\/media?parent=1060"}],"wp:term":[{"taxonomy":"product_brand","embeddable":true,"href":"https:\/\/higheasy.cn\/es\/wp-json\/wp\/v2\/product_brand?post=1060"},{"taxonomy":"product_cat","embeddable":true,"href":"https:\/\/higheasy.cn\/es\/wp-json\/wp\/v2\/product_cat?post=1060"},{"taxonomy":"product_tag","embeddable":true,"href":"https:\/\/higheasy.cn\/es\/wp-json\/wp\/v2\/product_tag?post=1060"}],"curies":[{"name":"wp","href":"https:\/\/api.w.org\/{rel}","templated":true}]}}