{"id":1058,"date":"2023-10-18T14:10:22","date_gmt":"2023-10-18T14:10:22","guid":{"rendered":"https:\/\/mediumturquoise-pheasant-889000.hostingersite.com\/?post_type=product&#038;p=1058"},"modified":"2023-10-18T14:12:46","modified_gmt":"2023-10-18T14:12:46","slug":"automatic-horizontal-packing-machine","status":"publish","type":"product","link":"https:\/\/higheasy.cn\/es\/producto\/automatic-horizontal-packing-machine\/","title":{"rendered":"M\u00e1quina envasadora horizontal autom\u00e1tica"},"content":{"rendered":"<p><img fetchpriority=\"high\" decoding=\"async\" class=\"\" src=\"https:\/\/sc01.alicdn.com\/kf\/HTB1uMedP4TpK1RjSZFKq6y2wXXaY\/222958773\/HTB1uMedP4TpK1RjSZFKq6y2wXXaY.jpg\" alt=\"Automatic flow packer horizontal packing machine for biscuit dish wash tablet soap toy vegetable bread tissue\" width=\"1071\" height=\"90\" data-src=\"https:\/\/sc01.alicdn.com\/kf\/HTB1uMedP4TpK1RjSZFKq6y2wXXaY\/222958773\/HTB1uMedP4TpK1RjSZFKq6y2wXXaY.jpg\" data-alt=\"Automatic flow packer horizontal packing machine for biscuit dish wash tablet soap toy vegetable bread tissue\" \/><\/p>\n<p><strong>Solicitud:\u00a0<\/strong><\/p>\n<p><strong>Es adecuado para envasar galletas, chocolate, pastel de luna, pan, helado, pastel de yema, savia de tocador, pastillas para lavar platos, pa\u00f1uelos y tarjetas, etc.<\/strong><\/p>\n<p><strong>Caracter\u00edsticas:<\/strong><\/p>\n<p><strong>* Programaci\u00f3n inform\u00e1tica y orientaci\u00f3n fotoel\u00e9ctrica r\u00e1pida.<\/strong><\/p>\n<p><strong>* Excelente rendimiento, funcionamiento sencillo y embalaje de alta velocidad.\u00a0<\/strong><\/p>\n<p>&nbsp;<\/p>\n<p><strong>Opci\u00f3n:\u00a0<\/strong><\/p>\n<p><strong>1. Impresora de fecha 2. Capaz de equipar con sistema de alimentaci\u00f3n autom\u00e1tica 3. Dispositivo de carga de nitr\u00f3geno<\/strong><\/p>\n<p><img decoding=\"async\" class=\"\" src=\"https:\/\/sc04.alicdn.com\/kf\/HTB1iXmEPIbpK1RjSZFyq6x_qFXaD\/222958773\/HTB1iXmEPIbpK1RjSZFyq6x_qFXaD.jpg\" alt=\"Automatic flow packer horizontal packing machine for biscuit dish wash tablet soap toy vegetable bread tissue\" width=\"1095\" height=\"92\" data-src=\"\/\/sc04.alicdn.com\/kf\/HTB1iXmEPIbpK1RjSZFyq6x_qFXaD\/222958773\/HTB1iXmEPIbpK1RjSZFyq6x_qFXaD.jpg\" data-alt=\"Automatic flow packer horizontal packing machine for biscuit dish wash tablet soap toy vegetable bread tissue\" \/><\/p>\n<table border=\"1\">\n<tbody>\n<tr>\n<td><strong>\u00a0 \u00a0 Forma de bolsa\u00a0 \u00a0<\/strong><\/td>\n<td><strong>\u00a0 Bolsa tipo almohada con sello trasero<\/strong><\/td>\n<\/tr>\n<tr>\n<td><strong>Especificaci\u00f3n de embalaje\u00a0<\/strong><\/td>\n<td><strong>Largo: 70-260 mm, ancho: 50-260 mm, alto \u2264 50 mm<\/strong><\/td>\n<\/tr>\n<tr>\n<td><strong>Velocidad de embalaje\u00a0<\/strong><\/td>\n<td><strong>80-200 bolsas\/minuto\u00a0<\/strong><\/td>\n<\/tr>\n<tr>\n<td><strong>Poder total\u00a0<\/strong><\/td>\n<td><strong>\u00a02,2 kw<\/strong><\/td>\n<\/tr>\n<tr>\n<td><strong>Fuente de alimentaci\u00f3n\u00a0<\/strong><\/td>\n<td><strong>220v\/50hz<\/strong><\/td>\n<\/tr>\n<tr>\n<td><strong>Tama\u00f1o de la m\u00e1quina\u00a0<\/strong><\/td>\n<td><strong>4000*950*1450 mm (largo x ancho x alto)<\/strong><\/td>\n<\/tr>\n<tr>\n<td><strong>Peso de la m\u00e1quina\u00a0<\/strong><\/td>\n<td data-spm-anchor-id=\"a2700.details.0.i21.17254d2drQrNuH\"><strong>500 kilos\u00a0<\/strong><\/td>\n<\/tr>\n<\/tbody>\n<\/table>\n<p><img decoding=\"async\" class=\"alignnone wp-image-646\" src=\"http:\/\/higheasy.cn\/wp-content\/uploads\/2023\/07\/HTB1Lnd7QMHqK1RjSZFgq6y7JXXaU.jpg\" alt=\"higheasy\" width=\"1238\" height=\"1836\" srcset=\"https:\/\/higheasy.cn\/wp-content\/uploads\/2023\/07\/HTB1Lnd7QMHqK1RjSZFgq6y7JXXaU.jpg 750w, https:\/\/higheasy.cn\/wp-content\/uploads\/2023\/07\/HTB1Lnd7QMHqK1RjSZFgq6y7JXXaU-300x445.jpg 300w, https:\/\/higheasy.cn\/wp-content\/uploads\/2023\/07\/HTB1Lnd7QMHqK1RjSZFgq6y7JXXaU-202x300.jpg 202w, https:\/\/higheasy.cn\/wp-content\/uploads\/2023\/07\/HTB1Lnd7QMHqK1RjSZFgq6y7JXXaU-691x1024.jpg 691w\" sizes=\"(max-width: 1238px) 100vw, 1238px\" \/><\/p>\n<p>La empresa cuenta con un grupo de equipos profesionales de investigaci\u00f3n y desarrollo de tecnolog\u00eda y equipos de procesamiento avanzados, y una serie de patentes de invenci\u00f3n. La compa\u00f1\u00eda produce una amplia variedad de maquinaria de embalaje, los principales productos son: m\u00e1quina de formado, llenado y sellado vertical (VFFS), m\u00e1quina de envasado tipo barra, m\u00e1quina de envasado de polvo, m\u00e1quina de envasado de l\u00edquidos y serie de pesadoras multicabezal, que se utilizan ampliamente en alimentos, productos qu\u00edmicos y bebidas. , productos agr\u00edcolas, juguetes y embalaje en productos industriales y otras industrias, los productos se exportan a todo el mundo y han obtenido agentes de marketing profesionales en muchos pa\u00edses y regiones. Los productos y servicios han sido reconocidos y elogiados un\u00e1nimemente por los clientes.<\/p>\n<p><img loading=\"lazy\" decoding=\"async\" class=\"alignnone size-full wp-image-662\" src=\"http:\/\/higheasy.cn\/wp-content\/uploads\/2023\/07\/5.jpg\" alt=\"small yogurt production line\" width=\"1200\" height=\"604\" srcset=\"https:\/\/higheasy.cn\/wp-content\/uploads\/2023\/07\/5.jpg 1200w, https:\/\/higheasy.cn\/wp-content\/uploads\/2023\/07\/5-300x151.jpg 300w, https:\/\/higheasy.cn\/wp-content\/uploads\/2023\/07\/5-1024x515.jpg 1024w, https:\/\/higheasy.cn\/wp-content\/uploads\/2023\/07\/5-768x387.jpg 768w\" sizes=\"(max-width: 1200px) 100vw, 1200px\" \/><\/p>","protected":false},"excerpt":{"rendered":"<p>Application:\u00a0 It is suitable for packing biscuit, chocolate, moon cake, bread,ice-cream, yolk pie,toilet sap,dishwash tablet,tissue and card etc Features: * Computer programming and rapid photeoelectric orientation * Excellent performance, simple operation and high-speed packaging\u00a0 &nbsp; Option:\u00a0 1. Date printer\u00a0 \u00a02. Able to equip with auto feeding system\u00a0 3. Nitrogen charging device \u00a0 \u00a0 Bag shape\u00a0 [&hellip;]<\/p>","protected":false},"featured_media":1059,"template":"","meta":{"site-sidebar-layout":"default","site-content-layout":"default","ast-site-content-layout":"default","site-content-style":"default","site-sidebar-style":"default","ast-global-header-display":"","ast-banner-title-visibility":"","ast-main-header-display":"","ast-hfb-above-header-display":"","ast-hfb-below-header-display":"","ast-hfb-mobile-header-display":"","site-post-title":"","ast-breadcrumbs-content":"","ast-featured-img":"","footer-sml-layout":"","theme-transparent-header-meta":"default","adv-header-id-meta":"","stick-header-meta":"","header-above-stick-meta":"","header-main-stick-meta":"","header-below-stick-meta":"","astra-migrate-meta-layouts":"set","ast-page-background-enabled":"default","ast-page-background-meta":{"desktop":{"background-color":"","background-image":"","background-repeat":"repeat","background-position":"center center","background-size":"auto","background-attachment":"scroll","background-type":"","background-media":"","overlay-type":"","overlay-color":"","overlay-opacity":"","overlay-gradient":""},"tablet":{"background-color":"","background-image":"","background-repeat":"repeat","background-position":"center center","background-size":"auto","background-attachment":"scroll","background-type":"","background-media":"","overlay-type":"","overlay-color":"","overlay-opacity":"","overlay-gradient":""},"mobile":{"background-color":"","background-image":"","background-repeat":"repeat","background-position":"center center","background-size":"auto","background-attachment":"scroll","background-type":"","background-media":"","overlay-type":"","overlay-color":"","overlay-opacity":"","overlay-gradient":""}},"ast-content-background-meta":{"desktop":{"background-color":"var(--ast-global-color-5)","background-image":"","background-repeat":"repeat","background-position":"center center","background-size":"auto","background-attachment":"scroll","background-type":"","background-media":"","overlay-type":"","overlay-color":"","overlay-opacity":"","overlay-gradient":""},"tablet":{"background-color":"var(--ast-global-color-5)","background-image":"","background-repeat":"repeat","background-position":"center center","background-size":"auto","background-attachment":"scroll","background-type":"","background-media":"","overlay-type":"","overlay-color":"","overlay-opacity":"","overlay-gradient":""},"mobile":{"background-color":"var(--ast-global-color-5)","background-image":"","background-repeat":"repeat","background-position":"center center","background-size":"auto","background-attachment":"scroll","background-type":"","background-media":"","overlay-type":"","overlay-color":"","overlay-opacity":"","overlay-gradient":""}}},"product_brand":[],"product_cat":[36],"product_tag":[],"class_list":{"0":"post-1058","1":"product","2":"type-product","3":"status-publish","4":"has-post-thumbnail","6":"product_cat-horizontal-packing-machine","7":"desktop-align-left","8":"tablet-align-left","9":"mobile-align-left","11":"first","12":"instock","13":"shipping-taxable","14":"product-type-simple"},"_links":{"self":[{"href":"https:\/\/higheasy.cn\/es\/wp-json\/wp\/v2\/product\/1058","targetHints":{"allow":["GET"]}}],"collection":[{"href":"https:\/\/higheasy.cn\/es\/wp-json\/wp\/v2\/product"}],"about":[{"href":"https:\/\/higheasy.cn\/es\/wp-json\/wp\/v2\/types\/product"}],"wp:featuredmedia":[{"embeddable":true,"href":"https:\/\/higheasy.cn\/es\/wp-json\/wp\/v2\/media\/1059"}],"wp:attachment":[{"href":"https:\/\/higheasy.cn\/es\/wp-json\/wp\/v2\/media?parent=1058"}],"wp:term":[{"taxonomy":"product_brand","embeddable":true,"href":"https:\/\/higheasy.cn\/es\/wp-json\/wp\/v2\/product_brand?post=1058"},{"taxonomy":"product_cat","embeddable":true,"href":"https:\/\/higheasy.cn\/es\/wp-json\/wp\/v2\/product_cat?post=1058"},{"taxonomy":"product_tag","embeddable":true,"href":"https:\/\/higheasy.cn\/es\/wp-json\/wp\/v2\/product_tag?post=1058"}],"curies":[{"name":"wp","href":"https:\/\/api.w.org\/{rel}","templated":true}]}}