{"id":1056,"date":"2023-10-18T14:05:39","date_gmt":"2023-10-18T14:05:39","guid":{"rendered":"https:\/\/mediumturquoise-pheasant-889000.hostingersite.com\/?post_type=product&#038;p=1056"},"modified":"2023-10-18T14:09:13","modified_gmt":"2023-10-18T14:09:13","slug":"semi-automatic-manual-liquid-filling-machine","status":"publish","type":"product","link":"https:\/\/higheasy.cn\/es\/producto\/semi-automatic-manual-liquid-filling-machine\/","title":{"rendered":"M\u00e1quina de llenado de l\u00edquidos manual semiautom\u00e1tica"},"content":{"rendered":"<h3 style=\"text-align: center;\" data-spm-anchor-id=\"a2700.details.0.i20.436b3406OtfNhL\"><strong>M\u00e1quina de llenado de l\u00edquidos manual semiautom\u00e1tica<\/strong><img fetchpriority=\"high\" decoding=\"async\" class=\"\" src=\"https:\/\/sc04.alicdn.com\/kf\/Hf7aa456544f24caf9186d06f2a35a6eaQ\/222958773\/Hf7aa456544f24caf9186d06f2a35a6eaQ.png\" alt=\"Semi-Automatic Manual Liquid Filling Machine\" width=\"1156\" height=\"1156\" data-src=\"\/\/sc04.alicdn.com\/kf\/Hf7aa456544f24caf9186d06f2a35a6eaQ\/222958773\/Hf7aa456544f24caf9186d06f2a35a6eaQ.png\" data-alt=\"Semi-Automatic Manual Liquid Filling Machine\" \/><img decoding=\"async\" class=\"\" src=\"https:\/\/sc04.alicdn.com\/kf\/H515267364cdb4f29874ea313d1721f38e\/222958773\/H515267364cdb4f29874ea313d1721f38e.png\" alt=\"Semi-Automatic Manual Liquid Filling Machine\" width=\"1132\" height=\"1147\" data-src=\"\/\/sc04.alicdn.com\/kf\/H515267364cdb4f29874ea313d1721f38e\/222958773\/H515267364cdb4f29874ea313d1721f38e.png\" data-alt=\"Semi-Automatic Manual Liquid Filling Machine\" \/><\/h3>\n<div id=\"ali-anchor-AliPostDhMb-8zmbz\" class=\"mceSectionContainer\" data-section=\"AliPostDhMb-8zmbz\" data-section-title=\"Applications\">\n<div id=\"ali-title-AliPostDhMb-8zmbz\" data-spm-anchor-id=\"a2700.details.0.i23.436b3406OtfNhL\">Aplicaciones<\/div>\n<div>\n<p><img decoding=\"async\" class=\"\" src=\"https:\/\/sc01.alicdn.com\/kf\/HTB1uMedP4TpK1RjSZFKq6y2wXXaY\/222958773\/HTB1uMedP4TpK1RjSZFKq6y2wXXaY.jpg\" alt=\"Semi-Automatic Manual Liquid Filling Machine\" width=\"1131\" height=\"95\" data-src=\"https:\/\/sc01.alicdn.com\/kf\/HTB1uMedP4TpK1RjSZFKq6y2wXXaY\/222958773\/HTB1uMedP4TpK1RjSZFKq6y2wXXaY.jpg\" data-alt=\"Semi-Automatic Manual Liquid Filling Machine\" data-spm-anchor-id=\"a2700.details.0.i22.436b3406OtfNhL\" \/><\/p>\n<\/div>\n<\/div>\n<p><strong>Apto para todo tipo de l\u00edquidos.<\/strong><\/p>\n<p><img loading=\"lazy\" decoding=\"async\" class=\"\" src=\"https:\/\/sc04.alicdn.com\/kf\/H0648e411c0c243d5a197bada3592f736y\/222958773\/H0648e411c0c243d5a197bada3592f736y.jpg\" alt=\"Semi-Automatic Manual Liquid Filling Machine\" width=\"1171\" height=\"1264\" data-src=\"\/\/sc04.alicdn.com\/kf\/H0648e411c0c243d5a197bada3592f736y\/222958773\/H0648e411c0c243d5a197bada3592f736y.jpg\" data-alt=\"Semi-Automatic Manual Liquid Filling Machine\" \/><\/p>\n<p>&nbsp;<\/p>\n<p><strong>La exquisita v\u00e1lvula rotativa y varios tama\u00f1os de cabezales de llenado satisfacen las necesidades de llenado de diferentes l\u00edquidos.<\/strong><\/p>\n<p><img loading=\"lazy\" decoding=\"async\" class=\"\" src=\"https:\/\/sc04.alicdn.com\/kf\/H8472c2cf60c244d4800162db93321f60Z\/222958773\/H8472c2cf60c244d4800162db93321f60Z.png\" alt=\"Semi-Automatic Manual Liquid Filling Machine\" width=\"1103\" height=\"817\" data-src=\"\/\/sc04.alicdn.com\/kf\/H8472c2cf60c244d4800162db93321f60Z\/222958773\/H8472c2cf60c244d4800162db93321f60Z.png\" data-alt=\"Semi-Automatic Manual Liquid Filling Machine\" \/><img loading=\"lazy\" decoding=\"async\" class=\"\" src=\"https:\/\/sc04.alicdn.com\/kf\/H7b73e22af6d4484eb6d4f8f44546c2fei\/222958773\/H7b73e22af6d4484eb6d4f8f44546c2fei.png\" alt=\"Semi-Automatic Manual Liquid Filling Machine\" width=\"1040\" height=\"758\" data-src=\"\/\/sc04.alicdn.com\/kf\/H7b73e22af6d4484eb6d4f8f44546c2fei\/222958773\/H7b73e22af6d4484eb6d4f8f44546c2fei.png\" data-alt=\"Semi-Automatic Manual Liquid Filling Machine\" data-spm-anchor-id=\"a2700.details.0.i21.436b3406OtfNhL\" \/><\/p>\n<p><img loading=\"lazy\" decoding=\"async\" class=\"alignnone wp-image-646\" src=\"http:\/\/higheasy.cn\/wp-content\/uploads\/2023\/07\/HTB1Lnd7QMHqK1RjSZFgq6y7JXXaU.jpg\" alt=\"higheasy\" width=\"1238\" height=\"1836\" srcset=\"https:\/\/higheasy.cn\/wp-content\/uploads\/2023\/07\/HTB1Lnd7QMHqK1RjSZFgq6y7JXXaU.jpg 750w, https:\/\/higheasy.cn\/wp-content\/uploads\/2023\/07\/HTB1Lnd7QMHqK1RjSZFgq6y7JXXaU-300x445.jpg 300w, https:\/\/higheasy.cn\/wp-content\/uploads\/2023\/07\/HTB1Lnd7QMHqK1RjSZFgq6y7JXXaU-202x300.jpg 202w, https:\/\/higheasy.cn\/wp-content\/uploads\/2023\/07\/HTB1Lnd7QMHqK1RjSZFgq6y7JXXaU-691x1024.jpg 691w\" sizes=\"(max-width: 1238px) 100vw, 1238px\" \/><\/p>\n<p>La empresa cuenta con un grupo de equipos profesionales de investigaci\u00f3n y desarrollo de tecnolog\u00eda y equipos de procesamiento avanzados, y una serie de patentes de invenci\u00f3n. La compa\u00f1\u00eda produce una amplia variedad de maquinaria de embalaje, los principales productos son: m\u00e1quina de formado, llenado y sellado vertical (VFFS), m\u00e1quina de envasado tipo barra, m\u00e1quina de envasado de polvo, m\u00e1quina de envasado de l\u00edquidos y serie de pesadoras multicabezal, que se utilizan ampliamente en alimentos, productos qu\u00edmicos y bebidas. , productos agr\u00edcolas, juguetes y embalaje en productos industriales y otras industrias, los productos se exportan a todo el mundo y han obtenido agentes de marketing profesionales en muchos pa\u00edses y regiones. Los productos y servicios han sido reconocidos y elogiados un\u00e1nimemente por los clientes.<\/p>\n<p><img loading=\"lazy\" decoding=\"async\" class=\"alignnone size-full wp-image-662\" src=\"http:\/\/higheasy.cn\/wp-content\/uploads\/2023\/07\/5.jpg\" alt=\"small yogurt production line\" width=\"1200\" height=\"604\" srcset=\"https:\/\/higheasy.cn\/wp-content\/uploads\/2023\/07\/5.jpg 1200w, https:\/\/higheasy.cn\/wp-content\/uploads\/2023\/07\/5-300x151.jpg 300w, https:\/\/higheasy.cn\/wp-content\/uploads\/2023\/07\/5-1024x515.jpg 1024w, https:\/\/higheasy.cn\/wp-content\/uploads\/2023\/07\/5-768x387.jpg 768w\" sizes=\"(max-width: 1200px) 100vw, 1200px\" \/><\/p>","protected":false},"excerpt":{"rendered":"<p>Semi-Automatic Manual Liquid Filling Machine Applications Suitable for all kinds of liquids. &nbsp; Exquisite rotary valve and various sizes of filling heads meet the filling needs of different liquids. The company has a group of professional technology research and development teams and advanced processing equipment, and a number of invention patents.\u00a0 The company produces a [&hellip;]<\/p>","protected":false},"featured_media":1057,"template":"","meta":{"site-sidebar-layout":"default","site-content-layout":"default","ast-site-content-layout":"default","site-content-style":"default","site-sidebar-style":"default","ast-global-header-display":"","ast-banner-title-visibility":"","ast-main-header-display":"","ast-hfb-above-header-display":"","ast-hfb-below-header-display":"","ast-hfb-mobile-header-display":"","site-post-title":"","ast-breadcrumbs-content":"","ast-featured-img":"","footer-sml-layout":"","theme-transparent-header-meta":"default","adv-header-id-meta":"","stick-header-meta":"","header-above-stick-meta":"","header-main-stick-meta":"","header-below-stick-meta":"","astra-migrate-meta-layouts":"set","ast-page-background-enabled":"default","ast-page-background-meta":{"desktop":{"background-color":"","background-image":"","background-repeat":"repeat","background-position":"center center","background-size":"auto","background-attachment":"scroll","background-type":"","background-media":"","overlay-type":"","overlay-color":"","overlay-opacity":"","overlay-gradient":""},"tablet":{"background-color":"","background-image":"","background-repeat":"repeat","background-position":"center center","background-size":"auto","background-attachment":"scroll","background-type":"","background-media":"","overlay-type":"","overlay-color":"","overlay-opacity":"","overlay-gradient":""},"mobile":{"background-color":"","background-image":"","background-repeat":"repeat","background-position":"center center","background-size":"auto","background-attachment":"scroll","background-type":"","background-media":"","overlay-type":"","overlay-color":"","overlay-opacity":"","overlay-gradient":""}},"ast-content-background-meta":{"desktop":{"background-color":"var(--ast-global-color-5)","background-image":"","background-repeat":"repeat","background-position":"center center","background-size":"auto","background-attachment":"scroll","background-type":"","background-media":"","overlay-type":"","overlay-color":"","overlay-opacity":"","overlay-gradient":""},"tablet":{"background-color":"var(--ast-global-color-5)","background-image":"","background-repeat":"repeat","background-position":"center center","background-size":"auto","background-attachment":"scroll","background-type":"","background-media":"","overlay-type":"","overlay-color":"","overlay-opacity":"","overlay-gradient":""},"mobile":{"background-color":"var(--ast-global-color-5)","background-image":"","background-repeat":"repeat","background-position":"center center","background-size":"auto","background-attachment":"scroll","background-type":"","background-media":"","overlay-type":"","overlay-color":"","overlay-opacity":"","overlay-gradient":""}}},"product_brand":[],"product_cat":[35],"product_tag":[],"class_list":{"0":"post-1056","1":"product","2":"type-product","3":"status-publish","4":"has-post-thumbnail","6":"product_cat-vffs-vertical-packing-machine","7":"desktop-align-left","8":"tablet-align-left","9":"mobile-align-left","11":"first","12":"instock","13":"shipping-taxable","14":"product-type-simple"},"_links":{"self":[{"href":"https:\/\/higheasy.cn\/es\/wp-json\/wp\/v2\/product\/1056","targetHints":{"allow":["GET"]}}],"collection":[{"href":"https:\/\/higheasy.cn\/es\/wp-json\/wp\/v2\/product"}],"about":[{"href":"https:\/\/higheasy.cn\/es\/wp-json\/wp\/v2\/types\/product"}],"wp:featuredmedia":[{"embeddable":true,"href":"https:\/\/higheasy.cn\/es\/wp-json\/wp\/v2\/media\/1057"}],"wp:attachment":[{"href":"https:\/\/higheasy.cn\/es\/wp-json\/wp\/v2\/media?parent=1056"}],"wp:term":[{"taxonomy":"product_brand","embeddable":true,"href":"https:\/\/higheasy.cn\/es\/wp-json\/wp\/v2\/product_brand?post=1056"},{"taxonomy":"product_cat","embeddable":true,"href":"https:\/\/higheasy.cn\/es\/wp-json\/wp\/v2\/product_cat?post=1056"},{"taxonomy":"product_tag","embeddable":true,"href":"https:\/\/higheasy.cn\/es\/wp-json\/wp\/v2\/product_tag?post=1056"}],"curies":[{"name":"wp","href":"https:\/\/api.w.org\/{rel}","templated":true}]}}