{"id":1054,"date":"2023-10-18T14:02:23","date_gmt":"2023-10-18T14:02:23","guid":{"rendered":"https:\/\/mediumturquoise-pheasant-889000.hostingersite.com\/?post_type=product&#038;p=1054"},"modified":"2023-10-18T15:13:16","modified_gmt":"2023-10-18T15:13:16","slug":"fully-automatic-l-type-box-tray-bag-sealer-heat-shrink-sealing-packing-machine","status":"publish","type":"product","link":"https:\/\/higheasy.cn\/es\/producto\/fully-automatic-l-type-box-tray-bag-sealer-heat-shrink-sealing-packing-machine\/","title":{"rendered":"M\u00e1quina empacadora de sellado termorretr\u00e1ctil, sellador de cajas\/bandejas\/bolsas tipo L completamente autom\u00e1tica"},"content":{"rendered":"<h3 style=\"text-align: center;\"><span style=\"font-style: inherit; font-weight: inherit;\" data-spm-anchor-id=\"a2700.details.0.i18.6dbc61df089Gjo\">Sellador de bandejas\/bolsas tipo L completamente autom\u00e1tico<\/span><\/h3>\n<h3 style=\"text-align: center;\">Sellado de embalaje\/embalaje\/m\u00e1quina de embalaje<\/h3>\n<p>&nbsp;<\/p>\n<p style=\"font-style: inherit; font-weight: inherit;\" data-id=\"paragraph0\">La m\u00e1quina permite un control simple y preciso de todas las operaciones de la m\u00e1quina, tales como:<br \/>\n\u2013 Posibilidad de almacenar hasta 10 programas de funcionamiento diferentes<\/p>\n<p>\u2013 Control autom\u00e1tico de la altura de la barra de sellado \u2013 Doble ajuste de la temperatura de la cuchilla de sellado, tanto a lo largo como a lo ancho<\/p>\n<p>\u2013 Posibilidad de envasar paquetes individuales o paquetes m\u00faltiples<\/p>\n<p>\u2013 Velocidad de los transportadores ajustable electr\u00f3nicamente desde el panel de control.<\/p>\n<p>Caracter\u00edsticas<br \/>\n\u2013 Sistema de sello central motorizado de serie<\/p>\n<p>\u2013 Contador de piezas, posible configuraci\u00f3n de producci\u00f3n por lotes<\/p>\n<p>\u2013 Medici\u00f3n de la longitud del paquete<\/p>\n<p>-Salida en tiempo real<\/p>\n<p>\u2013 Control de envases irregulares<\/p>\n<p>\u2013 Consumo de energ\u00eda reducido<br \/>\n\u2013 Requisito de film de embalaje: Poliolefina, film microperforado de polietileno, espesor de 10 a 50 \u03bc<br \/>\n\u2013 Cumplimiento de la normativa CE<\/p>\n<p><span style=\"font-style: inherit; font-weight: inherit;\">Opciones Disponibles:<br \/>\n1. Cintur\u00f3n para besar<br \/>\n2. Dispositivo de lectura de marcas para pel\u00edculas impresas.<br \/>\n3. Caja de acero inoxidable<br \/>\n4. Fotoc\u00e9lulas de entrada y salida<br \/>\n5. Transportadores de entrada y salida de alimentaci\u00f3n.<\/span><\/p>\n<p style=\"font-weight: inherit;\" data-section=\"AliMagic-lneyrf\" data-section-title=\"FEATURES AT A GLANCE\">CARACTER\u00cdSTICAS DE UN VISTAZO<\/p>\n<p style=\"font-style: inherit; font-weight: inherit;\" data-id=\"left-content\">\u2013 Sistema de sello central motorizado de serie<br \/>\n\u2013 Contador de piezas, posible configuraci\u00f3n de producci\u00f3n por lotes<br \/>\n\u2013 Medici\u00f3n de la longitud del paquete<br \/>\n-Salida en tiempo real<br \/>\n\u2013 Control de envases irregulares<br \/>\n\u2013 Consumo de energ\u00eda reducido<br \/>\n\u2013 Requisito de film de embalaje: Poliolefina, film microperforado de polietileno, espesor de 10 a 50 \u03bc<br \/>\n\u2013 Cumplimiento de la normativa CE<\/p>\n<p data-id=\"left-content\"><img fetchpriority=\"high\" decoding=\"async\" class=\"aligncenter\" src=\"https:\/\/sc01.alicdn.com\/kf\/H2f18511af25d480d9c15d0b493d5cb4aS\/222958773\/H2f18511af25d480d9c15d0b493d5cb4aS.png\" width=\"559\" height=\"510\" \/><img decoding=\"async\" class=\"aligncenter\" src=\"https:\/\/sc01.alicdn.com\/kf\/H8c706bea2dcc4095aa08dbed7b2ea36dZ\/222958773\/H8c706bea2dcc4095aa08dbed7b2ea36dZ.png\" width=\"593\" height=\"566\" \/><\/p>\n<p data-id=\"left-content\"><img decoding=\"async\" class=\"aligncenter\" src=\"https:\/\/sc02.alicdn.com\/kf\/H9e1ad8658e814091834eb654cc2a598a0\/222958773\/H9e1ad8658e814091834eb654cc2a598a0.png\" width=\"549\" height=\"534\" \/><img loading=\"lazy\" decoding=\"async\" class=\"aligncenter\" src=\"https:\/\/sc01.alicdn.com\/kf\/H2f18511af25d480d9c15d0b493d5cb4aS\/222958773\/H2f18511af25d480d9c15d0b493d5cb4aS.png\" width=\"607\" height=\"555\" \/><\/p>\n<div class=\"J_module\">\n<div id=\"ali-anchor-AliMagic-tcqr6a\" class=\"magic-0\" data-section=\"AliMagic-tcqr6a\" data-section-title=\"PRODUCT SPECIFICATIONS\" data-spm-anchor-id=\"a2700.details.0.i29.6dbc61df089Gjo\">ESPECIFICACIONES DEL PRODUCTO<\/div>\n<\/div>\n<div class=\"J_module\">\n<div class=\"ife-detail-decorate-table\">\n<table class=\"all magic-23\">\n<tbody>\n<tr>\n<td colspan=\"1\" rowspan=\"1\">\n<div class=\"magic-24\">\n<div class=\"magic-3\" data-spm-anchor-id=\"a2700.pc-decorate.0.i130.609a3333Cx9nfs\">Art\u00edculo<\/div>\n<\/div>\n<\/td>\n<td colspan=\"1\" rowspan=\"1\">\n<div class=\"magic-25\">HYLA-6000\/ HYLA-6000CS<\/div>\n<\/td>\n<td colspan=\"1\" rowspan=\"1\">\n<div class=\"magic-26\">\n<div class=\"magic-3\" data-spm-anchor-id=\"a2700.pc-decorate.0.i44.325d3333t5xzQD\">HYLA-8000\/HYLA-8000CS<\/div>\n<\/div>\n<\/td>\n<\/tr>\n<tr>\n<td colspan=\"1\" rowspan=\"1\">\n<div class=\"magic-24\">\n<div class=\"magic-3\" data-spm-anchor-id=\"a2700.pc-decorate.0.i55.325d3333t5xzQD\">Fuente de alimentaci\u00f3n\/ Potencia instalada<\/div>\n<\/div>\n<\/td>\n<td colspan=\"2\" rowspan=\"1\">\n<div class=\"magic-27\">\n<div class=\"magic-3\" data-spm-anchor-id=\"a2700.pc-decorate.0.i41.325d3333t5xzQD\">220 \u2013 240 V, 1PH \u2013 N \u2013 PE, 50\/60 Hz\/ 3200 W<\/div>\n<\/div>\n<\/td>\n<\/tr>\n<tr>\n<td colspan=\"1\" rowspan=\"1\">\n<div class=\"magic-24\">\n<div class=\"magic-3\" data-spm-anchor-id=\"a2700.pc-decorate.0.i60.325d3333t5xzQD\">Presi\u00f3n de aire comprimido\/Consumo de aire comprimido<\/div>\n<\/div>\n<\/td>\n<td colspan=\"2\" rowspan=\"1\">\n<div class=\"magic-27\">\n<div class=\"magic-3\">5 bares\/ 6 Nl\/p<\/div>\n<\/div>\n<\/td>\n<\/tr>\n<tr>\n<td colspan=\"1\" rowspan=\"1\">\n<div class=\"magic-24\">\n<div class=\"magic-3\" data-spm-anchor-id=\"a2700.pc-decorate.0.i70.325d3333t5xzQD\">Dimensi\u00f3n de la barra de sellado<\/div>\n<\/div>\n<\/td>\n<td colspan=\"1\" rowspan=\"1\">\n<div class=\"magic-25\">\n<div class=\"magic-3\">610x480mm<\/div>\n<\/div>\n<\/td>\n<td colspan=\"1\" rowspan=\"1\">\n<div class=\"magic-26\">\n<div class=\"magic-3\">860x670mm<\/div>\n<\/div>\n<\/td>\n<\/tr>\n<tr>\n<td colspan=\"1\" rowspan=\"1\">\n<div class=\"magic-24\">\n<div class=\"magic-3\" data-spm-anchor-id=\"a2700.pc-decorate.0.i78.325d3333t5xzQD\">Altura m\u00e1xima del paquete<\/div>\n<\/div>\n<\/td>\n<td colspan=\"1\" rowspan=\"1\">\n<div class=\"magic-25\">\n<div class=\"magic-3\" data-spm-anchor-id=\"a2700.pc-decorate.0.i75.325d3333t5xzQD\">200 mm para sello central<\/div>\n<\/div>\n<\/td>\n<td colspan=\"1\" rowspan=\"1\">\n<div class=\"magic-26\">\n<div class=\"magic-3\" data-spm-anchor-id=\"a2700.pc-decorate.0.i67.325d3333t5xzQD\">250 mm para sello central<\/div>\n<\/div>\n<\/td>\n<\/tr>\n<tr>\n<td colspan=\"1\" rowspan=\"1\">\n<div class=\"magic-24\">\n<div class=\"magic-3\" data-spm-anchor-id=\"a2700.pc-decorate.0.i79.325d3333t5xzQD\">Velocidad de los transportadores<\/div>\n<\/div>\n<\/td>\n<td colspan=\"2\" rowspan=\"1\">\n<div class=\"magic-27\">\n<div class=\"magic-3\">10 \u2013 30 m\/min<\/div>\n<\/div>\n<\/td>\n<\/tr>\n<tr>\n<td colspan=\"1\" rowspan=\"1\">\n<div class=\"magic-24\">\n<div class=\"magic-3\" data-spm-anchor-id=\"a2700.pc-decorate.0.i86.325d3333t5xzQD\">Producci\u00f3n media por hora<\/div>\n<\/div>\n<\/td>\n<td colspan=\"1\" rowspan=\"1\">\n<div class=\"magic-25\">\n<div class=\"magic-3\">600 &#8211; 2400<\/div>\n<\/div>\n<\/td>\n<td colspan=\"1\" rowspan=\"1\">\n<div class=\"magic-26\">\n<div class=\"magic-3\">600 &#8211; 1800<\/div>\n<\/div>\n<\/td>\n<\/tr>\n<tr>\n<td colspan=\"1\" rowspan=\"1\">\n<div class=\"magic-24\">\n<div class=\"magic-3\">Tama\u00f1o m\u00e1ximo del carrete de pel\u00edcula<\/div>\n<\/div>\n<\/td>\n<td colspan=\"2\" rowspan=\"1\">\n<div class=\"magic-27\">\n<div class=\"magic-3\">600 \u2013 \u00f8 300 mm<\/div>\n<\/div>\n<\/td>\n<\/tr>\n<tr>\n<td colspan=\"1\" rowspan=\"1\">\n<div class=\"magic-24\">\n<div class=\"magic-3\">Tama\u00f1o de la m\u00e1quina<\/div>\n<\/div>\n<\/td>\n<td colspan=\"1\" rowspan=\"1\">\n<div class=\"magic-25\">\n<div class=\"magic-3\">Largo 2040 \u00d7 Ancho 1550 \u00d7 Alto 1340 mm<\/div>\n<\/div>\n<\/td>\n<td colspan=\"1\" rowspan=\"1\">\n<div class=\"magic-26\">\n<div class=\"magic-3\">Largo 2580 \u00d7 Ancho 1840 \u00d7 Alto 1620 mm<\/div>\n<\/div>\n<\/td>\n<\/tr>\n<tr>\n<td colspan=\"1\" rowspan=\"1\">\n<div class=\"magic-24\">\n<div class=\"magic-3\">Tama\u00f1o de la m\u00e1quina empaquetada<\/div>\n<\/div>\n<\/td>\n<td colspan=\"1\" rowspan=\"1\">\n<div class=\"magic-25\">\n<div class=\"magic-3\">Largo 2160 \u00d7 Ancho 1730 \u00d7 Alto 1620 mm<\/div>\n<\/div>\n<\/td>\n<td colspan=\"1\" rowspan=\"1\">\n<div class=\"magic-26\">\n<div class=\"magic-3\">Largo 2469 \u00d7 Ancho 1740 \u00d7 Alto 1340 mm<\/div>\n<\/div>\n<\/td>\n<\/tr>\n<tr>\n<td colspan=\"1\" rowspan=\"1\">\n<div class=\"magic-24\">\n<div class=\"magic-3\">Peso de la m\u00e1quina<\/div>\n<\/div>\n<\/td>\n<td colspan=\"1\" rowspan=\"1\">\n<div class=\"magic-25\">\n<div class=\"magic-3\">NO: 610 Kg GW: 850 Kg<\/div>\n<\/div>\n<\/td>\n<td colspan=\"1\" rowspan=\"1\">\n<div class=\"magic-26\">\n<div class=\"magic-3\" data-spm-anchor-id=\"a2700.details.0.i28.6dbc61df089Gjo\">NO: 750 Kg GW: 930 Kg<\/div>\n<\/div>\n<\/td>\n<\/tr>\n<\/tbody>\n<\/table>\n<\/div>\n<\/div>\n<p><img loading=\"lazy\" decoding=\"async\" class=\"alignnone wp-image-646\" src=\"http:\/\/higheasy.cn\/wp-content\/uploads\/2023\/07\/HTB1Lnd7QMHqK1RjSZFgq6y7JXXaU.jpg\" alt=\"higheasy\" width=\"1238\" height=\"1836\" srcset=\"https:\/\/higheasy.cn\/wp-content\/uploads\/2023\/07\/HTB1Lnd7QMHqK1RjSZFgq6y7JXXaU.jpg 750w, https:\/\/higheasy.cn\/wp-content\/uploads\/2023\/07\/HTB1Lnd7QMHqK1RjSZFgq6y7JXXaU-300x445.jpg 300w, https:\/\/higheasy.cn\/wp-content\/uploads\/2023\/07\/HTB1Lnd7QMHqK1RjSZFgq6y7JXXaU-202x300.jpg 202w, https:\/\/higheasy.cn\/wp-content\/uploads\/2023\/07\/HTB1Lnd7QMHqK1RjSZFgq6y7JXXaU-691x1024.jpg 691w\" sizes=\"(max-width: 1238px) 100vw, 1238px\" \/><\/p>\n<p>La empresa cuenta con un grupo de equipos profesionales de investigaci\u00f3n y desarrollo de tecnolog\u00eda y equipos de procesamiento avanzados, y una serie de patentes de invenci\u00f3n. La compa\u00f1\u00eda produce una amplia variedad de maquinaria de embalaje, los principales productos son: m\u00e1quina de formado, llenado y sellado vertical (VFFS), m\u00e1quina de envasado tipo barra, m\u00e1quina de envasado de polvo, m\u00e1quina de envasado de l\u00edquidos y serie de pesadoras multicabezal, que se utilizan ampliamente en alimentos, productos qu\u00edmicos y bebidas. , productos agr\u00edcolas, juguetes y embalaje en productos industriales y otras industrias, los productos se exportan a todo el mundo y han obtenido agentes de marketing profesionales en muchos pa\u00edses y regiones. Los productos y servicios han sido reconocidos y elogiados un\u00e1nimemente por los clientes.<\/p>\n<p><img loading=\"lazy\" decoding=\"async\" class=\"alignnone size-full wp-image-662\" src=\"http:\/\/higheasy.cn\/wp-content\/uploads\/2023\/07\/5.jpg\" alt=\"small yogurt production line\" width=\"1200\" height=\"604\" srcset=\"https:\/\/higheasy.cn\/wp-content\/uploads\/2023\/07\/5.jpg 1200w, https:\/\/higheasy.cn\/wp-content\/uploads\/2023\/07\/5-300x151.jpg 300w, https:\/\/higheasy.cn\/wp-content\/uploads\/2023\/07\/5-1024x515.jpg 1024w, https:\/\/higheasy.cn\/wp-content\/uploads\/2023\/07\/5-768x387.jpg 768w\" sizes=\"(max-width: 1200px) 100vw, 1200px\" \/><\/p>","protected":false},"excerpt":{"rendered":"<p>Fully Automatic L Type Tray\/Bag Sealer Sealing Packing\/Packaging\/Package Machine &nbsp; Machine allows a simple and precise control of all the machine operations, such as: &#8211; Possibility of storing up to 10 different operation programs &#8211; Automatic control of the sealing bar height &#8211; double adjustment of the sealing blade temperature, both lengthways and broadways &#8211; [&hellip;]<\/p>","protected":false},"featured_media":1055,"template":"","meta":{"site-sidebar-layout":"default","site-content-layout":"default","ast-site-content-layout":"default","site-content-style":"default","site-sidebar-style":"default","ast-global-header-display":"","ast-banner-title-visibility":"","ast-main-header-display":"","ast-hfb-above-header-display":"","ast-hfb-below-header-display":"","ast-hfb-mobile-header-display":"","site-post-title":"","ast-breadcrumbs-content":"","ast-featured-img":"","footer-sml-layout":"","theme-transparent-header-meta":"default","adv-header-id-meta":"","stick-header-meta":"","header-above-stick-meta":"","header-main-stick-meta":"","header-below-stick-meta":"","astra-migrate-meta-layouts":"set","ast-page-background-enabled":"default","ast-page-background-meta":{"desktop":{"background-color":"","background-image":"","background-repeat":"repeat","background-position":"center center","background-size":"auto","background-attachment":"scroll","background-type":"","background-media":"","overlay-type":"","overlay-color":"","overlay-opacity":"","overlay-gradient":""},"tablet":{"background-color":"","background-image":"","background-repeat":"repeat","background-position":"center center","background-size":"auto","background-attachment":"scroll","background-type":"","background-media":"","overlay-type":"","overlay-color":"","overlay-opacity":"","overlay-gradient":""},"mobile":{"background-color":"","background-image":"","background-repeat":"repeat","background-position":"center center","background-size":"auto","background-attachment":"scroll","background-type":"","background-media":"","overlay-type":"","overlay-color":"","overlay-opacity":"","overlay-gradient":""}},"ast-content-background-meta":{"desktop":{"background-color":"var(--ast-global-color-5)","background-image":"","background-repeat":"repeat","background-position":"center center","background-size":"auto","background-attachment":"scroll","background-type":"","background-media":"","overlay-type":"","overlay-color":"","overlay-opacity":"","overlay-gradient":""},"tablet":{"background-color":"var(--ast-global-color-5)","background-image":"","background-repeat":"repeat","background-position":"center center","background-size":"auto","background-attachment":"scroll","background-type":"","background-media":"","overlay-type":"","overlay-color":"","overlay-opacity":"","overlay-gradient":""},"mobile":{"background-color":"var(--ast-global-color-5)","background-image":"","background-repeat":"repeat","background-position":"center center","background-size":"auto","background-attachment":"scroll","background-type":"","background-media":"","overlay-type":"","overlay-color":"","overlay-opacity":"","overlay-gradient":""}}},"product_brand":[],"product_cat":[22,35],"product_tag":[],"class_list":{"0":"post-1054","1":"product","2":"type-product","3":"status-publish","4":"has-post-thumbnail","6":"product_cat-hot-products","7":"product_cat-vffs-vertical-packing-machine","8":"desktop-align-left","9":"tablet-align-left","10":"mobile-align-left","12":"first","13":"instock","14":"shipping-taxable","15":"product-type-simple"},"_links":{"self":[{"href":"https:\/\/higheasy.cn\/es\/wp-json\/wp\/v2\/product\/1054","targetHints":{"allow":["GET"]}}],"collection":[{"href":"https:\/\/higheasy.cn\/es\/wp-json\/wp\/v2\/product"}],"about":[{"href":"https:\/\/higheasy.cn\/es\/wp-json\/wp\/v2\/types\/product"}],"wp:featuredmedia":[{"embeddable":true,"href":"https:\/\/higheasy.cn\/es\/wp-json\/wp\/v2\/media\/1055"}],"wp:attachment":[{"href":"https:\/\/higheasy.cn\/es\/wp-json\/wp\/v2\/media?parent=1054"}],"wp:term":[{"taxonomy":"product_brand","embeddable":true,"href":"https:\/\/higheasy.cn\/es\/wp-json\/wp\/v2\/product_brand?post=1054"},{"taxonomy":"product_cat","embeddable":true,"href":"https:\/\/higheasy.cn\/es\/wp-json\/wp\/v2\/product_cat?post=1054"},{"taxonomy":"product_tag","embeddable":true,"href":"https:\/\/higheasy.cn\/es\/wp-json\/wp\/v2\/product_tag?post=1054"}],"curies":[{"name":"wp","href":"https:\/\/api.w.org\/{rel}","templated":true}]}}