{"id":1020,"date":"2023-10-18T08:13:50","date_gmt":"2023-10-18T08:13:50","guid":{"rendered":"https:\/\/mediumturquoise-pheasant-889000.hostingersite.com\/?post_type=product&#038;p=1020"},"modified":"2023-10-18T15:13:22","modified_gmt":"2023-10-18T15:13:22","slug":"factory-price-puffed-food-pet-food-pop-corn-oatflake-candy-multihead-weigher-packing-machine","status":"publish","type":"product","link":"https:\/\/higheasy.cn\/es\/producto\/factory-price-puffed-food-pet-food-pop-corn-oatflake-candy-multihead-weigher-packing-machine\/","title":{"rendered":"Precio de f\u00e1brica, comida inflada, comida para mascotas, palomitas de ma\u00edz, copos de avena, dulces, m\u00e1quina envasadora pesadora multicabezal"},"content":{"rendered":"<p><img fetchpriority=\"high\" decoding=\"async\" class=\"\" src=\"https:\/\/sc01.alicdn.com\/kf\/HTB1uMedP4TpK1RjSZFKq6y2wXXaY\/222958773\/HTB1uMedP4TpK1RjSZFKq6y2wXXaY.jpg\" alt=\"Factory price sugar tea salt coffee seed peanut puffed food sachet packing machine\" width=\"1179\" height=\"99\" data-src=\"\/\/sc01.alicdn.com\/kf\/HTB1uMedP4TpK1RjSZFKq6y2wXXaY\/222958773\/HTB1uMedP4TpK1RjSZFKq6y2wXXaY.jpg\" data-alt=\"Factory price sugar tea salt coffee seed peanut puffed food sachet packing machine\" \/><\/p>\n<p>\u2666Se utiliza para envasar productos en grano, en l\u00e1minas y en tiras, como alimentos inflados, alimentos para mascotas, palomitas de ma\u00edz, copos de avena, dulces, etc.<\/p>\n<p>\u2666La m\u00e1quina adopta un servomotor, PLC y un sistema de control inteligente con pantalla t\u00e1ctil. Rendimiento estable y f\u00e1cil operaci\u00f3n.<\/p>\n<p>\u2666Sistema especial de fabricaci\u00f3n de bolsas, combinaci\u00f3n neum\u00e1tica y servo, para garantizar que la bolsa del producto de embalaje tenga una apariencia suave, hermosa y mejore el valor agregado del producto. Los cortadores se pueden personalizar seg\u00fan los requisitos del cliente, esquinas redondeadas, dientes, forma de diente u otra forma especial.<\/p>\n<p>\u2666 Diversificaci\u00f3n de embalajes, como bolsas con cierre posterior, bolsas con fuelle lateral, bolsas unidas, bolsas perforadas, etc.<\/p>\n<p>\u2666 Automatizaci\u00f3n total desde la fabricaci\u00f3n de bolsas, medici\u00f3n, llenado, sellado, conteo e impresi\u00f3n de fecha.<\/p>\n<p>\u2666 Sistema de llenado con pesadora de cabezales m\u00faltiples para precisi\u00f3n de llenado y buena aplicaci\u00f3n a diversos tipos de productos.<\/p>\n<p data-spm-anchor-id=\"a2700.details.0.i21.1b007b52iS5FnC\">\u2666 Cambie el dispositivo de llenado como bomba de pist\u00f3n para producto l\u00edquido\/pasta, c\u00e1mbielo como tipo de tornillo para llenado de polvo.<\/p>\n<p><img decoding=\"async\" class=\"\" src=\"https:\/\/sc02.alicdn.com\/kf\/HTB1iXmEPIbpK1RjSZFyq6x_qFXaD\/222958773\/HTB1iXmEPIbpK1RjSZFyq6x_qFXaD.jpg\" alt=\"Factory price sugar tea salt coffee seed peanut puffed food sachet packing machine\" width=\"1107\" height=\"93\" data-src=\"\/\/sc02.alicdn.com\/kf\/HTB1iXmEPIbpK1RjSZFyq6x_qFXaD\/222958773\/HTB1iXmEPIbpK1RjSZFyq6x_qFXaD.jpg\" data-alt=\"Factory price sugar tea salt coffee seed peanut puffed food sachet packing machine\" \/><\/p>\n<table border=\"2\">\n<tbody>\n<tr>\n<td><span data-spm-anchor-id=\"a2700.details.0.i24.1b007b52iS5FnC\">M\u00e9todo de sellado y corte\u00a0<\/span><\/td>\n<td><strong>\u00a0Sello trasero, bolsa con fuelle lateral\u00a0<\/strong><\/td>\n<\/tr>\n<tr>\n<td><span data-spm-anchor-id=\"a2700.details.0.i23.1b007b52iS5FnC\">Velocidad de embalaje (bolsa\/minuto)<\/span><\/td>\n<td><strong>10-30<\/strong><\/td>\n<\/tr>\n<tr>\n<td>Tama\u00f1o de la bolsa (mm)<\/td>\n<td>(Largo)80-380mm (Ancho)70-250mm<\/td>\n<\/tr>\n<tr>\n<td data-spm-anchor-id=\"a2700.details.0.i22.1b007b52iS5FnC\">Di\u00e1metro externo m\u00e1ximo del rollo de pel\u00edcula (mm)<\/td>\n<td>\u00a0\u2264\u2205450<\/td>\n<\/tr>\n<tr>\n<td>Ancho m\u00e1ximo de la pel\u00edcula (mm)<\/td>\n<td>\u00a0420 mm<\/td>\n<\/tr>\n<tr>\n<td>Espesor de la pel\u00edcula de embalaje (mm)<\/td>\n<td>\u00a00.05-0.10<\/td>\n<\/tr>\n<tr>\n<td>Potencia total (kilovatios)<\/td>\n<td>\u00a03.5<\/td>\n<\/tr>\n<tr>\n<td>Voltaje(V)<\/td>\n<td>\u00a0220v\/50Hz<\/td>\n<\/tr>\n<tr>\n<td>Rango de llenado (gramo)<\/td>\n<td>\u00a0100-1000g<\/td>\n<\/tr>\n<tr>\n<td>Consumo de aire (m3\/min)<\/td>\n<td>\u00a00.3<\/td>\n<\/tr>\n<tr>\n<td>\u00a0Tama\u00f1o de la m\u00e1quina (mm)<\/td>\n<td>\u00a05258*2000*4550<\/td>\n<\/tr>\n<tr>\n<td>\u00a0Peso de la m\u00e1quina (kg)<\/td>\n<td>\u00a01400<\/td>\n<\/tr>\n<\/tbody>\n<\/table>\n<p><img decoding=\"async\" class=\"alignnone wp-image-646\" src=\"http:\/\/higheasy.cn\/wp-content\/uploads\/2023\/07\/HTB1Lnd7QMHqK1RjSZFgq6y7JXXaU.jpg\" alt=\"higheasy\" width=\"1238\" height=\"1836\" srcset=\"https:\/\/higheasy.cn\/wp-content\/uploads\/2023\/07\/HTB1Lnd7QMHqK1RjSZFgq6y7JXXaU.jpg 750w, https:\/\/higheasy.cn\/wp-content\/uploads\/2023\/07\/HTB1Lnd7QMHqK1RjSZFgq6y7JXXaU-300x445.jpg 300w, https:\/\/higheasy.cn\/wp-content\/uploads\/2023\/07\/HTB1Lnd7QMHqK1RjSZFgq6y7JXXaU-202x300.jpg 202w, https:\/\/higheasy.cn\/wp-content\/uploads\/2023\/07\/HTB1Lnd7QMHqK1RjSZFgq6y7JXXaU-691x1024.jpg 691w\" sizes=\"(max-width: 1238px) 100vw, 1238px\" \/><\/p>\n<p>La empresa cuenta con un grupo de equipos profesionales de investigaci\u00f3n y desarrollo de tecnolog\u00eda y equipos de procesamiento avanzados, y una serie de patentes de invenci\u00f3n. La compa\u00f1\u00eda produce una amplia variedad de maquinaria de embalaje, los principales productos son: m\u00e1quina de formado, llenado y sellado vertical (VFFS), m\u00e1quina de envasado tipo barra, m\u00e1quina de envasado de polvo, m\u00e1quina de envasado de l\u00edquidos y serie de pesadoras multicabezal, que se utilizan ampliamente en alimentos, productos qu\u00edmicos y bebidas. , productos agr\u00edcolas, juguetes y embalaje en productos industriales y otras industrias, los productos se exportan a todo el mundo y han obtenido agentes de marketing profesionales en muchos pa\u00edses y regiones. Los productos y servicios han sido reconocidos y elogiados un\u00e1nimemente por los clientes.<\/p>\n<p><img loading=\"lazy\" decoding=\"async\" class=\"alignnone size-full wp-image-662\" src=\"http:\/\/higheasy.cn\/wp-content\/uploads\/2023\/07\/5.jpg\" alt=\"small yogurt production line\" width=\"1200\" height=\"604\" srcset=\"https:\/\/higheasy.cn\/wp-content\/uploads\/2023\/07\/5.jpg 1200w, https:\/\/higheasy.cn\/wp-content\/uploads\/2023\/07\/5-300x151.jpg 300w, https:\/\/higheasy.cn\/wp-content\/uploads\/2023\/07\/5-1024x515.jpg 1024w, https:\/\/higheasy.cn\/wp-content\/uploads\/2023\/07\/5-768x387.jpg 768w\" sizes=\"(max-width: 1200px) 100vw, 1200px\" \/><\/p>","protected":false},"excerpt":{"rendered":"<p>&#x2666;It is used to pack the grain, sheet type and strip type product such as\u00a0 puffed food, PET food ,pop corn, oatflake,candy etc. &#x2666;The machine adopts servo motor, PLC and touch screen intelligent control system. Stable performance and easy operation. &#x2666;Special bag making system, pneumatic and servo combination, to ensure the packaging product bag appearance [&hellip;]<\/p>","protected":false},"featured_media":1021,"template":"","meta":{"site-sidebar-layout":"default","site-content-layout":"default","ast-site-content-layout":"default","site-content-style":"default","site-sidebar-style":"default","ast-global-header-display":"","ast-banner-title-visibility":"","ast-main-header-display":"","ast-hfb-above-header-display":"","ast-hfb-below-header-display":"","ast-hfb-mobile-header-display":"","site-post-title":"","ast-breadcrumbs-content":"","ast-featured-img":"","footer-sml-layout":"","theme-transparent-header-meta":"default","adv-header-id-meta":"","stick-header-meta":"","header-above-stick-meta":"","header-main-stick-meta":"","header-below-stick-meta":"","astra-migrate-meta-layouts":"set","ast-page-background-enabled":"default","ast-page-background-meta":{"desktop":{"background-color":"","background-image":"","background-repeat":"repeat","background-position":"center center","background-size":"auto","background-attachment":"scroll","background-type":"","background-media":"","overlay-type":"","overlay-color":"","overlay-opacity":"","overlay-gradient":""},"tablet":{"background-color":"","background-image":"","background-repeat":"repeat","background-position":"center center","background-size":"auto","background-attachment":"scroll","background-type":"","background-media":"","overlay-type":"","overlay-color":"","overlay-opacity":"","overlay-gradient":""},"mobile":{"background-color":"","background-image":"","background-repeat":"repeat","background-position":"center center","background-size":"auto","background-attachment":"scroll","background-type":"","background-media":"","overlay-type":"","overlay-color":"","overlay-opacity":"","overlay-gradient":""}},"ast-content-background-meta":{"desktop":{"background-color":"var(--ast-global-color-5)","background-image":"","background-repeat":"repeat","background-position":"center center","background-size":"auto","background-attachment":"scroll","background-type":"","background-media":"","overlay-type":"","overlay-color":"","overlay-opacity":"","overlay-gradient":""},"tablet":{"background-color":"var(--ast-global-color-5)","background-image":"","background-repeat":"repeat","background-position":"center center","background-size":"auto","background-attachment":"scroll","background-type":"","background-media":"","overlay-type":"","overlay-color":"","overlay-opacity":"","overlay-gradient":""},"mobile":{"background-color":"var(--ast-global-color-5)","background-image":"","background-repeat":"repeat","background-position":"center center","background-size":"auto","background-attachment":"scroll","background-type":"","background-media":"","overlay-type":"","overlay-color":"","overlay-opacity":"","overlay-gradient":""}}},"product_brand":[],"product_cat":[22,35],"product_tag":[],"class_list":{"0":"post-1020","1":"product","2":"type-product","3":"status-publish","4":"has-post-thumbnail","6":"product_cat-hot-products","7":"product_cat-vffs-vertical-packing-machine","8":"desktop-align-left","9":"tablet-align-left","10":"mobile-align-left","12":"first","13":"instock","14":"shipping-taxable","15":"product-type-simple"},"_links":{"self":[{"href":"https:\/\/higheasy.cn\/es\/wp-json\/wp\/v2\/product\/1020","targetHints":{"allow":["GET"]}}],"collection":[{"href":"https:\/\/higheasy.cn\/es\/wp-json\/wp\/v2\/product"}],"about":[{"href":"https:\/\/higheasy.cn\/es\/wp-json\/wp\/v2\/types\/product"}],"wp:featuredmedia":[{"embeddable":true,"href":"https:\/\/higheasy.cn\/es\/wp-json\/wp\/v2\/media\/1021"}],"wp:attachment":[{"href":"https:\/\/higheasy.cn\/es\/wp-json\/wp\/v2\/media?parent=1020"}],"wp:term":[{"taxonomy":"product_brand","embeddable":true,"href":"https:\/\/higheasy.cn\/es\/wp-json\/wp\/v2\/product_brand?post=1020"},{"taxonomy":"product_cat","embeddable":true,"href":"https:\/\/higheasy.cn\/es\/wp-json\/wp\/v2\/product_cat?post=1020"},{"taxonomy":"product_tag","embeddable":true,"href":"https:\/\/higheasy.cn\/es\/wp-json\/wp\/v2\/product_tag?post=1020"}],"curies":[{"name":"wp","href":"https:\/\/api.w.org\/{rel}","templated":true}]}}