{"id":1011,"date":"2023-10-18T07:06:33","date_gmt":"2023-10-18T07:06:33","guid":{"rendered":"https:\/\/mediumturquoise-pheasant-889000.hostingersite.com\/?post_type=product&#038;p=1011"},"modified":"2023-10-18T07:08:53","modified_gmt":"2023-10-18T07:08:53","slug":"automatic-tin-can-filling-seaming-machine-tincan-sealing-machine","status":"publish","type":"product","link":"https:\/\/higheasy.cn\/es\/producto\/automatic-tin-can-filling-seaming-machine-tincan-sealing-machine\/","title":{"rendered":"M\u00e1quina autom\u00e1tica de llenado y cierre de latas, m\u00e1quina selladora de latas"},"content":{"rendered":"<h3 style=\"text-align: center;\"><span data-spm-anchor-id=\"a2700.details.0.i21.5b4a60e7VVowgH\">M\u00e1quina autom\u00e1tica de llenado y cierre de latas, m\u00e1quina selladora de latas<\/span><\/h3>\n<p><img fetchpriority=\"high\" decoding=\"async\" class=\"\" src=\"https:\/\/sc02.alicdn.com\/kf\/H1c6a26424faa42ab8448e21aac78e650P\/222958773\/H1c6a26424faa42ab8448e21aac78e650P.png\" width=\"1059\" height=\"596\" data-src=\"https:\/\/sc02.alicdn.com\/kf\/H1c6a26424faa42ab8448e21aac78e650P\/222958773\/H1c6a26424faa42ab8448e21aac78e650P.png\" data-width=\"925\" data-height=\"521\" \/><\/p>\n<p><img decoding=\"async\" class=\"alignnone  wp-image-1012\" src=\"http:\/\/higheasy.cn\/wp-content\/uploads\/2023\/10\/H2571426a475c4d2a80aa8050f2027a20r.jpg_960x960.webp\" alt=\"\" width=\"1059\" height=\"794\" srcset=\"https:\/\/higheasy.cn\/wp-content\/uploads\/2023\/10\/H2571426a475c4d2a80aa8050f2027a20r.jpg_960x960.webp 960w, https:\/\/higheasy.cn\/wp-content\/uploads\/2023\/10\/H2571426a475c4d2a80aa8050f2027a20r.jpg_960x960-300x225.webp 300w, https:\/\/higheasy.cn\/wp-content\/uploads\/2023\/10\/H2571426a475c4d2a80aa8050f2027a20r.jpg_960x960-768x576.webp 768w\" sizes=\"(max-width: 1059px) 100vw, 1059px\" \/><\/p>\n<p>&nbsp;<\/p>\n<p><img decoding=\"async\" class=\"\" src=\"https:\/\/sc01.alicdn.com\/kf\/HTB1uMedP4TpK1RjSZFKq6y2wXXaY\/222958773\/HTB1uMedP4TpK1RjSZFKq6y2wXXaY.jpg\" alt=\"Automatic tin can filling seaming machine tincan sealing machine auto tin can seamer\" width=\"1179\" height=\"99\" data-src=\"https:\/\/sc01.alicdn.com\/kf\/HTB1uMedP4TpK1RjSZFKq6y2wXXaY\/222958773\/HTB1uMedP4TpK1RjSZFKq6y2wXXaY.jpg\" data-alt=\"Automatic tin can filling seaming machine tincan sealing machine auto tin can seamer\" \/><\/p>\n<p>&nbsp;<\/p>\n<p>1. Finalizaci\u00f3n autom\u00e1tica de carga de material, pesaje, enlatado, colocaci\u00f3n de tapas, cierre de latas, etiquetado e inyecci\u00f3n de tinta;<\/p>\n<p>2. Montaje selectivo de equipos totalmente autom\u00e1ticos con diferentes configuraciones en funci\u00f3n de las variadas demandas;<\/p>\n<p>3. Adopci\u00f3n de marcas famosas a nivel internacional o nacional para los dispositivos o m\u00f3dulos de control inductivo con un rendimiento estable y confiable y una tasa de fallas bastante baja;<\/p>\n<p>4. Adecuado para sellar y cubrir la parte posterior de diversas latas de pl\u00e1stico, papel y hierro con diferentes especificaciones. Su funcionamiento es f\u00e1cil de aprender, por lo que puede ser un dispositivo ideal para las industrias de alimentos, bebidas y farmac\u00e9utica.<\/p>\n<p>&nbsp;<\/p>\n<p><img loading=\"lazy\" decoding=\"async\" class=\"\" src=\"https:\/\/sc02.alicdn.com\/kf\/HTB1YzZ5Q7voK1RjSZPfq6xPKFXaY\/222958773\/HTB1YzZ5Q7voK1RjSZPfq6xPKFXaY.jpg\" alt=\"Automatic tin can filling seaming machine tincan sealing machine auto tin can seamer\" width=\"1333\" height=\"112\" data-src=\"https:\/\/sc02.alicdn.com\/kf\/HTB1YzZ5Q7voK1RjSZPfq6xPKFXaY\/222958773\/HTB1YzZ5Q7voK1RjSZPfq6xPKFXaY.jpg\" data-alt=\"Automatic tin can filling seaming machine tincan sealing machine auto tin can seamer\" \/><\/p>\n<table border=\"3\">\n<tbody>\n<tr>\n<td><strong>Volumen de llenado:\u00a0<\/strong><\/td>\n<td><strong>\u00a05-5000g\u00a0<\/strong><\/td>\n<\/tr>\n<tr>\n<td><strong>N\u00famero de costura<\/strong><\/td>\n<td>\u00a0 1<\/td>\n<\/tr>\n<tr>\n<td><strong>Velocidad de producci\u00f3n<\/strong><\/td>\n<td><strong>30-35 latas\/min sin vac\u00edo, 6-8 latas\/min con vac\u00edo<\/strong><\/td>\n<\/tr>\n<tr>\n<td><strong>Altura de sellado<\/strong><\/td>\n<td><strong>\u00a050-200 mm (ajustable)<\/strong><\/td>\n<\/tr>\n<tr>\n<td><strong>Di\u00e1metro de lata aplicable<\/strong><\/td>\n<td><strong>\u00a0<\/strong><strong>35-130 mm<\/strong><\/td>\n<\/tr>\n<tr>\n<td><strong>Voltaje(V)<\/strong><\/td>\n<td><strong>\u00a0220v\/50Hz<\/strong><\/td>\n<\/tr>\n<tr>\n<td><strong>Presi\u00f3n del aire<\/strong><\/td>\n<td><strong>\u00a00,6-0,8 MPa<\/strong><\/td>\n<\/tr>\n<tr>\n<td><strong>\u00a0Tama\u00f1o de la m\u00e1quina (mm)<\/strong><\/td>\n<td><strong>\u00a09340*6000*1800 mm\u00a0<\/strong><\/td>\n<\/tr>\n<\/tbody>\n<\/table>\n<p><img loading=\"lazy\" decoding=\"async\" class=\"alignnone wp-image-646\" src=\"http:\/\/higheasy.cn\/wp-content\/uploads\/2023\/07\/HTB1Lnd7QMHqK1RjSZFgq6y7JXXaU.jpg\" alt=\"higheasy\" width=\"1238\" height=\"1836\" srcset=\"https:\/\/higheasy.cn\/wp-content\/uploads\/2023\/07\/HTB1Lnd7QMHqK1RjSZFgq6y7JXXaU.jpg 750w, https:\/\/higheasy.cn\/wp-content\/uploads\/2023\/07\/HTB1Lnd7QMHqK1RjSZFgq6y7JXXaU-300x445.jpg 300w, https:\/\/higheasy.cn\/wp-content\/uploads\/2023\/07\/HTB1Lnd7QMHqK1RjSZFgq6y7JXXaU-202x300.jpg 202w, https:\/\/higheasy.cn\/wp-content\/uploads\/2023\/07\/HTB1Lnd7QMHqK1RjSZFgq6y7JXXaU-691x1024.jpg 691w\" sizes=\"(max-width: 1238px) 100vw, 1238px\" \/><\/p>\n<p>La empresa cuenta con un grupo de equipos profesionales de investigaci\u00f3n y desarrollo de tecnolog\u00eda y equipos de procesamiento avanzados, y una serie de patentes de invenci\u00f3n. La compa\u00f1\u00eda produce una amplia variedad de maquinaria de embalaje, los principales productos son: m\u00e1quina de formado, llenado y sellado vertical (VFFS), m\u00e1quina de envasado tipo barra, m\u00e1quina de envasado de polvo, m\u00e1quina de envasado de l\u00edquidos y serie de pesadoras multicabezal, que se utilizan ampliamente en alimentos, productos qu\u00edmicos y bebidas. , productos agr\u00edcolas, juguetes y embalaje en productos industriales y otras industrias, los productos se exportan a todo el mundo y han obtenido agentes de marketing profesionales en muchos pa\u00edses y regiones. Los productos y servicios han sido reconocidos y elogiados un\u00e1nimemente por los clientes.<\/p>\n<p><img loading=\"lazy\" decoding=\"async\" class=\"alignnone size-full wp-image-662\" src=\"http:\/\/higheasy.cn\/wp-content\/uploads\/2023\/07\/5.jpg\" alt=\"small yogurt production line\" width=\"1200\" height=\"604\" srcset=\"https:\/\/higheasy.cn\/wp-content\/uploads\/2023\/07\/5.jpg 1200w, https:\/\/higheasy.cn\/wp-content\/uploads\/2023\/07\/5-300x151.jpg 300w, https:\/\/higheasy.cn\/wp-content\/uploads\/2023\/07\/5-1024x515.jpg 1024w, https:\/\/higheasy.cn\/wp-content\/uploads\/2023\/07\/5-768x387.jpg 768w\" sizes=\"(max-width: 1200px) 100vw, 1200px\" \/><\/p>","protected":false},"excerpt":{"rendered":"<p>Automatic tin can filling seaming machine tincan sealing machine &nbsp; &nbsp; 1. Automatic completion of material loading, weighting, canning, lid placing, can seaming, labeling and ink jet; 2. Selective assembly of full-automatic equipments with different configurations based on varied demands; 3. Adoption of internationally or domestically famous brands for the inductive control devices or modules [&hellip;]<\/p>","protected":false},"featured_media":1013,"template":"","meta":{"site-sidebar-layout":"default","site-content-layout":"default","ast-site-content-layout":"default","site-content-style":"default","site-sidebar-style":"default","ast-global-header-display":"","ast-banner-title-visibility":"","ast-main-header-display":"","ast-hfb-above-header-display":"","ast-hfb-below-header-display":"","ast-hfb-mobile-header-display":"","site-post-title":"","ast-breadcrumbs-content":"","ast-featured-img":"","footer-sml-layout":"","theme-transparent-header-meta":"default","adv-header-id-meta":"","stick-header-meta":"","header-above-stick-meta":"","header-main-stick-meta":"","header-below-stick-meta":"","astra-migrate-meta-layouts":"set","ast-page-background-enabled":"default","ast-page-background-meta":{"desktop":{"background-color":"","background-image":"","background-repeat":"repeat","background-position":"center center","background-size":"auto","background-attachment":"scroll","background-type":"","background-media":"","overlay-type":"","overlay-color":"","overlay-opacity":"","overlay-gradient":""},"tablet":{"background-color":"","background-image":"","background-repeat":"repeat","background-position":"center center","background-size":"auto","background-attachment":"scroll","background-type":"","background-media":"","overlay-type":"","overlay-color":"","overlay-opacity":"","overlay-gradient":""},"mobile":{"background-color":"","background-image":"","background-repeat":"repeat","background-position":"center center","background-size":"auto","background-attachment":"scroll","background-type":"","background-media":"","overlay-type":"","overlay-color":"","overlay-opacity":"","overlay-gradient":""}},"ast-content-background-meta":{"desktop":{"background-color":"var(--ast-global-color-5)","background-image":"","background-repeat":"repeat","background-position":"center center","background-size":"auto","background-attachment":"scroll","background-type":"","background-media":"","overlay-type":"","overlay-color":"","overlay-opacity":"","overlay-gradient":""},"tablet":{"background-color":"var(--ast-global-color-5)","background-image":"","background-repeat":"repeat","background-position":"center center","background-size":"auto","background-attachment":"scroll","background-type":"","background-media":"","overlay-type":"","overlay-color":"","overlay-opacity":"","overlay-gradient":""},"mobile":{"background-color":"var(--ast-global-color-5)","background-image":"","background-repeat":"repeat","background-position":"center center","background-size":"auto","background-attachment":"scroll","background-type":"","background-media":"","overlay-type":"","overlay-color":"","overlay-opacity":"","overlay-gradient":""}}},"product_brand":[],"product_cat":[33],"product_tag":[],"class_list":{"0":"post-1011","1":"product","2":"type-product","3":"status-publish","4":"has-post-thumbnail","6":"product_cat-can-tin-box-filling-seaming-labelling-machine","7":"desktop-align-left","8":"tablet-align-left","9":"mobile-align-left","11":"first","12":"instock","13":"shipping-taxable","14":"product-type-simple"},"_links":{"self":[{"href":"https:\/\/higheasy.cn\/es\/wp-json\/wp\/v2\/product\/1011","targetHints":{"allow":["GET"]}}],"collection":[{"href":"https:\/\/higheasy.cn\/es\/wp-json\/wp\/v2\/product"}],"about":[{"href":"https:\/\/higheasy.cn\/es\/wp-json\/wp\/v2\/types\/product"}],"wp:featuredmedia":[{"embeddable":true,"href":"https:\/\/higheasy.cn\/es\/wp-json\/wp\/v2\/media\/1013"}],"wp:attachment":[{"href":"https:\/\/higheasy.cn\/es\/wp-json\/wp\/v2\/media?parent=1011"}],"wp:term":[{"taxonomy":"product_brand","embeddable":true,"href":"https:\/\/higheasy.cn\/es\/wp-json\/wp\/v2\/product_brand?post=1011"},{"taxonomy":"product_cat","embeddable":true,"href":"https:\/\/higheasy.cn\/es\/wp-json\/wp\/v2\/product_cat?post=1011"},{"taxonomy":"product_tag","embeddable":true,"href":"https:\/\/higheasy.cn\/es\/wp-json\/wp\/v2\/product_tag?post=1011"}],"curies":[{"name":"wp","href":"https:\/\/api.w.org\/{rel}","templated":true}]}}