{"id":1010,"date":"2023-10-18T07:04:38","date_gmt":"2023-10-18T07:04:38","guid":{"rendered":"https:\/\/mediumturquoise-pheasant-889000.hostingersite.com\/?post_type=product&#038;p=1010"},"modified":"2023-10-18T07:05:20","modified_gmt":"2023-10-18T07:05:20","slug":"factory-price-juice-ice-pop-ice-lolly-pouch-filling-and-sealing-machine","status":"publish","type":"product","link":"https:\/\/higheasy.cn\/es\/producto\/factory-price-juice-ice-pop-ice-lolly-pouch-filling-and-sealing-machine\/","title":{"rendered":"M\u00e1quina de llenado y sellado de bolsas de polo de hielo, paleta de hielo, jugo, precio de f\u00e1brica"},"content":{"rendered":"<p><img fetchpriority=\"high\" decoding=\"async\" class=\"alignnone size-full wp-image-1009\" src=\"http:\/\/higheasy.cn\/wp-content\/uploads\/2023\/10\/HTB1FF4SUbPpK1RjSZFFq6y5PpXa9-1.jpg\" alt=\"\" width=\"2410\" height=\"1263\" srcset=\"https:\/\/higheasy.cn\/wp-content\/uploads\/2023\/10\/HTB1FF4SUbPpK1RjSZFFq6y5PpXa9-1.jpg 2410w, https:\/\/higheasy.cn\/wp-content\/uploads\/2023\/10\/HTB1FF4SUbPpK1RjSZFFq6y5PpXa9-1-300x157.jpg 300w, https:\/\/higheasy.cn\/wp-content\/uploads\/2023\/10\/HTB1FF4SUbPpK1RjSZFFq6y5PpXa9-1-1024x537.jpg 1024w, https:\/\/higheasy.cn\/wp-content\/uploads\/2023\/10\/HTB1FF4SUbPpK1RjSZFFq6y5PpXa9-1-768x402.jpg 768w, https:\/\/higheasy.cn\/wp-content\/uploads\/2023\/10\/HTB1FF4SUbPpK1RjSZFFq6y5PpXa9-1-1536x805.jpg 1536w, https:\/\/higheasy.cn\/wp-content\/uploads\/2023\/10\/HTB1FF4SUbPpK1RjSZFFq6y5PpXa9-1-2048x1073.jpg 2048w\" sizes=\"(max-width: 2410px) 100vw, 2410px\" \/><\/p>\n<p><strong data-spm-anchor-id=\"a2700.details.0.i22.36a4567d0Dpuli\">Descripci\u00f3n general<\/strong><\/p>\n<p>1) La m\u00e1quina reemplaza el embalaje manual tradicional, realiza la producci\u00f3n del embalaje autom\u00e1ticamente, mejora la eficiencia de la producci\u00f3n y reduce el costo de producci\u00f3n en un gran margen. Todo el dispositivo puede ser operado por una sola persona, lo que reduce considerablemente el costo de mano de obra.<\/p>\n<p data-spm-anchor-id=\"a2700.details.0.i21.36a4567d0Dpuli\">2) Esta m\u00e1quina est\u00e1 equipada de serie con un sistema de monitoreo autom\u00e1tico. Puede juzgar el estado de la m\u00e1quina monitoreando la presi\u00f3n del aire, la aver\u00eda del controlador de temperatura y la apertura o no de la bolsa. Puede controlar las acciones del dispositivo de llenado de material y del dispositivo de sellado en caliente. De este modo, evite desperdiciar material de paquete y materia prima para ahorrar costos de producci\u00f3n.<\/p>\n<p><strong>NOTA:<\/strong><\/p>\n<p>hay un dispositivo de inspecci\u00f3n de llenado. Sin bolsa, sin llenado, sin sellado para vaciar la bolsa. Este dispositivo es \u00fatil para reducir el desperdicio de material y embalaje y la contaminaci\u00f3n de la m\u00e1quina. Se puede lavar con agua. La m\u00e1quina envasadora tiene puertas dobles fabricadas con placa de vidrio org\u00e1nico.<\/p>\n<p><strong>MATERIAL:<\/strong><\/p>\n<p>1) la leva del sistema de conducci\u00f3n est\u00e1 hecha de acero forjado 45#. Su dureza no es inferior a HR50 despu\u00e9s del tratamiento t\u00e9rmico.<\/p>\n<p>2) El cambio est\u00e1 fabricado en acero 45#. La superficie est\u00e1 pulida y lisa. Es duradero y resistente al desgaste;<\/p>\n<p>3) Las placas laterales y la varilla gu\u00eda son piezas de fundici\u00f3n a presi\u00f3n que tienen alta intensidad y larga vida \u00fatil.<\/p>\n<p>Toda la superficie est\u00e1 tratada anticorrosi\u00f3n.<\/p>\n<p>4) La plataforma de la m\u00e1quina est\u00e1 hecha de placa SS304 de calidad alimentaria con un espesor de 2 mm, lo que facilita su limpieza;<\/p>\n<p>5) Los dispositivos para colocar bolsas, abrir bolsas, sellar, agarrar y agarrar est\u00e1n hechos de acero inoxidable SS304 de grado alimenticio.<\/p>\n<p>6) la caja el\u00e9ctrica est\u00e1 hecha de SS304 de calidad alimentaria con un espesor de 2 mm. Es a prueba de agua. Toda la superficie de la plataforma se puede lavar con agua.<\/p>\n<p>&nbsp;<\/p>\n<p><strong>mi<\/strong><strong>marca de electrodom\u00e9sticos:<\/strong><\/p>\n<div align=\"center\">\n<table border=\"0\" cellspacing=\"0\">\n<tbody>\n<tr>\n<td valign=\"center\" width=\"250\">\n<p align=\"center\"><strong>nombre<\/strong><\/p>\n<\/td>\n<td valign=\"center\" width=\"382\">\n<p align=\"center\"><strong>\u00a0<\/strong><strong>\u00a0marca<\/strong><\/p>\n<\/td>\n<\/tr>\n<tr>\n<td valign=\"center\" width=\"250\">Pantalla t\u00e1ctil<\/td>\n<td valign=\"center\" width=\"382\">Alemania Siemens 10 pulgadas<\/td>\n<\/tr>\n<tr>\n<td valign=\"center\" width=\"250\">Convertidor de frecuencia<\/td>\n<td valign=\"center\" width=\"382\">Alemania\u00a0<a>siemens<\/a><\/td>\n<\/tr>\n<tr>\n<td valign=\"center\" width=\"250\">SOCIEDAD AN\u00d3NIMA<\/td>\n<td valign=\"center\" width=\"382\">AlemaniaSiemens<\/td>\n<\/tr>\n<tr>\n<td valign=\"center\" width=\"250\">v\u00e1lvula magn\u00e9tica<\/td>\n<td valign=\"center\" width=\"382\">Alemania Festo<\/td>\n<\/tr>\n<tr>\n<td valign=\"center\" width=\"250\">Cilindro<\/td>\n<td valign=\"center\" width=\"382\">Alemania Festo<\/td>\n<\/tr>\n<tr>\n<td valign=\"center\" width=\"250\">bot\u00f3n, contactor<\/td>\n<td valign=\"center\" width=\"382\">siemens<\/td>\n<\/tr>\n<tr>\n<td valign=\"center\" width=\"250\">relevo intermedio<\/td>\n<td valign=\"center\" width=\"382\">IDEC de Jap\u00f3n<\/td>\n<\/tr>\n<tr>\n<td valign=\"center\" width=\"250\">Rel\u00e9 de estado s\u00f3lido<\/td>\n<td valign=\"center\" width=\"382\">AlemaniaMAGER<\/td>\n<\/tr>\n<tr>\n<td valign=\"center\" width=\"250\">Bomba aspiradora<\/td>\n<td valign=\"center\" width=\"382\">Jap\u00f3n ORTON<\/td>\n<\/tr>\n<\/tbody>\n<\/table>\n<p><strong style=\"font-size: 16px;\">\u00a0<\/strong><\/p>\n<div align=\"center\">\n<table border=\"0\" cellspacing=\"0\">\n<tbody>\n<tr>\n<td valign=\"center\" width=\"131\">\n<p align=\"center\">modelo<\/p>\n<\/td>\n<td valign=\"center\" width=\"499\">\n<p align=\"justify\">HY-8PC<\/p>\n<\/td>\n<\/tr>\n<tr>\n<td valign=\"center\" width=\"131\">\n<p align=\"center\">peso<\/p>\n<\/td>\n<td valign=\"center\" width=\"499\">\n<p align=\"center\">1200 kilos<\/p>\n<\/td>\n<\/tr>\n<tr>\n<td valign=\"center\" width=\"131\">\n<p align=\"center\">especificaci\u00f3n de embalaje<\/p>\n<\/td>\n<td valign=\"center\" width=\"499\">\n<p align=\"center\">Ancho de la bolsa: 100-220 mm Longitud de la bolsa: 100-300 mm<\/p>\n<\/td>\n<\/tr>\n<tr>\n<td valign=\"center\" width=\"131\">\n<p align=\"center\">Poder total<\/p>\n<\/td>\n<td valign=\"center\" width=\"499\">\n<p align=\"center\">3kW<\/p>\n<\/td>\n<\/tr>\n<tr>\n<td valign=\"center\" width=\"131\">\n<p align=\"center\">Formulario de colocaci\u00f3n de bolsas<\/p>\n<\/td>\n<td valign=\"center\" width=\"499\">\n<p align=\"center\">toma de bolsa inferior<\/p>\n<\/td>\n<\/tr>\n<tr>\n<td valign=\"center\" width=\"131\">\n<p align=\"center\">Tipo de bolsa<\/p>\n<\/td>\n<td valign=\"center\" width=\"499\">\n<p align=\"center\">bolso plano<\/p>\n<\/td>\n<\/tr>\n<tr>\n<td valign=\"center\" width=\"131\">\n<p align=\"center\">Tipo de sellado<\/p>\n<\/td>\n<td valign=\"center\" width=\"499\">\n<p align=\"center\">doble sello<\/p>\n<\/td>\n<\/tr>\n<tr>\n<td valign=\"center\" width=\"131\">\n<p align=\"center\">tama\u00f1o<\/p>\n<\/td>\n<td valign=\"center\" width=\"499\">\n<p align=\"center\">1550 mm*1350 mm*1400 mm (alto)<\/p>\n<\/td>\n<\/tr>\n<tr>\n<td valign=\"center\" width=\"131\">\n<p align=\"center\">Descripci\u00f3n del trabajo<\/p>\n<\/td>\n<td valign=\"center\" width=\"499\">1. bolsa 2. transici\u00f3n 3. apertura de bolsa 4. llenado 5. transici\u00f3n 6. sello 7. sello 8. salida<\/td>\n<\/tr>\n<\/tbody>\n<\/table>\n<\/div>\n<\/div>\n<p><strong>Dispositivo de llenado<\/strong><\/p>\n<p>Bas\u00e1ndose en diferentes materiales, adopte diferentes formas de dispositivo de alimentaci\u00f3n, como plataforma giratoria, pesadora de cabezales m\u00faltiples, cuchar\u00f3n con puntas, dispositivo de conteo de tabletas, tornillo, bomba de pist\u00f3n, etc.<\/p>\n<p><img decoding=\"async\" class=\"alignnone wp-image-646\" src=\"http:\/\/higheasy.cn\/wp-content\/uploads\/2023\/07\/HTB1Lnd7QMHqK1RjSZFgq6y7JXXaU.jpg\" alt=\"higheasy\" width=\"1238\" height=\"1836\" srcset=\"https:\/\/higheasy.cn\/wp-content\/uploads\/2023\/07\/HTB1Lnd7QMHqK1RjSZFgq6y7JXXaU.jpg 750w, https:\/\/higheasy.cn\/wp-content\/uploads\/2023\/07\/HTB1Lnd7QMHqK1RjSZFgq6y7JXXaU-300x445.jpg 300w, https:\/\/higheasy.cn\/wp-content\/uploads\/2023\/07\/HTB1Lnd7QMHqK1RjSZFgq6y7JXXaU-202x300.jpg 202w, https:\/\/higheasy.cn\/wp-content\/uploads\/2023\/07\/HTB1Lnd7QMHqK1RjSZFgq6y7JXXaU-691x1024.jpg 691w\" sizes=\"(max-width: 1238px) 100vw, 1238px\" \/><\/p>\n<p>La empresa cuenta con un grupo de equipos profesionales de investigaci\u00f3n y desarrollo de tecnolog\u00eda y equipos de procesamiento avanzados, y una serie de patentes de invenci\u00f3n. La compa\u00f1\u00eda produce una amplia variedad de maquinaria de embalaje, los principales productos son: m\u00e1quina de formado, llenado y sellado vertical (VFFS), m\u00e1quina de envasado tipo barra, m\u00e1quina de envasado de polvo, m\u00e1quina de envasado de l\u00edquidos y serie de pesadoras multicabezal, que se utilizan ampliamente en alimentos, productos qu\u00edmicos y bebidas. , productos agr\u00edcolas, juguetes y embalaje en productos industriales y otras industrias, los productos se exportan a todo el mundo y han obtenido agentes de marketing profesionales en muchos pa\u00edses y regiones. Los productos y servicios han sido reconocidos y elogiados un\u00e1nimemente por los clientes.<\/p>\n<p><img decoding=\"async\" class=\"alignnone size-full wp-image-662\" src=\"http:\/\/higheasy.cn\/wp-content\/uploads\/2023\/07\/5.jpg\" alt=\"small yogurt production line\" width=\"1200\" height=\"604\" srcset=\"https:\/\/higheasy.cn\/wp-content\/uploads\/2023\/07\/5.jpg 1200w, https:\/\/higheasy.cn\/wp-content\/uploads\/2023\/07\/5-300x151.jpg 300w, https:\/\/higheasy.cn\/wp-content\/uploads\/2023\/07\/5-1024x515.jpg 1024w, https:\/\/higheasy.cn\/wp-content\/uploads\/2023\/07\/5-768x387.jpg 768w\" sizes=\"(max-width: 1200px) 100vw, 1200px\" \/><\/p>","protected":false},"excerpt":{"rendered":"<p>Overview 1)\u00a0The machine replaces the traditional manual packaging, makes the packing production automatically,\u00a0improves production efficiency, reduces production cost by a large margin. The whole device can be operated by one person,\u00a0which reduced labor cost greatly. 2)\u00a0This machine standard equipped with automatic monitoring system. It can judge machine state by monitoring air pressure, temperature controller breakdown [&hellip;]<\/p>","protected":false},"featured_media":1008,"template":"","meta":{"site-sidebar-layout":"default","site-content-layout":"default","ast-site-content-layout":"default","site-content-style":"default","site-sidebar-style":"default","ast-global-header-display":"","ast-banner-title-visibility":"","ast-main-header-display":"","ast-hfb-above-header-display":"","ast-hfb-below-header-display":"","ast-hfb-mobile-header-display":"","site-post-title":"","ast-breadcrumbs-content":"","ast-featured-img":"","footer-sml-layout":"","theme-transparent-header-meta":"default","adv-header-id-meta":"","stick-header-meta":"","header-above-stick-meta":"","header-main-stick-meta":"","header-below-stick-meta":"","astra-migrate-meta-layouts":"set","ast-page-background-enabled":"default","ast-page-background-meta":{"desktop":{"background-color":"","background-image":"","background-repeat":"repeat","background-position":"center center","background-size":"auto","background-attachment":"scroll","background-type":"","background-media":"","overlay-type":"","overlay-color":"","overlay-opacity":"","overlay-gradient":""},"tablet":{"background-color":"","background-image":"","background-repeat":"repeat","background-position":"center center","background-size":"auto","background-attachment":"scroll","background-type":"","background-media":"","overlay-type":"","overlay-color":"","overlay-opacity":"","overlay-gradient":""},"mobile":{"background-color":"","background-image":"","background-repeat":"repeat","background-position":"center center","background-size":"auto","background-attachment":"scroll","background-type":"","background-media":"","overlay-type":"","overlay-color":"","overlay-opacity":"","overlay-gradient":""}},"ast-content-background-meta":{"desktop":{"background-color":"var(--ast-global-color-5)","background-image":"","background-repeat":"repeat","background-position":"center center","background-size":"auto","background-attachment":"scroll","background-type":"","background-media":"","overlay-type":"","overlay-color":"","overlay-opacity":"","overlay-gradient":""},"tablet":{"background-color":"var(--ast-global-color-5)","background-image":"","background-repeat":"repeat","background-position":"center center","background-size":"auto","background-attachment":"scroll","background-type":"","background-media":"","overlay-type":"","overlay-color":"","overlay-opacity":"","overlay-gradient":""},"mobile":{"background-color":"var(--ast-global-color-5)","background-image":"","background-repeat":"repeat","background-position":"center center","background-size":"auto","background-attachment":"scroll","background-type":"","background-media":"","overlay-type":"","overlay-color":"","overlay-opacity":"","overlay-gradient":""}}},"product_brand":[],"product_cat":[32],"product_tag":[],"class_list":{"0":"post-1010","1":"product","2":"type-product","3":"status-publish","4":"has-post-thumbnail","6":"product_cat-premade-pouch-filling-sealing-machine","7":"desktop-align-left","8":"tablet-align-left","9":"mobile-align-left","11":"first","12":"instock","13":"shipping-taxable","14":"product-type-simple"},"_links":{"self":[{"href":"https:\/\/higheasy.cn\/es\/wp-json\/wp\/v2\/product\/1010","targetHints":{"allow":["GET"]}}],"collection":[{"href":"https:\/\/higheasy.cn\/es\/wp-json\/wp\/v2\/product"}],"about":[{"href":"https:\/\/higheasy.cn\/es\/wp-json\/wp\/v2\/types\/product"}],"wp:featuredmedia":[{"embeddable":true,"href":"https:\/\/higheasy.cn\/es\/wp-json\/wp\/v2\/media\/1008"}],"wp:attachment":[{"href":"https:\/\/higheasy.cn\/es\/wp-json\/wp\/v2\/media?parent=1010"}],"wp:term":[{"taxonomy":"product_brand","embeddable":true,"href":"https:\/\/higheasy.cn\/es\/wp-json\/wp\/v2\/product_brand?post=1010"},{"taxonomy":"product_cat","embeddable":true,"href":"https:\/\/higheasy.cn\/es\/wp-json\/wp\/v2\/product_cat?post=1010"},{"taxonomy":"product_tag","embeddable":true,"href":"https:\/\/higheasy.cn\/es\/wp-json\/wp\/v2\/product_tag?post=1010"}],"curies":[{"name":"wp","href":"https:\/\/api.w.org\/{rel}","templated":true}]}}