{"id":1003,"date":"2023-10-18T06:57:32","date_gmt":"2023-10-18T06:57:32","guid":{"rendered":"https:\/\/mediumturquoise-pheasant-889000.hostingersite.com\/?post_type=product&#038;p=1003"},"modified":"2023-10-18T06:57:40","modified_gmt":"2023-10-18T06:57:40","slug":"automatic-rotary-type-cup-filling-machine-for-sauce-chili-honey","status":"publish","type":"product","link":"https:\/\/higheasy.cn\/es\/producto\/automatic-rotary-type-cup-filling-machine-for-sauce-chili-honey\/","title":{"rendered":"M\u00e1quina autom\u00e1tica de llenado de vasos tipo rotativo para salsa, chile, miel"},"content":{"rendered":"<p><img fetchpriority=\"high\" decoding=\"async\" class=\"wp-image-995 aligncenter\" src=\"http:\/\/higheasy.cn\/wp-content\/uploads\/2023\/10\/HTB1Qh.N3DqK1RjSZSyq6yxEVXa1.jpg\" alt=\"\" width=\"1050\" height=\"1050\" srcset=\"https:\/\/higheasy.cn\/wp-content\/uploads\/2023\/10\/HTB1Qh.N3DqK1RjSZSyq6yxEVXa1.jpg 750w, https:\/\/higheasy.cn\/wp-content\/uploads\/2023\/10\/HTB1Qh.N3DqK1RjSZSyq6yxEVXa1-300x300.jpg 300w, https:\/\/higheasy.cn\/wp-content\/uploads\/2023\/10\/HTB1Qh.N3DqK1RjSZSyq6yxEVXa1-100x100.jpg 100w, https:\/\/higheasy.cn\/wp-content\/uploads\/2023\/10\/HTB1Qh.N3DqK1RjSZSyq6yxEVXa1-150x150.jpg 150w\" sizes=\"(max-width: 1050px) 100vw, 1050px\" \/><\/p>\n<p><img decoding=\"async\" class=\"alignnone size-full wp-image-991\" src=\"http:\/\/higheasy.cn\/wp-content\/uploads\/2023\/10\/HTB1e.C3QAPoK1RjSZKbq6x1IXXan.jpg\" alt=\"\" width=\"1440\" height=\"1080\" srcset=\"https:\/\/higheasy.cn\/wp-content\/uploads\/2023\/10\/HTB1e.C3QAPoK1RjSZKbq6x1IXXan.jpg 1440w, https:\/\/higheasy.cn\/wp-content\/uploads\/2023\/10\/HTB1e.C3QAPoK1RjSZKbq6x1IXXan-300x225.jpg 300w, https:\/\/higheasy.cn\/wp-content\/uploads\/2023\/10\/HTB1e.C3QAPoK1RjSZKbq6x1IXXan-1024x768.jpg 1024w, https:\/\/higheasy.cn\/wp-content\/uploads\/2023\/10\/HTB1e.C3QAPoK1RjSZKbq6x1IXXan-768x576.jpg 768w\" sizes=\"(max-width: 1440px) 100vw, 1440px\" \/> <img decoding=\"async\" class=\"alignnone size-full wp-image-992\" src=\"http:\/\/higheasy.cn\/wp-content\/uploads\/2023\/10\/HTB1JYp5QMTqK1RjSZPhq6xfOFXaW.jpg\" alt=\"\" width=\"2000\" height=\"1125\" srcset=\"https:\/\/higheasy.cn\/wp-content\/uploads\/2023\/10\/HTB1JYp5QMTqK1RjSZPhq6xfOFXaW.jpg 2000w, https:\/\/higheasy.cn\/wp-content\/uploads\/2023\/10\/HTB1JYp5QMTqK1RjSZPhq6xfOFXaW-300x169.jpg 300w, https:\/\/higheasy.cn\/wp-content\/uploads\/2023\/10\/HTB1JYp5QMTqK1RjSZPhq6xfOFXaW-1024x576.jpg 1024w, https:\/\/higheasy.cn\/wp-content\/uploads\/2023\/10\/HTB1JYp5QMTqK1RjSZPhq6xfOFXaW-768x432.jpg 768w, https:\/\/higheasy.cn\/wp-content\/uploads\/2023\/10\/HTB1JYp5QMTqK1RjSZPhq6xfOFXaW-1536x864.jpg 1536w\" sizes=\"(max-width: 2000px) 100vw, 2000px\" \/> <img loading=\"lazy\" decoding=\"async\" class=\"alignnone wp-image-993\" src=\"http:\/\/higheasy.cn\/wp-content\/uploads\/2023\/10\/HTB1pSfmOAvoK1RjSZPfq6xPKFXa6.jpg\" alt=\"\" width=\"1014\" height=\"1014\" srcset=\"https:\/\/higheasy.cn\/wp-content\/uploads\/2023\/10\/HTB1pSfmOAvoK1RjSZPfq6xPKFXa6.jpg 750w, https:\/\/higheasy.cn\/wp-content\/uploads\/2023\/10\/HTB1pSfmOAvoK1RjSZPfq6xPKFXa6-300x300.jpg 300w, https:\/\/higheasy.cn\/wp-content\/uploads\/2023\/10\/HTB1pSfmOAvoK1RjSZPfq6xPKFXa6-100x100.jpg 100w, https:\/\/higheasy.cn\/wp-content\/uploads\/2023\/10\/HTB1pSfmOAvoK1RjSZPfq6xPKFXa6-150x150.jpg 150w\" sizes=\"(max-width: 1014px) 100vw, 1014px\" \/><\/p>\n<p><img loading=\"lazy\" decoding=\"async\" class=\"\" src=\"https:\/\/sc04.alicdn.com\/kf\/H3328cbf0999a467a9d1023b268b5a71fC\/222958773\/H3328cbf0999a467a9d1023b268b5a71fC.png\" alt=\"Automatic juice wine beverage liquid carton brick packing filling machines\" width=\"1047\" height=\"948\" \/><\/p>\n<p><img decoding=\"async\" src=\"https:\/\/sc01.alicdn.com\/kf\/HTB1esacTpzqK1RjSZFCq6zbxVXau\/222958773\/HTB1esacTpzqK1RjSZFCq6zbxVXau.jpg\" alt=\"Factory Price Automatic Jelly ketchup honey sauce Yogurt paper plastic cup filling sealing machine\" \/><\/p>\n<p><img loading=\"lazy\" decoding=\"async\" class=\"\" src=\"https:\/\/sc01.alicdn.com\/kf\/HTB1uMedP4TpK1RjSZFKq6y2wXXaY\/222958773\/HTB1uMedP4TpK1RjSZFKq6y2wXXaY.jpg\" alt=\"Factory Price Automatic Jelly ketchup honey sauce Yogurt paper plastic cup filling sealing machine\" width=\"1071\" height=\"90\" data-src=\"\/\/sc01.alicdn.com\/kf\/HTB1uMedP4TpK1RjSZFKq6y2wXXaY\/222958773\/HTB1uMedP4TpK1RjSZFKq6y2wXXaY.jpg\" data-alt=\"Factory Price Automatic Jelly ketchup honey sauce Yogurt paper plastic cup filling sealing machine\" \/><\/p>\n<p>\u2666\u00a0<strong>La m\u00e1quina autom\u00e1tica de llenado y sellado de la serie HZF para vasos de pl\u00e1stico\/papel es adecuada para llenar y sellar diversos materiales l\u00edquidos y s\u00f3lidos, como gelatina, yogur, jugo, condimentos, salsa, leche de soja, fideos instant\u00e1neos y muesli, nueces, arroz y polvo. materiales, etc.\u00a0<\/strong><\/p>\n<p data-spm-anchor-id=\"a2700.details.0.i26.222c478fA7ZGtO\"><strong>\u00a0\u2666 Esta m\u00e1quina es completamente autom\u00e1tica con procesos tales como carga autom\u00e1tica de vasos, llenado, succi\u00f3n y localizaci\u00f3n de una sola tapa u ojos fotoel\u00e9ctricos para la posici\u00f3n correcta de la pel\u00edcula en los vasos, sellado t\u00e9rmico, corte de pel\u00edcula, recolecci\u00f3n de pel\u00edcula sobrante y descarga de vasos.<\/strong><\/p>\n<p><strong>\u00a0\u2666 Tambi\u00e9n podemos agregar otras funciones seg\u00fan los requisitos del cliente, como llenado de pulpa de fruta, limpieza CIP, control autom\u00e1tico del nivel de l\u00edquido del tanque de material, soplado de aire y recolecci\u00f3n de polvo, aspirado y llenado de nitr\u00f3geno, purificaci\u00f3n de aire, alimentaci\u00f3n de tapa de taza. , purificador de aire, impresora de fecha tipo cinta o impresora de inyecci\u00f3n de tinta, transporte de salida de vasos, sistema de control PLC.\u00a0\u00a0<\/strong><\/p>\n<p><img loading=\"lazy\" decoding=\"async\" class=\"\" src=\"https:\/\/sc02.alicdn.com\/kf\/HTB1iXmEPIbpK1RjSZFyq6x_qFXaD\/222958773\/HTB1iXmEPIbpK1RjSZFyq6x_qFXaD.jpg\" alt=\"Factory Price Automatic Jelly ketchup honey sauce Yogurt paper plastic cup filling sealing machine\" width=\"1119\" height=\"94\" data-src=\"\/\/sc02.alicdn.com\/kf\/HTB1iXmEPIbpK1RjSZFyq6x_qFXaD\/222958773\/HTB1iXmEPIbpK1RjSZFyq6x_qFXaD.jpg\" data-alt=\"Factory Price Automatic Jelly ketchup honey sauce Yogurt paper plastic cup filling sealing machine\" \/><\/p>\n<p><strong>SERIE HZF<\/strong><\/p>\n<p><strong>Capacidad de vertido: 10-350 ml.<\/strong><\/p>\n<table border=\"3\">\n<tbody>\n<tr>\n<td><strong>Modelo<\/strong><\/td>\n<td><strong>Capacidad de producci\u00f3n<\/strong><\/td>\n<\/tr>\n<tr>\n<td><strong>HZF-3<\/strong><\/td>\n<td><strong>2500-3600 unidades\/hora<\/strong><\/td>\n<\/tr>\n<tr>\n<td><strong>HZF-4<\/strong><\/td>\n<td><strong>3300-4800 unidades\/hora<\/strong><\/td>\n<\/tr>\n<tr>\n<td><strong>HZF-6<\/strong><\/td>\n<td><strong>5000-7200 unidades\/hora<\/strong><\/td>\n<\/tr>\n<tr>\n<td><strong>HZF-8<\/strong><\/td>\n<td><strong>6700-9600 unidades\/hora<\/strong><\/td>\n<\/tr>\n<tr>\n<td><strong>HZF-10<\/strong><\/td>\n<td><strong>8400-10800 unidades\/hora<\/strong><\/td>\n<\/tr>\n<tr>\n<td><strong>HZF-12<\/strong><\/td>\n<td><strong>10000-12900 unidades\/hora<\/strong><\/td>\n<\/tr>\n<tr>\n<td><strong>HZF-14<\/strong><\/td>\n<td><strong>11500-16300 unidades\/hora<\/strong><\/td>\n<\/tr>\n<tr>\n<td><strong>HZF-16<\/strong><\/td>\n<td><strong>16000-17200 unidades\/hora<\/strong><\/td>\n<\/tr>\n<tr>\n<td><strong>HZF-20<\/strong><\/td>\n<td><strong>20400-21600 unidades\/hora<\/strong><\/td>\n<\/tr>\n<tr>\n<td><strong>HZF-24<\/strong><\/td>\n<td><strong>28000-30000 unidades\/hora<\/strong><\/td>\n<\/tr>\n<tr>\n<td><strong>HZF-36<\/strong><\/td>\n<td><strong>40000-45000 unidades\/hora<\/strong><\/td>\n<\/tr>\n<tr>\n<td><strong>HZF-40<\/strong><\/td>\n<td><strong>45000-50000 unidades\/hora<\/strong><\/td>\n<\/tr>\n<tr>\n<td><strong>HZF-50<\/strong><\/td>\n<td><strong>50000-60000 unidades\/hora<\/strong><\/td>\n<\/tr>\n<\/tbody>\n<\/table>\n<p><img loading=\"lazy\" decoding=\"async\" class=\"alignnone wp-image-646\" src=\"http:\/\/higheasy.cn\/wp-content\/uploads\/2023\/07\/HTB1Lnd7QMHqK1RjSZFgq6y7JXXaU.jpg\" alt=\"higheasy\" width=\"1238\" height=\"1836\" srcset=\"https:\/\/higheasy.cn\/wp-content\/uploads\/2023\/07\/HTB1Lnd7QMHqK1RjSZFgq6y7JXXaU.jpg 750w, https:\/\/higheasy.cn\/wp-content\/uploads\/2023\/07\/HTB1Lnd7QMHqK1RjSZFgq6y7JXXaU-300x445.jpg 300w, https:\/\/higheasy.cn\/wp-content\/uploads\/2023\/07\/HTB1Lnd7QMHqK1RjSZFgq6y7JXXaU-202x300.jpg 202w, https:\/\/higheasy.cn\/wp-content\/uploads\/2023\/07\/HTB1Lnd7QMHqK1RjSZFgq6y7JXXaU-691x1024.jpg 691w\" sizes=\"(max-width: 1238px) 100vw, 1238px\" \/><\/p>\n<p>La empresa cuenta con un grupo de equipos profesionales de investigaci\u00f3n y desarrollo de tecnolog\u00eda y equipos de procesamiento avanzados, y una serie de patentes de invenci\u00f3n. La compa\u00f1\u00eda produce una amplia variedad de maquinaria de embalaje, los principales productos son: m\u00e1quina de formado, llenado y sellado vertical (VFFS), m\u00e1quina de envasado tipo barra, m\u00e1quina de envasado de polvo, m\u00e1quina de envasado de l\u00edquidos y serie de pesadoras multicabezal, que se utilizan ampliamente en alimentos, productos qu\u00edmicos y bebidas. , productos agr\u00edcolas, juguetes y embalaje en productos industriales y otras industrias, los productos se exportan a todo el mundo y han obtenido agentes de marketing profesionales en muchos pa\u00edses y regiones. Los productos y servicios han sido reconocidos y elogiados un\u00e1nimemente por los clientes.<\/p>\n<p><img loading=\"lazy\" decoding=\"async\" class=\"alignnone size-full wp-image-662\" src=\"http:\/\/higheasy.cn\/wp-content\/uploads\/2023\/07\/5.jpg\" alt=\"small yogurt production line\" width=\"1200\" height=\"604\" srcset=\"https:\/\/higheasy.cn\/wp-content\/uploads\/2023\/07\/5.jpg 1200w, https:\/\/higheasy.cn\/wp-content\/uploads\/2023\/07\/5-300x151.jpg 300w, https:\/\/higheasy.cn\/wp-content\/uploads\/2023\/07\/5-1024x515.jpg 1024w, https:\/\/higheasy.cn\/wp-content\/uploads\/2023\/07\/5-768x387.jpg 768w\" sizes=\"(max-width: 1200px) 100vw, 1200px\" \/><\/p>","protected":false},"excerpt":{"rendered":"<p>&#x2666;\u00a0HZF-series automatic filling and sealing machine for plastic\/paper cups is suitable for filling and sealing various liquid and solid material, such as Jelly, yoghurt, juice,condiment, sauce,soy milk, instant noodle and muesli, nut,rice , powdery material etc.\u00a0 \u00a0&#x2666;\u00a0This machine is fully automatic with such processes as automatic cup-loading, filling, single lid sucking and locating or\u00a0 photoelctric [&hellip;]<\/p>","protected":false},"featured_media":1002,"template":"","meta":{"site-sidebar-layout":"default","site-content-layout":"default","ast-site-content-layout":"default","site-content-style":"default","site-sidebar-style":"default","ast-global-header-display":"","ast-banner-title-visibility":"","ast-main-header-display":"","ast-hfb-above-header-display":"","ast-hfb-below-header-display":"","ast-hfb-mobile-header-display":"","site-post-title":"","ast-breadcrumbs-content":"","ast-featured-img":"","footer-sml-layout":"","theme-transparent-header-meta":"default","adv-header-id-meta":"","stick-header-meta":"","header-above-stick-meta":"","header-main-stick-meta":"","header-below-stick-meta":"","astra-migrate-meta-layouts":"set","ast-page-background-enabled":"default","ast-page-background-meta":{"desktop":{"background-color":"","background-image":"","background-repeat":"repeat","background-position":"center center","background-size":"auto","background-attachment":"scroll","background-type":"","background-media":"","overlay-type":"","overlay-color":"","overlay-opacity":"","overlay-gradient":""},"tablet":{"background-color":"","background-image":"","background-repeat":"repeat","background-position":"center center","background-size":"auto","background-attachment":"scroll","background-type":"","background-media":"","overlay-type":"","overlay-color":"","overlay-opacity":"","overlay-gradient":""},"mobile":{"background-color":"","background-image":"","background-repeat":"repeat","background-position":"center center","background-size":"auto","background-attachment":"scroll","background-type":"","background-media":"","overlay-type":"","overlay-color":"","overlay-opacity":"","overlay-gradient":""}},"ast-content-background-meta":{"desktop":{"background-color":"var(--ast-global-color-5)","background-image":"","background-repeat":"repeat","background-position":"center center","background-size":"auto","background-attachment":"scroll","background-type":"","background-media":"","overlay-type":"","overlay-color":"","overlay-opacity":"","overlay-gradient":""},"tablet":{"background-color":"var(--ast-global-color-5)","background-image":"","background-repeat":"repeat","background-position":"center center","background-size":"auto","background-attachment":"scroll","background-type":"","background-media":"","overlay-type":"","overlay-color":"","overlay-opacity":"","overlay-gradient":""},"mobile":{"background-color":"var(--ast-global-color-5)","background-image":"","background-repeat":"repeat","background-position":"center center","background-size":"auto","background-attachment":"scroll","background-type":"","background-media":"","overlay-type":"","overlay-color":"","overlay-opacity":"","overlay-gradient":""}}},"product_brand":[],"product_cat":[31],"product_tag":[],"class_list":{"0":"post-1003","1":"product","2":"type-product","3":"status-publish","4":"has-post-thumbnail","6":"product_cat-cup-filling-sealing-machine","7":"desktop-align-left","8":"tablet-align-left","9":"mobile-align-left","11":"first","12":"instock","13":"shipping-taxable","14":"product-type-simple"},"_links":{"self":[{"href":"https:\/\/higheasy.cn\/es\/wp-json\/wp\/v2\/product\/1003","targetHints":{"allow":["GET"]}}],"collection":[{"href":"https:\/\/higheasy.cn\/es\/wp-json\/wp\/v2\/product"}],"about":[{"href":"https:\/\/higheasy.cn\/es\/wp-json\/wp\/v2\/types\/product"}],"wp:featuredmedia":[{"embeddable":true,"href":"https:\/\/higheasy.cn\/es\/wp-json\/wp\/v2\/media\/1002"}],"wp:attachment":[{"href":"https:\/\/higheasy.cn\/es\/wp-json\/wp\/v2\/media?parent=1003"}],"wp:term":[{"taxonomy":"product_brand","embeddable":true,"href":"https:\/\/higheasy.cn\/es\/wp-json\/wp\/v2\/product_brand?post=1003"},{"taxonomy":"product_cat","embeddable":true,"href":"https:\/\/higheasy.cn\/es\/wp-json\/wp\/v2\/product_cat?post=1003"},{"taxonomy":"product_tag","embeddable":true,"href":"https:\/\/higheasy.cn\/es\/wp-json\/wp\/v2\/product_tag?post=1003"}],"curies":[{"name":"wp","href":"https:\/\/api.w.org\/{rel}","templated":true}]}}