{"id":990,"date":"2023-10-18T06:43:46","date_gmt":"2023-10-18T06:43:46","guid":{"rendered":"https:\/\/mediumturquoise-pheasant-889000.hostingersite.com\/?post_type=product&#038;p=990"},"modified":"2023-10-18T06:47:54","modified_gmt":"2023-10-18T06:47:54","slug":"factory-price-automatic-jelly-ketchup-honey-sauce-yogurt-paper-plastic-cup-filling-sealing-machine","status":"publish","type":"product","link":"https:\/\/higheasy.cn\/de\/produkt\/factory-price-automatic-jelly-ketchup-honey-sauce-yogurt-paper-plastic-cup-filling-sealing-machine\/","title":{"rendered":"Fabrikpreis Automatische Gelee-Ketchup-Honig-Sauce-Joghurt-Papier-Plastikbecher-F\u00fcll- und Verschlie\u00dfmaschine"},"content":{"rendered":"<p><img fetchpriority=\"high\" decoding=\"async\" class=\"alignnone size-full wp-image-991\" src=\"http:\/\/higheasy.cn\/wp-content\/uploads\/2023\/10\/HTB1e.C3QAPoK1RjSZKbq6x1IXXan.jpg\" alt=\"\" width=\"1440\" height=\"1080\" srcset=\"https:\/\/higheasy.cn\/wp-content\/uploads\/2023\/10\/HTB1e.C3QAPoK1RjSZKbq6x1IXXan.jpg 1440w, https:\/\/higheasy.cn\/wp-content\/uploads\/2023\/10\/HTB1e.C3QAPoK1RjSZKbq6x1IXXan-300x225.jpg 300w, https:\/\/higheasy.cn\/wp-content\/uploads\/2023\/10\/HTB1e.C3QAPoK1RjSZKbq6x1IXXan-1024x768.jpg 1024w, https:\/\/higheasy.cn\/wp-content\/uploads\/2023\/10\/HTB1e.C3QAPoK1RjSZKbq6x1IXXan-768x576.jpg 768w\" sizes=\"(max-width: 1440px) 100vw, 1440px\" \/> <img decoding=\"async\" class=\"alignnone size-full wp-image-992\" src=\"http:\/\/higheasy.cn\/wp-content\/uploads\/2023\/10\/HTB1JYp5QMTqK1RjSZPhq6xfOFXaW.jpg\" alt=\"\" width=\"2000\" height=\"1125\" srcset=\"https:\/\/higheasy.cn\/wp-content\/uploads\/2023\/10\/HTB1JYp5QMTqK1RjSZPhq6xfOFXaW.jpg 2000w, https:\/\/higheasy.cn\/wp-content\/uploads\/2023\/10\/HTB1JYp5QMTqK1RjSZPhq6xfOFXaW-300x169.jpg 300w, https:\/\/higheasy.cn\/wp-content\/uploads\/2023\/10\/HTB1JYp5QMTqK1RjSZPhq6xfOFXaW-1024x576.jpg 1024w, https:\/\/higheasy.cn\/wp-content\/uploads\/2023\/10\/HTB1JYp5QMTqK1RjSZPhq6xfOFXaW-768x432.jpg 768w, https:\/\/higheasy.cn\/wp-content\/uploads\/2023\/10\/HTB1JYp5QMTqK1RjSZPhq6xfOFXaW-1536x864.jpg 1536w\" sizes=\"(max-width: 2000px) 100vw, 2000px\" \/> <img decoding=\"async\" class=\"alignnone  wp-image-993\" src=\"http:\/\/higheasy.cn\/wp-content\/uploads\/2023\/10\/HTB1pSfmOAvoK1RjSZPfq6xPKFXa6.jpg\" alt=\"\" width=\"1014\" height=\"1014\" srcset=\"https:\/\/higheasy.cn\/wp-content\/uploads\/2023\/10\/HTB1pSfmOAvoK1RjSZPfq6xPKFXa6.jpg 750w, https:\/\/higheasy.cn\/wp-content\/uploads\/2023\/10\/HTB1pSfmOAvoK1RjSZPfq6xPKFXa6-300x300.jpg 300w, https:\/\/higheasy.cn\/wp-content\/uploads\/2023\/10\/HTB1pSfmOAvoK1RjSZPfq6xPKFXa6-100x100.jpg 100w, https:\/\/higheasy.cn\/wp-content\/uploads\/2023\/10\/HTB1pSfmOAvoK1RjSZPfq6xPKFXa6-150x150.jpg 150w\" sizes=\"(max-width: 1014px) 100vw, 1014px\" \/><\/p>\n<p><img decoding=\"async\" src=\"https:\/\/sc01.alicdn.com\/kf\/HTB1esacTpzqK1RjSZFCq6zbxVXau\/222958773\/HTB1esacTpzqK1RjSZFCq6zbxVXau.jpg\" alt=\"Factory Price Automatic Jelly ketchup honey sauce Yogurt paper plastic cup filling sealing machine\" \/><\/p>\n<p><img loading=\"lazy\" decoding=\"async\" class=\"\" src=\"https:\/\/sc01.alicdn.com\/kf\/HTB1uMedP4TpK1RjSZFKq6y2wXXaY\/222958773\/HTB1uMedP4TpK1RjSZFKq6y2wXXaY.jpg\" alt=\"Factory Price Automatic Jelly ketchup honey sauce Yogurt paper plastic cup filling sealing machine\" width=\"1071\" height=\"90\" data-src=\"\/\/sc01.alicdn.com\/kf\/HTB1uMedP4TpK1RjSZFKq6y2wXXaY\/222958773\/HTB1uMedP4TpK1RjSZFKq6y2wXXaY.jpg\" data-alt=\"Factory Price Automatic Jelly ketchup honey sauce Yogurt paper plastic cup filling sealing machine\" \/><\/p>\n<p>\u2666\u00a0<strong>Die automatische F\u00fcll- und Versiegelungsmaschine der HZF-Serie f\u00fcr Plastik-\/Pappbecher eignet sich zum Bef\u00fcllen und Versiegeln verschiedener fl\u00fcssiger und fester Materialien wie Gelee, Joghurt, Saft, Gew\u00fcrze, So\u00dfe, Sojamilch, Instantnudeln und M\u00fcsli, N\u00fcsse, Reis, pulverf\u00f6rmige Materialien usw.\u00a0<\/strong><\/p>\n<p data-spm-anchor-id=\"a2700.details.0.i26.222c478fA7ZGtO\"><strong>\u00a0\u2666 Diese Maschine ist vollautomatisch und umfasst Prozesse wie automatisches Beladen und Bef\u00fcllen der Becher, Ansaugen und Positionieren einzelner Deckel oder fotoelektrische Augen f\u00fcr die korrekte Positionierung der Folie auf den Bechern, Hei\u00dfsiegeln, Schneiden der Folie, Aufsammeln der Restfolie und Entladen der Becher.<\/strong><\/p>\n<p><strong>\u00a0\u2666 Wir k\u00f6nnen je nach Kundenwunsch auch andere Funktionen hinzuf\u00fcgen, wie etwa das Bef\u00fcllen mit Fruchtfleisch, CIP-Reinigung, automatische Kontrolle des Fl\u00fcssigkeitsstands im Materialtank, Luftblasen und Staubsammeln, Staubsaugen und Stickstoffbef\u00fcllen, Luftreinigung, Becherdeckelzufuhr, Luftreinigung, Banddatumsdrucker oder Tintenstrahldrucker, Becherausgabef\u00f6rderung, SPS-Steuerungssystem.\u00a0\u00a0<\/strong><\/p>\n<p><img loading=\"lazy\" decoding=\"async\" class=\"\" src=\"https:\/\/sc02.alicdn.com\/kf\/HTB1iXmEPIbpK1RjSZFyq6x_qFXaD\/222958773\/HTB1iXmEPIbpK1RjSZFyq6x_qFXaD.jpg\" alt=\"Factory Price Automatic Jelly ketchup honey sauce Yogurt paper plastic cup filling sealing machine\" width=\"1119\" height=\"94\" data-src=\"\/\/sc02.alicdn.com\/kf\/HTB1iXmEPIbpK1RjSZFyq6x_qFXaD\/222958773\/HTB1iXmEPIbpK1RjSZFyq6x_qFXaD.jpg\" data-alt=\"Factory Price Automatic Jelly ketchup honey sauce Yogurt paper plastic cup filling sealing machine\" \/><\/p>\n<p><strong>HZF-SERIE<\/strong><\/p>\n<p><strong>Ausgie\u00dfkapazit\u00e4t: 10\u2013350 ml<\/strong><\/p>\n<table border=\"3\">\n<tbody>\n<tr>\n<td><strong>Modell<\/strong><\/td>\n<td><strong>Produktionskapazit\u00e4t<\/strong><\/td>\n<\/tr>\n<tr>\n<td><strong>HZF-3<\/strong><\/td>\n<td><strong>2500-3600 St\u00fcck\/Stunde<\/strong><\/td>\n<\/tr>\n<tr>\n<td><strong>HZF-4<\/strong><\/td>\n<td><strong>3300-4800 St\u00fcck\/Stunde<\/strong><\/td>\n<\/tr>\n<tr>\n<td><strong>HZF-6<\/strong><\/td>\n<td><strong>5000-7200 St\u00fcck\/Stunde<\/strong><\/td>\n<\/tr>\n<tr>\n<td><strong>HZF-8<\/strong><\/td>\n<td><strong>6700-9600 St\u00fcck\/Stunde<\/strong><\/td>\n<\/tr>\n<tr>\n<td><strong>HZF-10<\/strong><\/td>\n<td><strong>8400-10800 St\u00fcck\/Stunde<\/strong><\/td>\n<\/tr>\n<tr>\n<td><strong>HZF-12<\/strong><\/td>\n<td><strong>10000-12900 St\u00fcck\/Stunde<\/strong><\/td>\n<\/tr>\n<tr>\n<td><strong>HZF-14<\/strong><\/td>\n<td><strong>11500-16300 St\u00fcck\/Stunde<\/strong><\/td>\n<\/tr>\n<tr>\n<td><strong>HZF-16<\/strong><\/td>\n<td><strong>16000-17200 St\u00fcck\/Stunde<\/strong><\/td>\n<\/tr>\n<tr>\n<td><strong>HZF-20<\/strong><\/td>\n<td><strong>20400-21600 St\u00fcck\/Stunde<\/strong><\/td>\n<\/tr>\n<tr>\n<td><strong>HZF-24<\/strong><\/td>\n<td><strong>28.000\u201330.000 St\u00fcck\/Stunde<\/strong><\/td>\n<\/tr>\n<tr>\n<td><strong>HZF-36<\/strong><\/td>\n<td><strong>40.000\u201345.000 St\u00fcck\/Stunde<\/strong><\/td>\n<\/tr>\n<tr>\n<td><strong>HZF-40<\/strong><\/td>\n<td><strong>45.000\u201350.000 St\u00fcck\/Stunde<\/strong><\/td>\n<\/tr>\n<tr>\n<td><strong>HZF-50<\/strong><\/td>\n<td><strong>50.000\u201360.000 St\u00fcck\/Stunde<\/strong><\/td>\n<\/tr>\n<\/tbody>\n<\/table>\n<p><img loading=\"lazy\" decoding=\"async\" class=\"alignnone wp-image-646\" src=\"http:\/\/higheasy.cn\/wp-content\/uploads\/2023\/07\/HTB1Lnd7QMHqK1RjSZFgq6y7JXXaU.jpg\" alt=\"higheasy\" width=\"1238\" height=\"1836\" srcset=\"https:\/\/higheasy.cn\/wp-content\/uploads\/2023\/07\/HTB1Lnd7QMHqK1RjSZFgq6y7JXXaU.jpg 750w, https:\/\/higheasy.cn\/wp-content\/uploads\/2023\/07\/HTB1Lnd7QMHqK1RjSZFgq6y7JXXaU-300x445.jpg 300w, https:\/\/higheasy.cn\/wp-content\/uploads\/2023\/07\/HTB1Lnd7QMHqK1RjSZFgq6y7JXXaU-202x300.jpg 202w, https:\/\/higheasy.cn\/wp-content\/uploads\/2023\/07\/HTB1Lnd7QMHqK1RjSZFgq6y7JXXaU-691x1024.jpg 691w\" sizes=\"(max-width: 1238px) 100vw, 1238px\" \/><\/p>\n<p>Das Unternehmen verf\u00fcgt \u00fcber eine Gruppe professioneller Forschungs- und Entwicklungsteams f\u00fcr Technologie und fortschrittliche Verarbeitungsger\u00e4te sowie eine Reihe von Erfindungspatenten. Das Unternehmen produziert eine Vielzahl von Verpackungsmaschinen. Die Hauptprodukte sind: vertikale Schlauchbeutelmaschinen (VFFS), Stickpack-Maschinen, Pulververpackungsmaschinen, Fl\u00fcssigkeitsverpackungsmaschinen und Mehrkopfwaagen, die in der Lebensmittel-, Chemie- und Getr\u00e4nkeindustrie weit verbreitet sind , landwirtschaftliche Produkte, Spielzeug und Verpackungen f\u00fcr Industrieprodukte und andere Branchen. Die Produkte werden in die ganze Welt exportiert und haben in vielen L\u00e4ndern und Regionen professionelle Marketingvertreter gewonnen. Die Produkte und Dienstleistungen wurden von den Kunden einhellig anerkannt und gelobt.<\/p>\n<p><img loading=\"lazy\" decoding=\"async\" class=\"alignnone size-full wp-image-662\" src=\"http:\/\/higheasy.cn\/wp-content\/uploads\/2023\/07\/5.jpg\" alt=\"small yogurt production line\" width=\"1200\" height=\"604\" srcset=\"https:\/\/higheasy.cn\/wp-content\/uploads\/2023\/07\/5.jpg 1200w, https:\/\/higheasy.cn\/wp-content\/uploads\/2023\/07\/5-300x151.jpg 300w, https:\/\/higheasy.cn\/wp-content\/uploads\/2023\/07\/5-1024x515.jpg 1024w, https:\/\/higheasy.cn\/wp-content\/uploads\/2023\/07\/5-768x387.jpg 768w\" sizes=\"(max-width: 1200px) 100vw, 1200px\" \/><\/p>","protected":false},"excerpt":{"rendered":"<p>\u2666 Die automatische F\u00fcll- und Verschlie\u00dfmaschine der HZF-Serie f\u00fcr Plastik-\/Pappbecher eignet sich zum Bef\u00fcllen und Verschlie\u00dfen verschiedener fl\u00fcssiger und fester Materialien wie Gelee, Joghurt, Saft, Gew\u00fcrze, So\u00dfe, Sojamilch, Instantnudeln und M\u00fcsli, N\u00fcsse, Reis, pulverf\u00f6rmige Materialien usw. \u2666 Diese Maschine ist vollautomatisch und verf\u00fcgt \u00fcber Prozesse wie automatisches Beladen und Bef\u00fcllen der Becher, Ansaugen und Lokalisieren einzelner Deckel oder fotoelektrische [\u2026]<\/p>","protected":false},"featured_media":993,"template":"","meta":{"site-sidebar-layout":"default","site-content-layout":"default","ast-site-content-layout":"default","site-content-style":"default","site-sidebar-style":"default","ast-global-header-display":"","ast-banner-title-visibility":"","ast-main-header-display":"","ast-hfb-above-header-display":"","ast-hfb-below-header-display":"","ast-hfb-mobile-header-display":"","site-post-title":"","ast-breadcrumbs-content":"","ast-featured-img":"","footer-sml-layout":"","theme-transparent-header-meta":"default","adv-header-id-meta":"","stick-header-meta":"","header-above-stick-meta":"","header-main-stick-meta":"","header-below-stick-meta":"","astra-migrate-meta-layouts":"set","ast-page-background-enabled":"default","ast-page-background-meta":{"desktop":{"background-color":"","background-image":"","background-repeat":"repeat","background-position":"center center","background-size":"auto","background-attachment":"scroll","background-type":"","background-media":"","overlay-type":"","overlay-color":"","overlay-opacity":"","overlay-gradient":""},"tablet":{"background-color":"","background-image":"","background-repeat":"repeat","background-position":"center center","background-size":"auto","background-attachment":"scroll","background-type":"","background-media":"","overlay-type":"","overlay-color":"","overlay-opacity":"","overlay-gradient":""},"mobile":{"background-color":"","background-image":"","background-repeat":"repeat","background-position":"center center","background-size":"auto","background-attachment":"scroll","background-type":"","background-media":"","overlay-type":"","overlay-color":"","overlay-opacity":"","overlay-gradient":""}},"ast-content-background-meta":{"desktop":{"background-color":"var(--ast-global-color-5)","background-image":"","background-repeat":"repeat","background-position":"center center","background-size":"auto","background-attachment":"scroll","background-type":"","background-media":"","overlay-type":"","overlay-color":"","overlay-opacity":"","overlay-gradient":""},"tablet":{"background-color":"var(--ast-global-color-5)","background-image":"","background-repeat":"repeat","background-position":"center center","background-size":"auto","background-attachment":"scroll","background-type":"","background-media":"","overlay-type":"","overlay-color":"","overlay-opacity":"","overlay-gradient":""},"mobile":{"background-color":"var(--ast-global-color-5)","background-image":"","background-repeat":"repeat","background-position":"center center","background-size":"auto","background-attachment":"scroll","background-type":"","background-media":"","overlay-type":"","overlay-color":"","overlay-opacity":"","overlay-gradient":""}}},"product_brand":[],"product_cat":[31],"product_tag":[],"class_list":{"0":"post-990","1":"product","2":"type-product","3":"status-publish","4":"has-post-thumbnail","6":"product_cat-cup-filling-sealing-machine","7":"desktop-align-left","8":"tablet-align-left","9":"mobile-align-left","11":"first","12":"instock","13":"shipping-taxable","14":"product-type-simple"},"_links":{"self":[{"href":"https:\/\/higheasy.cn\/de\/wp-json\/wp\/v2\/product\/990","targetHints":{"allow":["GET"]}}],"collection":[{"href":"https:\/\/higheasy.cn\/de\/wp-json\/wp\/v2\/product"}],"about":[{"href":"https:\/\/higheasy.cn\/de\/wp-json\/wp\/v2\/types\/product"}],"wp:featuredmedia":[{"embeddable":true,"href":"https:\/\/higheasy.cn\/de\/wp-json\/wp\/v2\/media\/993"}],"wp:attachment":[{"href":"https:\/\/higheasy.cn\/de\/wp-json\/wp\/v2\/media?parent=990"}],"wp:term":[{"taxonomy":"product_brand","embeddable":true,"href":"https:\/\/higheasy.cn\/de\/wp-json\/wp\/v2\/product_brand?post=990"},{"taxonomy":"product_cat","embeddable":true,"href":"https:\/\/higheasy.cn\/de\/wp-json\/wp\/v2\/product_cat?post=990"},{"taxonomy":"product_tag","embeddable":true,"href":"https:\/\/higheasy.cn\/de\/wp-json\/wp\/v2\/product_tag?post=990"}],"curies":[{"name":"wp","href":"https:\/\/api.w.org\/{rel}","templated":true}]}}