{"id":979,"date":"2023-10-18T06:29:25","date_gmt":"2023-10-18T06:29:25","guid":{"rendered":"https:\/\/mediumturquoise-pheasant-889000.hostingersite.com\/?post_type=product&#038;p=979"},"modified":"2023-10-18T06:35:41","modified_gmt":"2023-10-18T06:35:41","slug":"factory-price-semi-auto-spout-sealing-machine-%e5%a4%8d%e5%88%b6","status":"publish","type":"product","link":"https:\/\/higheasy.cn\/de\/produkt\/factory-price-semi-auto-spout-sealing-machine-%e5%a4%8d%e5%88%b6\/","title":{"rendered":"Vollautomatische Ausgie\u00dfer-Versiegelungsmaschine"},"content":{"rendered":"<p><img fetchpriority=\"high\" decoding=\"async\" class=\"alignnone size-full wp-image-981\" src=\"http:\/\/higheasy.cn\/wp-content\/uploads\/2023\/10\/HTB1on8mQPDpK1RjSZFrq6y78VXan.jpg\" alt=\"\" width=\"1440\" height=\"1080\" srcset=\"https:\/\/higheasy.cn\/wp-content\/uploads\/2023\/10\/HTB1on8mQPDpK1RjSZFrq6y78VXan.jpg 1440w, https:\/\/higheasy.cn\/wp-content\/uploads\/2023\/10\/HTB1on8mQPDpK1RjSZFrq6y78VXan-300x225.jpg 300w, https:\/\/higheasy.cn\/wp-content\/uploads\/2023\/10\/HTB1on8mQPDpK1RjSZFrq6y78VXan-1024x768.jpg 1024w, https:\/\/higheasy.cn\/wp-content\/uploads\/2023\/10\/HTB1on8mQPDpK1RjSZFrq6y78VXan-768x576.jpg 768w\" sizes=\"(max-width: 1440px) 100vw, 1440px\" \/> <img decoding=\"async\" class=\"alignnone size-full wp-image-982\" src=\"http:\/\/higheasy.cn\/wp-content\/uploads\/2023\/10\/HTB1pS0RQOLaK1RjSZFxq6ymPFXam.jpg\" alt=\"\" width=\"1440\" height=\"1080\" srcset=\"https:\/\/higheasy.cn\/wp-content\/uploads\/2023\/10\/HTB1pS0RQOLaK1RjSZFxq6ymPFXam.jpg 1440w, https:\/\/higheasy.cn\/wp-content\/uploads\/2023\/10\/HTB1pS0RQOLaK1RjSZFxq6ymPFXam-300x225.jpg 300w, https:\/\/higheasy.cn\/wp-content\/uploads\/2023\/10\/HTB1pS0RQOLaK1RjSZFxq6ymPFXam-1024x768.jpg 1024w, https:\/\/higheasy.cn\/wp-content\/uploads\/2023\/10\/HTB1pS0RQOLaK1RjSZFxq6ymPFXam-768x576.jpg 768w\" sizes=\"(max-width: 1440px) 100vw, 1440px\" \/> <img decoding=\"async\" class=\"alignnone size-full wp-image-983\" src=\"http:\/\/higheasy.cn\/wp-content\/uploads\/2023\/10\/HTB1qbhvQMHqK1RjSZFgq6y7JXXaz.jpg\" alt=\"\" width=\"1440\" height=\"1080\" srcset=\"https:\/\/higheasy.cn\/wp-content\/uploads\/2023\/10\/HTB1qbhvQMHqK1RjSZFgq6y7JXXaz.jpg 1440w, https:\/\/higheasy.cn\/wp-content\/uploads\/2023\/10\/HTB1qbhvQMHqK1RjSZFgq6y7JXXaz-300x225.jpg 300w, https:\/\/higheasy.cn\/wp-content\/uploads\/2023\/10\/HTB1qbhvQMHqK1RjSZFgq6y7JXXaz-1024x768.jpg 1024w, https:\/\/higheasy.cn\/wp-content\/uploads\/2023\/10\/HTB1qbhvQMHqK1RjSZFgq6y7JXXaz-768x576.jpg 768w\" sizes=\"(max-width: 1440px) 100vw, 1440px\" \/><\/p>\n<p>ICH.\u00a0<strong>Einf\u00fchrung<\/strong><\/p>\n<p>Die automatische Ausgie\u00dfer-Versiegelungsmaschine f\u00fcr flexible Beutel ist eine Art automatisches Ger\u00e4t zum Anbringen und Versiegeln von Plastikausgie\u00dfern mit Beuteln. Beutel mit Ausgie\u00dfer werden mit dieser Maschine hergestellt und bieten den Vorteil hoher Produktionseffizienz, ansprechendem Aussehen, hoher Versiegelungsfestigkeit, vermeiden das Ber\u00fchren von Ausgie\u00dfer und Beutel durch Menschen und sind sicher und hygienisch.<\/p>\n<p>Die automatische Ausguss-Versiegelungsmaschine FZJ-12-70 f\u00fcr flexible Beutel verf\u00fcgt \u00fcber eine Funktion zur automatischen Ausgussortung und Mehrstationen\u00fcbertragung, zum Beladen des Beutels mit Ausguss und zum Versiegeln. Geeignet f\u00fcr lange und kurze Ausgusst\u00fcllen, vertikale Versiegelungst\u00fcllen.<\/p>\n<p><strong>II. Komponente<\/strong><\/p>\n<p>1. Automatisches Ausgussladesystem mit Vibrationsplatte: Dieses System besteht aus einem fotoelektrischen Kontrollspeicher und einer Vibrationsplatte und kann Kunststoffausguss automatisch an die Ausgussladevorrichtung bef\u00f6rdern. Die Vibrationsplatte kann 500 Ausgussst\u00fccke aufnehmen.<\/p>\n<p>2. Ausgussladesystem: Verwendet einen dreiachsigen Zylinder anstelle des bisherigen einachsigen Zylinders, schiebt den Ausguss in die Nut des F\u00f6rderbands, automatische Positionierung, keine Winkel\u00e4nderung, gew\u00e4hrleistet Produktgenauigkeit.<\/p>\n<p>3. Transfersystem: Transferieren Sie Ausguss oder Beutel entsprechend der festgelegten L\u00e4nge der Station, um Ausgussbeladung, Punktschwei\u00dfen, Hei\u00dfsiegeln, Kaltformen und Erkennungsfunktionen zu erm\u00f6glichen. Das Transfersystem wird von einem Mitsubishi-Servomotor angetrieben.<\/p>\n<p>4. Das Beutelladesystem besteht aus einem Beutellager, einer Beutelaufnahmevorrichtung und einer Beutelladevorrichtung. Wird zum Aufnehmen aus dem Beutellager, zum Einspannen des Beutels, \u00d6ffnen des Beutels, Laden des Ausgusses und zum punktweisen Versiegeln verwendet und dann zum n\u00e4chsten Schritt weitergeleitet.<\/p>\n<p>5. Mehrfachversiegelungssystem: bestehend aus mehreren Hei\u00dfsiegelzylindergruppen f\u00fcr jeden Vorgang, wie einmaliges Vorw\u00e4rmen, viermaliges Hei\u00dfsiegeln und einmaliges Kaltformen.<\/p>\n<p>6. Optisches Erkennungssystem: Automatische Erkennung der Ausgussversiegelungsqualit\u00e4t, Entfernung fehlerhafter Produkte, wenn der Prozentsatz fehlerhafter Produkte unter 5 \u2030 liegt.<\/p>\n<p>7. Fertiges Produkt auf Rillenstab geladen und automatisches Nachladesystem: Fertige Produkte werden nach dem Z\u00e4hlen f\u00fcr den Einsatz in der Abf\u00fcllmaschine in den Rillenstab geladen, der Rillenstab wird nach vollst\u00e4ndiger Beladung automatisch entladen.<\/p>\n<p>&nbsp;<\/p>\n<p><strong>III. Wichtigste technische Daten<\/strong><\/p>\n<p>&nbsp;<\/p>\n<table border=\"1\" cellspacing=\"0\">\n<tbody>\n<tr>\n<td valign=\"center\" width=\"177\">Modell<\/td>\n<td valign=\"center\" width=\"299\">FZJ-12-70<\/td>\n<\/tr>\n<tr>\n<td valign=\"center\" width=\"177\">Beutelma\u00dfe<\/td>\n<td valign=\"center\" width=\"299\">L\u00d7B(70-230)\u00d7(60-120)mm<\/td>\n<\/tr>\n<tr>\n<td valign=\"center\" width=\"177\">Innenma\u00dfe des Ausgusses<\/td>\n<td valign=\"center\" width=\"299\">8,2mm oder 8,6mm oder 10mm, 13mm Sonderanfertigung<\/td>\n<\/tr>\n<tr>\n<td valign=\"center\" width=\"177\">Kapazit\u00e4t<\/td>\n<td valign=\"center\" width=\"299\">40\u201380 St\u00fcck\/min (70 St\u00fcck\/min k\u00f6nnen sehr stabil sein)<\/td>\n<\/tr>\n<tr>\n<td valign=\"center\" width=\"177\">Stromversorgung<\/td>\n<td valign=\"center\" width=\"299\">AC380 V, 50 Hz, 3P, 8,0 kW<\/td>\n<\/tr>\n<tr>\n<td valign=\"center\" width=\"177\">Luftversorgung<\/td>\n<td valign=\"center\" width=\"299\">0,5-0,7 MPa 180 NL\/min<\/td>\n<\/tr>\n<tr>\n<td valign=\"center\" width=\"177\">K\u00fchlwasser<\/td>\n<td valign=\"center\" width=\"299\">6L\/min<\/td>\n<\/tr>\n<tr>\n<td valign=\"center\" width=\"177\">Maschinenabmessung<\/td>\n<td valign=\"center\" width=\"299\">(L\u00d7B\u00d7H)<\/p>\n<p>Hauptmaschine: 2480 \u00d7 2280 \u00d7 1800 mm<\/p>\n<p>Automatische Beutelentladevorrichtung: 1300*820*1700mm<\/td>\n<\/tr>\n<tr>\n<td valign=\"center\" width=\"177\">Gewicht<\/td>\n<td valign=\"center\" width=\"299\">2300 kg<\/td>\n<\/tr>\n<\/tbody>\n<\/table>\n<p><img loading=\"lazy\" decoding=\"async\" class=\"alignnone wp-image-646\" src=\"http:\/\/higheasy.cn\/wp-content\/uploads\/2023\/07\/HTB1Lnd7QMHqK1RjSZFgq6y7JXXaU.jpg\" alt=\"higheasy\" width=\"1238\" height=\"1836\" srcset=\"https:\/\/higheasy.cn\/wp-content\/uploads\/2023\/07\/HTB1Lnd7QMHqK1RjSZFgq6y7JXXaU.jpg 750w, https:\/\/higheasy.cn\/wp-content\/uploads\/2023\/07\/HTB1Lnd7QMHqK1RjSZFgq6y7JXXaU-300x445.jpg 300w, https:\/\/higheasy.cn\/wp-content\/uploads\/2023\/07\/HTB1Lnd7QMHqK1RjSZFgq6y7JXXaU-202x300.jpg 202w, https:\/\/higheasy.cn\/wp-content\/uploads\/2023\/07\/HTB1Lnd7QMHqK1RjSZFgq6y7JXXaU-691x1024.jpg 691w\" sizes=\"(max-width: 1238px) 100vw, 1238px\" \/><\/p>\n<p>Das Unternehmen verf\u00fcgt \u00fcber eine Gruppe professioneller Forschungs- und Entwicklungsteams f\u00fcr Technologie und fortschrittliche Verarbeitungsger\u00e4te sowie eine Reihe von Erfindungspatenten. Das Unternehmen produziert eine Vielzahl von Verpackungsmaschinen. Die Hauptprodukte sind: vertikale Schlauchbeutelmaschinen (VFFS), Stickpack-Maschinen, Pulververpackungsmaschinen, Fl\u00fcssigkeitsverpackungsmaschinen und Mehrkopfwaagen, die in der Lebensmittel-, Chemie- und Getr\u00e4nkeindustrie weit verbreitet sind , landwirtschaftliche Produkte, Spielzeug und Verpackungen f\u00fcr Industrieprodukte und andere Branchen. Die Produkte werden in die ganze Welt exportiert und haben in vielen L\u00e4ndern und Regionen professionelle Marketingvertreter gewonnen. Die Produkte und Dienstleistungen wurden von den Kunden einhellig anerkannt und gelobt.<\/p>\n<p><img loading=\"lazy\" decoding=\"async\" class=\"alignnone size-full wp-image-662\" src=\"http:\/\/higheasy.cn\/wp-content\/uploads\/2023\/07\/5.jpg\" alt=\"small yogurt production line\" width=\"1200\" height=\"604\" srcset=\"https:\/\/higheasy.cn\/wp-content\/uploads\/2023\/07\/5.jpg 1200w, https:\/\/higheasy.cn\/wp-content\/uploads\/2023\/07\/5-300x151.jpg 300w, https:\/\/higheasy.cn\/wp-content\/uploads\/2023\/07\/5-1024x515.jpg 1024w, https:\/\/higheasy.cn\/wp-content\/uploads\/2023\/07\/5-768x387.jpg 768w\" sizes=\"(max-width: 1200px) 100vw, 1200px\" \/><\/p>","protected":false},"excerpt":{"rendered":"<p>I.\u00a0Introduction Flexible pouch auto spout sealing machine is one kind of automatic device to\u00a0install and seal plastic spout with pouch. Pouch with spout\u00a0is\u00a0manufactured\u00a0by this machine with advantage of high production efficiency, good looking, high sealing strength, avoiding\u00a0human\u00a0to\u00a0touch spout and pouch, safe and sanitary. FZJ-12-70 flexible pouch auto spout sealing machine\u00a0has function of\u00a0auto spout location and [&hellip;]<\/p>","protected":false},"featured_media":980,"template":"","meta":{"site-sidebar-layout":"default","site-content-layout":"default","ast-site-content-layout":"default","site-content-style":"default","site-sidebar-style":"default","ast-global-header-display":"","ast-banner-title-visibility":"","ast-main-header-display":"","ast-hfb-above-header-display":"","ast-hfb-below-header-display":"","ast-hfb-mobile-header-display":"","site-post-title":"","ast-breadcrumbs-content":"","ast-featured-img":"","footer-sml-layout":"","theme-transparent-header-meta":"default","adv-header-id-meta":"","stick-header-meta":"","header-above-stick-meta":"","header-main-stick-meta":"","header-below-stick-meta":"","astra-migrate-meta-layouts":"set","ast-page-background-enabled":"default","ast-page-background-meta":{"desktop":{"background-color":"","background-image":"","background-repeat":"repeat","background-position":"center center","background-size":"auto","background-attachment":"scroll","background-type":"","background-media":"","overlay-type":"","overlay-color":"","overlay-opacity":"","overlay-gradient":""},"tablet":{"background-color":"","background-image":"","background-repeat":"repeat","background-position":"center center","background-size":"auto","background-attachment":"scroll","background-type":"","background-media":"","overlay-type":"","overlay-color":"","overlay-opacity":"","overlay-gradient":""},"mobile":{"background-color":"","background-image":"","background-repeat":"repeat","background-position":"center center","background-size":"auto","background-attachment":"scroll","background-type":"","background-media":"","overlay-type":"","overlay-color":"","overlay-opacity":"","overlay-gradient":""}},"ast-content-background-meta":{"desktop":{"background-color":"var(--ast-global-color-5)","background-image":"","background-repeat":"repeat","background-position":"center center","background-size":"auto","background-attachment":"scroll","background-type":"","background-media":"","overlay-type":"","overlay-color":"","overlay-opacity":"","overlay-gradient":""},"tablet":{"background-color":"var(--ast-global-color-5)","background-image":"","background-repeat":"repeat","background-position":"center center","background-size":"auto","background-attachment":"scroll","background-type":"","background-media":"","overlay-type":"","overlay-color":"","overlay-opacity":"","overlay-gradient":""},"mobile":{"background-color":"var(--ast-global-color-5)","background-image":"","background-repeat":"repeat","background-position":"center center","background-size":"auto","background-attachment":"scroll","background-type":"","background-media":"","overlay-type":"","overlay-color":"","overlay-opacity":"","overlay-gradient":""}}},"product_brand":[],"product_cat":[30],"product_tag":[],"class_list":{"0":"post-979","1":"product","2":"type-product","3":"status-publish","4":"has-post-thumbnail","6":"product_cat-spout-inserting-sealing-machine","7":"desktop-align-left","8":"tablet-align-left","9":"mobile-align-left","11":"first","12":"instock","13":"shipping-taxable","14":"product-type-simple"},"_links":{"self":[{"href":"https:\/\/higheasy.cn\/de\/wp-json\/wp\/v2\/product\/979","targetHints":{"allow":["GET"]}}],"collection":[{"href":"https:\/\/higheasy.cn\/de\/wp-json\/wp\/v2\/product"}],"about":[{"href":"https:\/\/higheasy.cn\/de\/wp-json\/wp\/v2\/types\/product"}],"wp:featuredmedia":[{"embeddable":true,"href":"https:\/\/higheasy.cn\/de\/wp-json\/wp\/v2\/media\/980"}],"wp:attachment":[{"href":"https:\/\/higheasy.cn\/de\/wp-json\/wp\/v2\/media?parent=979"}],"wp:term":[{"taxonomy":"product_brand","embeddable":true,"href":"https:\/\/higheasy.cn\/de\/wp-json\/wp\/v2\/product_brand?post=979"},{"taxonomy":"product_cat","embeddable":true,"href":"https:\/\/higheasy.cn\/de\/wp-json\/wp\/v2\/product_cat?post=979"},{"taxonomy":"product_tag","embeddable":true,"href":"https:\/\/higheasy.cn\/de\/wp-json\/wp\/v2\/product_tag?post=979"}],"curies":[{"name":"wp","href":"https:\/\/api.w.org\/{rel}","templated":true}]}}