{"id":971,"date":"2023-10-18T06:16:56","date_gmt":"2023-10-18T06:16:56","guid":{"rendered":"https:\/\/mediumturquoise-pheasant-889000.hostingersite.com\/?post_type=product&#038;p=971"},"modified":"2023-10-18T06:20:39","modified_gmt":"2023-10-18T06:20:39","slug":"factory-price-automatic-mayonnaise-vinegar-fruit-juice-ketchup-spout-pouch-filling-capping-machine","status":"publish","type":"product","link":"https:\/\/higheasy.cn\/de\/produkt\/factory-price-automatic-mayonnaise-vinegar-fruit-juice-ketchup-spout-pouch-filling-capping-machine\/","title":{"rendered":"Automatische Mayonnaise-Essig-Fruchtsaft-Ketchup-Auslaufbeutel-F\u00fcllmaschine zum Fabrikpreis"},"content":{"rendered":"<h3><img decoding=\"async\" src=\"https:\/\/sc04.alicdn.com\/kf\/Hc7dc0e4c3f0f4b46b555fda2bfe1a904E\/222958773\/Hc7dc0e4c3f0f4b46b555fda2bfe1a904E.jpg\" alt=\"Factory price automatic mayonnaise vinegar fruit juice ketchup spout pouch filling capping machine\" \/><\/h3>\n<p><img decoding=\"async\" src=\"https:\/\/sc04.alicdn.com\/kf\/Hfa1a94aede2f4e69968647da795874d8M\/222958773\/Hfa1a94aede2f4e69968647da795874d8M.jpg\" alt=\"Factory price automatic mayonnaise vinegar fruit juice ketchup spout pouch filling capping machine\" \/><\/p>\n<p><img decoding=\"async\" src=\"https:\/\/sc04.alicdn.com\/kf\/H45bbc0cfcef042a5b41f82bc4dbc2238O\/222958773\/H45bbc0cfcef042a5b41f82bc4dbc2238O.png\" alt=\"Factory price automatic mayonnaise vinegar fruit juice ketchup spout pouch filling capping machine\" \/><\/p>\n<blockquote><p><img fetchpriority=\"high\" decoding=\"async\" class=\"alignleft\" src=\"https:\/\/sc04.alicdn.com\/kf\/H92859315dbbb41ca81a61cf9d7ebd73bK\/222958773\/H92859315dbbb41ca81a61cf9d7ebd73bK.png\" alt=\"Factory price automatic mayonnaise vinegar fruit juice ketchup spout pouch filling capping machine\" width=\"848\" height=\"833\" \/><\/p><\/blockquote>\n<h3><img decoding=\"async\" class=\"aligncenter\" src=\"https:\/\/sc04.alicdn.com\/kf\/H577298aa61b24179b0f26c038087f4709\/222958773\/H577298aa61b24179b0f26c038087f4709.png\" alt=\"Factory price automatic mayonnaise vinegar fruit juice ketchup spout pouch filling capping machine\" width=\"815\" height=\"815\" \/><\/h3>\n<h3 style=\"text-align: center;\"><img decoding=\"async\" src=\"https:\/\/sc04.alicdn.com\/kf\/Ha1535477bf794a1aa417c0382769935ei\/222958773\/Ha1535477bf794a1aa417c0382769935ei.png\" alt=\"Factory price automatic mayonnaise vinegar fruit juice ketchup spout pouch filling capping machine\" \/><\/h3>\n<p>&nbsp;<\/p>\n<p><img decoding=\"async\" class=\"\" src=\"https:\/\/sc01.alicdn.com\/kf\/HTB1uMedP4TpK1RjSZFKq6y2wXXaY\/222958773\/HTB1uMedP4TpK1RjSZFKq6y2wXXaY.jpg\" alt=\"Factory price Yogurt juice oil ketchup sauce spout pouch filling machine\" width=\"1119\" height=\"94\" data-src=\"\/\/sc01.alicdn.com\/kf\/HTB1uMedP4TpK1RjSZFKq6y2wXXaY\/222958773\/HTB1uMedP4TpK1RjSZFKq6y2wXXaY.jpg\" data-alt=\"Factory price Yogurt juice oil ketchup sauce spout pouch filling machine\" data-spm-anchor-id=\"a2700.details.0.i21.228e81428S9lUv\" \/><\/p>\n<p>\u2666 Die HSD-Abf\u00fcll- und Verschlussverschraubungsmaschine ist eine vollautomatische Verpackungsmaschine mit Prozessen wie automatischem Beutelladen, Vakuumieren, Beutellokalisieren und Dosieren, F\u00fcllen mit Stickstoff, Reinigen des Ausgusses, Zuf\u00fchren und Einsetzen des Verschlusses, Verschlie\u00dfen, Entleeren und Fl\u00fcssigkeitsstand kontrollierend.<\/p>\n<p>\u2666 Frequenzumrichter steuert die Motorgeschwindigkeit. Es kann nicht nur mit einem CIP-Reinigungssystem und einem Sicherheitsschalter verbunden werden, sondern es k\u00f6nnen auch einige Funktionen je nach Kundenwunsch hinzugef\u00fcgt oder entfernt werden.<\/p>\n<p>\u2666 Diese Maschine eignet sich zum Verpacken von Gelee, Sojamilch, Joghurt, Mineralwasser, Saft, Eiscreme, Speise\u00f6l, Gew\u00fcrzen, Reinigungsmitteln und anderen chemischen Produkten usw.<\/p>\n<p><img loading=\"lazy\" decoding=\"async\" class=\"\" src=\"https:\/\/sc02.alicdn.com\/kf\/HTB1iXmEPIbpK1RjSZFyq6x_qFXaD\/222958773\/HTB1iXmEPIbpK1RjSZFyq6x_qFXaD.jpg\" alt=\"Factory price Yogurt juice oil ketchup sauce spout pouch filling machine\" width=\"1107\" height=\"93\" data-src=\"\/\/sc02.alicdn.com\/kf\/HTB1iXmEPIbpK1RjSZFyq6x_qFXaD\/222958773\/HTB1iXmEPIbpK1RjSZFyq6x_qFXaD.jpg\" data-alt=\"Factory price Yogurt juice oil ketchup sauce spout pouch filling machine\" \/><\/p>\n<p><sub><strong>HSD-SERIE\u00a0<\/strong><\/sub><\/p>\n<p><sub><strong>Ausgie\u00dfkapazit\u00e4t: 50\u2013450 ml<\/strong><\/sub><\/p>\n<table border=\"3\">\n<tbody>\n<tr>\n<td><strong>Modell<\/strong><\/td>\n<td><strong>Produktionsgeschwindigkeit<\/strong><\/td>\n<\/tr>\n<tr>\n<td><strong>HSD-4<\/strong><\/td>\n<td><strong>3600\u20134800 Beutel\/Stunde<\/strong><\/td>\n<\/tr>\n<tr>\n<td><strong>HSD-5<\/strong><\/td>\n<td><strong>4500\u20136000 Beutel\/Stunde<\/strong><\/td>\n<\/tr>\n<tr>\n<td><strong>HSD-6<\/strong><\/td>\n<td><strong>\u00a05400-7200\u00a0<\/strong><strong>Beutel\/Stunde<\/strong><\/td>\n<\/tr>\n<tr>\n<td><strong>HSD-8<\/strong><\/td>\n<td><strong>7200\u20139600 Beutel\/Stunde<\/strong><\/td>\n<\/tr>\n<\/tbody>\n<\/table>\n<h3 style=\"text-align: center;\"><span data-spm-anchor-id=\"a2700.details.0.i20.12303428zc66F4\"><strong>\u00a0<\/strong><\/span><\/h3>\n<p><img loading=\"lazy\" decoding=\"async\" class=\"alignnone wp-image-646\" src=\"http:\/\/higheasy.cn\/wp-content\/uploads\/2023\/07\/HTB1Lnd7QMHqK1RjSZFgq6y7JXXaU.jpg\" alt=\"higheasy\" width=\"1238\" height=\"1836\" srcset=\"https:\/\/higheasy.cn\/wp-content\/uploads\/2023\/07\/HTB1Lnd7QMHqK1RjSZFgq6y7JXXaU.jpg 750w, https:\/\/higheasy.cn\/wp-content\/uploads\/2023\/07\/HTB1Lnd7QMHqK1RjSZFgq6y7JXXaU-300x445.jpg 300w, https:\/\/higheasy.cn\/wp-content\/uploads\/2023\/07\/HTB1Lnd7QMHqK1RjSZFgq6y7JXXaU-202x300.jpg 202w, https:\/\/higheasy.cn\/wp-content\/uploads\/2023\/07\/HTB1Lnd7QMHqK1RjSZFgq6y7JXXaU-691x1024.jpg 691w\" sizes=\"(max-width: 1238px) 100vw, 1238px\" \/><\/p>\n<p>Das Unternehmen verf\u00fcgt \u00fcber eine Gruppe professioneller Forschungs- und Entwicklungsteams f\u00fcr Technologie und fortschrittliche Verarbeitungsger\u00e4te sowie eine Reihe von Erfindungspatenten. Das Unternehmen produziert eine Vielzahl von Verpackungsmaschinen. Die Hauptprodukte sind: vertikale Schlauchbeutelmaschinen (VFFS), Stickpack-Maschinen, Pulververpackungsmaschinen, Fl\u00fcssigkeitsverpackungsmaschinen und Mehrkopfwaagen, die in der Lebensmittel-, Chemie- und Getr\u00e4nkeindustrie weit verbreitet sind , landwirtschaftliche Produkte, Spielzeug und Verpackungen f\u00fcr Industrieprodukte und andere Branchen. Die Produkte werden in die ganze Welt exportiert und haben in vielen L\u00e4ndern und Regionen professionelle Marketingvertreter gewonnen. Die Produkte und Dienstleistungen wurden von den Kunden einhellig anerkannt und gelobt.<\/p>\n<p><img loading=\"lazy\" decoding=\"async\" class=\"alignnone size-full wp-image-662\" src=\"http:\/\/higheasy.cn\/wp-content\/uploads\/2023\/07\/5.jpg\" alt=\"small yogurt production line\" width=\"1200\" height=\"604\" srcset=\"https:\/\/higheasy.cn\/wp-content\/uploads\/2023\/07\/5.jpg 1200w, https:\/\/higheasy.cn\/wp-content\/uploads\/2023\/07\/5-300x151.jpg 300w, https:\/\/higheasy.cn\/wp-content\/uploads\/2023\/07\/5-1024x515.jpg 1024w, https:\/\/higheasy.cn\/wp-content\/uploads\/2023\/07\/5-768x387.jpg 768w\" sizes=\"(max-width: 1200px) 100vw, 1200px\" \/><\/p>","protected":false},"excerpt":{"rendered":"<p>&nbsp; &#x2666; HSD filling and cap-screwing machine is a full automatic package machine with such processes as automatic pouch-loading, vacuuming, pouch-locating and dosing filling, nitrogen filling, cleaning for spout, cap feeding and inserting, capping, discharging and liquid level controlling. &#x2666; Frequency converter controls motor speed. Not only it can be connected with CIP cleaning system [&hellip;]<\/p>","protected":false},"featured_media":970,"template":"","meta":{"site-sidebar-layout":"default","site-content-layout":"default","ast-site-content-layout":"default","site-content-style":"default","site-sidebar-style":"default","ast-global-header-display":"","ast-banner-title-visibility":"","ast-main-header-display":"","ast-hfb-above-header-display":"","ast-hfb-below-header-display":"","ast-hfb-mobile-header-display":"","site-post-title":"","ast-breadcrumbs-content":"","ast-featured-img":"","footer-sml-layout":"","theme-transparent-header-meta":"default","adv-header-id-meta":"","stick-header-meta":"","header-above-stick-meta":"","header-main-stick-meta":"","header-below-stick-meta":"","astra-migrate-meta-layouts":"set","ast-page-background-enabled":"default","ast-page-background-meta":{"desktop":{"background-color":"","background-image":"","background-repeat":"repeat","background-position":"center center","background-size":"auto","background-attachment":"scroll","background-type":"","background-media":"","overlay-type":"","overlay-color":"","overlay-opacity":"","overlay-gradient":""},"tablet":{"background-color":"","background-image":"","background-repeat":"repeat","background-position":"center center","background-size":"auto","background-attachment":"scroll","background-type":"","background-media":"","overlay-type":"","overlay-color":"","overlay-opacity":"","overlay-gradient":""},"mobile":{"background-color":"","background-image":"","background-repeat":"repeat","background-position":"center center","background-size":"auto","background-attachment":"scroll","background-type":"","background-media":"","overlay-type":"","overlay-color":"","overlay-opacity":"","overlay-gradient":""}},"ast-content-background-meta":{"desktop":{"background-color":"var(--ast-global-color-5)","background-image":"","background-repeat":"repeat","background-position":"center center","background-size":"auto","background-attachment":"scroll","background-type":"","background-media":"","overlay-type":"","overlay-color":"","overlay-opacity":"","overlay-gradient":""},"tablet":{"background-color":"var(--ast-global-color-5)","background-image":"","background-repeat":"repeat","background-position":"center center","background-size":"auto","background-attachment":"scroll","background-type":"","background-media":"","overlay-type":"","overlay-color":"","overlay-opacity":"","overlay-gradient":""},"mobile":{"background-color":"var(--ast-global-color-5)","background-image":"","background-repeat":"repeat","background-position":"center center","background-size":"auto","background-attachment":"scroll","background-type":"","background-media":"","overlay-type":"","overlay-color":"","overlay-opacity":"","overlay-gradient":""}}},"product_brand":[],"product_cat":[29],"product_tag":[],"class_list":{"0":"post-971","1":"product","2":"type-product","3":"status-publish","4":"has-post-thumbnail","6":"product_cat-spout-pouch-filling-capping-machine","7":"desktop-align-left","8":"tablet-align-left","9":"mobile-align-left","11":"first","12":"instock","13":"shipping-taxable","14":"product-type-simple"},"_links":{"self":[{"href":"https:\/\/higheasy.cn\/de\/wp-json\/wp\/v2\/product\/971","targetHints":{"allow":["GET"]}}],"collection":[{"href":"https:\/\/higheasy.cn\/de\/wp-json\/wp\/v2\/product"}],"about":[{"href":"https:\/\/higheasy.cn\/de\/wp-json\/wp\/v2\/types\/product"}],"wp:featuredmedia":[{"embeddable":true,"href":"https:\/\/higheasy.cn\/de\/wp-json\/wp\/v2\/media\/970"}],"wp:attachment":[{"href":"https:\/\/higheasy.cn\/de\/wp-json\/wp\/v2\/media?parent=971"}],"wp:term":[{"taxonomy":"product_brand","embeddable":true,"href":"https:\/\/higheasy.cn\/de\/wp-json\/wp\/v2\/product_brand?post=971"},{"taxonomy":"product_cat","embeddable":true,"href":"https:\/\/higheasy.cn\/de\/wp-json\/wp\/v2\/product_cat?post=971"},{"taxonomy":"product_tag","embeddable":true,"href":"https:\/\/higheasy.cn\/de\/wp-json\/wp\/v2\/product_tag?post=971"}],"curies":[{"name":"wp","href":"https:\/\/api.w.org\/{rel}","templated":true}]}}