{"id":968,"date":"2023-10-18T06:08:00","date_gmt":"2023-10-18T06:08:00","guid":{"rendered":"https:\/\/mediumturquoise-pheasant-889000.hostingersite.com\/?post_type=product&#038;p=968"},"modified":"2023-10-18T06:11:14","modified_gmt":"2023-10-18T06:11:14","slug":"small-yogurt-production-line","status":"publish","type":"product","link":"https:\/\/higheasy.cn\/de\/produkt\/small-yogurt-production-line\/","title":{"rendered":"kleine Joghurt-Produktionslinie"},"content":{"rendered":"<h3 style=\"text-align: center;\"><span data-spm-anchor-id=\"a2700.details.0.i20.12303428zc66F4\"><strong>\u00a0Kleine Joghurt-Produktionslinie<\/strong><br \/>\n<img fetchpriority=\"high\" decoding=\"async\" class=\"\" src=\"https:\/\/sc04.alicdn.com\/kf\/H62d1b737a5394a7f8f6789dbc69a12baa\/222958773\/H62d1b737a5394a7f8f6789dbc69a12baa.png\" alt=\"small yogurt production line\" width=\"1063\" height=\"425\" data-src=\"\/\/sc04.alicdn.com\/kf\/H62d1b737a5394a7f8f6789dbc69a12baa\/222958773\/H62d1b737a5394a7f8f6789dbc69a12baa.png\" data-alt=\"small yogurt production line\" \/><br \/>\n<\/span><\/h3>\n<p>&nbsp;<\/p>\n<p><strong>Grundlegender Prozess<\/strong><\/p>\n<p>Der Standardproduktionsprozess von pasteurisierter Milch: Rohmilch \u2192 Lagertank \u2192 Filtration \u2192 Vorw\u00e4rmen \u2192 Homogenisieren \u2192 Sterilisieren \u2192 Vork\u00fchlen \u2192 Fermentation \u2192 Abf\u00fcllen \u2192 CIP-Reinigung.<\/p>\n<p>Vereinfachter Herstellungsprozess pasteurisierter Milch: Rohmilch \u2192 Lagerung \u2192 Sterilisation \u2192 K\u00fchlung \u2192 Fermentation \u2192 Abf\u00fcllung<\/p>\n<p>&nbsp;<\/p>\n<p><strong>C<\/strong><strong>oder Rollausr\u00fcstung<\/strong><\/p>\n<p>Die Standardprozessausr\u00fcstung f\u00fcr pasteurisierte Milch ist: Rohmilch \u2192 Pumpe \u2192 Lagertank \u2192 Pumpe \u2192 Doppelfilter \u2192 Pumpe \u2192 Vorw\u00e4rmtank \u2192 Pumpe \u2192 Homogenisator \u2192 Pumpe \u2192 R\u00fchrsterilisationstank \u2192 Pumpe \u2192 Vork\u00fchltank \u2192 Pumpe \u2192 G\u00e4rtank \u2192 Pumpe \u2192 Abf\u00fcllmaschine \u2192 CIP-Reinigungsanlage<\/p>\n<p>&nbsp;<\/p>\n<p><strong>Prozesseinf\u00fchrung<\/strong><\/p>\n<p>Lagern Sie die Vollmilch im Rohmilchtank und pumpen Sie die Rohmilch dann durch eine spezielle Milchpumpe aus Edelstahl und einen Doppelfilter zum Vorw\u00e4rmen in den Vorw\u00e4rmtank. Im Allgemeinen liegt die Vorw\u00e4rmtemperatur bei etwa 45 \u00b0C.<\/p>\n<p>Nach dem Vorw\u00e4rmen wird die Rohmilch zur Homogenisierung in den Homogenisierungstank gegossen und mit entsprechenden Hilfsstoffen versetzt, um die Rohmilch nach der Homogenisierung glatter zu machen.<\/p>\n<p>Nach der Homogenisierung starten Sie die Milchzentrifugalpumpe und die Rohmilch wird zur Sterilisation und zum R\u00fchren in den Pasteurisierungstank gepumpt.<\/p>\n<p>Wenn eine Sterilisation erforderlich ist, schalten Sie die Zentrifugalmilchpumpe ein, die den urspr\u00fcnglichen Milchtank und den Pasteurisierungstank verbindet, und pasteurisieren Sie sie mit 350#-W\u00e4rme\u00fcbertragungs\u00f6l oder hei\u00dfem Wasser\/Dampf. Je nach W\u00e4rmequelle und Leistung betr\u00e4gt die Sterilisationszeit im Allgemeinen 0,5 bis 1,5 Stunden und die Pasteurisierungstemperatur 85 \u00b0C.<\/p>\n<p>Nach der Sterilisation wird die frische Milch \u00fcber die Milchpumpe in den Vork\u00fchltank gepumpt. Der Vork\u00fchltank verwendet kaltes Wasser zum Vork\u00fchlen und pumpt es dann in den G\u00e4rtank, wobei entsprechende St\u00e4mme und Starter sowie Starter f\u00fcr die Joghurtg\u00e4rung hinzugef\u00fcgt werden.<\/p>\n<p>Das CIP-System zersetzt die Produktionsausr\u00fcstung nicht, kann aber auch einfache Betriebsmethoden zur Reinigung des Systems verwenden. sicher und automatisch Es wurde in fast allen Lebensmittel-, Getr\u00e4nke- und Pharmafabriken eingef\u00fchrt. Das CIP-System kann nicht nur die Maschine reinigen, sondern auch Mikroorganismen bek\u00e4mpfen.<\/p>\n<p data-spm-anchor-id=\"a2700.details.0.i21.12303428zc66F4\">Das CIP-Reinigungssystem besteht aus drei Lagertanks mit schwach saurem Wasser, schwach alkalischem Wasser und sauberem Wasser sowie Pumpen, Rohren, Ventilen usw. Die Reinigung der Ausr\u00fcstung erfolgt durch die Zirkulation von drei Fl\u00fcssigkeiten, sodass die Ausr\u00fcstung gereinigt wird sauber und hat keine sanit\u00e4ren toten Ecken. Grunds\u00e4tzlich wird den Kunden der Einsatz der CIP-Reinigungsanlage empfohlen, allerdings sind die Kosten f\u00fcr die CIP-Reinigungsanlage h\u00f6her. Bei geringer Leistung kann der Kunde auch eine manuelle Reinigung w\u00e4hlen.<\/p>\n<p><img decoding=\"async\" class=\"alignnone wp-image-646\" src=\"http:\/\/higheasy.cn\/wp-content\/uploads\/2023\/07\/HTB1Lnd7QMHqK1RjSZFgq6y7JXXaU.jpg\" alt=\"higheasy\" width=\"1238\" height=\"1836\" srcset=\"https:\/\/higheasy.cn\/wp-content\/uploads\/2023\/07\/HTB1Lnd7QMHqK1RjSZFgq6y7JXXaU.jpg 750w, https:\/\/higheasy.cn\/wp-content\/uploads\/2023\/07\/HTB1Lnd7QMHqK1RjSZFgq6y7JXXaU-300x445.jpg 300w, https:\/\/higheasy.cn\/wp-content\/uploads\/2023\/07\/HTB1Lnd7QMHqK1RjSZFgq6y7JXXaU-202x300.jpg 202w, https:\/\/higheasy.cn\/wp-content\/uploads\/2023\/07\/HTB1Lnd7QMHqK1RjSZFgq6y7JXXaU-691x1024.jpg 691w\" sizes=\"(max-width: 1238px) 100vw, 1238px\" \/><\/p>\n<p>Das Unternehmen verf\u00fcgt \u00fcber eine Gruppe professioneller Forschungs- und Entwicklungsteams f\u00fcr Technologie und fortschrittliche Verarbeitungsger\u00e4te sowie eine Reihe von Erfindungspatenten. Das Unternehmen produziert eine Vielzahl von Verpackungsmaschinen. Die Hauptprodukte sind: vertikale Schlauchbeutelmaschinen (VFFS), Stickpack-Maschinen, Pulververpackungsmaschinen, Fl\u00fcssigkeitsverpackungsmaschinen und Mehrkopfwaagen, die in der Lebensmittel-, Chemie- und Getr\u00e4nkeindustrie weit verbreitet sind , landwirtschaftliche Produkte, Spielzeug und Verpackungen f\u00fcr Industrieprodukte und andere Branchen. Die Produkte werden in die ganze Welt exportiert und haben in vielen L\u00e4ndern und Regionen professionelle Marketingvertreter gewonnen. Die Produkte und Dienstleistungen wurden von den Kunden einhellig anerkannt und gelobt.<\/p>\n<p><img decoding=\"async\" class=\"alignnone size-full wp-image-662\" src=\"http:\/\/higheasy.cn\/wp-content\/uploads\/2023\/07\/5.jpg\" alt=\"small yogurt production line\" width=\"1200\" height=\"604\" srcset=\"https:\/\/higheasy.cn\/wp-content\/uploads\/2023\/07\/5.jpg 1200w, https:\/\/higheasy.cn\/wp-content\/uploads\/2023\/07\/5-300x151.jpg 300w, https:\/\/higheasy.cn\/wp-content\/uploads\/2023\/07\/5-1024x515.jpg 1024w, https:\/\/higheasy.cn\/wp-content\/uploads\/2023\/07\/5-768x387.jpg 768w\" sizes=\"(max-width: 1200px) 100vw, 1200px\" \/><\/p>","protected":false},"excerpt":{"rendered":"<p>\u00a0Kleine Joghurt-Produktionslinie. Grundlegender Prozess. Der Standardproduktionsprozess f\u00fcr pasteurisierte Milch: Rohmilch \u2192 Lagertank \u2192 Filtration \u2192 Vorw\u00e4rmen \u2192 Homogenisieren \u2192 Sterilisieren \u2192 Vork\u00fchlen \u2192 Fermentieren \u2192 Abf\u00fcllen \u2192 CIP-Reinigung. Vereinfachter Produktionsprozess f\u00fcr pasteurisierte Milch: Rohmilch \u2192 Lagerung \u2192 Sterilisieren \u2192 K\u00fchlen \u2192 Fermentieren \u2192 Abf\u00fcllen [\u2026]<\/p>","protected":false},"featured_media":886,"template":"","meta":{"site-sidebar-layout":"default","site-content-layout":"default","ast-site-content-layout":"default","site-content-style":"default","site-sidebar-style":"default","ast-global-header-display":"","ast-banner-title-visibility":"","ast-main-header-display":"","ast-hfb-above-header-display":"","ast-hfb-below-header-display":"","ast-hfb-mobile-header-display":"","site-post-title":"","ast-breadcrumbs-content":"","ast-featured-img":"","footer-sml-layout":"","theme-transparent-header-meta":"default","adv-header-id-meta":"","stick-header-meta":"","header-above-stick-meta":"","header-main-stick-meta":"","header-below-stick-meta":"","astra-migrate-meta-layouts":"set","ast-page-background-enabled":"default","ast-page-background-meta":{"desktop":{"background-color":"","background-image":"","background-repeat":"repeat","background-position":"center center","background-size":"auto","background-attachment":"scroll","background-type":"","background-media":"","overlay-type":"","overlay-color":"","overlay-opacity":"","overlay-gradient":""},"tablet":{"background-color":"","background-image":"","background-repeat":"repeat","background-position":"center center","background-size":"auto","background-attachment":"scroll","background-type":"","background-media":"","overlay-type":"","overlay-color":"","overlay-opacity":"","overlay-gradient":""},"mobile":{"background-color":"","background-image":"","background-repeat":"repeat","background-position":"center center","background-size":"auto","background-attachment":"scroll","background-type":"","background-media":"","overlay-type":"","overlay-color":"","overlay-opacity":"","overlay-gradient":""}},"ast-content-background-meta":{"desktop":{"background-color":"var(--ast-global-color-5)","background-image":"","background-repeat":"repeat","background-position":"center center","background-size":"auto","background-attachment":"scroll","background-type":"","background-media":"","overlay-type":"","overlay-color":"","overlay-opacity":"","overlay-gradient":""},"tablet":{"background-color":"var(--ast-global-color-5)","background-image":"","background-repeat":"repeat","background-position":"center center","background-size":"auto","background-attachment":"scroll","background-type":"","background-media":"","overlay-type":"","overlay-color":"","overlay-opacity":"","overlay-gradient":""},"mobile":{"background-color":"var(--ast-global-color-5)","background-image":"","background-repeat":"repeat","background-position":"center center","background-size":"auto","background-attachment":"scroll","background-type":"","background-media":"","overlay-type":"","overlay-color":"","overlay-opacity":"","overlay-gradient":""}}},"product_brand":[],"product_cat":[27],"product_tag":[],"class_list":{"0":"post-968","1":"product","2":"type-product","3":"status-publish","4":"has-post-thumbnail","6":"product_cat-production-line","7":"desktop-align-left","8":"tablet-align-left","9":"mobile-align-left","11":"first","12":"instock","13":"shipping-taxable","14":"product-type-simple"},"_links":{"self":[{"href":"https:\/\/higheasy.cn\/de\/wp-json\/wp\/v2\/product\/968","targetHints":{"allow":["GET"]}}],"collection":[{"href":"https:\/\/higheasy.cn\/de\/wp-json\/wp\/v2\/product"}],"about":[{"href":"https:\/\/higheasy.cn\/de\/wp-json\/wp\/v2\/types\/product"}],"wp:featuredmedia":[{"embeddable":true,"href":"https:\/\/higheasy.cn\/de\/wp-json\/wp\/v2\/media\/886"}],"wp:attachment":[{"href":"https:\/\/higheasy.cn\/de\/wp-json\/wp\/v2\/media?parent=968"}],"wp:term":[{"taxonomy":"product_brand","embeddable":true,"href":"https:\/\/higheasy.cn\/de\/wp-json\/wp\/v2\/product_brand?post=968"},{"taxonomy":"product_cat","embeddable":true,"href":"https:\/\/higheasy.cn\/de\/wp-json\/wp\/v2\/product_cat?post=968"},{"taxonomy":"product_tag","embeddable":true,"href":"https:\/\/higheasy.cn\/de\/wp-json\/wp\/v2\/product_tag?post=968"}],"curies":[{"name":"wp","href":"https:\/\/api.w.org\/{rel}","templated":true}]}}