{"id":966,"date":"2023-10-18T06:03:18","date_gmt":"2023-10-18T06:03:18","guid":{"rendered":"https:\/\/mediumturquoise-pheasant-889000.hostingersite.com\/?post_type=product&#038;p=966"},"modified":"2023-10-18T06:07:36","modified_gmt":"2023-10-18T06:07:36","slug":"3-in-1-white-coffee-powder-sachet-packing-machine-coffee-powder-production-line","status":"publish","type":"product","link":"https:\/\/higheasy.cn\/de\/produkt\/3-in-1-white-coffee-powder-sachet-packing-machine-coffee-powder-production-line\/","title":{"rendered":"3-in-1-Kaffeepulver-Produktionslinie f\u00fcr Beutel mit wei\u00dfem Kaffeepulver"},"content":{"rendered":"<h3 style=\"text-align: center;\">3-in-1-Kaffeepulver-Produktionslinie f\u00fcr Beutel mit wei\u00dfem Kaffeepulver<\/h3>\n<p><img fetchpriority=\"high\" decoding=\"async\" class=\"aligncenter\" src=\"https:\/\/sc01.alicdn.com\/kf\/Hda9938748da54d2893aa6ce378af095fo\/222958773\/Hda9938748da54d2893aa6ce378af095fo.jpg\" alt=\"3 in 1  white coffee powder sachet packing machine coffee powder  production line\" width=\"393\" height=\"800\" data-src=\"\/\/sc01.alicdn.com\/kf\/Hda9938748da54d2893aa6ce378af095fo\/222958773\/Hda9938748da54d2893aa6ce378af095fo.jpg\" data-alt=\"3 in 1  white coffee powder sachet packing machine coffee powder  production line\" \/><\/p>\n<p>&nbsp;<\/p>\n<p style=\"text-align: center;\"><img decoding=\"async\" class=\"aligncenter\" src=\"https:\/\/sc02.alicdn.com\/kf\/Hd6a131c09dcf4ee880d3023f07ad5918E\/222958773\/Hd6a131c09dcf4ee880d3023f07ad5918E.jpg\" alt=\"3 in 1  white coffee powder sachet packing machine coffee powder  production line\" width=\"750\" height=\"562.5\" data-src=\"\/\/sc02.alicdn.com\/kf\/Hd6a131c09dcf4ee880d3023f07ad5918E\/222958773\/Hd6a131c09dcf4ee880d3023f07ad5918E.jpg\" data-alt=\"3 in 1  white coffee powder sachet packing machine coffee powder  production line\" \/>\u00a0<a>Maschine zur Herstellung von Sojamilchpulver<\/a><\/p>\n<p><img decoding=\"async\" class=\"aligncenter\" src=\"https:\/\/sc02.alicdn.com\/kf\/H165d92bcc3eb4cc29d464f6990a42d34j\/222958773\/H165d92bcc3eb4cc29d464f6990a42d34j.jpg\" alt=\"3 in 1  white coffee powder sachet packing machine coffee powder  production line\" width=\"750\" height=\"413.4375\" data-src=\"\/\/sc02.alicdn.com\/kf\/H165d92bcc3eb4cc29d464f6990a42d34j\/222958773\/H165d92bcc3eb4cc29d464f6990a42d34j.jpg\" data-alt=\"3 in 1  white coffee powder sachet packing machine coffee powder  production line\" \/><\/p>\n<p style=\"text-align: center;\">\u00a0<a>Mini-Produktionslinienmaschinen<\/a><\/p>\n<p><img decoding=\"async\" class=\"aligncenter\" src=\"https:\/\/sc02.alicdn.com\/kf\/Hc8ea4c8cde3745a7b889460af9b8cfcan\/222958773\/Hc8ea4c8cde3745a7b889460af9b8cfcan.jpg\" alt=\"3 in 1  white coffee powder sachet packing machine coffee powder  production line\" width=\"750\" height=\"425.625\" data-src=\"\/\/sc02.alicdn.com\/kf\/Hc8ea4c8cde3745a7b889460af9b8cfcan\/222958773\/Hc8ea4c8cde3745a7b889460af9b8cfcan.jpg\" data-alt=\"3 in 1  white coffee powder sachet packing machine coffee powder  production line\" \/><\/p>\n<p style=\"text-align: center;\">\u00a0<a>Produktionslinie f\u00fcr Kartoffel-Pommes-Frites<\/a><\/p>\n<p style=\"text-align: center;\"><img decoding=\"async\" class=\"aligncenter\" src=\"https:\/\/sc01.alicdn.com\/kf\/Hb4b182732f484dc6bafaba8d0945bc8dw\/222958773\/Hb4b182732f484dc6bafaba8d0945bc8dw.png\" alt=\"3 in 1  white coffee powder sachet packing machine coffee powder  production line\" width=\"700\" height=\"700\" data-src=\"\/\/sc01.alicdn.com\/kf\/Hb4b182732f484dc6bafaba8d0945bc8dw\/222958773\/Hb4b182732f484dc6bafaba8d0945bc8dw.png\" data-alt=\"3 in 1  white coffee powder sachet packing machine coffee powder  production line\" \/><a>Reisproduktionslinie<\/a><\/p>\n<p style=\"text-align: center;\"><img decoding=\"async\" src=\"https:\/\/sc01.alicdn.com\/kf\/H600c2dee540d40c9b11bcb7be32844ael\/222958773\/H600c2dee540d40c9b11bcb7be32844ael.png\" alt=\"3 in 1  white coffee powder sachet packing machine coffee powder  production line\" width=\"647\" height=\"359\" data-src=\"\/\/sc01.alicdn.com\/kf\/H600c2dee540d40c9b11bcb7be32844ael\/222958773\/H600c2dee540d40c9b11bcb7be32844ael.png\" data-alt=\"3 in 1  white coffee powder sachet packing machine coffee powder  production line\" \/><\/p>\n<p style=\"text-align: center;\">\u00a0<a>Cornflakes-Produktionslinie<\/a><\/p>\n<p style=\"text-align: center;\"><img loading=\"lazy\" decoding=\"async\" src=\"https:\/\/sc01.alicdn.com\/kf\/H35b9733c8f2d4397aa8e77bf26bec416u\/222958773\/H35b9733c8f2d4397aa8e77bf26bec416u.png\" alt=\"3 in 1  white coffee powder sachet packing machine coffee powder  production line\" width=\"641\" height=\"361\" data-src=\"\/\/sc01.alicdn.com\/kf\/H35b9733c8f2d4397aa8e77bf26bec416u\/222958773\/H35b9733c8f2d4397aa8e77bf26bec416u.png\" data-alt=\"3 in 1  white coffee powder sachet packing machine coffee powder  production line\" \/><\/p>\n<p style=\"text-align: center;\">\u00a0<a>passt zur Produktionslinie<\/a><\/p>\n<p style=\"text-align: center;\"><img loading=\"lazy\" decoding=\"async\" src=\"https:\/\/sc01.alicdn.com\/kf\/H00a1ed6c01dd4590b4f6f50da09273e8Q\/222958773\/H00a1ed6c01dd4590b4f6f50da09273e8Q.png\" alt=\"3 in 1  white coffee powder sachet packing machine coffee powder  production line\" width=\"723\" height=\"503\" data-src=\"\/\/sc01.alicdn.com\/kf\/H00a1ed6c01dd4590b4f6f50da09273e8Q\/222958773\/H00a1ed6c01dd4590b4f6f50da09273e8Q.png\" data-alt=\"3 in 1  white coffee powder sachet packing machine coffee powder  production line\" \/><\/p>\n<p style=\"text-align: center;\">\u00a0Kaffeepulver-Verpackungsmaschine<\/p>\n<p style=\"text-align: center;\"><img loading=\"lazy\" decoding=\"async\" src=\"https:\/\/sc01.alicdn.com\/kf\/H757eb78473a04ddcbfd7d9c7c03a92ceB\/222958773\/H757eb78473a04ddcbfd7d9c7c03a92ceB.png\" alt=\"3 in 1  white coffee powder sachet packing machine coffee powder  production line\" width=\"729\" height=\"505\" data-src=\"\/\/sc01.alicdn.com\/kf\/H757eb78473a04ddcbfd7d9c7c03a92ceB\/222958773\/H757eb78473a04ddcbfd7d9c7c03a92ceB.png\" data-alt=\"3 in 1  white coffee powder sachet packing machine coffee powder  production line\" \/><\/p>\n<p style=\"text-align: center;\">\u00a0<a>Pommes-Frites-Produktionslinie;<\/a><a>So\u00dfen-Produktionslinie;<\/a><a>Kurzschnitt-Nudelproduktionslinie;<\/a><a>Produktionslinie f\u00fcr Toffee-Bonbons<\/a><\/p>\n<p><img loading=\"lazy\" decoding=\"async\" class=\"\" src=\"https:\/\/sc01.alicdn.com\/kf\/HTB1uMedP4TpK1RjSZFKq6y2wXXaY\/222958773\/HTB1uMedP4TpK1RjSZFKq6y2wXXaY.jpg\" alt=\"3 in 1  white coffee powder sachet packing machine coffee powder  production line\" width=\"1036\" height=\"87\" data-src=\"https:\/\/sc01.alicdn.com\/kf\/HTB1uMedP4TpK1RjSZFKq6y2wXXaY\/222958773\/HTB1uMedP4TpK1RjSZFKq6y2wXXaY.jpg\" data-alt=\"3 in 1  white coffee powder sachet packing machine coffee powder  production line\" \/><\/p>\n<p><strong>3-in-1-Produktionslinie f\u00fcr wei\u00dfe Kaffeeverpackungsmaschine: Betrieb:<\/strong><\/p>\n<p>Automatisches Mischen und R\u00fchren \u2192 Automatisches Heben zum Pufferspeicherfass \u2192 Trennung zu jeder vertikalen Maschine durch Schneckenverteiler \u2192 Vertikale Verpackungsmaschine (kontinuierlicher Verpackungsschnitt)<\/p>\n<p><strong>Merkmale:<\/strong><\/p>\n<p>1. Der Maschinenrahmen ist mit Edelstahl 304# abgedeckt, und die Materialien f\u00fcr den direkten Kontakt sind Rohrverbindungen aus Edelstahl 316 oder Lebensmittelqualit\u00e4t.2. Nutzen Sie die automatische Schneidfolienpositionierung und Versiegelungstechnologie zur automatischen Positionierungskorrektur, um die korrekte Schnittkante sicherzustellen. Die Versiegelung \u00fcbernimmt die photoelektrische Eye-Tracking-Korrektur und die Versiegelungsfolie \u00fcbernimmt das photoelektrische Eye-Tracking-Korrekturmuster. 3. Verwenden Sie die Temperaturkontrolle, um die Versiegelungsqualit\u00e4t sicherzustellen.<\/p>\n<p><img loading=\"lazy\" decoding=\"async\" class=\"alignnone wp-image-646\" src=\"http:\/\/higheasy.cn\/wp-content\/uploads\/2023\/07\/HTB1Lnd7QMHqK1RjSZFgq6y7JXXaU.jpg\" alt=\"higheasy\" width=\"1238\" height=\"1836\" srcset=\"https:\/\/higheasy.cn\/wp-content\/uploads\/2023\/07\/HTB1Lnd7QMHqK1RjSZFgq6y7JXXaU.jpg 750w, https:\/\/higheasy.cn\/wp-content\/uploads\/2023\/07\/HTB1Lnd7QMHqK1RjSZFgq6y7JXXaU-300x445.jpg 300w, https:\/\/higheasy.cn\/wp-content\/uploads\/2023\/07\/HTB1Lnd7QMHqK1RjSZFgq6y7JXXaU-202x300.jpg 202w, https:\/\/higheasy.cn\/wp-content\/uploads\/2023\/07\/HTB1Lnd7QMHqK1RjSZFgq6y7JXXaU-691x1024.jpg 691w\" sizes=\"(max-width: 1238px) 100vw, 1238px\" \/><\/p>\n<p>Das Unternehmen verf\u00fcgt \u00fcber eine Gruppe professioneller Forschungs- und Entwicklungsteams f\u00fcr Technologie und fortschrittliche Verarbeitungsger\u00e4te sowie eine Reihe von Erfindungspatenten. Das Unternehmen produziert eine Vielzahl von Verpackungsmaschinen. Die Hauptprodukte sind: vertikale Schlauchbeutelmaschinen (VFFS), Stickpack-Maschinen, Pulververpackungsmaschinen, Fl\u00fcssigkeitsverpackungsmaschinen und Mehrkopfwaagen, die in der Lebensmittel-, Chemie- und Getr\u00e4nkeindustrie weit verbreitet sind , landwirtschaftliche Produkte, Spielzeug und Verpackungen f\u00fcr Industrieprodukte und andere Branchen. Die Produkte werden in die ganze Welt exportiert und haben in vielen L\u00e4ndern und Regionen professionelle Marketingvertreter gewonnen. Die Produkte und Dienstleistungen wurden von den Kunden einhellig anerkannt und gelobt.<\/p>\n<p><img loading=\"lazy\" decoding=\"async\" class=\"alignnone size-full wp-image-662\" src=\"http:\/\/higheasy.cn\/wp-content\/uploads\/2023\/07\/5.jpg\" alt=\"small yogurt production line\" width=\"1200\" height=\"604\" srcset=\"https:\/\/higheasy.cn\/wp-content\/uploads\/2023\/07\/5.jpg 1200w, https:\/\/higheasy.cn\/wp-content\/uploads\/2023\/07\/5-300x151.jpg 300w, https:\/\/higheasy.cn\/wp-content\/uploads\/2023\/07\/5-1024x515.jpg 1024w, https:\/\/higheasy.cn\/wp-content\/uploads\/2023\/07\/5-768x387.jpg 768w\" sizes=\"(max-width: 1200px) 100vw, 1200px\" \/><\/p>","protected":false},"excerpt":{"rendered":"<p>3 in 1 white coffee powder sachet packing machine coffee powder production line &nbsp; \u00a0soy milk powder production line machine \u00a0mini production line machines \u00a0potato french fries production line rice production line \u00a0cornflakes production line \u00a0matches production line \u00a0coffee powder packing machine \u00a0fries production line;sauce production line;short cut pasta production line;toffee candy production line 3\u00a0in\u00a01 [&hellip;]<\/p>","protected":false},"featured_media":967,"template":"","meta":{"site-sidebar-layout":"default","site-content-layout":"default","ast-site-content-layout":"default","site-content-style":"default","site-sidebar-style":"default","ast-global-header-display":"","ast-banner-title-visibility":"","ast-main-header-display":"","ast-hfb-above-header-display":"","ast-hfb-below-header-display":"","ast-hfb-mobile-header-display":"","site-post-title":"","ast-breadcrumbs-content":"","ast-featured-img":"","footer-sml-layout":"","theme-transparent-header-meta":"default","adv-header-id-meta":"","stick-header-meta":"","header-above-stick-meta":"","header-main-stick-meta":"","header-below-stick-meta":"","astra-migrate-meta-layouts":"set","ast-page-background-enabled":"default","ast-page-background-meta":{"desktop":{"background-color":"","background-image":"","background-repeat":"repeat","background-position":"center center","background-size":"auto","background-attachment":"scroll","background-type":"","background-media":"","overlay-type":"","overlay-color":"","overlay-opacity":"","overlay-gradient":""},"tablet":{"background-color":"","background-image":"","background-repeat":"repeat","background-position":"center center","background-size":"auto","background-attachment":"scroll","background-type":"","background-media":"","overlay-type":"","overlay-color":"","overlay-opacity":"","overlay-gradient":""},"mobile":{"background-color":"","background-image":"","background-repeat":"repeat","background-position":"center center","background-size":"auto","background-attachment":"scroll","background-type":"","background-media":"","overlay-type":"","overlay-color":"","overlay-opacity":"","overlay-gradient":""}},"ast-content-background-meta":{"desktop":{"background-color":"var(--ast-global-color-5)","background-image":"","background-repeat":"repeat","background-position":"center center","background-size":"auto","background-attachment":"scroll","background-type":"","background-media":"","overlay-type":"","overlay-color":"","overlay-opacity":"","overlay-gradient":""},"tablet":{"background-color":"var(--ast-global-color-5)","background-image":"","background-repeat":"repeat","background-position":"center center","background-size":"auto","background-attachment":"scroll","background-type":"","background-media":"","overlay-type":"","overlay-color":"","overlay-opacity":"","overlay-gradient":""},"mobile":{"background-color":"var(--ast-global-color-5)","background-image":"","background-repeat":"repeat","background-position":"center center","background-size":"auto","background-attachment":"scroll","background-type":"","background-media":"","overlay-type":"","overlay-color":"","overlay-opacity":"","overlay-gradient":""}}},"product_brand":[],"product_cat":[36,27],"product_tag":[],"class_list":{"0":"post-966","1":"product","2":"type-product","3":"status-publish","4":"has-post-thumbnail","6":"product_cat-horizontal-packing-machine","7":"product_cat-production-line","8":"desktop-align-left","9":"tablet-align-left","10":"mobile-align-left","12":"first","13":"instock","14":"shipping-taxable","15":"product-type-simple"},"_links":{"self":[{"href":"https:\/\/higheasy.cn\/de\/wp-json\/wp\/v2\/product\/966","targetHints":{"allow":["GET"]}}],"collection":[{"href":"https:\/\/higheasy.cn\/de\/wp-json\/wp\/v2\/product"}],"about":[{"href":"https:\/\/higheasy.cn\/de\/wp-json\/wp\/v2\/types\/product"}],"wp:featuredmedia":[{"embeddable":true,"href":"https:\/\/higheasy.cn\/de\/wp-json\/wp\/v2\/media\/967"}],"wp:attachment":[{"href":"https:\/\/higheasy.cn\/de\/wp-json\/wp\/v2\/media?parent=966"}],"wp:term":[{"taxonomy":"product_brand","embeddable":true,"href":"https:\/\/higheasy.cn\/de\/wp-json\/wp\/v2\/product_brand?post=966"},{"taxonomy":"product_cat","embeddable":true,"href":"https:\/\/higheasy.cn\/de\/wp-json\/wp\/v2\/product_cat?post=966"},{"taxonomy":"product_tag","embeddable":true,"href":"https:\/\/higheasy.cn\/de\/wp-json\/wp\/v2\/product_tag?post=966"}],"curies":[{"name":"wp","href":"https:\/\/api.w.org\/{rel}","templated":true}]}}