{"id":803,"date":"2023-08-02T10:24:29","date_gmt":"2023-08-02T10:24:29","guid":{"rendered":"https:\/\/mediumturquoise-pheasant-889000.hostingersite.com\/?post_type=product&#038;p=803"},"modified":"2023-10-12T13:36:37","modified_gmt":"2023-10-12T13:36:37","slug":"factory-price-automatic-bottle-filling-machine-filling-line-for-detergent-honey-yogurt-juice-sauce","status":"publish","type":"product","link":"https:\/\/higheasy.cn\/de\/produkt\/factory-price-automatic-bottle-filling-machine-filling-line-for-detergent-honey-yogurt-juice-sauce\/","title":{"rendered":"Automatische Flaschenf\u00fcllverpackungsmaschine"},"content":{"rendered":"<p><img fetchpriority=\"high\" decoding=\"async\" class=\"\" style=\"font-style: inherit; font-weight: inherit;\" src=\"https:\/\/sc04.alicdn.com\/kf\/Hf51fb5a8e8714204b585043b0541f1caa\/222958773\/Hf51fb5a8e8714204b585043b0541f1caa.jpg\" alt=\"Factory  price automatic bottle filling machine filling  line for detergent honey yogurt juice sauce\" width=\"1603\" height=\"1203\" data-src=\"\/\/sc04.alicdn.com\/kf\/Hf51fb5a8e8714204b585043b0541f1caa\/222958773\/Hf51fb5a8e8714204b585043b0541f1caa.jpg\" data-alt=\"Factory  price automatic bottle filling machine filling  line for detergent honey yogurt juice sauce\" \/><img decoding=\"async\" class=\"\" style=\"font-style: inherit; font-weight: inherit;\" src=\"https:\/\/sc04.alicdn.com\/kf\/H6f877e5fea0b4c97bfbd145aadb29c46a\/222958773\/H6f877e5fea0b4c97bfbd145aadb29c46a.jpg\" alt=\"Factory  price automatic bottle filling machine filling  line for detergent honey yogurt juice sauce\" width=\"1330\" height=\"1773\" data-src=\"\/\/sc04.alicdn.com\/kf\/H6f877e5fea0b4c97bfbd145aadb29c46a\/222958773\/H6f877e5fea0b4c97bfbd145aadb29c46a.jpg\" data-alt=\"Factory  price automatic bottle filling machine filling  line for detergent honey yogurt juice sauce\" data-spm-anchor-id=\"a2700.details.0.i32.1e03ae6dqqCUFX\" \/><img decoding=\"async\" class=\"\" style=\"font-style: inherit; font-weight: inherit;\" src=\"https:\/\/sc04.alicdn.com\/kf\/H97e717064d4c43ed90f5978f7e853f30l\/222958773\/H97e717064d4c43ed90f5978f7e853f30l.jpg\" alt=\"Factory  price automatic bottle filling machine filling  line for detergent honey yogurt juice sauce\" width=\"1278\" height=\"959\" data-src=\"\/\/sc04.alicdn.com\/kf\/H97e717064d4c43ed90f5978f7e853f30l\/222958773\/H97e717064d4c43ed90f5978f7e853f30l.jpg\" data-alt=\"Factory  price automatic bottle filling machine filling  line for detergent honey yogurt juice sauce\" \/><img loading=\"lazy\" decoding=\"async\" class=\"\" style=\"font-style: inherit; font-weight: inherit;\" src=\"https:\/\/sc04.alicdn.com\/kf\/Hb00b6abcf9994cb1a52f226a921a9416S\/222958773\/Hb00b6abcf9994cb1a52f226a921a9416S.jpg\" alt=\"Factory  price automatic bottle filling machine filling  line for detergent honey yogurt juice sauce\" width=\"1270\" height=\"953\" data-src=\"\/\/sc04.alicdn.com\/kf\/Hb00b6abcf9994cb1a52f226a921a9416S\/222958773\/Hb00b6abcf9994cb1a52f226a921a9416S.jpg\" data-alt=\"Factory  price automatic bottle filling machine filling  line for detergent honey yogurt juice sauce\" \/><\/p>\n<p><img loading=\"lazy\" decoding=\"async\" class=\"alignnone  wp-image-804\" src=\"http:\/\/higheasy.cn\/wp-content\/uploads\/2023\/08\/H6f9dcde32ce84df4bb76de712a19faf6H.jpg\" alt=\"Factory price automatic bottle filling machine filling line\" width=\"1351\" height=\"1195\" srcset=\"https:\/\/higheasy.cn\/wp-content\/uploads\/2023\/08\/H6f9dcde32ce84df4bb76de712a19faf6H.jpg 808w, https:\/\/higheasy.cn\/wp-content\/uploads\/2023\/08\/H6f9dcde32ce84df4bb76de712a19faf6H-300x265.jpg 300w, https:\/\/higheasy.cn\/wp-content\/uploads\/2023\/08\/H6f9dcde32ce84df4bb76de712a19faf6H-768x680.jpg 768w\" sizes=\"(max-width: 1351px) 100vw, 1351px\" \/><\/p>\n<p><strong><span data-spm-anchor-id=\"a2700.details.0.i36.1e03ae6dqqCUFX\">Anwendung:<\/span><\/strong><\/p>\n<p><span data-spm-anchor-id=\"a2700.details.0.i34.1e03ae6dqqCUFX\">Es wird zum automatischen Abf\u00fcllen von Fl\u00fcssigkeiten\/Pasten wie Saft\/Honig\/So\u00dfe\/\u00d6l\/Shampoo\/Reinigungsmittel usw. in verschiedene Formen von Glas- oder Plastikflaschen verwendet.\u00a0<\/span><\/p>\n<p><strong>Besonderheit:\u00a0<\/strong><\/p>\n<p>Die gesamte Linie verf\u00fcgt \u00fcber einen hohen Automatisierungsgrad, sodass nur 2\u20133 Personen eine Tagesproduktion von 1,5\u20132 Millionen Flaschen bew\u00e4ltigen k\u00f6nnen.<\/p>\n<p><strong>Der Prozessablauf, den die gesamte Produktionslinie umfasst:\u00a0<\/strong><\/p>\n<p>Automatische Flaschensortierung \u2192 automatische Bef\u00fcllung \u2192 automatisches Verschlie\u00dfen\/Verschlie\u00dfen \u2192 automatische Etikettierung \u2192 automatische Schrumpffolie \u2192 automatische Datumscodierung \u2192 automatische Flaschensammlung<\/p>\n<p><strong>Flexibles F\u00fcllger\u00e4t<\/strong><\/p>\n<p>W\u00e4hlen Sie je nach Material unterschiedliche Arten der Zufuhrvorrichtung aus, z. B. Kolbenpumpe, volumetrischer Becher, Mehrkopfwaage, Kippeimer, Tablettenz\u00e4hlger\u00e4t, Schnecke usw.<\/p>\n<table border=\"0\" cellspacing=\"0\">\n<tbody>\n<tr>\n<td valign=\"center\" width=\"131\" data-spm-anchor-id=\"a2700.details.0.i37.1e03ae6dqqCUFX\">\n<p align=\"center\">Flaschentyp<\/p>\n<\/td>\n<td valign=\"center\" width=\"499\">\n<p align=\"justify\">\u00a0 Glasflasche, Plastikflasche, Papierflasche usw.<\/p>\n<\/td>\n<\/tr>\n<tr>\n<td valign=\"center\" width=\"131\">\u00a0F\u00fcllbereich<\/td>\n<td valign=\"center\" width=\"499\">\n<p align=\"center\">10\u201350 ml, 100\u2013500 ml, 500 ml\u20132 l, 1 l\u201310 l (angepasst)<\/p>\n<\/td>\n<\/tr>\n<tr>\n<td valign=\"center\" width=\"131\">\n<p align=\"center\">F\u00fcllgenauigkeit<\/p>\n<\/td>\n<td valign=\"center\" width=\"499\">\n<p align=\"center\"><strong>\u00b1<\/strong>0,5%-1,5% (abh\u00e4ngig von Material und Volumen)<\/p>\n<\/td>\n<\/tr>\n<tr>\n<td valign=\"center\" width=\"131\">\n<p align=\"center\">Produktionskapazit\u00e4t<\/p>\n<\/td>\n<td valign=\"center\" width=\"499\">\n<p align=\"center\">600\u201310.000 Flaschen\/Stunde (kundenspezifisch)<\/p>\n<\/td>\n<\/tr>\n<\/tbody>\n<\/table>\n<div id=\"ali-anchor-AliPostDhMb-b9pdk\" class=\"mceSectionContainer\" data-section=\"AliPostDhMb-b9pdk\" data-section-title=\"Production speed\"><\/div>\n<p><img loading=\"lazy\" decoding=\"async\" class=\"alignnone wp-image-646\" src=\"http:\/\/higheasy.cn\/wp-content\/uploads\/2023\/07\/HTB1Lnd7QMHqK1RjSZFgq6y7JXXaU.jpg\" alt=\"higheasy\" width=\"1238\" height=\"1836\" srcset=\"https:\/\/higheasy.cn\/wp-content\/uploads\/2023\/07\/HTB1Lnd7QMHqK1RjSZFgq6y7JXXaU.jpg 750w, https:\/\/higheasy.cn\/wp-content\/uploads\/2023\/07\/HTB1Lnd7QMHqK1RjSZFgq6y7JXXaU-300x445.jpg 300w, https:\/\/higheasy.cn\/wp-content\/uploads\/2023\/07\/HTB1Lnd7QMHqK1RjSZFgq6y7JXXaU-202x300.jpg 202w, https:\/\/higheasy.cn\/wp-content\/uploads\/2023\/07\/HTB1Lnd7QMHqK1RjSZFgq6y7JXXaU-691x1024.jpg 691w\" sizes=\"(max-width: 1238px) 100vw, 1238px\" \/><\/p>\n<p>Das Unternehmen verf\u00fcgt \u00fcber eine Gruppe professioneller Forschungs- und Entwicklungsteams f\u00fcr Technologie und fortschrittliche Verarbeitungsger\u00e4te sowie eine Reihe von Erfindungspatenten. Das Unternehmen produziert eine Vielzahl von Verpackungsmaschinen. Die Hauptprodukte sind: vertikale Schlauchbeutelmaschinen (VFFS), Stickpack-Maschinen, Pulververpackungsmaschinen, Fl\u00fcssigkeitsverpackungsmaschinen und Mehrkopfwaagen, die in der Lebensmittel-, Chemie- und Getr\u00e4nkeindustrie weit verbreitet sind , landwirtschaftliche Produkte, Spielzeug und Verpackungen f\u00fcr Industrieprodukte und andere Branchen. Die Produkte werden in die ganze Welt exportiert und haben in vielen L\u00e4ndern und Regionen professionelle Marketingvertreter gewonnen. Die Produkte und Dienstleistungen wurden von den Kunden einhellig anerkannt und gelobt.<\/p>\n<p><img loading=\"lazy\" decoding=\"async\" class=\"alignnone size-full wp-image-662\" src=\"http:\/\/higheasy.cn\/wp-content\/uploads\/2023\/07\/5.jpg\" alt=\"small yogurt production line\" width=\"1200\" height=\"604\" srcset=\"https:\/\/higheasy.cn\/wp-content\/uploads\/2023\/07\/5.jpg 1200w, https:\/\/higheasy.cn\/wp-content\/uploads\/2023\/07\/5-300x151.jpg 300w, https:\/\/higheasy.cn\/wp-content\/uploads\/2023\/07\/5-1024x515.jpg 1024w, https:\/\/higheasy.cn\/wp-content\/uploads\/2023\/07\/5-768x387.jpg 768w\" sizes=\"(max-width: 1200px) 100vw, 1200px\" \/><\/p>","protected":false},"excerpt":{"rendered":"<p>Anwendung: Die Anlage dient zum automatisierten Abf\u00fcllen von Fl\u00fcssigkeiten\/Pasten wie Saft, Honig, So\u00dfen, \u00d6l, Shampoo, Waschmittel etc. in Glas- oder Kunststoffflaschen verschiedener Formen. Merkmale: Die gesamte Linie ist hochautomatisiert; nur 2\u20133 Personen k\u00f6nnen t\u00e4glich 1,5\u20132 Millionen Flaschen produzieren. Der Prozessablauf der gesamten Produktionslinie umfasst: Automatische Flaschenabf\u00fcllung [\u2026]<\/p>","protected":false},"featured_media":805,"template":"","meta":{"site-sidebar-layout":"default","site-content-layout":"default","ast-site-content-layout":"","site-content-style":"default","site-sidebar-style":"default","ast-global-header-display":"","ast-banner-title-visibility":"","ast-main-header-display":"","ast-hfb-above-header-display":"","ast-hfb-below-header-display":"","ast-hfb-mobile-header-display":"","site-post-title":"","ast-breadcrumbs-content":"","ast-featured-img":"","footer-sml-layout":"","theme-transparent-header-meta":"default","adv-header-id-meta":"","stick-header-meta":"","header-above-stick-meta":"","header-main-stick-meta":"","header-below-stick-meta":"","astra-migrate-meta-layouts":"default","ast-page-background-enabled":"default","ast-page-background-meta":{"desktop":{"background-color":"","background-image":"","background-repeat":"repeat","background-position":"center center","background-size":"auto","background-attachment":"scroll","background-type":"","background-media":"","overlay-type":"","overlay-color":"","overlay-opacity":"","overlay-gradient":""},"tablet":{"background-color":"","background-image":"","background-repeat":"repeat","background-position":"center center","background-size":"auto","background-attachment":"scroll","background-type":"","background-media":"","overlay-type":"","overlay-color":"","overlay-opacity":"","overlay-gradient":""},"mobile":{"background-color":"","background-image":"","background-repeat":"repeat","background-position":"center center","background-size":"auto","background-attachment":"scroll","background-type":"","background-media":"","overlay-type":"","overlay-color":"","overlay-opacity":"","overlay-gradient":""}},"ast-content-background-meta":{"desktop":{"background-color":"var(--ast-global-color-5)","background-image":"","background-repeat":"repeat","background-position":"center center","background-size":"auto","background-attachment":"scroll","background-type":"","background-media":"","overlay-type":"","overlay-color":"","overlay-opacity":"","overlay-gradient":""},"tablet":{"background-color":"var(--ast-global-color-5)","background-image":"","background-repeat":"repeat","background-position":"center center","background-size":"auto","background-attachment":"scroll","background-type":"","background-media":"","overlay-type":"","overlay-color":"","overlay-opacity":"","overlay-gradient":""},"mobile":{"background-color":"var(--ast-global-color-5)","background-image":"","background-repeat":"repeat","background-position":"center center","background-size":"auto","background-attachment":"scroll","background-type":"","background-media":"","overlay-type":"","overlay-color":"","overlay-opacity":"","overlay-gradient":""}}},"product_brand":[],"product_cat":[22,38],"product_tag":[],"class_list":{"0":"post-803","1":"product","2":"type-product","3":"status-publish","4":"has-post-thumbnail","6":"product_cat-hot-products","7":"product_cat-bottle-filling-sealing-machine","8":"desktop-align-left","9":"tablet-align-left","10":"mobile-align-left","12":"first","13":"instock","14":"shipping-taxable","15":"product-type-simple"},"_links":{"self":[{"href":"https:\/\/higheasy.cn\/de\/wp-json\/wp\/v2\/product\/803","targetHints":{"allow":["GET"]}}],"collection":[{"href":"https:\/\/higheasy.cn\/de\/wp-json\/wp\/v2\/product"}],"about":[{"href":"https:\/\/higheasy.cn\/de\/wp-json\/wp\/v2\/types\/product"}],"wp:featuredmedia":[{"embeddable":true,"href":"https:\/\/higheasy.cn\/de\/wp-json\/wp\/v2\/media\/805"}],"wp:attachment":[{"href":"https:\/\/higheasy.cn\/de\/wp-json\/wp\/v2\/media?parent=803"}],"wp:term":[{"taxonomy":"product_brand","embeddable":true,"href":"https:\/\/higheasy.cn\/de\/wp-json\/wp\/v2\/product_brand?post=803"},{"taxonomy":"product_cat","embeddable":true,"href":"https:\/\/higheasy.cn\/de\/wp-json\/wp\/v2\/product_cat?post=803"},{"taxonomy":"product_tag","embeddable":true,"href":"https:\/\/higheasy.cn\/de\/wp-json\/wp\/v2\/product_tag?post=803"}],"curies":[{"name":"wp","href":"https:\/\/api.w.org\/{rel}","templated":true}]}}